{"id":583046,"date":"2026-02-18T09:35:16","date_gmt":"2026-02-18T08:35:16","guid":{"rendered":"https:\/\/oxygene.ski\/?page_id=583046"},"modified":"2026-02-18T09:50:57","modified_gmt":"2026-02-18T08:50:57","slug":"vtt-electrique","status":"publish","type":"page","link":"https:\/\/oxygene.ski\/fr\/vtt-electrique\/","title":{"rendered":"VTT \u00e9lectrique"},"content":{"rendered":"<p>[vc_row content_placement=&#8221;middle&#8221; css=&#8221;.vc_custom_1757186078542{background-position: center !important;background-repeat: no-repeat !important;background-size: cover !important;}&#8221;][vc_column el_class=&#8221;image-column-remove-padding image-headband&#8221;][vc_single_image image=&#8221;582975&#8243; img_size=&#8221;full&#8221; el_class=&#8221;image-headband-frontpage-main&#8221;][\/vc_column][\/vc_row][vc_row][vc_column][vc_empty_space height=&#8221;50px&#8221;][\/vc_column][\/vc_row][vc_row css=&#8221;.vc_custom_1723108676047{margin-right: 5% !important;margin-left: 5% !important;}&#8221;][vc_column width=&#8221;1\/2&#8243;][vc_empty_space height=&#8221;50px&#8221;][vc_column_text]<\/p>\n<h1 style=\"text-align: left;\">DU VTT \u00c9LECTRIQUE DANS LES ALPES<\/h1>\n<p>[\/vc_column_text][vc_column_text css=&#8221;.vc_custom_1771234500574{margin-right: 20px !important;}&#8221;]Votre aventure en VTT \u00e9lectrique commence aujourd\u2019hui avec Oxyg\u00e8ne, votre \u00e9cole de ski &amp; snowboard pr\u00e9f\u00e9r\u00e9e. Du cours collectifs, aux sorties accompagn\u00e9es et location, il y en a pour tous les go\u00fbts.<\/p>\n<p>Avec un VTT \u00e0 assistance \u00e9lectrique, chaque coup de p\u00e9dale vous rapproche des spots \u00e0 couper le souffle. Gr\u00e2ce \u00e0 l\u2019assistance \u00e9lectrique, vous gardez l\u2019\u00e9nergie pour profiter pleinement de chaque panorama, chaque sentier, chaque d\u00e9couverte.<\/p>\n<p>Gr\u00e2ce \u00e0 un moteur int\u00e9gr\u00e9 dans le cadre, le VTT \u00e0 assistance \u00e9lectrique facilite l\u2019acc\u00e8s \u00e0 l\u2019activit\u00e9 en permettant d\u2019adapter votre pratique \u00e0 votre niveau. Ainsi, toute votre tribu peut profiter de ce fabuleux terrain de jeux.[\/vc_column_text][\/vc_column][vc_column width=&#8221;1\/2&#8243;][vc_single_image image=&#8221;582998&#8243; img_size=&#8221;1000&#215;670&#8243;][\/vc_column][\/vc_row][vc_row css=&#8221;.vc_custom_1751968288411{margin-right: 5% !important;margin-left: 5% !important;}&#8221;][vc_column][vc_empty_space height=&#8221;75px&#8221;][vc_column_text]<\/p>\n<h2 style=\"text-align: left;\"><span style=\"color: #000000;\">STATIONS<\/span><\/h2>\n<p>[\/vc_column_text][\/vc_column][\/vc_row][vc_row css=&#8221;.vc_custom_1771247506954{margin-right: 5% !important;margin-left: 5% !important;}&#8221;][vc_column width=&#8221;1\/2&#8243;][vc_empty_space height=&#8221;50px&#8221;][vc_column_text]<\/p>\n<h3>TIGNES<\/h3>\n<p>[\/vc_column_text][vc_column_text]Tignes offre un domaine VTT incontournable pour les passionn\u00e9s. R\u00e9servez une sortie en VTT \u00e9lectrique avec Oxyg\u00e8ne, adapt\u00e9e \u00e0 votre niveau et \u00e0 vos objectifs, pour aller d\u00e9couvrir ce que le domaine a \u00e0 vous offrir.<\/p>\n<p>La renomm\u00e9e de Tignes n\u2019est plus \u00e0 faire pour les sports d\u2019hiver, et quand la neige fond, Tignes devient une destination de choix pour les v\u00e9t\u00e9tistes. \u00c9loignez-vous des remont\u00e9es m\u00e9caniques et de la foule pour aller d\u00e9couvrir le paradis des sentiers \u00e9troits en VTT \u00e9lectrique.[\/vc_column_text][vc_btn title=&#8221;PLAN PARCOURS VTT&#8221; style=&#8221;outline&#8221; shape=&#8221;square&#8221; color=&#8221;black&#8221; size=&#8221;lg&#8221; align=&#8221;center&#8221; i_icon_fontawesome=&#8221;fas fa-map-marked-alt&#8221; css_animation=&#8221;none&#8221; add_icon=&#8221;true&#8221; link=&#8221;url:https%3A%2F%2Fwww.tignes.net%2Fuploads%2Fmedia%2Fdefault%2F0001%2F72%2F9c30b32a0032f72644ad8b4760c292cdeb67ae5e.pdf|target:_blank|&#8221;][\/vc_column][vc_column width=&#8221;1\/2&#8243; el_class=&#8221;image-column-remove-padding image-headband&#8221;][vc_single_image image=&#8221;583023&#8243; img_size=&#8221;full&#8221;][\/vc_column][\/vc_row][vc_row][vc_column][vc_empty_space height=&#8221;50px&#8221;][\/vc_column][\/vc_row][vc_row css=&#8221;.vc_custom_1723108748514{margin-right: 5% !important;margin-left: 5% !important;}&#8221;][vc_column width=&#8221;1\/3&#8243;][vc_single_image image=&#8221;583007&#8243; img_size=&#8221;400&#215;250&#8243; style=&#8221;vc_box_rounded&#8221; css=&#8221;.vc_custom_1771239518555{background-position: center !important;background-repeat: no-repeat !important;background-size: cover !important;}&#8221;][vc_column_text css=&#8221;.vc_custom_1770814672261{padding-right: 20% !important;}&#8221;]<\/p>\n<h6><strong>Cours collectifs<\/strong><\/h6>\n<p>Rejoignez un cours collectif pour perfectionner le maniement d\u2019un VTT \u00e9lectrique et vos comp\u00e9tences. Des sommets au fond de la vall\u00e9e en passant par les for\u00eats et autres points de vue immanquables, votre moniteur vous prodiguera tous les conseils n\u00e9cessaires pour que vous passiez un bon moment tout en gagnant en confiance.[\/vc_column_text][vc_btn title=&#8221;R\u00e9servez maintenant&#8221; style=&#8221;outline&#8221; color=&#8221;sky&#8221; link=&#8221;url:https%3A%2F%2Fbooking.yoplanning.pro%2Fb93c7eb2-0b14-4ecf-9f73-8a7ab0bf2bc9%2F%3Ftag%3Da9b39e28-6168-4bf1-a75a-1a427c909df6|target:_blank|&#8221;][\/vc_column][vc_column width=&#8221;1\/3&#8243;][vc_single_image image=&#8221;583009&#8243; img_size=&#8221;400&#215;250&#8243; style=&#8221;vc_box_rounded&#8221; css=&#8221;.vc_custom_1771240204946{background-position: center !important;background-repeat: no-repeat !important;background-size: cover !important;}&#8221;][vc_column_text css=&#8221;.vc_custom_1770814689586{padding-right: 20% !important;}&#8221;]<\/p>\n<h6>Cours priv\u00e9s<\/h6>\n<p>Les cours priv\u00e9s de VTT \u00e9lectrique sont un excellent moyen d\u2019am\u00e9liorer vos comp\u00e9tences et votre confiance en vous sur les pistes. Que vous soyez d\u00e9butant ou exp\u00e9riment\u00e9, un cours priv\u00e9 avec un moniteur dipl\u00f4m\u00e9 peut vous aider \u00e0 passer \u00e0 la vitesse sup\u00e9rieure.[\/vc_column_text][vc_btn title=&#8221;R\u00e9servez maintenant&#8221; style=&#8221;outline&#8221; color=&#8221;sky&#8221; link=&#8221;url:https%3A%2F%2Fbooking.yoplanning.pro%2Fb93c7eb2-0b14-4ecf-9f73-8a7ab0bf2bc9%2F%3Ftag%3D5c2f04e6-6068-4799-92c4-263700fe0ad8|target:_blank|&#8221;][\/vc_column][vc_column width=&#8221;1\/3&#8243;][vc_single_image image=&#8221;583012&#8243; img_size=&#8221;400&#215;250&#8243; style=&#8221;vc_box_rounded&#8221; css=&#8221;.vc_custom_1771244550188{background-position: center !important;background-repeat: no-repeat !important;background-size: cover !important;}&#8221;][vc_column_text css=&#8221;.vc_custom_1770814720138{padding-right: 20% !important;}&#8221;]<\/p>\n<h6>Location<\/h6>\n<p>Laissez-nous vous \u00e9quiper de la t\u00eate aux pieds : VTT et pack de protection (casque, gants, coudi\u00e8res et genouill\u00e8res) pour profiter au maximum de votre s\u00e9jour. R\u00e9servez avec Oxyg\u00e8ne, votre magasin tout-en-un, pour les cours et le mat\u00e9riel.[\/vc_column_text][vc_btn title=&#8221;R\u00e9servez maintenant&#8221; style=&#8221;outline&#8221; color=&#8221;sky&#8221; link=&#8221;url:https%3A%2F%2Fbooking.yoplanning.pro%2Fb93c7eb2-0b14-4ecf-9f73-8a7ab0bf2bc9%2F%3Ftag%3Da30d09cc-f1d6-4437-a927-cfda78da7ea3|target:_blank|&#8221;][\/vc_column][\/vc_row][vc_row][vc_column][vc_empty_space height=&#8221;75px&#8221;][\/vc_column][\/vc_row][vc_row css=&#8221;.vc_custom_1771247506954{margin-right: 5% !important;margin-left: 5% !important;}&#8221;][vc_column width=&#8221;1\/2&#8243;][vc_empty_space height=&#8221;50px&#8221;][vc_column_text]<\/p>\n<h3>SERRE CHEVALIER<\/h3>\n<p>[\/vc_column_text][vc_column_text]Explorez les Hautes-Alpes et la vall\u00e9e de Serre Chevalier sous un autre angle. Avec un VTT \u00e9lectrique et les conseils de nos moniteurs, gravissez les sentiers sans effort et laissez-vous \u00e9merveiller par la beaut\u00e9 de la montagne, sa faune sauvage et sa flore pr\u00e9serv\u00e9e.<\/p>\n<p>Serre Chevalier Vall\u00e9e Brian\u00e7on est un territoire d\u2019exception, largement reconnu pour ses cols mythiques. Que vous soyez d\u00e9butant ou v\u00e9t\u00e9tiste confirm\u00e9, venez d\u00e9couvrir ce terrain de jeu incroyable au c\u0153ur d\u2019un environnement exceptionnel.[\/vc_column_text][vc_btn title=&#8221;PLAN PARCOURS VTT&#8221; style=&#8221;outline&#8221; shape=&#8221;square&#8221; color=&#8221;black&#8221; size=&#8221;lg&#8221; align=&#8221;center&#8221; i_icon_fontawesome=&#8221;fas fa-map-marked-alt&#8221; css_animation=&#8221;none&#8221; add_icon=&#8221;true&#8221; link=&#8221;url:https%3A%2F%2Fwww.serre-chevalier.com%2Ffr%2Fdomaine-altitude%2Fvtt-bike-park|target:_blank|&#8221;][\/vc_column][vc_column width=&#8221;1\/2&#8243; el_class=&#8221;image-column-remove-padding image-headband&#8221;][vc_single_image image=&#8221;583032&#8243; img_size=&#8221;1000&#215;670&#8243;][\/vc_column][\/vc_row][vc_row][vc_column][vc_empty_space height=&#8221;50px&#8221;][\/vc_column][\/vc_row][vc_row css=&#8221;.vc_custom_1723108748514{margin-right: 5% !important;margin-left: 5% !important;}&#8221;][vc_column width=&#8221;1\/3&#8243;][vc_single_image image=&#8221;583043&#8243; img_size=&#8221;400&#215;250&#8243; style=&#8221;vc_box_rounded&#8221; css=&#8221;.vc_custom_1771250062115{background-position: center !important;background-repeat: no-repeat !important;background-size: cover !important;}&#8221;][vc_column_text css=&#8221;.vc_custom_1771404057113{padding-right: 20% !important;}&#8221;]<\/p>\n<h6>Cous collectifs<\/h6>\n<p>Nous proposons des cours collectifs pour adultes et enfants. Que vous d\u00e9butiez ou que vous souhaitiez perfectionner votre technique, nos s\u00e9ances sont adapt\u00e9es \u00e0 tous les niveaux. Partez \u00e0 la d\u00e9couverte de nouveaux sentiers panoramiques aux c\u00f4t\u00e9s d\u2019un moniteur dipl\u00f4m\u00e9 et passionn\u00e9, qui conna\u00eet la r\u00e9gion sur le bout des doigts.[\/vc_column_text][vc_btn title=&#8221;R\u00e9servez maintenant&#8221; style=&#8221;outline&#8221; color=&#8221;sky&#8221; link=&#8221;target:_blank|&#8221;][\/vc_column][vc_column width=&#8221;1\/3&#8243;][vc_single_image image=&#8221;583040&#8243; img_size=&#8221;400&#215;250&#8243; style=&#8221;vc_box_rounded&#8221; css=&#8221;.vc_custom_1771249811091{background-position: center !important;background-repeat: no-repeat !important;background-size: cover !important;}&#8221;][vc_column_text css=&#8221;.vc_custom_1770812105727{padding-right: 20% !important;}&#8221;]<\/p>\n<h6>Cours priv\u00e9s<\/h6>\n<p>Rangez votre carte et faites confiance \u00e0 l\u2019un de nos moniteurs dipl\u00f4m\u00e9s et exp\u00e9riment\u00e9s. Ils connaissent les sentiers sur le bout des doigts et \u00e9laboreront un itin\u00e9raire pour vous challenger, vous enthousiasmer ou vous \u00e9merveiller. \u00c0 vous de choisir.[\/vc_column_text][vc_btn title=&#8221;R\u00e9servez maintenant&#8221; style=&#8221;outline&#8221; color=&#8221;sky&#8221; link=&#8221;target:_blank|&#8221;][\/vc_column][vc_column width=&#8221;1\/3&#8243;][vc_single_image image=&#8221;583037&#8243; img_size=&#8221;400&#215;250&#8243; style=&#8221;vc_box_rounded&#8221; css=&#8221;.vc_custom_1771249470909{background-position: center !important;background-repeat: no-repeat !important;background-size: cover !important;}&#8221;][vc_column_text css=&#8221;.vc_custom_1770814751765{padding-right: 20% !important;}&#8221;]<\/p>\n<h6>Location<\/h6>\n<p>Le VTT \u00e9lectrique est le moyen id\u00e9al pour explorer des paysages \u00e0 couper le souffle et des terrains exigeants en montagne. Gr\u00e2ce \u00e0 la location, vous pouvez facilement r\u00e9cup\u00e9rer et d\u00e9poser votre v\u00e9lo au d\u00e9but et \u00e0 la fin de votre sortie, vous laissant ainsi plus de temps pour profiter de la montagne \u00e0 votre rythme.[\/vc_column_text][vc_btn title=&#8221;R\u00e9servez maintenant&#8221; style=&#8221;outline&#8221; color=&#8221;sky&#8221; link=&#8221;target:_blank|&#8221;][\/vc_column][\/vc_row][vc_row][vc_column][vc_empty_space height=&#8221;75px&#8221;][\/vc_column][\/vc_row][vc_row css=&#8221;.vc_custom_1723108765228{margin-right: 5% !important;margin-left: 5% !important;}&#8221;][vc_column][vc_column_text]<\/p>\n<h3 style=\"text-align: left;\"><span style=\"color: #00adef;\">DES QUESTIONS ? CONTACTEZ-NOUS<\/span><\/h3>\n<p>[\/vc_column_text][vc_empty_space height=&#8221;30px&#8221;][vc_row_inner][vc_column_inner width=&#8221;1\/2&#8243;][vc_single_image image=&#8221;5110&#8243; img_size=&#8221;medium&#8221; alignment=&#8221;center&#8221;][vc_column_text]<\/p>\n<p style=\"text-align: center;\">Oxyg\u00e8ne Ski &amp; Snowboard School\u00a0<strong>Tignes<\/strong><br \/>\n110 Galerie du Chardonnet \u2013 R\u00e9sidence le Soleil \u2013 73320 Tignes<\/p>\n<div id=\"gtx-trans\" style=\"position: absolute; left: 457px; top: -10px;\">\n<div class=\"gtx-trans-icon\"><\/div>\n<\/div>\n<p>[\/vc_column_text][vc_btn title=&#8221;+33 (0)4 79 22 51 69&#8243; align=&#8221;center&#8221; i_icon_fontawesome=&#8221;fas fa-phone-alt&#8221; add_icon=&#8221;true&#8221; link=&#8221;url:tel%3A%2B33479225169|&#8221;][vc_btn title=&#8221;+33 (0)6 75 43 56 46&#8243; align=&#8221;center&#8221; i_icon_fontawesome=&#8221;fab fa-whatsapp&#8221; add_icon=&#8221;true&#8221; link=&#8221;url:https%3A%2F%2Fwa.me%2F33675435646|&#8221;][vc_btn title=&#8221;tignes@oxygene.ski&#8221; align=&#8221;center&#8221; link=&#8221;url:mailto%3A%20tignes%40oxygene.ski|target:_blank|&#8221;][\/vc_column_inner][vc_column_inner width=&#8221;1\/2&#8243;][vc_single_image image=&#8221;5110&#8243; img_size=&#8221;medium&#8221; alignment=&#8221;center&#8221;][vc_column_text]<\/p>\n<p style=\"text-align: center;\">Oxyg\u00e8ne Ski &amp; Snowboard School\u00a0<strong>Serre Chevalier<\/strong><br \/>\n295 route de Grenoble \u2013 05220 Le Mon\u00eatier les Bains<\/p>\n<div id=\"gtx-trans\" style=\"position: absolute; left: 457px; top: -10px;\">\n<div class=\"gtx-trans-icon\"><\/div>\n<\/div>\n<p>[\/vc_column_text][vc_btn title=&#8221;+33 (0)4 79 41 99 58&#8243; align=&#8221;center&#8221; i_icon_fontawesome=&#8221;fas fa-phone-alt&#8221; add_icon=&#8221;true&#8221; link=&#8221;url:tel%3A%2B33479419958|&#8221;][vc_btn title=&#8221;Magasin Oxyg\u00e8ne&#8221; align=&#8221;center&#8221; i_icon_fontawesome=&#8221;fas fa-globe&#8221; add_icon=&#8221;true&#8221; link=&#8221;url:https%3A%2F%2Foxygene-shop.com%2Ffr%2F|target:_blank|&#8221;][vc_btn title=&#8221;serrechevalier@oxygene.ski&#8221; align=&#8221;center&#8221; link=&#8221;url:mailto%3A%20serrechevalier%40oxygene.ski|target:_blank|&#8221;][\/vc_column_inner][\/vc_row_inner][\/vc_column][\/vc_row]<\/p>\n","protected":false},"excerpt":{"rendered":"<p>[vc_row content_placement=&#8221;middle&#8221; css=&#8221;.vc_custom_1757186078542{background-position: center !important;background-repeat: no-repeat !important;background-size: cover !important;}&#8221;][vc_column el_class=&#8221;image-column-remove-padding image-headband&#8221;][vc_single_image image=&#8221;582975&#8243; img_size=&#8221;full&#8221; el_class=&#8221;image-headband-frontpage-main&#8221;][\/vc_column][\/vc_row][vc_row][vc_column][vc_empty_space height=&#8221;50px&#8221;][\/vc_column][\/vc_row][vc_row css=&#8221;.vc_custom_1723108676047{margin-right: 5% !important;margin-left: 5% !important;}&#8221;][vc_column width=&#8221;1\/2&#8243;][vc_empty_space height=&#8221;50px&#8221;][vc_column_text] DU VTT \u00c9LECTRIQUE DANS LES ALPES [\/vc_column_text][vc_column_text css=&#8221;.vc_custom_1771234500574{margin-right: 20px !important;}&#8221;]Votre aventure en VTT \u00e9lectrique commence aujourd\u2019hui avec Oxyg\u00e8ne, votre \u00e9cole de ski &amp; snowboard pr\u00e9f\u00e9r\u00e9e. Du cours collectifs, aux sorties accompagn\u00e9es et location, [&hellip;]<\/p>\n","protected":false},"author":7448,"featured_media":0,"parent":0,"menu_order":19,"comment_status":"closed","ping_status":"closed","template":"page-full-width.php","meta":{"footnotes":""},"yoast_head":"<!-- This site is optimized with the Yoast SEO plugin v22.2 - https:\/\/yoast.com\/wordpress\/plugins\/seo\/ -->\n<title>VTT \u00e9lectrique | Oxyg\u00e8ne bike<\/title>\n<meta name=\"description\" content=\"Venez profiter de cours collectifs et cours priv\u00e9s en VTT \u00e9lectrique avec Oxyg\u00e8ne, votre \u00e9cole de ski et snowboard pr\u00e9f\u00e9r\u00e9e dans les Alpes.\" \/>\n<meta name=\"robots\" content=\"index, follow, max-snippet:-1, max-image-preview:large, max-video-preview:-1\" \/>\n<link rel=\"canonical\" href=\"https:\/\/oxygene.ski\/fr\/vtt-electrique\/\" \/>\n<meta property=\"og:locale\" content=\"fr_FR\" \/>\n<meta property=\"og:type\" content=\"article\" \/>\n<meta property=\"og:title\" content=\"VTT \u00e9lectrique | Oxyg\u00e8ne bike\" \/>\n<meta property=\"og:description\" content=\"Venez profiter de cours collectifs et cours priv\u00e9s en VTT \u00e9lectrique avec Oxyg\u00e8ne, votre \u00e9cole de ski et snowboard pr\u00e9f\u00e9r\u00e9e dans les Alpes.\" \/>\n<meta property=\"og:url\" content=\"https:\/\/oxygene.ski\/fr\/vtt-electrique\/\" \/>\n<meta property=\"og:site_name\" content=\"Oxyg\u00e8ne Ski &amp; Snowboard School\" \/>\n<meta property=\"article:publisher\" content=\"https:\/\/www.facebook.com\/OxygeneSki\" \/>\n<meta property=\"article:modified_time\" content=\"2026-02-18T08:50:57+00:00\" \/>\n<meta name=\"twitter:card\" content=\"summary_large_image\" \/>\n<meta name=\"twitter:site\" content=\"@Oxygene_Ski\" \/>\n<meta name=\"twitter:label1\" content=\"Est. reading time\" \/>\n\t<meta name=\"twitter:data1\" content=\"4 minutes\" \/>\n<script type=\"application\/ld+json\" class=\"yoast-schema-graph\">{\"@context\":\"https:\/\/schema.org\",\"@graph\":[{\"@type\":\"WebPage\",\"@id\":\"https:\/\/oxygene.ski\/fr\/vtt-electrique\/\",\"url\":\"https:\/\/oxygene.ski\/fr\/vtt-electrique\/\",\"name\":\"VTT \u00e9lectrique | Oxyg\u00e8ne bike\",\"isPartOf\":{\"@id\":\"https:\/\/oxygene.ski\/#website\"},\"datePublished\":\"2026-02-18T08:35:16+00:00\",\"dateModified\":\"2026-02-18T08:50:57+00:00\",\"description\":\"Venez profiter de cours collectifs et cours priv\u00e9s en VTT \u00e9lectrique avec Oxyg\u00e8ne, votre \u00e9cole de ski et snowboard pr\u00e9f\u00e9r\u00e9e dans les Alpes.\",\"breadcrumb\":{\"@id\":\"https:\/\/oxygene.ski\/fr\/vtt-electrique\/#breadcrumb\"},\"inLanguage\":\"fr\",\"potentialAction\":[{\"@type\":\"ReadAction\",\"target\":[\"https:\/\/oxygene.ski\/fr\/vtt-electrique\/\"]}]},{\"@type\":\"BreadcrumbList\",\"@id\":\"https:\/\/oxygene.ski\/fr\/vtt-electrique\/#breadcrumb\",\"itemListElement\":[{\"@type\":\"ListItem\",\"position\":1,\"name\":\"Home\",\"item\":\"https:\/\/oxygene.ski\/fr\/accueil\/\"},{\"@type\":\"ListItem\",\"position\":2,\"name\":\"VTT \u00e9lectrique\"}]},{\"@type\":\"WebSite\",\"@id\":\"https:\/\/oxygene.ski\/#website\",\"url\":\"https:\/\/oxygene.ski\/\",\"name\":\"Oxyg\u00e8ne Ski &amp; Snowboard School\",\"description\":\"\",\"potentialAction\":[{\"@type\":\"SearchAction\",\"target\":{\"@type\":\"EntryPoint\",\"urlTemplate\":\"https:\/\/oxygene.ski\/?s={search_term_string}\"},\"query-input\":\"required name=search_term_string\"}],\"inLanguage\":\"fr\"}]}<\/script>\n<!-- \/ Yoast SEO plugin. -->","yoast_head_json":{"title":"VTT \u00e9lectrique | Oxyg\u00e8ne bike","description":"Venez profiter de cours collectifs et cours priv\u00e9s en VTT \u00e9lectrique avec Oxyg\u00e8ne, votre \u00e9cole de ski et snowboard pr\u00e9f\u00e9r\u00e9e dans les Alpes.","robots":{"index":"index","follow":"follow","max-snippet":"max-snippet:-1","max-image-preview":"max-image-preview:large","max-video-preview":"max-video-preview:-1"},"canonical":"https:\/\/oxygene.ski\/fr\/vtt-electrique\/","og_locale":"fr_FR","og_type":"article","og_title":"VTT \u00e9lectrique | Oxyg\u00e8ne bike","og_description":"Venez profiter de cours collectifs et cours priv\u00e9s en VTT \u00e9lectrique avec Oxyg\u00e8ne, votre \u00e9cole de ski et snowboard pr\u00e9f\u00e9r\u00e9e dans les Alpes.","og_url":"https:\/\/oxygene.ski\/fr\/vtt-electrique\/","og_site_name":"Oxyg\u00e8ne Ski &amp; Snowboard School","article_publisher":"https:\/\/www.facebook.com\/OxygeneSki","article_modified_time":"2026-02-18T08:50:57+00:00","twitter_card":"summary_large_image","twitter_site":"@Oxygene_Ski","twitter_misc":{"Est. reading time":"4 minutes"},"schema":{"@context":"https:\/\/schema.org","@graph":[{"@type":"WebPage","@id":"https:\/\/oxygene.ski\/fr\/vtt-electrique\/","url":"https:\/\/oxygene.ski\/fr\/vtt-electrique\/","name":"VTT \u00e9lectrique | Oxyg\u00e8ne bike","isPartOf":{"@id":"https:\/\/oxygene.ski\/#website"},"datePublished":"2026-02-18T08:35:16+00:00","dateModified":"2026-02-18T08:50:57+00:00","description":"Venez profiter de cours collectifs et cours priv\u00e9s en VTT \u00e9lectrique avec Oxyg\u00e8ne, votre \u00e9cole de ski et snowboard pr\u00e9f\u00e9r\u00e9e dans les Alpes.","breadcrumb":{"@id":"https:\/\/oxygene.ski\/fr\/vtt-electrique\/#breadcrumb"},"inLanguage":"fr","potentialAction":[{"@type":"ReadAction","target":["https:\/\/oxygene.ski\/fr\/vtt-electrique\/"]}]},{"@type":"BreadcrumbList","@id":"https:\/\/oxygene.ski\/fr\/vtt-electrique\/#breadcrumb","itemListElement":[{"@type":"ListItem","position":1,"name":"Home","item":"https:\/\/oxygene.ski\/fr\/accueil\/"},{"@type":"ListItem","position":2,"name":"VTT \u00e9lectrique"}]},{"@type":"WebSite","@id":"https:\/\/oxygene.ski\/#website","url":"https:\/\/oxygene.ski\/","name":"Oxyg\u00e8ne Ski &amp; Snowboard School","description":"","potentialAction":[{"@type":"SearchAction","target":{"@type":"EntryPoint","urlTemplate":"https:\/\/oxygene.ski\/?s={search_term_string}"},"query-input":"required name=search_term_string"}],"inLanguage":"fr"}]}},"_links":{"self":[{"href":"https:\/\/oxygene.ski\/fr\/wp-json\/wp\/v2\/pages\/583046"}],"collection":[{"href":"https:\/\/oxygene.ski\/fr\/wp-json\/wp\/v2\/pages"}],"about":[{"href":"https:\/\/oxygene.ski\/fr\/wp-json\/wp\/v2\/types\/page"}],"author":[{"embeddable":true,"href":"https:\/\/oxygene.ski\/fr\/wp-json\/wp\/v2\/users\/7448"}],"replies":[{"embeddable":true,"href":"https:\/\/oxygene.ski\/fr\/wp-json\/wp\/v2\/comments?post=583046"}],"version-history":[{"count":16,"href":"https:\/\/oxygene.ski\/fr\/wp-json\/wp\/v2\/pages\/583046\/revisions"}],"predecessor-version":[{"id":583098,"href":"https:\/\/oxygene.ski\/fr\/wp-json\/wp\/v2\/pages\/583046\/revisions\/583098"}],"wp:attachment":[{"href":"https:\/\/oxygene.ski\/fr\/wp-json\/wp\/v2\/media?parent=583046"}],"curies":[{"name":"wp","href":"https:\/\/api.w.org\/{rel}","templated":true}]}}