{"id":581749,"date":"2025-09-15T16:01:35","date_gmt":"2025-09-15T14:01:35","guid":{"rendered":"https:\/\/oxygene.ski\/superluge-derby\/"},"modified":"2025-11-25T11:20:25","modified_gmt":"2025-11-25T10:20:25","slug":"superluge-derby","status":"publish","type":"page","link":"https:\/\/oxygene.ski\/fr\/superluge-derby\/","title":{"rendered":"Superluge Derby"},"content":{"rendered":"<p>[vc_row content_placement=&#8221;middle&#8221; css=&#8221;.vc_custom_1757262706343{background-position: center !important;background-repeat: no-repeat !important;background-size: cover !important;}&#8221;][vc_column el_class=&#8221;image-column-remove-padding image-headband&#8221;][vc_single_image image=&#8221;581743&#8243; img_size=&#8221;full&#8221; el_class=&#8221;image-headband-frontpage-main&#8221;][\/vc_column][\/vc_row][vc_row][vc_column][vc_empty_space height=&#8221;50px&#8221;][\/vc_column][\/vc_row][vc_row css=&#8221;.vc_custom_1721295204059{margin-right: 5% !important;margin-left: 5% !important;}&#8221;][vc_column width=&#8221;1\/2&#8243;][vc_empty_space height=&#8221;20px&#8221;][vc_column_text]<\/p>\n<h1 style=\"text-align: left;\"><span style=\"color: #00adef;\">SUPERLUGE DERBY<\/span><\/h1>\n<p>[\/vc_column_text][vc_column_text css=&#8221;.vc_custom_1757943142618{margin-right: 25% !important;}&#8221;]3,2,1\u2026 SUPERLUGE ! Pr\u00e9parez-vous pour la descente en luge de votre vie ! 450 m\u00e8tres de d\u00e9nivel\u00e9 et 24 luges haut de gamme au d\u00e9part : c\u2019est le Derby Superluge. Une heure et demie de pur plaisir.<\/p>\n<p>Retrouvons-nous \u00e0 17h00 au magasin Oxyg\u00e8ne \u00e0 Plagne Centre. Nous partirons en convoi jusqu\u2019au d\u00e9part de la course. Nous fournissons ? La superluge, le casque, une lampe frontale, de quoi vous guider sur l\u2019itin\u00e9raire, un chocolat chaud ou un vin chaud apr\u00e8s la ligne d\u2019arriv\u00e9e et le transport pour votre retour \u00e0 l\u2019h\u00f4tel ou \u00e0 votre chalet.<\/p>\n<p>Informations suppl\u00e9mentaires : prenez vos v\u00eatements de ski et pensez \u00e0 prendre vos chaussures imperm\u00e9ables, vos gants et votre masque. Et c\u2019est parti ![\/vc_column_text][vc_row_inner][vc_column_inner width=&#8221;1\/3&#8243;][vc_single_image image=&#8221;574182&#8243; img_size=&#8221;60&#215;60&#8243; alignment=&#8221;center&#8221;][vc_btn title=&#8221;Belle Plagne&#8221; style=&#8221;outline&#8221; color=&#8221;sky&#8221; size=&#8221;sm&#8221; align=&#8221;center&#8221; link=&#8221;url:https%3A%2F%2Fbooking.yoplanning.pro%2F4e1a2cf2-b77e-4bc7-9a1f-bd174f61282d%2F%3Ftag%3D55cea3c2-2b55-4006-9c97-b2884f07beb7|target:_blank|&#8221;][\/vc_column_inner][vc_column_inner width=&#8221;1\/3&#8243;][vc_single_image image=&#8221;574182&#8243; img_size=&#8221;60&#215;60&#8243; alignment=&#8221;center&#8221;][vc_btn title=&#8221;La Plagne&#8221; style=&#8221;outline&#8221; color=&#8221;sky&#8221; size=&#8221;sm&#8221; align=&#8221;center&#8221; link=&#8221;url:https%3A%2F%2Fbooking.yoplanning.pro%2F4e1a2cf2-b77e-4bc7-9a1f-bd174f61282d%2F%3Ftag%3D55cea3c2-2b55-4006-9c97-b2884f07beb7|target:_blank|&#8221;][\/vc_column_inner][vc_column_inner width=&#8221;1\/3&#8243;][\/vc_column_inner][\/vc_row_inner][\/vc_column][vc_column width=&#8221;1\/2&#8243;][vc_row_inner gap=&#8221;35&#8243;][vc_column_inner width=&#8221;1\/2&#8243; css=&#8221;.vc_custom_1757262815155{background-position: center !important;background-repeat: no-repeat !important;background-size: cover !important;}&#8221;][vc_single_image image=&#8221;581344&#8243; img_size=&#8221;500&#215;335&#8243; style=&#8221;vc_box_rounded&#8221;][\/vc_column_inner][vc_column_inner width=&#8221;1\/2&#8243; css=&#8221;.vc_custom_1757262893977{background-position: center !important;background-repeat: no-repeat !important;background-size: cover !important;}&#8221;][vc_single_image image=&#8221;581739&#8243; img_size=&#8221;500&#215;335&#8243; style=&#8221;vc_box_rounded&#8221;][\/vc_column_inner][\/vc_row_inner][\/vc_column][\/vc_row][vc_row][vc_column][vc_empty_space height=&#8221;30px&#8221;][\/vc_column][\/vc_row]<\/p>\n","protected":false},"excerpt":{"rendered":"<p>[vc_row content_placement=&#8221;middle&#8221; css=&#8221;.vc_custom_1757262706343{background-position: center !important;background-repeat: no-repeat !important;background-size: cover !important;}&#8221;][vc_column el_class=&#8221;image-column-remove-padding image-headband&#8221;][vc_single_image image=&#8221;581743&#8243; img_size=&#8221;full&#8221; el_class=&#8221;image-headband-frontpage-main&#8221;][\/vc_column][\/vc_row][vc_row][vc_column][vc_empty_space height=&#8221;50px&#8221;][\/vc_column][\/vc_row][vc_row css=&#8221;.vc_custom_1721295204059{margin-right: 5% !important;margin-left: 5% !important;}&#8221;][vc_column width=&#8221;1\/2&#8243;][vc_empty_space height=&#8221;20px&#8221;][vc_column_text] SUPERLUGE DERBY [\/vc_column_text][vc_column_text css=&#8221;.vc_custom_1757943142618{margin-right: 25% !important;}&#8221;]3,2,1\u2026 SUPERLUGE ! Pr\u00e9parez-vous pour la descente en luge de votre vie ! 450 m\u00e8tres de d\u00e9nivel\u00e9 et 24 luges haut de gamme au d\u00e9part : c\u2019est le [&hellip;]<\/p>\n","protected":false},"author":7448,"featured_media":0,"parent":0,"menu_order":19,"comment_status":"closed","ping_status":"closed","template":"page-full-width.php","meta":{"footnotes":""},"yoast_head":"<!-- This site is optimized with the Yoast SEO plugin v22.2 - https:\/\/yoast.com\/wordpress\/plugins\/seo\/ -->\n<title>Superluge Derby | Oxyg\u00e8ne \u00c9cole de ski &amp; snowboard<\/title>\n<meta name=\"description\" content=\"Oxyg\u00e8ne vous pr\u00e9sente le Superluge Derby : une descente de 5 km en luge avec 450 m de d\u00e9nivel\u00e9. Fous rires et souvenirs inoubliables garantis !\" \/>\n<meta name=\"robots\" content=\"index, follow, max-snippet:-1, max-image-preview:large, max-video-preview:-1\" \/>\n<link rel=\"canonical\" href=\"https:\/\/oxygene.ski\/fr\/superluge-derby\/\" \/>\n<meta property=\"og:locale\" content=\"fr_FR\" \/>\n<meta property=\"og:type\" content=\"article\" \/>\n<meta property=\"og:title\" content=\"Superluge Derby | Oxyg\u00e8ne \u00c9cole de ski &amp; snowboard\" \/>\n<meta property=\"og:description\" content=\"Oxyg\u00e8ne vous pr\u00e9sente le Superluge Derby : une descente de 5 km en luge avec 450 m de d\u00e9nivel\u00e9. Fous rires et souvenirs inoubliables garantis !\" \/>\n<meta property=\"og:url\" content=\"https:\/\/oxygene.ski\/fr\/superluge-derby\/\" \/>\n<meta property=\"og:site_name\" content=\"Oxyg\u00e8ne Ski &amp; Snowboard School\" \/>\n<meta property=\"article:publisher\" content=\"https:\/\/www.facebook.com\/OxygeneSki\" \/>\n<meta property=\"article:modified_time\" content=\"2025-11-25T10:20:25+00:00\" \/>\n<meta name=\"twitter:card\" content=\"summary_large_image\" \/>\n<meta name=\"twitter:site\" content=\"@Oxygene_Ski\" \/>\n<meta name=\"twitter:label1\" content=\"Est. reading time\" \/>\n\t<meta name=\"twitter:data1\" content=\"1 minute\" \/>\n<script type=\"application\/ld+json\" class=\"yoast-schema-graph\">{\"@context\":\"https:\/\/schema.org\",\"@graph\":[{\"@type\":\"WebPage\",\"@id\":\"https:\/\/oxygene.ski\/fr\/superluge-derby\/\",\"url\":\"https:\/\/oxygene.ski\/fr\/superluge-derby\/\",\"name\":\"Superluge Derby | Oxyg\u00e8ne \u00c9cole de ski & snowboard\",\"isPartOf\":{\"@id\":\"https:\/\/oxygene.ski\/#website\"},\"datePublished\":\"2025-09-15T14:01:35+00:00\",\"dateModified\":\"2025-11-25T10:20:25+00:00\",\"description\":\"Oxyg\u00e8ne vous pr\u00e9sente le Superluge Derby : une descente de 5 km en luge avec 450 m de d\u00e9nivel\u00e9. Fous rires et souvenirs inoubliables garantis !\",\"breadcrumb\":{\"@id\":\"https:\/\/oxygene.ski\/fr\/superluge-derby\/#breadcrumb\"},\"inLanguage\":\"fr\",\"potentialAction\":[{\"@type\":\"ReadAction\",\"target\":[\"https:\/\/oxygene.ski\/fr\/superluge-derby\/\"]}]},{\"@type\":\"BreadcrumbList\",\"@id\":\"https:\/\/oxygene.ski\/fr\/superluge-derby\/#breadcrumb\",\"itemListElement\":[{\"@type\":\"ListItem\",\"position\":1,\"name\":\"Home\",\"item\":\"https:\/\/oxygene.ski\/fr\/accueil\/\"},{\"@type\":\"ListItem\",\"position\":2,\"name\":\"Superluge Derby\"}]},{\"@type\":\"WebSite\",\"@id\":\"https:\/\/oxygene.ski\/#website\",\"url\":\"https:\/\/oxygene.ski\/\",\"name\":\"Oxyg\u00e8ne Ski &amp; Snowboard School\",\"description\":\"\",\"potentialAction\":[{\"@type\":\"SearchAction\",\"target\":{\"@type\":\"EntryPoint\",\"urlTemplate\":\"https:\/\/oxygene.ski\/?s={search_term_string}\"},\"query-input\":\"required name=search_term_string\"}],\"inLanguage\":\"fr\"}]}<\/script>\n<!-- \/ Yoast SEO plugin. -->","yoast_head_json":{"title":"Superluge Derby | Oxyg\u00e8ne \u00c9cole de ski & snowboard","description":"Oxyg\u00e8ne vous pr\u00e9sente le Superluge Derby : une descente de 5 km en luge avec 450 m de d\u00e9nivel\u00e9. Fous rires et souvenirs inoubliables garantis !","robots":{"index":"index","follow":"follow","max-snippet":"max-snippet:-1","max-image-preview":"max-image-preview:large","max-video-preview":"max-video-preview:-1"},"canonical":"https:\/\/oxygene.ski\/fr\/superluge-derby\/","og_locale":"fr_FR","og_type":"article","og_title":"Superluge Derby | Oxyg\u00e8ne \u00c9cole de ski & snowboard","og_description":"Oxyg\u00e8ne vous pr\u00e9sente le Superluge Derby : une descente de 5 km en luge avec 450 m de d\u00e9nivel\u00e9. Fous rires et souvenirs inoubliables garantis !","og_url":"https:\/\/oxygene.ski\/fr\/superluge-derby\/","og_site_name":"Oxyg\u00e8ne Ski &amp; Snowboard School","article_publisher":"https:\/\/www.facebook.com\/OxygeneSki","article_modified_time":"2025-11-25T10:20:25+00:00","twitter_card":"summary_large_image","twitter_site":"@Oxygene_Ski","twitter_misc":{"Est. reading time":"1 minute"},"schema":{"@context":"https:\/\/schema.org","@graph":[{"@type":"WebPage","@id":"https:\/\/oxygene.ski\/fr\/superluge-derby\/","url":"https:\/\/oxygene.ski\/fr\/superluge-derby\/","name":"Superluge Derby | Oxyg\u00e8ne \u00c9cole de ski & snowboard","isPartOf":{"@id":"https:\/\/oxygene.ski\/#website"},"datePublished":"2025-09-15T14:01:35+00:00","dateModified":"2025-11-25T10:20:25+00:00","description":"Oxyg\u00e8ne vous pr\u00e9sente le Superluge Derby : une descente de 5 km en luge avec 450 m de d\u00e9nivel\u00e9. Fous rires et souvenirs inoubliables garantis !","breadcrumb":{"@id":"https:\/\/oxygene.ski\/fr\/superluge-derby\/#breadcrumb"},"inLanguage":"fr","potentialAction":[{"@type":"ReadAction","target":["https:\/\/oxygene.ski\/fr\/superluge-derby\/"]}]},{"@type":"BreadcrumbList","@id":"https:\/\/oxygene.ski\/fr\/superluge-derby\/#breadcrumb","itemListElement":[{"@type":"ListItem","position":1,"name":"Home","item":"https:\/\/oxygene.ski\/fr\/accueil\/"},{"@type":"ListItem","position":2,"name":"Superluge Derby"}]},{"@type":"WebSite","@id":"https:\/\/oxygene.ski\/#website","url":"https:\/\/oxygene.ski\/","name":"Oxyg\u00e8ne Ski &amp; Snowboard School","description":"","potentialAction":[{"@type":"SearchAction","target":{"@type":"EntryPoint","urlTemplate":"https:\/\/oxygene.ski\/?s={search_term_string}"},"query-input":"required name=search_term_string"}],"inLanguage":"fr"}]}},"_links":{"self":[{"href":"https:\/\/oxygene.ski\/fr\/wp-json\/wp\/v2\/pages\/581749"}],"collection":[{"href":"https:\/\/oxygene.ski\/fr\/wp-json\/wp\/v2\/pages"}],"about":[{"href":"https:\/\/oxygene.ski\/fr\/wp-json\/wp\/v2\/types\/page"}],"author":[{"embeddable":true,"href":"https:\/\/oxygene.ski\/fr\/wp-json\/wp\/v2\/users\/7448"}],"replies":[{"embeddable":true,"href":"https:\/\/oxygene.ski\/fr\/wp-json\/wp\/v2\/comments?post=581749"}],"version-history":[{"count":6,"href":"https:\/\/oxygene.ski\/fr\/wp-json\/wp\/v2\/pages\/581749\/revisions"}],"predecessor-version":[{"id":582475,"href":"https:\/\/oxygene.ski\/fr\/wp-json\/wp\/v2\/pages\/581749\/revisions\/582475"}],"wp:attachment":[{"href":"https:\/\/oxygene.ski\/fr\/wp-json\/wp\/v2\/media?parent=581749"}],"curies":[{"name":"wp","href":"https:\/\/api.w.org\/{rel}","templated":true}]}}