{"id":580663,"date":"2025-08-20T16:00:10","date_gmt":"2025-08-20T14:00:10","guid":{"rendered":"https:\/\/oxygene.ski\/moniteur-en-formation-2\/"},"modified":"2025-11-28T12:24:18","modified_gmt":"2025-11-28T11:24:18","slug":"moniteur-en-formation","status":"publish","type":"page","link":"https:\/\/oxygene.ski\/fr\/moniteur-en-formation\/","title":{"rendered":"Moniteur en formation"},"content":{"rendered":"<p>[vc_row content_placement=&#8221;middle&#8221; css=&#8221;.vc_custom_1753867462376{padding-top: 190px !important;padding-bottom: 150px !important;background-image: url(https:\/\/oxygene.ski\/wp-content\/uploads\/2025\/07\/oxygene-trainee-instructor.jpg?id=580037) !important;background-position: center !important;background-repeat: no-repeat !important;background-size: cover !important;}&#8221;][vc_column][\/vc_column][\/vc_row][vc_row][vc_column][vc_empty_space height=&#8221;50px&#8221;][\/vc_column][\/vc_row][vc_row css=&#8221;.vc_custom_1723212419958{margin-right: 4% !important;margin-left: 4% !important;}&#8221;][vc_column width=&#8221;1\/2&#8243;][vc_empty_space height=&#8221;20px&#8221;][vc_column_text]<\/p>\n<h1><span style=\"color: #00adef;\"><strong>ENSEIGNES-EN TANT QUE MONITEUR STAGIAIRE<\/strong><\/span><\/h1>\n<p>[\/vc_column_text][vc_column_text css=&#8221;.vc_custom_1728915774367{margin-right: 10% !important;}&#8221;]Vous \u00eates moniteur de ski stagiaire \u00e0 la recherche d\u2019une structure pour continuer votre formation tout en enseignant ?<\/p>\n<p>Rejoignez nos \u00e9quipes : Oxyg\u00e8ne vous garantit de nombreuses heures d\u2019enseignements r\u00e9mun\u00e9r\u00e9es et une formation tous frais pay\u00e9s dans les plus beaux domaines skiables des Alpes. On vous formera et vous accompagnera jusqu\u2019\u00e0 l\u2019obtention de votre dipl\u00f4me.<\/p>\n<p>Oxyg\u00e8ne, c\u2019est une \u00e9cole de ski et de snowboard familiale, forte d\u2019une exp\u00e9rience de plus de 30 ans dans les sports d\u2019hiver et qui est pr\u00e9sente dans 16 stations des plus belles stations des Alpes.[\/vc_column_text][vc_row_inner][vc_column_inner width=&#8221;1\/2&#8243;][vc_btn title=&#8221;\u00c9crivez-nous !&#8221; style=&#8221;outline&#8221; color=&#8221;sky&#8221; link=&#8221;url:mailto%3Amoniteurs%40oxygene.ski|target:_blank|&#8221;][\/vc_column_inner][vc_column_inner width=&#8221;1\/2&#8243;][vc_btn title=&#8221;+33 (0)6 11 44 32 42&#8243; style=&#8221;outline&#8221; color=&#8221;sky&#8221; link=&#8221;url:http%3A%2F%2F%2B33611443242|target:_blank|&#8221;][\/vc_column_inner][\/vc_row_inner][\/vc_column][vc_column width=&#8221;1\/2&#8243; css=&#8221;.vc_custom_1728916812858{background-image: url(https:\/\/oxygene.ski\/wp-content\/uploads\/2024\/10\/oxygene-training-instructor.jpg?id=577391) !important;background-position: center !important;background-repeat: no-repeat !important;background-size: cover !important;}&#8221;][vc_empty_space height=&#8221;400px&#8221;][\/vc_column][\/vc_row][vc_row][vc_column][vc_empty_space height=&#8221;100px&#8221;][\/vc_column][\/vc_row][vc_row gap=&#8221;15&#8243; css=&#8221;.vc_custom_1723210670242{margin-right: 5% !important;margin-left: 5% !important;}&#8221;][vc_column width=&#8221;1\/3&#8243;][vc_single_image image=&#8221;577395&#8243; img_size=&#8221;400&#215;250&#8243; alignment=&#8221;center&#8221; style=&#8221;vc_box_rounded&#8221; css=&#8221;.vc_custom_1728918115588{background-position: center !important;background-repeat: no-repeat !important;background-size: cover !important;}&#8221;][vc_column_text css=&#8221;.vc_custom_1755699053384{margin-right: 20px !important;margin-left: 20px !important;}&#8221;]<\/p>\n<h2 style=\"text-align: center;\"><span style=\"color: #00adef;\">METTEZ TOUTES LES CHANCES DE VOTRE C\u00d4T\u00c9<\/span><\/h2>\n<p>[\/vc_column_text][vc_column_text css=&#8221;.vc_custom_1755699061921{margin-right: 20px !important;margin-left: 20px !important;}&#8221;]<\/p>\n<p style=\"text-align: center;\">Nous savons ce qu\u2019il faut pour faire un excellent moniteur de ski. Votre r\u00e9ussite repose sur l\u2019accompagnement par des professionnels exp\u00e9riment\u00e9s, l\u2019acc\u00e8s \u00e0 des coachs de qualit\u00e9, un bon \u00e9quipement, la possibilit\u00e9 d\u2019avoir des cours vari\u00e9s et le temps n\u00e9cessaire pour pr\u00e9parer vos examens.<\/p>\n<p style=\"text-align: center;\">En rejoignant\u00a0<strong>Oxyg\u00e8ne<\/strong>, vous profiterez de tous ces avantages et bien plus encore. Vous apprendrez tout en \u00e9tant r\u00e9mun\u00e9r\u00e9 comme membre de notre \u00e9quipe de moniteurs, et en poursuivant votre dipl\u00f4me. Nous mettons \u00e0 votre disposition\u00a0<strong>toutes les ressources de notre \u00e9cole de ski, sans aucun frais<\/strong>, pour vous accompagner \u00e0 chaque \u00e9tape de votre parcours.<\/p>\n<p>[\/vc_column_text][\/vc_column][vc_column width=&#8221;1\/3&#8243;][vc_single_image image=&#8221;581097&#8243; img_size=&#8221;400&#215;250&#8243; alignment=&#8221;center&#8221; style=&#8221;vc_box_rounded&#8221; css=&#8221;.vc_custom_1756730382070{background-position: center !important;background-repeat: no-repeat !important;background-size: cover !important;}&#8221;][vc_column_text css=&#8221;.vc_custom_1755699073815{margin-right: 20px !important;margin-left: 20px !important;}&#8221;]<\/p>\n<h2 style=\"text-align: center;\"><span style=\"color: #00adef;\">PACK #NOSTRESS<\/span><\/h2>\n<p>[\/vc_column_text][vc_column_text css=&#8221;.vc_custom_1755699082168{margin-right: 20px !important;margin-left: 20px !important;}&#8221;]Une fois le test technique et cycle pr\u00e9paratoire valid\u00e9s, Oxyg\u00e8ne vous offre un pack in\u00e9galable :<\/p>\n<ul>\n<li>de nombreuses heures d\u2019enseignement garanties \u00e0 un fort taux horaire<\/li>\n<li>logement pris en charge<\/li>\n<li>tenue de ski offerte<\/li>\n<li>forfait saison &amp; Assurance RC Pro offerts<\/li>\n<li>formations et entra\u00eenements pour pr\u00e9parer vos stages ENSA gratuits<\/li>\n<\/ul>\n<p>En gros, vous faites une saison tous frais pay\u00e9s chez Oxyg\u00e8ne tout en vous rapprochant rapidement de la m\u00e9daille. Id\u00e9al non ?[\/vc_column_text][\/vc_column][vc_column width=&#8221;1\/3&#8243;][vc_single_image image=&#8221;577399&#8243; img_size=&#8221;400&#215;250&#8243; alignment=&#8221;center&#8221; style=&#8221;vc_box_rounded&#8221; css=&#8221;.vc_custom_1728918586442{background-position: center !important;background-repeat: no-repeat !important;background-size: cover !important;}&#8221;][vc_column_text css=&#8221;.vc_custom_1755699097546{margin-right: 20px !important;margin-left: 20px !important;}&#8221;]<\/p>\n<h2 style=\"text-align: center;\"><span style=\"color: #00adef;\">LA DERNI\u00c8RE LIGNE DROITE<\/span><\/h2>\n<p>[\/vc_column_text][vc_column_text css=&#8221;.vc_custom_1755699106146{margin-right: 20px !important;margin-left: 20px !important;}&#8221;]<\/p>\n<p style=\"text-align: center;\">Vous avez r\u00e9ussi votre Eurotest ?\u00a0Oxyg\u00e8ne\u00a0vous accompagne jusqu\u2019\u00e0 l\u2019obtention de votre dipl\u00f4me en vous offrant une tenue de moniteur et un forfait de ski gratuits, une r\u00e9mun\u00e9ration attractive, une garantie de 300 heures d\u2019enseignement et une r\u00e9partition \u00e9quitable des cours.<\/p>\n<p style=\"text-align: center;\">Nous proposons \u00e9galement des cours de langue et des formations compl\u00e9mentaires telles que le ski adapt\u00e9, le hors-piste, le banked slalom, la s\u00e9curit\u00e9 en montagne, le sauvetage en avalanche et bien plus encore pour enrichir vos comp\u00e9tences.<\/p>\n<p style=\"text-align: center;\">Et ce n\u2019est pas tout ! Une fois votre qualification compl\u00e8te, restez avec nous pour profiter des meilleures opportunit\u00e9s. Nous valorisons l\u2019ambition et sommes toujours \u00e0 l\u2019\u00e9coute de vos objectifs afin de vous aider \u00e0 les concr\u00e9tiser.<\/p>\n<p>[\/vc_column_text][\/vc_column][\/vc_row][vc_row][vc_column][vc_empty_space height=&#8221;50px&#8221;][\/vc_column][\/vc_row][vc_row css=&#8221;.vc_custom_1723108765228{margin-right: 5% !important;margin-left: 5% !important;}&#8221;][vc_column][vc_empty_space height=&#8221;30px&#8221;][vc_single_image image=&#8221;572831&#8243; alignment=&#8221;center&#8221;][vc_column_text]<\/p>\n<h5 style=\"text-align: center;\"><span style=\"color: #00adef;\">\u00c9CRIVEZ-NOUS !<\/span><\/h5>\n<p>[\/vc_column_text][\/vc_column][\/vc_row][vc_row equal_height=&#8221;yes&#8221; content_placement=&#8221;middle&#8221; type=&#8221;boxed&#8221; css=&#8221;.vc_custom_1723108771681{margin-right: 5% !important;margin-left: 5% !important;}&#8221;][vc_column css=&#8221;.vc_custom_1720616624115{padding-top: 30px !important;padding-right: 20px !important;padding-left: 20px !important;background-color: #ffffff !important;}&#8221;]<div class=\"wpforms-container wpforms-container-full\" id=\"wpforms-574141\"><form id=\"wpforms-form-574141\" class=\"wpforms-validate wpforms-form wpforms-ajax-form\" data-formid=\"574141\" method=\"post\" enctype=\"multipart\/form-data\" action=\"\/fr\/wp-json\/wp\/v2\/pages\/580663\" data-token=\"de32b191badaf413773b2480900990c2\" data-token-time=\"1776357553\"><noscript class=\"wpforms-error-noscript\">Please enable JavaScript in your browser to complete this form.<\/noscript><div class=\"wpforms-field-container\"><div id=\"wpforms-574141-field_6-container\" class=\"wpforms-field wpforms-field-name\" data-field-id=\"6\"><label class=\"wpforms-field-label\">Nom  <span class=\"wpforms-required-label\">*<\/span><\/label><div class=\"wpforms-field-row wpforms-field-large\"><div class=\"wpforms-field-row-block wpforms-first wpforms-one-half\"><input type=\"text\" id=\"wpforms-574141-field_6\" class=\"wpforms-field-name-first wpforms-field-required\" name=\"wpforms[fields][6][first]\" required><label for=\"wpforms-574141-field_6\" class=\"wpforms-field-sublabel after\">First<\/label><\/div><div class=\"wpforms-field-row-block wpforms-one-half\"><input type=\"text\" id=\"wpforms-574141-field_6-last\" class=\"wpforms-field-name-last wpforms-field-required\" name=\"wpforms[fields][6][last]\" required><label for=\"wpforms-574141-field_6-last\" class=\"wpforms-field-sublabel after\">Last<\/label><\/div><\/div><\/div><div id=\"wpforms-574141-field_3-container\" class=\"wpforms-field wpforms-field-email\" data-field-id=\"3\"><label class=\"wpforms-field-label\" for=\"wpforms-574141-field_3\">Adresse e-mail <span class=\"wpforms-required-label\">*<\/span><\/label><div class=\"wpforms-field-row wpforms-field-large\"><div class=\"wpforms-field-row-block wpforms-one-half wpforms-first\"><input type=\"email\" id=\"wpforms-574141-field_3\" class=\"wpforms-field-required wpforms-field-email-primary\" name=\"wpforms[fields][3][primary]\" spellcheck=\"false\" required><label for=\"wpforms-574141-field_3\" class=\"wpforms-field-sublabel after wpforms-sublabel-hide\">E-mail&nbsp;<\/label><\/div><div class=\"wpforms-field-row-block wpforms-one-half\"><input type=\"email\" id=\"wpforms-574141-field_3-secondary\" class=\"wpforms-field-email-secondary wpforms-field-required\" data-rule-confirm=\"#wpforms-574141-field_3\" name=\"wpforms[fields][3][secondary]\" placeholder=\"V\u00e9rification de votre email\" spellcheck=\"false\" required><label for=\"wpforms-574141-field_3-secondary\" class=\"wpforms-field-sublabel after wpforms-sublabel-hide\">Confirm Email<\/label><\/div><\/div><\/div><div id=\"wpforms-574141-field_7-container\" class=\"wpforms-field wpforms-field-phone\" data-field-id=\"7\"><label class=\"wpforms-field-label\" for=\"wpforms-574141-field_7\">T\u00e9l\u00e9phone <span class=\"wpforms-required-label\">*<\/span><\/label><input type=\"tel\" id=\"wpforms-574141-field_7\" class=\"wpforms-field-large wpforms-field-required wpforms-smart-phone-field\" data-rule-smart-phone-field=\"true\" name=\"wpforms[fields][7]\" aria-label=\"T\u00e9l\u00e9phone\" required><\/div><div id=\"wpforms-574141-field_19-container\" class=\"wpforms-field wpforms-field-radio\" data-field-id=\"19\"><label class=\"wpforms-field-label\">Tu es : <span class=\"wpforms-required-label\">*<\/span><\/label><ul id=\"wpforms-574141-field_19\" class=\"wpforms-field-required\"><li class=\"choice-1 depth-1\"><input type=\"radio\" id=\"wpforms-574141-field_19_1\" name=\"wpforms[fields][19]\" value=\"moniteur de ski stagiaire\" required ><label class=\"wpforms-field-label-inline\" for=\"wpforms-574141-field_19_1\">moniteur de ski stagiaire<\/label><\/li><li class=\"choice-2 depth-1\"><input type=\"radio\" id=\"wpforms-574141-field_19_2\" name=\"wpforms[fields][19]\" value=\"moniteur de ski aspirant\" required ><label class=\"wpforms-field-label-inline\" for=\"wpforms-574141-field_19_2\">moniteur de ski aspirant<\/label><\/li><li class=\"choice-3 depth-1\"><input type=\"radio\" id=\"wpforms-574141-field_19_3\" name=\"wpforms[fields][19]\" value=\"moniteur dipl\u00f4m\u00e9\" required ><label class=\"wpforms-field-label-inline\" for=\"wpforms-574141-field_19_3\">moniteur dipl\u00f4m\u00e9<\/label><\/li><\/ul><\/div><div id=\"wpforms-574141-field_20-container\" class=\"wpforms-field wpforms-field-radio\" data-field-id=\"20\"><label class=\"wpforms-field-label\">Tes disponibilit\u00e9s : <span class=\"wpforms-required-label\">*<\/span><\/label><ul id=\"wpforms-574141-field_20\" class=\"wpforms-field-required\"><li class=\"choice-1 depth-1\"><input type=\"radio\" id=\"wpforms-574141-field_20_1\" name=\"wpforms[fields][20]\" value=\"toute la saison\" required ><label class=\"wpforms-field-label-inline\" for=\"wpforms-574141-field_20_1\">toute la saison<\/label><\/li><li class=\"choice-2 depth-1\"><input type=\"radio\" id=\"wpforms-574141-field_20_2\" name=\"wpforms[fields][20]\" value=\"en renfort\" required ><label class=\"wpforms-field-label-inline\" for=\"wpforms-574141-field_20_2\">en renfort<\/label><\/li><li class=\"choice-3 depth-1\"><input type=\"radio\" id=\"wpforms-574141-field_20_3\" name=\"wpforms[fields][20]\" value=\"\u00e0 d\u00e9finir ensemble\" required ><label class=\"wpforms-field-label-inline\" for=\"wpforms-574141-field_20_3\">\u00e0 d\u00e9finir ensemble<\/label><\/li><\/ul><\/div><div id=\"wpforms-574141-field_21-container\" class=\"wpforms-field wpforms-field-radio\" data-field-id=\"21\"><label class=\"wpforms-field-label\">Comment souhaitez-vous \u00eatre recontact\u00e9 ? <span class=\"wpforms-required-label\">*<\/span><\/label><ul id=\"wpforms-574141-field_21\" class=\"wpforms-field-required\"><li class=\"choice-1 depth-1\"><input type=\"radio\" id=\"wpforms-574141-field_21_1\" name=\"wpforms[fields][21]\" value=\"mail\" required ><label class=\"wpforms-field-label-inline\" for=\"wpforms-574141-field_21_1\">mail<\/label><\/li><li class=\"choice-2 depth-1\"><input type=\"radio\" id=\"wpforms-574141-field_21_2\" name=\"wpforms[fields][21]\" value=\"t\u00e9l\u00e9phone\" required ><label class=\"wpforms-field-label-inline\" for=\"wpforms-574141-field_21_2\">t\u00e9l\u00e9phone<\/label><\/li><li class=\"choice-3 depth-1\"><input type=\"radio\" id=\"wpforms-574141-field_21_3\" name=\"wpforms[fields][21]\" value=\"sms\" required ><label class=\"wpforms-field-label-inline\" for=\"wpforms-574141-field_21_3\">sms<\/label><\/li><\/ul><\/div><div id=\"wpforms-574141-field_5-container\" class=\"wpforms-field wpforms-field-textarea\" data-field-id=\"5\"><label class=\"wpforms-field-label\" for=\"wpforms-574141-field_5\">Message<\/label><textarea id=\"wpforms-574141-field_5\" class=\"wpforms-field-medium\" name=\"wpforms[fields][5]\" placeholder=\" Avez-vous quelque chose \u00e0 nous dire ? \" ><\/textarea><\/div><\/div><!-- .wpforms-field-container -->\r\n\t\t\t<script>\r\n\t\t\tif ( typeof huOptions !== 'undefined' ) {\r\n\t\t\t\tvar huFormData = {\"source\":\"wpforms\",\"id\":574141,\"title\":\"Formulaire - recrutement moniteurs FR\",\"fields\":{\"subject\":{\"first_name\":\"\",\"last_name\":\"\"}}};\r\n\t\t\t\tvar huFormNode = document.querySelector( '[id=\"wpforms-574141\"] form' );\r\n\r\n\t\t\t\tvar firstName = huFormNode.querySelector( 'input.wpforms-field-name-first' );\r\n\t\t\t\tvar lastName = huFormNode.querySelector( 'input.wpforms-field-name-last' );\r\n\r\n\t\t\t\tif ( firstName )\r\n\t\t\t\t\thuFormData['fields']['subject']['first_name'] = firstName.getAttribute( 'name' );\r\n\r\n\t\t\t\tif ( lastName )\r\n\t\t\t\t\thuFormData['fields']['subject']['last_name'] = lastName.getAttribute( 'name' );\r\n\r\n\t\t\t\thuFormData['node'] = huFormNode;\r\n\t\t\t\thuOptions['forms'].push( huFormData );\r\n\t\t\t}\r\n\t\t\t<\/script><div class=\"wpforms-recaptcha-container wpforms-is-recaptcha wpforms-is-recaptcha-type-v3\" ><input type=\"hidden\" name=\"wpforms[recaptcha]\" value=\"\"><\/div><div class=\"wpforms-submit-container\" ><input type=\"hidden\" name=\"wpforms[id]\" value=\"574141\"><input type=\"hidden\" name=\"page_title\" value=\"\"><input type=\"hidden\" name=\"page_url\" value=\"https:\/\/oxygene.ski\/fr\/wp-json\/wp\/v2\/pages\/580663\"><input type=\"hidden\" name=\"url_referer\" value=\"\"><button type=\"submit\" name=\"wpforms[submit]\" id=\"wpforms-submit-574141\" class=\"wpforms-submit\" data-alt-text=\"Envoi en cours...\" data-submit-text=\"Envoyer\" aria-live=\"assertive\" value=\"wpforms-submit\">Envoyer<\/button><img loading=\"lazy\" decoding=\"async\" src=\"https:\/\/oxygene.ski\/wp-content\/plugins\/wpforms\/assets\/images\/submit-spin.svg\" class=\"wpforms-submit-spinner\" style=\"display: none;\" width=\"26\" height=\"26\" alt=\"Loading\"><\/div><\/form><\/div>  <!-- .wpforms-container -->[\/vc_column][\/vc_row]<\/p>\n","protected":false},"excerpt":{"rendered":"<p>[vc_row content_placement=&#8221;middle&#8221; css=&#8221;.vc_custom_1753867462376{padding-top: 190px !important;padding-bottom: 150px !important;background-image: url(https:\/\/oxygene.ski\/wp-content\/uploads\/2025\/07\/oxygene-trainee-instructor.jpg?id=580037) !important;background-position: center !important;background-repeat: no-repeat !important;background-size: cover !important;}&#8221;][vc_column][\/vc_column][\/vc_row][vc_row][vc_column][vc_empty_space height=&#8221;50px&#8221;][\/vc_column][\/vc_row][vc_row css=&#8221;.vc_custom_1723212419958{margin-right: 4% !important;margin-left: 4% !important;}&#8221;][vc_column width=&#8221;1\/2&#8243;][vc_empty_space height=&#8221;20px&#8221;][vc_column_text] ENSEIGNES-EN TANT QUE MONITEUR STAGIAIRE [\/vc_column_text][vc_column_text css=&#8221;.vc_custom_1728915774367{margin-right: 10% !important;}&#8221;]Vous \u00eates moniteur de ski stagiaire \u00e0 la recherche d\u2019une structure pour continuer votre formation tout en enseignant ? Rejoignez nos \u00e9quipes : Oxyg\u00e8ne [&hellip;]<\/p>\n","protected":false},"author":7448,"featured_media":0,"parent":0,"menu_order":19,"comment_status":"closed","ping_status":"closed","template":"page-full-width.php","meta":{"footnotes":""},"yoast_head":"<!-- This site is optimized with the Yoast SEO plugin v22.2 - https:\/\/yoast.com\/wordpress\/plugins\/seo\/ -->\n<title>Moniteur en formation | Oxyg\u00e8ne \u00c9cole de Ski &amp; Snowboard<\/title>\n<meta name=\"description\" content=\"Rejoignez l&#039;\u00e9quipe Oxyg\u00e8ne pour enseigner en tant que moniteur stagiaire ou aspirant, et b\u00e9n\u00e9ficiez d&#039;un pack d&#039;accompagnement sur mesure.\" \/>\n<meta name=\"robots\" content=\"index, follow, max-snippet:-1, max-image-preview:large, max-video-preview:-1\" \/>\n<link rel=\"canonical\" href=\"https:\/\/oxygene.ski\/fr\/moniteur-en-formation\/\" \/>\n<meta property=\"og:locale\" content=\"fr_FR\" \/>\n<meta property=\"og:type\" content=\"article\" \/>\n<meta property=\"og:title\" content=\"Moniteur en formation | Oxyg\u00e8ne \u00c9cole de Ski &amp; Snowboard\" \/>\n<meta property=\"og:description\" content=\"Rejoignez l&#039;\u00e9quipe Oxyg\u00e8ne pour enseigner en tant que moniteur stagiaire ou aspirant, et b\u00e9n\u00e9ficiez d&#039;un pack d&#039;accompagnement sur mesure.\" \/>\n<meta property=\"og:url\" content=\"https:\/\/oxygene.ski\/fr\/moniteur-en-formation\/\" \/>\n<meta property=\"og:site_name\" content=\"Oxyg\u00e8ne Ski &amp; Snowboard School\" \/>\n<meta property=\"article:publisher\" content=\"https:\/\/www.facebook.com\/OxygeneSki\" \/>\n<meta property=\"article:modified_time\" content=\"2025-11-28T11:24:18+00:00\" \/>\n<meta name=\"twitter:card\" content=\"summary_large_image\" \/>\n<meta name=\"twitter:site\" content=\"@Oxygene_Ski\" \/>\n<meta name=\"twitter:label1\" content=\"Est. reading time\" \/>\n\t<meta name=\"twitter:data1\" content=\"4 minutes\" \/>\n<script type=\"application\/ld+json\" class=\"yoast-schema-graph\">{\"@context\":\"https:\/\/schema.org\",\"@graph\":[{\"@type\":\"WebPage\",\"@id\":\"https:\/\/oxygene.ski\/fr\/moniteur-en-formation\/\",\"url\":\"https:\/\/oxygene.ski\/fr\/moniteur-en-formation\/\",\"name\":\"Moniteur en formation | Oxyg\u00e8ne \u00c9cole de Ski & Snowboard\",\"isPartOf\":{\"@id\":\"https:\/\/oxygene.ski\/#website\"},\"datePublished\":\"2025-08-20T14:00:10+00:00\",\"dateModified\":\"2025-11-28T11:24:18+00:00\",\"description\":\"Rejoignez l'\u00e9quipe Oxyg\u00e8ne pour enseigner en tant que moniteur stagiaire ou aspirant, et b\u00e9n\u00e9ficiez d'un pack d'accompagnement sur mesure.\",\"breadcrumb\":{\"@id\":\"https:\/\/oxygene.ski\/fr\/moniteur-en-formation\/#breadcrumb\"},\"inLanguage\":\"fr\",\"potentialAction\":[{\"@type\":\"ReadAction\",\"target\":[\"https:\/\/oxygene.ski\/fr\/moniteur-en-formation\/\"]}]},{\"@type\":\"BreadcrumbList\",\"@id\":\"https:\/\/oxygene.ski\/fr\/moniteur-en-formation\/#breadcrumb\",\"itemListElement\":[{\"@type\":\"ListItem\",\"position\":1,\"name\":\"Home\",\"item\":\"https:\/\/oxygene.ski\/fr\/accueil\/\"},{\"@type\":\"ListItem\",\"position\":2,\"name\":\"Moniteur en formation\"}]},{\"@type\":\"WebSite\",\"@id\":\"https:\/\/oxygene.ski\/#website\",\"url\":\"https:\/\/oxygene.ski\/\",\"name\":\"Oxyg\u00e8ne Ski &amp; Snowboard School\",\"description\":\"\",\"potentialAction\":[{\"@type\":\"SearchAction\",\"target\":{\"@type\":\"EntryPoint\",\"urlTemplate\":\"https:\/\/oxygene.ski\/?s={search_term_string}\"},\"query-input\":\"required name=search_term_string\"}],\"inLanguage\":\"fr\"}]}<\/script>\n<!-- \/ Yoast SEO plugin. -->","yoast_head_json":{"title":"Moniteur en formation | Oxyg\u00e8ne \u00c9cole de Ski & Snowboard","description":"Rejoignez l'\u00e9quipe Oxyg\u00e8ne pour enseigner en tant que moniteur stagiaire ou aspirant, et b\u00e9n\u00e9ficiez d'un pack d'accompagnement sur mesure.","robots":{"index":"index","follow":"follow","max-snippet":"max-snippet:-1","max-image-preview":"max-image-preview:large","max-video-preview":"max-video-preview:-1"},"canonical":"https:\/\/oxygene.ski\/fr\/moniteur-en-formation\/","og_locale":"fr_FR","og_type":"article","og_title":"Moniteur en formation | Oxyg\u00e8ne \u00c9cole de Ski & Snowboard","og_description":"Rejoignez l'\u00e9quipe Oxyg\u00e8ne pour enseigner en tant que moniteur stagiaire ou aspirant, et b\u00e9n\u00e9ficiez d'un pack d'accompagnement sur mesure.","og_url":"https:\/\/oxygene.ski\/fr\/moniteur-en-formation\/","og_site_name":"Oxyg\u00e8ne Ski &amp; Snowboard School","article_publisher":"https:\/\/www.facebook.com\/OxygeneSki","article_modified_time":"2025-11-28T11:24:18+00:00","twitter_card":"summary_large_image","twitter_site":"@Oxygene_Ski","twitter_misc":{"Est. reading time":"4 minutes"},"schema":{"@context":"https:\/\/schema.org","@graph":[{"@type":"WebPage","@id":"https:\/\/oxygene.ski\/fr\/moniteur-en-formation\/","url":"https:\/\/oxygene.ski\/fr\/moniteur-en-formation\/","name":"Moniteur en formation | Oxyg\u00e8ne \u00c9cole de Ski & Snowboard","isPartOf":{"@id":"https:\/\/oxygene.ski\/#website"},"datePublished":"2025-08-20T14:00:10+00:00","dateModified":"2025-11-28T11:24:18+00:00","description":"Rejoignez l'\u00e9quipe Oxyg\u00e8ne pour enseigner en tant que moniteur stagiaire ou aspirant, et b\u00e9n\u00e9ficiez d'un pack d'accompagnement sur mesure.","breadcrumb":{"@id":"https:\/\/oxygene.ski\/fr\/moniteur-en-formation\/#breadcrumb"},"inLanguage":"fr","potentialAction":[{"@type":"ReadAction","target":["https:\/\/oxygene.ski\/fr\/moniteur-en-formation\/"]}]},{"@type":"BreadcrumbList","@id":"https:\/\/oxygene.ski\/fr\/moniteur-en-formation\/#breadcrumb","itemListElement":[{"@type":"ListItem","position":1,"name":"Home","item":"https:\/\/oxygene.ski\/fr\/accueil\/"},{"@type":"ListItem","position":2,"name":"Moniteur en formation"}]},{"@type":"WebSite","@id":"https:\/\/oxygene.ski\/#website","url":"https:\/\/oxygene.ski\/","name":"Oxyg\u00e8ne Ski &amp; Snowboard School","description":"","potentialAction":[{"@type":"SearchAction","target":{"@type":"EntryPoint","urlTemplate":"https:\/\/oxygene.ski\/?s={search_term_string}"},"query-input":"required name=search_term_string"}],"inLanguage":"fr"}]}},"_links":{"self":[{"href":"https:\/\/oxygene.ski\/fr\/wp-json\/wp\/v2\/pages\/580663"}],"collection":[{"href":"https:\/\/oxygene.ski\/fr\/wp-json\/wp\/v2\/pages"}],"about":[{"href":"https:\/\/oxygene.ski\/fr\/wp-json\/wp\/v2\/types\/page"}],"author":[{"embeddable":true,"href":"https:\/\/oxygene.ski\/fr\/wp-json\/wp\/v2\/users\/7448"}],"replies":[{"embeddable":true,"href":"https:\/\/oxygene.ski\/fr\/wp-json\/wp\/v2\/comments?post=580663"}],"version-history":[{"count":14,"href":"https:\/\/oxygene.ski\/fr\/wp-json\/wp\/v2\/pages\/580663\/revisions"}],"predecessor-version":[{"id":582035,"href":"https:\/\/oxygene.ski\/fr\/wp-json\/wp\/v2\/pages\/580663\/revisions\/582035"}],"wp:attachment":[{"href":"https:\/\/oxygene.ski\/fr\/wp-json\/wp\/v2\/media?parent=580663"}],"curies":[{"name":"wp","href":"https:\/\/api.w.org\/{rel}","templated":true}]}}