{"id":578953,"date":"2025-03-21T16:27:46","date_gmt":"2025-03-21T15:27:46","guid":{"rendered":"https:\/\/oxygene.ski\/val-disere\/"},"modified":"2026-02-17T10:38:06","modified_gmt":"2026-02-17T09:38:06","slug":"ecole-de-ski-val-d-isere","status":"publish","type":"page","link":"https:\/\/oxygene.ski\/fr\/ecole-de-ski-val-d-isere\/","title":{"rendered":"Val d&#8217;Is\u00e8re"},"content":{"rendered":"<p>[vc_row content_placement=&#8221;middle&#8221; css=&#8221;.vc_custom_1757270527601{background-position: center !important;background-repeat: no-repeat !important;background-size: cover !important;}&#8221;][vc_column el_class=&#8221;image-column-remove-padding image-headband&#8221;][vc_single_image image=&#8221;580377&#8243; img_size=&#8221;full&#8221; el_class=&#8221;image-headband-frontpage-main&#8221;][\/vc_column][\/vc_row][vc_row][vc_column][vc_empty_space height=&#8221;50px&#8221;][\/vc_column][\/vc_row][vc_row css=&#8221;.vc_custom_1723108676047{margin-right: 5% !important;margin-left: 5% !important;}&#8221;][vc_column width=&#8221;1\/2&#8243;][vc_column_text]<\/p>\n<h1 style=\"text-align: left;\"><span style=\"color: #00adef;\">BIENVENUE \u00c0 VAL D&#8217;IS\u00c8RE<\/span><\/h1>\n<div id=\"gtx-trans\" style=\"position: absolute; left: 255px; top: -0.5625px;\">\n<div class=\"gtx-trans-icon\"><\/div>\n<\/div>\n<p>[\/vc_column_text][vc_column_text css=&#8221;.vc_custom_1724071497703{margin-right: 20px !important;}&#8221;]L\u2019\u00e9cole de ski Oxyg\u00e8ne Val d\u2019Is\u00e8re vous offre le meilleur du ski et du snowboard depuis 1995 : cours collectifs et priv\u00e9s enfants et adultes, activit\u00e9s \u00e0 haute teneur en adr\u00e9naline, sorties hors-piste et m\u00eame la location de mat\u00e9riel. \u00c0 moins de 5 km de la fronti\u00e8re italienne, Val d\u2019Is\u00e8re a toujours \u00e9t\u00e9 une station privil\u00e9gi\u00e9e dans le c\u0153ur des skieurs fran\u00e7ais et britanniques. Son domaine skiable est immense, avec des pistes larges pour tous les niveaux.<\/p>\n<p>Val d\u2019Is\u00e8re est rest\u00e9 un petit village nich\u00e9 dans sa haute vall\u00e9e jusque dans les ann\u00e9es 20. La vie suivait alors le rythme des saisons avec l\u2019\u00e9t\u00e9 pass\u00e9 dans les champs et les alpages pour produire la nourriture permettant de traverser un hiver rude. Avec le d\u00e9veloppement des sports d\u2019hiver, Val d\u2019Is\u00e8re est entr\u00e9 dans une nouvelle \u00e8re, sachant habilement m\u00ealer son charme de village d\u2019altitude \u00e0 l\u2019\u00e9clat international d\u2019une station de ski exclusive.[\/vc_column_text][vc_column_text]<br \/>\n<strong>Ouvert du 29 novembre au 2 mai 2026<\/strong>. Domaine Tignes\/ Val d\u2019Is\u00e8re : plus de 61 pistes sur plus de 300 km.<br \/>\n[\/vc_column_text][vc_row_inner][vc_column_inner width=&#8221;1\/2&#8243;][vc_btn title=&#8221;Guide des niveaux&#8221; link=&#8221;url:https%3A%2F%2Foxygene.ski%2Ffr%2Fconnaitre-son-niveau-de-ski%2F|target:_blank|&#8221;][\/vc_column_inner][vc_column_inner width=&#8221;1\/2&#8243;][vc_btn title=&#8221;Plan des pistes de Val d&#8217;Is\u00e8re&#8221; link=&#8221;url:https%3A%2F%2Fwww.valdisere.ski%2Ffr%2Fplan-des-pistes|target:_blank|&#8221;][\/vc_column_inner][\/vc_row_inner][\/vc_column][vc_column width=&#8221;1\/2&#8243; el_class=&#8221;image-column-remove-padding image-headband&#8221;][vc_single_image image=&#8221;580379&#8243; img_size=&#8221;full&#8221; style=&#8221;vc_box_rounded&#8221; el_class=&#8221;image-headband-frontpage&#8221;][\/vc_column][\/vc_row][vc_row css=&#8221;.vc_custom_1751986037124{margin-right: 5% !important;margin-left: 5% !important;}&#8221;][vc_column][vc_empty_space height=&#8221;75px&#8221;][vc_column_text]<\/p>\n<h2 style=\"text-align: left;\"><span style=\"color: #00adef;\">NOS COURS<\/span><\/h2>\n<p>[\/vc_column_text][\/vc_column][\/vc_row][vc_row css=&#8221;.vc_custom_1723108733576{margin-right: 5% !important;margin-left: 5% !important;}&#8221;][vc_column width=&#8221;1\/4&#8243;][vc_single_image image=&#8221;580223&#8243; img_size=&#8221;400&#215;250&#8243; style=&#8221;vc_box_rounded&#8221; css=&#8221;.vc_custom_1755092285813{background-position: center !important;background-repeat: no-repeat !important;background-size: cover !important;}&#8221;][vc_column_text css=&#8221;.vc_custom_1760970117103{padding-right: 20% !important;}&#8221;]<\/p>\n<h6><strong>Cours collectifs enfants<\/strong><\/h6>\n<p>Les cours collectifs enfants \u00e0 Val d\u2019Is\u00e8re sont organis\u00e9s par niveau et \u00e2ge, avec un nombre limit\u00e9 de participants. Nos sessions visent \u00e0 renforcer la confiance et am\u00e9liorer la technique de ski.[\/vc_column_text][vc_btn title=&#8221;R\u00e9servez maintenant&#8221; style=&#8221;outline&#8221; color=&#8221;sky&#8221; link=&#8221;url:https%3A%2F%2Fbooking.yoplanning.pro%2Fc5caa709-4c75-4ce9-a760-d60689a200e3%2F%3Ftag%3D314e4ce0-83a7-47f5-ba98-d76b1296ec9e|target:_blank|&#8221;][\/vc_column][vc_column width=&#8221;1\/4&#8243;][vc_single_image image=&#8221;580259&#8243; img_size=&#8221;400&#215;250&#8243; style=&#8221;vc_box_rounded&#8221; css=&#8221;.vc_custom_1755092276601{background-position: center !important;background-repeat: no-repeat !important;background-size: cover !important;}&#8221;][vc_column_text css=&#8221;.vc_custom_1760970361191{padding-right: 20% !important;}&#8221;]<\/p>\n<h6><strong>Cours collectifs adolescents<\/strong><\/h6>\n<p>Pr\u00eat \u00e0 rider plus fort ? Ces cours sont faits pour les ados entre 12 et 17 ans qui veulent booster leur style, progresser vite et repousser leurs limites. Plus de technique, plus de confiance\u2026 et surtout plus de fun sur les pistes ![\/vc_column_text][vc_btn title=&#8221;R\u00e9servez maintenant&#8221; style=&#8221;outline&#8221; color=&#8221;sky&#8221; link=&#8221;url:https%3A%2F%2Fbooking.yoplanning.pro%2Fc5caa709-4c75-4ce9-a760-d60689a200e3%2F%3Ftag%3D9d28fdab-5019-45bd-934a-9124fe080993|target:_blank|&#8221;][\/vc_column][vc_column width=&#8221;1\/4&#8243;][vc_single_image image=&#8221;580289&#8243; img_size=&#8221;400&#215;250&#8243; style=&#8221;vc_box_rounded&#8221; css=&#8221;.vc_custom_1755092312938{background-position: center !important;background-repeat: no-repeat !important;background-size: cover !important;}&#8221;][vc_column_text css=&#8221;.vc_custom_1760970355350{padding-right: 20% !important;}&#8221;]<\/p>\n<h6><strong>Cours collectifs adultes<\/strong><\/h6>\n<p>Progressez dans une ambiance conviviale avec Oxyg\u00e8ne Val d\u2019Is\u00e8re ! Que vous d\u00e9couvriez le ski ou cherchiez de nouvelles sensations, nos moniteurs s\u2019adaptent \u00e0 votre niveau et vous font profiter pleinement du plaisir de la glisse.[\/vc_column_text][vc_btn title=&#8221;R\u00e9servez maintenant&#8221; style=&#8221;outline&#8221; color=&#8221;sky&#8221; link=&#8221;url:https%3A%2F%2Fbooking.yoplanning.pro%2Fc5caa709-4c75-4ce9-a760-d60689a200e3%2F%3Ftag%3D71d0ba54-2e76-4acb-a592-10ea428726cc|target:_blank|&#8221;][\/vc_column][vc_column width=&#8221;1\/4&#8243;][vc_single_image image=&#8221;577089&#8243; img_size=&#8221;400&#215;250&#8243; style=&#8221;vc_box_rounded&#8221; css=&#8221;.vc_custom_1755092320712{background-position: center !important;background-repeat: no-repeat !important;background-size: cover !important;}&#8221;][vc_column_text css=&#8221;.vc_custom_1760970349518{padding-right: 20% !important;}&#8221;]<\/p>\n<h6><strong>Cours collectifs snowboard<\/strong><\/h6>\n<p>Vous \u00eates d\u00e9butant ? Venez d\u00e9couvrir les bases du snowboard en toute confiance. D\u00e9j\u00e0 rider confirm\u00e9 ? Perfectionnez votre style et explorez le domaine avec nos moniteurs Oxyg\u00e8ne. Progression, sensations et fun garantis ![\/vc_column_text][vc_btn title=&#8221;R\u00e9servez maintenant&#8221; style=&#8221;outline&#8221; color=&#8221;sky&#8221; link=&#8221;url:https%3A%2F%2Fbooking.yoplanning.pro%2Fc5caa709-4c75-4ce9-a760-d60689a200e3%2F%3Ftag%3D5792cc27-f681-48be-acaa-de718d3387d1|target:_blank|&#8221;][\/vc_column][\/vc_row][vc_row][vc_column][vc_empty_space height=&#8221;25px&#8221;][\/vc_column][\/vc_row][vc_row css=&#8221;.vc_custom_1723108748514{margin-right: 5% !important;margin-left: 5% !important;}&#8221;][vc_column width=&#8221;1\/4&#8243;][vc_single_image image=&#8221;580254&#8243; img_size=&#8221;400&#215;250&#8243; style=&#8221;vc_box_rounded&#8221; css=&#8221;.vc_custom_1755092335353{background-position: center !important;background-repeat: no-repeat !important;background-size: cover !important;}&#8221;][vc_column_text css=&#8221;.vc_custom_1760970368311{padding-right: 20% !important;}&#8221;]<\/p>\n<h6><strong>Cours priv\u00e9s<\/strong><\/h6>\n<p>Seul avec un moniteur Oxyg\u00e8ne, profitez d\u2019un cours particulier pour progresser et am\u00e9liorer votre glisse dans la discipline de votre choix. Vous pouvez aussi partager ce moment avec vos amis ou des membres de votre famille pour plus de fun.[\/vc_column_text][vc_btn title=&#8221;R\u00e9servez maintenant&#8221; style=&#8221;outline&#8221; color=&#8221;sky&#8221; link=&#8221;url:https%3A%2F%2Fbooking.yoplanning.pro%2Fc5caa709-4c75-4ce9-a760-d60689a200e3%2F%3Ftag%3D851ef260-b387-4fdc-848f-95cd91f4bb4c|target:_blank|&#8221;][\/vc_column][vc_column width=&#8221;1\/4&#8243;][vc_single_image image=&#8221;580250&#8243; img_size=&#8221;400&#215;250&#8243; style=&#8221;vc_box_rounded&#8221; css=&#8221;.vc_custom_1755092352773{background-position: center !important;background-repeat: no-repeat !important;background-size: cover !important;}&#8221;][vc_column_text css=&#8221;.vc_custom_1760970381287{padding-right: 20% !important;}&#8221;]<\/p>\n<h6><strong>Hors-piste<\/strong><\/h6>\n<p>D\u00e9couvrez les plaisirs du ski hors-piste tout en apprenant les bonnes techniques. Vous \u00eates d\u00e9j\u00e0 aguerris, pas de souci ! Nos moniteurs vous montreront leurs meilleurs endroits pour faire le plein de poudreuse.[\/vc_column_text][vc_btn title=&#8221;R\u00e9servez maintenant&#8221; style=&#8221;outline&#8221; color=&#8221;sky&#8221; link=&#8221;url:https%3A%2F%2Fbooking.yoplanning.pro%2Fc5caa709-4c75-4ce9-a760-d60689a200e3%2F%3Ftag%3Dccb69322-ae77-43d9-bde1-0dad872928ad|target:_blank|&#8221;][\/vc_column][vc_column width=&#8221;1\/4&#8243;][vc_single_image image=&#8221;580245&#8243; img_size=&#8221;400&#215;250&#8243; style=&#8221;vc_box_rounded&#8221; css=&#8221;.vc_custom_1755092423048{background-position: center !important;background-repeat: no-repeat !important;background-size: cover !important;}&#8221;][vc_column_text css=&#8221;.vc_custom_1760970388774{padding-right: 20% !important;}&#8221;]<\/p>\n<h6><strong>Handiski<\/strong><\/h6>\n<p>Oxyg\u00e8ne s\u2019engage depuis toujours \u00e0 rendre les sports de glisse accessibles aux personnes \u00e0 mobilit\u00e9 r\u00e9duite et\/ou ayant des besoins sp\u00e9cifiques. Nous offrons des cours de handiski personnalis\u00e9s, adapt\u00e9s \u00e0 vos attentes et \u00e0 vos besoins.[\/vc_column_text][vc_btn title=&#8221;R\u00e9servez maintenant&#8221; style=&#8221;outline&#8221; color=&#8221;sky&#8221; link=&#8221;url:https%3A%2F%2Fbooking.yoplanning.pro%2Fc5caa709-4c75-4ce9-a760-d60689a200e3%2F%3Ftag%3D6154c6e9-2ac3-411f-8643-f08fb21af820|target:_blank|&#8221;][\/vc_column][vc_column width=&#8221;1\/4&#8243;][vc_single_image image=&#8221;578273&#8243; img_size=&#8221;400&#215;250&#8243; style=&#8221;vc_box_rounded&#8221; css=&#8221;.vc_custom_1757941811595{background-position: center !important;background-repeat: no-repeat !important;background-size: cover !important;}&#8221;][vc_column_text css=&#8221;.vc_custom_1760970409760{padding-right: 20% !important;}&#8221;]<\/p>\n<h6><strong>Activit\u00e9s outdoor<\/strong><\/h6>\n<p>Oxyg\u00e8ne, c\u2019est du ski et du snowboard sous toutes ses formes, mais pas que ! vous pouvez aussi profiter de la neige et de l\u2019apr\u00e8s-ski en d\u00e9couvrant la montagne autrement gr\u00e2ce \u00e0 nos activit\u00e9s outdoor.[\/vc_column_text][vc_btn title=&#8221;R\u00e9servez maintenant&#8221; style=&#8221;outline&#8221; color=&#8221;sky&#8221; link=&#8221;url:https%3A%2F%2Fbooking.yoplanning.pro%2Fc5caa709-4c75-4ce9-a760-d60689a200e3%2F%3Ftag%3Dc9d34bfc-40ef-4f29-87fc-1fe63f88b27e|target:_blank|&#8221;][\/vc_column][\/vc_row][vc_row][vc_column][vc_empty_space height=&#8221;75px&#8221;][\/vc_column][\/vc_row][vc_row css=&#8221;.vc_custom_1723108681859{margin-right: 5% !important;margin-left: 5% !important;}&#8221;][vc_column width=&#8221;1\/2&#8243;][vc_empty_space height=&#8221;10px&#8221;][vc_column_text]<\/p>\n<h2 style=\"text-align: left;\"><span style=\"color: #00adef;\">POINT DE RENDEZ-VOUS<\/span><\/h2>\n<div id=\"gtx-trans\" style=\"position: absolute; left: -67px; top: -0.5625px;\">\n<div class=\"gtx-trans-icon\"><\/div>\n<\/div>\n<p>[\/vc_column_text][vc_column_text css=&#8221;.vc_custom_1724407678632{margin-right: 25% !important;}&#8221;]R\u00e9servation confirm\u00e9e et chaussures bien attach\u00e9es ? C\u2019est parti.<\/p>\n<p>Retrouvez-nous sur le front de neige de Val d\u2019Is\u00e8re, en face du t\u00e9l\u00e9si\u00e8ge de Bellevarde Express. Vous apercevrez nos drapeaux Oxyg\u00e8ne, nos moniteurs en tenues bleues et oranges et leurs grands sourires ! Vous ne pouvez pas nous manquer.[\/vc_column_text][vc_btn title=&#8221;Voir le plan&#8221; link=&#8221;url:https%3A%2F%2Fmaps.app.goo.gl%2F1q5YTZZUXZAWPFBMA|target:_blank|&#8221;][\/vc_column][vc_column width=&#8221;1\/2&#8243; el_class=&#8221;image-column-remove-padding image-headband&#8221;][vc_single_image image=&#8221;580940&#8243; img_size=&#8221;full&#8221; style=&#8221;vc_box_rounded&#8221; el_class=&#8221;image-headband-frontpage&#8221;][\/vc_column][\/vc_row][vc_row][vc_column][vc_empty_space height=&#8221;75px&#8221;][\/vc_column][\/vc_row][vc_row equal_height=&#8221;yes&#8221; content_placement=&#8221;middle&#8221;][vc_column width=&#8221;1\/2&#8243; css=&#8221;.vc_custom_1724442514869{padding-top: 140px !important;padding-bottom: 140px !important;background-image: url(https:\/\/oxygene.ski\/wp-content\/uploads\/2024\/08\/ox-website-equipment-ski-hire-location.jpg?id=576361) !important;background-position: center !important;background-repeat: no-repeat !important;background-size: cover !important;}&#8221;][vc_column_text css=&#8221;.vc_custom_1724675290498{margin-right: 10% !important;margin-left: 10% !important;}&#8221;]<\/p>\n<h3 style=\"text-align: center;\"><span style=\"color: #ffffff;\">LOCATION DE MAT\u00c9RIEL EN MAGASIN<\/span><\/h3>\n<p style=\"text-align: center;\"><span style=\"color: #ffffff;\">Laissez-nous vous \u00e9quiper de la t\u00eate aux pieds. Chaussures, skis, snowboards, skis hors-piste, skis de fond, splitboard et plus encore. Nous vous proposons de la location de mat\u00e9riel de glisse pour tous les go\u00fbts et toute la famille.<\/span><\/p>\n<p>[\/vc_column_text][vc_btn title=&#8221;Plus d&#8217;information&#8221; align=&#8221;center&#8221; link=&#8221;url:https%3A%2F%2Foxygene.ski%2Ffr%2Flocation-materiel-ski-val-disere%2F|target:_blank|&#8221;][\/vc_column][vc_column width=&#8221;1\/2&#8243; css=&#8221;.vc_custom_1724442503672{padding-top: 140px !important;padding-bottom: 140px !important;background-image: url(https:\/\/oxygene.ski\/wp-content\/uploads\/2024\/07\/la-rosiere-1.jpg?id=573914) !important;background-position: center !important;background-repeat: no-repeat !important;background-size: cover !important;}&#8221;][vc_column_text css=&#8221;.vc_custom_1724675305014{margin-right: 10% !important;margin-left: 10% !important;}&#8221;]<\/p>\n<h3 style=\"text-align: center;\"><span style=\"color: #ffffff;\">VOTRE SKI SHOP \u00c0 DOMICILE<\/span><\/h3>\n<p style=\"text-align: center;\"><span style=\"color: #ffffff;\">R\u00e9servez en ligne et nous nous occupons du reste : le r\u00e9glage du mat\u00e9riel de ski et de snowboard par un technicien expert et la livraison dans votre chalet. Un service digne des meilleurs magasins de sport, \u00e0 votre porte, sans les inconv\u00e9nients.<\/span><\/p>\n<p>[\/vc_column_text][vc_btn title=&#8221;Plus d&#8217;information&#8221; align=&#8221;center&#8221; link=&#8221;url:https%3A%2F%2Foxygene.ski%2Ffr%2Fchalet-fitting%2F|target:_blank|&#8221;][\/vc_column][\/vc_row][vc_row][vc_column][vc_empty_space height=&#8221;50px&#8221;][\/vc_column][\/vc_row][vc_row css=&#8221;.vc_custom_1723108765228{margin-right: 5% !important;margin-left: 5% !important;}&#8221;][vc_column][vc_column_text]<\/p>\n<h3 style=\"text-align: left;\"><span style=\"color: #00adef;\">DES QUESTIONS ? CONTACTEZ-NOUS<\/span><\/h3>\n<p>[\/vc_column_text][vc_empty_space height=&#8221;30px&#8221;][vc_row_inner][vc_column_inner width=&#8221;1\/2&#8243;][vc_single_image image=&#8221;572826&#8243; img_size=&#8221;medium&#8221; alignment=&#8221;center&#8221;][vc_column_text]<\/p>\n<p style=\"text-align: center;\">Oxyg\u00e8ne \u00c9cole de Ski &amp; Snowboard\u00a0<strong>Val d\u2019Is\u00e8re<\/strong><br \/>\nJoignables toute l\u2019ann\u00e9e, nous serons ravis de mettre<br \/>\nnotre expertise \u00e0 votre disposition.<\/p>\n<p>[\/vc_column_text][vc_btn title=&#8221;+33 (0)4 79 41 99 58&#8243; align=&#8221;center&#8221; link=&#8221;url:tel%3A%2B33479419958|&#8221;][\/vc_column_inner][vc_column_inner width=&#8221;1\/2&#8243;][vc_single_image image=&#8221;572829&#8243; img_size=&#8221;medium&#8221; alignment=&#8221;center&#8221;][vc_column_text]<\/p>\n<p style=\"text-align: center;\">Oxyg\u00e8ne \u00c9cole de Ski &amp; Snowboard\u00a0<strong>Val d\u2019Is\u00e8re<\/strong><br \/>\nBP110 Galerie des Cimes \u2013 73150 Val d\u2019Is\u00e8re Cedex<\/p>\n<p>[\/vc_column_text][vc_btn title=&#8221;Voir la carte&#8221; align=&#8221;center&#8221; link=&#8221;url:https%3A%2F%2Fwww.google.com%2Fmaps%2Fplace%2FOxyg%25C3%25A8ne%2BVal%2Bd%27Is%25C3%25A8re%2BEcole%2Bde%2BSki%2B%2526%2BLocation%2Bde%2BSki%2F%4045.4507749%2C6.9731753%2C16.19z%2Fdata%3D%214m6%213m5%211s0x47890be8ce1185d3%3A0xc73c3200c149fe33%218m2%213d45.450893%214d6.977025%2116s%252Fg%252F1tfc5hhy%3Fentry%3Dttu|target:_blank|&#8221;][\/vc_column_inner][\/vc_row_inner][vc_empty_space][vc_single_image image=&#8221;572831&#8243; alignment=&#8221;center&#8221;][vc_column_text]<\/p>\n<h4 style=\"text-align: center;\"><span style=\"color: #00adef;\">\u00c9CRIVEZ-NOUS !<\/span><\/h4>\n<p>[\/vc_column_text][vc_btn title=&#8221;valdisere@oxygene.ski&#8221; align=&#8221;center&#8221; link=&#8221;url:mailto%3A%20valdisere%40oxygene.ski|target:_blank|&#8221;][vc_empty_space][\/vc_column][\/vc_row]<\/p>\n","protected":false},"excerpt":{"rendered":"<p>[vc_row content_placement=&#8221;middle&#8221; css=&#8221;.vc_custom_1757270527601{background-position: center !important;background-repeat: no-repeat !important;background-size: cover !important;}&#8221;][vc_column el_class=&#8221;image-column-remove-padding image-headband&#8221;][vc_single_image image=&#8221;580377&#8243; img_size=&#8221;full&#8221; el_class=&#8221;image-headband-frontpage-main&#8221;][\/vc_column][\/vc_row][vc_row][vc_column][vc_empty_space height=&#8221;50px&#8221;][\/vc_column][\/vc_row][vc_row css=&#8221;.vc_custom_1723108676047{margin-right: 5% !important;margin-left: 5% !important;}&#8221;][vc_column width=&#8221;1\/2&#8243;][vc_column_text] BIENVENUE \u00c0 VAL D&#8217;IS\u00c8RE [\/vc_column_text][vc_column_text css=&#8221;.vc_custom_1724071497703{margin-right: 20px !important;}&#8221;]L\u2019\u00e9cole de ski Oxyg\u00e8ne Val d\u2019Is\u00e8re vous offre le meilleur du ski et du snowboard depuis 1995 : cours collectifs et priv\u00e9s enfants et adultes, activit\u00e9s \u00e0 [&hellip;]<\/p>\n","protected":false},"author":7448,"featured_media":0,"parent":0,"menu_order":19,"comment_status":"closed","ping_status":"closed","template":"page-full-width.php","meta":{"footnotes":""},"yoast_head":"<!-- This site is optimized with the Yoast SEO plugin v22.2 - https:\/\/yoast.com\/wordpress\/plugins\/seo\/ -->\n<title>Bienvenue \u00e0 Val d&#039;Is\u00e8re | Oxyg\u00e8ne \u00c9cole de Ski &amp; Snowboard<\/title>\n<meta name=\"description\" content=\"Oxyg\u00e8ne Val d&#039;Is\u00e8re, votre \u00e9cole de ski qui propose un large \u00e9ventail de cours collectifs, de cours priv\u00e9s, de sessions hors-piste, de cours handiski et d&#039;activit\u00e9s.\" \/>\n<meta name=\"robots\" content=\"index, follow, max-snippet:-1, max-image-preview:large, max-video-preview:-1\" \/>\n<link rel=\"canonical\" href=\"https:\/\/oxygene.ski\/fr\/ecole-de-ski-val-d-isere\/\" \/>\n<meta property=\"og:locale\" content=\"fr_FR\" \/>\n<meta property=\"og:type\" content=\"article\" \/>\n<meta property=\"og:title\" content=\"Bienvenue \u00e0 Val d&#039;Is\u00e8re | Oxyg\u00e8ne \u00c9cole de Ski &amp; Snowboard\" \/>\n<meta property=\"og:description\" content=\"Oxyg\u00e8ne Val d&#039;Is\u00e8re, votre \u00e9cole de ski qui propose un large \u00e9ventail de cours collectifs, de cours priv\u00e9s, de sessions hors-piste, de cours handiski et d&#039;activit\u00e9s.\" \/>\n<meta property=\"og:url\" content=\"https:\/\/oxygene.ski\/fr\/ecole-de-ski-val-d-isere\/\" \/>\n<meta property=\"og:site_name\" content=\"Oxyg\u00e8ne Ski &amp; Snowboard School\" \/>\n<meta property=\"article:publisher\" content=\"https:\/\/www.facebook.com\/OxygeneSki\" \/>\n<meta property=\"article:modified_time\" content=\"2026-02-17T09:38:06+00:00\" \/>\n<meta name=\"twitter:card\" content=\"summary_large_image\" \/>\n<meta name=\"twitter:site\" content=\"@Oxygene_Ski\" \/>\n<meta name=\"twitter:label1\" content=\"Est. reading time\" \/>\n\t<meta name=\"twitter:data1\" content=\"5 minutes\" \/>\n<script type=\"application\/ld+json\" class=\"yoast-schema-graph\">{\"@context\":\"https:\/\/schema.org\",\"@graph\":[{\"@type\":\"WebPage\",\"@id\":\"https:\/\/oxygene.ski\/fr\/ecole-de-ski-val-d-isere\/\",\"url\":\"https:\/\/oxygene.ski\/fr\/ecole-de-ski-val-d-isere\/\",\"name\":\"Bienvenue \u00e0 Val d'Is\u00e8re | Oxyg\u00e8ne \u00c9cole de Ski & Snowboard\",\"isPartOf\":{\"@id\":\"https:\/\/oxygene.ski\/#website\"},\"datePublished\":\"2025-03-21T15:27:46+00:00\",\"dateModified\":\"2026-02-17T09:38:06+00:00\",\"description\":\"Oxyg\u00e8ne Val d'Is\u00e8re, votre \u00e9cole de ski qui propose un large \u00e9ventail de cours collectifs, de cours priv\u00e9s, de sessions hors-piste, de cours handiski et d'activit\u00e9s.\",\"breadcrumb\":{\"@id\":\"https:\/\/oxygene.ski\/fr\/ecole-de-ski-val-d-isere\/#breadcrumb\"},\"inLanguage\":\"fr\",\"potentialAction\":[{\"@type\":\"ReadAction\",\"target\":[\"https:\/\/oxygene.ski\/fr\/ecole-de-ski-val-d-isere\/\"]}]},{\"@type\":\"BreadcrumbList\",\"@id\":\"https:\/\/oxygene.ski\/fr\/ecole-de-ski-val-d-isere\/#breadcrumb\",\"itemListElement\":[{\"@type\":\"ListItem\",\"position\":1,\"name\":\"Home\",\"item\":\"https:\/\/oxygene.ski\/fr\/accueil\/\"},{\"@type\":\"ListItem\",\"position\":2,\"name\":\"Val d&#8217;Is\u00e8re\"}]},{\"@type\":\"WebSite\",\"@id\":\"https:\/\/oxygene.ski\/#website\",\"url\":\"https:\/\/oxygene.ski\/\",\"name\":\"Oxyg\u00e8ne Ski &amp; Snowboard School\",\"description\":\"\",\"potentialAction\":[{\"@type\":\"SearchAction\",\"target\":{\"@type\":\"EntryPoint\",\"urlTemplate\":\"https:\/\/oxygene.ski\/?s={search_term_string}\"},\"query-input\":\"required name=search_term_string\"}],\"inLanguage\":\"fr\"}]}<\/script>\n<!-- \/ Yoast SEO plugin. -->","yoast_head_json":{"title":"Bienvenue \u00e0 Val d'Is\u00e8re | Oxyg\u00e8ne \u00c9cole de Ski & Snowboard","description":"Oxyg\u00e8ne Val d'Is\u00e8re, votre \u00e9cole de ski qui propose un large \u00e9ventail de cours collectifs, de cours priv\u00e9s, de sessions hors-piste, de cours handiski et d'activit\u00e9s.","robots":{"index":"index","follow":"follow","max-snippet":"max-snippet:-1","max-image-preview":"max-image-preview:large","max-video-preview":"max-video-preview:-1"},"canonical":"https:\/\/oxygene.ski\/fr\/ecole-de-ski-val-d-isere\/","og_locale":"fr_FR","og_type":"article","og_title":"Bienvenue \u00e0 Val d'Is\u00e8re | Oxyg\u00e8ne \u00c9cole de Ski & Snowboard","og_description":"Oxyg\u00e8ne Val d'Is\u00e8re, votre \u00e9cole de ski qui propose un large \u00e9ventail de cours collectifs, de cours priv\u00e9s, de sessions hors-piste, de cours handiski et d'activit\u00e9s.","og_url":"https:\/\/oxygene.ski\/fr\/ecole-de-ski-val-d-isere\/","og_site_name":"Oxyg\u00e8ne Ski &amp; Snowboard School","article_publisher":"https:\/\/www.facebook.com\/OxygeneSki","article_modified_time":"2026-02-17T09:38:06+00:00","twitter_card":"summary_large_image","twitter_site":"@Oxygene_Ski","twitter_misc":{"Est. reading time":"5 minutes"},"schema":{"@context":"https:\/\/schema.org","@graph":[{"@type":"WebPage","@id":"https:\/\/oxygene.ski\/fr\/ecole-de-ski-val-d-isere\/","url":"https:\/\/oxygene.ski\/fr\/ecole-de-ski-val-d-isere\/","name":"Bienvenue \u00e0 Val d'Is\u00e8re | Oxyg\u00e8ne \u00c9cole de Ski & Snowboard","isPartOf":{"@id":"https:\/\/oxygene.ski\/#website"},"datePublished":"2025-03-21T15:27:46+00:00","dateModified":"2026-02-17T09:38:06+00:00","description":"Oxyg\u00e8ne Val d'Is\u00e8re, votre \u00e9cole de ski qui propose un large \u00e9ventail de cours collectifs, de cours priv\u00e9s, de sessions hors-piste, de cours handiski et d'activit\u00e9s.","breadcrumb":{"@id":"https:\/\/oxygene.ski\/fr\/ecole-de-ski-val-d-isere\/#breadcrumb"},"inLanguage":"fr","potentialAction":[{"@type":"ReadAction","target":["https:\/\/oxygene.ski\/fr\/ecole-de-ski-val-d-isere\/"]}]},{"@type":"BreadcrumbList","@id":"https:\/\/oxygene.ski\/fr\/ecole-de-ski-val-d-isere\/#breadcrumb","itemListElement":[{"@type":"ListItem","position":1,"name":"Home","item":"https:\/\/oxygene.ski\/fr\/accueil\/"},{"@type":"ListItem","position":2,"name":"Val d&#8217;Is\u00e8re"}]},{"@type":"WebSite","@id":"https:\/\/oxygene.ski\/#website","url":"https:\/\/oxygene.ski\/","name":"Oxyg\u00e8ne Ski &amp; Snowboard School","description":"","potentialAction":[{"@type":"SearchAction","target":{"@type":"EntryPoint","urlTemplate":"https:\/\/oxygene.ski\/?s={search_term_string}"},"query-input":"required name=search_term_string"}],"inLanguage":"fr"}]}},"_links":{"self":[{"href":"https:\/\/oxygene.ski\/fr\/wp-json\/wp\/v2\/pages\/578953"}],"collection":[{"href":"https:\/\/oxygene.ski\/fr\/wp-json\/wp\/v2\/pages"}],"about":[{"href":"https:\/\/oxygene.ski\/fr\/wp-json\/wp\/v2\/types\/page"}],"author":[{"embeddable":true,"href":"https:\/\/oxygene.ski\/fr\/wp-json\/wp\/v2\/users\/7448"}],"replies":[{"embeddable":true,"href":"https:\/\/oxygene.ski\/fr\/wp-json\/wp\/v2\/comments?post=578953"}],"version-history":[{"count":40,"href":"https:\/\/oxygene.ski\/fr\/wp-json\/wp\/v2\/pages\/578953\/revisions"}],"predecessor-version":[{"id":583070,"href":"https:\/\/oxygene.ski\/fr\/wp-json\/wp\/v2\/pages\/578953\/revisions\/583070"}],"wp:attachment":[{"href":"https:\/\/oxygene.ski\/fr\/wp-json\/wp\/v2\/media?parent=578953"}],"curies":[{"name":"wp","href":"https:\/\/api.w.org\/{rel}","templated":true}]}}