{"id":578949,"date":"2025-03-21T16:20:33","date_gmt":"2025-03-21T15:20:33","guid":{"rendered":"https:\/\/oxygene.ski\/vallee-dubaye\/"},"modified":"2026-01-14T11:35:27","modified_gmt":"2026-01-14T10:35:27","slug":"ecole-ski-vallee-dubaye","status":"publish","type":"page","link":"https:\/\/oxygene.ski\/fr\/ecole-ski-vallee-dubaye\/","title":{"rendered":"Vall\u00e9e d&#8217;Ubaye"},"content":{"rendered":"<p>[vc_row full_width=&#8221;stretch_row_content_no_spaces&#8221; content_placement=&#8221;middle&#8221;][vc_column el_class=&#8221;image-headband-column&#8221;][vc_single_image image=&#8221;581116&#8243; img_size=&#8221;full&#8221; alignment=&#8221;center&#8221; el_class=&#8221;image-headband&#8221;][\/vc_column][\/vc_row][vc_row][vc_column][vc_empty_space height=&#8221;50px&#8221;][\/vc_column][\/vc_row][vc_row css=&#8221;.vc_custom_1723108676047{margin-right: 5% !important;margin-left: 5% !important;}&#8221;][vc_column width=&#8221;1\/2&#8243;][vc_column_text]<\/p>\n<h1 style=\"text-align: left;\"><span style=\"color: #00adef;\">BIENVENUE DANS LA VALL\u00c9E D&#8217;UBAYE<\/span><\/h1>\n<p>[\/vc_column_text][vc_column_text css=&#8221;.vc_custom_1724070924602{margin-right: 20px !important;}&#8221;]Oxyg\u00e8ne arrive dans la Vall\u00e9e d\u2019Ubaye, un domaine exceptionnel pour les amateurs de grands espaces naturels pr\u00e9serv\u00e9s situ\u00e9 dans les Alpes-de-Haute-Provence, pr\u00e8s de Barcelonnette. Skiez avec Oxyg\u00e8ne dans les stations de Pra-Loup, le Sauze ou Sainte Anne.<\/p>\n<p>Isabelle a commenc\u00e9 \u00e0 enseigner le ski lorsqu\u2019elle avait 18 ans. Fi\u00e8re de ses origines, elle vous fera d\u00e9couvrir la r\u00e9gion d\u2019Ubaye, cette vall\u00e9e \u00e9poustouflante aux nombreux paysages naturels et authentiques.[\/vc_column_text][vc_column_text]<br \/>\n<strong>Ouvert du 13 d\u00e9cembre au 6 avril 2026<\/strong>. Plus de 80 pistes sur plus de 180 km.<br \/>\n[\/vc_column_text][vc_row_inner][vc_column_inner width=&#8221;1\/2&#8243;][vc_btn title=&#8221;Guide des niveaux&#8221; link=&#8221;url:https%3A%2F%2Foxygene.ski%2Ffr%2Fconnaitre-son-niveau-de-ski%2F|target:_blank|&#8221;][\/vc_column_inner][vc_column_inner width=&#8221;1\/2&#8243;][vc_btn title=&#8221;Plan des pistes de la Vall\u00e9e d&#8217;Ubaye&#8221; link=&#8221;url:https%3A%2F%2Fwww.praloup.com%2Fdomaine-skiable.html%23plan-interactif|target:_blank|&#8221;][\/vc_column_inner][\/vc_row_inner][\/vc_column][vc_column width=&#8221;1\/2&#8243; el_class=&#8221;image-column-remove-padding&#8221;][vc_single_image image=&#8221;580965&#8243; img_size=&#8221;full&#8221; alignment=&#8221;center&#8221; el_class=&#8221;image-headband&#8221;][\/vc_column][\/vc_row][vc_row css=&#8221;.vc_custom_1751985942984{margin-right: 5% !important;margin-left: 5% !important;}&#8221;][vc_column][vc_empty_space height=&#8221;75px&#8221;][vc_column_text]<\/p>\n<h2 style=\"text-align: left;\"><span style=\"color: #00adef;\">NOS COURS<\/span><\/h2>\n<p>[\/vc_column_text][\/vc_column][\/vc_row][vc_row css=&#8221;.vc_custom_1723108748514{margin-right: 5% !important;margin-left: 5% !important;}&#8221;][vc_column width=&#8221;1\/4&#8243;][vc_single_image image=&#8221;580254&#8243; img_size=&#8221;400&#215;250&#8243; style=&#8221;vc_box_rounded&#8221; css=&#8221;.vc_custom_1755092170478{background-position: center !important;background-repeat: no-repeat !important;background-size: cover !important;}&#8221;][vc_column_text css=&#8221;.vc_custom_1760969854858{padding-right: 20% !important;}&#8221;]<\/p>\n<h6><strong>Cours priv\u00e9s<\/strong><\/h6>\n<p>En t\u00eate-\u00e0-t\u00eate avec un moniteur Oxyg\u00e8ne, profitez-en pour am\u00e9liorer votre niveau. Les cours priv\u00e9s sont accessibles pour toutes les disciplines. Choisissez une session en solo ou partagez ce moment unique avec vos amis et\/ou votre famille pour une exp\u00e9rience inoubliable.[\/vc_column_text][vc_btn title=&#8221;En savoir plus&#8221; style=&#8221;outline&#8221; color=&#8221;sky&#8221; link=&#8221;url:https%3A%2F%2Foxygene.ski%2Ffr%2Fcours-prives%2F|target:_blank|&#8221;][\/vc_column][vc_column width=&#8221;1\/4&#8243;][vc_single_image image=&#8221;580250&#8243; img_size=&#8221;400&#215;250&#8243; style=&#8221;vc_box_rounded&#8221; css=&#8221;.vc_custom_1755092192829{background-position: center !important;background-repeat: no-repeat !important;background-size: cover !important;}&#8221;][vc_column_text css=&#8221;.vc_custom_1760969866651{padding-right: 20% !important;}&#8221;]<\/p>\n<h6><strong>Hors-piste<\/strong><\/h6>\n<p>Retrouvez-vous dans la neige fra\u00eeche avec un moniteur Oxyg\u00e8ne pour apprendre \u00e0 faire du hors-piste. Vous \u00eates d\u00e9j\u00e0 aguerris, pas de souci ! nos moniteurs vous montreront leurs meilleurs spots pour faire le plein de poudreuse.[\/vc_column_text][vc_btn title=&#8221;En savoir plus&#8221; style=&#8221;outline&#8221; color=&#8221;sky&#8221; link=&#8221;url:https%3A%2F%2Foxygene.ski%2Ffr%2Fcours-hors-piste%2F|target:_blank|&#8221;][\/vc_column][vc_column width=&#8221;1\/4&#8243;][\/vc_column][vc_column width=&#8221;1\/4&#8243;][\/vc_column][\/vc_row][vc_row][vc_column][vc_empty_space height=&#8221;75px&#8221;][\/vc_column][\/vc_row][vc_row css=&#8221;.vc_custom_1723108765228{margin-right: 5% !important;margin-left: 5% !important;}&#8221;][vc_column][vc_column_text]<\/p>\n<h3 style=\"text-align: left;\"><span style=\"color: #00adef;\">DES QUESTIONS ? CONTACTEZ-NOUS<\/span><\/h3>\n<p>[\/vc_column_text][vc_empty_space height=&#8221;30px&#8221;][vc_row_inner][vc_column_inner width=&#8221;1\/2&#8243;][vc_single_image image=&#8221;572826&#8243; img_size=&#8221;medium&#8221; alignment=&#8221;center&#8221;][vc_column_text]<\/p>\n<p style=\"text-align: center;\">Oxyg\u00e8ne \u00c9cole de Ski &amp; Snowboard\u00a0<strong>Vall\u00e9e d\u2019Ubaye<\/strong><br \/>\nAppelez-nous toute l\u2019ann\u00e9e, nous serons ravis de mettre<br \/>\nnotre expertise \u00e0 votre disposition.<\/p>\n<p>[\/vc_column_text][vc_btn title=&#8221;+33 (0)7 67 85 88 50&#8243; align=&#8221;center&#8221; link=&#8221;url:tel%3A%2B33767858550|&#8221;][\/vc_column_inner][vc_column_inner width=&#8221;1\/2&#8243;][vc_single_image image=&#8221;572829&#8243; img_size=&#8221;medium&#8221; alignment=&#8221;center&#8221;][vc_column_text]<\/p>\n<p style=\"text-align: center;\">Oxyg\u00e8ne \u00c9cole de Ski &amp; Snowboard\u00a0<strong>Vall\u00e9e d\u2019Ubaye<\/strong><\/p>\n<p>[\/vc_column_text][\/vc_column_inner][\/vc_row_inner][vc_empty_space][vc_single_image image=&#8221;572831&#8243; alignment=&#8221;center&#8221;][vc_column_text]<\/p>\n<h4 style=\"text-align: center;\"><span style=\"color: #00adef;\">\u00c9CRIVEZ-NOUS !<\/span><\/h4>\n<p>[\/vc_column_text][vc_btn title=&#8221;bookings@oxygene.ski&#8221; align=&#8221;center&#8221; link=&#8221;url:mailto%3Abookings%40oxygene.ski|target:_blank|&#8221;][vc_empty_space][\/vc_column][\/vc_row]<\/p>\n","protected":false},"excerpt":{"rendered":"<p>[vc_row full_width=&#8221;stretch_row_content_no_spaces&#8221; content_placement=&#8221;middle&#8221;][vc_column el_class=&#8221;image-headband-column&#8221;][vc_single_image image=&#8221;581116&#8243; img_size=&#8221;full&#8221; alignment=&#8221;center&#8221; el_class=&#8221;image-headband&#8221;][\/vc_column][\/vc_row][vc_row][vc_column][vc_empty_space height=&#8221;50px&#8221;][\/vc_column][\/vc_row][vc_row css=&#8221;.vc_custom_1723108676047{margin-right: 5% !important;margin-left: 5% !important;}&#8221;][vc_column width=&#8221;1\/2&#8243;][vc_column_text] BIENVENUE DANS LA VALL\u00c9E D&#8217;UBAYE [\/vc_column_text][vc_column_text css=&#8221;.vc_custom_1724070924602{margin-right: 20px !important;}&#8221;]Oxyg\u00e8ne arrive dans la Vall\u00e9e d\u2019Ubaye, un domaine exceptionnel pour les amateurs de grands espaces naturels pr\u00e9serv\u00e9s situ\u00e9 dans les Alpes-de-Haute-Provence, pr\u00e8s de Barcelonnette. Skiez avec Oxyg\u00e8ne dans les stations de Pra-Loup, [&hellip;]<\/p>\n","protected":false},"author":7448,"featured_media":0,"parent":0,"menu_order":19,"comment_status":"closed","ping_status":"closed","template":"page-full-width.php","meta":{"footnotes":""},"yoast_head":"<!-- This site is optimized with the Yoast SEO plugin v22.2 - https:\/\/yoast.com\/wordpress\/plugins\/seo\/ -->\n<title>Bienvenue dans la Vall\u00e9e d&#039;Ubaye | Oxyg\u00e8ne \u00c9cole de Ski &amp; Snowboard<\/title>\n<meta name=\"description\" content=\"Oxyg\u00e8ne Vall\u00e9e d&#039;Ubaye, votre \u00e9cole de ski qui propose un large \u00e9ventail de cours priv\u00e9s et de sessions hors-piste.\" \/>\n<meta name=\"robots\" content=\"index, follow, max-snippet:-1, max-image-preview:large, max-video-preview:-1\" \/>\n<link rel=\"canonical\" href=\"https:\/\/oxygene.ski\/fr\/ecole-ski-vallee-dubaye\/\" \/>\n<meta property=\"og:locale\" content=\"fr_FR\" \/>\n<meta property=\"og:type\" content=\"article\" \/>\n<meta property=\"og:title\" content=\"Bienvenue dans la Vall\u00e9e d&#039;Ubaye | Oxyg\u00e8ne \u00c9cole de Ski &amp; Snowboard\" \/>\n<meta property=\"og:description\" content=\"Oxyg\u00e8ne Vall\u00e9e d&#039;Ubaye, votre \u00e9cole de ski qui propose un large \u00e9ventail de cours priv\u00e9s et de sessions hors-piste.\" \/>\n<meta property=\"og:url\" content=\"https:\/\/oxygene.ski\/fr\/ecole-ski-vallee-dubaye\/\" \/>\n<meta property=\"og:site_name\" content=\"Oxyg\u00e8ne Ski &amp; Snowboard School\" \/>\n<meta property=\"article:publisher\" content=\"https:\/\/www.facebook.com\/OxygeneSki\" \/>\n<meta property=\"article:modified_time\" content=\"2026-01-14T10:35:27+00:00\" \/>\n<meta name=\"twitter:card\" content=\"summary_large_image\" \/>\n<meta name=\"twitter:site\" content=\"@Oxygene_Ski\" \/>\n<meta name=\"twitter:label1\" content=\"Est. reading time\" \/>\n\t<meta name=\"twitter:data1\" content=\"2 minutes\" \/>\n<script type=\"application\/ld+json\" class=\"yoast-schema-graph\">{\"@context\":\"https:\/\/schema.org\",\"@graph\":[{\"@type\":\"WebPage\",\"@id\":\"https:\/\/oxygene.ski\/fr\/ecole-ski-vallee-dubaye\/\",\"url\":\"https:\/\/oxygene.ski\/fr\/ecole-ski-vallee-dubaye\/\",\"name\":\"Bienvenue dans la Vall\u00e9e d'Ubaye | Oxyg\u00e8ne \u00c9cole de Ski & Snowboard\",\"isPartOf\":{\"@id\":\"https:\/\/oxygene.ski\/#website\"},\"datePublished\":\"2025-03-21T15:20:33+00:00\",\"dateModified\":\"2026-01-14T10:35:27+00:00\",\"description\":\"Oxyg\u00e8ne Vall\u00e9e d'Ubaye, votre \u00e9cole de ski qui propose un large \u00e9ventail de cours priv\u00e9s et de sessions hors-piste.\",\"breadcrumb\":{\"@id\":\"https:\/\/oxygene.ski\/fr\/ecole-ski-vallee-dubaye\/#breadcrumb\"},\"inLanguage\":\"fr\",\"potentialAction\":[{\"@type\":\"ReadAction\",\"target\":[\"https:\/\/oxygene.ski\/fr\/ecole-ski-vallee-dubaye\/\"]}]},{\"@type\":\"BreadcrumbList\",\"@id\":\"https:\/\/oxygene.ski\/fr\/ecole-ski-vallee-dubaye\/#breadcrumb\",\"itemListElement\":[{\"@type\":\"ListItem\",\"position\":1,\"name\":\"Home\",\"item\":\"https:\/\/oxygene.ski\/fr\/accueil\/\"},{\"@type\":\"ListItem\",\"position\":2,\"name\":\"Vall\u00e9e d&#8217;Ubaye\"}]},{\"@type\":\"WebSite\",\"@id\":\"https:\/\/oxygene.ski\/#website\",\"url\":\"https:\/\/oxygene.ski\/\",\"name\":\"Oxyg\u00e8ne Ski &amp; Snowboard School\",\"description\":\"\",\"potentialAction\":[{\"@type\":\"SearchAction\",\"target\":{\"@type\":\"EntryPoint\",\"urlTemplate\":\"https:\/\/oxygene.ski\/?s={search_term_string}\"},\"query-input\":\"required name=search_term_string\"}],\"inLanguage\":\"fr\"}]}<\/script>\n<!-- \/ Yoast SEO plugin. -->","yoast_head_json":{"title":"Bienvenue dans la Vall\u00e9e d'Ubaye | Oxyg\u00e8ne \u00c9cole de Ski & Snowboard","description":"Oxyg\u00e8ne Vall\u00e9e d'Ubaye, votre \u00e9cole de ski qui propose un large \u00e9ventail de cours priv\u00e9s et de sessions hors-piste.","robots":{"index":"index","follow":"follow","max-snippet":"max-snippet:-1","max-image-preview":"max-image-preview:large","max-video-preview":"max-video-preview:-1"},"canonical":"https:\/\/oxygene.ski\/fr\/ecole-ski-vallee-dubaye\/","og_locale":"fr_FR","og_type":"article","og_title":"Bienvenue dans la Vall\u00e9e d'Ubaye | Oxyg\u00e8ne \u00c9cole de Ski & Snowboard","og_description":"Oxyg\u00e8ne Vall\u00e9e d'Ubaye, votre \u00e9cole de ski qui propose un large \u00e9ventail de cours priv\u00e9s et de sessions hors-piste.","og_url":"https:\/\/oxygene.ski\/fr\/ecole-ski-vallee-dubaye\/","og_site_name":"Oxyg\u00e8ne Ski &amp; Snowboard School","article_publisher":"https:\/\/www.facebook.com\/OxygeneSki","article_modified_time":"2026-01-14T10:35:27+00:00","twitter_card":"summary_large_image","twitter_site":"@Oxygene_Ski","twitter_misc":{"Est. reading time":"2 minutes"},"schema":{"@context":"https:\/\/schema.org","@graph":[{"@type":"WebPage","@id":"https:\/\/oxygene.ski\/fr\/ecole-ski-vallee-dubaye\/","url":"https:\/\/oxygene.ski\/fr\/ecole-ski-vallee-dubaye\/","name":"Bienvenue dans la Vall\u00e9e d'Ubaye | Oxyg\u00e8ne \u00c9cole de Ski & Snowboard","isPartOf":{"@id":"https:\/\/oxygene.ski\/#website"},"datePublished":"2025-03-21T15:20:33+00:00","dateModified":"2026-01-14T10:35:27+00:00","description":"Oxyg\u00e8ne Vall\u00e9e d'Ubaye, votre \u00e9cole de ski qui propose un large \u00e9ventail de cours priv\u00e9s et de sessions hors-piste.","breadcrumb":{"@id":"https:\/\/oxygene.ski\/fr\/ecole-ski-vallee-dubaye\/#breadcrumb"},"inLanguage":"fr","potentialAction":[{"@type":"ReadAction","target":["https:\/\/oxygene.ski\/fr\/ecole-ski-vallee-dubaye\/"]}]},{"@type":"BreadcrumbList","@id":"https:\/\/oxygene.ski\/fr\/ecole-ski-vallee-dubaye\/#breadcrumb","itemListElement":[{"@type":"ListItem","position":1,"name":"Home","item":"https:\/\/oxygene.ski\/fr\/accueil\/"},{"@type":"ListItem","position":2,"name":"Vall\u00e9e d&#8217;Ubaye"}]},{"@type":"WebSite","@id":"https:\/\/oxygene.ski\/#website","url":"https:\/\/oxygene.ski\/","name":"Oxyg\u00e8ne Ski &amp; Snowboard School","description":"","potentialAction":[{"@type":"SearchAction","target":{"@type":"EntryPoint","urlTemplate":"https:\/\/oxygene.ski\/?s={search_term_string}"},"query-input":"required name=search_term_string"}],"inLanguage":"fr"}]}},"_links":{"self":[{"href":"https:\/\/oxygene.ski\/fr\/wp-json\/wp\/v2\/pages\/578949"}],"collection":[{"href":"https:\/\/oxygene.ski\/fr\/wp-json\/wp\/v2\/pages"}],"about":[{"href":"https:\/\/oxygene.ski\/fr\/wp-json\/wp\/v2\/types\/page"}],"author":[{"embeddable":true,"href":"https:\/\/oxygene.ski\/fr\/wp-json\/wp\/v2\/users\/7448"}],"replies":[{"embeddable":true,"href":"https:\/\/oxygene.ski\/fr\/wp-json\/wp\/v2\/comments?post=578949"}],"version-history":[{"count":22,"href":"https:\/\/oxygene.ski\/fr\/wp-json\/wp\/v2\/pages\/578949\/revisions"}],"predecessor-version":[{"id":582856,"href":"https:\/\/oxygene.ski\/fr\/wp-json\/wp\/v2\/pages\/578949\/revisions\/582856"}],"wp:attachment":[{"href":"https:\/\/oxygene.ski\/fr\/wp-json\/wp\/v2\/media?parent=578949"}],"curies":[{"name":"wp","href":"https:\/\/api.w.org\/{rel}","templated":true}]}}