{"id":578936,"date":"2025-03-21T15:55:43","date_gmt":"2025-03-21T14:55:43","guid":{"rendered":"https:\/\/oxygene.ski\/cours-collectifs-adolescents-2\/"},"modified":"2025-12-10T16:23:48","modified_gmt":"2025-12-10T15:23:48","slug":"cours-collectifs-adolescents","status":"publish","type":"page","link":"https:\/\/oxygene.ski\/fr\/cours-collectifs-adolescents\/","title":{"rendered":"Cours collectifs adolescents"},"content":{"rendered":"<p>[vc_row content_placement=&#8221;middle&#8221; css=&#8221;.vc_custom_1757269826569{background-position: center !important;background-repeat: no-repeat !important;background-size: cover !important;}&#8221;][vc_column el_class=&#8221;image-column-remove-padding image-headband&#8221;][vc_single_image image=&#8221;581460&#8243; img_size=&#8221;full&#8221; style=&#8221;vc_box_rounded&#8221; el_class=&#8221;image-headband-frontpage-main&#8221;][\/vc_column][\/vc_row][vc_row][vc_column][vc_empty_space height=&#8221;50px&#8221;][\/vc_column][\/vc_row][vc_row css=&#8221;.vc_custom_1721295204059{margin-right: 5% !important;margin-left: 5% !important;}&#8221;][vc_column width=&#8221;1\/2&#8243;][vc_empty_space height=&#8221;20px&#8221;][vc_column_text]<\/p>\n<h1 style=\"text-align: left;\"><span style=\"color: #00adef;\">COURS COLLECTIFS ADOLESCENTS<\/span><\/h1>\n<p>[\/vc_column_text][vc_column_text css=&#8221;.vc_custom_1724139902778{margin-right: 25% !important;}&#8221;]Vous avez des ados assoiff\u00e9s de neige dans votre tribu ?<\/p>\n<p>Parce qu\u2019on conna\u00eet leurs envies d\u2019\u00e9vasion, d\u2019aventure et d\u2019adr\u00e9naline, nous vous proposons des cours collectifs de ski Pro-Rider dans nos \u00e9coles Oxyg\u00e8ne. Ces cours ont \u00e9t\u00e9 con\u00e7us pour les jeunes skieurs de 12 \u00e0 17 ans de niveau confirm\u00e9 qui cherchent \u00e0 repousser leurs limites et \u00e0 d\u00e9couvrir le ski autrement. Vos ados vont profiter de leur s\u00e9jour au ski pour prendre davantage confiance en eux et am\u00e9liorer leur technique.[\/vc_column_text][vc_btn title=&#8221;Guide des niveaux&#8221; link=&#8221;url:https%3A%2F%2Foxygene.ski%2Ffr%2Fconnaitre-son-niveau-de-ski%2F|target:_blank|&#8221;][\/vc_column][vc_column width=&#8221;1\/2&#8243;][vc_row_inner gap=&#8221;35&#8243;][vc_column_inner el_class=&#8221;image-column-remove-padding image-headband&#8221; width=&#8221;1\/2&#8243; css=&#8221;.vc_custom_1757269895973{background-position: center !important;background-repeat: no-repeat !important;background-size: cover !important;}&#8221;][vc_single_image image=&#8221;581462&#8243; img_size=&#8221;500&#215;335&#8243; style=&#8221;vc_box_rounded&#8221;][\/vc_column_inner][vc_column_inner el_class=&#8221;image-column-remove-padding image-headband&#8221; width=&#8221;1\/2&#8243; css=&#8221;.vc_custom_1757269926836{background-position: center !important;background-repeat: no-repeat !important;background-size: cover !important;}&#8221;][vc_single_image image=&#8221;580308&#8243; img_size=&#8221;500&#215;335&#8243; style=&#8221;vc_box_rounded&#8221;][\/vc_column_inner][\/vc_row_inner][\/vc_column][\/vc_row][vc_row][vc_column][vc_empty_space height=&#8221;75px&#8221;][\/vc_column][\/vc_row][vc_row][vc_column css=&#8221;.vc_custom_1720507385365{margin-left: 10% !important;}&#8221;][vc_column_text]<\/p>\n<h2 style=\"text-align: left;\"><span style=\"color: #00adef;\">CLIQUEZ SUR LE LOGO DE VOTRE STATION PR\u00c9F\u00c9R\u00c9E POUR R\u00c9SERVER<\/span><\/h2>\n<p>[\/vc_column_text][\/vc_column][\/vc_row][vc_row][vc_column][vc_empty_space height=&#8221;20px&#8221;][\/vc_column][\/vc_row][vc_row css=&#8221;.vc_custom_1721292149420{margin-right: 5% !important;margin-left: 5% !important;}&#8221;][vc_column width=&#8221;1\/2&#8243;][vc_row_inner][vc_column_inner el_class=&#8221;border-radius: 30px;&#8221; width=&#8221;1\/5&#8243;][vc_single_image image=&#8221;574182&#8243; img_size=&#8221;100&#215;100&#8243; alignment=&#8221;center&#8221;][vc_btn title=&#8221;Belle Plagne&#8221; style=&#8221;outline&#8221; color=&#8221;sky&#8221; size=&#8221;sm&#8221; align=&#8221;center&#8221; link=&#8221;url:https%3A%2F%2Fbooking.yoplanning.pro%2Ffb81cc49-1fdd-4c97-b605-cc7f668ad62c%2F%3Ftag%3Ddee1a56d-b78c-4114-9e2c-9f94f9255d9c|target:_blank|&#8221;][\/vc_column_inner][vc_column_inner width=&#8221;1\/5&#8243; css=&#8221;.vc_custom_1724245659173{padding-right: 3% !important;padding-left: 3% !important;}&#8221;][vc_single_image image=&#8221;574188&#8243; img_size=&#8221;100&#215;100&#8243; alignment=&#8221;center&#8221;][vc_btn title=&#8221;La Plagne&#8221; style=&#8221;outline&#8221; color=&#8221;sky&#8221; size=&#8221;sm&#8221; align=&#8221;center&#8221; link=&#8221;url:https%3A%2F%2Fbooking.yoplanning.pro%2F4e1a2cf2-b77e-4bc7-9a1f-bd174f61282d%2F%3Ftag%3Ddee1a56d-b78c-4114-9e2c-9f94f9255d9c|target:_blank|&#8221;][\/vc_column_inner][vc_column_inner width=&#8221;1\/5&#8243;][vc_single_image image=&#8221;574194&#8243; img_size=&#8221;100&#215;100&#8243; alignment=&#8221;center&#8221;][vc_btn title=&#8221;Les Menuires&#8221; style=&#8221;outline&#8221; color=&#8221;sky&#8221; size=&#8221;sm&#8221; align=&#8221;center&#8221; link=&#8221;url:https%3A%2F%2Fbooking.yoplanning.pro%2F77738c58-6c53-4241-b88a-8f333097ccfd%2F%3Ftag%3D447711ab-9eb3-439e-a8ad-ee5bcc471b6a|target:_blank|&#8221;][\/vc_column_inner][vc_column_inner width=&#8221;1\/5&#8243;][vc_single_image image=&#8221;574198&#8243; img_size=&#8221;100&#215;100&#8243; alignment=&#8221;center&#8221;][vc_btn title=&#8221;M\u00e9ribel&#8221; style=&#8221;outline&#8221; color=&#8221;sky&#8221; size=&#8221;sm&#8221; align=&#8221;center&#8221; link=&#8221;url:https%3A%2F%2Fbooking.yoplanning.pro%2F7dc573eb-50ed-4d8c-9879-8ffaf2ee922e%2F%3Ftag%3Dd754d1e3-2db5-4404-87c5-9a86dade2b6f|target:_blank|&#8221;][\/vc_column_inner][vc_column_inner width=&#8221;1\/5&#8243;][vc_single_image image=&#8221;574210&#8243; img_size=&#8221;100&#215;100&#8243; alignment=&#8221;center&#8221;][vc_btn title=&#8221;Serre Chevalier&#8221; style=&#8221;outline&#8221; color=&#8221;sky&#8221; size=&#8221;sm&#8221; align=&#8221;center&#8221; link=&#8221;url:https%3A%2F%2Fbooking.yoplanning.pro%2F0f670fcf-0e6a-4dc5-b864-d53a102903cc%2F%3Ftag%3Dc4f9b9aa-4d4e-47fd-bb76-e6ca35e6aab4|target:_blank|&#8221;][\/vc_column_inner][\/vc_row_inner][\/vc_column][vc_column width=&#8221;1\/2&#8243;][vc_row_inner][vc_column_inner width=&#8221;1\/5&#8243;][vc_single_image image=&#8221;574202&#8243; img_size=&#8221;100&#215;100&#8243; alignment=&#8221;center&#8221;][vc_btn title=&#8221;Tignes&#8221; style=&#8221;outline&#8221; color=&#8221;sky&#8221; size=&#8221;sm&#8221; align=&#8221;center&#8221; link=&#8221;url:https%3A%2F%2Fbooking.yoplanning.pro%2F4fa00e28-3d2d-4916-97a6-75b8ce82acad%2F%3Ftag%3Df94733fa-ed13-4802-9393-b3ea7a7bd08b|target:_blank|&#8221;][\/vc_column_inner][vc_column_inner width=&#8221;1\/5&#8243;][vc_single_image image=&#8221;574204&#8243; img_size=&#8221;100&#215;100&#8243; alignment=&#8221;center&#8221;][vc_btn title=&#8221;Val d&#8217;Is\u00e8re&#8221; style=&#8221;outline&#8221; color=&#8221;sky&#8221; size=&#8221;sm&#8221; align=&#8221;center&#8221; link=&#8221;url:https%3A%2F%2Fbooking.yoplanning.pro%2Fc5caa709-4c75-4ce9-a760-d60689a200e3%2F%3Ftag%3D9d28fdab-5019-45bd-934a-9124fe080993|target:_blank|&#8221;][\/vc_column_inner][vc_column_inner width=&#8221;1\/5&#8243;][vc_single_image image=&#8221;574208&#8243; img_size=&#8221;100&#215;100&#8243; alignment=&#8221;center&#8221;][vc_btn title=&#8221;Val Thorens&#8221; style=&#8221;outline&#8221; color=&#8221;sky&#8221; size=&#8221;sm&#8221; align=&#8221;center&#8221; link=&#8221;url:https%3A%2F%2Fbooking.yoplanning.pro%2Fb4f09821-cd27-4251-baae-9a784a04489e%2F%3Ftag%3D0e764e8d-e280-41e7-a007-a1510ee48594|target:_blank|&#8221;][\/vc_column_inner][vc_column_inner width=&#8221;1\/5&#8243;][\/vc_column_inner][\/vc_row_inner][\/vc_column][\/vc_row][vc_row][vc_column][vc_empty_space height=&#8221;75px&#8221;][\/vc_column][\/vc_row][vc_row][vc_column][vc_row_inner][vc_column_inner width=&#8221;1\/2&#8243; css=&#8221;.vc_custom_1741855582616{padding-right: 10% !important;padding-left: 10% !important;}&#8221;][vc_column_text]<\/p>\n<p style=\"text-align: center;\"><span style=\"color: #00adef;\"><strong>AIMEZ APPRENDRE<\/strong><\/span><\/p>\n<p style=\"text-align: center;\">Notre philosophie du ski plaisir pr\u00e9sente dans nos cours s\u2019\u00e9tend au programme Pro-Rider. Les ma\u00eetres-mots sont pers\u00e9v\u00e9rance et divertissement afin d\u2019encourager une vision positive du ski et de tout ce qui gravite autour. Nous aidons vos ados \u00e0 repousser leurs limites et atteindre les sommets (de leurs envies) pour garantir qu\u2019ils n\u2019oublieront pas une seconde de leur s\u00e9jour au ski.<\/p>\n<p>[\/vc_column_text][\/vc_column_inner][vc_column_inner width=&#8221;1\/2&#8243; css=&#8221;.vc_custom_1741855614342{padding-right: 10% !important;padding-left: 10% !important;}&#8221;][vc_column_text]<\/p>\n<p style=\"text-align: center;\"><span style=\"color: #00adef;\"><strong>METTEZ-VOUS \u00c0 NIVEAU<\/strong><\/span><\/p>\n<p style=\"text-align: center;\">Pour rejoindre ces cours, vos ados doivent \u00eatre \u00e0 l\u2019aise sur tous types de pistes. Avides de sensations fortes, ils \u00e9volueront sur les bosses et les boxes du snowpark, ainsi que dans la poudreuse. Un programme intense pour perfectionner leur technique dans chaque discipline et les initier \u00e0 de nouvelles glisses. Besoin de plus d\u2019informations avant de les inscrire ? Contactez-nous.<\/p>\n<p>[\/vc_column_text][\/vc_column_inner][\/vc_row_inner][vc_empty_space height=&#8221;75px&#8221;][\/vc_column][\/vc_row][vc_row css=&#8221;.vc_custom_1723624984231{margin-right: 5% !important;margin-left: 5% !important;}&#8221;][vc_column width=&#8221;1\/2&#8243;][vc_column_text css=&#8221;.vc_custom_1755178405264{margin-right: 5% !important;}&#8221;]<\/p>\n<h3><span style=\"color: #00adef;\">CLUB D\u00c9JEUNER<\/span><\/h3>\n<p>&nbsp;<\/p>\n<p>Une matin\u00e9e compl\u00e8te sur les skis, c\u2019est \u00e9puisant. Pour calmer les ventres affam\u00e9s, nous proposons une formule Club D\u00e9jeuner, disponible dans nos stations, o\u00f9 nos jeunes athl\u00e8tes d\u00e9gusteront des plats \u00e9quilibr\u00e9s aux saveurs de notre r\u00e9gion. C\u2019est un excellent moyen de recharger les batteries pour garder l\u2019esprit vif et \u00eatre pr\u00eat \u00e0 repartir sur les pistes. Il suffit de r\u00e9server en ligne ou aupr\u00e8s de notre \u00e9quipe par t\u00e9l\u00e9phone. Voil\u00e0, la pause d\u00e9jeuner est termin\u00e9e ![\/vc_column_text][vc_row_inner][vc_column_inner width=&#8221;1\/4&#8243;][vc_single_image image=&#8221;574182&#8243; img_size=&#8221;40&#215;40&#8243; alignment=&#8221;center&#8221; onclick=&#8221;custom_link&#8221; img_link_target=&#8221;_blank&#8221; link=&#8221;https:\/\/booking.yoplanning.pro\/fb81cc49-1fdd-4c97-b605-cc7f668ad62c\/product\/c169916d-c1b7-472b-9897-3a1a9ca650e3&#8243;][vc_column_text]<\/p>\n<p style=\"text-align: center;\">BELLE PLAGNE<\/p>\n<div id=\"gtx-trans\" style=\"position: absolute; left: 176px; top: -10px;\">\n<div class=\"gtx-trans-icon\"><\/div>\n<\/div>\n<p>[\/vc_column_text][\/vc_column_inner][vc_column_inner width=&#8221;1\/4&#8243;][vc_single_image image=&#8221;574188&#8243; img_size=&#8221;40&#215;40&#8243; alignment=&#8221;center&#8221; onclick=&#8221;custom_link&#8221; img_link_target=&#8221;_blank&#8221; link=&#8221;https:\/\/booking.yoplanning.pro\/fb81cc49-1fdd-4c97-b605-cc7f668ad62c\/product\/4985be3b-cd57-4c1f-9962-db1208f6a53a&#8221;][vc_column_text]<\/p>\n<p style=\"text-align: center;\">LA PLAGNE<\/p>\n<div id=\"gtx-trans\" style=\"position: absolute; left: 291px; top: -10px;\">\n<div class=\"gtx-trans-icon\"><\/div>\n<\/div>\n<p>[\/vc_column_text][\/vc_column_inner][vc_column_inner width=&#8221;1\/4&#8243;][vc_single_image image=&#8221;574194&#8243; img_size=&#8221;40&#215;40&#8243; alignment=&#8221;center&#8221; onclick=&#8221;custom_link&#8221; img_link_target=&#8221;_blank&#8221; link=&#8221;https:\/\/booking.yoplanning.pro\/77738c58-6c53-4241-b88a-8f333097ccfd\/product\/5cd82fc6-3cdf-4319-9c68-bde29a03e89f&#8221;][vc_column_text]<\/p>\n<p style=\"text-align: center;\">LES MENUIRES<\/p>\n<div id=\"gtx-trans\" style=\"position: absolute; left: 290px; top: -10px;\">\n<div class=\"gtx-trans-icon\"><\/div>\n<\/div>\n<p>[\/vc_column_text][\/vc_column_inner][vc_column_inner width=&#8221;1\/4&#8243;][vc_single_image image=&#8221;574198&#8243; img_size=&#8221;40&#215;40&#8243; alignment=&#8221;center&#8221; onclick=&#8221;custom_link&#8221; img_link_target=&#8221;_blank&#8221; link=&#8221;https:\/\/booking.yoplanning.pro\/7dc573eb-50ed-4d8c-9879-8ffaf2ee922e\/product\/84ee2d66-1aa4-4f59-9500-0317b00438f4&#8243;][vc_column_text]<\/p>\n<p style=\"text-align: center;\">M\u00c9RIBEL<\/p>\n<div id=\"gtx-trans\" style=\"position: absolute; left: 246px; top: -10px;\">\n<div class=\"gtx-trans-icon\"><\/div>\n<\/div>\n<p>[\/vc_column_text][\/vc_column_inner][\/vc_row_inner][vc_row_inner][vc_column_inner width=&#8221;1\/4&#8243;][vc_single_image image=&#8221;574210&#8243; img_size=&#8221;40&#215;40&#8243; alignment=&#8221;center&#8221; onclick=&#8221;custom_link&#8221; img_link_target=&#8221;_blank&#8221; link=&#8221;https:\/\/oxygene.ski\/fr\/contactez-nous\/&#8221;][vc_column_text]<\/p>\n<p style=\"text-align: center;\">SERRE CHEVALIER<\/p>\n<div id=\"gtx-trans\" style=\"position: absolute; left: 92px; top: 38px;\">\n<div class=\"gtx-trans-icon\"><\/div>\n<\/div>\n<p>[\/vc_column_text][\/vc_column_inner][vc_column_inner width=&#8221;1\/4&#8243;][vc_single_image image=&#8221;574202&#8243; img_size=&#8221;40&#215;40&#8243; alignment=&#8221;center&#8221; onclick=&#8221;custom_link&#8221; img_link_target=&#8221;_blank&#8221; link=&#8221;https:\/\/booking.yoplanning.pro\/4fa00e28-3d2d-4916-97a6-75b8ce82acad\/product\/0589fa95-6888-4fcc-b858-cff6089dd9ed&#8221;][vc_column_text]<\/p>\n<p style=\"text-align: center;\">TIGNES<\/p>\n<div id=\"gtx-trans\" style=\"position: absolute; left: 266px; top: -10px;\">\n<div class=\"gtx-trans-icon\"><\/div>\n<\/div>\n<p>[\/vc_column_text][\/vc_column_inner][vc_column_inner width=&#8221;1\/4&#8243;][vc_single_image image=&#8221;574204&#8243; img_size=&#8221;40&#215;40&#8243; alignment=&#8221;center&#8221; onclick=&#8221;custom_link&#8221; img_link_target=&#8221;_blank&#8221; link=&#8221;https:\/\/booking.yoplanning.pro\/c5caa709-4c75-4ce9-a760-d60689a200e3\/?tag=84f3f948-5fe9-4a93-b56f-652b56998d16&#8243;][vc_column_text]<\/p>\n<p style=\"text-align: center;\">VAL D&#8217;IS\u00c8RE<\/p>\n<div id=\"gtx-trans\" style=\"position: absolute; left: 306px; top: 38px;\">\n<div class=\"gtx-trans-icon\"><\/div>\n<\/div>\n<p>[\/vc_column_text][\/vc_column_inner][vc_column_inner width=&#8221;1\/4&#8243;][vc_single_image image=&#8221;574208&#8243; img_size=&#8221;40&#215;40&#8243; alignment=&#8221;center&#8221; onclick=&#8221;custom_link&#8221; img_link_target=&#8221;_blank&#8221; link=&#8221;https:\/\/booking.yoplanning.pro\/b4f09821-cd27-4251-baae-9a784a04489e\/product\/352e60aa-409a-40d1-ac63-010a0b072c64&#8243;][vc_column_text]<\/p>\n<p style=\"text-align: center;\">VAL THORENS<\/p>\n<div id=\"gtx-trans\" style=\"position: absolute; left: 310px; top: 38px;\">\n<div class=\"gtx-trans-icon\"><\/div>\n<\/div>\n<p>[\/vc_column_text][\/vc_column_inner][\/vc_row_inner][\/vc_column][vc_column width=&#8221;1\/2&#8243; css=&#8221;.vc_custom_1757270019492{background-position: center !important;background-repeat: no-repeat !important;background-size: cover !important;}&#8221; el_class=&#8221;image-column-remove-padding image-headband&#8221;][vc_single_image image=&#8221;580306&#8243; img_size=&#8221;full&#8221; style=&#8221;vc_box_rounded&#8221; el_class=&#8221;image-headband-frontpage&#8221;][\/vc_column][\/vc_row][vc_row][vc_column][vc_empty_space height=&#8221;30px&#8221;][\/vc_column][\/vc_row]<\/p>\n","protected":false},"excerpt":{"rendered":"<p>[vc_row content_placement=&#8221;middle&#8221; css=&#8221;.vc_custom_1757269826569{background-position: center !important;background-repeat: no-repeat !important;background-size: cover !important;}&#8221;][vc_column el_class=&#8221;image-column-remove-padding image-headband&#8221;][vc_single_image image=&#8221;581460&#8243; img_size=&#8221;full&#8221; style=&#8221;vc_box_rounded&#8221; el_class=&#8221;image-headband-frontpage-main&#8221;][\/vc_column][\/vc_row][vc_row][vc_column][vc_empty_space height=&#8221;50px&#8221;][\/vc_column][\/vc_row][vc_row css=&#8221;.vc_custom_1721295204059{margin-right: 5% !important;margin-left: 5% !important;}&#8221;][vc_column width=&#8221;1\/2&#8243;][vc_empty_space height=&#8221;20px&#8221;][vc_column_text] COURS COLLECTIFS ADOLESCENTS [\/vc_column_text][vc_column_text css=&#8221;.vc_custom_1724139902778{margin-right: 25% !important;}&#8221;]Vous avez des ados assoiff\u00e9s de neige dans votre tribu ? Parce qu\u2019on conna\u00eet leurs envies d\u2019\u00e9vasion, d\u2019aventure et d\u2019adr\u00e9naline, nous vous proposons des cours collectifs [&hellip;]<\/p>\n","protected":false},"author":7448,"featured_media":0,"parent":0,"menu_order":19,"comment_status":"closed","ping_status":"closed","template":"page-full-width.php","meta":{"footnotes":""},"yoast_head":"<!-- This site is optimized with the Yoast SEO plugin v22.2 - https:\/\/yoast.com\/wordpress\/plugins\/seo\/ -->\n<title>Cours collectifs adolescents | Oxyg\u00e8ne \u00c9cole de Ski &amp; Snowboard<\/title>\n<meta name=\"description\" content=\"D\u00e9couvrez les cours collectifs Pro-Rider d\u2019Oxyg\u00e8ne, con\u00e7us pour r\u00e9pondre aux envies d\u2019\u00e9vasion, d\u2019aventure et d\u2019adr\u00e9naline de vos ados.\" \/>\n<meta name=\"robots\" content=\"index, follow, max-snippet:-1, max-image-preview:large, max-video-preview:-1\" \/>\n<link rel=\"canonical\" href=\"https:\/\/oxygene.ski\/fr\/cours-collectifs-adolescents\/\" \/>\n<meta property=\"og:locale\" content=\"fr_FR\" \/>\n<meta property=\"og:type\" content=\"article\" \/>\n<meta property=\"og:title\" content=\"Cours collectifs adolescents | Oxyg\u00e8ne \u00c9cole de Ski &amp; Snowboard\" \/>\n<meta property=\"og:description\" content=\"D\u00e9couvrez les cours collectifs Pro-Rider d\u2019Oxyg\u00e8ne, con\u00e7us pour r\u00e9pondre aux envies d\u2019\u00e9vasion, d\u2019aventure et d\u2019adr\u00e9naline de vos ados.\" \/>\n<meta property=\"og:url\" content=\"https:\/\/oxygene.ski\/fr\/cours-collectifs-adolescents\/\" \/>\n<meta property=\"og:site_name\" content=\"Oxyg\u00e8ne Ski &amp; Snowboard School\" \/>\n<meta property=\"article:publisher\" content=\"https:\/\/www.facebook.com\/OxygeneSki\" \/>\n<meta property=\"article:modified_time\" content=\"2025-12-10T15:23:48+00:00\" \/>\n<meta name=\"twitter:card\" content=\"summary_large_image\" \/>\n<meta name=\"twitter:site\" content=\"@Oxygene_Ski\" \/>\n<meta name=\"twitter:label1\" content=\"Est. reading time\" \/>\n\t<meta name=\"twitter:data1\" content=\"3 minutes\" \/>\n<script type=\"application\/ld+json\" class=\"yoast-schema-graph\">{\"@context\":\"https:\/\/schema.org\",\"@graph\":[{\"@type\":\"WebPage\",\"@id\":\"https:\/\/oxygene.ski\/fr\/cours-collectifs-adolescents\/\",\"url\":\"https:\/\/oxygene.ski\/fr\/cours-collectifs-adolescents\/\",\"name\":\"Cours collectifs adolescents | Oxyg\u00e8ne \u00c9cole de Ski & Snowboard\",\"isPartOf\":{\"@id\":\"https:\/\/oxygene.ski\/#website\"},\"datePublished\":\"2025-03-21T14:55:43+00:00\",\"dateModified\":\"2025-12-10T15:23:48+00:00\",\"description\":\"D\u00e9couvrez les cours collectifs Pro-Rider d\u2019Oxyg\u00e8ne, con\u00e7us pour r\u00e9pondre aux envies d\u2019\u00e9vasion, d\u2019aventure et d\u2019adr\u00e9naline de vos ados.\",\"breadcrumb\":{\"@id\":\"https:\/\/oxygene.ski\/fr\/cours-collectifs-adolescents\/#breadcrumb\"},\"inLanguage\":\"fr\",\"potentialAction\":[{\"@type\":\"ReadAction\",\"target\":[\"https:\/\/oxygene.ski\/fr\/cours-collectifs-adolescents\/\"]}]},{\"@type\":\"BreadcrumbList\",\"@id\":\"https:\/\/oxygene.ski\/fr\/cours-collectifs-adolescents\/#breadcrumb\",\"itemListElement\":[{\"@type\":\"ListItem\",\"position\":1,\"name\":\"Home\",\"item\":\"https:\/\/oxygene.ski\/fr\/accueil\/\"},{\"@type\":\"ListItem\",\"position\":2,\"name\":\"Cours collectifs adolescents\"}]},{\"@type\":\"WebSite\",\"@id\":\"https:\/\/oxygene.ski\/#website\",\"url\":\"https:\/\/oxygene.ski\/\",\"name\":\"Oxyg\u00e8ne Ski &amp; Snowboard School\",\"description\":\"\",\"potentialAction\":[{\"@type\":\"SearchAction\",\"target\":{\"@type\":\"EntryPoint\",\"urlTemplate\":\"https:\/\/oxygene.ski\/?s={search_term_string}\"},\"query-input\":\"required name=search_term_string\"}],\"inLanguage\":\"fr\"}]}<\/script>\n<!-- \/ Yoast SEO plugin. -->","yoast_head_json":{"title":"Cours collectifs adolescents | Oxyg\u00e8ne \u00c9cole de Ski & Snowboard","description":"D\u00e9couvrez les cours collectifs Pro-Rider d\u2019Oxyg\u00e8ne, con\u00e7us pour r\u00e9pondre aux envies d\u2019\u00e9vasion, d\u2019aventure et d\u2019adr\u00e9naline de vos ados.","robots":{"index":"index","follow":"follow","max-snippet":"max-snippet:-1","max-image-preview":"max-image-preview:large","max-video-preview":"max-video-preview:-1"},"canonical":"https:\/\/oxygene.ski\/fr\/cours-collectifs-adolescents\/","og_locale":"fr_FR","og_type":"article","og_title":"Cours collectifs adolescents | Oxyg\u00e8ne \u00c9cole de Ski & Snowboard","og_description":"D\u00e9couvrez les cours collectifs Pro-Rider d\u2019Oxyg\u00e8ne, con\u00e7us pour r\u00e9pondre aux envies d\u2019\u00e9vasion, d\u2019aventure et d\u2019adr\u00e9naline de vos ados.","og_url":"https:\/\/oxygene.ski\/fr\/cours-collectifs-adolescents\/","og_site_name":"Oxyg\u00e8ne Ski &amp; Snowboard School","article_publisher":"https:\/\/www.facebook.com\/OxygeneSki","article_modified_time":"2025-12-10T15:23:48+00:00","twitter_card":"summary_large_image","twitter_site":"@Oxygene_Ski","twitter_misc":{"Est. reading time":"3 minutes"},"schema":{"@context":"https:\/\/schema.org","@graph":[{"@type":"WebPage","@id":"https:\/\/oxygene.ski\/fr\/cours-collectifs-adolescents\/","url":"https:\/\/oxygene.ski\/fr\/cours-collectifs-adolescents\/","name":"Cours collectifs adolescents | Oxyg\u00e8ne \u00c9cole de Ski & Snowboard","isPartOf":{"@id":"https:\/\/oxygene.ski\/#website"},"datePublished":"2025-03-21T14:55:43+00:00","dateModified":"2025-12-10T15:23:48+00:00","description":"D\u00e9couvrez les cours collectifs Pro-Rider d\u2019Oxyg\u00e8ne, con\u00e7us pour r\u00e9pondre aux envies d\u2019\u00e9vasion, d\u2019aventure et d\u2019adr\u00e9naline de vos ados.","breadcrumb":{"@id":"https:\/\/oxygene.ski\/fr\/cours-collectifs-adolescents\/#breadcrumb"},"inLanguage":"fr","potentialAction":[{"@type":"ReadAction","target":["https:\/\/oxygene.ski\/fr\/cours-collectifs-adolescents\/"]}]},{"@type":"BreadcrumbList","@id":"https:\/\/oxygene.ski\/fr\/cours-collectifs-adolescents\/#breadcrumb","itemListElement":[{"@type":"ListItem","position":1,"name":"Home","item":"https:\/\/oxygene.ski\/fr\/accueil\/"},{"@type":"ListItem","position":2,"name":"Cours collectifs adolescents"}]},{"@type":"WebSite","@id":"https:\/\/oxygene.ski\/#website","url":"https:\/\/oxygene.ski\/","name":"Oxyg\u00e8ne Ski &amp; Snowboard School","description":"","potentialAction":[{"@type":"SearchAction","target":{"@type":"EntryPoint","urlTemplate":"https:\/\/oxygene.ski\/?s={search_term_string}"},"query-input":"required name=search_term_string"}],"inLanguage":"fr"}]}},"_links":{"self":[{"href":"https:\/\/oxygene.ski\/fr\/wp-json\/wp\/v2\/pages\/578936"}],"collection":[{"href":"https:\/\/oxygene.ski\/fr\/wp-json\/wp\/v2\/pages"}],"about":[{"href":"https:\/\/oxygene.ski\/fr\/wp-json\/wp\/v2\/types\/page"}],"author":[{"embeddable":true,"href":"https:\/\/oxygene.ski\/fr\/wp-json\/wp\/v2\/users\/7448"}],"replies":[{"embeddable":true,"href":"https:\/\/oxygene.ski\/fr\/wp-json\/wp\/v2\/comments?post=578936"}],"version-history":[{"count":21,"href":"https:\/\/oxygene.ski\/fr\/wp-json\/wp\/v2\/pages\/578936\/revisions"}],"predecessor-version":[{"id":582559,"href":"https:\/\/oxygene.ski\/fr\/wp-json\/wp\/v2\/pages\/578936\/revisions\/582559"}],"wp:attachment":[{"href":"https:\/\/oxygene.ski\/fr\/wp-json\/wp\/v2\/media?parent=578936"}],"curies":[{"name":"wp","href":"https:\/\/api.w.org\/{rel}","templated":true}]}}