{"id":578932,"date":"2025-03-21T15:44:44","date_gmt":"2025-03-21T14:44:44","guid":{"rendered":"https:\/\/oxygene.ski\/enseignez-avec-nous-2\/"},"modified":"2025-12-15T14:19:42","modified_gmt":"2025-12-15T13:19:42","slug":"moniteur-diplome","status":"publish","type":"page","link":"https:\/\/oxygene.ski\/fr\/moniteur-diplome\/","title":{"rendered":"Moniteur dipl\u00f4m\u00e9"},"content":{"rendered":"<p>[vc_row content_placement=&#8221;middle&#8221; css=&#8221;.vc_custom_1757265834233{background-position: center !important;background-repeat: no-repeat !important;background-size: cover !important;}&#8221;][vc_column el_class=&#8221;image-column-remove-padding image-headband&#8221;][vc_single_image image=&#8221;581378&#8243; img_size=&#8221;full&#8221; el_class=&#8221;image-headband-frontpage-main&#8221;][\/vc_column][\/vc_row][vc_row][vc_column][vc_empty_space height=&#8221;50px&#8221;][\/vc_column][\/vc_row][vc_row css=&#8221;.vc_custom_1723212419958{margin-right: 4% !important;margin-left: 4% !important;}&#8221;][vc_column width=&#8221;1\/2&#8243;][vc_empty_space height=&#8221;10px&#8221;][vc_column_text]<\/p>\n<h1 style=\"text-align: left;\"><span style=\"color: #00adef;\">ENSEIGNE AVEC OXYG\u00c8NE<\/span><\/h1>\n<p>[\/vc_column_text][vc_column_text css=&#8221;.vc_custom_1755603208197{margin-right: 10% !important;}&#8221;]<strong>Vous \u00eates un moniteur \u00e0 la recherche d\u2019une \u00e9cole de ski en pleine croissance ?\u00a0<\/strong><\/p>\n<p>Vous \u00eates moniteur de ski dipl\u00f4m\u00e9 et souhaitez rejoindre une \u00e9cole diff\u00e9rente ? Rejoignez notre \u00e9quipe de moniteurs et monitrices de ski et snowboard en tant que\u00a0<strong>permanent ou renfort.<\/strong><br \/>\nOxyg\u00e8ne \u00c9cole de ski et Snowboard est une entreprise familiale forte de plusieurs ann\u00e9es d\u2019exp\u00e9rience dans les sports d\u2019hiver, dans les plus belles stations des Alpes.<\/p>\n<p>Passionn\u00e9 par le ski et l\u2019enseignement ? Vous voulez \u00e9voluer au sein d\u2019une \u00e9cole qui respecte vos choix ?<br \/>\nAlors, lisez la suite !<br \/>\nNous recherchons des moniteurs et monitrices de ski &amp; snowboard permanent et en renfort.<br \/>\nPr\u00e9sente dans 16 des plus belles stations des Alpes, Oxyg\u00e8ne b\u00e9n\u00e9ficie de nombreuses ann\u00e9es d\u2019exp\u00e9rience, d\u2019une client\u00e8le internationale et d\u2019un positionnement haut de gamme.<br \/>\nRejoignez une \u00e9quipe soud\u00e9e et exp\u00e9riment\u00e9e, o\u00f9 bonne humeur, entraide et excellence sont des valeurs essentielles. Nous vous accompagnerons dans la construction de votre projet et vous aiderons \u00e0 faire rayonner l\u2019esprit Oxyg\u00e8ne.<\/p>\n<p>Pr\u00eat \u00e0 d\u00e9valer les pistes et \u00e0 rejoindre notre \u00e9quipe en tant que moniteur Oxyg\u00e8ne ? Notre \u00e9quipe est l\u00e0 pour r\u00e9pondre \u00e0 tes questions et t\u2019aider \u00e0 construire ton projet.<br \/>\nFaisons de cet hiver une aventure inoubliable ![\/vc_column_text][\/vc_column][vc_column width=&#8221;1\/2&#8243; css=&#8221;.vc_custom_1757266023724{background-position: center !important;background-repeat: no-repeat !important;background-size: cover !important;}&#8221; el_class=&#8221;image-column-remove-padding image-headband&#8221;][vc_single_image image=&#8221;581380&#8243; img_size=&#8221;full&#8221; style=&#8221;vc_box_rounded&#8221; el_class=&#8221;image-headband-frontpage&#8221;][\/vc_column][\/vc_row][vc_row][vc_column][vc_empty_space height=&#8221;50px&#8221;][\/vc_column][\/vc_row][vc_row css=&#8221;.vc_custom_1723207224557{margin-right: 4% !important;margin-left: 4% !important;}&#8221;][vc_column width=&#8221;1\/2&#8243; el_class=&#8221;image-column-remove-padding image-headband&#8221;][vc_single_image image=&#8221;577409&#8243; img_size=&#8221;full&#8221; style=&#8221;vc_box_rounded&#8221; el_class=&#8221;image-headband-frontpage&#8221;][\/vc_column][vc_column width=&#8221;1\/2&#8243;][vc_row_inner css=&#8221;.vc_custom_1729084562319{margin-right: 5% !important;}&#8221;][vc_column_inner][vc_empty_space height=&#8221;10px&#8221;][vc_column_text]<\/p>\n<div class=\"wpb_column vc_column_container vc_col-sm-6\">\n<div class=\"vc_column-inner\">\n<div class=\"wpb_wrapper\">\n<div class=\"row vc_row wpb_row vc_inner vc_row-fluid vc_custom_1729065220354 vc_row-has-fill\">\n<div class=\"wpb_column vc_column_container vc_col-sm-12\">\n<div class=\"vc_column-inner\">\n<div class=\"wpb_wrapper\">\n<div class=\"vc_empty_space\"><\/div>\n<\/div>\n<\/div>\n<\/div>\n<\/div>\n<\/div>\n<\/div>\n<\/div>\n<div class=\"wpb_column vc_column_container vc_col-sm-6\">\n<div class=\"vc_column-inner\">\n<div class=\"wpb_wrapper\">\n<div class=\"row vc_row wpb_row vc_inner vc_row-fluid vc_custom_1729084562319\">\n<div class=\"wpb_column vc_column_container vc_col-sm-12\">\n<div class=\"vc_column-inner\">\n<div class=\"wpb_wrapper\">\n<div class=\"wpb_text_column wpb_content_element \">\n<div class=\"wpb_wrapper\">\n<p><strong>Une saison d\u2019hiver optimis\u00e9e<\/strong><\/p>\n<p>Une client\u00e8le internationale : c\u2019est du travail en quantit\u00e9 et de qualit\u00e9 \u2013 c\u2019est un planning bien charg\u00e9 tout au long de la saison.<\/p>\n<\/div>\n<\/div>\n<\/div>\n<\/div>\n<\/div>\n<\/div>\n<\/div>\n<\/div>\n<\/div>\n<p>[\/vc_column_text][vc_column_text]<\/p>\n<hr \/>\n<hr \/>\n<p><strong>De nombreuses formations\u00a0<\/strong><\/p>\n<p>Oxyg\u00e8ne propose de nombreuses formations gratuites \u00e0 ses moniteurs : handiski, s\u00e9curit\u00e9 hors-piste, p\u00e9dagogie.[\/vc_column_text][vc_column_text]<\/p>\n<hr \/>\n<p><strong>Un confort d\u2019enseignement\u00a0<\/strong><\/p>\n<p>Des cours collectifs \u00e0 3, 6 ou 10 \u00e9l\u00e8ves maximum, et des moyens logistiques \u00e0 votre disposition : local proche des pistes, mat\u00e9riels de s\u00e9curit\u00e9 hors-pistes, etc[\/vc_column_text][vc_column_text]<\/p>\n<hr \/>\n<div class=\"wpb_text_column wpb_content_element \">\n<div class=\"wpb_wrapper\">\n<p><b>Attribution selon les comp\u00e9tences<\/b><\/p>\n<\/div>\n<\/div>\n<div class=\"wpb_text_column wpb_content_element vc_custom_1626875025842\">\n<div class=\"wpb_wrapper\">\n<p>R\u00e9partition des cours \u00e9quitable. Valorisation de vos comp\u00e9tences (langues, disciplines enseign\u00e9es) et de votre motivation !<\/p>\n<\/div>\n<\/div>\n<p>[\/vc_column_text][\/vc_column_inner][\/vc_row_inner][\/vc_column][\/vc_row][vc_row][vc_column][vc_empty_space height=&#8221;50px&#8221;][\/vc_column][\/vc_row][vc_row css=&#8221;.vc_custom_1723207562344{margin-right: 4% !important;margin-left: 4% !important;}&#8221;][vc_column width=&#8221;1\/2&#8243;][vc_row_inner][vc_column_inner][vc_empty_space height=&#8221;125px&#8221;][vc_column_text]<strong>&#8220;J&#8217;encourage mes coll\u00e8gues \u00e0 donner leur meilleur d&#8217;eux&#8221;.<\/strong>[\/vc_column_text][vc_column_text]\u201cEn tant que responsable op\u00e9rationnel \u00e0 our resort, je veille au bon fonctionnement quotidien de l\u2019\u00e9cole. Je g\u00e8re la r\u00e9partition des cours, le planning des moniteurs et je m\u2019assure de la bonne humeur au sein de l\u2019\u00e9quipe. J\u2019encourage mes coll\u00e8gues moniteurs \u00e0 donner le meilleur d\u2019eux, dans le but que tous les \u00e9l\u00e8ves Oxyg\u00e8ne skient avec le sourire\u201d<\/p>\n<p><strong><em>\u00c9lie<\/em><\/strong>[\/vc_column_text][\/vc_column_inner][\/vc_row_inner][\/vc_column][vc_column width=&#8221;1\/2&#8243; el_class=&#8221;image-column-remove-padding image-headband&#8221;][vc_single_image image=&#8221;581382&#8243; img_size=&#8221;full&#8221; style=&#8221;vc_box_rounded&#8221; el_class=&#8221;image-headband-frontpage&#8221;][\/vc_column][\/vc_row][vc_row][vc_column][vc_empty_space height=&#8221;50px&#8221;][\/vc_column][\/vc_row][vc_row css=&#8221;.vc_custom_1723207224557{margin-right: 4% !important;margin-left: 4% !important;}&#8221;][vc_column width=&#8221;1\/2&#8243; el_class=&#8221;image-column-remove-padding image-headband&#8221;][vc_single_image image=&#8221;581384&#8243; img_size=&#8221;full&#8221; style=&#8221;vc_box_rounded&#8221; el_class=&#8221;image-headband-frontpage&#8221;][\/vc_column][vc_column width=&#8221;1\/2&#8243;][vc_row_inner][vc_column_inner][vc_empty_space height=&#8221;125px&#8221;][vc_column_text]<\/p>\n<p style=\"text-align: left;\"><strong>&#8220;Des conditions de travail id\u00e9ales&#8221;<\/strong><\/p>\n<div id=\"gtx-trans\" style=\"position: absolute; left: -19px; top: 167.516px;\">\n<div class=\"gtx-trans-icon\"><\/div>\n<\/div>\n<p>[\/vc_column_text][vc_column_text]\u201cJe recommande Oxyg\u00e8ne pour l\u2019esprit d\u2019\u00e9quipe que l\u2019on ne retrouve nulle part ailleurs, les conditions de travail id\u00e9ales (petits groupes, diversit\u00e9s d\u2019enseignement\u2026) et les opportunit\u00e9s d\u2019\u00e9volution et d\u2019investissement au sein du groupe Oxyg\u00e8ne.\u201d<\/p>\n<p><strong><em>Calypso<\/em><\/strong><br \/>\n[\/vc_column_text][\/vc_column_inner][\/vc_row_inner][\/vc_column][\/vc_row][vc_row][vc_column][vc_empty_space height=&#8221;50px&#8221;][\/vc_column][\/vc_row][vc_row css=&#8221;.vc_custom_1723108765228{margin-right: 5% !important;margin-left: 5% !important;}&#8221;][vc_column][vc_empty_space height=&#8221;30px&#8221;][vc_single_image image=&#8221;572831&#8243; alignment=&#8221;center&#8221;][vc_column_text]<\/p>\n<h5 style=\"text-align: center;\"><span style=\"color: #00adef;\">\u00c9CRIVEZ-NOUS !<\/span><\/h5>\n<p>[\/vc_column_text][\/vc_column][\/vc_row][vc_row equal_height=&#8221;yes&#8221; content_placement=&#8221;middle&#8221; type=&#8221;boxed&#8221; css=&#8221;.vc_custom_1723108771681{margin-right: 5% !important;margin-left: 5% !important;}&#8221;][vc_column css=&#8221;.vc_custom_1720616624115{padding-top: 30px !important;padding-right: 20px !important;padding-left: 20px !important;background-color: #ffffff !important;}&#8221;]<div class=\"wpforms-container wpforms-container-full\" id=\"wpforms-574277\"><form id=\"wpforms-form-574277\" class=\"wpforms-validate wpforms-form\" data-formid=\"574277\" method=\"post\" enctype=\"multipart\/form-data\" action=\"\/fr\/wp-json\/wp\/v2\/pages\/578932\" data-token=\"bbce7c36bb0f3f1b7561dd2b10883117\" data-token-time=\"1777229196\"><noscript class=\"wpforms-error-noscript\">Please enable JavaScript in your browser to complete this form.<\/noscript><div class=\"wpforms-field-container\"><div id=\"wpforms-574277-field_6-container\" class=\"wpforms-field wpforms-field-name\" data-field-id=\"6\"><label class=\"wpforms-field-label\">Name <span class=\"wpforms-required-label\">*<\/span><\/label><div class=\"wpforms-field-row wpforms-field-large\"><div class=\"wpforms-field-row-block wpforms-first wpforms-one-half\"><input type=\"text\" id=\"wpforms-574277-field_6\" class=\"wpforms-field-name-first wpforms-field-required\" name=\"wpforms[fields][6][first]\" required><label for=\"wpforms-574277-field_6\" class=\"wpforms-field-sublabel after\">First<\/label><\/div><div class=\"wpforms-field-row-block wpforms-one-half\"><input type=\"text\" id=\"wpforms-574277-field_6-last\" class=\"wpforms-field-name-last wpforms-field-required\" name=\"wpforms[fields][6][last]\" required><label for=\"wpforms-574277-field_6-last\" class=\"wpforms-field-sublabel after\">Last<\/label><\/div><\/div><\/div><div id=\"wpforms-574277-field_7-container\" class=\"wpforms-field wpforms-field-phone\" data-field-id=\"7\"><label class=\"wpforms-field-label\" for=\"wpforms-574277-field_7\">Phone <span class=\"wpforms-required-label\">*<\/span><\/label><input type=\"tel\" id=\"wpforms-574277-field_7\" class=\"wpforms-field-large wpforms-field-required wpforms-smart-phone-field\" data-rule-smart-phone-field=\"true\" name=\"wpforms[fields][7]\" aria-label=\"Phone\" required><\/div><div id=\"wpforms-574277-field_3-container\" class=\"wpforms-field wpforms-field-email\" data-field-id=\"3\"><label class=\"wpforms-field-label\" for=\"wpforms-574277-field_3\">Email adress  <span class=\"wpforms-required-label\">*<\/span><\/label><div class=\"wpforms-field-row wpforms-field-large\"><div class=\"wpforms-field-row-block wpforms-one-half wpforms-first\"><input type=\"email\" id=\"wpforms-574277-field_3\" class=\"wpforms-field-required wpforms-field-email-primary\" name=\"wpforms[fields][3][primary]\" spellcheck=\"false\" required><label for=\"wpforms-574277-field_3\" class=\"wpforms-field-sublabel after wpforms-sublabel-hide\">E-mail&nbsp;<\/label><\/div><div class=\"wpforms-field-row-block wpforms-one-half\"><input type=\"email\" id=\"wpforms-574277-field_3-secondary\" class=\"wpforms-field-email-secondary wpforms-field-required\" data-rule-confirm=\"#wpforms-574277-field_3\" name=\"wpforms[fields][3][secondary]\" placeholder=\"V\u00e9rification de votre email\" spellcheck=\"false\" required><label for=\"wpforms-574277-field_3-secondary\" class=\"wpforms-field-sublabel after wpforms-sublabel-hide\">Confirm Email<\/label><\/div><\/div><\/div><div id=\"wpforms-574277-field_19-container\" class=\"wpforms-field wpforms-field-radio\" data-field-id=\"19\"><label class=\"wpforms-field-label\">You are: <span class=\"wpforms-required-label\">*<\/span><\/label><ul id=\"wpforms-574277-field_19\" class=\"wpforms-field-required\"><li class=\"choice-1 depth-1\"><input type=\"radio\" id=\"wpforms-574277-field_19_1\" name=\"wpforms[fields][19]\" value=\"a trainee ski instructor\" required ><label class=\"wpforms-field-label-inline\" for=\"wpforms-574277-field_19_1\">a trainee ski instructor<\/label><\/li><li class=\"choice-2 depth-1\"><input type=\"radio\" id=\"wpforms-574277-field_19_2\" name=\"wpforms[fields][19]\" value=\"a aspirant ski instructor\" required ><label class=\"wpforms-field-label-inline\" for=\"wpforms-574277-field_19_2\">a aspirant ski instructor<\/label><\/li><li class=\"choice-3 depth-1\"><input type=\"radio\" id=\"wpforms-574277-field_19_3\" name=\"wpforms[fields][19]\" value=\"a qualified ski instructor\" required ><label class=\"wpforms-field-label-inline\" for=\"wpforms-574277-field_19_3\">a qualified ski instructor<\/label><\/li><\/ul><\/div><div id=\"wpforms-574277-field_16-container\" class=\"wpforms-field wpforms-field-textarea\" data-field-id=\"16\"><label class=\"wpforms-field-label\" for=\"wpforms-574277-field_16\">If you are fully qualified, what is the name of your degree ? <span class=\"wpforms-required-label\">*<\/span><\/label><textarea id=\"wpforms-574277-field_16\" class=\"wpforms-field-medium wpforms-field-required\" name=\"wpforms[fields][16]\" required><\/textarea><\/div><div id=\"wpforms-574277-field_20-container\" class=\"wpforms-field wpforms-field-radio\" data-field-id=\"20\"><label class=\"wpforms-field-label\">Your availability: <span class=\"wpforms-required-label\">*<\/span><\/label><ul id=\"wpforms-574277-field_20\" class=\"wpforms-field-required\"><li class=\"choice-1 depth-1\"><input type=\"radio\" id=\"wpforms-574277-field_20_1\" name=\"wpforms[fields][20]\" value=\"all season\" required ><label class=\"wpforms-field-label-inline\" for=\"wpforms-574277-field_20_1\">all season<\/label><\/li><li class=\"choice-2 depth-1\"><input type=\"radio\" id=\"wpforms-574277-field_20_2\" name=\"wpforms[fields][20]\" value=\"part season\" required ><label class=\"wpforms-field-label-inline\" for=\"wpforms-574277-field_20_2\">part season<\/label><\/li><li class=\"choice-3 depth-1\"><input type=\"radio\" id=\"wpforms-574277-field_20_3\" name=\"wpforms[fields][20]\" value=\"to discuss together\" required ><label class=\"wpforms-field-label-inline\" for=\"wpforms-574277-field_20_3\">to discuss together<\/label><\/li><\/ul><\/div><div id=\"wpforms-574277-field_21-container\" class=\"wpforms-field wpforms-field-radio\" data-field-id=\"21\"><label class=\"wpforms-field-label\">How would you like to be contacted? <span class=\"wpforms-required-label\">*<\/span><\/label><ul id=\"wpforms-574277-field_21\" class=\"wpforms-field-required\"><li class=\"choice-1 depth-1\"><input type=\"radio\" id=\"wpforms-574277-field_21_1\" name=\"wpforms[fields][21]\" value=\"email\" required ><label class=\"wpforms-field-label-inline\" for=\"wpforms-574277-field_21_1\">email<\/label><\/li><li class=\"choice-2 depth-1\"><input type=\"radio\" id=\"wpforms-574277-field_21_2\" name=\"wpforms[fields][21]\" value=\"phone\" required ><label class=\"wpforms-field-label-inline\" for=\"wpforms-574277-field_21_2\">phone<\/label><\/li><li class=\"choice-3 depth-1\"><input type=\"radio\" id=\"wpforms-574277-field_21_3\" name=\"wpforms[fields][21]\" value=\"sms\" required ><label class=\"wpforms-field-label-inline\" for=\"wpforms-574277-field_21_3\">sms<\/label><\/li><\/ul><\/div><div id=\"wpforms-574277-field_5-container\" class=\"wpforms-field wpforms-field-textarea\" data-field-id=\"5\"><label class=\"wpforms-field-label\" for=\"wpforms-574277-field_5\">Any questions ?<\/label><textarea id=\"wpforms-574277-field_5\" class=\"wpforms-field-medium\" name=\"wpforms[fields][5]\" placeholder=\" Avez-vous quelque chose \u00e0 nous dire ? \" ><\/textarea><\/div><\/div><!-- .wpforms-field-container -->\r\n\t\t\t<script>\r\n\t\t\tif ( typeof huOptions !== 'undefined' ) {\r\n\t\t\t\tvar huFormData = {\"source\":\"wpforms\",\"id\":574277,\"title\":\"Formulaire - instructors recruitment EN\",\"fields\":{\"subject\":{\"first_name\":\"\",\"last_name\":\"\"}}};\r\n\t\t\t\tvar huFormNode = document.querySelector( '[id=\"wpforms-574277\"] form' );\r\n\r\n\t\t\t\tvar firstName = huFormNode.querySelector( 'input.wpforms-field-name-first' );\r\n\t\t\t\tvar lastName = huFormNode.querySelector( 'input.wpforms-field-name-last' );\r\n\r\n\t\t\t\tif ( firstName )\r\n\t\t\t\t\thuFormData['fields']['subject']['first_name'] = firstName.getAttribute( 'name' );\r\n\r\n\t\t\t\tif ( lastName )\r\n\t\t\t\t\thuFormData['fields']['subject']['last_name'] = lastName.getAttribute( 'name' );\r\n\r\n\t\t\t\thuFormData['node'] = huFormNode;\r\n\t\t\t\thuOptions['forms'].push( huFormData );\r\n\t\t\t}\r\n\t\t\t<\/script><div class=\"wpforms-recaptcha-container wpforms-is-recaptcha wpforms-is-recaptcha-type-v3\" ><input type=\"hidden\" name=\"wpforms[recaptcha]\" value=\"\"><\/div><div class=\"wpforms-submit-container\" ><input type=\"hidden\" name=\"wpforms[id]\" value=\"574277\"><input type=\"hidden\" name=\"page_title\" value=\"\"><input type=\"hidden\" name=\"page_url\" value=\"https:\/\/oxygene.ski\/fr\/wp-json\/wp\/v2\/pages\/578932\"><input type=\"hidden\" name=\"url_referer\" value=\"\"><button type=\"submit\" name=\"wpforms[submit]\" id=\"wpforms-submit-574277\" class=\"wpforms-submit\" data-alt-text=\"Envoi en cours...\" data-submit-text=\"Envoyer\" aria-live=\"assertive\" value=\"wpforms-submit\">Envoyer<\/button><\/div><\/form><\/div>  <!-- .wpforms-container -->[\/vc_column][\/vc_row]<\/p>\n","protected":false},"excerpt":{"rendered":"<p>[vc_row content_placement=&#8221;middle&#8221; css=&#8221;.vc_custom_1757265834233{background-position: center !important;background-repeat: no-repeat !important;background-size: cover !important;}&#8221;][vc_column el_class=&#8221;image-column-remove-padding image-headband&#8221;][vc_single_image image=&#8221;581378&#8243; img_size=&#8221;full&#8221; el_class=&#8221;image-headband-frontpage-main&#8221;][\/vc_column][\/vc_row][vc_row][vc_column][vc_empty_space height=&#8221;50px&#8221;][\/vc_column][\/vc_row][vc_row css=&#8221;.vc_custom_1723212419958{margin-right: 4% !important;margin-left: 4% !important;}&#8221;][vc_column width=&#8221;1\/2&#8243;][vc_empty_space height=&#8221;10px&#8221;][vc_column_text] ENSEIGNE AVEC OXYG\u00c8NE [\/vc_column_text][vc_column_text css=&#8221;.vc_custom_1755603208197{margin-right: 10% !important;}&#8221;]Vous \u00eates un moniteur \u00e0 la recherche d\u2019une \u00e9cole de ski en pleine croissance ?\u00a0 Vous \u00eates moniteur de ski dipl\u00f4m\u00e9 et souhaitez rejoindre une \u00e9cole diff\u00e9rente [&hellip;]<\/p>\n","protected":false},"author":7448,"featured_media":0,"parent":0,"menu_order":19,"comment_status":"closed","ping_status":"closed","template":"page-full-width.php","meta":{"footnotes":""},"yoast_head":"<!-- This site is optimized with the Yoast SEO plugin v22.2 - https:\/\/yoast.com\/wordpress\/plugins\/seo\/ -->\n<title>Moniteur dipl\u00f4m\u00e9 | Oxyg\u00e8ne \u00c9cole de Ski &amp; Snowboard<\/title>\n<meta name=\"description\" content=\"Rejoignez l&#039;\u00e9quipe moniteur pour enseigner en tant que moniteur dipl\u00f4m\u00e9 permanent ou renfort, et d\u00e9couvrez ce qu&#039;est vivre de votre passion !\" \/>\n<meta name=\"robots\" content=\"index, follow, max-snippet:-1, max-image-preview:large, max-video-preview:-1\" \/>\n<link rel=\"canonical\" href=\"https:\/\/oxygene.ski\/fr\/moniteur-diplome\/\" \/>\n<meta property=\"og:locale\" content=\"fr_FR\" \/>\n<meta property=\"og:type\" content=\"article\" \/>\n<meta property=\"og:title\" content=\"Moniteur dipl\u00f4m\u00e9 | Oxyg\u00e8ne \u00c9cole de Ski &amp; Snowboard\" \/>\n<meta property=\"og:description\" content=\"Rejoignez l&#039;\u00e9quipe moniteur pour enseigner en tant que moniteur dipl\u00f4m\u00e9 permanent ou renfort, et d\u00e9couvrez ce qu&#039;est vivre de votre passion !\" \/>\n<meta property=\"og:url\" content=\"https:\/\/oxygene.ski\/fr\/moniteur-diplome\/\" \/>\n<meta property=\"og:site_name\" content=\"Oxyg\u00e8ne Ski &amp; Snowboard School\" \/>\n<meta property=\"article:publisher\" content=\"https:\/\/www.facebook.com\/OxygeneSki\" \/>\n<meta property=\"article:modified_time\" content=\"2025-12-15T13:19:42+00:00\" \/>\n<meta name=\"twitter:card\" content=\"summary_large_image\" \/>\n<meta name=\"twitter:site\" content=\"@Oxygene_Ski\" \/>\n<meta name=\"twitter:label1\" content=\"Est. reading time\" \/>\n\t<meta name=\"twitter:data1\" content=\"3 minutes\" \/>\n<script type=\"application\/ld+json\" class=\"yoast-schema-graph\">{\"@context\":\"https:\/\/schema.org\",\"@graph\":[{\"@type\":\"WebPage\",\"@id\":\"https:\/\/oxygene.ski\/fr\/moniteur-diplome\/\",\"url\":\"https:\/\/oxygene.ski\/fr\/moniteur-diplome\/\",\"name\":\"Moniteur dipl\u00f4m\u00e9 | Oxyg\u00e8ne \u00c9cole de Ski & Snowboard\",\"isPartOf\":{\"@id\":\"https:\/\/oxygene.ski\/#website\"},\"datePublished\":\"2025-03-21T14:44:44+00:00\",\"dateModified\":\"2025-12-15T13:19:42+00:00\",\"description\":\"Rejoignez l'\u00e9quipe moniteur pour enseigner en tant que moniteur dipl\u00f4m\u00e9 permanent ou renfort, et d\u00e9couvrez ce qu'est vivre de votre passion !\",\"breadcrumb\":{\"@id\":\"https:\/\/oxygene.ski\/fr\/moniteur-diplome\/#breadcrumb\"},\"inLanguage\":\"fr\",\"potentialAction\":[{\"@type\":\"ReadAction\",\"target\":[\"https:\/\/oxygene.ski\/fr\/moniteur-diplome\/\"]}]},{\"@type\":\"BreadcrumbList\",\"@id\":\"https:\/\/oxygene.ski\/fr\/moniteur-diplome\/#breadcrumb\",\"itemListElement\":[{\"@type\":\"ListItem\",\"position\":1,\"name\":\"Home\",\"item\":\"https:\/\/oxygene.ski\/fr\/accueil\/\"},{\"@type\":\"ListItem\",\"position\":2,\"name\":\"Moniteur dipl\u00f4m\u00e9\"}]},{\"@type\":\"WebSite\",\"@id\":\"https:\/\/oxygene.ski\/#website\",\"url\":\"https:\/\/oxygene.ski\/\",\"name\":\"Oxyg\u00e8ne Ski &amp; Snowboard School\",\"description\":\"\",\"potentialAction\":[{\"@type\":\"SearchAction\",\"target\":{\"@type\":\"EntryPoint\",\"urlTemplate\":\"https:\/\/oxygene.ski\/?s={search_term_string}\"},\"query-input\":\"required name=search_term_string\"}],\"inLanguage\":\"fr\"}]}<\/script>\n<!-- \/ Yoast SEO plugin. -->","yoast_head_json":{"title":"Moniteur dipl\u00f4m\u00e9 | Oxyg\u00e8ne \u00c9cole de Ski & Snowboard","description":"Rejoignez l'\u00e9quipe moniteur pour enseigner en tant que moniteur dipl\u00f4m\u00e9 permanent ou renfort, et d\u00e9couvrez ce qu'est vivre de votre passion !","robots":{"index":"index","follow":"follow","max-snippet":"max-snippet:-1","max-image-preview":"max-image-preview:large","max-video-preview":"max-video-preview:-1"},"canonical":"https:\/\/oxygene.ski\/fr\/moniteur-diplome\/","og_locale":"fr_FR","og_type":"article","og_title":"Moniteur dipl\u00f4m\u00e9 | Oxyg\u00e8ne \u00c9cole de Ski & Snowboard","og_description":"Rejoignez l'\u00e9quipe moniteur pour enseigner en tant que moniteur dipl\u00f4m\u00e9 permanent ou renfort, et d\u00e9couvrez ce qu'est vivre de votre passion !","og_url":"https:\/\/oxygene.ski\/fr\/moniteur-diplome\/","og_site_name":"Oxyg\u00e8ne Ski &amp; Snowboard School","article_publisher":"https:\/\/www.facebook.com\/OxygeneSki","article_modified_time":"2025-12-15T13:19:42+00:00","twitter_card":"summary_large_image","twitter_site":"@Oxygene_Ski","twitter_misc":{"Est. reading time":"3 minutes"},"schema":{"@context":"https:\/\/schema.org","@graph":[{"@type":"WebPage","@id":"https:\/\/oxygene.ski\/fr\/moniteur-diplome\/","url":"https:\/\/oxygene.ski\/fr\/moniteur-diplome\/","name":"Moniteur dipl\u00f4m\u00e9 | Oxyg\u00e8ne \u00c9cole de Ski & Snowboard","isPartOf":{"@id":"https:\/\/oxygene.ski\/#website"},"datePublished":"2025-03-21T14:44:44+00:00","dateModified":"2025-12-15T13:19:42+00:00","description":"Rejoignez l'\u00e9quipe moniteur pour enseigner en tant que moniteur dipl\u00f4m\u00e9 permanent ou renfort, et d\u00e9couvrez ce qu'est vivre de votre passion !","breadcrumb":{"@id":"https:\/\/oxygene.ski\/fr\/moniteur-diplome\/#breadcrumb"},"inLanguage":"fr","potentialAction":[{"@type":"ReadAction","target":["https:\/\/oxygene.ski\/fr\/moniteur-diplome\/"]}]},{"@type":"BreadcrumbList","@id":"https:\/\/oxygene.ski\/fr\/moniteur-diplome\/#breadcrumb","itemListElement":[{"@type":"ListItem","position":1,"name":"Home","item":"https:\/\/oxygene.ski\/fr\/accueil\/"},{"@type":"ListItem","position":2,"name":"Moniteur dipl\u00f4m\u00e9"}]},{"@type":"WebSite","@id":"https:\/\/oxygene.ski\/#website","url":"https:\/\/oxygene.ski\/","name":"Oxyg\u00e8ne Ski &amp; Snowboard School","description":"","potentialAction":[{"@type":"SearchAction","target":{"@type":"EntryPoint","urlTemplate":"https:\/\/oxygene.ski\/?s={search_term_string}"},"query-input":"required name=search_term_string"}],"inLanguage":"fr"}]}},"_links":{"self":[{"href":"https:\/\/oxygene.ski\/fr\/wp-json\/wp\/v2\/pages\/578932"}],"collection":[{"href":"https:\/\/oxygene.ski\/fr\/wp-json\/wp\/v2\/pages"}],"about":[{"href":"https:\/\/oxygene.ski\/fr\/wp-json\/wp\/v2\/types\/page"}],"author":[{"embeddable":true,"href":"https:\/\/oxygene.ski\/fr\/wp-json\/wp\/v2\/users\/7448"}],"replies":[{"embeddable":true,"href":"https:\/\/oxygene.ski\/fr\/wp-json\/wp\/v2\/comments?post=578932"}],"version-history":[{"count":19,"href":"https:\/\/oxygene.ski\/fr\/wp-json\/wp\/v2\/pages\/578932\/revisions"}],"predecessor-version":[{"id":582722,"href":"https:\/\/oxygene.ski\/fr\/wp-json\/wp\/v2\/pages\/578932\/revisions\/582722"}],"wp:attachment":[{"href":"https:\/\/oxygene.ski\/fr\/wp-json\/wp\/v2\/media?parent=578932"}],"curies":[{"name":"wp","href":"https:\/\/api.w.org\/{rel}","templated":true}]}}