{"id":578928,"date":"2025-03-21T15:37:15","date_gmt":"2025-03-21T14:37:15","guid":{"rendered":"https:\/\/oxygene.ski\/numeros-de-telephone-des-stations\/"},"modified":"2026-02-17T11:08:17","modified_gmt":"2026-02-17T10:08:17","slug":"numeros-de-telephone-des-stations","status":"publish","type":"page","link":"https:\/\/oxygene.ski\/fr\/numeros-de-telephone-des-stations\/","title":{"rendered":"Num\u00e9ros de t\u00e9l\u00e9phone des stations"},"content":{"rendered":"<p>[vc_row css=&#8221;.vc_custom_1489493682930{padding-top: 50px !important;padding-bottom: 50px !important;}&#8221;][vc_column css=&#8221;.vc_custom_1714040662326{background-color: #ffffff !important;}&#8221;][vc_empty_space height=&#8221;60px&#8221;][vc_column_text css_animation=&#8221;fadeInUp&#8221;]<\/p>\n<h1 style=\"text-align: center;\"><span style=\"color: #00adef;\"><strong>POUR NOUS APPELER<br \/>\n<\/strong><\/span><\/h1>\n<p>[\/vc_column_text][\/vc_column][\/vc_row][vc_row css=&#8221;.vc_custom_1489493682930{padding-top: 50px !important;padding-bottom: 50px !important;}&#8221;][vc_column offset=&#8221;vc_col-xs-12&#8243;][vc_row_inner type=&#8221;boxed&#8221;][vc_column_inner width=&#8221;1\/4&#8243;][vc_single_image image=&#8221;574182&#8243; img_size=&#8221;100&#215;100&#8243; alignment=&#8221;center&#8221;][vc_column_text]<\/p>\n<p style=\"text-align: center;\">BELLE PLAGNE<\/p>\n<div id=\"gtx-trans\" style=\"position: absolute; left: 463px; top: -9.78819px;\">\n<div class=\"gtx-trans-icon\"><\/div>\n<\/div>\n<p>[\/vc_column_text][vc_btn title=&#8221;+33 (0)4 79 06 53 36&#8243; align=&#8221;center&#8221; i_icon_fontawesome=&#8221;fas fa-phone-alt&#8221; add_icon=&#8221;true&#8221; link=&#8221;url:tel%3A%2B33479065336|target:_blank|&#8221;][vc_empty_space height=&#8221;15px&#8221;][\/vc_column_inner][vc_column_inner width=&#8221;1\/4&#8243;][vc_single_image image=&#8221;574184&#8243; img_size=&#8221;100&#215;100&#8243; alignment=&#8221;center&#8221;][vc_column_text]<\/p>\n<p style=\"text-align: center;\">COURCHEVEL<\/p>\n<p>[\/vc_column_text][vc_btn title=&#8221;+33 (0)4 79 01 01 81&#8243; align=&#8221;center&#8221; i_icon_fontawesome=&#8221;fas fa-phone-alt&#8221; add_icon=&#8221;true&#8221; link=&#8221;url:tel%3A%2B33479010181|target:_blank|&#8221;][\/vc_column_inner][vc_column_inner width=&#8221;1\/4&#8243;][vc_single_image image=&#8221;574188&#8243; img_size=&#8221;100&#215;100&#8243; alignment=&#8221;center&#8221;][vc_column_text]<\/p>\n<p style=\"text-align: center;\">LA PLAGNE<\/p>\n<p>[\/vc_column_text][vc_btn title=&#8221;+33 (0)4 79 09 03 99&#8243; align=&#8221;center&#8221; i_icon_fontawesome=&#8221;fas fa-phone-alt&#8221; add_icon=&#8221;true&#8221; link=&#8221;url:tel%3A%2B33479090399|&#8221;][vc_empty_space height=&#8221;15px&#8221;][\/vc_column_inner][vc_column_inner width=&#8221;1\/4&#8243;][vc_single_image image=&#8221;574190&#8243; img_size=&#8221;100&#215;100&#8243; alignment=&#8221;center&#8221;][vc_column_text]<\/p>\n<p style=\"text-align: center;\">LA ROSI\u00c8RE<\/p>\n<p>[\/vc_column_text][vc_btn title=&#8221;+33 (0)6 42 85 58 73&#8243; align=&#8221;center&#8221; i_icon_fontawesome=&#8221;fas fa-phone-alt&#8221; add_icon=&#8221;true&#8221; link=&#8221;url:tel%3A%2B33642855873|target:_blank|&#8221;][\/vc_column_inner][\/vc_row_inner][vc_row_inner type=&#8221;boxed&#8221;][vc_column_inner width=&#8221;1\/4&#8243;][vc_single_image image=&#8221;574192&#8243; img_size=&#8221;100&#215;100&#8243; alignment=&#8221;center&#8221;][vc_column_text]<\/p>\n<p style=\"text-align: center;\">LA TANIA<\/p>\n<div id=\"gtx-trans\" style=\"position: absolute; left: 435px; top: -9.22396px;\">\n<div class=\"gtx-trans-icon\"><\/div>\n<\/div>\n<p>[\/vc_column_text][vc_btn title=&#8221;+33 (0)4 79 01 01 81&#8243; align=&#8221;center&#8221; i_icon_fontawesome=&#8221;fas fa-phone-alt&#8221; add_icon=&#8221;true&#8221; link=&#8221;url:tel%3A%2B33479010181|target:_blank|&#8221;][\/vc_column_inner][vc_column_inner width=&#8221;1\/4&#8243;][vc_single_image image=&#8221;574194&#8243; img_size=&#8221;100&#215;100&#8243; alignment=&#8221;center&#8221;][vc_column_text]<\/p>\n<p style=\"text-align: center;\">LES MENUIRES<\/p>\n<p>[\/vc_column_text][vc_btn title=&#8221;+33 (0)4 79 24 31 52&#8243; align=&#8221;center&#8221; i_icon_fontawesome=&#8221;fas fa-phone-alt&#8221; add_icon=&#8221;true&#8221; link=&#8221;url:tel%3A%2B33479243152|target:_blank|&#8221;][vc_btn title=&#8221;+33 (0)7 69 90 01 33&#8243; align=&#8221;center&#8221; i_icon_fontawesome=&#8221;fab fa-whatsapp&#8221; add_icon=&#8221;true&#8221; link=&#8221;url:https%3A%2F%2Fwa.me%2F33769900133|&#8221;][\/vc_column_inner][vc_column_inner width=&#8221;1\/4&#8243;][vc_single_image image=&#8221;574198&#8243; img_size=&#8221;100&#215;100&#8243; alignment=&#8221;center&#8221;][vc_column_text]<\/p>\n<p style=\"text-align: center;\">M\u00c9RIBEL<\/p>\n<div id=\"gtx-trans\" style=\"position: absolute; left: 489px; top: -9.22396px;\">\n<div class=\"gtx-trans-icon\"><\/div>\n<\/div>\n<p>[\/vc_column_text][vc_btn title=&#8221;+33 (0)4 79 08 53 36&#8243; align=&#8221;center&#8221; i_icon_fontawesome=&#8221;fas fa-phone-alt&#8221; add_icon=&#8221;true&#8221; link=&#8221;url:tel%3A%2B33479085336|target:_blank|&#8221;][vc_btn title=&#8221;+33 (0)6 14 93 69 03&#8243; align=&#8221;center&#8221; i_icon_fontawesome=&#8221;fab fa-whatsapp&#8221; add_icon=&#8221;true&#8221; link=&#8221;url:https%3A%2F%2Fwa.me%2F33614936903|&#8221;][\/vc_column_inner][vc_column_inner width=&#8221;1\/4&#8243;][vc_single_image image=&#8221;574200&#8243; img_size=&#8221;100&#215;100&#8243; alignment=&#8221;center&#8221;][vc_column_text]<\/p>\n<p style=\"text-align: center;\">SAINT MARTIN DE BELLEVILLE<\/p>\n<div id=\"gtx-trans\" style=\"position: absolute; left: 795px; top: -9.22396px;\">\n<div class=\"gtx-trans-icon\"><\/div>\n<\/div>\n<p>[\/vc_column_text][vc_btn title=&#8221;+33 (0)4 79 24 31 52&#8243; align=&#8221;center&#8221; i_icon_fontawesome=&#8221;fas fa-phone-alt&#8221; add_icon=&#8221;true&#8221; link=&#8221;url:tel%3A%2B33479243152|target:_blank|&#8221;][vc_btn title=&#8221;+33 (0)7 69 90 01 33&#8243; align=&#8221;center&#8221; i_icon_fontawesome=&#8221;fab fa-whatsapp&#8221; add_icon=&#8221;true&#8221; link=&#8221;url:https%3A%2F%2Fwa.me%2F33769900133|&#8221;][\/vc_column_inner][\/vc_row_inner][vc_row_inner type=&#8221;boxed&#8221;][vc_column_inner width=&#8221;1\/4&#8243;][vc_single_image image=&#8221;574210&#8243; img_size=&#8221;100&#215;100&#8243; alignment=&#8221;center&#8221;][vc_column_text]<\/p>\n<p style=\"text-align: center;\">SERRE CHEVALIER<!-- notionvc: 47a2519d-5942-4e53-b74b-cc39364bc65d --><\/p>\n<p>[\/vc_column_text][vc_btn title=&#8221;+33 (0)4 92 24 49 70&#8243; align=&#8221;center&#8221; i_icon_fontawesome=&#8221;fas fa-phone-alt&#8221; add_icon=&#8221;true&#8221; link=&#8221;url:tel%3A%2B33492244970|target:_blank|&#8221;][\/vc_column_inner][vc_column_inner width=&#8221;1\/4&#8243;][vc_single_image image=&#8221;574202&#8243; img_size=&#8221;100&#215;100&#8243; alignment=&#8221;center&#8221;][vc_column_text]<\/p>\n<p style=\"text-align: center;\">TIGNES<\/p>\n<div id=\"gtx-trans\" style=\"position: absolute; left: 516px; top: 37.5538px;\">\n<div class=\"gtx-trans-icon\"><\/div>\n<\/div>\n<p>[\/vc_column_text][vc_btn title=&#8221;+33 (0)4 79 22 51 69&#8243; align=&#8221;center&#8221; i_icon_fontawesome=&#8221;fas fa-phone-alt&#8221; add_icon=&#8221;true&#8221; link=&#8221;url:tel%3A%2B33479225169|target:_blank|&#8221;][vc_btn title=&#8221;+33 (0)6 75 43 56 46&#8243; align=&#8221;center&#8221; i_icon_fontawesome=&#8221;fab fa-whatsapp&#8221; add_icon=&#8221;true&#8221; link=&#8221;url:https%3A%2F%2Fwa.me%2F33675435646|&#8221;][\/vc_column_inner][vc_column_inner width=&#8221;1\/4&#8243;][vc_single_image image=&#8221;574204&#8243; img_size=&#8221;100&#215;100&#8243; alignment=&#8221;center&#8221;][vc_column_text]<\/p>\n<p style=\"text-align: center;\">VAL D&#8217;IS\u00c8RE<\/p>\n<div id=\"gtx-trans\" style=\"position: absolute; left: 660px; top: -9.22396px;\">\n<div class=\"gtx-trans-icon\"><\/div>\n<\/div>\n<p>[\/vc_column_text][vc_btn title=&#8221;+33 (0)4 79 41 99 58&#8243; align=&#8221;center&#8221; i_icon_fontawesome=&#8221;fas fa-phone-alt&#8221; add_icon=&#8221;true&#8221; link=&#8221;url:tel%3A%2B33479419958|target:_blank|&#8221;][\/vc_column_inner][vc_column_inner width=&#8221;1\/4&#8243;][vc_single_image image=&#8221;574208&#8243; img_size=&#8221;100&#215;100&#8243; alignment=&#8221;center&#8221;][vc_column_text]<\/p>\n<p style=\"text-align: center;\">VAL THORENS<\/p>\n<p>[\/vc_column_text][vc_btn title=&#8221;+33 (0)4 79 22 67 51&#8243; align=&#8221;center&#8221; i_icon_fontawesome=&#8221;fas fa-phone-alt&#8221; add_icon=&#8221;true&#8221; link=&#8221;url:tel%3A%2B33479226751|target:_blank|&#8221;][vc_btn title=&#8221;+33 (0)7 69 90 01 33&#8243; align=&#8221;center&#8221; i_icon_fontawesome=&#8221;fab fa-whatsapp&#8221; add_icon=&#8221;true&#8221; link=&#8221;url:https%3A%2F%2Fwa.me%2F33769900133|&#8221;][\/vc_column_inner][\/vc_row_inner][\/vc_column][\/vc_row]<\/p>\n","protected":false},"excerpt":{"rendered":"<p>[vc_row css=&#8221;.vc_custom_1489493682930{padding-top: 50px !important;padding-bottom: 50px !important;}&#8221;][vc_column css=&#8221;.vc_custom_1714040662326{background-color: #ffffff !important;}&#8221;][vc_empty_space height=&#8221;60px&#8221;][vc_column_text css_animation=&#8221;fadeInUp&#8221;] POUR NOUS APPELER [\/vc_column_text][\/vc_column][\/vc_row][vc_row css=&#8221;.vc_custom_1489493682930{padding-top: 50px !important;padding-bottom: 50px !important;}&#8221;][vc_column offset=&#8221;vc_col-xs-12&#8243;][vc_row_inner type=&#8221;boxed&#8221;][vc_column_inner width=&#8221;1\/4&#8243;][vc_single_image image=&#8221;574182&#8243; img_size=&#8221;100&#215;100&#8243; alignment=&#8221;center&#8221;][vc_column_text] BELLE PLAGNE [\/vc_column_text][vc_btn title=&#8221;+33 (0)4 79 06 53 36&#8243; align=&#8221;center&#8221; i_icon_fontawesome=&#8221;fas fa-phone-alt&#8221; add_icon=&#8221;true&#8221; link=&#8221;url:tel%3A%2B33479065336|target:_blank|&#8221;][vc_empty_space height=&#8221;15px&#8221;][\/vc_column_inner][vc_column_inner width=&#8221;1\/4&#8243;][vc_single_image image=&#8221;574184&#8243; img_size=&#8221;100&#215;100&#8243; alignment=&#8221;center&#8221;][vc_column_text] COURCHEVEL [\/vc_column_text][vc_btn title=&#8221;+33 (0)4 79 01 01 81&#8243; align=&#8221;center&#8221; i_icon_fontawesome=&#8221;fas [&hellip;]<\/p>\n","protected":false},"author":7448,"featured_media":0,"parent":0,"menu_order":19,"comment_status":"closed","ping_status":"closed","template":"page-full-width.php","meta":{"footnotes":""},"yoast_head":"<!-- This site is optimized with the Yoast SEO plugin v22.2 - https:\/\/yoast.com\/wordpress\/plugins\/seo\/ -->\n<title>Appellez-nous | Oxyg\u00e8ne \u00c9cole de ski &amp; snowboard<\/title>\n<meta name=\"description\" content=\"Appelez-nous ! L\u2019\u00e9quipe d\u2019Oxyg\u00e8ne est disponible toute l\u2019ann\u00e9e et nous serons ravis de mettre notre expertise \u00e0 votre disposition.\" \/>\n<meta name=\"robots\" content=\"index, follow, max-snippet:-1, max-image-preview:large, max-video-preview:-1\" \/>\n<link rel=\"canonical\" href=\"https:\/\/oxygene.ski\/fr\/numeros-de-telephone-des-stations\/\" \/>\n<meta property=\"og:locale\" content=\"fr_FR\" \/>\n<meta property=\"og:type\" content=\"article\" \/>\n<meta property=\"og:title\" content=\"Appellez-nous | Oxyg\u00e8ne \u00c9cole de ski &amp; snowboard\" \/>\n<meta property=\"og:description\" content=\"Appelez-nous ! L\u2019\u00e9quipe d\u2019Oxyg\u00e8ne est disponible toute l\u2019ann\u00e9e et nous serons ravis de mettre notre expertise \u00e0 votre disposition.\" \/>\n<meta property=\"og:url\" content=\"https:\/\/oxygene.ski\/fr\/numeros-de-telephone-des-stations\/\" \/>\n<meta property=\"og:site_name\" content=\"Oxyg\u00e8ne Ski &amp; Snowboard School\" \/>\n<meta property=\"article:publisher\" content=\"https:\/\/www.facebook.com\/OxygeneSki\" \/>\n<meta property=\"article:modified_time\" content=\"2026-02-17T10:08:17+00:00\" \/>\n<meta name=\"twitter:card\" content=\"summary_large_image\" \/>\n<meta name=\"twitter:site\" content=\"@Oxygene_Ski\" \/>\n<meta name=\"twitter:label1\" content=\"Est. reading time\" \/>\n\t<meta name=\"twitter:data1\" content=\"2 minutes\" \/>\n<script type=\"application\/ld+json\" class=\"yoast-schema-graph\">{\"@context\":\"https:\/\/schema.org\",\"@graph\":[{\"@type\":\"WebPage\",\"@id\":\"https:\/\/oxygene.ski\/fr\/numeros-de-telephone-des-stations\/\",\"url\":\"https:\/\/oxygene.ski\/fr\/numeros-de-telephone-des-stations\/\",\"name\":\"Appellez-nous | Oxyg\u00e8ne \u00c9cole de ski & snowboard\",\"isPartOf\":{\"@id\":\"https:\/\/oxygene.ski\/#website\"},\"datePublished\":\"2025-03-21T14:37:15+00:00\",\"dateModified\":\"2026-02-17T10:08:17+00:00\",\"description\":\"Appelez-nous ! L\u2019\u00e9quipe d\u2019Oxyg\u00e8ne est disponible toute l\u2019ann\u00e9e et nous serons ravis de mettre notre expertise \u00e0 votre disposition.\",\"breadcrumb\":{\"@id\":\"https:\/\/oxygene.ski\/fr\/numeros-de-telephone-des-stations\/#breadcrumb\"},\"inLanguage\":\"fr\",\"potentialAction\":[{\"@type\":\"ReadAction\",\"target\":[\"https:\/\/oxygene.ski\/fr\/numeros-de-telephone-des-stations\/\"]}]},{\"@type\":\"BreadcrumbList\",\"@id\":\"https:\/\/oxygene.ski\/fr\/numeros-de-telephone-des-stations\/#breadcrumb\",\"itemListElement\":[{\"@type\":\"ListItem\",\"position\":1,\"name\":\"Home\",\"item\":\"https:\/\/oxygene.ski\/fr\/accueil\/\"},{\"@type\":\"ListItem\",\"position\":2,\"name\":\"Num\u00e9ros de t\u00e9l\u00e9phone des stations\"}]},{\"@type\":\"WebSite\",\"@id\":\"https:\/\/oxygene.ski\/#website\",\"url\":\"https:\/\/oxygene.ski\/\",\"name\":\"Oxyg\u00e8ne Ski &amp; Snowboard School\",\"description\":\"\",\"potentialAction\":[{\"@type\":\"SearchAction\",\"target\":{\"@type\":\"EntryPoint\",\"urlTemplate\":\"https:\/\/oxygene.ski\/?s={search_term_string}\"},\"query-input\":\"required name=search_term_string\"}],\"inLanguage\":\"fr\"}]}<\/script>\n<!-- \/ Yoast SEO plugin. -->","yoast_head_json":{"title":"Appellez-nous | Oxyg\u00e8ne \u00c9cole de ski & snowboard","description":"Appelez-nous ! L\u2019\u00e9quipe d\u2019Oxyg\u00e8ne est disponible toute l\u2019ann\u00e9e et nous serons ravis de mettre notre expertise \u00e0 votre disposition.","robots":{"index":"index","follow":"follow","max-snippet":"max-snippet:-1","max-image-preview":"max-image-preview:large","max-video-preview":"max-video-preview:-1"},"canonical":"https:\/\/oxygene.ski\/fr\/numeros-de-telephone-des-stations\/","og_locale":"fr_FR","og_type":"article","og_title":"Appellez-nous | Oxyg\u00e8ne \u00c9cole de ski & snowboard","og_description":"Appelez-nous ! L\u2019\u00e9quipe d\u2019Oxyg\u00e8ne est disponible toute l\u2019ann\u00e9e et nous serons ravis de mettre notre expertise \u00e0 votre disposition.","og_url":"https:\/\/oxygene.ski\/fr\/numeros-de-telephone-des-stations\/","og_site_name":"Oxyg\u00e8ne Ski &amp; Snowboard School","article_publisher":"https:\/\/www.facebook.com\/OxygeneSki","article_modified_time":"2026-02-17T10:08:17+00:00","twitter_card":"summary_large_image","twitter_site":"@Oxygene_Ski","twitter_misc":{"Est. reading time":"2 minutes"},"schema":{"@context":"https:\/\/schema.org","@graph":[{"@type":"WebPage","@id":"https:\/\/oxygene.ski\/fr\/numeros-de-telephone-des-stations\/","url":"https:\/\/oxygene.ski\/fr\/numeros-de-telephone-des-stations\/","name":"Appellez-nous | Oxyg\u00e8ne \u00c9cole de ski & snowboard","isPartOf":{"@id":"https:\/\/oxygene.ski\/#website"},"datePublished":"2025-03-21T14:37:15+00:00","dateModified":"2026-02-17T10:08:17+00:00","description":"Appelez-nous ! L\u2019\u00e9quipe d\u2019Oxyg\u00e8ne est disponible toute l\u2019ann\u00e9e et nous serons ravis de mettre notre expertise \u00e0 votre disposition.","breadcrumb":{"@id":"https:\/\/oxygene.ski\/fr\/numeros-de-telephone-des-stations\/#breadcrumb"},"inLanguage":"fr","potentialAction":[{"@type":"ReadAction","target":["https:\/\/oxygene.ski\/fr\/numeros-de-telephone-des-stations\/"]}]},{"@type":"BreadcrumbList","@id":"https:\/\/oxygene.ski\/fr\/numeros-de-telephone-des-stations\/#breadcrumb","itemListElement":[{"@type":"ListItem","position":1,"name":"Home","item":"https:\/\/oxygene.ski\/fr\/accueil\/"},{"@type":"ListItem","position":2,"name":"Num\u00e9ros de t\u00e9l\u00e9phone des stations"}]},{"@type":"WebSite","@id":"https:\/\/oxygene.ski\/#website","url":"https:\/\/oxygene.ski\/","name":"Oxyg\u00e8ne Ski &amp; Snowboard School","description":"","potentialAction":[{"@type":"SearchAction","target":{"@type":"EntryPoint","urlTemplate":"https:\/\/oxygene.ski\/?s={search_term_string}"},"query-input":"required name=search_term_string"}],"inLanguage":"fr"}]}},"_links":{"self":[{"href":"https:\/\/oxygene.ski\/fr\/wp-json\/wp\/v2\/pages\/578928"}],"collection":[{"href":"https:\/\/oxygene.ski\/fr\/wp-json\/wp\/v2\/pages"}],"about":[{"href":"https:\/\/oxygene.ski\/fr\/wp-json\/wp\/v2\/types\/page"}],"author":[{"embeddable":true,"href":"https:\/\/oxygene.ski\/fr\/wp-json\/wp\/v2\/users\/7448"}],"replies":[{"embeddable":true,"href":"https:\/\/oxygene.ski\/fr\/wp-json\/wp\/v2\/comments?post=578928"}],"version-history":[{"count":18,"href":"https:\/\/oxygene.ski\/fr\/wp-json\/wp\/v2\/pages\/578928\/revisions"}],"predecessor-version":[{"id":583074,"href":"https:\/\/oxygene.ski\/fr\/wp-json\/wp\/v2\/pages\/578928\/revisions\/583074"}],"wp:attachment":[{"href":"https:\/\/oxygene.ski\/fr\/wp-json\/wp\/v2\/media?parent=578928"}],"curies":[{"name":"wp","href":"https:\/\/api.w.org\/{rel}","templated":true}]}}