{"id":578925,"date":"2025-03-21T15:33:56","date_gmt":"2025-03-21T14:33:56","guid":{"rendered":"https:\/\/oxygene.ski\/adresses-des-stations\/"},"modified":"2025-12-11T10:12:58","modified_gmt":"2025-12-11T09:12:58","slug":"adresses-des-stations","status":"publish","type":"page","link":"https:\/\/oxygene.ski\/fr\/adresses-des-stations\/","title":{"rendered":"Adresses des stations"},"content":{"rendered":"<p>[vc_row css=&#8221;.vc_custom_1489493682930{padding-top: 50px !important;padding-bottom: 50px !important;}&#8221;][vc_column css=&#8221;.vc_custom_1714040662326{background-color: #ffffff !important;}&#8221;][vc_empty_space height=&#8221;60px&#8221;][vc_column_text css_animation=&#8221;fadeInUp&#8221;]<\/p>\n<h1 style=\"text-align: center;\"><span style=\"color: #00adef;\"><strong>O\u00d9 NOUS TROUVER<br \/>\n<\/strong><\/span><\/h1>\n<div id=\"gtx-trans\" style=\"position: absolute; left: 151px; top: -4.09375px;\">\n<div class=\"gtx-trans-icon\"><\/div>\n<\/div>\n<p>[\/vc_column_text][\/vc_column][\/vc_row][vc_row css=&#8221;.vc_custom_1489493682930{padding-top: 50px !important;padding-bottom: 50px !important;}&#8221;][vc_column offset=&#8221;vc_col-xs-12&#8243;][vc_row_inner type=&#8221;boxed&#8221;][vc_column_inner width=&#8221;1\/4&#8243;][vc_single_image image=&#8221;574182&#8243; img_size=&#8221;100&#215;100&#8243; alignment=&#8221;center&#8221;][vc_btn title=&#8221;Belle Plagne&#8221; align=&#8221;center&#8221; link=&#8221;url:https%3A%2F%2Fmaps.app.goo.gl%2FxrafuwMThZ4tp2jf8|target:_blank|&#8221;][vc_empty_space height=&#8221;15px&#8221;][\/vc_column_inner][vc_column_inner width=&#8221;1\/4&#8243;][vc_single_image image=&#8221;574184&#8243; img_size=&#8221;100&#215;100&#8243; alignment=&#8221;center&#8221;][vc_btn title=&#8221;Courchevel&#8221; align=&#8221;center&#8221; link=&#8221;url:https%3A%2F%2Fmaps.app.goo.gl%2FESJPrjuJZkyAchXY6|target:_blank|&#8221;][\/vc_column_inner][vc_column_inner width=&#8221;1\/4&#8243;][vc_single_image image=&#8221;574188&#8243; img_size=&#8221;100&#215;100&#8243; alignment=&#8221;center&#8221;][vc_btn title=&#8221;La Plagne&#8221; align=&#8221;center&#8221; link=&#8221;url:https%3A%2F%2Fmaps.app.goo.gl%2Fi3kaSyTMdcJ1Xb9GA|target:_blank|&#8221;][\/vc_column_inner][vc_column_inner width=&#8221;1\/4&#8243;][vc_single_image image=&#8221;574190&#8243; img_size=&#8221;100&#215;100&#8243; alignment=&#8221;center&#8221;][vc_btn title=&#8221;La Rosi\u00e8re&#8221; align=&#8221;center&#8221; link=&#8221;url:https%3A%2F%2Fmaps.app.goo.gl%2FkVeJZD4tP9n4ecC1A|target:_blank|&#8221;][\/vc_column_inner][\/vc_row_inner][vc_row_inner type=&#8221;boxed&#8221;][vc_column_inner width=&#8221;1\/4&#8243;][vc_single_image image=&#8221;574194&#8243; img_size=&#8221;100&#215;100&#8243; alignment=&#8221;center&#8221;][vc_btn title=&#8221;LES MENUIRES&#8221; align=&#8221;center&#8221; link=&#8221;url:https%3A%2F%2Fmaps.app.goo.gl%2FKULXQUGMUsQsZYn97|target:_blank|&#8221;][\/vc_column_inner][vc_column_inner width=&#8221;1\/4&#8243;][vc_single_image image=&#8221;574198&#8243; img_size=&#8221;100&#215;100&#8243; alignment=&#8221;center&#8221;][vc_btn title=&#8221;M\u00c9RIBEL&#8221; align=&#8221;center&#8221; link=&#8221;url:https%3A%2F%2Fmaps.app.goo.gl%2FVtARxEk1kBuspWFn6|target:_blank|&#8221;][\/vc_column_inner][vc_column_inner width=&#8221;1\/4&#8243;][vc_single_image image=&#8221;574200&#8243; img_size=&#8221;100&#215;100&#8243; alignment=&#8221;center&#8221;][vc_btn title=&#8221;ST MARTIN DE BELLEVILLE&#8221; align=&#8221;center&#8221; link=&#8221;target:_blank|&#8221;][\/vc_column_inner][vc_column_inner width=&#8221;1\/4&#8243;][vc_single_image image=&#8221;574210&#8243; img_size=&#8221;100&#215;100&#8243; alignment=&#8221;center&#8221;][vc_btn title=&#8221;SERRE CHEVALIER&#8221; align=&#8221;center&#8221; link=&#8221;url:https%3A%2F%2Fmaps.app.goo.gl%2FMrNR1SUJknuWnCSv9|target:_blank|&#8221;][vc_empty_space height=&#8221;15px&#8221;][\/vc_column_inner][\/vc_row_inner][vc_row_inner type=&#8221;boxed&#8221;][vc_column_inner width=&#8221;1\/4&#8243;][vc_single_image image=&#8221;574202&#8243; img_size=&#8221;100&#215;100&#8243; alignment=&#8221;center&#8221;][vc_btn title=&#8221;TIGNES&#8221; align=&#8221;center&#8221; link=&#8221;url:https%3A%2F%2Fmaps.app.goo.gl%2FZ4xTTB6SYfXLw7dV8|target:_blank|&#8221;][\/vc_column_inner][vc_column_inner width=&#8221;1\/4&#8243;][vc_single_image image=&#8221;574204&#8243; img_size=&#8221;100&#215;100&#8243; alignment=&#8221;center&#8221;][vc_btn title=&#8221;VAL D&#8217;IS\u00c8RE&#8221; align=&#8221;center&#8221; link=&#8221;url:https%3A%2F%2Fmaps.app.goo.gl%2FMqL2g877ijBRqMAx8|target:_blank|&#8221;][\/vc_column_inner][vc_column_inner width=&#8221;1\/4&#8243;][vc_single_image image=&#8221;574208&#8243; img_size=&#8221;100&#215;100&#8243; alignment=&#8221;center&#8221;][vc_btn title=&#8221;VAL THORENS&#8221; align=&#8221;center&#8221; link=&#8221;url:https%3A%2F%2Fmaps.app.goo.gl%2F7khcH8LRizyWHwy28|target:_blank|&#8221;][\/vc_column_inner][vc_column_inner width=&#8221;1\/4&#8243;][\/vc_column_inner][\/vc_row_inner][\/vc_column][\/vc_row][vc_row css=&#8221;.vc_custom_1489493682930{padding-top: 50px !important;padding-bottom: 50px !important;}&#8221;][vc_column css=&#8221;.vc_custom_1714040662326{background-color: #ffffff !important;}&#8221;][vc_empty_space height=&#8221;100px&#8221;][\/vc_column][\/vc_row]<\/p>\n","protected":false},"excerpt":{"rendered":"<p>[vc_row css=&#8221;.vc_custom_1489493682930{padding-top: 50px !important;padding-bottom: 50px !important;}&#8221;][vc_column css=&#8221;.vc_custom_1714040662326{background-color: #ffffff !important;}&#8221;][vc_empty_space height=&#8221;60px&#8221;][vc_column_text css_animation=&#8221;fadeInUp&#8221;] O\u00d9 NOUS TROUVER [\/vc_column_text][\/vc_column][\/vc_row][vc_row css=&#8221;.vc_custom_1489493682930{padding-top: 50px !important;padding-bottom: 50px !important;}&#8221;][vc_column offset=&#8221;vc_col-xs-12&#8243;][vc_row_inner type=&#8221;boxed&#8221;][vc_column_inner width=&#8221;1\/4&#8243;][vc_single_image image=&#8221;574182&#8243; img_size=&#8221;100&#215;100&#8243; alignment=&#8221;center&#8221;][vc_btn title=&#8221;Belle Plagne&#8221; align=&#8221;center&#8221; link=&#8221;url:https%3A%2F%2Fmaps.app.goo.gl%2FxrafuwMThZ4tp2jf8|target:_blank|&#8221;][vc_empty_space height=&#8221;15px&#8221;][\/vc_column_inner][vc_column_inner width=&#8221;1\/4&#8243;][vc_single_image image=&#8221;574184&#8243; img_size=&#8221;100&#215;100&#8243; alignment=&#8221;center&#8221;][vc_btn title=&#8221;Courchevel&#8221; align=&#8221;center&#8221; link=&#8221;url:https%3A%2F%2Fmaps.app.goo.gl%2FESJPrjuJZkyAchXY6|target:_blank|&#8221;][\/vc_column_inner][vc_column_inner width=&#8221;1\/4&#8243;][vc_single_image image=&#8221;574188&#8243; img_size=&#8221;100&#215;100&#8243; alignment=&#8221;center&#8221;][vc_btn title=&#8221;La Plagne&#8221; align=&#8221;center&#8221; link=&#8221;url:https%3A%2F%2Fmaps.app.goo.gl%2Fi3kaSyTMdcJ1Xb9GA|target:_blank|&#8221;][\/vc_column_inner][vc_column_inner width=&#8221;1\/4&#8243;][vc_single_image image=&#8221;574190&#8243; img_size=&#8221;100&#215;100&#8243; alignment=&#8221;center&#8221;][vc_btn title=&#8221;La Rosi\u00e8re&#8221; align=&#8221;center&#8221; link=&#8221;url:https%3A%2F%2Fmaps.app.goo.gl%2FkVeJZD4tP9n4ecC1A|target:_blank|&#8221;][\/vc_column_inner][\/vc_row_inner][vc_row_inner type=&#8221;boxed&#8221;][vc_column_inner [&hellip;]<\/p>\n","protected":false},"author":7448,"featured_media":0,"parent":0,"menu_order":19,"comment_status":"closed","ping_status":"closed","template":"page-full-width.php","meta":{"footnotes":""},"yoast_head":"<!-- This site is optimized with the Yoast SEO plugin v22.2 - https:\/\/yoast.com\/wordpress\/plugins\/seo\/ -->\n<title>O\u00f9 nous trouver ? | Oxyg\u00e8ne \u00c9cole de ski &amp; snowboard<\/title>\n<meta name=\"description\" content=\"Retrouvez-nous ! L\u2019\u00e9quipe d\u2019Oxyg\u00e8ne est disponible toute l\u2019ann\u00e9e et nous serons ravis de mettre notre expertise \u00e0 votre disposition !\" \/>\n<meta name=\"robots\" content=\"index, follow, max-snippet:-1, max-image-preview:large, max-video-preview:-1\" \/>\n<link rel=\"canonical\" href=\"https:\/\/oxygene.ski\/fr\/adresses-des-stations\/\" \/>\n<meta property=\"og:locale\" content=\"fr_FR\" \/>\n<meta property=\"og:type\" content=\"article\" \/>\n<meta property=\"og:title\" content=\"O\u00f9 nous trouver ? | Oxyg\u00e8ne \u00c9cole de ski &amp; snowboard\" \/>\n<meta property=\"og:description\" content=\"Retrouvez-nous ! L\u2019\u00e9quipe d\u2019Oxyg\u00e8ne est disponible toute l\u2019ann\u00e9e et nous serons ravis de mettre notre expertise \u00e0 votre disposition !\" \/>\n<meta property=\"og:url\" content=\"https:\/\/oxygene.ski\/fr\/adresses-des-stations\/\" \/>\n<meta property=\"og:site_name\" content=\"Oxyg\u00e8ne Ski &amp; Snowboard School\" \/>\n<meta property=\"article:publisher\" content=\"https:\/\/www.facebook.com\/OxygeneSki\" \/>\n<meta property=\"article:modified_time\" content=\"2025-12-11T09:12:58+00:00\" \/>\n<meta name=\"twitter:card\" content=\"summary_large_image\" \/>\n<meta name=\"twitter:site\" content=\"@Oxygene_Ski\" \/>\n<meta name=\"twitter:label1\" content=\"Est. reading time\" \/>\n\t<meta name=\"twitter:data1\" content=\"1 minute\" \/>\n<script type=\"application\/ld+json\" class=\"yoast-schema-graph\">{\"@context\":\"https:\/\/schema.org\",\"@graph\":[{\"@type\":\"WebPage\",\"@id\":\"https:\/\/oxygene.ski\/fr\/adresses-des-stations\/\",\"url\":\"https:\/\/oxygene.ski\/fr\/adresses-des-stations\/\",\"name\":\"O\u00f9 nous trouver ? | Oxyg\u00e8ne \u00c9cole de ski & snowboard\",\"isPartOf\":{\"@id\":\"https:\/\/oxygene.ski\/#website\"},\"datePublished\":\"2025-03-21T14:33:56+00:00\",\"dateModified\":\"2025-12-11T09:12:58+00:00\",\"description\":\"Retrouvez-nous ! L\u2019\u00e9quipe d\u2019Oxyg\u00e8ne est disponible toute l\u2019ann\u00e9e et nous serons ravis de mettre notre expertise \u00e0 votre disposition !\",\"breadcrumb\":{\"@id\":\"https:\/\/oxygene.ski\/fr\/adresses-des-stations\/#breadcrumb\"},\"inLanguage\":\"fr\",\"potentialAction\":[{\"@type\":\"ReadAction\",\"target\":[\"https:\/\/oxygene.ski\/fr\/adresses-des-stations\/\"]}]},{\"@type\":\"BreadcrumbList\",\"@id\":\"https:\/\/oxygene.ski\/fr\/adresses-des-stations\/#breadcrumb\",\"itemListElement\":[{\"@type\":\"ListItem\",\"position\":1,\"name\":\"Home\",\"item\":\"https:\/\/oxygene.ski\/fr\/accueil\/\"},{\"@type\":\"ListItem\",\"position\":2,\"name\":\"Adresses des stations\"}]},{\"@type\":\"WebSite\",\"@id\":\"https:\/\/oxygene.ski\/#website\",\"url\":\"https:\/\/oxygene.ski\/\",\"name\":\"Oxyg\u00e8ne Ski &amp; Snowboard School\",\"description\":\"\",\"potentialAction\":[{\"@type\":\"SearchAction\",\"target\":{\"@type\":\"EntryPoint\",\"urlTemplate\":\"https:\/\/oxygene.ski\/?s={search_term_string}\"},\"query-input\":\"required name=search_term_string\"}],\"inLanguage\":\"fr\"}]}<\/script>\n<!-- \/ Yoast SEO plugin. -->","yoast_head_json":{"title":"O\u00f9 nous trouver ? | Oxyg\u00e8ne \u00c9cole de ski & snowboard","description":"Retrouvez-nous ! L\u2019\u00e9quipe d\u2019Oxyg\u00e8ne est disponible toute l\u2019ann\u00e9e et nous serons ravis de mettre notre expertise \u00e0 votre disposition !","robots":{"index":"index","follow":"follow","max-snippet":"max-snippet:-1","max-image-preview":"max-image-preview:large","max-video-preview":"max-video-preview:-1"},"canonical":"https:\/\/oxygene.ski\/fr\/adresses-des-stations\/","og_locale":"fr_FR","og_type":"article","og_title":"O\u00f9 nous trouver ? | Oxyg\u00e8ne \u00c9cole de ski & snowboard","og_description":"Retrouvez-nous ! L\u2019\u00e9quipe d\u2019Oxyg\u00e8ne est disponible toute l\u2019ann\u00e9e et nous serons ravis de mettre notre expertise \u00e0 votre disposition !","og_url":"https:\/\/oxygene.ski\/fr\/adresses-des-stations\/","og_site_name":"Oxyg\u00e8ne Ski &amp; Snowboard School","article_publisher":"https:\/\/www.facebook.com\/OxygeneSki","article_modified_time":"2025-12-11T09:12:58+00:00","twitter_card":"summary_large_image","twitter_site":"@Oxygene_Ski","twitter_misc":{"Est. reading time":"1 minute"},"schema":{"@context":"https:\/\/schema.org","@graph":[{"@type":"WebPage","@id":"https:\/\/oxygene.ski\/fr\/adresses-des-stations\/","url":"https:\/\/oxygene.ski\/fr\/adresses-des-stations\/","name":"O\u00f9 nous trouver ? | Oxyg\u00e8ne \u00c9cole de ski & snowboard","isPartOf":{"@id":"https:\/\/oxygene.ski\/#website"},"datePublished":"2025-03-21T14:33:56+00:00","dateModified":"2025-12-11T09:12:58+00:00","description":"Retrouvez-nous ! L\u2019\u00e9quipe d\u2019Oxyg\u00e8ne est disponible toute l\u2019ann\u00e9e et nous serons ravis de mettre notre expertise \u00e0 votre disposition !","breadcrumb":{"@id":"https:\/\/oxygene.ski\/fr\/adresses-des-stations\/#breadcrumb"},"inLanguage":"fr","potentialAction":[{"@type":"ReadAction","target":["https:\/\/oxygene.ski\/fr\/adresses-des-stations\/"]}]},{"@type":"BreadcrumbList","@id":"https:\/\/oxygene.ski\/fr\/adresses-des-stations\/#breadcrumb","itemListElement":[{"@type":"ListItem","position":1,"name":"Home","item":"https:\/\/oxygene.ski\/fr\/accueil\/"},{"@type":"ListItem","position":2,"name":"Adresses des stations"}]},{"@type":"WebSite","@id":"https:\/\/oxygene.ski\/#website","url":"https:\/\/oxygene.ski\/","name":"Oxyg\u00e8ne Ski &amp; Snowboard School","description":"","potentialAction":[{"@type":"SearchAction","target":{"@type":"EntryPoint","urlTemplate":"https:\/\/oxygene.ski\/?s={search_term_string}"},"query-input":"required name=search_term_string"}],"inLanguage":"fr"}]}},"_links":{"self":[{"href":"https:\/\/oxygene.ski\/fr\/wp-json\/wp\/v2\/pages\/578925"}],"collection":[{"href":"https:\/\/oxygene.ski\/fr\/wp-json\/wp\/v2\/pages"}],"about":[{"href":"https:\/\/oxygene.ski\/fr\/wp-json\/wp\/v2\/types\/page"}],"author":[{"embeddable":true,"href":"https:\/\/oxygene.ski\/fr\/wp-json\/wp\/v2\/users\/7448"}],"replies":[{"embeddable":true,"href":"https:\/\/oxygene.ski\/fr\/wp-json\/wp\/v2\/comments?post=578925"}],"version-history":[{"count":9,"href":"https:\/\/oxygene.ski\/fr\/wp-json\/wp\/v2\/pages\/578925\/revisions"}],"predecessor-version":[{"id":582653,"href":"https:\/\/oxygene.ski\/fr\/wp-json\/wp\/v2\/pages\/578925\/revisions\/582653"}],"wp:attachment":[{"href":"https:\/\/oxygene.ski\/fr\/wp-json\/wp\/v2\/media?parent=578925"}],"curies":[{"name":"wp","href":"https:\/\/api.w.org\/{rel}","templated":true}]}}