{"id":578922,"date":"2025-03-21T15:25:57","date_gmt":"2025-03-21T14:25:57","guid":{"rendered":"https:\/\/oxygene.ski\/cours-collectifs-snowboard-2\/"},"modified":"2025-12-10T16:29:50","modified_gmt":"2025-12-10T15:29:50","slug":"cours-collectifs-snowboard","status":"publish","type":"page","link":"https:\/\/oxygene.ski\/fr\/cours-collectifs-snowboard\/","title":{"rendered":"Cours collectifs snowboard"},"content":{"rendered":"<p>[vc_row content_placement=&#8221;middle&#8221; css=&#8221;.vc_custom_1757269408378{background-position: center !important;background-repeat: no-repeat !important;background-size: cover !important;}&#8221;][vc_column el_class=&#8221;image-column-remove-padding image-headband&#8221;][vc_single_image image=&#8221;580323&#8243; img_size=&#8221;full&#8221; el_class=&#8221;image-headband-frontpage-main&#8221;][\/vc_column][\/vc_row][vc_row][vc_column][vc_empty_space height=&#8221;50px&#8221;][\/vc_column][\/vc_row][vc_row css=&#8221;.vc_custom_1721295204059{margin-right: 5% !important;margin-left: 5% !important;}&#8221;][vc_column width=&#8221;1\/2&#8243;][vc_empty_space height=&#8221;20px&#8221;][vc_column_text]<\/p>\n<h1 style=\"text-align: left;\"><span style=\"color: #00adef;\">COURS COLLECTIFS SNOWBOARD<\/span><\/h1>\n<p>[\/vc_column_text][vc_column_text css=&#8221;.vc_custom_1754914253571{margin-right: 25% !important;}&#8221;]Propos\u00e9s dans toutes nos stations, nos cours collectifs de snowboard sont con\u00e7us pour renforcer votre confiance, am\u00e9liorer votre technique et perfectionner votre style sur les pistes. Nous offrons un programme complet pour vous permettre d\u2019atteindre de nouveaux sommets en snowboard.<\/p>\n<p>Nos moniteurs de snowboard sont de v\u00e9ritables experts, passionn\u00e9s par leur discipline. Ce ne sont pas des moniteurs de ski reconvertis, mais de vrais snowboardeurs dans l\u2019\u00e2me, anim\u00e9s par une passion authentique.<\/p>\n<p>R\u00e9servez vos cours avec nous et vous allez rider comme un pro en un rien de temps.[\/vc_column_text][vc_btn title=&#8221;Guide des niveaux&#8221; link=&#8221;url:https%3A%2F%2Foxygene.ski%2Ffr%2Fconnaitre-son-niveau-de-ski%2F|target:_blank|&#8221;][\/vc_column][vc_column width=&#8221;1\/2&#8243;][vc_row_inner gap=&#8221;35&#8243;][vc_column_inner el_class=&#8221;image-column-remove-padding image-headband&#8221; width=&#8221;1\/2&#8243; css=&#8221;.vc_custom_1757269470217{background-position: center !important;background-repeat: no-repeat !important;background-size: cover !important;}&#8221;][vc_single_image image=&#8221;580236&#8243; img_size=&#8221;500&#215;335&#8243; style=&#8221;vc_box_rounded&#8221;][\/vc_column_inner][vc_column_inner el_class=&#8221;image-column-remove-padding image-headband&#8221; width=&#8221;1\/2&#8243; css=&#8221;.vc_custom_1757269502300{background-position: center !important;background-repeat: no-repeat !important;background-size: cover !important;}&#8221;][vc_single_image image=&#8221;580329&#8243; img_size=&#8221;500&#215;335&#8243; style=&#8221;vc_box_rounded&#8221;][\/vc_column_inner][\/vc_row_inner][\/vc_column][\/vc_row][vc_row][vc_column][vc_empty_space height=&#8221;75px&#8221;][\/vc_column][\/vc_row][vc_row][vc_column css=&#8221;.vc_custom_1720507385365{margin-left: 10% !important;}&#8221;][vc_column_text]<\/p>\n<h2 style=\"text-align: left;\"><span style=\"color: #00adef;\">CLIQUEZ SUR LE LOGO DE VOTRE STATION PR\u00c9F\u00c9R\u00c9E POUR R\u00c9SERVER<\/span><\/h2>\n<p>[\/vc_column_text][\/vc_column][\/vc_row][vc_row][vc_column][vc_empty_space height=&#8221;20px&#8221;][\/vc_column][\/vc_row][vc_row css=&#8221;.vc_custom_1721292149420{margin-right: 5% !important;margin-left: 5% !important;}&#8221;][vc_column width=&#8221;1\/2&#8243;][vc_row_inner][vc_column_inner el_class=&#8221;border-radius: 30px;&#8221; width=&#8221;1\/3&#8243;][vc_single_image image=&#8221;574182&#8243; img_size=&#8221;100&#215;100&#8243; alignment=&#8221;center&#8221;][vc_btn title=&#8221;Belle Plagne&#8221; style=&#8221;outline&#8221; color=&#8221;sky&#8221; size=&#8221;sm&#8221; align=&#8221;center&#8221; link=&#8221;url:https%3A%2F%2Fbooking.yoplanning.pro%2Ffb81cc49-1fdd-4c97-b605-cc7f668ad62c%2F%3Ftag%3D6569f9ff-606a-46de-8f1c-aa74c7cbd756|target:_blank|&#8221;][\/vc_column_inner][vc_column_inner width=&#8221;1\/3&#8243; css=&#8221;.vc_custom_1724245659173{padding-right: 3% !important;padding-left: 3% !important;}&#8221;][vc_single_image image=&#8221;574184&#8243; img_size=&#8221;100&#215;100&#8243; alignment=&#8221;center&#8221;][vc_btn title=&#8221;Courchevel&#8221; style=&#8221;outline&#8221; color=&#8221;sky&#8221; size=&#8221;sm&#8221; align=&#8221;center&#8221; link=&#8221;url:https%3A%2F%2Fbooking.yoplanning.pro%2Fade6a319-476d-44d1-b765-7a4ce5d1ab54%2F%3Ftag%3Dc27f41c1-337e-4e7a-8eff-19a4914a6f57|target:_blank|&#8221;][\/vc_column_inner][vc_column_inner width=&#8221;1\/3&#8243;][vc_single_image image=&#8221;574188&#8243; img_size=&#8221;100&#215;100&#8243; alignment=&#8221;center&#8221;][vc_btn title=&#8221;La Plagne&#8221; style=&#8221;outline&#8221; color=&#8221;sky&#8221; size=&#8221;sm&#8221; align=&#8221;center&#8221; link=&#8221;url:https%3A%2F%2Fbooking.yoplanning.pro%2F4e1a2cf2-b77e-4bc7-9a1f-bd174f61282d%2F%3Ftag%3D6569f9ff-606a-46de-8f1c-aa74c7cbd756|target:_blank|&#8221;][\/vc_column_inner][\/vc_row_inner][\/vc_column][vc_column width=&#8221;1\/2&#8243;][vc_row_inner][vc_column_inner width=&#8221;1\/3&#8243;][vc_single_image image=&#8221;574194&#8243; img_size=&#8221;100&#215;100&#8243; alignment=&#8221;center&#8221;][vc_btn title=&#8221;Les Menuires&#8221; style=&#8221;outline&#8221; color=&#8221;sky&#8221; size=&#8221;sm&#8221; align=&#8221;center&#8221; link=&#8221;url:https%3A%2F%2Fbooking.yoplanning.pro%2F77738c58-6c53-4241-b88a-8f333097ccfd%2F%3Ftag%3Dccef2a72-0c5a-4489-a490-c326c5e3038e|target:_blank|&#8221;][\/vc_column_inner][vc_column_inner width=&#8221;1\/3&#8243;][vc_single_image image=&#8221;572587&#8243; img_size=&#8221;100&#215;100&#8243; alignment=&#8221;center&#8221;][vc_btn title=&#8221;M\u00e9ribel&#8221; style=&#8221;outline&#8221; color=&#8221;sky&#8221; size=&#8221;sm&#8221; align=&#8221;center&#8221; link=&#8221;url:https%3A%2F%2Fbooking.yoplanning.pro%2F7dc573eb-50ed-4d8c-9879-8ffaf2ee922e%2F%3Ftag%3Dfd949ebd-7f79-4611-ba1e-f5e98ca5fd42|target:_blank|&#8221;][\/vc_column_inner][vc_column_inner width=&#8221;1\/3&#8243;][vc_single_image image=&#8221;574210&#8243; img_size=&#8221;100&#215;100&#8243; alignment=&#8221;center&#8221;][vc_btn title=&#8221;Serre Chevalier&#8221; style=&#8221;outline&#8221; color=&#8221;sky&#8221; size=&#8221;sm&#8221; align=&#8221;center&#8221; link=&#8221;url:https%3A%2F%2Fbooking.yoplanning.pro%2F0f670fcf-0e6a-4dc5-b864-d53a102903cc%2F%3Ftag%3D2287dda5-eee0-4089-a526-3cd9b141cb6c|target:_blank|&#8221;][\/vc_column_inner][\/vc_row_inner][\/vc_column][\/vc_row][vc_row css=&#8221;.vc_custom_1721292149420{margin-right: 5% !important;margin-left: 5% !important;}&#8221;][vc_column width=&#8221;1\/2&#8243;][vc_row_inner][vc_column_inner el_class=&#8221;border-radius: 30px;&#8221; width=&#8221;1\/3&#8243;][vc_single_image image=&#8221;574202&#8243; img_size=&#8221;100&#215;100&#8243; alignment=&#8221;center&#8221;][vc_btn title=&#8221;Tignes&#8221; style=&#8221;outline&#8221; color=&#8221;sky&#8221; size=&#8221;sm&#8221; align=&#8221;center&#8221; link=&#8221;url:https%3A%2F%2Fbooking.yoplanning.pro%2F4fa00e28-3d2d-4916-97a6-75b8ce82acad%2F%3Ftag%3Df19a7543-c911-4ce6-95de-ae7ed97952c0|target:_blank|&#8221;][\/vc_column_inner][vc_column_inner width=&#8221;1\/3&#8243;][vc_single_image image=&#8221;574204&#8243; img_size=&#8221;100&#215;100&#8243; alignment=&#8221;center&#8221;][vc_btn title=&#8221;Val d&#8217;Is\u00e8re&#8221; style=&#8221;outline&#8221; color=&#8221;sky&#8221; size=&#8221;sm&#8221; align=&#8221;center&#8221; link=&#8221;url:https%3A%2F%2Fbooking.yoplanning.pro%2Fc5caa709-4c75-4ce9-a760-d60689a200e3%2F%3Ftag%3D5792cc27-f681-48be-acaa-de718d3387d1|target:_blank|&#8221;][\/vc_column_inner][vc_column_inner width=&#8221;1\/3&#8243;][vc_single_image image=&#8221;574208&#8243; img_size=&#8221;100&#215;100&#8243; alignment=&#8221;center&#8221;][vc_btn title=&#8221;Val Thorens&#8221; style=&#8221;outline&#8221; color=&#8221;sky&#8221; size=&#8221;sm&#8221; align=&#8221;center&#8221; link=&#8221;url:https%3A%2F%2Fbooking.yoplanning.pro%2Fb4f09821-cd27-4251-baae-9a784a04489e%2F%3Ftag%3D2aef3cf0-cda1-4137-b062-976eba20d548|target:_blank|&#8221;][\/vc_column_inner][\/vc_row_inner][\/vc_column][vc_column width=&#8221;1\/2&#8243;][vc_row_inner][vc_column_inner width=&#8221;1\/3&#8243;][\/vc_column_inner][vc_column_inner width=&#8221;1\/3&#8243;][\/vc_column_inner][vc_column_inner width=&#8221;1\/3&#8243;][\/vc_column_inner][\/vc_row_inner][\/vc_column][\/vc_row][vc_row][vc_column][vc_empty_space height=&#8221;75px&#8221;][\/vc_column][\/vc_row][vc_row][vc_column][vc_row_inner][vc_column_inner width=&#8221;1\/2&#8243; css=&#8221;.vc_custom_1741855847529{padding-right: 10% !important;padding-left: 10% !important;}&#8221;][vc_column_text]<\/p>\n<p style=\"text-align: center;\"><span style=\"color: #00adef;\"><strong>APPRENEZ \u00c0 RIDER AVEC NOUS<\/strong><\/span><\/p>\n<p style=\"text-align: center;\">Apprenez \u00e0 rider en confiance et avec du style en rejoignant nos fameux cours collectifs snowboard. Profitez d\u2019un enseignement de qualit\u00e9 sur les meilleures pistes. Vous \u00eates pr\u00eat et impatient d\u2019y aller ?Alors, venez apprendre \u00e0 jibber, rider, slasher, jumper, carver sur park, piste ou dans la poudreuse, en un rien de temps.<\/p>\n<p>[\/vc_column_text][\/vc_column_inner][vc_column_inner width=&#8221;1\/2&#8243; css=&#8221;.vc_custom_1741855874222{padding-right: 10% !important;padding-left: 10% !important;}&#8221;][vc_column_text]<\/p>\n<p style=\"text-align: center;\"><span style=\"color: #00adef;\"><strong>TROUVEZ VOTRE NIVEAU<\/strong><\/span><\/p>\n<p style=\"text-align: center;\">Jetez un \u0153il sur notre guide de niveaux snowboard pour vous aider \u00e0 d\u00e9terminer votre groupe. Toujours pas s\u00fbr ? Contactez-nous par t\u00e9l\u00e9phone ou email, nous serons ravis de vous conseiller. Pour information, le niveau de chaque participant est \u00e9valu\u00e9 en d\u00e9but de cours afin de constituer des groupes homog\u00e8nes.<\/p>\n<p>[\/vc_column_text][\/vc_column_inner][\/vc_row_inner][vc_empty_space height=&#8221;75px&#8221;][\/vc_column][\/vc_row][vc_row css=&#8221;.vc_custom_1723624984231{margin-right: 5% !important;margin-left: 5% !important;}&#8221;][vc_column width=&#8221;1\/2&#8243;][vc_empty_space height=&#8221;20px&#8221;][vc_column_text css=&#8221;.vc_custom_1755178561253{margin-right: 5% !important;}&#8221;]<\/p>\n<h3><span style=\"color: #00adef;\"><strong>LES D\u00c9BUTANTS ONT DROIT AU MEILLEUR<\/strong><\/span><\/h3>\n<p>&nbsp;<\/p>\n<p>Nos sessions Learn To Ride proposent un accompagnement pas \u00e0 pas pour d\u00e9couvrir les bases du snowboard. Vous pourrez ensuite progresser naturellement et atteindre votre meilleur niveau technique, en toute confiance. Avec des bases solides, vous pourrez rapidement progresser et d\u00e9couvrir toutes les cl\u00e9s de cette pratique.[\/vc_column_text][vc_column_text]<br \/>\n\u00cates-vous pr\u00eats pour une nouvelle aventure ?<br \/>\n[\/vc_column_text][\/vc_column][vc_column width=&#8221;1\/2&#8243; css=&#8221;.vc_custom_1757269552376{background-position: center !important;background-repeat: no-repeat !important;background-size: cover !important;}&#8221; el_class=&#8221;image-column-remove-padding image-headband&#8221;][vc_single_image image=&#8221;580327&#8243; img_size=&#8221;full&#8221; style=&#8221;vc_box_rounded&#8221; el_class=&#8221;image-headband-frontpage&#8221;][\/vc_column][\/vc_row][vc_row][vc_column][vc_empty_space height=&#8221;30px&#8221;][\/vc_column][\/vc_row]<\/p>\n","protected":false},"excerpt":{"rendered":"<p>[vc_row content_placement=&#8221;middle&#8221; css=&#8221;.vc_custom_1757269408378{background-position: center !important;background-repeat: no-repeat !important;background-size: cover !important;}&#8221;][vc_column el_class=&#8221;image-column-remove-padding image-headband&#8221;][vc_single_image image=&#8221;580323&#8243; img_size=&#8221;full&#8221; el_class=&#8221;image-headband-frontpage-main&#8221;][\/vc_column][\/vc_row][vc_row][vc_column][vc_empty_space height=&#8221;50px&#8221;][\/vc_column][\/vc_row][vc_row css=&#8221;.vc_custom_1721295204059{margin-right: 5% !important;margin-left: 5% !important;}&#8221;][vc_column width=&#8221;1\/2&#8243;][vc_empty_space height=&#8221;20px&#8221;][vc_column_text] COURS COLLECTIFS SNOWBOARD [\/vc_column_text][vc_column_text css=&#8221;.vc_custom_1754914253571{margin-right: 25% !important;}&#8221;]Propos\u00e9s dans toutes nos stations, nos cours collectifs de snowboard sont con\u00e7us pour renforcer votre confiance, am\u00e9liorer votre technique et perfectionner votre style sur les pistes. Nous [&hellip;]<\/p>\n","protected":false},"author":7448,"featured_media":0,"parent":0,"menu_order":19,"comment_status":"closed","ping_status":"closed","template":"page-full-width.php","meta":{"footnotes":""},"yoast_head":"<!-- This site is optimized with the Yoast SEO plugin v22.2 - https:\/\/yoast.com\/wordpress\/plugins\/seo\/ -->\n<title>Cours collectifs snowboard | Oxyg\u00e8ne \u00c9cole de Ski &amp; Snowboard<\/title>\n<meta name=\"description\" content=\"Rejoignez nos cours collectifs de snowboard et pr\u00e9parez-vous \u00e0 rider comme un pro. Avec nos moniteurs Oxyg\u00e8ne, le succ\u00e8s est garanti.\" \/>\n<meta name=\"robots\" content=\"index, follow, max-snippet:-1, max-image-preview:large, max-video-preview:-1\" \/>\n<link rel=\"canonical\" href=\"https:\/\/oxygene.ski\/fr\/cours-collectifs-snowboard\/\" \/>\n<meta property=\"og:locale\" content=\"fr_FR\" \/>\n<meta property=\"og:type\" content=\"article\" \/>\n<meta property=\"og:title\" content=\"Cours collectifs snowboard | Oxyg\u00e8ne \u00c9cole de Ski &amp; Snowboard\" \/>\n<meta property=\"og:description\" content=\"Rejoignez nos cours collectifs de snowboard et pr\u00e9parez-vous \u00e0 rider comme un pro. Avec nos moniteurs Oxyg\u00e8ne, le succ\u00e8s est garanti.\" \/>\n<meta property=\"og:url\" content=\"https:\/\/oxygene.ski\/fr\/cours-collectifs-snowboard\/\" \/>\n<meta property=\"og:site_name\" content=\"Oxyg\u00e8ne Ski &amp; Snowboard School\" \/>\n<meta property=\"article:publisher\" content=\"https:\/\/www.facebook.com\/OxygeneSki\" \/>\n<meta property=\"article:modified_time\" content=\"2025-12-10T15:29:50+00:00\" \/>\n<meta name=\"twitter:card\" content=\"summary_large_image\" \/>\n<meta name=\"twitter:site\" content=\"@Oxygene_Ski\" \/>\n<meta name=\"twitter:label1\" content=\"Est. reading time\" \/>\n\t<meta name=\"twitter:data1\" content=\"5 minutes\" \/>\n<script type=\"application\/ld+json\" class=\"yoast-schema-graph\">{\"@context\":\"https:\/\/schema.org\",\"@graph\":[{\"@type\":\"WebPage\",\"@id\":\"https:\/\/oxygene.ski\/fr\/cours-collectifs-snowboard\/\",\"url\":\"https:\/\/oxygene.ski\/fr\/cours-collectifs-snowboard\/\",\"name\":\"Cours collectifs snowboard | Oxyg\u00e8ne \u00c9cole de Ski & Snowboard\",\"isPartOf\":{\"@id\":\"https:\/\/oxygene.ski\/#website\"},\"datePublished\":\"2025-03-21T14:25:57+00:00\",\"dateModified\":\"2025-12-10T15:29:50+00:00\",\"description\":\"Rejoignez nos cours collectifs de snowboard et pr\u00e9parez-vous \u00e0 rider comme un pro. Avec nos moniteurs Oxyg\u00e8ne, le succ\u00e8s est garanti.\",\"breadcrumb\":{\"@id\":\"https:\/\/oxygene.ski\/fr\/cours-collectifs-snowboard\/#breadcrumb\"},\"inLanguage\":\"fr\",\"potentialAction\":[{\"@type\":\"ReadAction\",\"target\":[\"https:\/\/oxygene.ski\/fr\/cours-collectifs-snowboard\/\"]}]},{\"@type\":\"BreadcrumbList\",\"@id\":\"https:\/\/oxygene.ski\/fr\/cours-collectifs-snowboard\/#breadcrumb\",\"itemListElement\":[{\"@type\":\"ListItem\",\"position\":1,\"name\":\"Home\",\"item\":\"https:\/\/oxygene.ski\/fr\/accueil\/\"},{\"@type\":\"ListItem\",\"position\":2,\"name\":\"Cours collectifs snowboard\"}]},{\"@type\":\"WebSite\",\"@id\":\"https:\/\/oxygene.ski\/#website\",\"url\":\"https:\/\/oxygene.ski\/\",\"name\":\"Oxyg\u00e8ne Ski &amp; Snowboard School\",\"description\":\"\",\"potentialAction\":[{\"@type\":\"SearchAction\",\"target\":{\"@type\":\"EntryPoint\",\"urlTemplate\":\"https:\/\/oxygene.ski\/?s={search_term_string}\"},\"query-input\":\"required name=search_term_string\"}],\"inLanguage\":\"fr\"}]}<\/script>\n<!-- \/ Yoast SEO plugin. -->","yoast_head_json":{"title":"Cours collectifs snowboard | Oxyg\u00e8ne \u00c9cole de Ski & Snowboard","description":"Rejoignez nos cours collectifs de snowboard et pr\u00e9parez-vous \u00e0 rider comme un pro. Avec nos moniteurs Oxyg\u00e8ne, le succ\u00e8s est garanti.","robots":{"index":"index","follow":"follow","max-snippet":"max-snippet:-1","max-image-preview":"max-image-preview:large","max-video-preview":"max-video-preview:-1"},"canonical":"https:\/\/oxygene.ski\/fr\/cours-collectifs-snowboard\/","og_locale":"fr_FR","og_type":"article","og_title":"Cours collectifs snowboard | Oxyg\u00e8ne \u00c9cole de Ski & Snowboard","og_description":"Rejoignez nos cours collectifs de snowboard et pr\u00e9parez-vous \u00e0 rider comme un pro. Avec nos moniteurs Oxyg\u00e8ne, le succ\u00e8s est garanti.","og_url":"https:\/\/oxygene.ski\/fr\/cours-collectifs-snowboard\/","og_site_name":"Oxyg\u00e8ne Ski &amp; Snowboard School","article_publisher":"https:\/\/www.facebook.com\/OxygeneSki","article_modified_time":"2025-12-10T15:29:50+00:00","twitter_card":"summary_large_image","twitter_site":"@Oxygene_Ski","twitter_misc":{"Est. reading time":"5 minutes"},"schema":{"@context":"https:\/\/schema.org","@graph":[{"@type":"WebPage","@id":"https:\/\/oxygene.ski\/fr\/cours-collectifs-snowboard\/","url":"https:\/\/oxygene.ski\/fr\/cours-collectifs-snowboard\/","name":"Cours collectifs snowboard | Oxyg\u00e8ne \u00c9cole de Ski & Snowboard","isPartOf":{"@id":"https:\/\/oxygene.ski\/#website"},"datePublished":"2025-03-21T14:25:57+00:00","dateModified":"2025-12-10T15:29:50+00:00","description":"Rejoignez nos cours collectifs de snowboard et pr\u00e9parez-vous \u00e0 rider comme un pro. Avec nos moniteurs Oxyg\u00e8ne, le succ\u00e8s est garanti.","breadcrumb":{"@id":"https:\/\/oxygene.ski\/fr\/cours-collectifs-snowboard\/#breadcrumb"},"inLanguage":"fr","potentialAction":[{"@type":"ReadAction","target":["https:\/\/oxygene.ski\/fr\/cours-collectifs-snowboard\/"]}]},{"@type":"BreadcrumbList","@id":"https:\/\/oxygene.ski\/fr\/cours-collectifs-snowboard\/#breadcrumb","itemListElement":[{"@type":"ListItem","position":1,"name":"Home","item":"https:\/\/oxygene.ski\/fr\/accueil\/"},{"@type":"ListItem","position":2,"name":"Cours collectifs snowboard"}]},{"@type":"WebSite","@id":"https:\/\/oxygene.ski\/#website","url":"https:\/\/oxygene.ski\/","name":"Oxyg\u00e8ne Ski &amp; Snowboard School","description":"","potentialAction":[{"@type":"SearchAction","target":{"@type":"EntryPoint","urlTemplate":"https:\/\/oxygene.ski\/?s={search_term_string}"},"query-input":"required name=search_term_string"}],"inLanguage":"fr"}]}},"_links":{"self":[{"href":"https:\/\/oxygene.ski\/fr\/wp-json\/wp\/v2\/pages\/578922"}],"collection":[{"href":"https:\/\/oxygene.ski\/fr\/wp-json\/wp\/v2\/pages"}],"about":[{"href":"https:\/\/oxygene.ski\/fr\/wp-json\/wp\/v2\/types\/page"}],"author":[{"embeddable":true,"href":"https:\/\/oxygene.ski\/fr\/wp-json\/wp\/v2\/users\/7448"}],"replies":[{"embeddable":true,"href":"https:\/\/oxygene.ski\/fr\/wp-json\/wp\/v2\/comments?post=578922"}],"version-history":[{"count":28,"href":"https:\/\/oxygene.ski\/fr\/wp-json\/wp\/v2\/pages\/578922\/revisions"}],"predecessor-version":[{"id":582565,"href":"https:\/\/oxygene.ski\/fr\/wp-json\/wp\/v2\/pages\/578922\/revisions\/582565"}],"wp:attachment":[{"href":"https:\/\/oxygene.ski\/fr\/wp-json\/wp\/v2\/media?parent=578922"}],"curies":[{"name":"wp","href":"https:\/\/api.w.org\/{rel}","templated":true}]}}