{"id":578906,"date":"2025-03-21T15:07:44","date_gmt":"2025-03-21T14:07:44","guid":{"rendered":"https:\/\/oxygene.ski\/location-materiel-a-val-disere\/"},"modified":"2026-02-24T10:50:24","modified_gmt":"2026-02-24T09:50:24","slug":"location-materiel-ski-val-disere","status":"publish","type":"page","link":"https:\/\/oxygene.ski\/fr\/location-materiel-ski-val-disere\/","title":{"rendered":"Location mat\u00e9riel \u00e0 Val d&#8217;Is\u00e8re"},"content":{"rendered":"<p>[vc_row content_placement=&#8221;middle&#8221; css=&#8221;.vc_custom_1757268260943{background-position: center !important;background-repeat: no-repeat !important;background-size: cover !important;}&#8221;][vc_column el_class=&#8221;image-column-remove-padding image-headband&#8221;][vc_single_image image=&#8221;581440&#8243; img_size=&#8221;full&#8221; style=&#8221;vc_box_rounded&#8221; el_class=&#8221;image-headband-frontpage-main&#8221;][\/vc_column][\/vc_row][vc_row][vc_column][vc_empty_space height=&#8221;50px&#8221;][\/vc_column][\/vc_row][vc_row css=&#8221;.vc_custom_1721295204059{margin-right: 5% !important;margin-left: 5% !important;}&#8221;][vc_column width=&#8221;1\/2&#8243;][vc_empty_space height=&#8221;20px&#8221;][vc_column_text]<\/p>\n<h1 style=\"text-align: left;\"><span style=\"color: #00adef;\">LOCATION DE MAT\u00c9RIEL \u00c0 VAL D&#8217;IS\u00c8RE<\/span><\/h1>\n<p>[\/vc_column_text][vc_column_text css=&#8221;.vc_custom_1764155622771{margin-right: 20% !important;}&#8221;]Rendez-vous dans notre magasin de location de ski \u00e0 Val d\u2019Is\u00e8re et d\u00e9couvrez un large choix de mat\u00e9riel de ski et de snowboard de qualit\u00e9, confortable et adapt\u00e9 \u00e0 toutes les disciplines.<br \/>\nEt notre service ne s\u2019arr\u00eate pas l\u00e0 ! Vous pouvez venir en magasin ou simplement nous indiquer vos besoins, et notre \u00e9quipe Chalet Fitting se chargera de livrer et d\u2019ajuster votre \u00e9quipement directement dans votre h\u00e9bergement.<\/p>\n<p>Notre boutique est id\u00e9alement situ\u00e9e en plein centre de Val d\u2019Is\u00e8re, en face de la gare routi\u00e8re centrale. Traversez la rue, entrez dans la galerie par la porte situ\u00e9e \u00e0 c\u00f4t\u00e9 du distributeur automatique, et vous nous trouverez sur la gauche. Nos experts sont l\u00e0 pour vous \u00e9quiper de la t\u00eate aux pieds et vous pr\u00e9parer au mieux pour les pistes ![\/vc_column_text][vc_btn title=&#8221;R\u00c9SERVEZ VOTRE \u00c9QUIPEMENT&#8221; style=&#8221;outline&#8221; color=&#8221;sky&#8221; align=&#8221;left&#8221; link=&#8221;url:https%3A%2F%2Fbooking.yoplanning.pro%2Fc5caa709-4c75-4ce9-a760-d60689a200e3%2Fproduct%2F984ada1a-acc1-4ab9-8c69-9f95bf88dbab|title:R%C3%A9servez%20votre%20%C3%A9quipement|target:_blank|&#8221;][vc_column_text]<strong>Pour r\u00e9server votre mat\u00e9riel et votre cours de ski, contactez-nous directement par mail : valdisere@oxygene.ski<\/strong>[\/vc_column_text][\/vc_column][vc_column width=&#8221;1\/2&#8243;][vc_row_inner gap=&#8221;35&#8243;][vc_column_inner el_class=&#8221;image-column-remove-padding image-headband&#8221; width=&#8221;1\/2&#8243; css=&#8221;.vc_custom_1757268428995{background-position: center !important;background-repeat: no-repeat !important;background-size: cover !important;}&#8221;][vc_single_image image=&#8221;581442&#8243; img_size=&#8221;500&#215;335&#8243; style=&#8221;vc_box_rounded&#8221;][\/vc_column_inner][vc_column_inner el_class=&#8221;image-column-remove-padding image-headband&#8221; width=&#8221;1\/2&#8243; css=&#8221;.vc_custom_1757268471321{background-position: center !important;background-repeat: no-repeat !important;background-size: cover !important;}&#8221;][vc_single_image image=&#8221;581444&#8243; img_size=&#8221;500&#215;335&#8243; style=&#8221;vc_box_rounded&#8221;][\/vc_column_inner][\/vc_row_inner][\/vc_column][\/vc_row][vc_row][vc_column][vc_empty_space][\/vc_column][\/vc_row][vc_section css=&#8221;.vc_custom_1771332254271{margin-right: 10% !important;margin-left: 10% !important;padding-top: 40px !important;padding-bottom: 40px !important;}&#8221;][vc_row][vc_column][vc_column_text]<strong>Gamme ski et snowboard en location pour les enfants<\/strong>[\/vc_column_text][\/vc_column][\/vc_row][vc_row gap=&#8221;10&#8243;][vc_column width=&#8221;1\/3&#8243; css=&#8221;.vc_custom_1771325521865{padding-right: 25px !important;padding-left: 25px !important;background-color: #f5f5f5 !important;border-radius: 10px !important;}&#8221;][vc_column_text]<\/p>\n<p style=\"text-align: center; color: #00adef;\"><strong>Standard (2-6 ans)<\/strong><\/p>\n<p>[\/vc_column_text][vc_column_text]<\/p>\n<p style=\"text-align: center;\">Parfaitement adapt\u00e9s \u00e0 la taille et au poids de votre enfant, nos skis sont l\u00e9gers, compacts et faciles \u00e0 transporter. Ils sont con\u00e7us pour faciliter l&#8217;apprentissage et les premi\u00e8res sensations de glisse.<\/p>\n<p>[\/vc_column_text][\/vc_column][vc_column width=&#8221;1\/3&#8243; css=&#8221;.vc_custom_1771325533590{padding-right: 25px !important;padding-left: 25px !important;background-color: #f5f5f5 !important;border-radius: 10px !important;}&#8221;][vc_column_text]<\/p>\n<p style=\"text-align: center; color: #00adef;\"><strong>Junior (7-12 ans)<\/strong><\/p>\n<p>[\/vc_column_text][vc_column_text]<\/p>\n<p style=\"text-align: center;\">Notre gamme junior est l\u00e9g\u00e8re et facile \u00e0 manier. Cet \u00e9quipement leur donnera confiance tout en les aidant \u00e0 d\u00e9velopper leur technique pour un maximum de plaisir.<\/p>\n<p>[\/vc_column_text][\/vc_column][vc_column width=&#8221;1\/3&#8243; css=&#8221;.vc_custom_1771325544293{padding-right: 25px !important;padding-left: 25px !important;background-color: #f5f5f5 !important;border-radius: 10px !important;}&#8221;][vc_column_text]<\/p>\n<p style=\"text-align: center; color: #00adef;\"><strong>Junior Or (7-12 ans)<\/strong><\/p>\n<p>[\/vc_column_text][vc_column_text]<\/p>\n<p style=\"text-align: center;\">Pour les jeunes skieurs ou snowboardeurs qui ont d\u00e9j\u00e0 un bon niveau, cette gamme propose un mat\u00e9riel plus technique, leur permettant d\u2019explorer des terrains plus vari\u00e9s et d\u2019affiner leurs comp\u00e9tences.<\/p>\n<p>[\/vc_column_text][\/vc_column][\/vc_row][vc_row gap=&#8221;10&#8243;][vc_column width=&#8221;1\/3&#8243; css=&#8221;.vc_custom_1771331688939{padding-right: 25px !important;padding-left: 25px !important;background-color: #f5f5f5 !important;border-radius: 10px !important;}&#8221;][vc_column_text]<\/p>\n<p style=\"text-align: center; color: #00adef;\"><strong>Ados (13-16 ans)<\/strong><\/p>\n<p>[\/vc_column_text][vc_column_text]<br \/>\n<span style=\"font-weight: 400;\">Nous proposons un large choix de skis ou de snowboards robustes et l\u00e9gers, adapt\u00e9s aux adolescents. Cette gamme est id\u00e9ale pour progresser et se faire plaisir sur les pistes.<\/span><br \/>\n[\/vc_column_text][\/vc_column][vc_column width=&#8221;1\/3&#8243; css=&#8221;.vc_custom_1771325533590{padding-right: 25px !important;padding-left: 25px !important;background-color: #f5f5f5 !important;border-radius: 10px !important;}&#8221;][vc_column_text]<\/p>\n<p style=\"text-align: center; color: #00adef;\"><strong>Ados Or (13-16 ans)<\/strong><\/p>\n<p>[\/vc_column_text][vc_column_text]<\/p>\n<p style=\"text-align: center;\">Cette gamme s\u2019adresse aux adolescents ayant un excellent niveau de ski. Elle propose du mat\u00e9riel haute performance pour les aider \u00e0 affiner leur technique et \u00e0 explorer les pistes en toute confiance.<\/p>\n<p>[\/vc_column_text][\/vc_column][vc_column width=&#8221;1\/3&#8243;][\/vc_column][\/vc_row][vc_row][vc_column][vc_empty_space][vc_column_text]<strong>Gamme ski et snowboard en location pour adultes<\/strong>[\/vc_column_text][\/vc_column][\/vc_row][vc_row gap=&#8221;10&#8243;][vc_column width=&#8221;1\/4&#8243; css=&#8221;.vc_custom_1771325521865{padding-right: 25px !important;padding-left: 25px !important;background-color: #f5f5f5 !important;border-radius: 10px !important;}&#8221;][vc_column_text]<\/p>\n<p style=\"text-align: center; color: #00adef;\"><strong>Bronze<\/strong><\/p>\n<p>[\/vc_column_text][vc_column_text]<\/p>\n<p style=\"text-align: center;\">Cette gamme est sp\u00e9cialement con\u00e7ue pour les personnes qui n\u2019ont jamais ski\u00e9 ou qui reprennent apr\u00e8s une longue pause. Les skis sont l\u00e9gers, tr\u00e8s stables et extr\u00eamement faciles \u00e0 manier.<\/p>\n<p>[\/vc_column_text][\/vc_column][vc_column width=&#8221;1\/4&#8243; css=&#8221;.vc_custom_1771325533590{padding-right: 25px !important;padding-left: 25px !important;background-color: #f5f5f5 !important;border-radius: 10px !important;}&#8221;][vc_column_text]<\/p>\n<p style=\"text-align: center; color: #00adef;\"><strong>Argent<\/strong><\/p>\n<p>[\/vc_column_text][vc_column_text]<\/p>\n<p style=\"text-align: center;\">Cette gamme est l\u2019option id\u00e9ale pour les skieurs interm\u00e9diaires souhaitant passer un cap et am\u00e9liorer leurs performances. Elle a \u00e9t\u00e9 con\u00e7ue pour aider les skieurs \u00e0 d\u00e9velopper leur technique.<\/p>\n<p>[\/vc_column_text][\/vc_column][vc_column width=&#8221;1\/4&#8243; css=&#8221;.vc_custom_1771332528382{padding-right: 25px !important;padding-left: 25px !important;background-color: #f5f5f5 !important;border-radius: 10px !important;}&#8221;][vc_column_text]<\/p>\n<p style=\"text-align: center; color: #00adef;\"><strong>Or<\/strong><\/p>\n<p>[\/vc_column_text][vc_column_text]<\/p>\n<p style=\"text-align: center;\">Destin\u00e9e aux skieurs confirm\u00e9s et experts, cette gamme s\u2019adresse \u00e0 ceux qui souhaitent repousser leurs limites, aussi bien sur piste qu\u2019en hors-piste. Nous proposons un vaste choix de skis haut de gamme issus des meilleures marques.<\/p>\n<p>[\/vc_column_text][\/vc_column][vc_column width=&#8221;1\/4&#8243; css=&#8221;.vc_custom_1771332539804{padding-right: 25px !important;padding-left: 25px !important;background-color: #f5f5f5 !important;border-radius: 10px !important;}&#8221;][vc_column_text]<\/p>\n<p style=\"text-align: center; color: #00adef;\"><strong>Diamand<\/strong><\/p>\n<p>[\/vc_column_text][vc_column_text]<\/p>\n<p style=\"text-align: center;\">Quelle que soit la discipline (piste, all-mountain, hors-piste, freestyle ou slalom), nous avons l\u2019\u00e9quipement qu\u2019il vous faut. Renouvel\u00e9e chaque saison, cette gamme est \u00e0 la pointe de la technologie et du design.<\/p>\n<p>[\/vc_column_text][\/vc_column][\/vc_row][\/vc_section][vc_row][vc_column][vc_empty_space height=&#8221;75px&#8221;][\/vc_column][\/vc_row][vc_row][vc_column][vc_row_inner][vc_column_inner width=&#8221;1\/4&#8243;][vc_column_text css=&#8221;.vc_custom_1755606639976{margin-right: 20% !important;margin-left: 20% !important;}&#8221;]<\/p>\n<div class=\"wpb_text_column wpb_content_element \">\n<div class=\"wpb_wrapper\">\n<div class=\"wpb_text_column wpb_content_element \">\n<div class=\"wpb_wrapper\">\n<p style=\"text-align: center;\"><span style=\"color: #00adef;\"><strong>R\u00c9SERVER<\/strong><\/span><\/p>\n<p>R\u00e9servez vos skis, snowboards, chaussures et extras facilement et rapidement en ligne.<\/p>\n<\/div>\n<\/div>\n<\/div>\n<\/div>\n<p>[\/vc_column_text][\/vc_column_inner][vc_column_inner width=&#8221;1\/4&#8243;][vc_column_text css=&#8221;.vc_custom_1755606649822{margin-right: 20% !important;margin-left: 20% !important;}&#8221;]<\/p>\n<div class=\"wpb_text_column wpb_content_element \">\n<div class=\"wpb_wrapper\">\n<div class=\"wpb_text_column wpb_content_element \">\n<div class=\"wpb_wrapper\">\n<p style=\"text-align: center;\"><span style=\"color: #00adef;\"><strong>AJUSTER<\/strong><\/span><\/p>\n<p style=\"text-align: center;\">Rendez-vous en magasin ou choisissez notre service ski shop \u00e0 domicile pour plus de confort.<\/p>\n<\/div>\n<\/div>\n<\/div>\n<\/div>\n<p>[\/vc_column_text][\/vc_column_inner][vc_column_inner width=&#8221;1\/4&#8243;][vc_column_text css=&#8221;.vc_custom_1755606659727{margin-right: 20% !important;margin-left: 20% !important;}&#8221;]<\/p>\n<div class=\"wpb_text_column wpb_content_element \">\n<div class=\"wpb_wrapper\">\n<div class=\"wpb_text_column wpb_content_element \">\n<div class=\"wpb_wrapper\">\n<p style=\"text-align: center;\"><span style=\"color: #00adef;\"><strong>PROFITER<\/strong><\/span><\/p>\n<p style=\"text-align: center;\">Profitez de notre terrain de jeu. Notre \u00e9quipe reste disponible \u00e0 tout moment pour des ajustements.<\/p>\n<\/div>\n<\/div>\n<\/div>\n<\/div>\n<p>[\/vc_column_text][\/vc_column_inner][vc_column_inner width=&#8221;1\/4&#8243;][vc_column_text css=&#8221;.vc_custom_1755606670216{margin-right: 20% !important;margin-left: 20% !important;}&#8221;]<\/p>\n<div class=\"wpb_text_column wpb_content_element \">\n<div class=\"wpb_wrapper\">\n<div class=\"wpb_text_column wpb_content_element \">\n<div class=\"wpb_wrapper\">\n<p style=\"text-align: center;\"><span style=\"color: #00adef;\"><strong>RETOUR<\/strong><\/span><\/p>\n<p style=\"text-align: center;\">Si vous avez lou\u00e9 votre mat\u00e9riel en magasin, rapportez-le au ski shop. Sinon, laissez-le dans votre logement.<\/p>\n<\/div>\n<\/div>\n<\/div>\n<\/div>\n<p>[\/vc_column_text][\/vc_column_inner][\/vc_row_inner][vc_empty_space height=&#8221;50px&#8221;][\/vc_column][\/vc_row][vc_row css=&#8221;.vc_custom_1723662061363{margin-right: 5% !important;margin-left: 5% !important;}&#8221;][vc_column width=&#8221;1\/2&#8243; css=&#8221;.vc_custom_1755597810308{padding-top: 75px !important;}&#8221;][vc_column_text css=&#8221;.vc_custom_1755597320627{margin-right: 10% !important;}&#8221;]<\/p>\n<h2><span style=\"color: #00adef;\">MAGASIN DE LOCATION OXYG\u00c8NE<\/span><\/h2>\n<p>&nbsp;<\/p>\n<p>Chez Oxyg\u00e8ne, nous mettons un point d\u2019honneur \u00e0 offrir un service exceptionnel et un mat\u00e9riel de haute qualit\u00e9, issu des marques les plus fiables. Skis, snowboards, chaussures, \u00e9quipement hors-piste, splitboards. Notre large s\u00e9lection permet d\u2019\u00e9quiper toute la famille, quel que soit le niveau ou la discipline.<\/p>\n<p>Pour encore plus de confort, profitez de notre service de chalet fitting. R\u00e9servez votre \u00e9quipement en ligne et nous vous le livrerons directement dans votre h\u00e9bergement. \u00c0 la fin de votre s\u00e9jour, nous viendrons le r\u00e9cup\u00e9rer sur demande, pour que vous puissiez profiter pleinement de votre temps sur les pistes, sans contraintes.[\/vc_column_text][\/vc_column][vc_column width=&#8221;1\/2&#8243; css=&#8221;.vc_custom_1732882231930{background-position: center !important;background-repeat: no-repeat !important;background-size: cover !important;}&#8221;][vc_row_inner gap=&#8221;35&#8243;][vc_column_inner el_class=&#8221;image-column-remove-padding image-headband&#8221; width=&#8221;1\/2&#8243; css=&#8221;.vc_custom_1757268517153{background-position: center !important;background-repeat: no-repeat !important;background-size: cover !important;}&#8221;][vc_single_image image=&#8221;581446&#8243; img_size=&#8221;500&#215;335&#8243; style=&#8221;vc_box_rounded&#8221;][\/vc_column_inner][vc_column_inner el_class=&#8221;image-column-remove-padding image-headband&#8221; width=&#8221;1\/2&#8243; css=&#8221;.vc_custom_1757268574016{background-position: center !important;background-repeat: no-repeat !important;background-size: cover !important;}&#8221;][vc_single_image image=&#8221;581448&#8243; img_size=&#8221;500&#215;335&#8243; style=&#8221;vc_box_rounded&#8221;][\/vc_column_inner][\/vc_row_inner][\/vc_column][\/vc_row][vc_row][vc_column][vc_empty_space height=&#8221;50px&#8221;][\/vc_column][\/vc_row][vc_row][vc_column css=&#8221;.vc_custom_1732882805434{padding-top: 140px !important;padding-bottom: 140px !important;background-image: url(https:\/\/oxygene.ski\/wp-content\/uploads\/2024\/09\/oxygene-chalet-fitting-2-scaled.jpg?id=577061) !important;background-position: center !important;background-repeat: no-repeat !important;background-size: cover !important;}&#8221;][vc_column_text css=&#8221;.vc_custom_1738852817248{margin-right: 10% !important;margin-left: 10% !important;}&#8221;]<\/p>\n<h3 style=\"text-align: center;\"><span style=\"color: #ffffff;\">VOTRE SKI SHOP \u00c0 DOMICILE<\/span><\/h3>\n<p style=\"text-align: center;\"><span style=\"color: #ffffff;\">R\u00e9servez en ligne et nous nous occupons du reste : le r\u00e9glage expert du mat\u00e9riel de ski et de snowboard, ainsi que la livraison dans votre chalet.<\/span><br \/>\n<span style=\"color: #ffffff;\">Un service digne des meilleurs magasins de sport, \u00e0 votre porte, sans les inconv\u00e9nients.<\/span><\/p>\n<p>[\/vc_column_text][vc_btn title=&#8221;Plus d&#8217;information&#8221; align=&#8221;center&#8221; link=&#8221;url:https%3A%2F%2Foxygene.ski%2Ffr%2Fchalet-fitting%2F|target:_blank|&#8221;][\/vc_column][\/vc_row][vc_row][vc_column][vc_empty_space height=&#8221;50px&#8221;][\/vc_column][\/vc_row][vc_row css=&#8221;.vc_custom_1723662061363{margin-right: 5% !important;margin-left: 5% !important;}&#8221;][vc_column width=&#8221;1\/2&#8243; css=&#8221;.vc_custom_1755606760354{padding-top: 75px !important;}&#8221;][vc_column_text css=&#8221;.vc_custom_1755597355790{margin-right: 10% !important;}&#8221;]<\/p>\n<h2><span style=\"color: #00adef;\">OXYG\u00c8NE &amp; REFUGE DE SOLAISE<\/span><\/h2>\n<p>&nbsp;<\/p>\n<p>Oxyg\u00e8ne est \u00e9galement fier d\u2019\u00eatre pr\u00e9sent au Refuge de Solaise, abritant le magasin de ski le plus haut d\u2019Europe.<\/p>\n<p>D\u00e9couvrez du mat\u00e9riel exclusif et une boutique d\u00e9di\u00e9e aux sports d\u2019hiver, o\u00f9 notre \u00e9quipe experte est \u00e0 votre disposition pour vous offrir les meilleurs conseils. R\u00e9veillez-vous au c\u0153ur des pistes de Val d\u2019Is\u00e8re, entour\u00e9 de paysages \u00e0 couper le souffle, avec du mat\u00e9riel haut de gamme \u00e0 quelques pas de vous.[\/vc_column_text][vc_btn title=&#8221;valdisere@oxygene.ski&#8221; style=&#8221;outline&#8221; color=&#8221;sky&#8221; align=&#8221;left&#8221; link=&#8221;url:mailto%3A%20valdisere%40oxygene.ski|target:_blank|&#8221;][\/vc_column][vc_column width=&#8221;1\/2&#8243; css=&#8221;.vc_custom_1732882231930{background-position: center !important;background-repeat: no-repeat !important;background-size: cover !important;}&#8221;][vc_row_inner gap=&#8221;35&#8243;][vc_column_inner el_class=&#8221;image-column-remove-padding image-headband&#8221; width=&#8221;1\/2&#8243; css=&#8221;.vc_custom_1757268650068{background-position: center !important;background-repeat: no-repeat !important;background-size: cover !important;}&#8221;][vc_single_image image=&#8221;582988&#8243; img_size=&#8221;500&#215;335&#8243; style=&#8221;vc_box_rounded&#8221;][\/vc_column_inner][vc_column_inner el_class=&#8221;image-column-remove-padding image-headband&#8221; width=&#8221;1\/2&#8243; css=&#8221;.vc_custom_1757268669566{background-position: center !important;background-repeat: no-repeat !important;background-size: cover !important;}&#8221;][vc_single_image image=&#8221;581452&#8243; img_size=&#8221;500&#215;335&#8243; style=&#8221;vc_box_rounded&#8221;][\/vc_column_inner][\/vc_row_inner][\/vc_column][\/vc_row][vc_row][vc_column][vc_empty_space height=&#8221;30px&#8221;][\/vc_column][\/vc_row]<\/p>\n","protected":false},"excerpt":{"rendered":"<p>[vc_row content_placement=&#8221;middle&#8221; css=&#8221;.vc_custom_1757268260943{background-position: center !important;background-repeat: no-repeat !important;background-size: cover !important;}&#8221;][vc_column el_class=&#8221;image-column-remove-padding image-headband&#8221;][vc_single_image image=&#8221;581440&#8243; img_size=&#8221;full&#8221; style=&#8221;vc_box_rounded&#8221; el_class=&#8221;image-headband-frontpage-main&#8221;][\/vc_column][\/vc_row][vc_row][vc_column][vc_empty_space height=&#8221;50px&#8221;][\/vc_column][\/vc_row][vc_row css=&#8221;.vc_custom_1721295204059{margin-right: 5% !important;margin-left: 5% !important;}&#8221;][vc_column width=&#8221;1\/2&#8243;][vc_empty_space height=&#8221;20px&#8221;][vc_column_text] LOCATION DE MAT\u00c9RIEL \u00c0 VAL D&#8217;IS\u00c8RE [\/vc_column_text][vc_column_text css=&#8221;.vc_custom_1764155622771{margin-right: 20% !important;}&#8221;]Rendez-vous dans notre magasin de location de ski \u00e0 Val d\u2019Is\u00e8re et d\u00e9couvrez un large choix de mat\u00e9riel de ski et de snowboard [&hellip;]<\/p>\n","protected":false},"author":7448,"featured_media":0,"parent":0,"menu_order":19,"comment_status":"closed","ping_status":"closed","template":"page-full-width.php","meta":{"footnotes":""},"yoast_head":"<!-- This site is optimized with the Yoast SEO plugin v22.2 - https:\/\/yoast.com\/wordpress\/plugins\/seo\/ -->\n<title>Location mat\u00e9riel en magasin | Oxyg\u00e8ne \u00c9cole de Ski &amp; Snowboard<\/title>\n<meta name=\"description\" content=\"Louez du mat\u00e9riel de ski et de snowboard de qualit\u00e9 au ski shop Oxyg\u00e8ne Val d&#039;Is\u00e8re. Service en magasin ou dans votre h\u00e9bergement.\" \/>\n<meta name=\"robots\" content=\"index, follow, max-snippet:-1, max-image-preview:large, max-video-preview:-1\" \/>\n<link rel=\"canonical\" href=\"https:\/\/oxygene.ski\/fr\/location-materiel-ski-val-disere\/\" \/>\n<meta property=\"og:locale\" content=\"fr_FR\" \/>\n<meta property=\"og:type\" content=\"article\" \/>\n<meta property=\"og:title\" content=\"Location mat\u00e9riel en magasin | Oxyg\u00e8ne \u00c9cole de Ski &amp; Snowboard\" \/>\n<meta property=\"og:description\" content=\"Louez du mat\u00e9riel de ski et de snowboard de qualit\u00e9 au ski shop Oxyg\u00e8ne Val d&#039;Is\u00e8re. Service en magasin ou dans votre h\u00e9bergement.\" \/>\n<meta property=\"og:url\" content=\"https:\/\/oxygene.ski\/fr\/location-materiel-ski-val-disere\/\" \/>\n<meta property=\"og:site_name\" content=\"Oxyg\u00e8ne Ski &amp; Snowboard School\" \/>\n<meta property=\"article:publisher\" content=\"https:\/\/www.facebook.com\/OxygeneSki\" \/>\n<meta property=\"article:modified_time\" content=\"2026-02-24T09:50:24+00:00\" \/>\n<meta name=\"twitter:card\" content=\"summary_large_image\" \/>\n<meta name=\"twitter:site\" content=\"@Oxygene_Ski\" \/>\n<meta name=\"twitter:label1\" content=\"Est. reading time\" \/>\n\t<meta name=\"twitter:data1\" content=\"5 minutes\" \/>\n<script type=\"application\/ld+json\" class=\"yoast-schema-graph\">{\"@context\":\"https:\/\/schema.org\",\"@graph\":[{\"@type\":\"WebPage\",\"@id\":\"https:\/\/oxygene.ski\/fr\/location-materiel-ski-val-disere\/\",\"url\":\"https:\/\/oxygene.ski\/fr\/location-materiel-ski-val-disere\/\",\"name\":\"Location mat\u00e9riel en magasin | Oxyg\u00e8ne \u00c9cole de Ski & Snowboard\",\"isPartOf\":{\"@id\":\"https:\/\/oxygene.ski\/#website\"},\"datePublished\":\"2025-03-21T14:07:44+00:00\",\"dateModified\":\"2026-02-24T09:50:24+00:00\",\"description\":\"Louez du mat\u00e9riel de ski et de snowboard de qualit\u00e9 au ski shop Oxyg\u00e8ne Val d'Is\u00e8re. Service en magasin ou dans votre h\u00e9bergement.\",\"breadcrumb\":{\"@id\":\"https:\/\/oxygene.ski\/fr\/location-materiel-ski-val-disere\/#breadcrumb\"},\"inLanguage\":\"fr\",\"potentialAction\":[{\"@type\":\"ReadAction\",\"target\":[\"https:\/\/oxygene.ski\/fr\/location-materiel-ski-val-disere\/\"]}]},{\"@type\":\"BreadcrumbList\",\"@id\":\"https:\/\/oxygene.ski\/fr\/location-materiel-ski-val-disere\/#breadcrumb\",\"itemListElement\":[{\"@type\":\"ListItem\",\"position\":1,\"name\":\"Home\",\"item\":\"https:\/\/oxygene.ski\/fr\/accueil\/\"},{\"@type\":\"ListItem\",\"position\":2,\"name\":\"Location mat\u00e9riel \u00e0 Val d&#8217;Is\u00e8re\"}]},{\"@type\":\"WebSite\",\"@id\":\"https:\/\/oxygene.ski\/#website\",\"url\":\"https:\/\/oxygene.ski\/\",\"name\":\"Oxyg\u00e8ne Ski &amp; Snowboard School\",\"description\":\"\",\"potentialAction\":[{\"@type\":\"SearchAction\",\"target\":{\"@type\":\"EntryPoint\",\"urlTemplate\":\"https:\/\/oxygene.ski\/?s={search_term_string}\"},\"query-input\":\"required name=search_term_string\"}],\"inLanguage\":\"fr\"}]}<\/script>\n<!-- \/ Yoast SEO plugin. -->","yoast_head_json":{"title":"Location mat\u00e9riel en magasin | Oxyg\u00e8ne \u00c9cole de Ski & Snowboard","description":"Louez du mat\u00e9riel de ski et de snowboard de qualit\u00e9 au ski shop Oxyg\u00e8ne Val d'Is\u00e8re. Service en magasin ou dans votre h\u00e9bergement.","robots":{"index":"index","follow":"follow","max-snippet":"max-snippet:-1","max-image-preview":"max-image-preview:large","max-video-preview":"max-video-preview:-1"},"canonical":"https:\/\/oxygene.ski\/fr\/location-materiel-ski-val-disere\/","og_locale":"fr_FR","og_type":"article","og_title":"Location mat\u00e9riel en magasin | Oxyg\u00e8ne \u00c9cole de Ski & Snowboard","og_description":"Louez du mat\u00e9riel de ski et de snowboard de qualit\u00e9 au ski shop Oxyg\u00e8ne Val d'Is\u00e8re. Service en magasin ou dans votre h\u00e9bergement.","og_url":"https:\/\/oxygene.ski\/fr\/location-materiel-ski-val-disere\/","og_site_name":"Oxyg\u00e8ne Ski &amp; Snowboard School","article_publisher":"https:\/\/www.facebook.com\/OxygeneSki","article_modified_time":"2026-02-24T09:50:24+00:00","twitter_card":"summary_large_image","twitter_site":"@Oxygene_Ski","twitter_misc":{"Est. reading time":"5 minutes"},"schema":{"@context":"https:\/\/schema.org","@graph":[{"@type":"WebPage","@id":"https:\/\/oxygene.ski\/fr\/location-materiel-ski-val-disere\/","url":"https:\/\/oxygene.ski\/fr\/location-materiel-ski-val-disere\/","name":"Location mat\u00e9riel en magasin | Oxyg\u00e8ne \u00c9cole de Ski & Snowboard","isPartOf":{"@id":"https:\/\/oxygene.ski\/#website"},"datePublished":"2025-03-21T14:07:44+00:00","dateModified":"2026-02-24T09:50:24+00:00","description":"Louez du mat\u00e9riel de ski et de snowboard de qualit\u00e9 au ski shop Oxyg\u00e8ne Val d'Is\u00e8re. Service en magasin ou dans votre h\u00e9bergement.","breadcrumb":{"@id":"https:\/\/oxygene.ski\/fr\/location-materiel-ski-val-disere\/#breadcrumb"},"inLanguage":"fr","potentialAction":[{"@type":"ReadAction","target":["https:\/\/oxygene.ski\/fr\/location-materiel-ski-val-disere\/"]}]},{"@type":"BreadcrumbList","@id":"https:\/\/oxygene.ski\/fr\/location-materiel-ski-val-disere\/#breadcrumb","itemListElement":[{"@type":"ListItem","position":1,"name":"Home","item":"https:\/\/oxygene.ski\/fr\/accueil\/"},{"@type":"ListItem","position":2,"name":"Location mat\u00e9riel \u00e0 Val d&#8217;Is\u00e8re"}]},{"@type":"WebSite","@id":"https:\/\/oxygene.ski\/#website","url":"https:\/\/oxygene.ski\/","name":"Oxyg\u00e8ne Ski &amp; Snowboard School","description":"","potentialAction":[{"@type":"SearchAction","target":{"@type":"EntryPoint","urlTemplate":"https:\/\/oxygene.ski\/?s={search_term_string}"},"query-input":"required name=search_term_string"}],"inLanguage":"fr"}]}},"_links":{"self":[{"href":"https:\/\/oxygene.ski\/fr\/wp-json\/wp\/v2\/pages\/578906"}],"collection":[{"href":"https:\/\/oxygene.ski\/fr\/wp-json\/wp\/v2\/pages"}],"about":[{"href":"https:\/\/oxygene.ski\/fr\/wp-json\/wp\/v2\/types\/page"}],"author":[{"embeddable":true,"href":"https:\/\/oxygene.ski\/fr\/wp-json\/wp\/v2\/users\/7448"}],"replies":[{"embeddable":true,"href":"https:\/\/oxygene.ski\/fr\/wp-json\/wp\/v2\/comments?post=578906"}],"version-history":[{"count":37,"href":"https:\/\/oxygene.ski\/fr\/wp-json\/wp\/v2\/pages\/578906\/revisions"}],"predecessor-version":[{"id":583121,"href":"https:\/\/oxygene.ski\/fr\/wp-json\/wp\/v2\/pages\/578906\/revisions\/583121"}],"wp:attachment":[{"href":"https:\/\/oxygene.ski\/fr\/wp-json\/wp\/v2\/media?parent=578906"}],"curies":[{"name":"wp","href":"https:\/\/api.w.org\/{rel}","templated":true}]}}