{"id":578903,"date":"2025-03-21T15:03:37","date_gmt":"2025-03-21T14:03:37","guid":{"rendered":"https:\/\/oxygene.ski\/location-de-materiel-a-tignes\/"},"modified":"2026-02-24T10:44:44","modified_gmt":"2026-02-24T09:44:44","slug":"location-materiel-ski-tignes","status":"publish","type":"page","link":"https:\/\/oxygene.ski\/fr\/location-materiel-ski-tignes\/","title":{"rendered":"Location de mat\u00e9riel \u00e0 Tignes"},"content":{"rendered":"<p>[vc_row content_placement=&#8221;middle&#8221; css=&#8221;.vc_custom_1757267813351{background-position: center !important;background-repeat: no-repeat !important;background-size: cover !important;}&#8221;][vc_column el_class=&#8221;image-column-remove-padding image-headband&#8221;][vc_single_image image=&#8221;581428&#8243; img_size=&#8221;full&#8221; style=&#8221;vc_box_rounded&#8221; el_class=&#8221;image-headband-frontpage-main&#8221;][\/vc_column][\/vc_row][vc_row][vc_column][vc_empty_space height=&#8221;50px&#8221;][\/vc_column][\/vc_row][vc_row css=&#8221;.vc_custom_1721295204059{margin-right: 5% !important;margin-left: 5% !important;}&#8221;][vc_column width=&#8221;1\/2&#8243;][vc_empty_space height=&#8221;20px&#8221;][vc_column_text]<\/p>\n<h1 style=\"text-align: left;\"><span style=\"color: #00adef;\">LOCATION DE MAT\u00c9RIEL \u00c0 TIGNES<\/span><\/h1>\n<p>[\/vc_column_text][vc_column_text css=&#8221;.vc_custom_1741864689442{margin-right: 20% !important;}&#8221;]Oxyg\u00e8ne vous propose la location de mat\u00e9riel directement dans son magasin situ\u00e9 \u00e0 Tignes. D\u00e9couvrez une large gamme d\u2019\u00e9quipements haut de gamme, adapt\u00e9s \u00e0 toutes les disciplines et \u00e0 tous les niveaux.<br \/>\nMais notre service ne s\u2019arr\u00eate pas l\u00e0 !<\/p>\n<p>Pour plus de confort, choisissez l\u2019option qui vous convient.<br \/>\nRetrait en magasin : rendez-vous dans notre boutique pour r\u00e9cup\u00e9rer votre mat\u00e9riel et b\u00e9n\u00e9ficier des conseils de nos experts.<br \/>\nSki shop \u00e0 domicile : simplifiez-vous la vie ! Une fois votre mat\u00e9riel r\u00e9serv\u00e9 en ligne, nos techniciens vous le livrent directement \u00e0 votre h\u00e9bergement et effectuent les derniers ajustements pour un confort optimal.<\/p>\n<p>Avec Oxyg\u00e8ne, profitez d\u2019un service sur-mesure et d\u2019un \u00e9quipement parfaitement adapt\u00e9 pour un s\u00e9jour au ski en toute s\u00e9r\u00e9nit\u00e9.[\/vc_column_text][vc_btn title=&#8221;R\u00c9SERVEZ VOTRE \u00c9QUIPEMENT&#8221; style=&#8221;outline&#8221; color=&#8221;sky&#8221; align=&#8221;left&#8221; link=&#8221;url:https%3A%2F%2Fbooking.yoplanning.pro%2Fe7418887-fc90-4f8e-9c12-8983d4c76fcc%2F|target:_blank|&#8221;][vc_column_text]<strong>Pour r\u00e9server votre mat\u00e9riel et votre cours de ski, contactez-nous directement par mail : tignes@oxygene.ski<\/strong>[\/vc_column_text][\/vc_column][vc_column width=&#8221;1\/2&#8243;][vc_row_inner gap=&#8221;35&#8243;][vc_column_inner el_class=&#8221;image-column-remove-padding image-headband&#8221; width=&#8221;1\/2&#8243; css=&#8221;.vc_custom_1757267869565{background-position: center !important;background-repeat: no-repeat !important;background-size: cover !important;}&#8221;][vc_single_image image=&#8221;581430&#8243; img_size=&#8221;500&#215;335&#8243; style=&#8221;vc_box_rounded&#8221;][\/vc_column_inner][vc_column_inner el_class=&#8221;image-column-remove-padding image-headband&#8221; width=&#8221;1\/2&#8243; css=&#8221;.vc_custom_1757267926245{background-position: center !important;background-repeat: no-repeat !important;background-size: cover !important;}&#8221;][vc_single_image image=&#8221;581432&#8243; img_size=&#8221;500&#215;335&#8243; style=&#8221;vc_box_rounded&#8221;][\/vc_column_inner][\/vc_row_inner][\/vc_column][\/vc_row][vc_row][vc_column][vc_empty_space][\/vc_column][\/vc_row][vc_section css=&#8221;.vc_custom_1771332254271{margin-right: 10% !important;margin-left: 10% !important;padding-top: 40px !important;padding-bottom: 40px !important;}&#8221;][vc_row][vc_column][vc_column_text]<strong>Gamme ski et snowboard en location pour les enfants<\/strong>[\/vc_column_text][\/vc_column][\/vc_row][vc_row gap=&#8221;10&#8243;][vc_column width=&#8221;1\/3&#8243; css=&#8221;.vc_custom_1771325521865{padding-right: 25px !important;padding-left: 25px !important;background-color: #f5f5f5 !important;border-radius: 10px !important;}&#8221;][vc_column_text]<\/p>\n<p style=\"text-align: center; color: #00adef;\"><strong>Standard (2-6 ans)<\/strong><\/p>\n<p>[\/vc_column_text][vc_column_text]<\/p>\n<p style=\"text-align: center;\">Parfaitement adapt\u00e9s \u00e0 la taille et au poids de votre enfant, nos skis sont l\u00e9gers, compacts et faciles \u00e0 transporter. Ils sont con\u00e7us pour faciliter l\u2019apprentissage et les premi\u00e8res sensations de glisse.<\/p>\n<p>[\/vc_column_text][\/vc_column][vc_column width=&#8221;1\/3&#8243; css=&#8221;.vc_custom_1771325533590{padding-right: 25px !important;padding-left: 25px !important;background-color: #f5f5f5 !important;border-radius: 10px !important;}&#8221;][vc_column_text]<\/p>\n<p style=\"text-align: center; color: #00adef;\"><strong>Junior (7-12 ans)<\/strong><\/p>\n<p>[\/vc_column_text][vc_column_text]<\/p>\n<p style=\"text-align: center;\">Notre gamme junior est l\u00e9g\u00e8re et facile \u00e0 manier. Cet \u00e9quipement leur donnera confiance tout en les aidant \u00e0 d\u00e9velopper leur technique pour un maximum de plaisir.<\/p>\n<p>[\/vc_column_text][\/vc_column][vc_column width=&#8221;1\/3&#8243; css=&#8221;.vc_custom_1771325544293{padding-right: 25px !important;padding-left: 25px !important;background-color: #f5f5f5 !important;border-radius: 10px !important;}&#8221;][vc_column_text]<\/p>\n<p style=\"text-align: center; color: #00adef;\"><strong>Junior Or (7-12 ans)<\/strong><\/p>\n<p>[\/vc_column_text][vc_column_text]<\/p>\n<p style=\"text-align: center;\">Pour les jeunes skieurs ou snowboardeurs qui ont d\u00e9j\u00e0 un bon niveau, cette gamme propose un mat\u00e9riel plus technique, leur permettant d\u2019explorer des terrains plus vari\u00e9s et d\u2019affiner leurs comp\u00e9tences.<\/p>\n<p>[\/vc_column_text][\/vc_column][\/vc_row][vc_row gap=&#8221;10&#8243;][vc_column width=&#8221;1\/3&#8243; css=&#8221;.vc_custom_1771331688939{padding-right: 25px !important;padding-left: 25px !important;background-color: #f5f5f5 !important;border-radius: 10px !important;}&#8221;][vc_column_text]<\/p>\n<p style=\"text-align: center; color: #00adef;\"><strong>Ados (13-16 ans)<\/strong><\/p>\n<p>[\/vc_column_text][vc_column_text]<\/p>\n<p style=\"text-align: center;\">Nous proposons un large choix de skis ou de snowboards robustes et l\u00e9gers, adapt\u00e9s aux adolescents. Cette gamme est id\u00e9ale pour progresser et se faire plaisir sur les pistes.<\/p>\n<p>[\/vc_column_text][\/vc_column][vc_column width=&#8221;1\/3&#8243; css=&#8221;.vc_custom_1771325533590{padding-right: 25px !important;padding-left: 25px !important;background-color: #f5f5f5 !important;border-radius: 10px !important;}&#8221;][vc_column_text]<\/p>\n<p style=\"text-align: center; color: #00adef;\"><strong>Ados Or (13-16 ans)<\/strong><\/p>\n<p>[\/vc_column_text][vc_column_text]<\/p>\n<p style=\"text-align: center;\">Cette gamme s\u2019adresse aux adolescents ayant un excellent niveau de ski. Elle propose du mat\u00e9riel haute performance pour les aider \u00e0 affiner leur technique et \u00e0 explorer les pistes en toute confiance.<\/p>\n<p>[\/vc_column_text][\/vc_column][vc_column width=&#8221;1\/3&#8243;][\/vc_column][\/vc_row][vc_row][vc_column][vc_empty_space][vc_column_text]<strong>Gamme ski et snowboard en location pour adultes<\/strong>[\/vc_column_text][\/vc_column][\/vc_row][vc_row gap=&#8221;10&#8243;][vc_column width=&#8221;1\/4&#8243; css=&#8221;.vc_custom_1771325521865{padding-right: 25px !important;padding-left: 25px !important;background-color: #f5f5f5 !important;border-radius: 10px !important;}&#8221;][vc_column_text]<\/p>\n<p style=\"text-align: center; color: #00adef;\"><strong>Bronze<\/strong><\/p>\n<p>[\/vc_column_text][vc_column_text]<\/p>\n<p style=\"text-align: center;\">Cette gamme est sp\u00e9cialement con\u00e7ue pour les personnes qui n\u2019ont jamais ski\u00e9 ou qui reprennent apr\u00e8s une longue pause. Les skis sont l\u00e9gers, tr\u00e8s stables et extr\u00eamement faciles \u00e0 manier<\/p>\n<p>[\/vc_column_text][\/vc_column][vc_column width=&#8221;1\/4&#8243; css=&#8221;.vc_custom_1771325533590{padding-right: 25px !important;padding-left: 25px !important;background-color: #f5f5f5 !important;border-radius: 10px !important;}&#8221;][vc_column_text]<\/p>\n<p style=\"text-align: center; color: #00adef;\"><strong>Argent<\/strong><\/p>\n<p>[\/vc_column_text][vc_column_text]<\/p>\n<p style=\"text-align: center;\">Cette gamme est l\u2019option id\u00e9ale pour les skieurs interm\u00e9diaires souhaitant passer un cap et am\u00e9liorer leurs performances. Elle a \u00e9t\u00e9 con\u00e7ue pour aider les skieurs \u00e0 d\u00e9velopper leur technique.<\/p>\n<p>[\/vc_column_text][\/vc_column][vc_column width=&#8221;1\/4&#8243; css=&#8221;.vc_custom_1771332528382{padding-right: 25px !important;padding-left: 25px !important;background-color: #f5f5f5 !important;border-radius: 10px !important;}&#8221;][vc_column_text]<\/p>\n<p style=\"text-align: center; color: #00adef;\"><strong>Or<\/strong><\/p>\n<p>[\/vc_column_text][vc_column_text]<\/p>\n<p style=\"text-align: center;\">Destin\u00e9e aux skieurs confirm\u00e9s et experts, cette gamme s\u2019adresse \u00e0 ceux qui souhaitent repousser leurs limites, aussi bien sur piste qu\u2019en hors-piste. Nous proposons un vaste choix de skis haut de gamme issus des meilleures marques.<\/p>\n<p>[\/vc_column_text][\/vc_column][vc_column width=&#8221;1\/4&#8243; css=&#8221;.vc_custom_1771332539804{padding-right: 25px !important;padding-left: 25px !important;background-color: #f5f5f5 !important;border-radius: 10px !important;}&#8221;][vc_column_text]<\/p>\n<p style=\"text-align: center; color: #00adef;\"><strong>Diamand<\/strong><\/p>\n<p>[\/vc_column_text][vc_column_text]<\/p>\n<p style=\"text-align: center;\">Quelle que soit la discipline (piste, all-mountain, hors-piste, freestyle ou slalom), nous avons l\u2019\u00e9quipement qu\u2019il vous faut. Renouvel\u00e9e chaque saison, cette gamme est \u00e0 la pointe de la technologie et du design.<\/p>\n<p>[\/vc_column_text][\/vc_column][\/vc_row][\/vc_section][vc_row][vc_column][vc_empty_space height=&#8221;75px&#8221;][\/vc_column][\/vc_row][vc_row][vc_column][vc_row_inner][vc_column_inner width=&#8221;1\/4&#8243;][vc_column_text css=&#8221;.vc_custom_1755606562108{margin-right: 20% !important;margin-left: 20% !important;}&#8221;]<\/p>\n<div class=\"wpb_text_column wpb_content_element \">\n<div class=\"wpb_wrapper\">\n<div class=\"wpb_text_column wpb_content_element \">\n<div class=\"wpb_wrapper\">\n<p style=\"text-align: center;\"><span style=\"color: #00adef;\"><strong>R\u00c9SERVER<\/strong><\/span><\/p>\n<p style=\"text-align: center;\">R\u00e9servez vos skis, snowboards, chaussures et extras facilement et rapidement en ligne.<\/p>\n<\/div>\n<\/div>\n<\/div>\n<\/div>\n<p>[\/vc_column_text][\/vc_column_inner][vc_column_inner width=&#8221;1\/4&#8243;][vc_column_text css=&#8221;.vc_custom_1755606572339{margin-right: 20% !important;margin-left: 20% !important;}&#8221;]<\/p>\n<div class=\"wpb_text_column wpb_content_element \">\n<div class=\"wpb_wrapper\">\n<div class=\"wpb_text_column wpb_content_element \">\n<div class=\"wpb_wrapper\">\n<p style=\"text-align: center;\"><span style=\"color: #00adef;\"><strong>AJUSTER<\/strong><\/span><\/p>\n<p style=\"text-align: center;\">Rendez-vous en magasin ou choisissez notre service ski shop \u00e0 domicile pour plus de confort.<\/p>\n<\/div>\n<\/div>\n<\/div>\n<\/div>\n<p>[\/vc_column_text][\/vc_column_inner][vc_column_inner width=&#8221;1\/4&#8243;][vc_column_text css=&#8221;.vc_custom_1755606582836{margin-right: 20% !important;margin-left: 20% !important;}&#8221;]<\/p>\n<div class=\"wpb_text_column wpb_content_element \">\n<div class=\"wpb_wrapper\">\n<div class=\"wpb_text_column wpb_content_element \">\n<div class=\"wpb_wrapper\">\n<p style=\"text-align: center;\"><span style=\"color: #00adef;\"><strong>PROFITER<\/strong><\/span><\/p>\n<p style=\"text-align: center;\">Profitez de notre terrain de jeu. Notre \u00e9quipe reste disponible \u00e0 tout moment pour des ajustements.<\/p>\n<\/div>\n<\/div>\n<\/div>\n<\/div>\n<p>[\/vc_column_text][\/vc_column_inner][vc_column_inner width=&#8221;1\/4&#8243;][vc_column_text css=&#8221;.vc_custom_1755606592561{margin-right: 20% !important;margin-left: 20% !important;}&#8221;]<\/p>\n<div class=\"wpb_text_column wpb_content_element \">\n<div class=\"wpb_wrapper\">\n<div class=\"wpb_text_column wpb_content_element \">\n<div class=\"wpb_wrapper\">\n<p style=\"text-align: center;\"><span style=\"color: #00adef;\"><strong>RETOUR<\/strong><\/span><\/p>\n<p style=\"text-align: center;\">Si vous avez lou\u00e9 votre mat\u00e9riel en magasin, rapportez le nous au ski shop. Sinon, laissez-le dans votre logement.<\/p>\n<\/div>\n<\/div>\n<\/div>\n<\/div>\n<p>[\/vc_column_text][\/vc_column_inner][\/vc_row_inner][vc_empty_space height=&#8221;75px&#8221;][\/vc_column][\/vc_row][vc_row css=&#8221;.vc_custom_1723662061363{margin-right: 5% !important;margin-left: 5% !important;}&#8221;][vc_column width=&#8221;1\/2&#8243; css=&#8221;.vc_custom_1755597989995{padding-top: 75px !important;}&#8221;][vc_column_text css=&#8221;.vc_custom_1755597177163{margin-right: 10% !important;}&#8221;]<\/p>\n<h2><span style=\"color: #00adef;\">MAGASIN DE LOCATION OXYG\u00c8NE<\/span><\/h2>\n<p>&nbsp;<\/p>\n<p>Profitez d\u2019un service professionnel de qualit\u00e9 qui place le client au c\u0153ur de toutes les attentions, avec du mat\u00e9riel haut de gamme issu des meilleures marques. Toute la famille peut s\u2019\u00e9quiper de la t\u00eate aux pieds gr\u00e2ce \u00e0 une large s\u00e9lection de skis, snowboards, chaussures, mat\u00e9riel hors-piste, splitboards et bien plus encore.<\/p>\n<p>Si l\u2019id\u00e9e de transporter votre mat\u00e9riel du ski shop \u00e0 votre h\u00e9bergement vous semble compliqu\u00e9e, aucun souci. Oxyg\u00e8ne propose \u00e9galement un service de livraison \u00e0 domicile. C\u2019est tr\u00e8s simple : vous r\u00e9servez en ligne, passez au magasin pour v\u00e9rifier la taille, puis Oxyg\u00e8ne livre l\u2019\u00e9quipement directement \u00e0 votre h\u00e9bergement et le r\u00e9cup\u00e8re \u00e0 la fin de la semaine sur demande.[\/vc_column_text][\/vc_column][vc_column width=&#8221;1\/2&#8243; css=&#8221;.vc_custom_1732882231930{background-position: center !important;background-repeat: no-repeat !important;background-size: cover !important;}&#8221;][vc_row_inner gap=&#8221;35&#8243;][vc_column_inner el_class=&#8221;image-column-remove-padding image-headband&#8221; width=&#8221;1\/2&#8243; css=&#8221;.vc_custom_1757267998690{background-position: center !important;background-repeat: no-repeat !important;background-size: cover !important;}&#8221;][vc_single_image image=&#8221;581434&#8243; img_size=&#8221;500&#215;335&#8243; style=&#8221;vc_box_rounded&#8221;][\/vc_column_inner][vc_column_inner el_class=&#8221;image-column-remove-padding image-headband&#8221; width=&#8221;1\/2&#8243; css=&#8221;.vc_custom_1757268043593{background-position: center !important;background-repeat: no-repeat !important;background-size: cover !important;}&#8221;][vc_single_image image=&#8221;581436&#8243; img_size=&#8221;500&#215;335&#8243; style=&#8221;vc_box_rounded&#8221;][\/vc_column_inner][\/vc_row_inner][\/vc_column][\/vc_row][vc_row][vc_column][vc_empty_space height=&#8221;75px&#8221;][\/vc_column][\/vc_row][vc_row][vc_column css=&#8221;.vc_custom_1732882805434{padding-top: 140px !important;padding-bottom: 140px !important;background-image: url(https:\/\/oxygene.ski\/wp-content\/uploads\/2024\/09\/oxygene-chalet-fitting-2-scaled.jpg?id=577061) !important;background-position: center !important;background-repeat: no-repeat !important;background-size: cover !important;}&#8221;][vc_column_text css=&#8221;.vc_custom_1738850080600{margin-right: 10% !important;margin-left: 10% !important;}&#8221;]<\/p>\n<h3 style=\"text-align: center;\"><span style=\"color: #ffffff;\">VOTRE SKI SHOP \u00c0 DOMICILE<\/span><\/h3>\n<p style=\"text-align: center;\"><span style=\"color: #ffffff;\">R\u00e9servez en ligne et nous nous occupons du reste : le r\u00e9glage expert du mat\u00e9riel de ski et de snowboard, ainsi que la livraison dans votre chalet.<\/span><br \/>\n<span style=\"color: #ffffff;\">Un service digne des meilleurs magasins de sport, \u00e0 votre porte, sans les inconv\u00e9nients.<\/span><\/p>\n<p>[\/vc_column_text][vc_btn title=&#8221;Plus d&#8217;information&#8221; align=&#8221;center&#8221; link=&#8221;url:https%3A%2F%2Foxygene.ski%2Ffr%2Fchalet-fitting%2F|target:_blank|&#8221;][\/vc_column][\/vc_row][vc_row][vc_column][vc_empty_space height=&#8221;30px&#8221;][\/vc_column][\/vc_row]<\/p>\n","protected":false},"excerpt":{"rendered":"<p>[vc_row content_placement=&#8221;middle&#8221; css=&#8221;.vc_custom_1757267813351{background-position: center !important;background-repeat: no-repeat !important;background-size: cover !important;}&#8221;][vc_column el_class=&#8221;image-column-remove-padding image-headband&#8221;][vc_single_image image=&#8221;581428&#8243; img_size=&#8221;full&#8221; style=&#8221;vc_box_rounded&#8221; el_class=&#8221;image-headband-frontpage-main&#8221;][\/vc_column][\/vc_row][vc_row][vc_column][vc_empty_space height=&#8221;50px&#8221;][\/vc_column][\/vc_row][vc_row css=&#8221;.vc_custom_1721295204059{margin-right: 5% !important;margin-left: 5% !important;}&#8221;][vc_column width=&#8221;1\/2&#8243;][vc_empty_space height=&#8221;20px&#8221;][vc_column_text] LOCATION DE MAT\u00c9RIEL \u00c0 TIGNES [\/vc_column_text][vc_column_text css=&#8221;.vc_custom_1741864689442{margin-right: 20% !important;}&#8221;]Oxyg\u00e8ne vous propose la location de mat\u00e9riel directement dans son magasin situ\u00e9 \u00e0 Tignes. D\u00e9couvrez une large gamme d\u2019\u00e9quipements haut de gamme, adapt\u00e9s \u00e0 [&hellip;]<\/p>\n","protected":false},"author":7448,"featured_media":0,"parent":0,"menu_order":19,"comment_status":"closed","ping_status":"closed","template":"page-full-width.php","meta":{"footnotes":""},"yoast_head":"<!-- This site is optimized with the Yoast SEO plugin v22.2 - https:\/\/yoast.com\/wordpress\/plugins\/seo\/ -->\n<title>Location mat\u00e9riel \u00e0 Tignes | Oxyg\u00e8ne \u00c9cole de Ski &amp; Snowboard<\/title>\n<meta name=\"description\" content=\"Louez du mat\u00e9riel de ski et de snowboard de qualit\u00e9 au ski shop Oxyg\u00e8ne Tignes. Service en magasin ou dans votre h\u00e9bergement.\" \/>\n<meta name=\"robots\" content=\"index, follow, max-snippet:-1, max-image-preview:large, max-video-preview:-1\" \/>\n<link rel=\"canonical\" href=\"https:\/\/oxygene.ski\/fr\/location-materiel-ski-tignes\/\" \/>\n<meta property=\"og:locale\" content=\"fr_FR\" \/>\n<meta property=\"og:type\" content=\"article\" \/>\n<meta property=\"og:title\" content=\"Location mat\u00e9riel \u00e0 Tignes | Oxyg\u00e8ne \u00c9cole de Ski &amp; Snowboard\" \/>\n<meta property=\"og:description\" content=\"Louez du mat\u00e9riel de ski et de snowboard de qualit\u00e9 au ski shop Oxyg\u00e8ne Tignes. Service en magasin ou dans votre h\u00e9bergement.\" \/>\n<meta property=\"og:url\" content=\"https:\/\/oxygene.ski\/fr\/location-materiel-ski-tignes\/\" \/>\n<meta property=\"og:site_name\" content=\"Oxyg\u00e8ne Ski &amp; Snowboard School\" \/>\n<meta property=\"article:publisher\" content=\"https:\/\/www.facebook.com\/OxygeneSki\" \/>\n<meta property=\"article:modified_time\" content=\"2026-02-24T09:44:44+00:00\" \/>\n<meta name=\"twitter:card\" content=\"summary_large_image\" \/>\n<meta name=\"twitter:site\" content=\"@Oxygene_Ski\" \/>\n<meta name=\"twitter:label1\" content=\"Est. reading time\" \/>\n\t<meta name=\"twitter:data1\" content=\"3 minutes\" \/>\n<script type=\"application\/ld+json\" class=\"yoast-schema-graph\">{\"@context\":\"https:\/\/schema.org\",\"@graph\":[{\"@type\":\"WebPage\",\"@id\":\"https:\/\/oxygene.ski\/fr\/location-materiel-ski-tignes\/\",\"url\":\"https:\/\/oxygene.ski\/fr\/location-materiel-ski-tignes\/\",\"name\":\"Location mat\u00e9riel \u00e0 Tignes | Oxyg\u00e8ne \u00c9cole de Ski & Snowboard\",\"isPartOf\":{\"@id\":\"https:\/\/oxygene.ski\/#website\"},\"datePublished\":\"2025-03-21T14:03:37+00:00\",\"dateModified\":\"2026-02-24T09:44:44+00:00\",\"description\":\"Louez du mat\u00e9riel de ski et de snowboard de qualit\u00e9 au ski shop Oxyg\u00e8ne Tignes. Service en magasin ou dans votre h\u00e9bergement.\",\"breadcrumb\":{\"@id\":\"https:\/\/oxygene.ski\/fr\/location-materiel-ski-tignes\/#breadcrumb\"},\"inLanguage\":\"fr\",\"potentialAction\":[{\"@type\":\"ReadAction\",\"target\":[\"https:\/\/oxygene.ski\/fr\/location-materiel-ski-tignes\/\"]}]},{\"@type\":\"BreadcrumbList\",\"@id\":\"https:\/\/oxygene.ski\/fr\/location-materiel-ski-tignes\/#breadcrumb\",\"itemListElement\":[{\"@type\":\"ListItem\",\"position\":1,\"name\":\"Home\",\"item\":\"https:\/\/oxygene.ski\/fr\/accueil\/\"},{\"@type\":\"ListItem\",\"position\":2,\"name\":\"Location de mat\u00e9riel \u00e0 Tignes\"}]},{\"@type\":\"WebSite\",\"@id\":\"https:\/\/oxygene.ski\/#website\",\"url\":\"https:\/\/oxygene.ski\/\",\"name\":\"Oxyg\u00e8ne Ski &amp; Snowboard School\",\"description\":\"\",\"potentialAction\":[{\"@type\":\"SearchAction\",\"target\":{\"@type\":\"EntryPoint\",\"urlTemplate\":\"https:\/\/oxygene.ski\/?s={search_term_string}\"},\"query-input\":\"required name=search_term_string\"}],\"inLanguage\":\"fr\"}]}<\/script>\n<!-- \/ Yoast SEO plugin. -->","yoast_head_json":{"title":"Location mat\u00e9riel \u00e0 Tignes | Oxyg\u00e8ne \u00c9cole de Ski & Snowboard","description":"Louez du mat\u00e9riel de ski et de snowboard de qualit\u00e9 au ski shop Oxyg\u00e8ne Tignes. Service en magasin ou dans votre h\u00e9bergement.","robots":{"index":"index","follow":"follow","max-snippet":"max-snippet:-1","max-image-preview":"max-image-preview:large","max-video-preview":"max-video-preview:-1"},"canonical":"https:\/\/oxygene.ski\/fr\/location-materiel-ski-tignes\/","og_locale":"fr_FR","og_type":"article","og_title":"Location mat\u00e9riel \u00e0 Tignes | Oxyg\u00e8ne \u00c9cole de Ski & Snowboard","og_description":"Louez du mat\u00e9riel de ski et de snowboard de qualit\u00e9 au ski shop Oxyg\u00e8ne Tignes. Service en magasin ou dans votre h\u00e9bergement.","og_url":"https:\/\/oxygene.ski\/fr\/location-materiel-ski-tignes\/","og_site_name":"Oxyg\u00e8ne Ski &amp; Snowboard School","article_publisher":"https:\/\/www.facebook.com\/OxygeneSki","article_modified_time":"2026-02-24T09:44:44+00:00","twitter_card":"summary_large_image","twitter_site":"@Oxygene_Ski","twitter_misc":{"Est. reading time":"3 minutes"},"schema":{"@context":"https:\/\/schema.org","@graph":[{"@type":"WebPage","@id":"https:\/\/oxygene.ski\/fr\/location-materiel-ski-tignes\/","url":"https:\/\/oxygene.ski\/fr\/location-materiel-ski-tignes\/","name":"Location mat\u00e9riel \u00e0 Tignes | Oxyg\u00e8ne \u00c9cole de Ski & Snowboard","isPartOf":{"@id":"https:\/\/oxygene.ski\/#website"},"datePublished":"2025-03-21T14:03:37+00:00","dateModified":"2026-02-24T09:44:44+00:00","description":"Louez du mat\u00e9riel de ski et de snowboard de qualit\u00e9 au ski shop Oxyg\u00e8ne Tignes. Service en magasin ou dans votre h\u00e9bergement.","breadcrumb":{"@id":"https:\/\/oxygene.ski\/fr\/location-materiel-ski-tignes\/#breadcrumb"},"inLanguage":"fr","potentialAction":[{"@type":"ReadAction","target":["https:\/\/oxygene.ski\/fr\/location-materiel-ski-tignes\/"]}]},{"@type":"BreadcrumbList","@id":"https:\/\/oxygene.ski\/fr\/location-materiel-ski-tignes\/#breadcrumb","itemListElement":[{"@type":"ListItem","position":1,"name":"Home","item":"https:\/\/oxygene.ski\/fr\/accueil\/"},{"@type":"ListItem","position":2,"name":"Location de mat\u00e9riel \u00e0 Tignes"}]},{"@type":"WebSite","@id":"https:\/\/oxygene.ski\/#website","url":"https:\/\/oxygene.ski\/","name":"Oxyg\u00e8ne Ski &amp; Snowboard School","description":"","potentialAction":[{"@type":"SearchAction","target":{"@type":"EntryPoint","urlTemplate":"https:\/\/oxygene.ski\/?s={search_term_string}"},"query-input":"required name=search_term_string"}],"inLanguage":"fr"}]}},"_links":{"self":[{"href":"https:\/\/oxygene.ski\/fr\/wp-json\/wp\/v2\/pages\/578903"}],"collection":[{"href":"https:\/\/oxygene.ski\/fr\/wp-json\/wp\/v2\/pages"}],"about":[{"href":"https:\/\/oxygene.ski\/fr\/wp-json\/wp\/v2\/types\/page"}],"author":[{"embeddable":true,"href":"https:\/\/oxygene.ski\/fr\/wp-json\/wp\/v2\/users\/7448"}],"replies":[{"embeddable":true,"href":"https:\/\/oxygene.ski\/fr\/wp-json\/wp\/v2\/comments?post=578903"}],"version-history":[{"count":21,"href":"https:\/\/oxygene.ski\/fr\/wp-json\/wp\/v2\/pages\/578903\/revisions"}],"predecessor-version":[{"id":583115,"href":"https:\/\/oxygene.ski\/fr\/wp-json\/wp\/v2\/pages\/578903\/revisions\/583115"}],"wp:attachment":[{"href":"https:\/\/oxygene.ski\/fr\/wp-json\/wp\/v2\/media?parent=578903"}],"curies":[{"name":"wp","href":"https:\/\/api.w.org\/{rel}","templated":true}]}}