{"id":578900,"date":"2025-03-21T14:54:39","date_gmt":"2025-03-21T13:54:39","guid":{"rendered":"https:\/\/oxygene.ski\/location-de-materiel-serre-chevalier-le-monetier\/"},"modified":"2025-11-25T11:17:25","modified_gmt":"2025-11-25T10:17:25","slug":"location-materiel-ski-serre-chevalier-le-monetier","status":"publish","type":"page","link":"https:\/\/oxygene.ski\/fr\/location-materiel-ski-serre-chevalier-le-monetier\/","title":{"rendered":"Location de mat\u00e8riel Serre Chevalier &#8211; Le Mon\u00eatier"},"content":{"rendered":"<p>[vc_row content_placement=&#8221;middle&#8221; css=&#8221;.vc_custom_1757267387281{background-position: center !important;background-repeat: no-repeat !important;background-size: cover !important;}&#8221;][vc_column el_class=&#8221;image-column-remove-padding image-headband&#8221;][vc_single_image image=&#8221;581416&#8243; img_size=&#8221;full&#8221; el_class=&#8221;image-headband-frontpage-main&#8221;][\/vc_column][\/vc_row][vc_row][vc_column][vc_empty_space height=&#8221;50px&#8221;][\/vc_column][\/vc_row][vc_row css=&#8221;.vc_custom_1721295204059{margin-right: 5% !important;margin-left: 5% !important;}&#8221;][vc_column width=&#8221;1\/2&#8243;][vc_empty_space height=&#8221;20px&#8221;][vc_column_text]<\/p>\n<h1 style=\"text-align: left;\"><span style=\"color: #00adef;\">LOCATION DE MAT\u00c9RIEL SERRE CHEVALIER &#8211; LE MON\u00caTIER<\/span><\/h1>\n<p>[\/vc_column_text][vc_column_text css=&#8221;.vc_custom_1741864649166{margin-right: 20% !important;}&#8221;]Notre boutique de location de ski \u00e0 Serre Chevalier est la r\u00e9f\u00e9rence si vous recherchez un large choix d\u2019\u00e9quipements de ski et de snowboard de qualit\u00e9, confortables et adapt\u00e9s \u00e0 toutes les disciplines.<br \/>\nEt notre service ne s\u2019arr\u00eate pas l\u00e0 !<br \/>\nVenez nous rendre visite en magasin, situ\u00e9 en plein c\u0153ur du Mon\u00eatier-les-Bains, ou faites-nous part de vos besoins.<\/p>\n<p>Id\u00e9alement situ\u00e9 sur la route de Grenoble, au c\u0153ur de la vall\u00e9e de Serre Chevalier, notre magasin vous propose un vaste choix d\u2019\u00e9quipements, ainsi qu\u2019une \u00e9quipe chaleureuse et exp\u00e9riment\u00e9e pour vous conseiller. Vous pourrez aussi profiter d\u2019un service de bootfitting, du 100% sur mesure.[\/vc_column_text][vc_btn title=&#8221;R\u00c9SERVEZ VOTRE \u00c9QUIPEMENT&#8221; style=&#8221;outline&#8221; color=&#8221;sky&#8221; align=&#8221;left&#8221; link=&#8221;url:https%3A%2F%2Fbooking.yoplanning.pro%2F48c9fbd6-01b0-4a23-941b-90d9ebf1e016%2F|target:_blank|&#8221;][vc_empty_space height=&#8221;10px&#8221;][vc_column_text]<span style=\"color: #000000;\"><strong>Pour r\u00e9server votre mat\u00e9riel et votre cours de ski, contactez-nous directement par mail : serrechevalier @oxygene.ski<\/strong><\/span>[\/vc_column_text][\/vc_column][vc_column width=&#8221;1\/2&#8243;][vc_row_inner gap=&#8221;35&#8243;][vc_column_inner el_class=&#8221;image-column-remove-padding image-headband&#8221; width=&#8221;1\/2&#8243; css=&#8221;.vc_custom_1757267446474{background-position: center !important;background-repeat: no-repeat !important;background-size: cover !important;}&#8221;][vc_single_image image=&#8221;581418&#8243; img_size=&#8221;500&#215;335&#8243; style=&#8221;vc_box_rounded&#8221;][\/vc_column_inner][vc_column_inner el_class=&#8221;image-column-remove-padding image-headband&#8221; width=&#8221;1\/2&#8243; css=&#8221;.vc_custom_1757267508914{background-position: center !important;background-repeat: no-repeat !important;background-size: cover !important;}&#8221;][vc_single_image image=&#8221;581420&#8243; img_size=&#8221;500&#215;335&#8243; style=&#8221;vc_box_rounded&#8221;][\/vc_column_inner][\/vc_row_inner][\/vc_column][\/vc_row][vc_row][vc_column][vc_empty_space height=&#8221;75px&#8221;][\/vc_column][\/vc_row][vc_row][vc_column][vc_row_inner][vc_column_inner width=&#8221;1\/4&#8243;][vc_column_text css=&#8221;.vc_custom_1755606428792{margin-right: 20% !important;margin-left: 20% !important;}&#8221;]<\/p>\n<div class=\"wpb_text_column wpb_content_element \">\n<div class=\"wpb_wrapper\">\n<div class=\"wpb_text_column wpb_content_element \">\n<div class=\"wpb_wrapper\">\n<p style=\"text-align: center;\"><span style=\"color: #00adef;\"><strong>R\u00c9SERVER<\/strong><\/span><\/p>\n<p style=\"text-align: center;\">R\u00e9servez vos skis, snowboards, chaussures et extras facilement et rapidement en ligne.<\/p>\n<\/div>\n<\/div>\n<\/div>\n<\/div>\n<p>[\/vc_column_text][\/vc_column_inner][vc_column_inner width=&#8221;1\/4&#8243;][vc_column_text css=&#8221;.vc_custom_1755606439750{margin-right: 20% !important;margin-left: 20% !important;}&#8221;]<\/p>\n<div class=\"wpb_text_column wpb_content_element \">\n<div class=\"wpb_wrapper\">\n<div class=\"wpb_text_column wpb_content_element \">\n<div class=\"wpb_wrapper\">\n<p style=\"text-align: center;\"><span style=\"color: #00adef;\"><strong>AJUSTER<\/strong><\/span><\/p>\n<p style=\"text-align: center;\">Rendez-vous en magasin ou choisissez notre service ski shop \u00e0 domicile pour plus de confort.<\/p>\n<\/div>\n<\/div>\n<\/div>\n<\/div>\n<p>[\/vc_column_text][\/vc_column_inner][vc_column_inner width=&#8221;1\/4&#8243;][vc_column_text css=&#8221;.vc_custom_1755606453459{margin-right: 20% !important;margin-left: 20% !important;}&#8221;]<\/p>\n<div class=\"wpb_text_column wpb_content_element \">\n<div class=\"wpb_wrapper\">\n<div class=\"wpb_text_column wpb_content_element \">\n<div class=\"wpb_wrapper\">\n<p style=\"text-align: center;\"><span style=\"color: #00adef;\"><strong>PROFITER<\/strong><\/span><\/p>\n<p style=\"text-align: center;\">Profitez de notre terrain de jeu. Notre \u00e9quipe reste disponible \u00e0 tout moment pour des ajustements.<\/p>\n<\/div>\n<\/div>\n<\/div>\n<\/div>\n<p>[\/vc_column_text][\/vc_column_inner][vc_column_inner width=&#8221;1\/4&#8243;][vc_column_text css=&#8221;.vc_custom_1755606464119{margin-right: 20% !important;margin-left: 20% !important;}&#8221;]<\/p>\n<div class=\"wpb_text_column wpb_content_element \">\n<div class=\"wpb_wrapper\">\n<div class=\"wpb_text_column wpb_content_element \">\n<div class=\"wpb_wrapper\">\n<p style=\"text-align: center;\"><span style=\"color: #00adef;\"><strong>RETOUR<\/strong><\/span><\/p>\n<p style=\"text-align: center;\">Si vous avez lou\u00e9 votre mat\u00e9riel en magasin, rapportez-le dans notre ski shop.<\/p>\n<\/div>\n<\/div>\n<\/div>\n<\/div>\n<p>[\/vc_column_text][\/vc_column_inner][\/vc_row_inner][vc_empty_space height=&#8221;75px&#8221;][\/vc_column][\/vc_row][vc_row css=&#8221;.vc_custom_1723662061363{margin-right: 5% !important;margin-left: 5% !important;}&#8221;][vc_column width=&#8221;1\/2&#8243; css=&#8221;.vc_custom_1755597891284{padding-top: 75px !important;}&#8221;][vc_column_text css=&#8221;.vc_custom_1761726895960{margin-right: 10% !important;}&#8221;]<\/p>\n<h2><span style=\"color: #00adef;\">MAGASIN DE LOCATION OXYG\u00c8NE<\/span><\/h2>\n<p>&nbsp;<\/p>\n<p data-start=\"101\" data-end=\"737\">D\u00e9couvrez notre service SUR-MESURE, o\u00f9 les besoins de nos clients passent toujours en premier, et profitez d\u2019un mat\u00e9riel haut de gamme issu des plus grandes marques mondiales. Skis, snowboards, chaussures, splitboards, \u00e9quipements hors-piste\u2026 nous avons tout ce qu\u2019il faut pour \u00e9quiper toute la famille de la t\u00eate aux pieds. Dans notre ski shop de Serre Chevalier \u2013 Le Mon\u00eatier, vous b\u00e9n\u00e9ficiez \u00e9galement de notre expertise en bootfitting : nos sp\u00e9cialistes travaillent main dans la main avec chaque client pour personnaliser et ajuster leurs chaussures de ski, garantissant ainsi un confort optimal sur les pistes.<\/p>\n<p data-start=\"739\" data-end=\"1136\"><strong data-start=\"742\" data-end=\"763\">Nouveaut\u00e9 cet \u00e9t\u00e9<\/strong> : la boutique range le mat\u00e9riel de ski pour laisser place aux v\u00e9los \u00e9lectriques ! Tous sont disponibles \u00e0 la location pour explorer la montagne autrement. Une belle opportunit\u00e9 pour les amateurs d\u2019aventures \u00e0 v\u00e9lo dans le cadre exceptionnel des Hautes-Alpes. Et pour encore plus de convivialit\u00e9, la boutique se transforme en <strong data-start=\"1089\" data-end=\"1105\">cycling caf\u00e9<\/strong> pendant la saison estivale !<\/p>\n<p>[\/vc_column_text][vc_btn title=&#8221;D\u00e9couvrez en plus&#8221; style=&#8221;outline&#8221; color=&#8221;sky&#8221; align=&#8221;left&#8221; link=&#8221;url:https%3A%2F%2Foxygene-shop.com%2Ffr%2F|target:_blank|&#8221;][\/vc_column][vc_column width=&#8221;1\/2&#8243; css=&#8221;.vc_custom_1732882231930{background-position: center !important;background-repeat: no-repeat !important;background-size: cover !important;}&#8221;][vc_row_inner gap=&#8221;35&#8243;][vc_column_inner el_class=&#8221;image-column-remove-padding image-headband&#8221; width=&#8221;1\/2&#8243; css=&#8221;.vc_custom_1757267590968{background-position: center !important;background-repeat: no-repeat !important;background-size: cover !important;}&#8221;][vc_single_image image=&#8221;581422&#8243; img_size=&#8221;500&#215;335&#8243; style=&#8221;vc_box_rounded&#8221;][\/vc_column_inner][vc_column_inner el_class=&#8221;image-column-remove-padding image-headband&#8221; width=&#8221;1\/2&#8243; css=&#8221;.vc_custom_1757267645883{background-position: center !important;background-repeat: no-repeat !important;background-size: cover !important;}&#8221;][vc_single_image image=&#8221;581424&#8243; img_size=&#8221;500&#215;335&#8243; style=&#8221;vc_box_rounded&#8221;][\/vc_column_inner][\/vc_row_inner][\/vc_column][\/vc_row][vc_row][vc_column][vc_empty_space height=&#8221;30px&#8221;][\/vc_column][\/vc_row]<\/p>\n","protected":false},"excerpt":{"rendered":"<p>[vc_row content_placement=&#8221;middle&#8221; css=&#8221;.vc_custom_1757267387281{background-position: center !important;background-repeat: no-repeat !important;background-size: cover !important;}&#8221;][vc_column el_class=&#8221;image-column-remove-padding image-headband&#8221;][vc_single_image image=&#8221;581416&#8243; img_size=&#8221;full&#8221; el_class=&#8221;image-headband-frontpage-main&#8221;][\/vc_column][\/vc_row][vc_row][vc_column][vc_empty_space height=&#8221;50px&#8221;][\/vc_column][\/vc_row][vc_row css=&#8221;.vc_custom_1721295204059{margin-right: 5% !important;margin-left: 5% !important;}&#8221;][vc_column width=&#8221;1\/2&#8243;][vc_empty_space height=&#8221;20px&#8221;][vc_column_text] LOCATION DE MAT\u00c9RIEL SERRE CHEVALIER &#8211; LE MON\u00caTIER [\/vc_column_text][vc_column_text css=&#8221;.vc_custom_1741864649166{margin-right: 20% !important;}&#8221;]Notre boutique de location de ski \u00e0 Serre Chevalier est la r\u00e9f\u00e9rence si vous recherchez un large choix d\u2019\u00e9quipements de ski et [&hellip;]<\/p>\n","protected":false},"author":7448,"featured_media":0,"parent":0,"menu_order":19,"comment_status":"closed","ping_status":"closed","template":"page-full-width.php","meta":{"footnotes":""},"yoast_head":"<!-- This site is optimized with the Yoast SEO plugin v22.2 - https:\/\/yoast.com\/wordpress\/plugins\/seo\/ -->\n<title>Location mat\u00e9riel en magasin | Oxyg\u00e8ne \u00c9cole de Ski &amp; Snowboard<\/title>\n<meta name=\"description\" content=\"Louez du mat\u00e9riel de ski, de ski de randonn\u00e9e et de snowboard au ski shop Oxyg\u00e8ne \u00e0 Serre Chevalier - Le Mon\u00eatier.\" \/>\n<meta name=\"robots\" content=\"index, follow, max-snippet:-1, max-image-preview:large, max-video-preview:-1\" \/>\n<link rel=\"canonical\" href=\"https:\/\/oxygene.ski\/fr\/location-materiel-ski-serre-chevalier-le-monetier\/\" \/>\n<meta property=\"og:locale\" content=\"fr_FR\" \/>\n<meta property=\"og:type\" content=\"article\" \/>\n<meta property=\"og:title\" content=\"Location mat\u00e9riel en magasin | Oxyg\u00e8ne \u00c9cole de Ski &amp; Snowboard\" \/>\n<meta property=\"og:description\" content=\"Louez du mat\u00e9riel de ski, de ski de randonn\u00e9e et de snowboard au ski shop Oxyg\u00e8ne \u00e0 Serre Chevalier - Le Mon\u00eatier.\" \/>\n<meta property=\"og:url\" content=\"https:\/\/oxygene.ski\/fr\/location-materiel-ski-serre-chevalier-le-monetier\/\" \/>\n<meta property=\"og:site_name\" content=\"Oxyg\u00e8ne Ski &amp; Snowboard School\" \/>\n<meta property=\"article:publisher\" content=\"https:\/\/www.facebook.com\/OxygeneSki\" \/>\n<meta property=\"article:modified_time\" content=\"2025-11-25T10:17:25+00:00\" \/>\n<meta name=\"twitter:card\" content=\"summary_large_image\" \/>\n<meta name=\"twitter:site\" content=\"@Oxygene_Ski\" \/>\n<meta name=\"twitter:label1\" content=\"Est. reading time\" \/>\n\t<meta name=\"twitter:data1\" content=\"3 minutes\" \/>\n<script type=\"application\/ld+json\" class=\"yoast-schema-graph\">{\"@context\":\"https:\/\/schema.org\",\"@graph\":[{\"@type\":\"WebPage\",\"@id\":\"https:\/\/oxygene.ski\/fr\/location-materiel-ski-serre-chevalier-le-monetier\/\",\"url\":\"https:\/\/oxygene.ski\/fr\/location-materiel-ski-serre-chevalier-le-monetier\/\",\"name\":\"Location mat\u00e9riel en magasin | Oxyg\u00e8ne \u00c9cole de Ski & Snowboard\",\"isPartOf\":{\"@id\":\"https:\/\/oxygene.ski\/#website\"},\"datePublished\":\"2025-03-21T13:54:39+00:00\",\"dateModified\":\"2025-11-25T10:17:25+00:00\",\"description\":\"Louez du mat\u00e9riel de ski, de ski de randonn\u00e9e et de snowboard au ski shop Oxyg\u00e8ne \u00e0 Serre Chevalier - Le Mon\u00eatier.\",\"breadcrumb\":{\"@id\":\"https:\/\/oxygene.ski\/fr\/location-materiel-ski-serre-chevalier-le-monetier\/#breadcrumb\"},\"inLanguage\":\"fr\",\"potentialAction\":[{\"@type\":\"ReadAction\",\"target\":[\"https:\/\/oxygene.ski\/fr\/location-materiel-ski-serre-chevalier-le-monetier\/\"]}]},{\"@type\":\"BreadcrumbList\",\"@id\":\"https:\/\/oxygene.ski\/fr\/location-materiel-ski-serre-chevalier-le-monetier\/#breadcrumb\",\"itemListElement\":[{\"@type\":\"ListItem\",\"position\":1,\"name\":\"Home\",\"item\":\"https:\/\/oxygene.ski\/fr\/accueil\/\"},{\"@type\":\"ListItem\",\"position\":2,\"name\":\"Location de mat\u00e8riel Serre Chevalier &#8211; Le Mon\u00eatier\"}]},{\"@type\":\"WebSite\",\"@id\":\"https:\/\/oxygene.ski\/#website\",\"url\":\"https:\/\/oxygene.ski\/\",\"name\":\"Oxyg\u00e8ne Ski &amp; Snowboard School\",\"description\":\"\",\"potentialAction\":[{\"@type\":\"SearchAction\",\"target\":{\"@type\":\"EntryPoint\",\"urlTemplate\":\"https:\/\/oxygene.ski\/?s={search_term_string}\"},\"query-input\":\"required name=search_term_string\"}],\"inLanguage\":\"fr\"}]}<\/script>\n<!-- \/ Yoast SEO plugin. -->","yoast_head_json":{"title":"Location mat\u00e9riel en magasin | Oxyg\u00e8ne \u00c9cole de Ski & Snowboard","description":"Louez du mat\u00e9riel de ski, de ski de randonn\u00e9e et de snowboard au ski shop Oxyg\u00e8ne \u00e0 Serre Chevalier - Le Mon\u00eatier.","robots":{"index":"index","follow":"follow","max-snippet":"max-snippet:-1","max-image-preview":"max-image-preview:large","max-video-preview":"max-video-preview:-1"},"canonical":"https:\/\/oxygene.ski\/fr\/location-materiel-ski-serre-chevalier-le-monetier\/","og_locale":"fr_FR","og_type":"article","og_title":"Location mat\u00e9riel en magasin | Oxyg\u00e8ne \u00c9cole de Ski & Snowboard","og_description":"Louez du mat\u00e9riel de ski, de ski de randonn\u00e9e et de snowboard au ski shop Oxyg\u00e8ne \u00e0 Serre Chevalier - Le Mon\u00eatier.","og_url":"https:\/\/oxygene.ski\/fr\/location-materiel-ski-serre-chevalier-le-monetier\/","og_site_name":"Oxyg\u00e8ne Ski &amp; Snowboard School","article_publisher":"https:\/\/www.facebook.com\/OxygeneSki","article_modified_time":"2025-11-25T10:17:25+00:00","twitter_card":"summary_large_image","twitter_site":"@Oxygene_Ski","twitter_misc":{"Est. reading time":"3 minutes"},"schema":{"@context":"https:\/\/schema.org","@graph":[{"@type":"WebPage","@id":"https:\/\/oxygene.ski\/fr\/location-materiel-ski-serre-chevalier-le-monetier\/","url":"https:\/\/oxygene.ski\/fr\/location-materiel-ski-serre-chevalier-le-monetier\/","name":"Location mat\u00e9riel en magasin | Oxyg\u00e8ne \u00c9cole de Ski & Snowboard","isPartOf":{"@id":"https:\/\/oxygene.ski\/#website"},"datePublished":"2025-03-21T13:54:39+00:00","dateModified":"2025-11-25T10:17:25+00:00","description":"Louez du mat\u00e9riel de ski, de ski de randonn\u00e9e et de snowboard au ski shop Oxyg\u00e8ne \u00e0 Serre Chevalier - Le Mon\u00eatier.","breadcrumb":{"@id":"https:\/\/oxygene.ski\/fr\/location-materiel-ski-serre-chevalier-le-monetier\/#breadcrumb"},"inLanguage":"fr","potentialAction":[{"@type":"ReadAction","target":["https:\/\/oxygene.ski\/fr\/location-materiel-ski-serre-chevalier-le-monetier\/"]}]},{"@type":"BreadcrumbList","@id":"https:\/\/oxygene.ski\/fr\/location-materiel-ski-serre-chevalier-le-monetier\/#breadcrumb","itemListElement":[{"@type":"ListItem","position":1,"name":"Home","item":"https:\/\/oxygene.ski\/fr\/accueil\/"},{"@type":"ListItem","position":2,"name":"Location de mat\u00e8riel Serre Chevalier &#8211; Le Mon\u00eatier"}]},{"@type":"WebSite","@id":"https:\/\/oxygene.ski\/#website","url":"https:\/\/oxygene.ski\/","name":"Oxyg\u00e8ne Ski &amp; Snowboard School","description":"","potentialAction":[{"@type":"SearchAction","target":{"@type":"EntryPoint","urlTemplate":"https:\/\/oxygene.ski\/?s={search_term_string}"},"query-input":"required name=search_term_string"}],"inLanguage":"fr"}]}},"_links":{"self":[{"href":"https:\/\/oxygene.ski\/fr\/wp-json\/wp\/v2\/pages\/578900"}],"collection":[{"href":"https:\/\/oxygene.ski\/fr\/wp-json\/wp\/v2\/pages"}],"about":[{"href":"https:\/\/oxygene.ski\/fr\/wp-json\/wp\/v2\/types\/page"}],"author":[{"embeddable":true,"href":"https:\/\/oxygene.ski\/fr\/wp-json\/wp\/v2\/users\/7448"}],"replies":[{"embeddable":true,"href":"https:\/\/oxygene.ski\/fr\/wp-json\/wp\/v2\/comments?post=578900"}],"version-history":[{"count":24,"href":"https:\/\/oxygene.ski\/fr\/wp-json\/wp\/v2\/pages\/578900\/revisions"}],"predecessor-version":[{"id":582447,"href":"https:\/\/oxygene.ski\/fr\/wp-json\/wp\/v2\/pages\/578900\/revisions\/582447"}],"wp:attachment":[{"href":"https:\/\/oxygene.ski\/fr\/wp-json\/wp\/v2\/media?parent=578900"}],"curies":[{"name":"wp","href":"https:\/\/api.w.org\/{rel}","templated":true}]}}