{"id":578893,"date":"2025-03-21T14:30:27","date_gmt":"2025-03-21T13:30:27","guid":{"rendered":"https:\/\/oxygene.ski\/serre-chevalier\/"},"modified":"2026-01-14T11:56:03","modified_gmt":"2026-01-14T10:56:03","slug":"ecole-ski-serre-chevalier","status":"publish","type":"page","link":"https:\/\/oxygene.ski\/fr\/ecole-ski-serre-chevalier\/","title":{"rendered":"Serre Chevalier"},"content":{"rendered":"<p>[vc_row content_placement=&#8221;middle&#8221; css=&#8221;.vc_custom_1757266558457{background-position: center !important;background-repeat: no-repeat !important;background-size: cover !important;}&#8221;][vc_column el_class=&#8221;image-column-remove-padding image-headband&#8221;][vc_single_image image=&#8221;581396&#8243; img_size=&#8221;full&#8221; style=&#8221;vc_box_rounded&#8221; el_class=&#8221;image-headband-frontpage&#8221;][\/vc_column][\/vc_row][vc_row][vc_column][vc_empty_space height=&#8221;50px&#8221;][\/vc_column][\/vc_row][vc_row css=&#8221;.vc_custom_1723108676047{margin-right: 5% !important;margin-left: 5% !important;}&#8221;][vc_column width=&#8221;1\/2&#8243;][vc_column_text]<\/p>\n<h1 style=\"text-align: left;\"><span style=\"color: #00adef;\">BIENVENUE \u00c0 SERRE CHEVALIER &#8211; LE M\u00d4NETIER<\/span><\/h1>\n<p>[\/vc_column_text][vc_column_text css=&#8221;.vc_custom_1723540711423{margin-right: 20px !important;}&#8221;]Vous souhaitez apprendre \u00e0 skier, \u00e0 faire du snowboard ou simplement am\u00e9liorer votre technique ? Vivez une exp\u00e9rience unique avec Oxyg\u00e8ne Serre Chevalier \u2013 Le M\u00f4netier. Nous vous proposons des cours collectifs fun et ludique, pour les enfants et les adultes, ainsi qu\u2019une multitude d\u2019autres cours et activit\u00e9s. Notre philosophie ? S\u2019amuser tout en apprenant pour un maximum de plaisir sur les pistes.<\/p>\n<p>Situ\u00e9e dans le d\u00e9partement des Hautes-Alpes \u00e0 la fronti\u00e8re avec l\u2019Italie, entre le col du Lautaret et Brian\u00e7on, Serre Chevalier est la plus grande station de sports d\u2019hiver des Alpes du Sud tant par l\u2019importance de son domaine skiable que par son nombre de visiteurs. La haute vall\u00e9e de Serre Chevalier s\u2019\u00e9tend sur plus de 27 km et comprend la ville de Brian\u00e7on, dont les fortifications Vauban sont inscrites au patrimoine mondial de l\u2019UNESCO, ainsi que 3 villages phares : Chantemerle (commune de Saint-Chaffrey), Villeneuve (commune de la Salle les Alpes) et le Mon\u00eatier les Bains. La station se situe \u00e9galement \u00e0 l\u2019int\u00e9rieur du Parc National des \u00c9crins et vous serez s\u00e9duit par la beaut\u00e9 et la diversit\u00e9 des activit\u00e9s qu\u2019elle propose.[\/vc_column_text][vc_column_text]<br \/>\n<strong>Ouvert du 8 d\u00e9cembre au 26 avril<\/strong>. Plus de 90 pistes sur plus de 250km.<br \/>\n[\/vc_column_text][vc_row_inner][vc_column_inner width=&#8221;1\/2&#8243;][vc_btn title=&#8221;Guide des niveaux&#8221; link=&#8221;url:https%3A%2F%2Foxygene.ski%2Ffr%2Fconnaitre-son-niveau-de-ski%2F|target:_blank|&#8221;][\/vc_column_inner][vc_column_inner width=&#8221;1\/2&#8243;][vc_btn title=&#8221;Plan des pistes de Serre Chevalier&#8221; link=&#8221;url:https%3A%2F%2Fwww.serre-chevalier.com%2Ffr%2Fdomaine-skiable%2Fplan-pistes-interactif|target:_blank|&#8221;][\/vc_column_inner][\/vc_row_inner][\/vc_column][vc_column width=&#8221;1\/2&#8243; el_class=&#8221;image-column-remove-padding image-headband&#8221;][vc_single_image image=&#8221;581398&#8243; img_size=&#8221;full&#8221; style=&#8221;vc_box_rounded&#8221; el_class=&#8221;image-headband-frontpage&#8221;][\/vc_column][\/vc_row][vc_row css=&#8221;.vc_custom_1751985602332{margin-right: 5% !important;margin-left: 5% !important;}&#8221;][vc_column][vc_empty_space height=&#8221;75px&#8221;][vc_column_text]<\/p>\n<h2 style=\"text-align: left;\"><span style=\"color: #00adef;\">NOS COURS<\/span><\/h2>\n<p>[\/vc_column_text][\/vc_column][\/vc_row][vc_row css=&#8221;.vc_custom_1723108733576{margin-right: 5% !important;margin-left: 5% !important;}&#8221;][vc_column width=&#8221;1\/4&#8243;][vc_single_image image=&#8221;580223&#8243; img_size=&#8221;400&#215;250&#8243; style=&#8221;vc_box_rounded&#8221; css=&#8221;.vc_custom_1757941561743{background-position: center !important;background-repeat: no-repeat !important;background-size: cover !important;}&#8221;][vc_column_text css=&#8221;.vc_custom_1760969317598{padding-right: 20% !important;}&#8221;]<\/p>\n<h6><strong>Cours collectifs enfants<\/strong><\/h6>\n<p>Nous proposons des cours de ski collectifs pour enfants \u00e0 Serre Chevalier \u2013 Le Mon\u00eatier. Les cours sont organis\u00e9s par niveau et par \u00e2ge, avec un nombre limit\u00e9 de participants. Nos sessions visent \u00e0 renforcer la confiance et am\u00e9liorer la technique de ski.[\/vc_column_text][vc_btn title=&#8221;R\u00e9servez maintenant&#8221; style=&#8221;outline&#8221; color=&#8221;sky&#8221; link=&#8221;url:https%3A%2F%2Fbooking.yoplanning.pro%2F0f670fcf-0e6a-4dc5-b864-d53a102903cc%2F%3Ftag%3De41f2b68-7a6b-48f1-b0b0-5f9aa156121b|target:_blank|&#8221;][\/vc_column][vc_column width=&#8221;1\/4&#8243;][vc_single_image image=&#8221;580259&#8243; img_size=&#8221;400&#215;250&#8243; style=&#8221;vc_box_rounded&#8221; css=&#8221;.vc_custom_1757941571940{background-position: center !important;background-repeat: no-repeat !important;background-size: cover !important;}&#8221;][vc_column_text css=&#8221;.vc_custom_1760969323350{padding-right: 20% !important;}&#8221;]<\/p>\n<h6><strong>Cours collectifs adolescents<\/strong><\/h6>\n<p>Pr\u00eat \u00e0 rider plus fort ? Ces cours sont faits pour les ados entre 12 et 17 ans qui veulent booster leur style, progresser vite et repousser leurs limites. Plus de technique, plus de confiance\u2026 et surtout plus de fun sur les pistes ![\/vc_column_text][vc_btn title=&#8221;R\u00e9servez maintenant&#8221; style=&#8221;outline&#8221; color=&#8221;sky&#8221; link=&#8221;url:https%3A%2F%2Fbooking.yoplanning.pro%2F0f670fcf-0e6a-4dc5-b864-d53a102903cc%2F%3Ftag%3Dc4f9b9aa-4d4e-47fd-bb76-e6ca35e6aab4|target:_blank|&#8221;][\/vc_column][vc_column width=&#8221;1\/4&#8243;][vc_single_image image=&#8221;580289&#8243; img_size=&#8221;400&#215;250&#8243; style=&#8221;vc_box_rounded&#8221; css=&#8221;.vc_custom_1757941580649{background-position: center !important;background-repeat: no-repeat !important;background-size: cover !important;}&#8221;][vc_column_text css=&#8221;.vc_custom_1760969329429{padding-right: 20% !important;}&#8221;]<\/p>\n<h6><strong>Cours collectifs adultes<\/strong><\/h6>\n<p>Chez Oxyg\u00e8ne, vous trouverez des cours collectifs adultes. Notre objectif : satisfaire tous les \u00e2ges, les go\u00fbts et les comp\u00e9tences \u00e0 travers un apprentissage ludique. Des tranquilles premi\u00e8res courbes aux descentes les plus techniques, nous vous emm\u00e8nerons l\u00e0 o\u00f9 vous le souhaitez.[\/vc_column_text][vc_btn title=&#8221;R\u00e9servez maintenant&#8221; style=&#8221;outline&#8221; color=&#8221;sky&#8221; link=&#8221;url:https%3A%2F%2Fbooking.yoplanning.pro%2F0f670fcf-0e6a-4dc5-b864-d53a102903cc%2F%3Ftag%3D43b796ad-b48d-4174-85f0-9692d1afb75f|target:_blank|&#8221;][\/vc_column][vc_column width=&#8221;1\/4&#8243;][vc_single_image image=&#8221;577089&#8243; img_size=&#8221;400&#215;250&#8243; style=&#8221;vc_box_rounded&#8221; css=&#8221;.vc_custom_1757941590546{background-position: center !important;background-repeat: no-repeat !important;background-size: cover !important;}&#8221;][vc_column_text css=&#8221;.vc_custom_1760969336126{padding-right: 20% !important;}&#8221;]<\/p>\n<h6><strong>Cours collectifs snowboard<\/strong><\/h6>\n<p>Profitez de cours collectifs de snowboard : les d\u00e9butants d\u00e9couvriront cette discipline qui n\u2019aura plus de secrets pour eux et les riders confirm\u00e9s pourront affiner leur technique tout en profitant du domaine.[\/vc_column_text][vc_btn title=&#8221;R\u00e9servez maintenant&#8221; style=&#8221;outline&#8221; color=&#8221;sky&#8221; link=&#8221;url:https%3A%2F%2Fbooking.yoplanning.pro%2F0f670fcf-0e6a-4dc5-b864-d53a102903cc%2F%3Ftag%3D2287dda5-eee0-4089-a526-3cd9b141cb6c|target:_blank|&#8221;][\/vc_column][\/vc_row][vc_row][vc_column][vc_empty_space height=&#8221;25px&#8221;][\/vc_column][\/vc_row][vc_row css=&#8221;.vc_custom_1723108748514{margin-right: 5% !important;margin-left: 5% !important;}&#8221;][vc_column width=&#8221;1\/4&#8243;][vc_single_image image=&#8221;580254&#8243; img_size=&#8221;400&#215;250&#8243; style=&#8221;vc_box_rounded&#8221; css=&#8221;.vc_custom_1757941600557{background-position: center !important;background-repeat: no-repeat !important;background-size: cover !important;}&#8221;][vc_column_text css=&#8221;.vc_custom_1760969343704{padding-right: 20% !important;}&#8221;]<\/p>\n<h6><strong>Cours priv\u00e9s<\/strong><\/h6>\n<p>Seul avec un moniteur Oxyg\u00e8ne, profitez d\u2019un cours particulier pour progresser et am\u00e9liorer votre glisse. Les cours priv\u00e9s sont disponibles pour toutes les disciplines. Jouez l\u00e0 perso pour soigner votre progression ou d\u00e9cidez de partager ce moment avec vos amis et\/ou votre famille.[\/vc_column_text][vc_btn title=&#8221;R\u00e9servez maintenant&#8221; style=&#8221;outline&#8221; color=&#8221;sky&#8221; link=&#8221;url:https%3A%2F%2Fbooking.yoplanning.pro%2F0f670fcf-0e6a-4dc5-b864-d53a102903cc%2F%3Ftag%3D56434a4e-6eee-4045-8fcc-7e34215c70f9|&#8221;][\/vc_column][vc_column width=&#8221;1\/4&#8243;][vc_single_image image=&#8221;580250&#8243; img_size=&#8221;400&#215;250&#8243; style=&#8221;vc_box_rounded&#8221; css=&#8221;.vc_custom_1757941608928{background-position: center !important;background-repeat: no-repeat !important;background-size: cover !important;}&#8221;][vc_column_text css=&#8221;.vc_custom_1760969349534{padding-right: 20% !important;}&#8221;]<\/p>\n<h6><strong>Hors-piste<\/strong><\/h6>\n<p>Offrez-vous un moment d\u00e9di\u00e9 \u00e0 la poudreuse ! D\u00e9couvrez les plaisirs du ski hors-piste tout en apprenant les bonnes techniques. Vous \u00eates d\u00e9j\u00e0 aguerris, pas de souci ! Nos moniteurs vous montreront leurs meilleurs endroits pour faire le plein de poudreuse.[\/vc_column_text][vc_btn title=&#8221;R\u00e9servez maintenant&#8221; style=&#8221;outline&#8221; color=&#8221;sky&#8221; link=&#8221;url:https%3A%2F%2Fbooking.yoplanning.pro%2F0f670fcf-0e6a-4dc5-b864-d53a102903cc%2F%3Ftag%3D97b79118-da80-43ca-ab63-8bb0d17d5734|&#8221;][\/vc_column][vc_column width=&#8221;1\/4&#8243;][vc_single_image image=&#8221;578273&#8243; img_size=&#8221;400&#215;250&#8243; style=&#8221;vc_box_rounded&#8221; css=&#8221;.vc_custom_1757941618776{background-position: center !important;background-repeat: no-repeat !important;background-size: cover !important;}&#8221;][vc_column_text css=&#8221;.vc_custom_1760969357669{padding-right: 20% !important;}&#8221;]<\/p>\n<h6><strong>Activit\u00e9s outdoor<\/strong><\/h6>\n<p>Oxyg\u00e8ne, c\u2019est du ski et du snowboard sous toutes ses formes, mais pas que ! vous pouvez aussi profiter de la neige et de l\u2019apr\u00e8s-ski en d\u00e9couvrant la montagne autrement gr\u00e2ce \u00e0 nos activit\u00e9s outdoor.[\/vc_column_text][vc_btn title=&#8221;R\u00e9servez maintenant&#8221; style=&#8221;outline&#8221; color=&#8221;sky&#8221; link=&#8221;url:https%3A%2F%2Fbooking.yoplanning.pro%2F0f670fcf-0e6a-4dc5-b864-d53a102903cc%2F%3Ftag%3Df16df598-e70e-49b3-aa4a-60fbdf50c071|target:_blank|&#8221;][\/vc_column][vc_column width=&#8221;1\/4&#8243;][\/vc_column][\/vc_row][vc_row][vc_column][vc_empty_space height=&#8221;75px&#8221;][\/vc_column][\/vc_row][vc_row css=&#8221;.vc_custom_1723108681859{margin-right: 5% !important;margin-left: 5% !important;}&#8221;][vc_column width=&#8221;1\/2&#8243;][vc_empty_space height=&#8221;10px&#8221;][vc_column_text]<\/p>\n<h2 style=\"text-align: left;\"><span style=\"color: #00adef;\">POINT DE RENDEZ-VOUS<\/span><\/h2>\n<div id=\"gtx-trans\" style=\"position: absolute; left: -67px; top: -0.5625px;\">\n<div class=\"gtx-trans-icon\"><\/div>\n<\/div>\n<p>[\/vc_column_text][vc_column_text css=&#8221;.vc_custom_1723540765523{margin-right: 25% !important;}&#8221;]R\u00e9servation confirm\u00e9e et chaussures bien attach\u00e9es ? C\u2019est parti.<\/p>\n<p>Notre d\u00e9part des cours est situ\u00e9 sur le front de neige de Mon\u00eatier-les-Bains. Vous apercevrez les drapeaux Oxyg\u00e8ne et nos moniteurs en bleu et orange avec leurs grands sourires ![\/vc_column_text][vc_btn title=&#8221;Voir la carte&#8221; link=&#8221;url:https%3A%2F%2Fmaps.app.goo.gl%2FBMkUSzXq1tWNXN577|target:_blank|&#8221;][\/vc_column][vc_column width=&#8221;1\/2&#8243; el_class=&#8221;image-column-remove-padding image-headband&#8221;][vc_single_image image=&#8221;581400&#8243; img_size=&#8221;full&#8221; style=&#8221;vc_box_rounded&#8221; el_class=&#8221;image-headband-frontpage&#8221;][\/vc_column][\/vc_row][vc_row][vc_column][vc_empty_space height=&#8221;50px&#8221;][\/vc_column][\/vc_row][vc_row css=&#8221;.vc_custom_1723108695390{margin-right: 5% !important;margin-left: 5% !important;}&#8221;][vc_column width=&#8221;1\/2&#8243;][vc_empty_space height=&#8221;10px&#8221;][vc_column_text]<\/p>\n<h2 style=\"text-align: left;\"><span style=\"color: #00adef;\">SERVICE DE <\/span><span style=\"color: #00adef;\">MINIBUS <\/span><\/h2>\n<p>[\/vc_column_text][vc_column_text css=&#8221;.vc_custom_1724069176812{margin-right: 20% !important;}&#8221;]Oxyg\u00e8ne facilite votre s\u00e9jour \u00e0 Serre Chevalier \u2013 Le M\u00f4netier avec un service de navette gratuite. Quel que soit votre h\u00e9bergement dans la station, nous viendrons vous chercher pour vous emmener au d\u00e9part des cours au Mon\u00eatier. Plus d\u2019excuses pour arriver en retard !<\/p>\n<p>Il vous suffit de r\u00e9server aupr\u00e8s de notre \u00e9quipe \u00e0 votre arriv\u00e9e dans la station, et nous nous occupons du reste.[\/vc_column_text][\/vc_column][vc_column width=&#8221;1\/2&#8243; el_class=&#8221;image-column-remove-padding image-headband&#8221;][vc_single_image image=&#8221;377066&#8243; img_size=&#8221;full&#8221; style=&#8221;vc_box_rounded&#8221; el_class=&#8221;image-headband-frontpage&#8221;][\/vc_column][\/vc_row][vc_row][vc_column][vc_empty_space height=&#8221;75px&#8221;][\/vc_column][\/vc_row][vc_row content_placement=&#8221;middle&#8221; css=&#8221;.vc_custom_1724673051278{padding-top: 140px !important;padding-bottom: 140px !important;background-image: url(https:\/\/oxygene.ski\/wp-content\/uploads\/2024\/08\/ox-website-equipment-ski-hire-location.jpg?id=576362) !important;background-position: center !important;background-repeat: no-repeat !important;background-size: cover !important;}&#8221;][vc_column][vc_column_text css=&#8221;.vc_custom_1724673016071{margin-right: 10% !important;margin-left: 10% !important;}&#8221;]<\/p>\n<h3 style=\"text-align: center;\"><span style=\"color: #ffffff;\">LOCATION DE MAT\u00c9RIEL DE SKI &amp; SNOWBOARD EN MAGASIN<\/span><\/h3>\n<p style=\"text-align: center;\"><span style=\"color: #ffffff;\">Laissez-nous vous \u00e9quiper de la t\u00eate aux pieds. Chaussures, skis, snowboards, skis hors-piste, skis de fond, splitboard et plus encore.<\/span><br \/>\n<span style=\"color: #ffffff;\">Nous vous proposons de la location de mat\u00e9riel de glisse pour tous les go\u00fbts et toute la famille.<\/span><\/p>\n<p>[\/vc_column_text][vc_btn title=&#8221;Plus d&#8217;information&#8221; align=&#8221;center&#8221; link=&#8221;url:https%3A%2F%2Foxygene.ski%2Ffr%2Flocation-materiel-ski-serre-chevalier-le-monetier%2F|target:_blank|&#8221;][\/vc_column][\/vc_row][vc_row][vc_column][vc_empty_space height=&#8221;50px&#8221;][\/vc_column][\/vc_row][vc_row css=&#8221;.vc_custom_1723108765228{margin-right: 5% !important;margin-left: 5% !important;}&#8221;][vc_column][vc_column_text]<\/p>\n<h3 style=\"text-align: left;\"><span style=\"color: #00adef;\">DES QUESTIONS ? CONTACTEZ-NOUS<\/span><\/h3>\n<p>[\/vc_column_text][vc_empty_space height=&#8221;30px&#8221;][vc_row_inner][vc_column_inner width=&#8221;1\/2&#8243;][vc_single_image image=&#8221;572826&#8243; img_size=&#8221;medium&#8221; alignment=&#8221;center&#8221;][vc_column_text]<\/p>\n<p style=\"text-align: center;\">Oxyg\u00e8ne \u00c9cole de Ski &amp; Snowboard\u00a0<strong>Serre Chevalier<\/strong><br \/>\nJoignables toute l\u2019ann\u00e9e, nous serons ravis de mettre<br \/>\nnotre expertise \u00e0 votre disposition.<\/p>\n<p>[\/vc_column_text][vc_btn title=&#8221;+33 (0)6 03 36 01 53&#8243; align=&#8221;center&#8221; link=&#8221;url:tel%3A%2B33603360153|&#8221;][\/vc_column_inner][vc_column_inner width=&#8221;1\/2&#8243;][vc_single_image image=&#8221;572829&#8243; img_size=&#8221;medium&#8221; alignment=&#8221;center&#8221;][vc_column_text]<\/p>\n<p style=\"text-align: center;\">Oxyg\u00e8ne \u00c9cole de Ski &amp; Snowboard\u00a0<strong>Serre Chevalier<\/strong><br \/>\n295 route de Grenoble \u2013 05220 Le Mon\u00eatier les Bains<\/p>\n<p>[\/vc_column_text][vc_btn title=&#8221;Voir le plan&#8221; align=&#8221;center&#8221; link=&#8221;url:https%3A%2F%2Fwww.google.com%2Fmaps%2Fplace%2FEcole%2Bde%2BSki%2B%2526%2BSnowboard%2BOxyg%25C3%25A8ne%2BSerre%2BChevalier%2F%4044.9761365%2C6.5051915%2C17z%2Fdata%3D%213m1%214b1%214m6%213m5%211s0x4789f79a53c5ce0d%3A0x50996a073847b01f%218m2%213d44.9761365%214d6.5077664%2116s%252Fg%252F11rjq99y3r%3Fentry%3Dttu|target:_blank|&#8221;][\/vc_column_inner][\/vc_row_inner][vc_empty_space][vc_single_image image=&#8221;572831&#8243; alignment=&#8221;center&#8221;][vc_column_text]<\/p>\n<h4 style=\"text-align: center;\"><span style=\"color: #00adef;\">\u00c9CRIVEZ-NOUS !<\/span><\/h4>\n<p>[\/vc_column_text][vc_btn title=&#8221;serrechevalier@oxygene.ski&#8221; align=&#8221;center&#8221; link=&#8221;url:mailto%3A%20serrechevalier%40oxygene.ski|target:_blank|&#8221;][vc_empty_space][\/vc_column][\/vc_row]<\/p>\n","protected":false},"excerpt":{"rendered":"<p>[vc_row content_placement=&#8221;middle&#8221; css=&#8221;.vc_custom_1757266558457{background-position: center !important;background-repeat: no-repeat !important;background-size: cover !important;}&#8221;][vc_column el_class=&#8221;image-column-remove-padding image-headband&#8221;][vc_single_image image=&#8221;581396&#8243; img_size=&#8221;full&#8221; style=&#8221;vc_box_rounded&#8221; el_class=&#8221;image-headband-frontpage&#8221;][\/vc_column][\/vc_row][vc_row][vc_column][vc_empty_space height=&#8221;50px&#8221;][\/vc_column][\/vc_row][vc_row css=&#8221;.vc_custom_1723108676047{margin-right: 5% !important;margin-left: 5% !important;}&#8221;][vc_column width=&#8221;1\/2&#8243;][vc_column_text] BIENVENUE \u00c0 SERRE CHEVALIER &#8211; LE M\u00d4NETIER [\/vc_column_text][vc_column_text css=&#8221;.vc_custom_1723540711423{margin-right: 20px !important;}&#8221;]Vous souhaitez apprendre \u00e0 skier, \u00e0 faire du snowboard ou simplement am\u00e9liorer votre technique ? Vivez une exp\u00e9rience unique avec Oxyg\u00e8ne Serre Chevalier [&hellip;]<\/p>\n","protected":false},"author":7448,"featured_media":0,"parent":0,"menu_order":19,"comment_status":"closed","ping_status":"closed","template":"page-full-width.php","meta":{"footnotes":""},"yoast_head":"<!-- This site is optimized with the Yoast SEO plugin v22.2 - https:\/\/yoast.com\/wordpress\/plugins\/seo\/ -->\n<title>Bienvenue \u00e0 Serre Chevalier | Oxyg\u00e8ne \u00c9cole de Ski &amp; Snowboard<\/title>\n<meta name=\"description\" content=\"Oxyg\u00e8ne Serre Chevalier, votre \u00e9cole de ski qui propose un large \u00e9ventail de cours collectifs, de cours priv\u00e9s, de sessions hors-piste et d&#039;activit\u00e9s.\" \/>\n<meta name=\"robots\" content=\"index, follow, max-snippet:-1, max-image-preview:large, max-video-preview:-1\" \/>\n<link rel=\"canonical\" href=\"https:\/\/oxygene.ski\/fr\/ecole-ski-serre-chevalier\/\" \/>\n<meta property=\"og:locale\" content=\"fr_FR\" \/>\n<meta property=\"og:type\" content=\"article\" \/>\n<meta property=\"og:title\" content=\"Bienvenue \u00e0 Serre Chevalier | Oxyg\u00e8ne \u00c9cole de Ski &amp; Snowboard\" \/>\n<meta property=\"og:description\" content=\"Oxyg\u00e8ne Serre Chevalier, votre \u00e9cole de ski qui propose un large \u00e9ventail de cours collectifs, de cours priv\u00e9s, de sessions hors-piste et d&#039;activit\u00e9s.\" \/>\n<meta property=\"og:url\" content=\"https:\/\/oxygene.ski\/fr\/ecole-ski-serre-chevalier\/\" \/>\n<meta property=\"og:site_name\" content=\"Oxyg\u00e8ne Ski &amp; Snowboard School\" \/>\n<meta property=\"article:publisher\" content=\"https:\/\/www.facebook.com\/OxygeneSki\" \/>\n<meta property=\"article:modified_time\" content=\"2026-01-14T10:56:03+00:00\" \/>\n<meta name=\"twitter:card\" content=\"summary_large_image\" \/>\n<meta name=\"twitter:site\" content=\"@Oxygene_Ski\" \/>\n<meta name=\"twitter:label1\" content=\"Est. reading time\" \/>\n\t<meta name=\"twitter:data1\" content=\"5 minutes\" \/>\n<script type=\"application\/ld+json\" class=\"yoast-schema-graph\">{\"@context\":\"https:\/\/schema.org\",\"@graph\":[{\"@type\":\"WebPage\",\"@id\":\"https:\/\/oxygene.ski\/fr\/ecole-ski-serre-chevalier\/\",\"url\":\"https:\/\/oxygene.ski\/fr\/ecole-ski-serre-chevalier\/\",\"name\":\"Bienvenue \u00e0 Serre Chevalier | Oxyg\u00e8ne \u00c9cole de Ski & Snowboard\",\"isPartOf\":{\"@id\":\"https:\/\/oxygene.ski\/#website\"},\"datePublished\":\"2025-03-21T13:30:27+00:00\",\"dateModified\":\"2026-01-14T10:56:03+00:00\",\"description\":\"Oxyg\u00e8ne Serre Chevalier, votre \u00e9cole de ski qui propose un large \u00e9ventail de cours collectifs, de cours priv\u00e9s, de sessions hors-piste et d'activit\u00e9s.\",\"breadcrumb\":{\"@id\":\"https:\/\/oxygene.ski\/fr\/ecole-ski-serre-chevalier\/#breadcrumb\"},\"inLanguage\":\"fr\",\"potentialAction\":[{\"@type\":\"ReadAction\",\"target\":[\"https:\/\/oxygene.ski\/fr\/ecole-ski-serre-chevalier\/\"]}]},{\"@type\":\"BreadcrumbList\",\"@id\":\"https:\/\/oxygene.ski\/fr\/ecole-ski-serre-chevalier\/#breadcrumb\",\"itemListElement\":[{\"@type\":\"ListItem\",\"position\":1,\"name\":\"Home\",\"item\":\"https:\/\/oxygene.ski\/fr\/accueil\/\"},{\"@type\":\"ListItem\",\"position\":2,\"name\":\"Serre Chevalier\"}]},{\"@type\":\"WebSite\",\"@id\":\"https:\/\/oxygene.ski\/#website\",\"url\":\"https:\/\/oxygene.ski\/\",\"name\":\"Oxyg\u00e8ne Ski &amp; Snowboard School\",\"description\":\"\",\"potentialAction\":[{\"@type\":\"SearchAction\",\"target\":{\"@type\":\"EntryPoint\",\"urlTemplate\":\"https:\/\/oxygene.ski\/?s={search_term_string}\"},\"query-input\":\"required name=search_term_string\"}],\"inLanguage\":\"fr\"}]}<\/script>\n<!-- \/ Yoast SEO plugin. -->","yoast_head_json":{"title":"Bienvenue \u00e0 Serre Chevalier | Oxyg\u00e8ne \u00c9cole de Ski & Snowboard","description":"Oxyg\u00e8ne Serre Chevalier, votre \u00e9cole de ski qui propose un large \u00e9ventail de cours collectifs, de cours priv\u00e9s, de sessions hors-piste et d'activit\u00e9s.","robots":{"index":"index","follow":"follow","max-snippet":"max-snippet:-1","max-image-preview":"max-image-preview:large","max-video-preview":"max-video-preview:-1"},"canonical":"https:\/\/oxygene.ski\/fr\/ecole-ski-serre-chevalier\/","og_locale":"fr_FR","og_type":"article","og_title":"Bienvenue \u00e0 Serre Chevalier | Oxyg\u00e8ne \u00c9cole de Ski & Snowboard","og_description":"Oxyg\u00e8ne Serre Chevalier, votre \u00e9cole de ski qui propose un large \u00e9ventail de cours collectifs, de cours priv\u00e9s, de sessions hors-piste et d'activit\u00e9s.","og_url":"https:\/\/oxygene.ski\/fr\/ecole-ski-serre-chevalier\/","og_site_name":"Oxyg\u00e8ne Ski &amp; Snowboard School","article_publisher":"https:\/\/www.facebook.com\/OxygeneSki","article_modified_time":"2026-01-14T10:56:03+00:00","twitter_card":"summary_large_image","twitter_site":"@Oxygene_Ski","twitter_misc":{"Est. reading time":"5 minutes"},"schema":{"@context":"https:\/\/schema.org","@graph":[{"@type":"WebPage","@id":"https:\/\/oxygene.ski\/fr\/ecole-ski-serre-chevalier\/","url":"https:\/\/oxygene.ski\/fr\/ecole-ski-serre-chevalier\/","name":"Bienvenue \u00e0 Serre Chevalier | Oxyg\u00e8ne \u00c9cole de Ski & Snowboard","isPartOf":{"@id":"https:\/\/oxygene.ski\/#website"},"datePublished":"2025-03-21T13:30:27+00:00","dateModified":"2026-01-14T10:56:03+00:00","description":"Oxyg\u00e8ne Serre Chevalier, votre \u00e9cole de ski qui propose un large \u00e9ventail de cours collectifs, de cours priv\u00e9s, de sessions hors-piste et d'activit\u00e9s.","breadcrumb":{"@id":"https:\/\/oxygene.ski\/fr\/ecole-ski-serre-chevalier\/#breadcrumb"},"inLanguage":"fr","potentialAction":[{"@type":"ReadAction","target":["https:\/\/oxygene.ski\/fr\/ecole-ski-serre-chevalier\/"]}]},{"@type":"BreadcrumbList","@id":"https:\/\/oxygene.ski\/fr\/ecole-ski-serre-chevalier\/#breadcrumb","itemListElement":[{"@type":"ListItem","position":1,"name":"Home","item":"https:\/\/oxygene.ski\/fr\/accueil\/"},{"@type":"ListItem","position":2,"name":"Serre Chevalier"}]},{"@type":"WebSite","@id":"https:\/\/oxygene.ski\/#website","url":"https:\/\/oxygene.ski\/","name":"Oxyg\u00e8ne Ski &amp; Snowboard School","description":"","potentialAction":[{"@type":"SearchAction","target":{"@type":"EntryPoint","urlTemplate":"https:\/\/oxygene.ski\/?s={search_term_string}"},"query-input":"required name=search_term_string"}],"inLanguage":"fr"}]}},"_links":{"self":[{"href":"https:\/\/oxygene.ski\/fr\/wp-json\/wp\/v2\/pages\/578893"}],"collection":[{"href":"https:\/\/oxygene.ski\/fr\/wp-json\/wp\/v2\/pages"}],"about":[{"href":"https:\/\/oxygene.ski\/fr\/wp-json\/wp\/v2\/types\/page"}],"author":[{"embeddable":true,"href":"https:\/\/oxygene.ski\/fr\/wp-json\/wp\/v2\/users\/7448"}],"replies":[{"embeddable":true,"href":"https:\/\/oxygene.ski\/fr\/wp-json\/wp\/v2\/comments?post=578893"}],"version-history":[{"count":23,"href":"https:\/\/oxygene.ski\/fr\/wp-json\/wp\/v2\/pages\/578893\/revisions"}],"predecessor-version":[{"id":582864,"href":"https:\/\/oxygene.ski\/fr\/wp-json\/wp\/v2\/pages\/578893\/revisions\/582864"}],"wp:attachment":[{"href":"https:\/\/oxygene.ski\/fr\/wp-json\/wp\/v2\/media?parent=578893"}],"curies":[{"name":"wp","href":"https:\/\/api.w.org\/{rel}","templated":true}]}}