{"id":578886,"date":"2025-03-21T14:21:52","date_gmt":"2025-03-21T13:21:52","guid":{"rendered":"https:\/\/oxygene.ski\/saint-martin-de-belleville\/"},"modified":"2026-02-06T16:00:57","modified_gmt":"2026-02-06T15:00:57","slug":"ecole-ski-saint-martin-de-belleville","status":"publish","type":"page","link":"https:\/\/oxygene.ski\/fr\/ecole-ski-saint-martin-de-belleville\/","title":{"rendered":"Saint Martin de Belleville"},"content":{"rendered":"<p>[vc_row content_placement=&#8221;middle&#8221; css=&#8221;.vc_custom_1757266336805{background-position: center !important;background-repeat: no-repeat !important;background-size: cover !important;}&#8221;][vc_column el_class=&#8221;image-column-remove-padding image-headband&#8221;][vc_single_image image=&#8221;581388&#8243; img_size=&#8221;full&#8221; style=&#8221;vc_box_rounded&#8221; el_class=&#8221;image-headband-frontpage-main&#8221;][\/vc_column][\/vc_row][vc_row][vc_column][vc_empty_space height=&#8221;50px&#8221;][\/vc_column][\/vc_row][vc_row css=&#8221;.vc_custom_1723108676047{margin-right: 5% !important;margin-left: 5% !important;}&#8221;][vc_column width=&#8221;1\/2&#8243;][vc_column_text]<\/p>\n<h1 style=\"text-align: left;\"><span style=\"color: #00adef;\">BIENVENUE \u00c0 SAINT MARTIN DE BELLEVILLE<\/span><\/h1>\n<p>[\/vc_column_text][vc_column_text css=&#8221;.vc_custom_1723539126987{margin-right: 20px !important;}&#8221;]Charmant village savoyard qui a su garder son authenticit\u00e9, Saint Martin de Belleville, situ\u00e9 \u00e0 1 500 m\u00e8tres d\u2019altitude, est l\u2019accord parfait entre art de vivre et grand ski gr\u00e2ce \u00e0 son acc\u00e8s au domaine des 3 Vall\u00e9es. Explorez ce domaine d\u2019exception avec Oxyg\u00e8ne \u00c9cole de ski et snowboard.<\/p>\n<p>Saint Martin de Belleville est un village de la vall\u00e9e des Belleville, porte d\u2019entr\u00e9e des 3 Vall\u00e9es. Oubliez les grandes stations de ski surcharg\u00e9es, le village a su garder son charme d\u2019autrefois tout en proposant une offre art de vivre et gastronomie \u00e9patante. Les amateurs de ski peuvent s\u2019en donner \u00e0 c\u0153ur joie sur les quelque 160 km de pistes (domaine Saint Martin \u2013 Les Menuires) et 600 km de pistes sur le domaine des 3 Vall\u00e9es. Pour les non-skieurs, une multitude d\u2019activit\u00e9s vous est propos\u00e9e : balades \u00e0 pied ou en raquettes, ski de fond, histoire du patrimoine et plus encore.<br \/>\n[\/vc_column_text][vc_column_text]<br \/>\n<strong>Ouvert du 13 d\u00e9cembre au 17 avril 2026<\/strong>.<br \/>\n[\/vc_column_text][vc_row_inner][vc_column_inner width=&#8221;1\/2&#8243;][vc_btn title=&#8221;Guide des niveaux&#8221; link=&#8221;url:https%3A%2F%2Foxygene.ski%2Ffr%2Fconnaitre-son-niveau-de-ski%2F|target:_blank|&#8221;][\/vc_column_inner][vc_column_inner width=&#8221;1\/2&#8243;][vc_btn title=&#8221;Plan des pistes de Saint Martin de Belleville&#8221; link=&#8221;url:https%3A%2F%2Fstatic.st-martin-belleville.com%2Ffiles%2Fplan-pistes-Menuires-Saint-Martin.pdf|target:_blank|&#8221;][\/vc_column_inner][\/vc_row_inner][\/vc_column][vc_column width=&#8221;1\/2&#8243; el_class=&#8221;image-column-remove-padding image-headband&#8221;][vc_single_image image=&#8221;581390&#8243; img_size=&#8221;full&#8221; style=&#8221;vc_box_rounded&#8221; el_class=&#8221;image-headband-frontpage&#8221;][\/vc_column][\/vc_row][vc_row css=&#8221;.vc_custom_1751985461962{margin-right: 5% !important;margin-left: 5% !important;}&#8221;][vc_column][vc_empty_space height=&#8221;75px&#8221;][vc_column_text]<\/p>\n<h2 style=\"text-align: left;\"><span style=\"color: #00adef;\">NOS COURS<\/span><\/h2>\n<p>[\/vc_column_text][\/vc_column][\/vc_row][vc_row css=&#8221;.vc_custom_1723108748514{margin-right: 5% !important;margin-left: 5% !important;}&#8221;][vc_column width=&#8221;1\/4&#8243;][vc_single_image image=&#8221;580254&#8243; img_size=&#8221;400&#215;250&#8243; style=&#8221;vc_box_rounded&#8221; css=&#8221;.vc_custom_1757941503463{background-position: center !important;background-repeat: no-repeat !important;background-size: cover !important;}&#8221;][vc_column_text css=&#8221;.vc_custom_1760969204396{padding-right: 20% !important;}&#8221;]<\/p>\n<h6><strong>Cours priv\u00e9s<\/strong><\/h6>\n<p>En t\u00eate-\u00e0-t\u00eate avec un moniteur Oxyg\u00e8ne, profitez-en pour am\u00e9liorer votre niveau de ski ou de snowboard. Les cours priv\u00e9s sont accessibles pour toutes les disciplines. Choisissez une session en solo pour une progression rapide, ou partagez ce moment unique avec vos amis et\/ou votre famille pour une exp\u00e9rience inoubliable.[\/vc_column_text][vc_btn title=&#8221;R\u00e9servez maintenant&#8221; style=&#8221;outline&#8221; color=&#8221;sky&#8221; link=&#8221;url:https%3A%2F%2Fbooking.yoplanning.pro%2F9bd1030b-be26-4f13-813a-f0faaa1146d0%2F%3Ftag%3D71cb7767-bf2d-4233-94c4-5ae6286b8b36|target:_blank|&#8221;][\/vc_column][vc_column width=&#8221;1\/4&#8243;][vc_single_image image=&#8221;580250&#8243; img_size=&#8221;400&#215;250&#8243; style=&#8221;vc_box_rounded&#8221; css=&#8221;.vc_custom_1757941513426{background-position: center !important;background-repeat: no-repeat !important;background-size: cover !important;}&#8221;][vc_column_text css=&#8221;.vc_custom_1760969213996{padding-right: 20% !important;}&#8221;]<\/p>\n<h6><strong>Hors-piste<\/strong><\/h6>\n<p>Retrouvez-vous dans la neige fra\u00eeche avec un moniteur Oxyg\u00e8ne pour apprendre \u00e0 faire du hors-piste. Vous \u00eates d\u00e9j\u00e0 aguerris, pas de souci ! nos moniteurs vous montreront leurs meilleurs endroits pour faire le plein de poudreuse.[\/vc_column_text][vc_btn title=&#8221;R\u00e9servez maintenant&#8221; style=&#8221;outline&#8221; color=&#8221;sky&#8221; link=&#8221;url:https%3A%2F%2Fbooking.yoplanning.pro%2F9bd1030b-be26-4f13-813a-f0faaa1146d0%2F%3Ftag%3D96339366-10f2-4255-8c26-18a4e82e0e43|target:_blank|&#8221;][\/vc_column][vc_column width=&#8221;1\/4&#8243;][\/vc_column][vc_column width=&#8221;1\/4&#8243;][\/vc_column][\/vc_row][vc_row][vc_column][vc_empty_space height=&#8221;75px&#8221;][\/vc_column][\/vc_row][vc_row css=&#8221;.vc_custom_1723108681859{margin-right: 5% !important;margin-left: 5% !important;}&#8221;][vc_column width=&#8221;1\/2&#8243;][vc_empty_space height=&#8221;10px&#8221;][vc_column_text]<\/p>\n<h2 style=\"text-align: left;\"><span style=\"color: #00adef;\">POINT DE RENDEZ-VOUS<\/span><\/h2>\n<div id=\"gtx-trans\" style=\"position: absolute; left: -67px; top: -0.5625px;\">\n<div class=\"gtx-trans-icon\"><\/div>\n<\/div>\n<p>[\/vc_column_text][vc_column_text css=&#8221;.vc_custom_1724068534801{margin-right: 25% !important;}&#8221;]Cours r\u00e9serv\u00e9, chaussures aux pieds ? Parfait.<\/p>\n<p>Il est temps de rejoindre le point de rendez-vous pour le d\u00e9part des cours. Il est situ\u00e9 en bas du t\u00e9l\u00e9si\u00e8ge Saint Martin 1. Vous rep\u00e9rerez facilement nos moniteurs dans leurs tenues bleues et oranges (et leurs ondes de bonne humeur !).[\/vc_column_text][vc_btn title=&#8221;Voir la carte&#8221; link=&#8221;url:https%3A%2F%2Fmaps.app.goo.gl%2FxQyqGfQkjsRsSq3w8|target:_blank|&#8221;][\/vc_column][vc_column width=&#8221;1\/2&#8243; el_class=&#8221;image-column-remove-padding image-headband&#8221;][vc_single_image image=&#8221;581392&#8243; img_size=&#8221;full&#8221; style=&#8221;vc_box_rounded&#8221; el_class=&#8221;image-headband-frontpage&#8221;][\/vc_column][\/vc_row][vc_row][vc_column][vc_empty_space height=&#8221;75px&#8221;][\/vc_column][\/vc_row][vc_row css=&#8221;.vc_custom_1723108765228{margin-right: 5% !important;margin-left: 5% !important;}&#8221;][vc_column][vc_column_text]<\/p>\n<h3 style=\"text-align: left;\"><span style=\"color: #00adef;\">DES QUESTIONS ? CONTACTEZ-NOUS<\/span><\/h3>\n<p>[\/vc_column_text][vc_empty_space height=&#8221;30px&#8221;][vc_row_inner][vc_column_inner width=&#8221;1\/3&#8243;][vc_single_image image=&#8221;572826&#8243; img_size=&#8221;medium&#8221; alignment=&#8221;center&#8221;][vc_column_text]<\/p>\n<p style=\"text-align: center;\">Oxyg\u00e8ne \u00c9cole de Ski &amp; Snowboard\u00a0<strong>Saint Martin de Belleville<\/strong><br \/>\nVous pouvez nous appeler toute l\u2019ann\u00e9e,<br \/>\nnous serons ravis de pouvoir vous renseigner au mieux.<\/p>\n<p>[\/vc_column_text][vc_btn title=&#8221;+33 (0)4 79 24 31 52&#8243; align=&#8221;center&#8221; link=&#8221;url:tel%3A%2B33479243152|&#8221;][\/vc_column_inner][vc_column_inner width=&#8221;1\/3&#8243;][vc_single_image image=&#8221;582804&#8243; img_size=&#8221;full&#8221; alignment=&#8221;center&#8221;][vc_column_text]<\/p>\n<p style=\"text-align: center;\">Vous pouvez aussi nous contacter directement sur WhatsApp.<\/p>\n<p>[\/vc_column_text][vc_empty_space][vc_btn title=&#8221;+33 (0)7 69 90 01 33&#8243; align=&#8221;center&#8221; link=&#8221;url:https%3A%2F%2Fwa.me%2F33769900133|&#8221;][\/vc_column_inner][vc_column_inner width=&#8221;1\/3&#8243;][vc_single_image image=&#8221;572829&#8243; img_size=&#8221;medium&#8221; alignment=&#8221;center&#8221;][vc_column_text]<\/p>\n<p style=\"text-align: center;\">Oxyg\u00e8ne \u00c9cole de Ski &amp; Snowboard\u00a0<strong>Saint Martin de Belleville<\/strong><br \/>\nRue Notre Dame \u2013 73440 Les Belleville<\/p>\n<p>[\/vc_column_text][vc_btn title=&#8221;Voir la carte&#8221; align=&#8221;center&#8221; link=&#8221;url:https%3A%2F%2Fwww.google.com%2Fmaps%2Fplace%2FOxyg%25C3%25A8ne%2BSki%2B%2526%2BSnowboard%2BSchool%2BSaint%2BMartin%2BDe%2BBelleville%2F%4045.347079%2C6.4836914%2C13z%2Fdata%3D%214m10%211m2%212m1%211sOxyg%25C3%25A8ne%2BSki%2B%2526%2BSnowboard%2BSchool%2BSaint-Martin%2Bde%2BBelleville%213m6%211s0x478a2b3ecdab8675%3A0x7808b220bc541258%218m2%213d45.3172739%214d6.5455174%2115sCjpPeHlnw6huZSBTa2kgJiBTbm93Ym9hcmQgU2Nob29sIFNhaW50LU1hcnRpbiBkZSBCZWxsZXZpbGxlkgEKc2tpX3NjaG9vbOABAA%2116s%252Fg%252F11jmyt_73m%3Fentry%3Dttu|target:_blank|&#8221;][\/vc_column_inner][\/vc_row_inner][vc_empty_space][vc_single_image image=&#8221;572831&#8243; alignment=&#8221;center&#8221;][vc_column_text]<\/p>\n<h4 style=\"text-align: center;\"><span style=\"color: #00adef;\">\u00c9CRIVEZ-NOUS !<\/span><\/h4>\n<p>[\/vc_column_text][vc_btn title=&#8221;saintmartin@oxygene.ski&#8221; align=&#8221;center&#8221; link=&#8221;url:mailto%3A%20saintmartin%40oxygene.ski|target:_blank&#8221;][vc_empty_space][\/vc_column][\/vc_row]<\/p>\n","protected":false},"excerpt":{"rendered":"<p>[vc_row content_placement=&#8221;middle&#8221; css=&#8221;.vc_custom_1757266336805{background-position: center !important;background-repeat: no-repeat !important;background-size: cover !important;}&#8221;][vc_column el_class=&#8221;image-column-remove-padding image-headband&#8221;][vc_single_image image=&#8221;581388&#8243; img_size=&#8221;full&#8221; style=&#8221;vc_box_rounded&#8221; el_class=&#8221;image-headband-frontpage-main&#8221;][\/vc_column][\/vc_row][vc_row][vc_column][vc_empty_space height=&#8221;50px&#8221;][\/vc_column][\/vc_row][vc_row css=&#8221;.vc_custom_1723108676047{margin-right: 5% !important;margin-left: 5% !important;}&#8221;][vc_column width=&#8221;1\/2&#8243;][vc_column_text] BIENVENUE \u00c0 SAINT MARTIN DE BELLEVILLE [\/vc_column_text][vc_column_text css=&#8221;.vc_custom_1723539126987{margin-right: 20px !important;}&#8221;]Charmant village savoyard qui a su garder son authenticit\u00e9, Saint Martin de Belleville, situ\u00e9 \u00e0 1 500 m\u00e8tres d\u2019altitude, est l\u2019accord parfait entre art [&hellip;]<\/p>\n","protected":false},"author":7448,"featured_media":0,"parent":0,"menu_order":19,"comment_status":"closed","ping_status":"closed","template":"page-full-width.php","meta":{"footnotes":""},"yoast_head":"<!-- This site is optimized with the Yoast SEO plugin v22.2 - https:\/\/yoast.com\/wordpress\/plugins\/seo\/ -->\n<title>Bienvenue \u00e0 Saint Martin de Belleville | Oxyg\u00e8ne \u00c9cole de Ski &amp; Snowboard<\/title>\n<meta name=\"description\" content=\"Oxyg\u00e8ne Saint Martin de Belleville, votre \u00e9cole de ski qui propose des cours priv\u00e9s et des sessions hors-piste dans les 3 Vall\u00e9es.\" \/>\n<meta name=\"robots\" content=\"index, follow, max-snippet:-1, max-image-preview:large, max-video-preview:-1\" \/>\n<link rel=\"canonical\" href=\"https:\/\/oxygene.ski\/fr\/ecole-ski-saint-martin-de-belleville\/\" \/>\n<meta property=\"og:locale\" content=\"fr_FR\" \/>\n<meta property=\"og:type\" content=\"article\" \/>\n<meta property=\"og:title\" content=\"Bienvenue \u00e0 Saint Martin de Belleville | Oxyg\u00e8ne \u00c9cole de Ski &amp; Snowboard\" \/>\n<meta property=\"og:description\" content=\"Oxyg\u00e8ne Saint Martin de Belleville, votre \u00e9cole de ski qui propose des cours priv\u00e9s et des sessions hors-piste dans les 3 Vall\u00e9es.\" \/>\n<meta property=\"og:url\" content=\"https:\/\/oxygene.ski\/fr\/ecole-ski-saint-martin-de-belleville\/\" \/>\n<meta property=\"og:site_name\" content=\"Oxyg\u00e8ne Ski &amp; Snowboard School\" \/>\n<meta property=\"article:publisher\" content=\"https:\/\/www.facebook.com\/OxygeneSki\" \/>\n<meta property=\"article:modified_time\" content=\"2026-02-06T15:00:57+00:00\" \/>\n<meta name=\"twitter:card\" content=\"summary_large_image\" \/>\n<meta name=\"twitter:site\" content=\"@Oxygene_Ski\" \/>\n<meta name=\"twitter:label1\" content=\"Est. reading time\" \/>\n\t<meta name=\"twitter:data1\" content=\"3 minutes\" \/>\n<script type=\"application\/ld+json\" class=\"yoast-schema-graph\">{\"@context\":\"https:\/\/schema.org\",\"@graph\":[{\"@type\":\"WebPage\",\"@id\":\"https:\/\/oxygene.ski\/fr\/ecole-ski-saint-martin-de-belleville\/\",\"url\":\"https:\/\/oxygene.ski\/fr\/ecole-ski-saint-martin-de-belleville\/\",\"name\":\"Bienvenue \u00e0 Saint Martin de Belleville | Oxyg\u00e8ne \u00c9cole de Ski & Snowboard\",\"isPartOf\":{\"@id\":\"https:\/\/oxygene.ski\/#website\"},\"datePublished\":\"2025-03-21T13:21:52+00:00\",\"dateModified\":\"2026-02-06T15:00:57+00:00\",\"description\":\"Oxyg\u00e8ne Saint Martin de Belleville, votre \u00e9cole de ski qui propose des cours priv\u00e9s et des sessions hors-piste dans les 3 Vall\u00e9es.\",\"breadcrumb\":{\"@id\":\"https:\/\/oxygene.ski\/fr\/ecole-ski-saint-martin-de-belleville\/#breadcrumb\"},\"inLanguage\":\"fr\",\"potentialAction\":[{\"@type\":\"ReadAction\",\"target\":[\"https:\/\/oxygene.ski\/fr\/ecole-ski-saint-martin-de-belleville\/\"]}]},{\"@type\":\"BreadcrumbList\",\"@id\":\"https:\/\/oxygene.ski\/fr\/ecole-ski-saint-martin-de-belleville\/#breadcrumb\",\"itemListElement\":[{\"@type\":\"ListItem\",\"position\":1,\"name\":\"Home\",\"item\":\"https:\/\/oxygene.ski\/fr\/accueil\/\"},{\"@type\":\"ListItem\",\"position\":2,\"name\":\"Saint Martin de Belleville\"}]},{\"@type\":\"WebSite\",\"@id\":\"https:\/\/oxygene.ski\/#website\",\"url\":\"https:\/\/oxygene.ski\/\",\"name\":\"Oxyg\u00e8ne Ski &amp; Snowboard School\",\"description\":\"\",\"potentialAction\":[{\"@type\":\"SearchAction\",\"target\":{\"@type\":\"EntryPoint\",\"urlTemplate\":\"https:\/\/oxygene.ski\/?s={search_term_string}\"},\"query-input\":\"required name=search_term_string\"}],\"inLanguage\":\"fr\"}]}<\/script>\n<!-- \/ Yoast SEO plugin. -->","yoast_head_json":{"title":"Bienvenue \u00e0 Saint Martin de Belleville | Oxyg\u00e8ne \u00c9cole de Ski & Snowboard","description":"Oxyg\u00e8ne Saint Martin de Belleville, votre \u00e9cole de ski qui propose des cours priv\u00e9s et des sessions hors-piste dans les 3 Vall\u00e9es.","robots":{"index":"index","follow":"follow","max-snippet":"max-snippet:-1","max-image-preview":"max-image-preview:large","max-video-preview":"max-video-preview:-1"},"canonical":"https:\/\/oxygene.ski\/fr\/ecole-ski-saint-martin-de-belleville\/","og_locale":"fr_FR","og_type":"article","og_title":"Bienvenue \u00e0 Saint Martin de Belleville | Oxyg\u00e8ne \u00c9cole de Ski & Snowboard","og_description":"Oxyg\u00e8ne Saint Martin de Belleville, votre \u00e9cole de ski qui propose des cours priv\u00e9s et des sessions hors-piste dans les 3 Vall\u00e9es.","og_url":"https:\/\/oxygene.ski\/fr\/ecole-ski-saint-martin-de-belleville\/","og_site_name":"Oxyg\u00e8ne Ski &amp; Snowboard School","article_publisher":"https:\/\/www.facebook.com\/OxygeneSki","article_modified_time":"2026-02-06T15:00:57+00:00","twitter_card":"summary_large_image","twitter_site":"@Oxygene_Ski","twitter_misc":{"Est. reading time":"3 minutes"},"schema":{"@context":"https:\/\/schema.org","@graph":[{"@type":"WebPage","@id":"https:\/\/oxygene.ski\/fr\/ecole-ski-saint-martin-de-belleville\/","url":"https:\/\/oxygene.ski\/fr\/ecole-ski-saint-martin-de-belleville\/","name":"Bienvenue \u00e0 Saint Martin de Belleville | Oxyg\u00e8ne \u00c9cole de Ski & Snowboard","isPartOf":{"@id":"https:\/\/oxygene.ski\/#website"},"datePublished":"2025-03-21T13:21:52+00:00","dateModified":"2026-02-06T15:00:57+00:00","description":"Oxyg\u00e8ne Saint Martin de Belleville, votre \u00e9cole de ski qui propose des cours priv\u00e9s et des sessions hors-piste dans les 3 Vall\u00e9es.","breadcrumb":{"@id":"https:\/\/oxygene.ski\/fr\/ecole-ski-saint-martin-de-belleville\/#breadcrumb"},"inLanguage":"fr","potentialAction":[{"@type":"ReadAction","target":["https:\/\/oxygene.ski\/fr\/ecole-ski-saint-martin-de-belleville\/"]}]},{"@type":"BreadcrumbList","@id":"https:\/\/oxygene.ski\/fr\/ecole-ski-saint-martin-de-belleville\/#breadcrumb","itemListElement":[{"@type":"ListItem","position":1,"name":"Home","item":"https:\/\/oxygene.ski\/fr\/accueil\/"},{"@type":"ListItem","position":2,"name":"Saint Martin de Belleville"}]},{"@type":"WebSite","@id":"https:\/\/oxygene.ski\/#website","url":"https:\/\/oxygene.ski\/","name":"Oxyg\u00e8ne Ski &amp; Snowboard School","description":"","potentialAction":[{"@type":"SearchAction","target":{"@type":"EntryPoint","urlTemplate":"https:\/\/oxygene.ski\/?s={search_term_string}"},"query-input":"required name=search_term_string"}],"inLanguage":"fr"}]}},"_links":{"self":[{"href":"https:\/\/oxygene.ski\/fr\/wp-json\/wp\/v2\/pages\/578886"}],"collection":[{"href":"https:\/\/oxygene.ski\/fr\/wp-json\/wp\/v2\/pages"}],"about":[{"href":"https:\/\/oxygene.ski\/fr\/wp-json\/wp\/v2\/types\/page"}],"author":[{"embeddable":true,"href":"https:\/\/oxygene.ski\/fr\/wp-json\/wp\/v2\/users\/7448"}],"replies":[{"embeddable":true,"href":"https:\/\/oxygene.ski\/fr\/wp-json\/wp\/v2\/comments?post=578886"}],"version-history":[{"count":26,"href":"https:\/\/oxygene.ski\/fr\/wp-json\/wp\/v2\/pages\/578886\/revisions"}],"predecessor-version":[{"id":582921,"href":"https:\/\/oxygene.ski\/fr\/wp-json\/wp\/v2\/pages\/578886\/revisions\/582921"}],"wp:attachment":[{"href":"https:\/\/oxygene.ski\/fr\/wp-json\/wp\/v2\/media?parent=578886"}],"curies":[{"name":"wp","href":"https:\/\/api.w.org\/{rel}","templated":true}]}}