{"id":578877,"date":"2025-03-21T11:43:21","date_gmt":"2025-03-21T10:43:21","guid":{"rendered":"https:\/\/oxygene.ski\/parapente-2\/"},"modified":"2026-03-02T09:34:15","modified_gmt":"2026-03-02T08:34:15","slug":"parapente","status":"publish","type":"page","link":"https:\/\/oxygene.ski\/fr\/parapente\/","title":{"rendered":"Parapente"},"content":{"rendered":"<p>[vc_row content_placement=&#8221;middle&#8221; css=&#8221;.vc_custom_1757265028213{background-position: center !important;background-repeat: no-repeat !important;background-size: cover !important;}&#8221;][vc_column el_class=&#8221;image-column-remove-padding image-headband&#8221;][vc_single_image image=&#8221;580301&#8243; img_size=&#8221;full&#8221; el_class=&#8221;image-headband-frontpage-main&#8221;][\/vc_column][\/vc_row][vc_row][vc_column][vc_empty_space height=&#8221;50px&#8221;][\/vc_column][\/vc_row][vc_row css=&#8221;.vc_custom_1721295204059{margin-right: 5% !important;margin-left: 5% !important;}&#8221;][vc_column width=&#8221;1\/2&#8243;][vc_empty_space height=&#8221;20px&#8221;][vc_column_text]<\/p>\n<h1 style=\"text-align: left;\"><span style=\"color: #00adef;\">PARAPENTE<\/span><\/h1>\n<div id=\"gtx-trans\" style=\"position: absolute; left: 93px; top: 64.4375px;\">\n<div class=\"gtx-trans-icon\"><\/div>\n<\/div>\n<p>[\/vc_column_text][vc_column_text css=&#8221;.vc_custom_1772440437483{margin-right: 10% !important;}&#8221;]Prenez de la hauteur, skis aux pieds pour une exp\u00e9rience unique et d\u00e9couvrez la montagne vue du ciel. Volez au-dessus des sommets enneig\u00e9s en parapente biplace, accompagn\u00e9 d\u2019un moniteur qualifi\u00e9.<\/p>\n<p>Laissez derri\u00e8re vous les pistes en effervescence pour profiter du calme des sommets. Oxyg\u00e8ne propose des vols en parapente aux Menuires et \u00e0 Val Thorens.[\/vc_column_text][vc_row_inner][vc_column_inner width=&#8221;1\/2&#8243;][vc_single_image image=&#8221;574194&#8243; img_size=&#8221;60X60&#8243; alignment=&#8221;center&#8221;][vc_btn title=&#8221;Les Menuires&#8221; style=&#8221;outline&#8221; color=&#8221;sky&#8221; size=&#8221;sm&#8221; align=&#8221;center&#8221; link=&#8221;url:mailto%3A%20lesmenuires%40oxygene.ski|target:_blank|&#8221;][\/vc_column_inner][vc_column_inner width=&#8221;1\/2&#8243;][vc_single_image image=&#8221;574208&#8243; img_size=&#8221;60X60&#8243; alignment=&#8221;center&#8221;][vc_btn title=&#8221;Val Thorens&#8221; style=&#8221;outline&#8221; color=&#8221;sky&#8221; size=&#8221;sm&#8221; align=&#8221;center&#8221; link=&#8221;url:mailto%3A%20valthorens%40oxygene.ski|target:_blank|&#8221;][\/vc_column_inner][\/vc_row_inner][\/vc_column][vc_column width=&#8221;1\/2&#8243;][vc_row_inner gap=&#8221;35&#8243;][vc_column_inner width=&#8221;1\/2&#8243; css=&#8221;.vc_custom_1757265084904{background-position: center !important;background-repeat: no-repeat !important;background-size: cover !important;}&#8221;][vc_single_image image=&#8221;581366&#8243; img_size=&#8221;500&#215;335&#8243; style=&#8221;vc_box_rounded&#8221;][\/vc_column_inner][vc_column_inner width=&#8221;1\/2&#8243; css=&#8221;.vc_custom_1757265127610{background-position: center !important;background-repeat: no-repeat !important;background-size: cover !important;}&#8221;][vc_single_image image=&#8221;581368&#8243; img_size=&#8221;500&#215;335&#8243; style=&#8221;vc_box_rounded&#8221;][\/vc_column_inner][\/vc_row_inner][\/vc_column][\/vc_row][vc_row][vc_column][vc_empty_space height=&#8221;75px&#8221;][\/vc_column][\/vc_row][vc_row][vc_column][vc_row_inner][vc_column_inner width=&#8221;1\/2&#8243; css=&#8221;.vc_custom_1741857642447{padding-right: 10% !important;padding-left: 10% !important;}&#8221;][vc_column_text]<\/p>\n<div class=\"wpb_text_column wpb_content_element \">\n<div class=\"wpb_wrapper\">\n<div class=\"wpb_text_column wpb_content_element \">\n<div class=\"wpb_wrapper\">\n<p style=\"text-align: center;\"><span style=\"color: #00adef;\"><strong>PURE SIMPLICIT\u00c9<\/strong><\/span><\/p>\n<\/div>\n<\/div>\n<div class=\"wpb_text_column wpb_content_element \">\n<div class=\"wpb_wrapper\">\n<p style=\"text-align: center;\">Le parapente biplace s\u2019allie parfaitement aux sports d\u2019hiver. Le fait d\u2019avoir ses skis ou son snowboard permet, en effet, de d\u00e9coller et d\u2019atterrir en douceur. L\u2019hiver, une m\u00e9t\u00e9o ensoleill\u00e9e permet des conditions de vol id\u00e9ales. Cette activit\u00e9 s\u2019adresse \u00e0 tous les skieurs niveau d\u00e9butant (pistes bleues) et aux snowboardeurs \u00e0 partir du niveau interm\u00e9diaire (pistes bleues\/rouges).<\/p>\n<\/div>\n<\/div>\n<\/div>\n<\/div>\n<p>[\/vc_column_text][\/vc_column_inner][vc_column_inner width=&#8221;1\/2&#8243; css=&#8221;.vc_custom_1741857675329{padding-right: 10% !important;padding-left: 10% !important;}&#8221;][vc_column_text]<\/p>\n<div class=\"wpb_text_column wpb_content_element \">\n<div class=\"wpb_wrapper\">\n<div class=\"wpb_text_column wpb_content_element \">\n<div class=\"wpb_wrapper\">\n<div class=\"wpb_text_column wpb_content_element \">\n<div class=\"wpb_wrapper\">\n<div class=\"wpb_text_column wpb_content_element \">\n<div class=\"wpb_wrapper\">\n<div class=\"wpb_text_column wpb_content_element \">\n<div class=\"wpb_wrapper\">\n<p style=\"text-align: center;\"><span style=\"color: #00adef;\"><strong>VOUS CHOISISSEZ<\/strong><\/span><\/p>\n<\/div>\n<\/div>\n<div class=\"wpb_text_column wpb_content_element \">\n<div class=\"wpb_wrapper\">\n<p style=\"text-align: center;\">Nos moniteurs de parapente sont exp\u00e9riment\u00e9s et passionn\u00e9s par leur pratique. Vous \u00eates \u00e0 la recherche d\u2019un vol d\u00e9couverte pour profiter des paysages ? Ou au contraire, vous \u00eates en soif d\u2019adr\u00e9naline, \u00e0 la recherche d\u2019un vol plus acrobatique ? Nos moniteurs sauront s\u2019adapter \u00e0 toutes vos envies.<\/p>\n<\/div>\n<\/div>\n<\/div>\n<\/div>\n<\/div>\n<\/div>\n<\/div>\n<\/div>\n<\/div>\n<\/div>\n<p>[\/vc_column_text][\/vc_column_inner][\/vc_row_inner][\/vc_column][\/vc_row][vc_row][vc_column][vc_empty_space height=&#8221;75px&#8221;][\/vc_column][\/vc_row][vc_row css=&#8221;.vc_custom_1755181882409{margin-right: 5% !important;margin-left: 5% !important;}&#8221;][vc_column width=&#8221;1\/2&#8243;][vc_empty_space height=&#8221;20px&#8221;][vc_column_text css=&#8221;.vc_custom_1755181968296{margin-right: 10% !important;}&#8221;]<\/p>\n<h2><span style=\"color: #00adef;\">BON \u00c0 SAVOIR<\/span><\/h2>\n<p>&nbsp;<\/p>\n<p>Votre r\u00e9servation est faite et vous avez h\u00e2te de vous envoler ? Super.<br \/>\nAssurez-vous simplement d\u2019\u00eatre \u00e9quip\u00e9 de v\u00eatements de ski chauds et de vos skis ou de votre snowboard. Le moniteur s\u2019occupera du reste, de l\u2019ajustement de votre harnais aux proc\u00e9dures de d\u00e9collage et d\u2019atterrissage.<\/p>\n<p>N\u2019oubliez pas votre appareil photo ! Vous pouvez aussi ajouter l\u2019option photo\/ vid\u00e9o \u00e0 votre vol pour un petit suppl\u00e9ment : souvenirs garantis.[\/vc_column_text][vc_column_text]\u00cates-vous pr\u00eats pour une nouvelle aventure ?[\/vc_column_text][\/vc_column][vc_column width=&#8221;1\/2&#8243; css=&#8221;.vc_custom_1757265186246{background-position: center !important;background-repeat: no-repeat !important;background-size: cover !important;}&#8221; el_class=&#8221;image-column-remove-padding image-headband&#8221;][vc_single_image image=&#8221;581370&#8243; img_size=&#8221;full&#8221; style=&#8221;vc_box_rounded&#8221; el_class=&#8221;image-headband-frontpage&#8221;][\/vc_column][\/vc_row][vc_row][vc_column][vc_empty_space height=&#8221;30px&#8221;][\/vc_column][\/vc_row]<\/p>\n","protected":false},"excerpt":{"rendered":"<p>[vc_row content_placement=&#8221;middle&#8221; css=&#8221;.vc_custom_1757265028213{background-position: center !important;background-repeat: no-repeat !important;background-size: cover !important;}&#8221;][vc_column el_class=&#8221;image-column-remove-padding image-headband&#8221;][vc_single_image image=&#8221;580301&#8243; img_size=&#8221;full&#8221; el_class=&#8221;image-headband-frontpage-main&#8221;][\/vc_column][\/vc_row][vc_row][vc_column][vc_empty_space height=&#8221;50px&#8221;][\/vc_column][\/vc_row][vc_row css=&#8221;.vc_custom_1721295204059{margin-right: 5% !important;margin-left: 5% !important;}&#8221;][vc_column width=&#8221;1\/2&#8243;][vc_empty_space height=&#8221;20px&#8221;][vc_column_text] PARAPENTE [\/vc_column_text][vc_column_text css=&#8221;.vc_custom_1772440437483{margin-right: 10% !important;}&#8221;]Prenez de la hauteur, skis aux pieds pour une exp\u00e9rience unique et d\u00e9couvrez la montagne vue du ciel. Volez au-dessus des sommets enneig\u00e9s en parapente biplace, accompagn\u00e9 d\u2019un moniteur [&hellip;]<\/p>\n","protected":false},"author":7448,"featured_media":0,"parent":0,"menu_order":19,"comment_status":"closed","ping_status":"closed","template":"page-full-width.php","meta":{"footnotes":""},"yoast_head":"<!-- This site is optimized with the Yoast SEO plugin v22.2 - https:\/\/yoast.com\/wordpress\/plugins\/seo\/ -->\n<title>Parapente | Oxyg\u00e8ne \u00c9cole de Ski &amp; Snowboard<\/title>\n<meta name=\"description\" content=\"Laissez derri\u00e8re vous les pistes en effervescence pour profiter du calme des sommets en parapente avec un moniteur Oxyg\u00e8ne.\" \/>\n<meta name=\"robots\" content=\"index, follow, max-snippet:-1, max-image-preview:large, max-video-preview:-1\" \/>\n<link rel=\"canonical\" href=\"https:\/\/oxygene.ski\/fr\/parapente\/\" \/>\n<meta property=\"og:locale\" content=\"fr_FR\" \/>\n<meta property=\"og:type\" content=\"article\" \/>\n<meta property=\"og:title\" content=\"Parapente | Oxyg\u00e8ne \u00c9cole de Ski &amp; Snowboard\" \/>\n<meta property=\"og:description\" content=\"Laissez derri\u00e8re vous les pistes en effervescence pour profiter du calme des sommets en parapente avec un moniteur Oxyg\u00e8ne.\" \/>\n<meta property=\"og:url\" content=\"https:\/\/oxygene.ski\/fr\/parapente\/\" \/>\n<meta property=\"og:site_name\" content=\"Oxyg\u00e8ne Ski &amp; Snowboard School\" \/>\n<meta property=\"article:publisher\" content=\"https:\/\/www.facebook.com\/OxygeneSki\" \/>\n<meta property=\"article:modified_time\" content=\"2026-03-02T08:34:15+00:00\" \/>\n<meta name=\"twitter:card\" content=\"summary_large_image\" \/>\n<meta name=\"twitter:site\" content=\"@Oxygene_Ski\" \/>\n<meta name=\"twitter:label1\" content=\"Est. reading time\" \/>\n\t<meta name=\"twitter:data1\" content=\"2 minutes\" \/>\n<script type=\"application\/ld+json\" class=\"yoast-schema-graph\">{\"@context\":\"https:\/\/schema.org\",\"@graph\":[{\"@type\":\"WebPage\",\"@id\":\"https:\/\/oxygene.ski\/fr\/parapente\/\",\"url\":\"https:\/\/oxygene.ski\/fr\/parapente\/\",\"name\":\"Parapente | Oxyg\u00e8ne \u00c9cole de Ski & Snowboard\",\"isPartOf\":{\"@id\":\"https:\/\/oxygene.ski\/#website\"},\"datePublished\":\"2025-03-21T10:43:21+00:00\",\"dateModified\":\"2026-03-02T08:34:15+00:00\",\"description\":\"Laissez derri\u00e8re vous les pistes en effervescence pour profiter du calme des sommets en parapente avec un moniteur Oxyg\u00e8ne.\",\"breadcrumb\":{\"@id\":\"https:\/\/oxygene.ski\/fr\/parapente\/#breadcrumb\"},\"inLanguage\":\"fr\",\"potentialAction\":[{\"@type\":\"ReadAction\",\"target\":[\"https:\/\/oxygene.ski\/fr\/parapente\/\"]}]},{\"@type\":\"BreadcrumbList\",\"@id\":\"https:\/\/oxygene.ski\/fr\/parapente\/#breadcrumb\",\"itemListElement\":[{\"@type\":\"ListItem\",\"position\":1,\"name\":\"Home\",\"item\":\"https:\/\/oxygene.ski\/fr\/accueil\/\"},{\"@type\":\"ListItem\",\"position\":2,\"name\":\"Parapente\"}]},{\"@type\":\"WebSite\",\"@id\":\"https:\/\/oxygene.ski\/#website\",\"url\":\"https:\/\/oxygene.ski\/\",\"name\":\"Oxyg\u00e8ne Ski &amp; Snowboard School\",\"description\":\"\",\"potentialAction\":[{\"@type\":\"SearchAction\",\"target\":{\"@type\":\"EntryPoint\",\"urlTemplate\":\"https:\/\/oxygene.ski\/?s={search_term_string}\"},\"query-input\":\"required name=search_term_string\"}],\"inLanguage\":\"fr\"}]}<\/script>\n<!-- \/ Yoast SEO plugin. -->","yoast_head_json":{"title":"Parapente | Oxyg\u00e8ne \u00c9cole de Ski & Snowboard","description":"Laissez derri\u00e8re vous les pistes en effervescence pour profiter du calme des sommets en parapente avec un moniteur Oxyg\u00e8ne.","robots":{"index":"index","follow":"follow","max-snippet":"max-snippet:-1","max-image-preview":"max-image-preview:large","max-video-preview":"max-video-preview:-1"},"canonical":"https:\/\/oxygene.ski\/fr\/parapente\/","og_locale":"fr_FR","og_type":"article","og_title":"Parapente | Oxyg\u00e8ne \u00c9cole de Ski & Snowboard","og_description":"Laissez derri\u00e8re vous les pistes en effervescence pour profiter du calme des sommets en parapente avec un moniteur Oxyg\u00e8ne.","og_url":"https:\/\/oxygene.ski\/fr\/parapente\/","og_site_name":"Oxyg\u00e8ne Ski &amp; Snowboard School","article_publisher":"https:\/\/www.facebook.com\/OxygeneSki","article_modified_time":"2026-03-02T08:34:15+00:00","twitter_card":"summary_large_image","twitter_site":"@Oxygene_Ski","twitter_misc":{"Est. reading time":"2 minutes"},"schema":{"@context":"https:\/\/schema.org","@graph":[{"@type":"WebPage","@id":"https:\/\/oxygene.ski\/fr\/parapente\/","url":"https:\/\/oxygene.ski\/fr\/parapente\/","name":"Parapente | Oxyg\u00e8ne \u00c9cole de Ski & Snowboard","isPartOf":{"@id":"https:\/\/oxygene.ski\/#website"},"datePublished":"2025-03-21T10:43:21+00:00","dateModified":"2026-03-02T08:34:15+00:00","description":"Laissez derri\u00e8re vous les pistes en effervescence pour profiter du calme des sommets en parapente avec un moniteur Oxyg\u00e8ne.","breadcrumb":{"@id":"https:\/\/oxygene.ski\/fr\/parapente\/#breadcrumb"},"inLanguage":"fr","potentialAction":[{"@type":"ReadAction","target":["https:\/\/oxygene.ski\/fr\/parapente\/"]}]},{"@type":"BreadcrumbList","@id":"https:\/\/oxygene.ski\/fr\/parapente\/#breadcrumb","itemListElement":[{"@type":"ListItem","position":1,"name":"Home","item":"https:\/\/oxygene.ski\/fr\/accueil\/"},{"@type":"ListItem","position":2,"name":"Parapente"}]},{"@type":"WebSite","@id":"https:\/\/oxygene.ski\/#website","url":"https:\/\/oxygene.ski\/","name":"Oxyg\u00e8ne Ski &amp; Snowboard School","description":"","potentialAction":[{"@type":"SearchAction","target":{"@type":"EntryPoint","urlTemplate":"https:\/\/oxygene.ski\/?s={search_term_string}"},"query-input":"required name=search_term_string"}],"inLanguage":"fr"}]}},"_links":{"self":[{"href":"https:\/\/oxygene.ski\/fr\/wp-json\/wp\/v2\/pages\/578877"}],"collection":[{"href":"https:\/\/oxygene.ski\/fr\/wp-json\/wp\/v2\/pages"}],"about":[{"href":"https:\/\/oxygene.ski\/fr\/wp-json\/wp\/v2\/types\/page"}],"author":[{"embeddable":true,"href":"https:\/\/oxygene.ski\/fr\/wp-json\/wp\/v2\/users\/7448"}],"replies":[{"embeddable":true,"href":"https:\/\/oxygene.ski\/fr\/wp-json\/wp\/v2\/comments?post=578877"}],"version-history":[{"count":19,"href":"https:\/\/oxygene.ski\/fr\/wp-json\/wp\/v2\/pages\/578877\/revisions"}],"predecessor-version":[{"id":583140,"href":"https:\/\/oxygene.ski\/fr\/wp-json\/wp\/v2\/pages\/578877\/revisions\/583140"}],"wp:attachment":[{"href":"https:\/\/oxygene.ski\/fr\/wp-json\/wp\/v2\/media?parent=578877"}],"curies":[{"name":"wp","href":"https:\/\/api.w.org\/{rel}","templated":true}]}}