{"id":578873,"date":"2025-03-21T11:40:10","date_gmt":"2025-03-21T10:40:10","guid":{"rendered":"https:\/\/oxygene.ski\/notre-histoire-2\/"},"modified":"2026-03-02T10:02:39","modified_gmt":"2026-03-02T09:02:39","slug":"notre-histoire","status":"publish","type":"page","link":"https:\/\/oxygene.ski\/fr\/notre-histoire\/","title":{"rendered":"Notre histoire"},"content":{"rendered":"<p>[vc_row content_placement=&#8221;middle&#8221; css=&#8221;.vc_custom_1757264623419{background-position: center !important;background-repeat: no-repeat !important;background-size: cover !important;}&#8221;][vc_column el_class=&#8221;image-column-remove-padding image-headband&#8221;][vc_single_image image=&#8221;581360&#8243; img_size=&#8221;full&#8221; el_class=&#8221;image-headband-frontpage-main&#8221;][\/vc_column][\/vc_row][vc_row css=&#8221;.vc_custom_1723142462915{margin-right: 5% !important;margin-left: 5% !important;padding-bottom: 50px !important;}&#8221;][vc_column][vc_empty_space height=&#8221;40px&#8221;][vc_column_text]<\/p>\n<h1 style=\"text-align: center;\"><span style=\"color: #00adef;\">OXYG\u00c8NE, UNE HISTOIRE DE PASSION<\/span><\/h1>\n<p>[\/vc_column_text][vc_column_text css=&#8221;.vc_custom_1739798379843{margin-right: 20% !important;margin-left: 20% !important;}&#8221;]<\/p>\n<p style=\"text-align: center;\" data-start=\"0\" data-end=\"134\">Oxyg\u00e8ne est une \u00e9cole de ski et de snowboard ind\u00e9pendante, pr\u00e9sente dans 16 des stations les plus prestigieuses des Alpes fran\u00e7aises.<\/p>\n<p style=\"text-align: center;\" data-start=\"136\" data-end=\"517\" data-is-last-node=\"\">Fond\u00e9e en Savoie en 1992 par trois fr\u00e8res, Pierre, Julien et Bertrand de Monvallier, Oxyg\u00e8ne a toujours su rester fid\u00e8le \u00e0 son esprit d\u2019origine : mettre les besoins des clients au c\u0153ur de son activit\u00e9, offrir un enseignement de qualit\u00e9 dans une atmosph\u00e8re conviviale, privil\u00e9gier une approche personnalis\u00e9e de l\u2019apprentissage, et rendre le ski et le snowboard accessibles \u00e0 tous.<\/p>\n<p>[\/vc_column_text][vc_empty_space height=&#8221;10px&#8221;][\/vc_column][\/vc_row][vc_row][vc_column][vc_row_inner type=&#8221;boxed&#8221;][vc_column_inner width=&#8221;1\/2&#8243;][vc_single_image image=&#8221;5117&#8243; img_size=&#8221;100&#215;100&#8243; alignment=&#8221;center&#8221; css_animation=&#8221;top-to-bottom&#8221;][vc_column_text]<\/p>\n<div class=\"wpb_text_column wpb_content_element vc_custom_1714138607196\">\n<div class=\"wpb_wrapper\">\n<h2 style=\"text-align: center;\"><span style=\"color: #00adef;\"><strong><span style=\"font-size: 22px;\">POURQUOI NOUS AIMONS NOTRE \u00c9COLE DE SKI ?<\/span><\/strong><\/span><\/h2>\n<\/div>\n<\/div>\n<div id=\"gtx-trans\" style=\"position: absolute; left: 120px; top: -3.82812px;\">\n<div class=\"gtx-trans-icon\"><\/div>\n<\/div>\n<p>[\/vc_column_text][vc_column_text css=&#8221;.vc_custom_1739798627807{margin-right: 10% !important;padding-top: 0px !important;}&#8221;]<br \/>\nElle incarne l\u2019aventure, la d\u00e9termination et les nouveaux d\u00e9parts. Elle pousse ses \u00e9l\u00e8ves \u00e0 atteindre des sommets et \u00e0 explorer des horizons qu\u2019ils n\u2019auraient jamais crus possible. C\u2019est un endroit o\u00f9 l\u2019on se fait des amis, o\u00f9 l\u2019on apprend beaucoup et o\u00f9 l\u2019on d\u00e9couvre de vraies passions. Ses groupes d\u2019\u00e9l\u00e8ves sont anim\u00e9s par la joie et l\u2019esprit de groupe, o\u00f9 la pers\u00e9v\u00e9rance et la d\u00e9termination sont essentielles. C\u2019est l\u00e0 o\u00f9 les secrets se partagent, o\u00f9 les techniques se perfectionnent et o\u00f9 les souvenirs les plus m\u00e9morables se cr\u00e9ent. C\u2019est la famille Oxyg\u00e8ne.<br \/>\n[\/vc_column_text][\/vc_column_inner][vc_column_inner width=&#8221;1\/2&#8243;][vc_single_image image=&#8221;573276&#8243; img_size=&#8221;100&#215;100&#8243; alignment=&#8221;center&#8221; css_animation=&#8221;top-to-bottom&#8221; css=&#8221;.vc_custom_1755602392337{padding-top: 23px !important;}&#8221;][vc_column_text]<\/p>\n<div class=\"wpb_text_column wpb_content_element vc_custom_1714138607196\">\n<div class=\"wpb_wrapper\">\n<h2 style=\"text-align: center;\"><span style=\"color: #00adef;\"><strong><span style=\"font-size: 22px;\">UNE HISTOIRE DE FAMILLE<\/span><\/strong><\/span><\/h2>\n<\/div>\n<\/div>\n<p>[\/vc_column_text][vc_column_text css=&#8221;.vc_custom_1739799945029{margin-left: 10% !important;padding-top: 0px !important;}&#8221;]<br \/>\nNous sommes une \u00e9cole de ski familiale, \u00e0 la fran\u00e7aise, mais avec une particularit\u00e9 : nous adorons nos clients. Dans les ann\u00e9es 90, pendant que vous chantiez les Spice Girls et portiez du denim, nous avons lanc\u00e9 une \u00e9cole de ski qui s\u2019adresse \u00e0 tout le monde. Des enfants aux adultes, des petits aux grands, fran\u00e7ais ou \u00e9trangers. Apr\u00e8s plus de 30, on a laiss\u00e9 tomber le denim mais on a gard\u00e9 le bleu. Avec une solide \u00e9quipe de staff et 300 moniteurs r\u00e9partis sur 16 stations des Alpes fran\u00e7aises, nous sommes une \u00e9cole de ski assez grande pour \u00eatre fiable, mais suffisamment petite pour vraiment nous occuper de chacun.<br \/>\n[\/vc_column_text][\/vc_column_inner][\/vc_row_inner][vc_empty_space height=&#8221;75px&#8221;][\/vc_column][\/vc_row][vc_row css=&#8221;.vc_custom_1723142607460{margin-right: 5% !important;margin-left: 5% !important;}&#8221;][vc_column width=&#8221;1\/2&#8243; el_class=&#8221;image-column-remove-padding image-headband&#8221;][vc_single_image image=&#8221;581362&#8243; img_size=&#8221;full&#8221; style=&#8221;vc_box_rounded&#8221; el_class=&#8221;image-headband-frontpage&#8221;][\/vc_column][vc_column width=&#8221;1\/2&#8243;][vc_row_inner][vc_column_inner][vc_single_image image=&#8221;572941&#8243; img_size=&#8221;medium&#8221;][vc_column_text]L\u2019histoire d\u2019Oxyg\u00e8ne commence dans un petit village de montagne, au c\u0153ur de la Tarentaise. \u00c0 premi\u00e8re vue, rien ne diff\u00e9rencie la famille de Monvallier, mais en regardant de plus pr\u00e8s, on remarque leur passion d\u00e9vorante pour la montagne et leur envie de partager cette passion avec d\u2019autres amoureux de la montagne.<\/p>\n<p>C\u2019est en\u00a0<strong>1991\u00a0<\/strong>que Bertrand et Pierre de Monvallier, deux fr\u00e8res, commencent \u00e0 r\u00e9fl\u00e9chir \u00e0 la cr\u00e9ation d\u2019une \u00e9cole de ski aux valeurs familiales.\u00a0<strong>1992<\/strong>\u00a0: l\u2019\u00e9cole de ski &amp; snowboard Oxyg\u00e8ne est n\u00e9e. Des moniteurs rejoignent l\u2019aventure et commencent \u00e0 enseigner sur les pistes de la Plagne. Suivi en\u00a0<strong>1993\u00a0<\/strong>par l\u2019ouverture d\u2019un magasin de location de mat\u00e9riel dans cette m\u00eame station.\u00a0<strong>En 1997<\/strong>, l\u2019\u00e9cole s\u2019\u00e9tend \u00e0 Val d\u2019Is\u00e8re et diversifie ses activit\u00e9s en\u00a0<strong>1998<\/strong>\u00a0en ajoutant le t\u00e9l\u00e9mark, le ski de fond, le freestyle et le freeride.<\/p>\n<p>En\u00a0<strong>2000<\/strong>, Oxyg\u00e8ne lance un programme handiski pour rendre le ski accessible \u00e0 tous. En<strong>\u00a02004<\/strong>, l\u2019\u00e9cole s\u2019installe \u00e0 Courchevel dans les 3 Vall\u00e9es. En\u00a0<strong>2006,<\/strong>\u00a0un second magasin de location ouvre \u00e0 Val d\u2019Is\u00e8re. En\u00a0<strong>2011<\/strong>, Oxyg\u00e8ne s\u2019associe avec Burton pour cr\u00e9er le centre Burton Exp\u00e9rience \u00e0 La Plagne. En\u00a0<strong>2012<\/strong>, Julien, le troisi\u00e8me fr\u00e8re, rejoint l\u2019entreprise et ouvre une \u00e9cole \u00e0 Belle Plagne. Oxyg\u00e8ne lance aussi un service de ski shop \u00e0 domicile \u00e0 Val d\u2019Is\u00e8re.[\/vc_column_text][\/vc_column_inner][\/vc_row_inner][\/vc_column][\/vc_row][vc_row][vc_column][vc_column_text css=&#8221;.vc_custom_1772441514420{margin-right: 5% !important;margin-left: 5% !important;}&#8221;]En\u00a0<strong>2000<\/strong>, Oxyg\u00e8ne lance un programme handiski pour rendre le ski accessible \u00e0 tous. En<strong>\u00a02004<\/strong>, l\u2019\u00e9cole s\u2019installe \u00e0 Courchevel dans les 3 Vall\u00e9es. En\u00a0<strong>2006,<\/strong>\u00a0un second magasin de location ouvre \u00e0 Val d\u2019Is\u00e8re. En\u00a0<strong>2011<\/strong>, Oxyg\u00e8ne s\u2019associe avec Burton pour cr\u00e9er le centre Burton Exp\u00e9rience \u00e0 La Plagne. En\u00a0<strong>2012<\/strong>, Julien, le troisi\u00e8me fr\u00e8re, rejoint l\u2019entreprise et ouvre une \u00e9cole \u00e0 Belle Plagne. Oxyg\u00e8ne lance aussi un service de ski shop \u00e0 domicile \u00e0 Val d\u2019Is\u00e8re.<\/p>\n<p>En\u00a0<strong>2016<\/strong>, Magic in Motion, une \u00e9cole de ski bien connue dans les 3 Vall\u00e9es, rejoint Oxyg\u00e8ne \u00e0 M\u00e9ribel, La Tania et Val Thorens. Le service de ski shop \u00e0 domicile est \u00e9tendu \u00e0 tous les villages de La Plagne. En\u00a0<strong>2017<\/strong>, Oxyg\u00e8ne fusionne avec Magic in Motion et ouvre une \u00e9cole aux Menuires. En<strong>\u00a02018<\/strong>, une \u00e9cole ouvre \u00e0 our resort; puis en\u00a0<strong>2019<\/strong>, Oxyg\u00e8ne s\u2019associe avec Starski au Grand-our resort et ouvre une \u00e9cole dans la vall\u00e9e de l\u2019Ubaye.<\/p>\n<p>En\u00a0<strong>2021<\/strong>, Oxyg\u00e8ne \u00e9largie sa pr\u00e9sence dans l\u2019Espace Killy en ouvrant un caf\u00e9 ainsi qu\u2019une \u00e9cole de ski et de snowboard \u00e0 Tignes, avec B\u00e9a, l\u2019une de nos monitrices de Val d\u2019Is\u00e8re. Le service de bootfitting \u00e0 domicile de Val d\u2019Is\u00e8re \u00e9tend \u00e9galement son offre \u00e0 Tignes. Deux autres moniteurs, aussi issus de notre \u00e9quipe de Val d\u2019Is\u00e8re, d\u00e9cident de se lancer dans leur station d\u2019origine, Serre Chevalier. Charlotte et Adrien s\u2019associent alors \u00e0 Oxyg\u00e8ne pour ouvrir une \u00e9cole \u00e0 Mon\u00eatier-les-Bains. La m\u00eame ann\u00e9e, Oxyg\u00e8ne inaugure une boutique de v\u00eatements \u00e0 Courchevel 1850.<\/p>\n<p>En\u00a0<strong>2022<\/strong>, Kevin et Thomas, moniteurs depuis plusieurs ann\u00e9es, rejoignent l\u2019\u00e9cole de ski et de snowboard Oxyg\u00e8ne et ouvrent une structure \u00e0 La Rosi\u00e8re.<\/p>\n<p>En\u00a0<strong>2024<\/strong>, une nouvelle aventure commence pour Oxyg\u00e8ne : l\u2019ouverture d\u2019une \u00e9cole 100 % hors-piste dans la vall\u00e9e de our resort ! \u00c0 l\u2019origine de ce projet, Audrey et Corentin, moniteurs de ski et de snowboard passionn\u00e9s de freeride et de hors-piste.<\/p>\n<p><strong>2025<\/strong>\u00a0marque un tournant dans notre histoire : Oxyg\u00e8ne Ski \u00e9volue et devient Oxyski. <span class=\"a_GcMg font-feature-liga-off font-feature-clig-off font-feature-calt-off text-decoration-none text-strikethrough-none\">Avec cette nouvelle marque, nous affirmons notre ambition : pr\u00e9parer l\u2019avenir du ski et offrir \u00e0 nos clients une exp\u00e9rience encore plus coh\u00e9rente, moderne et inspirante. C&#8217;est une \u00e9tape importante, un travail de fond, que nous engageons <\/span><span class=\"a_GcMg font-feature-liga-off font-feature-clig-off font-feature-calt-off text-decoration-none text-strikethrough-none\">d\u00e8s cet hiver en Haute-Savoie<\/span><span class=\"a_GcMg font-feature-liga-off font-feature-clig-off font-feature-calt-off text-decoration-none text-strikethrough-none\">, dans les \u00e9coles de ski de <\/span><span class=\"a_GcMg font-feature-liga-off font-feature-clig-off font-feature-calt-off text-decoration-none text-strikethrough-none\">our resort, our resort et Le Grand-our resort<\/span><span class=\"a_GcMg font-feature-liga-off font-feature-clig-off font-feature-calt-off text-decoration-none text-strikethrough-none\">, avant de le d\u00e9ployer progressivement \u00e0 l\u2019ensemble de nos \u00e9coles de ski pour la saison 2026\/ 2027.<\/span>[\/vc_column_text][\/vc_column][\/vc_row][vc_row][vc_column][vc_empty_space height=&#8221;30px&#8221;][\/vc_column][\/vc_row]<\/p>\n","protected":false},"excerpt":{"rendered":"<p>[vc_row content_placement=&#8221;middle&#8221; css=&#8221;.vc_custom_1757264623419{background-position: center !important;background-repeat: no-repeat !important;background-size: cover !important;}&#8221;][vc_column el_class=&#8221;image-column-remove-padding image-headband&#8221;][vc_single_image image=&#8221;581360&#8243; img_size=&#8221;full&#8221; el_class=&#8221;image-headband-frontpage-main&#8221;][\/vc_column][\/vc_row][vc_row css=&#8221;.vc_custom_1723142462915{margin-right: 5% !important;margin-left: 5% !important;padding-bottom: 50px !important;}&#8221;][vc_column][vc_empty_space height=&#8221;40px&#8221;][vc_column_text] OXYG\u00c8NE, UNE HISTOIRE DE PASSION [\/vc_column_text][vc_column_text css=&#8221;.vc_custom_1739798379843{margin-right: 20% !important;margin-left: 20% !important;}&#8221;] Oxyg\u00e8ne est une \u00e9cole de ski et de snowboard ind\u00e9pendante, pr\u00e9sente dans 16 des stations les plus prestigieuses des Alpes fran\u00e7aises. Fond\u00e9e [&hellip;]<\/p>\n","protected":false},"author":7448,"featured_media":0,"parent":0,"menu_order":19,"comment_status":"closed","ping_status":"closed","template":"page-full-width.php","meta":{"footnotes":""},"yoast_head":"<!-- This site is optimized with the Yoast SEO plugin v22.2 - https:\/\/yoast.com\/wordpress\/plugins\/seo\/ -->\n<title>Notre histoire | Oxyg\u00e8ne \u00c9cole de Ski &amp; Snowboard<\/title>\n<meta name=\"description\" content=\"Voici notre histoire ! Curieux de savoir qui nous sommes et de mieux nous conna\u00eetre, Oxyg\u00e8ne vous d\u00e9voile tout.\" \/>\n<meta name=\"robots\" content=\"index, follow, max-snippet:-1, max-image-preview:large, max-video-preview:-1\" \/>\n<link rel=\"canonical\" href=\"https:\/\/oxygene.ski\/fr\/notre-histoire\/\" \/>\n<meta property=\"og:locale\" content=\"fr_FR\" \/>\n<meta property=\"og:type\" content=\"article\" \/>\n<meta property=\"og:title\" content=\"Notre histoire | Oxyg\u00e8ne \u00c9cole de Ski &amp; Snowboard\" \/>\n<meta property=\"og:description\" content=\"Voici notre histoire ! Curieux de savoir qui nous sommes et de mieux nous conna\u00eetre, Oxyg\u00e8ne vous d\u00e9voile tout.\" \/>\n<meta property=\"og:url\" content=\"https:\/\/oxygene.ski\/fr\/notre-histoire\/\" \/>\n<meta property=\"og:site_name\" content=\"Oxyg\u00e8ne Ski &amp; Snowboard School\" \/>\n<meta property=\"article:publisher\" content=\"https:\/\/www.facebook.com\/OxygeneSki\" \/>\n<meta property=\"article:modified_time\" content=\"2026-03-02T09:02:39+00:00\" \/>\n<meta name=\"twitter:card\" content=\"summary_large_image\" \/>\n<meta name=\"twitter:site\" content=\"@Oxygene_Ski\" \/>\n<meta name=\"twitter:label1\" content=\"Est. reading time\" \/>\n\t<meta name=\"twitter:data1\" content=\"4 minutes\" \/>\n<script type=\"application\/ld+json\" class=\"yoast-schema-graph\">{\"@context\":\"https:\/\/schema.org\",\"@graph\":[{\"@type\":\"WebPage\",\"@id\":\"https:\/\/oxygene.ski\/fr\/notre-histoire\/\",\"url\":\"https:\/\/oxygene.ski\/fr\/notre-histoire\/\",\"name\":\"Notre histoire | Oxyg\u00e8ne \u00c9cole de Ski & Snowboard\",\"isPartOf\":{\"@id\":\"https:\/\/oxygene.ski\/#website\"},\"datePublished\":\"2025-03-21T10:40:10+00:00\",\"dateModified\":\"2026-03-02T09:02:39+00:00\",\"description\":\"Voici notre histoire ! Curieux de savoir qui nous sommes et de mieux nous conna\u00eetre, Oxyg\u00e8ne vous d\u00e9voile tout.\",\"breadcrumb\":{\"@id\":\"https:\/\/oxygene.ski\/fr\/notre-histoire\/#breadcrumb\"},\"inLanguage\":\"fr\",\"potentialAction\":[{\"@type\":\"ReadAction\",\"target\":[\"https:\/\/oxygene.ski\/fr\/notre-histoire\/\"]}]},{\"@type\":\"BreadcrumbList\",\"@id\":\"https:\/\/oxygene.ski\/fr\/notre-histoire\/#breadcrumb\",\"itemListElement\":[{\"@type\":\"ListItem\",\"position\":1,\"name\":\"Home\",\"item\":\"https:\/\/oxygene.ski\/fr\/accueil\/\"},{\"@type\":\"ListItem\",\"position\":2,\"name\":\"Notre histoire\"}]},{\"@type\":\"WebSite\",\"@id\":\"https:\/\/oxygene.ski\/#website\",\"url\":\"https:\/\/oxygene.ski\/\",\"name\":\"Oxyg\u00e8ne Ski &amp; Snowboard School\",\"description\":\"\",\"potentialAction\":[{\"@type\":\"SearchAction\",\"target\":{\"@type\":\"EntryPoint\",\"urlTemplate\":\"https:\/\/oxygene.ski\/?s={search_term_string}\"},\"query-input\":\"required name=search_term_string\"}],\"inLanguage\":\"fr\"}]}<\/script>\n<!-- \/ Yoast SEO plugin. -->","yoast_head_json":{"title":"Notre histoire | Oxyg\u00e8ne \u00c9cole de Ski & Snowboard","description":"Voici notre histoire ! Curieux de savoir qui nous sommes et de mieux nous conna\u00eetre, Oxyg\u00e8ne vous d\u00e9voile tout.","robots":{"index":"index","follow":"follow","max-snippet":"max-snippet:-1","max-image-preview":"max-image-preview:large","max-video-preview":"max-video-preview:-1"},"canonical":"https:\/\/oxygene.ski\/fr\/notre-histoire\/","og_locale":"fr_FR","og_type":"article","og_title":"Notre histoire | Oxyg\u00e8ne \u00c9cole de Ski & Snowboard","og_description":"Voici notre histoire ! Curieux de savoir qui nous sommes et de mieux nous conna\u00eetre, Oxyg\u00e8ne vous d\u00e9voile tout.","og_url":"https:\/\/oxygene.ski\/fr\/notre-histoire\/","og_site_name":"Oxyg\u00e8ne Ski &amp; Snowboard School","article_publisher":"https:\/\/www.facebook.com\/OxygeneSki","article_modified_time":"2026-03-02T09:02:39+00:00","twitter_card":"summary_large_image","twitter_site":"@Oxygene_Ski","twitter_misc":{"Est. reading time":"4 minutes"},"schema":{"@context":"https:\/\/schema.org","@graph":[{"@type":"WebPage","@id":"https:\/\/oxygene.ski\/fr\/notre-histoire\/","url":"https:\/\/oxygene.ski\/fr\/notre-histoire\/","name":"Notre histoire | Oxyg\u00e8ne \u00c9cole de Ski & Snowboard","isPartOf":{"@id":"https:\/\/oxygene.ski\/#website"},"datePublished":"2025-03-21T10:40:10+00:00","dateModified":"2026-03-02T09:02:39+00:00","description":"Voici notre histoire ! Curieux de savoir qui nous sommes et de mieux nous conna\u00eetre, Oxyg\u00e8ne vous d\u00e9voile tout.","breadcrumb":{"@id":"https:\/\/oxygene.ski\/fr\/notre-histoire\/#breadcrumb"},"inLanguage":"fr","potentialAction":[{"@type":"ReadAction","target":["https:\/\/oxygene.ski\/fr\/notre-histoire\/"]}]},{"@type":"BreadcrumbList","@id":"https:\/\/oxygene.ski\/fr\/notre-histoire\/#breadcrumb","itemListElement":[{"@type":"ListItem","position":1,"name":"Home","item":"https:\/\/oxygene.ski\/fr\/accueil\/"},{"@type":"ListItem","position":2,"name":"Notre histoire"}]},{"@type":"WebSite","@id":"https:\/\/oxygene.ski\/#website","url":"https:\/\/oxygene.ski\/","name":"Oxyg\u00e8ne Ski &amp; Snowboard School","description":"","potentialAction":[{"@type":"SearchAction","target":{"@type":"EntryPoint","urlTemplate":"https:\/\/oxygene.ski\/?s={search_term_string}"},"query-input":"required name=search_term_string"}],"inLanguage":"fr"}]}},"_links":{"self":[{"href":"https:\/\/oxygene.ski\/fr\/wp-json\/wp\/v2\/pages\/578873"}],"collection":[{"href":"https:\/\/oxygene.ski\/fr\/wp-json\/wp\/v2\/pages"}],"about":[{"href":"https:\/\/oxygene.ski\/fr\/wp-json\/wp\/v2\/types\/page"}],"author":[{"embeddable":true,"href":"https:\/\/oxygene.ski\/fr\/wp-json\/wp\/v2\/users\/7448"}],"replies":[{"embeddable":true,"href":"https:\/\/oxygene.ski\/fr\/wp-json\/wp\/v2\/comments?post=578873"}],"version-history":[{"count":23,"href":"https:\/\/oxygene.ski\/fr\/wp-json\/wp\/v2\/pages\/578873\/revisions"}],"predecessor-version":[{"id":583147,"href":"https:\/\/oxygene.ski\/fr\/wp-json\/wp\/v2\/pages\/578873\/revisions\/583147"}],"wp:attachment":[{"href":"https:\/\/oxygene.ski\/fr\/wp-json\/wp\/v2\/media?parent=578873"}],"curies":[{"name":"wp","href":"https:\/\/api.w.org\/{rel}","templated":true}]}}