{"id":578869,"date":"2025-03-21T11:31:18","date_gmt":"2025-03-21T10:31:18","guid":{"rendered":"https:\/\/oxygene.ski\/cours-hors-piste-2\/"},"modified":"2026-03-20T10:32:13","modified_gmt":"2026-03-20T09:32:13","slug":"cours-hors-piste","status":"publish","type":"page","link":"https:\/\/oxygene.ski\/fr\/cours-hors-piste\/","title":{"rendered":"Cours hors-piste"},"content":{"rendered":"<p>[vc_row content_placement=&#8221;middle&#8221; css=&#8221;.vc_custom_1757264094419{background-position: center !important;background-repeat: no-repeat !important;background-size: cover !important;}&#8221;][vc_column el_class=&#8221;image-column-remove-padding image-headband&#8221;][vc_single_image image=&#8221;580250&#8243; img_size=&#8221;full&#8221; el_class=&#8221;image-headband-frontpage-main&#8221;][\/vc_column][\/vc_row][vc_row][vc_column]<\/p>\n<p>[vc_empty_space height=&#8221;50px&#8221;]<\/p>\n<p>[\/vc_column][\/vc_row][vc_row css=&#8221;.vc_custom_1721295204059{margin-right: 5% !important;margin-left: 5% !important;}&#8221;][vc_column width=&#8221;1\/2&#8243;][vc_empty_space height=&#8221;20px&#8221;][vc_column_text]<\/p>\n<h1 style=\"text-align: left;\" data-mce-style=\"text-align: left;\"><span style=\"color: #00adef;\" data-mce-style=\"color: #00adef;\">SORTIES HORS-PISTE<\/span><\/h1>\n<div id=\"gtx-trans\" style=\"position: absolute; left: -54px; top: -0.5625px;\" data-mce-style=\"position: absolute; left: -54px; top: -0.5625px;\">\n<div class=\"gtx-trans-icon\"><\/div>\n<\/div>\n<p>[\/vc_column_text][vc_column_text css=&#8221;.vc_custom_1750417792209{margin-right: 25% !important;}&#8221;]<\/p>\n<p>Profitez pleinement de chaque journ\u00e9e de poudreuse.<br \/>Si vous souhaitez d\u00e9couvrir la montagne sous son vrai visage, apprendre \u00e0 skier dans la neige fra\u00eeche et vivre des descentes inoubliables, nous sommes l\u00e0 pour vous accompagner. Laissez parler votre esprit d\u2019aventure et rejoignez-nous pour une sortie hors-piste.<\/p>\n<p>Id\u00e9al pour une premi\u00e8re immersion ou pour les plus aguerris, nos sessions vous permettent de savourer les joies de la neige vierge tout en apprenant \u00e0 rester en s\u00e9curit\u00e9 et en ma\u00eetrise.<\/p>\n<p>D\u00e9couvrez d\u00e8s maintenant nos options hors-piste, disponibles dans toutes nos stations, enfilez vos chaussures et r\u00e9servez votre sortie d\u00e8s aujourd\u2019hui !<\/p>\n<p>[\/vc_column_text][\/vc_column][vc_column width=&#8221;1\/2&#8243;][vc_row_inner gap=&#8221;35&#8243;][vc_column_inner el_class=&#8221;image-column-remove-padding image-headband&#8221; width=&#8221;1\/2&#8243; css=&#8221;.vc_custom_1757264398442{background-position: center !important;background-repeat: no-repeat !important;background-size: cover !important;}&#8221;][vc_single_image image=&#8221;581352&#8243; img_size=&#8221;500&#215;335&#8243; style=&#8221;vc_box_rounded&#8221;][\/vc_column_inner][vc_column_inner el_class=&#8221;image-column-remove-padding image-headband&#8221; width=&#8221;1\/2&#8243; css=&#8221;.vc_custom_1757264403812{background-position: center !important;background-repeat: no-repeat !important;background-size: cover !important;}&#8221;][vc_single_image image=&#8221;581354&#8243; img_size=&#8221;500&#215;335&#8243;][\/vc_column_inner][\/vc_row_inner][\/vc_column][\/vc_row][vc_row][vc_column]<\/p>\n<p>[vc_empty_space height=&#8221;75px&#8221;]<\/p>\n<p>[\/vc_column][\/vc_row][vc_row][vc_column css=&#8221;.vc_custom_1720507385365{margin-left: 10% !important;}&#8221;][vc_column_text]<\/p>\n<h2 style=\"text-align: left;\" data-mce-style=\"text-align: left;\"><span style=\"color: #00adef;\" data-mce-style=\"color: #00adef;\">CLIQUEZ SUR LE LOGO DE VOTRE STATION PR\u00c9F\u00c9R\u00c9E POUR R\u00c9SERVER<\/span><\/h2>\n<div id=\"gtx-trans\" style=\"position: absolute; left: 29px; top: -0.5625px;\" data-mce-style=\"position: absolute; left: 29px; top: -0.5625px;\">\n<div class=\"gtx-trans-icon\"><\/div>\n<\/div>\n<p>[\/vc_column_text][\/vc_column][\/vc_row][vc_row][vc_column]<\/p>\n<p>[vc_empty_space height=&#8221;20px&#8221;]<\/p>\n<p>[\/vc_column][\/vc_row][vc_row css=&#8221;.vc_custom_1721292149420{margin-right: 5% !important;margin-left: 5% !important;}&#8221;][vc_column width=&#8221;1\/2&#8243;][vc_row_inner][vc_column_inner el_class=&#8221;border-radius: 30px;&#8221; width=&#8221;1\/4&#8243;][vc_single_image image=&#8221;574182&#8243; img_size=&#8221;100&#215;100&#8243; alignment=&#8221;center&#8221;][vc_btn title=&#8221;Belle Plagne&#8221; style=&#8221;outline&#8221; color=&#8221;sky&#8221; size=&#8221;sm&#8221; align=&#8221;center&#8221; link=&#8221;url:https%3A%2F%2Fbooking.yoplanning.pro%2Ffb81cc49-1fdd-4c97-b605-cc7f668ad62c%2F%3Ftag%3Dc6648846-82c3-4249-ab94-75738668111c|target:_blank|&#8221;][\/vc_column_inner][vc_column_inner width=&#8221;1\/4&#8243;][vc_single_image image=&#8221;574184&#8243; img_size=&#8221;100&#215;100&#8243; alignment=&#8221;center&#8221;][vc_btn title=&#8221;Courchevel&#8221; style=&#8221;outline&#8221; color=&#8221;sky&#8221; size=&#8221;sm&#8221; align=&#8221;center&#8221; link=&#8221;url:https%3A%2F%2Fbooking.yoplanning.pro%2Fade6a319-476d-44d1-b765-7a4ce5d1ab54%2F%3Ftag%3Da4ad26a1-d584-44c0-ae67-3bc125472722|target:_blank|&#8221;][\/vc_column_inner][vc_column_inner width=&#8221;1\/4&#8243;][vc_single_image image=&#8221;574188&#8243; img_size=&#8221;100&#215;100&#8243; alignment=&#8221;center&#8221;][vc_btn title=&#8221;La Plagne&#8221; style=&#8221;outline&#8221; color=&#8221;sky&#8221; size=&#8221;sm&#8221; align=&#8221;center&#8221; link=&#8221;url:https%3A%2F%2Fbooking.yoplanning.pro%2F4e1a2cf2-b77e-4bc7-9a1f-bd174f61282d%2F%3Ftag%3Dc6648846-82c3-4249-ab94-75738668111c|target:_blank|&#8221;][\/vc_column_inner][vc_column_inner width=&#8221;1\/4&#8243;][vc_single_image image=&#8221;574190&#8243; img_size=&#8221;100&#215;100&#8243; alignment=&#8221;center&#8221;][vc_btn title=&#8221;La Rosi\u00e8re&#8221; style=&#8221;outline&#8221; color=&#8221;sky&#8221; size=&#8221;sm&#8221; align=&#8221;center&#8221; link=&#8221;url:https%3A%2F%2Fbooking.yoplanning.pro%2Fb5f68318-52f9-47b4-80bb-a06da3a19ee5%2F%3Ftag%3Dae2a1482-34be-403f-9f2c-bfcea0e6c5d5|target:_blank|&#8221;][\/vc_column_inner][\/vc_row_inner][\/vc_column][vc_column width=&#8221;1\/2&#8243;][vc_row_inner][vc_column_inner width=&#8221;1\/4&#8243;][vc_single_image image=&#8221;574192&#8243; img_size=&#8221;100&#215;100&#8243; alignment=&#8221;center&#8221;][vc_btn title=&#8221;La Tania&#8221; style=&#8221;outline&#8221; color=&#8221;sky&#8221; size=&#8221;sm&#8221; align=&#8221;center&#8221; link=&#8221;url:https%3A%2F%2Fbooking.yoplanning.pro%2Fade6a319-476d-44d1-b765-7a4ce5d1ab54%2F%3Ftag%3Da4ad26a1-d584-44c0-ae67-3bc125472722|target:_blank|&#8221;][\/vc_column_inner][vc_column_inner width=&#8221;1\/4&#8243;][vc_single_image image=&#8221;574194&#8243; img_size=&#8221;100&#215;100&#8243; alignment=&#8221;center&#8221;][vc_btn title=&#8221;Les M\u00e9nuires&#8221; style=&#8221;outline&#8221; color=&#8221;sky&#8221; size=&#8221;sm&#8221; align=&#8221;center&#8221; link=&#8221;url:https%3A%2F%2Fbooking.yoplanning.pro%2F77738c58-6c53-4241-b88a-8f333097ccfd%2F%3Ftag%3D96339366-10f2-4255-8c26-18a4e82e0e43|target:_blank|&#8221;][\/vc_column_inner][vc_column_inner width=&#8221;1\/4&#8243;][vc_single_image image=&#8221;574198&#8243; img_size=&#8221;100&#215;100&#8243; alignment=&#8221;center&#8221;][vc_btn title=&#8221;M\u00e9ribel&#8221; style=&#8221;outline&#8221; color=&#8221;sky&#8221; size=&#8221;sm&#8221; align=&#8221;center&#8221; link=&#8221;url:https%3A%2F%2Fbooking.yoplanning.pro%2F7dc573eb-50ed-4d8c-9879-8ffaf2ee922e%2F%3Ftag%3Db1ebacb9-4451-4be3-9c3d-fb04aac27908|target:_blank|&#8221;][\/vc_column_inner][vc_column_inner width=&#8221;1\/4&#8243;][vc_single_image image=&#8221;574200&#8243; img_size=&#8221;100&#215;100&#8243; alignment=&#8221;center&#8221;][vc_btn title=&#8221;Saint Martin&#8221; style=&#8221;outline&#8221; color=&#8221;sky&#8221; size=&#8221;sm&#8221; align=&#8221;center&#8221; link=&#8221;url:https%3A%2F%2Fbooking.yoplanning.pro%2F9bd1030b-be26-4f13-813a-f0faaa1146d0%2F%3Ftag%3D96339366-10f2-4255-8c26-18a4e82e0e43|target:_blank|&#8221;][\/vc_column_inner][\/vc_row_inner][\/vc_column][\/vc_row][vc_row css=&#8221;.vc_custom_1721292149420{margin-right: 5% !important;margin-left: 5% !important;}&#8221;][vc_column width=&#8221;1\/2&#8243;][vc_row_inner][vc_column_inner el_class=&#8221;border-radius: 30px;&#8221; width=&#8221;1\/4&#8243;][vc_single_image image=&#8221;574210&#8243; img_size=&#8221;100&#215;100&#8243; alignment=&#8221;center&#8221;][vc_btn title=&#8221;Serre Chevalier&#8221; style=&#8221;outline&#8221; color=&#8221;sky&#8221; size=&#8221;sm&#8221; align=&#8221;center&#8221; link=&#8221;url:https%3A%2F%2Fbooking.yoplanning.pro%2F0f670fcf-0e6a-4dc5-b864-d53a102903cc%2F%3Ftag%3D97b79118-da80-43ca-ab63-8bb0d17d5734|target:_blank|&#8221;][\/vc_column_inner][vc_column_inner width=&#8221;1\/4&#8243;][vc_single_image image=&#8221;574202&#8243; img_size=&#8221;100&#215;100&#8243; alignment=&#8221;center&#8221;][vc_btn title=&#8221;Tignes&#8221; style=&#8221;outline&#8221; color=&#8221;sky&#8221; size=&#8221;sm&#8221; align=&#8221;center&#8221; link=&#8221;url:https%3A%2F%2Fbooking.yoplanning.pro%2F4fa00e28-3d2d-4916-97a6-75b8ce82acad%2F%3Ftag%3Defdfd54f-78fd-42fd-9342-89512097a416|target:_blank|&#8221;][\/vc_column_inner][vc_column_inner width=&#8221;1\/4&#8243;][vc_single_image image=&#8221;574206&#8243; img_size=&#8221;100&#215;100&#8243; alignment=&#8221;center&#8221;][vc_btn title=&#8221;Vall\u00e9e d&#8217;Ubaye&#8221; style=&#8221;outline&#8221; color=&#8221;sky&#8221; size=&#8221;sm&#8221; align=&#8221;center&#8221; link=&#8221;url:https%3A%2F%2Foxygene.ski%2Ffr%2Fcontactez-nous%2F|target:_blank|&#8221;][\/vc_column_inner][vc_column_inner width=&#8221;1\/4&#8243;][vc_single_image image=&#8221;574204&#8243; img_size=&#8221;100&#215;100&#8243; alignment=&#8221;center&#8221;][vc_btn title=&#8221;Val d&#8217;Is\u00e8re&#8221; style=&#8221;outline&#8221; color=&#8221;sky&#8221; size=&#8221;sm&#8221; align=&#8221;center&#8221; link=&#8221;url:https%3A%2F%2Fbooking.yoplanning.pro%2Fc5caa709-4c75-4ce9-a760-d60689a200e3%2F%3Ftag%3Dccb69322-ae77-43d9-bde1-0dad872928ad|target:_blank|&#8221;][\/vc_column_inner][\/vc_row_inner][\/vc_column][vc_column width=&#8221;1\/2&#8243;][vc_row_inner][vc_column_inner width=&#8221;1\/4&#8243;][vc_single_image image=&#8221;574208&#8243; img_size=&#8221;100&#215;100&#8243; alignment=&#8221;center&#8221;][vc_btn title=&#8221;Val Thorens&#8221; style=&#8221;outline&#8221; color=&#8221;sky&#8221; size=&#8221;sm&#8221; align=&#8221;center&#8221; link=&#8221;url:https%3A%2F%2Fbooking.yoplanning.pro%2Fb4f09821-cd27-4251-baae-9a784a04489e%2F%3Ftag%3D96339366-10f2-4255-8c26-18a4e82e0e43|target:_blank|&#8221;][\/vc_column_inner][vc_column_inner width=&#8221;1\/4&#8243;][\/vc_column_inner][vc_column_inner width=&#8221;1\/4&#8243;][\/vc_column_inner][vc_column_inner width=&#8221;1\/4&#8243;][\/vc_column_inner][\/vc_row_inner][\/vc_column][\/vc_row][vc_row][vc_column]<\/p>\n<p>[vc_empty_space height=&#8221;75px&#8221;]<\/p>\n<p>[\/vc_column][\/vc_row][vc_row][vc_column][vc_row_inner][vc_column_inner width=&#8221;1\/2&#8243; css=&#8221;.vc_custom_1741856179199{padding-right: 10% !important;padding-left: 10% !important;}&#8221;][vc_column_text]<\/p>\n<div class=\"wpb_text_column wpb_content_element \">\n<div class=\"wpb_wrapper\">\n<p style=\"text-align: center;\" data-mce-style=\"text-align: center;\"><span style=\"color: #00adef;\" data-mce-style=\"color: #00adef;\"><strong>TOUJOURS BIEN ACCOMPAGN\u00c9<\/strong><\/span><\/p>\n<p style=\"text-align: center;\" data-mce-style=\"text-align: center;\">Envie de poudreuse et de sensations uniques ? Partez \u00e0 la d\u00e9couverte de terrains vierges, loin des pistes balis\u00e9es, et laissez-vous guider vers les plus belles descentes que la montagne peut offrir. Avec nos moniteurs exp\u00e9riment\u00e9s, vivez une aventure hors-piste inoubliable, en toute s\u00e9curit\u00e9.<\/p>\n<\/div>\n<\/div>\n<p>[\/vc_column_text][\/vc_column_inner][vc_column_inner width=&#8221;1\/2&#8243; css=&#8221;.vc_custom_1741856198684{padding-right: 10% !important;padding-left: 10% !important;}&#8221;][vc_column_text]<\/p>\n<div class=\"wpb_text_column wpb_content_element \">\n<div class=\"wpb_wrapper\">\n<p style=\"text-align: center;\" data-mce-style=\"text-align: center;\"><span style=\"color: #00adef;\" data-mce-style=\"color: #00adef;\"><strong>PENTES RAIDES &amp; POUDREUSE FRA\u00ceCHE<\/strong><\/span><\/p>\n<p style=\"text-align: center;\" data-mce-style=\"text-align: center;\">Laissez parler votre esprit d\u2019aventure et d\u00e9couvrez le hors-piste lors de nos cours et sorties encadr\u00e9s par un moniteur Oxyg\u00e8ne. Nos sessions d\u00e9couverte vous offrent un avant-go\u00fbt de la neige vierge tout en vous apprenant \u00e0 \u00e9voluer en s\u00e9curit\u00e9 et avec ma\u00eetrise. D\u00e9j\u00e0 pratiquant de hors-piste ? Enfilez votre DVA, choisissez votre sommet et rejoignez-nous pour repousser vos limites.<\/p>\n<\/div>\n<\/div>\n<p>[\/vc_column_text][\/vc_column_inner][\/vc_row_inner][vc_empty_space height=&#8221;75px&#8221;][\/vc_column][\/vc_row][vc_row css=&#8221;.vc_custom_1723662061363{margin-right: 5% !important;margin-left: 5% !important;}&#8221;][vc_column width=&#8221;1\/2&#8243;][vc_empty_space height=&#8221;20px&#8221;][vc_column_text css=&#8221;.vc_custom_1773926869578{margin-right: 5% !important;}&#8221;]<\/p>\n<h3><span style=\"color: #00adef;\">LA S\u00c9CURIT\u00c9 AVANT TOUT<\/span><\/h3>\n<p>&nbsp;<\/p>\n<p data-start=\"125\" data-end=\"358\">Avec nous, la s\u00e9curit\u00e9 n\u2019est jamais une option. La preuve : pour chaque cours hors-piste ou sortie encadr\u00e9e, nous vous \u00e9quipons gratuitement d\u2019un casque, d\u2019une protection dorsale, d\u2019un DVA (d\u00e9tecteur victime avalanche), d\u2019une pelle (en inox), d\u2019une sonde (en m\u00e9tal) et d\u2019un sac ABS.<\/p>\n<p data-start=\"360\" data-end=\"448\">Parce que nous savons \u00e9couter la montagne, vous pouvez en profiter pleinement.<\/p>\n<p>[\/vc_column_text][vc_column_text]<\/p>\n<p style=\"text-align: left;\" data-mce-style=\"text-align: left;\">Pr\u00eat pour une nouvelle aventure ?<\/p>\n<p>[\/vc_column_text][\/vc_column][vc_column width=&#8221;1\/2&#8243; css=&#8221;.vc_custom_1757264326083{background-position: center !important;background-repeat: no-repeat !important;background-size: cover !important;}&#8221; el_class=&#8221;image-column-remove-padding image-headband&#8221;][vc_single_image image=&#8221;581356&#8243; img_size=&#8221;full&#8221; style=&#8221;vc_box_rounded&#8221; el_class=&#8221;image-headband-frontpage&#8221;][\/vc_column][\/vc_row][vc_row css=&#8221;.vc_custom_1723662061363{margin-right: 5% !important;margin-left: 5% !important;}&#8221;][vc_column width=&#8221;1\/2&#8243;][vc_empty_space height=&#8221;20px&#8221;][vc_column_text css=&#8221;.vc_custom_1773998280019{margin-right: 5% !important;}&#8221;]<\/p>\n<h3><span style=\"color: #00adef;\">VOUS VOULEZ FAIRE DU HORS-PISTE EN GROUPE ?<\/span><\/h3>\n<h3><\/h3>\n<p><span style=\"font-weight: 400;\">Vous voulez faire du hors-piste tout en profitant de la synergie d\u2019un groupe ? chez Oxyg\u00e8ne, selon votre niveau, vous pouvez rejoindre le cours hors-piste d\u00e9couverte ou Steep &amp; deep. Ces sessions sont limit\u00e9es \u00e0 6 participants encadr\u00e9s par un moniteur Oxyg\u00e8ne qui conna\u00eet le domaine sur le bout des doigts.<\/span><\/p>\n<p><span style=\"font-weight: 400;\">Venez profiter d\u2019une aventure hors des sentiers battus \u00e0 plusieurs pour am\u00e9liorer vos connaissances et comp\u00e9tences en ski hors-piste. Plus on est de fous, plus on rit !<\/span>[\/vc_column_text][\/vc_column][vc_column width=&#8221;1\/2&#8243; css=&#8221;.vc_custom_1757264326083{background-position: center !important;background-repeat: no-repeat !important;background-size: cover !important;}&#8221; el_class=&#8221;image-column-remove-padding image-headband&#8221;][vc_single_image image=&#8221;583230&#8243; img_size=&#8221;full&#8221; style=&#8221;vc_box_rounded&#8221; el_class=&#8221;image-headband-frontpage&#8221;][\/vc_column][\/vc_row][vc_row][vc_column]<\/p>\n<p>[vc_empty_space height=&#8221;30px&#8221;]<\/p>\n<p>[\/vc_column][\/vc_row]<\/p>\n","protected":false},"excerpt":{"rendered":"<p>[vc_row content_placement=&#8221;middle&#8221; css=&#8221;.vc_custom_1757264094419{background-position: center !important;background-repeat: no-repeat !important;background-size: cover !important;}&#8221;][vc_column el_class=&#8221;image-column-remove-padding image-headband&#8221;][vc_single_image image=&#8221;580250&#8243; img_size=&#8221;full&#8221; el_class=&#8221;image-headband-frontpage-main&#8221;][\/vc_column][\/vc_row][vc_row][vc_column] [vc_empty_space height=&#8221;50px&#8221;] [\/vc_column][\/vc_row][vc_row css=&#8221;.vc_custom_1721295204059{margin-right: 5% !important;margin-left: 5% !important;}&#8221;][vc_column width=&#8221;1\/2&#8243;][vc_empty_space height=&#8221;20px&#8221;][vc_column_text] SORTIES HORS-PISTE [\/vc_column_text][vc_column_text css=&#8221;.vc_custom_1750417792209{margin-right: 25% !important;}&#8221;] Profitez pleinement de chaque journ\u00e9e de poudreuse.Si vous souhaitez d\u00e9couvrir la montagne sous son vrai visage, apprendre \u00e0 skier dans la neige fra\u00eeche et vivre [&hellip;]<\/p>\n","protected":false},"author":7448,"featured_media":0,"parent":0,"menu_order":19,"comment_status":"closed","ping_status":"closed","template":"page-full-width.php","meta":{"footnotes":""},"yoast_head":"<!-- This site is optimized with the Yoast SEO plugin v22.2 - https:\/\/yoast.com\/wordpress\/plugins\/seo\/ -->\n<title>Cours hors-piste | Oxyg\u00e8ne \u00c9cole de Ski &amp; Snowboard<\/title>\n<meta name=\"description\" content=\"Offrez-vous une journ\u00e9e compl\u00e8te d\u00e9di\u00e9e \u00e0 la poudreuse ! D\u00e9couvrez les plaisirs du ski hors-piste tout en apprenant les bonnes techniques.\" \/>\n<meta name=\"robots\" content=\"index, follow, max-snippet:-1, max-image-preview:large, max-video-preview:-1\" \/>\n<link rel=\"canonical\" href=\"https:\/\/oxygene.ski\/fr\/cours-hors-piste\/\" \/>\n<meta property=\"og:locale\" content=\"fr_FR\" \/>\n<meta property=\"og:type\" content=\"article\" \/>\n<meta property=\"og:title\" content=\"Cours hors-piste | Oxyg\u00e8ne \u00c9cole de Ski &amp; Snowboard\" \/>\n<meta property=\"og:description\" content=\"Offrez-vous une journ\u00e9e compl\u00e8te d\u00e9di\u00e9e \u00e0 la poudreuse ! D\u00e9couvrez les plaisirs du ski hors-piste tout en apprenant les bonnes techniques.\" \/>\n<meta property=\"og:url\" content=\"https:\/\/oxygene.ski\/fr\/cours-hors-piste\/\" \/>\n<meta property=\"og:site_name\" content=\"Oxyg\u00e8ne Ski &amp; Snowboard School\" \/>\n<meta property=\"article:publisher\" content=\"https:\/\/www.facebook.com\/OxygeneSki\" \/>\n<meta property=\"article:modified_time\" content=\"2026-03-20T09:32:13+00:00\" \/>\n<meta name=\"twitter:card\" content=\"summary_large_image\" \/>\n<meta name=\"twitter:site\" content=\"@Oxygene_Ski\" \/>\n<meta name=\"twitter:label1\" content=\"Est. reading time\" \/>\n\t<meta name=\"twitter:data1\" content=\"3 minutes\" \/>\n<script type=\"application\/ld+json\" class=\"yoast-schema-graph\">{\"@context\":\"https:\/\/schema.org\",\"@graph\":[{\"@type\":\"WebPage\",\"@id\":\"https:\/\/oxygene.ski\/fr\/cours-hors-piste\/\",\"url\":\"https:\/\/oxygene.ski\/fr\/cours-hors-piste\/\",\"name\":\"Cours hors-piste | Oxyg\u00e8ne \u00c9cole de Ski & Snowboard\",\"isPartOf\":{\"@id\":\"https:\/\/oxygene.ski\/#website\"},\"datePublished\":\"2025-03-21T10:31:18+00:00\",\"dateModified\":\"2026-03-20T09:32:13+00:00\",\"description\":\"Offrez-vous une journ\u00e9e compl\u00e8te d\u00e9di\u00e9e \u00e0 la poudreuse ! D\u00e9couvrez les plaisirs du ski hors-piste tout en apprenant les bonnes techniques.\",\"breadcrumb\":{\"@id\":\"https:\/\/oxygene.ski\/fr\/cours-hors-piste\/#breadcrumb\"},\"inLanguage\":\"fr\",\"potentialAction\":[{\"@type\":\"ReadAction\",\"target\":[\"https:\/\/oxygene.ski\/fr\/cours-hors-piste\/\"]}]},{\"@type\":\"BreadcrumbList\",\"@id\":\"https:\/\/oxygene.ski\/fr\/cours-hors-piste\/#breadcrumb\",\"itemListElement\":[{\"@type\":\"ListItem\",\"position\":1,\"name\":\"Home\",\"item\":\"https:\/\/oxygene.ski\/fr\/accueil\/\"},{\"@type\":\"ListItem\",\"position\":2,\"name\":\"Cours hors-piste\"}]},{\"@type\":\"WebSite\",\"@id\":\"https:\/\/oxygene.ski\/#website\",\"url\":\"https:\/\/oxygene.ski\/\",\"name\":\"Oxyg\u00e8ne Ski &amp; Snowboard School\",\"description\":\"\",\"potentialAction\":[{\"@type\":\"SearchAction\",\"target\":{\"@type\":\"EntryPoint\",\"urlTemplate\":\"https:\/\/oxygene.ski\/?s={search_term_string}\"},\"query-input\":\"required name=search_term_string\"}],\"inLanguage\":\"fr\"}]}<\/script>\n<!-- \/ Yoast SEO plugin. -->","yoast_head_json":{"title":"Cours hors-piste | Oxyg\u00e8ne \u00c9cole de Ski & Snowboard","description":"Offrez-vous une journ\u00e9e compl\u00e8te d\u00e9di\u00e9e \u00e0 la poudreuse ! D\u00e9couvrez les plaisirs du ski hors-piste tout en apprenant les bonnes techniques.","robots":{"index":"index","follow":"follow","max-snippet":"max-snippet:-1","max-image-preview":"max-image-preview:large","max-video-preview":"max-video-preview:-1"},"canonical":"https:\/\/oxygene.ski\/fr\/cours-hors-piste\/","og_locale":"fr_FR","og_type":"article","og_title":"Cours hors-piste | Oxyg\u00e8ne \u00c9cole de Ski & Snowboard","og_description":"Offrez-vous une journ\u00e9e compl\u00e8te d\u00e9di\u00e9e \u00e0 la poudreuse ! D\u00e9couvrez les plaisirs du ski hors-piste tout en apprenant les bonnes techniques.","og_url":"https:\/\/oxygene.ski\/fr\/cours-hors-piste\/","og_site_name":"Oxyg\u00e8ne Ski &amp; Snowboard School","article_publisher":"https:\/\/www.facebook.com\/OxygeneSki","article_modified_time":"2026-03-20T09:32:13+00:00","twitter_card":"summary_large_image","twitter_site":"@Oxygene_Ski","twitter_misc":{"Est. reading time":"3 minutes"},"schema":{"@context":"https:\/\/schema.org","@graph":[{"@type":"WebPage","@id":"https:\/\/oxygene.ski\/fr\/cours-hors-piste\/","url":"https:\/\/oxygene.ski\/fr\/cours-hors-piste\/","name":"Cours hors-piste | Oxyg\u00e8ne \u00c9cole de Ski & Snowboard","isPartOf":{"@id":"https:\/\/oxygene.ski\/#website"},"datePublished":"2025-03-21T10:31:18+00:00","dateModified":"2026-03-20T09:32:13+00:00","description":"Offrez-vous une journ\u00e9e compl\u00e8te d\u00e9di\u00e9e \u00e0 la poudreuse ! D\u00e9couvrez les plaisirs du ski hors-piste tout en apprenant les bonnes techniques.","breadcrumb":{"@id":"https:\/\/oxygene.ski\/fr\/cours-hors-piste\/#breadcrumb"},"inLanguage":"fr","potentialAction":[{"@type":"ReadAction","target":["https:\/\/oxygene.ski\/fr\/cours-hors-piste\/"]}]},{"@type":"BreadcrumbList","@id":"https:\/\/oxygene.ski\/fr\/cours-hors-piste\/#breadcrumb","itemListElement":[{"@type":"ListItem","position":1,"name":"Home","item":"https:\/\/oxygene.ski\/fr\/accueil\/"},{"@type":"ListItem","position":2,"name":"Cours hors-piste"}]},{"@type":"WebSite","@id":"https:\/\/oxygene.ski\/#website","url":"https:\/\/oxygene.ski\/","name":"Oxyg\u00e8ne Ski &amp; Snowboard School","description":"","potentialAction":[{"@type":"SearchAction","target":{"@type":"EntryPoint","urlTemplate":"https:\/\/oxygene.ski\/?s={search_term_string}"},"query-input":"required name=search_term_string"}],"inLanguage":"fr"}]}},"_links":{"self":[{"href":"https:\/\/oxygene.ski\/fr\/wp-json\/wp\/v2\/pages\/578869"}],"collection":[{"href":"https:\/\/oxygene.ski\/fr\/wp-json\/wp\/v2\/pages"}],"about":[{"href":"https:\/\/oxygene.ski\/fr\/wp-json\/wp\/v2\/types\/page"}],"author":[{"embeddable":true,"href":"https:\/\/oxygene.ski\/fr\/wp-json\/wp\/v2\/users\/7448"}],"replies":[{"embeddable":true,"href":"https:\/\/oxygene.ski\/fr\/wp-json\/wp\/v2\/comments?post=578869"}],"version-history":[{"count":72,"href":"https:\/\/oxygene.ski\/fr\/wp-json\/wp\/v2\/pages\/578869\/revisions"}],"predecessor-version":[{"id":583248,"href":"https:\/\/oxygene.ski\/fr\/wp-json\/wp\/v2\/pages\/578869\/revisions\/583248"}],"wp:attachment":[{"href":"https:\/\/oxygene.ski\/fr\/wp-json\/wp\/v2\/media?parent=578869"}],"curies":[{"name":"wp","href":"https:\/\/api.w.org\/{rel}","templated":true}]}}