{"id":578865,"date":"2025-03-21T11:25:21","date_gmt":"2025-03-21T10:25:21","guid":{"rendered":"https:\/\/oxygene.ski\/encore-plus-dactivites\/"},"modified":"2025-12-17T14:22:17","modified_gmt":"2025-12-17T13:22:17","slug":"encore-plus-dactivites","status":"publish","type":"page","link":"https:\/\/oxygene.ski\/fr\/encore-plus-dactivites\/","title":{"rendered":"Encore plus d&#8217;activit\u00e9s"},"content":{"rendered":"<p>[vc_row content_placement=&#8221;middle&#8221; css=&#8221;.vc_custom_1757263151352{background-position: center !important;background-repeat: no-repeat !important;background-size: cover !important;}&#8221;][vc_column el_class=&#8221;image-column-remove-padding image-headband&#8221;][vc_single_image image=&#8221;581340&#8243; img_size=&#8221;full&#8221; el_class=&#8221;image-headband-frontpage-main&#8221;][\/vc_column][\/vc_row][vc_row css=&#8221;.vc_custom_1719836046889{padding-bottom: 50px !important;}&#8221;][vc_column][vc_empty_space height=&#8221;40px&#8221;][vc_column_text]<\/p>\n<h1 style=\"text-align: center;\"><span style=\"color: #00adef;\">ENCORE PLUS D&#8217;ACTIVIT\u00c9S CHEZ OXYG\u00c8NE<\/span><\/h1>\n<p>[\/vc_column_text][vc_column_text]<\/p>\n<p style=\"text-align: center;\">Chez Oxyg\u00e8ne, nous proposons des cours de ski et de snowboard, en groupe ou en priv\u00e9, des sessions hors-piste, de l\u2019handiski, ainsi qu\u2019une multitude d\u2019activit\u00e9s autour de la neige et de la montagne.<\/p>\n<p>[\/vc_column_text][\/vc_column][\/vc_row][vc_row][vc_column][vc_empty_space height=&#8221;30px&#8221;][\/vc_column][\/vc_row][vc_section css=&#8221;.vc_custom_1757263857680{margin-right: 4% !important;margin-left: 4% !important;}&#8221;][vc_row][vc_column width=&#8221;1\/2&#8243; el_class=&#8221;image-column-remove-padding image-headband&#8221;][vc_single_image image=&#8221;581342&#8243; img_size=&#8221;full&#8221; style=&#8221;vc_box_rounded&#8221; el_class=&#8221;image-headband-frontpage&#8221;][\/vc_column][vc_column width=&#8221;1\/2&#8243;][vc_row_inner][vc_column_inner][vc_column_text]<\/p>\n<h2 class=\"p1\"><b>SESSION FREESTYLE<\/b><\/h2>\n<p>Gr\u00e2ce \u00e0 Oxyg\u00e8ne, vivez l\u2019adr\u00e9naline du ski ou snowboard freestyle, o\u00f9 la montagne devient votre terrain de jeu. Accompagn\u00e9 d\u2019un moniteur Oxyg\u00e8ne, vous affronterez les bosses ou vous envolerez en slopestyle et big air.<br \/>\nVous apprendrez \u00e0 allier technique, style et sensations fortes \u2014 id\u00e9al pour ceux qui recherchent l\u2019adr\u00e9naline et veulent repousser les limites du possible \u00e0 ski ou snowboard.[\/vc_column_text][\/vc_column_inner][\/vc_row_inner][vc_row_inner][vc_column_inner width=&#8221;1\/4&#8243;][vc_single_image image=&#8221;574182&#8243; img_size=&#8221;60&#215;60&#8243; alignment=&#8221;center&#8221;][vc_btn title=&#8221;Belle Plagne&#8221; style=&#8221;outline&#8221; color=&#8221;sky&#8221; size=&#8221;xs&#8221; align=&#8221;center&#8221; link=&#8221;url:https%3A%2F%2Fbooking.yoplanning.pro%2Ffb81cc49-1fdd-4c97-b605-cc7f668ad62c%2F%3Ftag%3Dcb65dc85-0b7e-4580-a710-f9da1f9b0c76|target:_blank|&#8221;][\/vc_column_inner][vc_column_inner width=&#8221;1\/4&#8243;][vc_single_image image=&#8221;572573&#8243; img_size=&#8221;60&#215;60&#8243; alignment=&#8221;center&#8221;][vc_btn title=&#8221;Courchevel&#8221; style=&#8221;outline&#8221; color=&#8221;sky&#8221; size=&#8221;xs&#8221; align=&#8221;center&#8221; link=&#8221;url:https%3A%2F%2Fbooking.yoplanning.pro%2Fade6a319-476d-44d1-b765-7a4ce5d1ab54%2F%3Ftag%3D2e692987-69d0-49a2-a706-5eaf983bf5ef|target:_blank|&#8221;][\/vc_column_inner][vc_column_inner width=&#8221;1\/4&#8243;][vc_single_image image=&#8221;574182&#8243; img_size=&#8221;60&#215;60&#8243; alignment=&#8221;center&#8221;][vc_btn title=&#8221;La Plagne&#8221; style=&#8221;outline&#8221; color=&#8221;sky&#8221; size=&#8221;xs&#8221; align=&#8221;center&#8221; link=&#8221;url:https%3A%2F%2Fbooking.yoplanning.pro%2F4e1a2cf2-b77e-4bc7-9a1f-bd174f61282d%2F%3Ftag%3Dcb65dc85-0b7e-4580-a710-f9da1f9b0c76|target:_blank|&#8221;][\/vc_column_inner][vc_column_inner width=&#8221;1\/4&#8243;][vc_single_image image=&#8221;574194&#8243; img_size=&#8221;60&#215;60&#8243; alignment=&#8221;center&#8221;][vc_btn title=&#8221;Les Menuires&#8221; style=&#8221;outline&#8221; color=&#8221;sky&#8221; size=&#8221;xs&#8221; align=&#8221;center&#8221; link=&#8221;url:https%3A%2F%2Fbooking.yoplanning.pro%2F77738c58-6c53-4241-b88a-8f333097ccfd%2F%3Ftag%3Dd681655f-277f-442e-9a5d-d76c539ff2d3|target:_blank|&#8221;][\/vc_column_inner][\/vc_row_inner][vc_row_inner][vc_column_inner width=&#8221;1\/4&#8243;][vc_single_image image=&#8221;574198&#8243; img_size=&#8221;60&#215;60&#8243; alignment=&#8221;center&#8221;][vc_btn title=&#8221;M\u00e9ribel&#8221; style=&#8221;outline&#8221; color=&#8221;sky&#8221; size=&#8221;xs&#8221; align=&#8221;center&#8221; link=&#8221;url:https%3A%2F%2Fbooking.yoplanning.pro%2F7dc573eb-50ed-4d8c-9879-8ffaf2ee922e%2F%3Ftag%3D7761c988-840a-4886-a247-ea9b528e90b2|target:_blank|&#8221;][\/vc_column_inner][vc_column_inner width=&#8221;1\/4&#8243;][vc_single_image image=&#8221;574210&#8243; img_size=&#8221;60&#215;60&#8243; alignment=&#8221;center&#8221;][vc_btn title=&#8221;Serre Chevalier&#8221; style=&#8221;outline&#8221; color=&#8221;sky&#8221; size=&#8221;xs&#8221; align=&#8221;center&#8221; link=&#8221;url:https%3A%2F%2Fbooking.yoplanning.pro%2F0f670fcf-0e6a-4dc5-b864-d53a102903cc%2Fproduct%2F7ccc73b4-00f3-43a4-878f-4fe5f1fe4b51|target:_blank|&#8221;][\/vc_column_inner][vc_column_inner width=&#8221;1\/4&#8243;][vc_single_image image=&#8221;574204&#8243; img_size=&#8221;60&#215;60&#8243; alignment=&#8221;center&#8221;][vc_btn title=&#8221;Val d&#8217;Is\u00e8re&#8221; style=&#8221;outline&#8221; color=&#8221;sky&#8221; size=&#8221;xs&#8221; align=&#8221;center&#8221; link=&#8221;url:mailto%3A%20valdisere%40oxygene.ski|target:_blank|&#8221;][\/vc_column_inner][vc_column_inner width=&#8221;1\/4&#8243;][vc_single_image image=&#8221;574208&#8243; img_size=&#8221;60&#215;60&#8243; alignment=&#8221;center&#8221;][vc_btn title=&#8221;Val Thorens&#8221; style=&#8221;outline&#8221; color=&#8221;sky&#8221; size=&#8221;xs&#8221; align=&#8221;center&#8221; link=&#8221;url:https%3A%2F%2Fbooking.yoplanning.pro%2Fb4f09821-cd27-4251-baae-9a784a04489e%2F%3Ftag%3Dd681655f-277f-442e-9a5d-d76c539ff2d3|target:_blank|&#8221;][\/vc_column_inner][\/vc_row_inner][\/vc_column][\/vc_row][vc_row][vc_column][vc_empty_space height=&#8221;75px&#8221;][\/vc_column][\/vc_row][vc_row][vc_column width=&#8221;1\/2&#8243; el_class=&#8221;image-column-remove-padding image-headband&#8221;][vc_single_image image=&#8221;580366&#8243; img_size=&#8221;full&#8221; style=&#8221;vc_box_rounded&#8221; el_class=&#8221;image-headband-frontpage&#8221;][\/vc_column][vc_column width=&#8221;1\/2&#8243;][vc_row_inner css=&#8221;.vc_custom_1721031945722{margin-right: 10% !important;}&#8221;][vc_column_inner][vc_column_text]<\/p>\n<h2 class=\"p1\"><span style=\"color: #00adef;\"><b>RANDONN\u00c9E EN RAQUETTES<\/b><\/span><\/h2>\n<p>D\u00e9couvrez votre station autrement avec une randonn\u00e9e en raquettes.<br \/>\nAccompagn\u00e9 par un moniteur Oxyg\u00e8ne, vous explorerez des tr\u00e9sors cach\u00e9s et en apprendrez davantage sur l\u2019environnement local, pour une v\u00e9ritable parenth\u00e8se hivernale. Aucune exp\u00e9rience requise \u2014 seule votre soif d\u2019aventure compte !<br \/>\nC\u2019est l\u2019activit\u00e9 id\u00e9ale pour s\u2019\u00e9vader et respirer \u00e0 pleins poumons ![\/vc_column_text][\/vc_column_inner][\/vc_row_inner][vc_row_inner][vc_column_inner width=&#8221;1\/4&#8243;][vc_single_image image=&#8221;574182&#8243; img_size=&#8221;60&#215;60&#8243; alignment=&#8221;center&#8221;][vc_btn title=&#8221;Belle Plagne&#8221; style=&#8221;outline&#8221; color=&#8221;sky&#8221; size=&#8221;xs&#8221; align=&#8221;center&#8221; link=&#8221;url:https%3A%2F%2Fbooking.yoplanning.pro%2Ffb81cc49-1fdd-4c97-b605-cc7f668ad62c%2F%3Ftag%3D6628bd78-27ff-46b0-b51a-6959c41e4a35|target:_blank|&#8221;][\/vc_column_inner][vc_column_inner width=&#8221;1\/4&#8243;][vc_single_image image=&#8221;574182&#8243; img_size=&#8221;60&#215;60&#8243; alignment=&#8221;center&#8221;][vc_btn title=&#8221;La Plagne&#8221; style=&#8221;outline&#8221; color=&#8221;sky&#8221; size=&#8221;xs&#8221; align=&#8221;center&#8221; link=&#8221;url:https%3A%2F%2Fbooking.yoplanning.pro%2F4e1a2cf2-b77e-4bc7-9a1f-bd174f61282d%2F%3Ftag%3D6628bd78-27ff-46b0-b51a-6959c41e4a35|target:_blank|&#8221;][\/vc_column_inner][vc_column_inner width=&#8221;1\/4&#8243;][vc_single_image image=&#8221;574190&#8243; img_size=&#8221;60&#215;60&#8243; alignment=&#8221;center&#8221;][vc_btn title=&#8221;La Rosi\u00e8re&#8221; style=&#8221;outline&#8221; color=&#8221;sky&#8221; size=&#8221;xs&#8221; align=&#8221;center&#8221; link=&#8221;url:https%3A%2F%2Fbooking.yoplanning.pro%2Fb5f68318-52f9-47b4-80bb-a06da3a19ee5%2F%3Ftag%3D2cde5372-7356-4f1b-8d53-98b10cd52bcc|target:_blank|&#8221;][\/vc_column_inner][vc_column_inner width=&#8221;1\/4&#8243;][vc_single_image image=&#8221;574194&#8243; img_size=&#8221;60&#215;60&#8243; alignment=&#8221;center&#8221;][vc_btn title=&#8221;Les Menuires&#8221; style=&#8221;outline&#8221; color=&#8221;sky&#8221; size=&#8221;xs&#8221; align=&#8221;center&#8221; link=&#8221;url:https%3A%2F%2Fbooking.yoplanning.pro%2F77738c58-6c53-4241-b88a-8f333097ccfd%2F%3Ftag%3D9bbbc6e7-b602-4961-8dee-c8260fa79141|target:_blank|&#8221;][\/vc_column_inner][\/vc_row_inner][vc_row_inner][vc_column_inner width=&#8221;1\/4&#8243;][vc_single_image image=&#8221;574198&#8243; img_size=&#8221;60&#215;60&#8243; alignment=&#8221;center&#8221;][vc_btn title=&#8221;M\u00e9ribel&#8221; style=&#8221;outline&#8221; color=&#8221;sky&#8221; size=&#8221;xs&#8221; align=&#8221;center&#8221; link=&#8221;url:mailto%3A%20meribel%40oxygene.ski|target:_blank|&#8221;][\/vc_column_inner][vc_column_inner width=&#8221;1\/4&#8243;][vc_single_image image=&#8221;574204&#8243; img_size=&#8221;60&#215;60&#8243; alignment=&#8221;center&#8221;][vc_btn title=&#8221;Val d&#8217;Is\u00e8re&#8221; style=&#8221;outline&#8221; color=&#8221;sky&#8221; size=&#8221;xs&#8221; align=&#8221;center&#8221; link=&#8221;url:https%3A%2F%2Fbooking.yoplanning.pro%2Fc5caa709-4c75-4ce9-a760-d60689a200e3%2F%3Ftag%3D8b6b02a1-836c-46c6-9da8-b0b87a579b1a|target:_blank|&#8221;][\/vc_column_inner][vc_column_inner width=&#8221;1\/4&#8243;][vc_single_image image=&#8221;574208&#8243; img_size=&#8221;60&#215;60&#8243; alignment=&#8221;center&#8221;][vc_btn title=&#8221;Val Thorens&#8221; style=&#8221;outline&#8221; color=&#8221;sky&#8221; size=&#8221;xs&#8221; align=&#8221;center&#8221; link=&#8221;url:https%3A%2F%2Fbooking.yoplanning.pro%2Fb4f09821-cd27-4251-baae-9a784a04489e%2F%3Ftag%3D9bbbc6e7-b602-4961-8dee-c8260fa79141|target:_blank|&#8221;][\/vc_column_inner][vc_column_inner width=&#8221;1\/4&#8243;][\/vc_column_inner][\/vc_row_inner][\/vc_column][\/vc_row][vc_row][vc_column][vc_empty_space height=&#8221;75px&#8221;][\/vc_column][\/vc_row][vc_row][vc_column width=&#8221;1\/2&#8243; el_class=&#8221;image-column-remove-padding image-headband&#8221;][vc_single_image image=&#8221;581346&#8243; img_size=&#8221;full&#8221; style=&#8221;vc_box_rounded&#8221; el_class=&#8221;image-headband-frontpage&#8221;][\/vc_column][vc_column width=&#8221;1\/2&#8243;][vc_row_inner css=&#8221;.vc_custom_1721031945722{margin-right: 10% !important;}&#8221;][vc_column_inner][vc_empty_space height=&#8221;20px&#8221;][vc_column_text]<\/p>\n<h2 class=\"p1\"><span style=\"color: #00adef;\"><b>SNOWKITE<\/b><\/span><\/h2>\n<p><em>Au C\u0153ur du Col du Galibier.<\/em><\/p>\n<p>Plongez dans l\u2019aventure et go\u00fbtez \u00e0 l\u2019adr\u00e9naline avec une escapade exceptionnelle de deux jours en snowkite accompagn\u00e9 d\u2019un moniteur Oxyg\u00e8ne. Vous d\u00e9buterez au Col du Lautaret et rejoindrez le pittoresque refuge du Galibier \u00e0 Serre Chevalier.<\/p>\n<p>D\u00e8s votre arriv\u00e9e au Col, la magie va op\u00e9rer. Les sommets enneig\u00e9s s\u2019\u00e9tendent \u00e0 perte de vue, offrant un terrain de jeu infini pour les passionn\u00e9s de snowkite. Avec des panoramas \u00e0 couper le souffle en toile de fond, votre aventure sera encadr\u00e9e par nos moniteurs passionn\u00e9s, rendant cette escapade inoubliable.[\/vc_column_text][\/vc_column_inner][\/vc_row_inner][vc_row_inner][vc_column_inner width=&#8221;1\/3&#8243;][vc_single_image image=&#8221;574210&#8243; img_size=&#8221;60&#215;60&#8243; alignment=&#8221;center&#8221;][vc_btn title=&#8221;Serre Chevalier&#8221; style=&#8221;outline&#8221; color=&#8221;sky&#8221; size=&#8221;sm&#8221; align=&#8221;center&#8221; link=&#8221;url:https%3A%2F%2Fbooking.yoplanning.pro%2F0f670fcf-0e6a-4dc5-b864-d53a102903cc%2Fproduct%2Fa303f4ff-cce2-4ec3-a29a-350e58900cc7|target:_blank|&#8221;][\/vc_column_inner][vc_column_inner width=&#8221;1\/3&#8243;][\/vc_column_inner][vc_column_inner width=&#8221;1\/3&#8243;][\/vc_column_inner][\/vc_row_inner][\/vc_column][\/vc_row][vc_row][vc_column][vc_empty_space height=&#8221;75px&#8221;][\/vc_column][\/vc_row][\/vc_section]<\/p>\n","protected":false},"excerpt":{"rendered":"<p>[vc_row content_placement=&#8221;middle&#8221; css=&#8221;.vc_custom_1757263151352{background-position: center !important;background-repeat: no-repeat !important;background-size: cover !important;}&#8221;][vc_column el_class=&#8221;image-column-remove-padding image-headband&#8221;][vc_single_image image=&#8221;581340&#8243; img_size=&#8221;full&#8221; el_class=&#8221;image-headband-frontpage-main&#8221;][\/vc_column][\/vc_row][vc_row css=&#8221;.vc_custom_1719836046889{padding-bottom: 50px !important;}&#8221;][vc_column][vc_empty_space height=&#8221;40px&#8221;][vc_column_text] ENCORE PLUS D&#8217;ACTIVIT\u00c9S CHEZ OXYG\u00c8NE [\/vc_column_text][vc_column_text] Chez Oxyg\u00e8ne, nous proposons des cours de ski et de snowboard, en groupe ou en priv\u00e9, des sessions hors-piste, de l\u2019handiski, ainsi qu\u2019une multitude d\u2019activit\u00e9s autour de la neige et de [&hellip;]<\/p>\n","protected":false},"author":7448,"featured_media":0,"parent":0,"menu_order":19,"comment_status":"closed","ping_status":"closed","template":"page-full-width.php","meta":{"footnotes":""},"yoast_head":"<!-- This site is optimized with the Yoast SEO plugin v22.2 - https:\/\/yoast.com\/wordpress\/plugins\/seo\/ -->\n<title>Encore plus d&#039;activit\u00e9s | Oxyg\u00e8ne \u00c9cole de Ski &amp; Snowboard<\/title>\n<meta name=\"description\" content=\"Chez Oxyg\u00e8ne, on aime la montagne et on vous la fait d\u00e9couvrir au travers de multiples activit\u00e9s. Rejoignez-nous !\" \/>\n<meta name=\"robots\" content=\"index, follow, max-snippet:-1, max-image-preview:large, max-video-preview:-1\" \/>\n<link rel=\"canonical\" href=\"https:\/\/oxygene.ski\/fr\/encore-plus-dactivites\/\" \/>\n<meta property=\"og:locale\" content=\"fr_FR\" \/>\n<meta property=\"og:type\" content=\"article\" \/>\n<meta property=\"og:title\" content=\"Encore plus d&#039;activit\u00e9s | Oxyg\u00e8ne \u00c9cole de Ski &amp; Snowboard\" \/>\n<meta property=\"og:description\" content=\"Chez Oxyg\u00e8ne, on aime la montagne et on vous la fait d\u00e9couvrir au travers de multiples activit\u00e9s. Rejoignez-nous !\" \/>\n<meta property=\"og:url\" content=\"https:\/\/oxygene.ski\/fr\/encore-plus-dactivites\/\" \/>\n<meta property=\"og:site_name\" content=\"Oxyg\u00e8ne Ski &amp; Snowboard School\" \/>\n<meta property=\"article:publisher\" content=\"https:\/\/www.facebook.com\/OxygeneSki\" \/>\n<meta property=\"article:modified_time\" content=\"2025-12-17T13:22:17+00:00\" \/>\n<meta name=\"twitter:card\" content=\"summary_large_image\" \/>\n<meta name=\"twitter:site\" content=\"@Oxygene_Ski\" \/>\n<meta name=\"twitter:label1\" content=\"Est. reading time\" \/>\n\t<meta name=\"twitter:data1\" content=\"6 minutes\" \/>\n<script type=\"application\/ld+json\" class=\"yoast-schema-graph\">{\"@context\":\"https:\/\/schema.org\",\"@graph\":[{\"@type\":\"WebPage\",\"@id\":\"https:\/\/oxygene.ski\/fr\/encore-plus-dactivites\/\",\"url\":\"https:\/\/oxygene.ski\/fr\/encore-plus-dactivites\/\",\"name\":\"Encore plus d'activit\u00e9s | Oxyg\u00e8ne \u00c9cole de Ski & Snowboard\",\"isPartOf\":{\"@id\":\"https:\/\/oxygene.ski\/#website\"},\"datePublished\":\"2025-03-21T10:25:21+00:00\",\"dateModified\":\"2025-12-17T13:22:17+00:00\",\"description\":\"Chez Oxyg\u00e8ne, on aime la montagne et on vous la fait d\u00e9couvrir au travers de multiples activit\u00e9s. Rejoignez-nous !\",\"breadcrumb\":{\"@id\":\"https:\/\/oxygene.ski\/fr\/encore-plus-dactivites\/#breadcrumb\"},\"inLanguage\":\"fr\",\"potentialAction\":[{\"@type\":\"ReadAction\",\"target\":[\"https:\/\/oxygene.ski\/fr\/encore-plus-dactivites\/\"]}]},{\"@type\":\"BreadcrumbList\",\"@id\":\"https:\/\/oxygene.ski\/fr\/encore-plus-dactivites\/#breadcrumb\",\"itemListElement\":[{\"@type\":\"ListItem\",\"position\":1,\"name\":\"Home\",\"item\":\"https:\/\/oxygene.ski\/fr\/accueil\/\"},{\"@type\":\"ListItem\",\"position\":2,\"name\":\"Encore plus d&#8217;activit\u00e9s\"}]},{\"@type\":\"WebSite\",\"@id\":\"https:\/\/oxygene.ski\/#website\",\"url\":\"https:\/\/oxygene.ski\/\",\"name\":\"Oxyg\u00e8ne Ski &amp; Snowboard School\",\"description\":\"\",\"potentialAction\":[{\"@type\":\"SearchAction\",\"target\":{\"@type\":\"EntryPoint\",\"urlTemplate\":\"https:\/\/oxygene.ski\/?s={search_term_string}\"},\"query-input\":\"required name=search_term_string\"}],\"inLanguage\":\"fr\"}]}<\/script>\n<!-- \/ Yoast SEO plugin. -->","yoast_head_json":{"title":"Encore plus d'activit\u00e9s | Oxyg\u00e8ne \u00c9cole de Ski & Snowboard","description":"Chez Oxyg\u00e8ne, on aime la montagne et on vous la fait d\u00e9couvrir au travers de multiples activit\u00e9s. Rejoignez-nous !","robots":{"index":"index","follow":"follow","max-snippet":"max-snippet:-1","max-image-preview":"max-image-preview:large","max-video-preview":"max-video-preview:-1"},"canonical":"https:\/\/oxygene.ski\/fr\/encore-plus-dactivites\/","og_locale":"fr_FR","og_type":"article","og_title":"Encore plus d'activit\u00e9s | Oxyg\u00e8ne \u00c9cole de Ski & Snowboard","og_description":"Chez Oxyg\u00e8ne, on aime la montagne et on vous la fait d\u00e9couvrir au travers de multiples activit\u00e9s. Rejoignez-nous !","og_url":"https:\/\/oxygene.ski\/fr\/encore-plus-dactivites\/","og_site_name":"Oxyg\u00e8ne Ski &amp; Snowboard School","article_publisher":"https:\/\/www.facebook.com\/OxygeneSki","article_modified_time":"2025-12-17T13:22:17+00:00","twitter_card":"summary_large_image","twitter_site":"@Oxygene_Ski","twitter_misc":{"Est. reading time":"6 minutes"},"schema":{"@context":"https:\/\/schema.org","@graph":[{"@type":"WebPage","@id":"https:\/\/oxygene.ski\/fr\/encore-plus-dactivites\/","url":"https:\/\/oxygene.ski\/fr\/encore-plus-dactivites\/","name":"Encore plus d'activit\u00e9s | Oxyg\u00e8ne \u00c9cole de Ski & Snowboard","isPartOf":{"@id":"https:\/\/oxygene.ski\/#website"},"datePublished":"2025-03-21T10:25:21+00:00","dateModified":"2025-12-17T13:22:17+00:00","description":"Chez Oxyg\u00e8ne, on aime la montagne et on vous la fait d\u00e9couvrir au travers de multiples activit\u00e9s. Rejoignez-nous !","breadcrumb":{"@id":"https:\/\/oxygene.ski\/fr\/encore-plus-dactivites\/#breadcrumb"},"inLanguage":"fr","potentialAction":[{"@type":"ReadAction","target":["https:\/\/oxygene.ski\/fr\/encore-plus-dactivites\/"]}]},{"@type":"BreadcrumbList","@id":"https:\/\/oxygene.ski\/fr\/encore-plus-dactivites\/#breadcrumb","itemListElement":[{"@type":"ListItem","position":1,"name":"Home","item":"https:\/\/oxygene.ski\/fr\/accueil\/"},{"@type":"ListItem","position":2,"name":"Encore plus d&#8217;activit\u00e9s"}]},{"@type":"WebSite","@id":"https:\/\/oxygene.ski\/#website","url":"https:\/\/oxygene.ski\/","name":"Oxyg\u00e8ne Ski &amp; Snowboard School","description":"","potentialAction":[{"@type":"SearchAction","target":{"@type":"EntryPoint","urlTemplate":"https:\/\/oxygene.ski\/?s={search_term_string}"},"query-input":"required name=search_term_string"}],"inLanguage":"fr"}]}},"_links":{"self":[{"href":"https:\/\/oxygene.ski\/fr\/wp-json\/wp\/v2\/pages\/578865"}],"collection":[{"href":"https:\/\/oxygene.ski\/fr\/wp-json\/wp\/v2\/pages"}],"about":[{"href":"https:\/\/oxygene.ski\/fr\/wp-json\/wp\/v2\/types\/page"}],"author":[{"embeddable":true,"href":"https:\/\/oxygene.ski\/fr\/wp-json\/wp\/v2\/users\/7448"}],"replies":[{"embeddable":true,"href":"https:\/\/oxygene.ski\/fr\/wp-json\/wp\/v2\/comments?post=578865"}],"version-history":[{"count":26,"href":"https:\/\/oxygene.ski\/fr\/wp-json\/wp\/v2\/pages\/578865\/revisions"}],"predecessor-version":[{"id":582743,"href":"https:\/\/oxygene.ski\/fr\/wp-json\/wp\/v2\/pages\/578865\/revisions\/582743"}],"wp:attachment":[{"href":"https:\/\/oxygene.ski\/fr\/wp-json\/wp\/v2\/media?parent=578865"}],"curies":[{"name":"wp","href":"https:\/\/api.w.org\/{rel}","templated":true}]}}