{"id":578862,"date":"2025-03-21T11:20:46","date_gmt":"2025-03-21T10:20:46","guid":{"rendered":"https:\/\/oxygene.ski\/moonbikes-2\/"},"modified":"2025-11-25T11:12:49","modified_gmt":"2025-11-25T10:12:49","slug":"moonbikes","status":"publish","type":"page","link":"https:\/\/oxygene.ski\/fr\/moonbikes\/","title":{"rendered":"Moonbikes"},"content":{"rendered":"<p>[vc_row content_placement=&#8221;middle&#8221; css=&#8221;.vc_custom_1757262706343{background-position: center !important;background-repeat: no-repeat !important;background-size: cover !important;}&#8221;][vc_column el_class=&#8221;image-column-remove-padding image-headband&#8221;][vc_single_image image=&#8221;580278&#8243; img_size=&#8221;full&#8221; el_class=&#8221;image-headband-frontpage-main&#8221;][\/vc_column][\/vc_row][vc_row][vc_column][vc_empty_space height=&#8221;50px&#8221;][\/vc_column][\/vc_row][vc_row css=&#8221;.vc_custom_1721295204059{margin-right: 5% !important;margin-left: 5% !important;}&#8221;][vc_column width=&#8221;1\/2&#8243;][vc_empty_space height=&#8221;20px&#8221;][vc_column_text]<\/p>\n<h1 style=\"text-align: left;\"><span style=\"color: #00adef;\">MOONBIKES<\/span><\/h1>\n<p>[\/vc_column_text][vc_column_text css=&#8221;.vc_custom_1724146776791{margin-right: 25% !important;}&#8221;]Une exp\u00e9rience 100% \u00e9lectrique !<\/p>\n<p>Trois fois plus l\u00e9ger qu\u2019une motoneige, silencieux, rapide et puissant, pr\u00e9parez-vous \u00e0 mettre les gaz (\u00e9lectriques) \u00e0 la Plagne ! Accompagn\u00e9 d\u2019un moniteur, partez pour une sortie forte en sensations sur un circuit d\u00e9di\u00e9, une fois les remont\u00e9es m\u00e9caniques ferm\u00e9es.[\/vc_column_text][vc_row_inner][vc_column_inner width=&#8221;1\/3&#8243;][vc_single_image image=&#8221;574182&#8243; img_size=&#8221;60&#215;60&#8243; alignment=&#8221;center&#8221; onclick=&#8221;custom_link&#8221; img_link_target=&#8221;_blank&#8221; link=&#8221;https:\/\/booking.yoplanning.pro\/4e1a2cf2-b77e-4bc7-9a1f-bd174f61282d\/?tag=746fe844-22ee-4cc1-801e-291e7457b1f0&#8243;][vc_column_text]<\/p>\n<p style=\"text-align: center;\">BELLE PLAGNE<\/p>\n<p>[\/vc_column_text][\/vc_column_inner][vc_column_inner width=&#8221;1\/3&#8243;][vc_single_image image=&#8221;574182&#8243; img_size=&#8221;60&#215;60&#8243; alignment=&#8221;center&#8221; onclick=&#8221;custom_link&#8221; img_link_target=&#8221;_blank&#8221; link=&#8221;https:\/\/booking.yoplanning.pro\/4e1a2cf2-b77e-4bc7-9a1f-bd174f61282d\/?tag=746fe844-22ee-4cc1-801e-291e7457b1f0&#8243;][vc_column_text]<\/p>\n<p style=\"text-align: center;\">LA PLAGNE<\/p>\n<p>[\/vc_column_text][\/vc_column_inner][vc_column_inner width=&#8221;1\/3&#8243;][\/vc_column_inner][\/vc_row_inner][\/vc_column][vc_column width=&#8221;1\/2&#8243;][vc_row_inner gap=&#8221;35&#8243;][vc_column_inner width=&#8221;1\/2&#8243; css=&#8221;.vc_custom_1757262815155{background-position: center !important;background-repeat: no-repeat !important;background-size: cover !important;}&#8221;][vc_single_image image=&#8221;581332&#8243; img_size=&#8221;500&#215;335&#8243; style=&#8221;vc_box_rounded&#8221;][\/vc_column_inner][vc_column_inner width=&#8221;1\/2&#8243; css=&#8221;.vc_custom_1757262893977{background-position: center !important;background-repeat: no-repeat !important;background-size: cover !important;}&#8221;][vc_single_image image=&#8221;581336&#8243; img_size=&#8221;500&#215;335&#8243; style=&#8221;vc_box_rounded&#8221;][\/vc_column_inner][\/vc_row_inner][\/vc_column][\/vc_row][vc_row][vc_column][vc_empty_space height=&#8221;75px&#8221;][\/vc_column][\/vc_row][vc_row][vc_column][vc_row_inner][vc_column_inner width=&#8221;1\/2&#8243; css=&#8221;.vc_custom_1741856885615{padding-right: 10% !important;padding-left: 10% !important;}&#8221;][vc_column_text]<\/p>\n<div class=\"wpb_text_column wpb_content_element \">\n<div class=\"wpb_wrapper\">\n<div class=\"wpb_text_column wpb_content_element \">\n<div class=\"wpb_wrapper\">\n<div class=\"wpb_text_column wpb_content_element \">\n<div class=\"wpb_wrapper\">\n<p style=\"text-align: center;\"><span style=\"color: #00adef;\"><strong>RESPECT DE LA NATURE<\/strong><\/span><\/p>\n<p style=\"text-align: center;\">Sans bruit de moteur car vous \u00eates en \u00e9lectrique, vous pouvez filer \u00e0 travers les montagnes en totale harmonie avec la nature.<\/p>\n<\/div>\n<\/div>\n<\/div>\n<\/div>\n<\/div>\n<\/div>\n<p>[\/vc_column_text][\/vc_column_inner][vc_column_inner width=&#8221;1\/2&#8243; css=&#8221;.vc_custom_1741856905956{padding-right: 10% !important;padding-left: 10% !important;}&#8221;][vc_column_text]<\/p>\n<div class=\"wpb_text_column wpb_content_element \">\n<div class=\"wpb_wrapper\">\n<div class=\"wpb_text_column wpb_content_element \">\n<div class=\"wpb_wrapper\">\n<div class=\"wpb_text_column wpb_content_element \">\n<div class=\"wpb_wrapper\">\n<p style=\"text-align: center;\"><span style=\"color: #00adef;\"><strong>L\u00c9GER &amp; MANIABLE<\/strong><\/span><\/p>\n<p style=\"text-align: center;\">Gr\u00e2ce \u00e0 leur taille et leur centre de gravit\u00e9 bas, les Moonbikes sont tr\u00e8s faciles \u00e0 conduire (\u00e0 partir de 16 ans).<\/p>\n<\/div>\n<\/div>\n<\/div>\n<\/div>\n<\/div>\n<\/div>\n<p>[\/vc_column_text][\/vc_column_inner][\/vc_row_inner][\/vc_column][\/vc_row][vc_row][vc_column][vc_empty_space height=&#8221;75px&#8221;][\/vc_column][\/vc_row][vc_row css=&#8221;.vc_custom_1723662061363{margin-right: 5% !important;margin-left: 5% !important;}&#8221;][vc_column width=&#8221;1\/2&#8243;][vc_empty_space height=&#8221;20px&#8221;][vc_column_text css=&#8221;.vc_custom_1755181491205{margin-right: 5% !important;}&#8221;]<\/p>\n<h2><span style=\"color: #00adef;\">O\u00d9, QUAND ET COMMENT ?<\/span><\/h2>\n<p>&nbsp;<\/p>\n<p>R\u00e9servez une session de Moonbike au d\u00e9part de Plagne Centre ou Belle Plagne. Une fois les remont\u00e9es m\u00e9caniques ferm\u00e9es, nos guides vous emm\u00e8nent sur des pistes d\u00e9di\u00e9es. Nous vous montrerons comment utiliser les Moonbikes avant de vous embarquer pour une sortie fun et inoubliable en montagne.[\/vc_column_text][vc_column_text]<br \/>\n\u00cates-vous pr\u00eats pour une nouvelle aventure ?<br \/>\n[\/vc_column_text][vc_btn title=&#8221;R\u00e9server maintenant&#8221; style=&#8221;outline&#8221; color=&#8221;sky&#8221; align=&#8221;left&#8221; link=&#8221;url:https%3A%2F%2Fbooking.yoplanning.pro%2F4e1a2cf2-b77e-4bc7-9a1f-bd174f61282d%2F%3Ftag%3D746fe844-22ee-4cc1-801e-291e7457b1f0|target:_blank|&#8221;][\/vc_column][vc_column width=&#8221;1\/2&#8243; css=&#8221;.vc_custom_1757262985232{background-position: center !important;background-repeat: no-repeat !important;background-size: cover !important;}&#8221; el_class=&#8221;image-column-remove-padding image-headband&#8221;][vc_single_image image=&#8221;580364&#8243; img_size=&#8221;full&#8221; style=&#8221;vc_box_rounded&#8221; el_class=&#8221;image-headband-frontpage&#8221;][\/vc_column][\/vc_row][vc_row][vc_column][vc_empty_space height=&#8221;30px&#8221;][\/vc_column][\/vc_row]<\/p>\n","protected":false},"excerpt":{"rendered":"<p>[vc_row content_placement=&#8221;middle&#8221; css=&#8221;.vc_custom_1757262706343{background-position: center !important;background-repeat: no-repeat !important;background-size: cover !important;}&#8221;][vc_column el_class=&#8221;image-column-remove-padding image-headband&#8221;][vc_single_image image=&#8221;580278&#8243; img_size=&#8221;full&#8221; el_class=&#8221;image-headband-frontpage-main&#8221;][\/vc_column][\/vc_row][vc_row][vc_column][vc_empty_space height=&#8221;50px&#8221;][\/vc_column][\/vc_row][vc_row css=&#8221;.vc_custom_1721295204059{margin-right: 5% !important;margin-left: 5% !important;}&#8221;][vc_column width=&#8221;1\/2&#8243;][vc_empty_space height=&#8221;20px&#8221;][vc_column_text] MOONBIKES [\/vc_column_text][vc_column_text css=&#8221;.vc_custom_1724146776791{margin-right: 25% !important;}&#8221;]Une exp\u00e9rience 100% \u00e9lectrique ! Trois fois plus l\u00e9ger qu\u2019une motoneige, silencieux, rapide et puissant, pr\u00e9parez-vous \u00e0 mettre les gaz (\u00e9lectriques) \u00e0 la Plagne ! Accompagn\u00e9 d\u2019un moniteur, partez [&hellip;]<\/p>\n","protected":false},"author":7448,"featured_media":0,"parent":0,"menu_order":19,"comment_status":"closed","ping_status":"closed","template":"page-full-width.php","meta":{"footnotes":""},"yoast_head":"<!-- This site is optimized with the Yoast SEO plugin v22.2 - https:\/\/yoast.com\/wordpress\/plugins\/seo\/ -->\n<title>Moonbikes | Oxyg\u00e8ne \u00c9cole de Ski &amp; Snowboard<\/title>\n<meta name=\"description\" content=\"Oxyg\u00e8ne vous pr\u00e9sente les Moonbikes, les premiers snowbikes 100% \u00e9lectriques. Pr\u00e9parez-vous \u00e0 mettre les gaz (\u00e9lectriques) \u00e0 la Plagne !\" \/>\n<meta name=\"robots\" content=\"index, follow, max-snippet:-1, max-image-preview:large, max-video-preview:-1\" \/>\n<link rel=\"canonical\" href=\"https:\/\/oxygene.ski\/fr\/moonbikes\/\" \/>\n<meta property=\"og:locale\" content=\"fr_FR\" \/>\n<meta property=\"og:type\" content=\"article\" \/>\n<meta property=\"og:title\" content=\"Moonbikes | Oxyg\u00e8ne \u00c9cole de Ski &amp; Snowboard\" \/>\n<meta property=\"og:description\" content=\"Oxyg\u00e8ne vous pr\u00e9sente les Moonbikes, les premiers snowbikes 100% \u00e9lectriques. Pr\u00e9parez-vous \u00e0 mettre les gaz (\u00e9lectriques) \u00e0 la Plagne !\" \/>\n<meta property=\"og:url\" content=\"https:\/\/oxygene.ski\/fr\/moonbikes\/\" \/>\n<meta property=\"og:site_name\" content=\"Oxyg\u00e8ne Ski &amp; Snowboard School\" \/>\n<meta property=\"article:publisher\" content=\"https:\/\/www.facebook.com\/OxygeneSki\" \/>\n<meta property=\"article:modified_time\" content=\"2025-11-25T10:12:49+00:00\" \/>\n<meta name=\"twitter:card\" content=\"summary_large_image\" \/>\n<meta name=\"twitter:site\" content=\"@Oxygene_Ski\" \/>\n<meta name=\"twitter:label1\" content=\"Est. reading time\" \/>\n\t<meta name=\"twitter:data1\" content=\"2 minutes\" \/>\n<script type=\"application\/ld+json\" class=\"yoast-schema-graph\">{\"@context\":\"https:\/\/schema.org\",\"@graph\":[{\"@type\":\"WebPage\",\"@id\":\"https:\/\/oxygene.ski\/fr\/moonbikes\/\",\"url\":\"https:\/\/oxygene.ski\/fr\/moonbikes\/\",\"name\":\"Moonbikes | Oxyg\u00e8ne \u00c9cole de Ski & Snowboard\",\"isPartOf\":{\"@id\":\"https:\/\/oxygene.ski\/#website\"},\"datePublished\":\"2025-03-21T10:20:46+00:00\",\"dateModified\":\"2025-11-25T10:12:49+00:00\",\"description\":\"Oxyg\u00e8ne vous pr\u00e9sente les Moonbikes, les premiers snowbikes 100% \u00e9lectriques. Pr\u00e9parez-vous \u00e0 mettre les gaz (\u00e9lectriques) \u00e0 la Plagne !\",\"breadcrumb\":{\"@id\":\"https:\/\/oxygene.ski\/fr\/moonbikes\/#breadcrumb\"},\"inLanguage\":\"fr\",\"potentialAction\":[{\"@type\":\"ReadAction\",\"target\":[\"https:\/\/oxygene.ski\/fr\/moonbikes\/\"]}]},{\"@type\":\"BreadcrumbList\",\"@id\":\"https:\/\/oxygene.ski\/fr\/moonbikes\/#breadcrumb\",\"itemListElement\":[{\"@type\":\"ListItem\",\"position\":1,\"name\":\"Home\",\"item\":\"https:\/\/oxygene.ski\/fr\/accueil\/\"},{\"@type\":\"ListItem\",\"position\":2,\"name\":\"Moonbikes\"}]},{\"@type\":\"WebSite\",\"@id\":\"https:\/\/oxygene.ski\/#website\",\"url\":\"https:\/\/oxygene.ski\/\",\"name\":\"Oxyg\u00e8ne Ski &amp; Snowboard School\",\"description\":\"\",\"potentialAction\":[{\"@type\":\"SearchAction\",\"target\":{\"@type\":\"EntryPoint\",\"urlTemplate\":\"https:\/\/oxygene.ski\/?s={search_term_string}\"},\"query-input\":\"required name=search_term_string\"}],\"inLanguage\":\"fr\"}]}<\/script>\n<!-- \/ Yoast SEO plugin. -->","yoast_head_json":{"title":"Moonbikes | Oxyg\u00e8ne \u00c9cole de Ski & Snowboard","description":"Oxyg\u00e8ne vous pr\u00e9sente les Moonbikes, les premiers snowbikes 100% \u00e9lectriques. Pr\u00e9parez-vous \u00e0 mettre les gaz (\u00e9lectriques) \u00e0 la Plagne !","robots":{"index":"index","follow":"follow","max-snippet":"max-snippet:-1","max-image-preview":"max-image-preview:large","max-video-preview":"max-video-preview:-1"},"canonical":"https:\/\/oxygene.ski\/fr\/moonbikes\/","og_locale":"fr_FR","og_type":"article","og_title":"Moonbikes | Oxyg\u00e8ne \u00c9cole de Ski & Snowboard","og_description":"Oxyg\u00e8ne vous pr\u00e9sente les Moonbikes, les premiers snowbikes 100% \u00e9lectriques. Pr\u00e9parez-vous \u00e0 mettre les gaz (\u00e9lectriques) \u00e0 la Plagne !","og_url":"https:\/\/oxygene.ski\/fr\/moonbikes\/","og_site_name":"Oxyg\u00e8ne Ski &amp; Snowboard School","article_publisher":"https:\/\/www.facebook.com\/OxygeneSki","article_modified_time":"2025-11-25T10:12:49+00:00","twitter_card":"summary_large_image","twitter_site":"@Oxygene_Ski","twitter_misc":{"Est. reading time":"2 minutes"},"schema":{"@context":"https:\/\/schema.org","@graph":[{"@type":"WebPage","@id":"https:\/\/oxygene.ski\/fr\/moonbikes\/","url":"https:\/\/oxygene.ski\/fr\/moonbikes\/","name":"Moonbikes | Oxyg\u00e8ne \u00c9cole de Ski & Snowboard","isPartOf":{"@id":"https:\/\/oxygene.ski\/#website"},"datePublished":"2025-03-21T10:20:46+00:00","dateModified":"2025-11-25T10:12:49+00:00","description":"Oxyg\u00e8ne vous pr\u00e9sente les Moonbikes, les premiers snowbikes 100% \u00e9lectriques. Pr\u00e9parez-vous \u00e0 mettre les gaz (\u00e9lectriques) \u00e0 la Plagne !","breadcrumb":{"@id":"https:\/\/oxygene.ski\/fr\/moonbikes\/#breadcrumb"},"inLanguage":"fr","potentialAction":[{"@type":"ReadAction","target":["https:\/\/oxygene.ski\/fr\/moonbikes\/"]}]},{"@type":"BreadcrumbList","@id":"https:\/\/oxygene.ski\/fr\/moonbikes\/#breadcrumb","itemListElement":[{"@type":"ListItem","position":1,"name":"Home","item":"https:\/\/oxygene.ski\/fr\/accueil\/"},{"@type":"ListItem","position":2,"name":"Moonbikes"}]},{"@type":"WebSite","@id":"https:\/\/oxygene.ski\/#website","url":"https:\/\/oxygene.ski\/","name":"Oxyg\u00e8ne Ski &amp; Snowboard School","description":"","potentialAction":[{"@type":"SearchAction","target":{"@type":"EntryPoint","urlTemplate":"https:\/\/oxygene.ski\/?s={search_term_string}"},"query-input":"required name=search_term_string"}],"inLanguage":"fr"}]}},"_links":{"self":[{"href":"https:\/\/oxygene.ski\/fr\/wp-json\/wp\/v2\/pages\/578862"}],"collection":[{"href":"https:\/\/oxygene.ski\/fr\/wp-json\/wp\/v2\/pages"}],"about":[{"href":"https:\/\/oxygene.ski\/fr\/wp-json\/wp\/v2\/types\/page"}],"author":[{"embeddable":true,"href":"https:\/\/oxygene.ski\/fr\/wp-json\/wp\/v2\/users\/7448"}],"replies":[{"embeddable":true,"href":"https:\/\/oxygene.ski\/fr\/wp-json\/wp\/v2\/comments?post=578862"}],"version-history":[{"count":27,"href":"https:\/\/oxygene.ski\/fr\/wp-json\/wp\/v2\/pages\/578862\/revisions"}],"predecessor-version":[{"id":582422,"href":"https:\/\/oxygene.ski\/fr\/wp-json\/wp\/v2\/pages\/578862\/revisions\/582422"}],"wp:attachment":[{"href":"https:\/\/oxygene.ski\/fr\/wp-json\/wp\/v2\/media?parent=578862"}],"curies":[{"name":"wp","href":"https:\/\/api.w.org\/{rel}","templated":true}]}}