{"id":578858,"date":"2025-03-21T11:11:21","date_gmt":"2025-03-21T10:11:21","guid":{"rendered":"https:\/\/oxygene.ski\/meribel\/"},"modified":"2026-01-14T11:55:13","modified_gmt":"2026-01-14T10:55:13","slug":"ecole-ski-meribel","status":"publish","type":"page","link":"https:\/\/oxygene.ski\/fr\/ecole-ski-meribel\/","title":{"rendered":"M\u00e9ribel"},"content":{"rendered":"<p>[vc_row content_placement=&#8221;middle&#8221; css=&#8221;.vc_custom_1757262445688{background-position: center !important;background-repeat: no-repeat !important;background-size: cover !important;}&#8221;][vc_column el_class=&#8221;image-column-remove-padding image-headband&#8221;][vc_single_image image=&#8221;581324&#8243; img_size=&#8221;full&#8221; el_class=&#8221;image-headband-frontpage-main&#8221;][\/vc_column][\/vc_row][vc_row][vc_column][vc_empty_space height=&#8221;50px&#8221;][\/vc_column][\/vc_row][vc_row css=&#8221;.vc_custom_1723108676047{margin-right: 5% !important;margin-left: 5% !important;}&#8221;][vc_column width=&#8221;1\/2&#8243;][vc_column_text]<\/p>\n<h1 style=\"text-align: left;\"><span style=\"color: #00adef;\">BIENVENUE \u00c0 M\u00c9RIBEL<\/span><\/h1>\n<div id=\"gtx-trans\" style=\"position: absolute; left: 256px; top: -0.5625px;\">\n<div class=\"gtx-trans-icon\"><\/div>\n<\/div>\n<p>[\/vc_column_text][vc_column_text css=&#8221;.vc_custom_1737449827012{margin-right: 20px !important;}&#8221;]Notre \u00e9cole de ski Oxyg\u00e8ne \u00e0 M\u00e9ribel est r\u00e9put\u00e9e pour ses cours de ski depuis 30 ans. Nous proposons une s\u00e9lection de cours collectifs de ski et de snowboard pour les enfants et les adultes, des cours priv\u00e9s et des sessions hors-piste. M\u00e9ribel est le c\u0153ur battant des Trois Vall\u00e9es et un endroit id\u00e9al pour explorer celle-ci. Avec un enseignement multi-langues et notre zone exclusive pour d\u00e9butants, nous sommes certains que vous succomberez, vous aussi, au charme de M\u00e9ribel.<\/p>\n<p>Situ\u00e9e au c\u0153ur des Trois Vall\u00e9es, M\u00e9ribel est autant r\u00e9put\u00e9e pour sa beaut\u00e9 unique que pour son ambiance nocturne. Elle est connect\u00e9e de fa\u00e7on naturelle aux vall\u00e9es voisines et peut ainsi \u00e9tendre son domaine skiable \u00e0 plus de 600 km de pistes parfaitement dam\u00e9es. Avec son atmosph\u00e8re festive et la qualit\u00e9 de ses pistes, M\u00e9ribel promet de la magie \u00e0 tous les amoureux de la montagne.[\/vc_column_text][vc_column_text]<br \/>\n<strong>Ouvert du 6 d\u00e9cembre au 18 avril 2026<\/strong>. Plus de 71 pistes sur plus de 150km.<br \/>\n[\/vc_column_text][vc_row_inner][vc_column_inner width=&#8221;1\/2&#8243;][vc_btn title=&#8221;Guide des niveaux&#8221; link=&#8221;url:https%3A%2F%2Foxygene.ski%2Ffr%2Fconnaitre-son-niveau-de-ski%2F|target:_blank|&#8221;][\/vc_column_inner][vc_column_inner width=&#8221;1\/2&#8243;][vc_btn title=&#8221;Plan des pistes de M\u00e9ribel&#8221; link=&#8221;url:https%3A%2F%2Flive.lumiplan.pro%2Flive.php%3Fresort%3D3v%26module%3Douvertures|target:_blank|&#8221;][\/vc_column_inner][\/vc_row_inner][\/vc_column][vc_column width=&#8221;1\/2&#8243; el_class=&#8221;image-column-remove-padding image-headband&#8221;][vc_single_image image=&#8221;581673&#8243; img_size=&#8221;full&#8221; style=&#8221;vc_box_rounded&#8221; el_class=&#8221;image-headband-frontpage&#8221;][\/vc_column][\/vc_row][vc_row css=&#8221;.vc_custom_1751985289113{margin-right: 5% !important;margin-left: 5% !important;}&#8221;][vc_column][vc_empty_space height=&#8221;75px&#8221;][vc_column_text]<\/p>\n<h2 style=\"text-align: left;\"><span style=\"color: #00adef;\">NOS COURS<\/span><\/h2>\n<p>[\/vc_column_text][\/vc_column][\/vc_row][vc_row css=&#8221;.vc_custom_1723108733576{margin-right: 5% !important;margin-left: 5% !important;}&#8221;][vc_column width=&#8221;1\/4&#8243;][vc_single_image image=&#8221;582761&#8243; img_size=&#8221;400&#215;250&#8243; style=&#8221;vc_box_rounded&#8221; css=&#8221;.vc_custom_1767184300737{background-position: center !important;background-repeat: no-repeat !important;background-size: cover !important;}&#8221;][vc_column_text css=&#8221;.vc_custom_1767176510078{padding-right: 20% !important;}&#8221;]<\/p>\n<h6><strong>Cours collectifs enfants<\/strong><\/h6>\n<p>Nos cours collectifs pour enfants \u00e0 M\u00e9ribel allient plaisir et r\u00e9el progr\u00e8s sur les pistes. Nos petits groupes garantissent s\u00e9curit\u00e9, convivialit\u00e9 et enseignement cibl\u00e9. Les d\u00e9butants commencent dans le confort de notre jardin de neige priv\u00e9, tandis que les skieurs plus exp\u00e9riment\u00e9s d\u00e9valeront les 3 Vall\u00e9es. Quel que soit leur niveau, votre enfant d\u00e9veloppera ses comp\u00e9tences, gagnera en confiance et reviendra avec un grand sourire.[\/vc_column_text][vc_btn title=&#8221;R\u00e9server maintenant&#8221; style=&#8221;outline&#8221; color=&#8221;sky&#8221; link=&#8221;url:https%3A%2F%2Fbooking.yoplanning.pro%2F7dc573eb-50ed-4d8c-9879-8ffaf2ee922e%2F%3Ftag%3Db46d9c4a-2943-471a-9045-8d8f09501365|target:_blank|&#8221;][\/vc_column][vc_column width=&#8221;1\/4&#8243;][vc_single_image image=&#8221;580259&#8243; img_size=&#8221;400&#215;250&#8243; style=&#8221;vc_box_rounded&#8221; css=&#8221;.vc_custom_1755093555508{background-position: center !important;background-repeat: no-repeat !important;background-size: cover !important;}&#8221;][vc_column_text css=&#8221;.vc_custom_1760969042444{padding-right: 20% !important;}&#8221;]<\/p>\n<h6><strong>Cours collectifs adolescents<\/strong><\/h6>\n<p>Nous proposons des cours de ski Pro-Rider pour les adolescents de 12 \u00e0 17 ans. Ces sessions, pour skieurs confirm\u00e9s, visent \u00e0 repousser leurs limites et \u00e0 am\u00e9liorer leur technique pour exceller sur tous les terrains.[\/vc_column_text][vc_btn title=&#8221;R\u00e9server maintenant&#8221; style=&#8221;outline&#8221; color=&#8221;sky&#8221; link=&#8221;url:https%3A%2F%2Fbooking.yoplanning.pro%2F7dc573eb-50ed-4d8c-9879-8ffaf2ee922e%2F%3Ftag%3Dd754d1e3-2db5-4404-87c5-9a86dade2b6f|target:_blank|&#8221;][\/vc_column][vc_column width=&#8221;1\/4&#8243;][vc_single_image image=&#8221;580289&#8243; img_size=&#8221;400&#215;250&#8243; style=&#8221;vc_box_rounded&#8221; css=&#8221;.vc_custom_1755093578237{background-position: center !important;background-repeat: no-repeat !important;background-size: cover !important;}&#8221;][vc_column_text css=&#8221;.vc_custom_1760969049485{padding-right: 20% !important;}&#8221;]<\/p>\n<h6><strong>Cours collectifs adultes<\/strong><\/h6>\n<p>\u00c0 M\u00e9ribel, vous trouverez des cours collectifs adultes. Notre objectif : satisfaire tous les \u00e2ges, les go\u00fbts et les comp\u00e9tences \u00e0 travers un apprentissage ludique.\u00a0Des tranquilles premi\u00e8res courbes aux descentes les plus techniques, nous vous emm\u00e8nerons l\u00e0 o\u00f9 vous le souhaitez.[\/vc_column_text][vc_btn title=&#8221;R\u00e9server maintenant&#8221; style=&#8221;outline&#8221; color=&#8221;sky&#8221; link=&#8221;url:https%3A%2F%2Fbooking.yoplanning.pro%2F7dc573eb-50ed-4d8c-9879-8ffaf2ee922e%2F%3Ftag%3D66b3666b-7234-4d8c-86d9-658d3ba22369|target:_blank|&#8221;][\/vc_column][vc_column width=&#8221;1\/4&#8243;][vc_single_image image=&#8221;577089&#8243; img_size=&#8221;400&#215;250&#8243; style=&#8221;vc_box_rounded&#8221; css=&#8221;.vc_custom_1755093587011{background-position: center !important;background-repeat: no-repeat !important;background-size: cover !important;}&#8221;][vc_column_text css=&#8221;.vc_custom_1760969056020{padding-right: 20% !important;}&#8221;]<\/p>\n<h6><strong>Cours collectifs snowboard<\/strong><\/h6>\n<p>Participez \u00e0 nos cours collectifs de snowboard : les d\u00e9butants s\u2019initieront \u00e0 cette discipline et en perceront tous les secrets, tandis que les riders exp\u00e9riment\u00e9s perfectionneront leur technique tout en explorant le domaine.[\/vc_column_text][vc_btn title=&#8221;R\u00e9server maintenant&#8221; style=&#8221;outline&#8221; color=&#8221;sky&#8221; link=&#8221;url:https%3A%2F%2Fbooking.yoplanning.pro%2F7dc573eb-50ed-4d8c-9879-8ffaf2ee922e%2F%3Ftag%3Dfd949ebd-7f79-4611-ba1e-f5e98ca5fd42|target:_blank|&#8221;][\/vc_column][\/vc_row][vc_row][vc_column][vc_empty_space height=&#8221;25px&#8221;][\/vc_column][\/vc_row][vc_row css=&#8221;.vc_custom_1723108748514{margin-right: 5% !important;margin-left: 5% !important;}&#8221;][vc_column width=&#8221;1\/4&#8243;][vc_single_image image=&#8221;580254&#8243; img_size=&#8221;400&#215;250&#8243; style=&#8221;vc_box_rounded&#8221; css=&#8221;.vc_custom_1755093596410{background-position: center !important;background-repeat: no-repeat !important;background-size: cover !important;}&#8221;][vc_column_text css=&#8221;.vc_custom_1760969063540{padding-right: 20% !important;}&#8221;]<\/p>\n<h6><strong>Cours priv\u00e9s<\/strong><\/h6>\n<p>En t\u00eate-\u00e0-t\u00eate avec un moniteur Oxyg\u00e8ne, profitez-en pour am\u00e9liorer votre niveau de ski ou de snowboard. Les cours priv\u00e9s sont accessibles pour toutes les disciplines. Vous pouvez choisir d\u2019\u00eatre seul ou de partager ce moment unique avec vos amis ou votre famille.[\/vc_column_text][vc_btn title=&#8221;R\u00e9server maintenant&#8221; style=&#8221;outline&#8221; color=&#8221;sky&#8221; link=&#8221;url:https%3A%2F%2Fbooking.yoplanning.pro%2F7dc573eb-50ed-4d8c-9879-8ffaf2ee922e%2F%3Ftag%3D45fc46b8-cab9-4a0a-9ef5-35919514ac67|target:_blank|&#8221;][\/vc_column][vc_column width=&#8221;1\/4&#8243;][vc_single_image image=&#8221;580250&#8243; img_size=&#8221;400&#215;250&#8243; style=&#8221;vc_box_rounded&#8221; css=&#8221;.vc_custom_1755093604768{background-position: center !important;background-repeat: no-repeat !important;background-size: cover !important;}&#8221;][vc_column_text css=&#8221;.vc_custom_1760969070940{padding-right: 20% !important;}&#8221;]<\/p>\n<h6><strong>Hors-piste<\/strong><\/h6>\n<p>Retrouvez-vous dans la neige fra\u00eeche avec un moniteur Oxyg\u00e8ne et explorer la montagne en apprenant \u00e0 faire du hors-piste. Vous \u00eates d\u00e9j\u00e0 aguerris, pas de souci ! Nos moniteurs vous montreront leurs meilleurs endroits pour faire le plein de poudreuse.[\/vc_column_text][vc_btn title=&#8221;R\u00e9server maintenant&#8221; style=&#8221;outline&#8221; color=&#8221;sky&#8221; link=&#8221;url:https%3A%2F%2Fbooking.yoplanning.pro%2F7dc573eb-50ed-4d8c-9879-8ffaf2ee922e%2F%3Ftag%3Db1ebacb9-4451-4be3-9c3d-fb04aac27908|target:_blank|&#8221;][\/vc_column][vc_column width=&#8221;1\/4&#8243;][vc_single_image image=&#8221;580245&#8243; img_size=&#8221;400&#215;250&#8243; style=&#8221;vc_box_rounded&#8221; css=&#8221;.vc_custom_1755093612854{background-position: center !important;background-repeat: no-repeat !important;background-size: cover !important;}&#8221;][vc_column_text css=&#8221;.vc_custom_1760969121941{padding-right: 20% !important;}&#8221;]<\/p>\n<h6><strong>Handiski<\/strong><\/h6>\n<p>Oxyg\u00e8ne s\u2019engage depuis toujours \u00e0 rendre les sports de glisse accessibles aux personnes \u00e0 mobilit\u00e9 r\u00e9duite et\/ou ayant des besoins sp\u00e9cifiques. Nous offrons des cours de handiski personnalis\u00e9s, adapt\u00e9s \u00e0 vos attentes et \u00e0 vos besoins.[\/vc_column_text][vc_btn title=&#8221;R\u00e9server maintenant&#8221; style=&#8221;outline&#8221; color=&#8221;sky&#8221; link=&#8221;url:https%3A%2F%2Fbooking.yoplanning.pro%2F7dc573eb-50ed-4d8c-9879-8ffaf2ee922e%2F%3Ftag%3Dea5e5cca-f2f6-4590-8634-65e7f5bc98ae|target:_blank|&#8221;][\/vc_column][vc_column width=&#8221;1\/4&#8243;][\/vc_column][\/vc_row][vc_row][vc_column][vc_empty_space height=&#8221;75px&#8221;][\/vc_column][\/vc_row][vc_row css=&#8221;.vc_custom_1723108681859{margin-right: 5% !important;margin-left: 5% !important;}&#8221;][vc_column width=&#8221;1\/2&#8243;][vc_empty_space height=&#8221;10px&#8221;][vc_column_text]<\/p>\n<h2 style=\"text-align: left;\"><span style=\"color: #00adef;\">POINT DE RENDEZ-VOUS<\/span><\/h2>\n<div id=\"gtx-trans\" style=\"position: absolute; left: -67px; top: -0.5625px;\">\n<div class=\"gtx-trans-icon\"><\/div>\n<\/div>\n<p>[\/vc_column_text][vc_column_text css=&#8221;.vc_custom_1754914626695{margin-right: 25% !important;}&#8221;]R\u00e9servation en poche et crochets des chaussures ferm\u00e9s ? Parfait.<\/p>\n<p>Il est temps de rejoindre nos moniteurs au point de rencontre de M\u00e9ribel. Nous vous attendrons en bas de la t\u00e9l\u00e9cabine des Rhodos, sur le front de neige o\u00f9 les pistes se rejoignent \u00e0 La Chaudanne. Vous avez un doute ? Vous apercevrez nos drapeaux Oxyg\u00e8ne et nos moniteurs en bleu et orange qui vous attendent avec un large sourire.<br \/>\n[\/vc_column_text][vc_btn title=&#8221;Voir la carte&#8221; link=&#8221;url:https%3A%2F%2Fmaps.app.goo.gl%2FBbrYt4WqKBZMXZ8h9|target:_blank|&#8221;][\/vc_column][vc_column width=&#8221;1\/2&#8243; el_class=&#8221;image-column-remove-padding image-headband&#8221;][vc_single_image image=&#8221;580396&#8243; img_size=&#8221;full&#8221; style=&#8221;vc_box_rounded&#8221; el_class=&#8221;image-headband-frontpage&#8221;][\/vc_column][\/vc_row][vc_row][vc_column][vc_empty_space height=&#8221;75px&#8221;][\/vc_column][\/vc_row][vc_row css=&#8221;.vc_custom_1723108695390{margin-right: 5% !important;margin-left: 5% !important;}&#8221;][vc_column width=&#8221;1\/2&#8243;][vc_empty_space height=&#8221;25px&#8221;][vc_column_text]<\/p>\n<h2 style=\"text-align: left;\"><span style=\"color: #00adef;\">SERVICE DE BUS<\/span><\/h2>\n<p>[\/vc_column_text][vc_column_text css=&#8221;.vc_custom_1724068102814{margin-right: 20% !important;}&#8221;]Un bus gratuit relie r\u00e9guli\u00e8rement tout l\u2019hiver les Allues \u00e0 M\u00e9ribel Village, M\u00e9ribel Centre et Mottaret (sans oublier tous les petits villages entre).[\/vc_column_text][\/vc_column][vc_column width=&#8221;1\/2&#8243; el_class=&#8221;image-column-remove-padding image-headband&#8221;][vc_single_image image=&#8221;581328&#8243; img_size=&#8221;full&#8221; style=&#8221;vc_box_rounded&#8221; el_class=&#8221;image-headband-frontpage&#8221;][\/vc_column][\/vc_row][vc_row][vc_column][vc_empty_space height=&#8221;75px&#8221;][\/vc_column][\/vc_row][vc_row css=&#8221;.vc_custom_1723108765228{margin-right: 5% !important;margin-left: 5% !important;}&#8221;][vc_column][vc_column_text]<\/p>\n<h3 style=\"text-align: left;\"><span style=\"color: #00adef;\">DES QUESTIONS ? CONTACTEZ-NOUS<\/span><\/h3>\n<p>[\/vc_column_text][vc_empty_space height=&#8221;30px&#8221;][vc_row_inner][vc_column_inner width=&#8221;1\/3&#8243;][vc_single_image image=&#8221;572826&#8243; img_size=&#8221;medium&#8221; alignment=&#8221;center&#8221;][vc_column_text]<\/p>\n<p style=\"text-align: center;\">Oxyg\u00e8ne \u00c9cole de Ski &amp; Snowboard\u00a0<strong>M\u00e9ribel<\/strong><br \/>\nDisponibles toute l\u2019ann\u00e9e, nous serons ravis de mettre<br \/>\nnotre expertise \u00e0 votre disposition.<\/p>\n<p>[\/vc_column_text][vc_btn title=&#8221;+33 (0)4 79 08 53 36&#8243; align=&#8221;center&#8221; link=&#8221;url:tel%3A%2B33479085336|&#8221;][\/vc_column_inner][vc_column_inner width=&#8221;1\/3&#8243;][vc_single_image image=&#8221;582804&#8243; img_size=&#8221;full&#8221; alignment=&#8221;center&#8221;][vc_column_text]<\/p>\n<p style=\"text-align: center;\">Vous pouvez aussi nous contacter sur WhatsApp.<\/p>\n<p>[\/vc_column_text][vc_empty_space][vc_btn title=&#8221;+33 (0)6 14 93 69 03&#8243; align=&#8221;center&#8221; link=&#8221;url:https%3A%2F%2Fwa.me%2F33614936903|&#8221;][\/vc_column_inner][vc_column_inner width=&#8221;1\/3&#8243;][vc_single_image image=&#8221;572829&#8243; img_size=&#8221;medium&#8221; alignment=&#8221;center&#8221;][vc_column_text]<\/p>\n<p style=\"text-align: center;\">Oxyg\u00e8ne \u00c9cole de Ski &amp; Snowboard\u00a0<strong>M\u00e9ribel<\/strong><br \/>\nGalerie des Cimes, 351 rue des Glaciers \u2013 73550 M\u00e9ribel<\/p>\n<p>[\/vc_column_text][vc_btn title=&#8221;Voir le plan&#8221; align=&#8221;center&#8221; link=&#8221;url:https%3A%2F%2Fwww.google.com%2Fmaps%2Fplace%2FOxyg%25C3%25A8ne%2BEcole%2Bde%2BSki%2B%2526%2BSnowboard%2BM%25C3%25A9ribel%2F%4045.3473307%2C6.4847197%2C12z%2Fdata%3D%214m10%211m2%212m1%211sOxyg%25C3%25A8ne%2BSki%2B%2526%2BSnowboard%2BSchool%2BM%25C3%25A9ribel%213m6%211s0x478978ac2d59a011%3A0x32986cb275898025%218m2%213d45.3921727%214d6.5679863%2115sCihPeHlnw6huZSBTa2kgJiBTbm93Ym9hcmQgU2Nob29sIE3DqXJpYmVskgEKc2tpX3NjaG9vbOABAA%2116s%252Fg%252F1tfb0wps%3Fentry%3Dttu|target:_blank|&#8221;][\/vc_column_inner][\/vc_row_inner][vc_empty_space][vc_single_image image=&#8221;572831&#8243; alignment=&#8221;center&#8221;][vc_column_text]<\/p>\n<h4 style=\"text-align: center;\"><span style=\"color: #00adef;\">\u00c9CRIVEZ-NOUS !<\/span><\/h4>\n<p>[\/vc_column_text][vc_btn title=&#8221;meribel@oxygene.ski&#8221; align=&#8221;center&#8221; link=&#8221;url:mailto%3A%20meribel%40oxygene.ski|target:_blank|&#8221;][vc_empty_space][\/vc_column][\/vc_row]<\/p>\n","protected":false},"excerpt":{"rendered":"<p>[vc_row content_placement=&#8221;middle&#8221; css=&#8221;.vc_custom_1757262445688{background-position: center !important;background-repeat: no-repeat !important;background-size: cover !important;}&#8221;][vc_column el_class=&#8221;image-column-remove-padding image-headband&#8221;][vc_single_image image=&#8221;581324&#8243; img_size=&#8221;full&#8221; el_class=&#8221;image-headband-frontpage-main&#8221;][\/vc_column][\/vc_row][vc_row][vc_column][vc_empty_space height=&#8221;50px&#8221;][\/vc_column][\/vc_row][vc_row css=&#8221;.vc_custom_1723108676047{margin-right: 5% !important;margin-left: 5% !important;}&#8221;][vc_column width=&#8221;1\/2&#8243;][vc_column_text] BIENVENUE \u00c0 M\u00c9RIBEL [\/vc_column_text][vc_column_text css=&#8221;.vc_custom_1737449827012{margin-right: 20px !important;}&#8221;]Notre \u00e9cole de ski Oxyg\u00e8ne \u00e0 M\u00e9ribel est r\u00e9put\u00e9e pour ses cours de ski depuis 30 ans. Nous proposons une s\u00e9lection de cours collectifs de ski et de [&hellip;]<\/p>\n","protected":false},"author":7448,"featured_media":0,"parent":0,"menu_order":19,"comment_status":"closed","ping_status":"closed","template":"page-full-width.php","meta":{"footnotes":""},"yoast_head":"<!-- This site is optimized with the Yoast SEO plugin v22.2 - https:\/\/yoast.com\/wordpress\/plugins\/seo\/ -->\n<title>Bienvenue \u00e0 M\u00e9ribel | Oxyg\u00e8ne \u00c9cole de Ski &amp; Snowboard<\/title>\n<meta name=\"description\" content=\"Oxyg\u00e8ne M\u00e9ribel, votre \u00e9cole de ski qui propose un large \u00e9ventail de cours collectifs, de cours priv\u00e9s, de sessions hors-piste et de cours handiski.\" \/>\n<meta name=\"robots\" content=\"index, follow, max-snippet:-1, max-image-preview:large, max-video-preview:-1\" \/>\n<link rel=\"canonical\" href=\"https:\/\/oxygene.ski\/fr\/ecole-ski-meribel\/\" \/>\n<meta property=\"og:locale\" content=\"fr_FR\" \/>\n<meta property=\"og:type\" content=\"article\" \/>\n<meta property=\"og:title\" content=\"Bienvenue \u00e0 M\u00e9ribel | Oxyg\u00e8ne \u00c9cole de Ski &amp; Snowboard\" \/>\n<meta property=\"og:description\" content=\"Oxyg\u00e8ne M\u00e9ribel, votre \u00e9cole de ski qui propose un large \u00e9ventail de cours collectifs, de cours priv\u00e9s, de sessions hors-piste et de cours handiski.\" \/>\n<meta property=\"og:url\" content=\"https:\/\/oxygene.ski\/fr\/ecole-ski-meribel\/\" \/>\n<meta property=\"og:site_name\" content=\"Oxyg\u00e8ne Ski &amp; Snowboard School\" \/>\n<meta property=\"article:publisher\" content=\"https:\/\/www.facebook.com\/OxygeneSki\" \/>\n<meta property=\"article:modified_time\" content=\"2026-01-14T10:55:13+00:00\" \/>\n<meta name=\"twitter:card\" content=\"summary_large_image\" \/>\n<meta name=\"twitter:site\" content=\"@Oxygene_Ski\" \/>\n<meta name=\"twitter:label1\" content=\"Est. reading time\" \/>\n\t<meta name=\"twitter:data1\" content=\"7 minutes\" \/>\n<script type=\"application\/ld+json\" class=\"yoast-schema-graph\">{\"@context\":\"https:\/\/schema.org\",\"@graph\":[{\"@type\":\"WebPage\",\"@id\":\"https:\/\/oxygene.ski\/fr\/ecole-ski-meribel\/\",\"url\":\"https:\/\/oxygene.ski\/fr\/ecole-ski-meribel\/\",\"name\":\"Bienvenue \u00e0 M\u00e9ribel | Oxyg\u00e8ne \u00c9cole de Ski & Snowboard\",\"isPartOf\":{\"@id\":\"https:\/\/oxygene.ski\/#website\"},\"datePublished\":\"2025-03-21T10:11:21+00:00\",\"dateModified\":\"2026-01-14T10:55:13+00:00\",\"description\":\"Oxyg\u00e8ne M\u00e9ribel, votre \u00e9cole de ski qui propose un large \u00e9ventail de cours collectifs, de cours priv\u00e9s, de sessions hors-piste et de cours handiski.\",\"breadcrumb\":{\"@id\":\"https:\/\/oxygene.ski\/fr\/ecole-ski-meribel\/#breadcrumb\"},\"inLanguage\":\"fr\",\"potentialAction\":[{\"@type\":\"ReadAction\",\"target\":[\"https:\/\/oxygene.ski\/fr\/ecole-ski-meribel\/\"]}]},{\"@type\":\"BreadcrumbList\",\"@id\":\"https:\/\/oxygene.ski\/fr\/ecole-ski-meribel\/#breadcrumb\",\"itemListElement\":[{\"@type\":\"ListItem\",\"position\":1,\"name\":\"Home\",\"item\":\"https:\/\/oxygene.ski\/fr\/accueil\/\"},{\"@type\":\"ListItem\",\"position\":2,\"name\":\"M\u00e9ribel\"}]},{\"@type\":\"WebSite\",\"@id\":\"https:\/\/oxygene.ski\/#website\",\"url\":\"https:\/\/oxygene.ski\/\",\"name\":\"Oxyg\u00e8ne Ski &amp; Snowboard School\",\"description\":\"\",\"potentialAction\":[{\"@type\":\"SearchAction\",\"target\":{\"@type\":\"EntryPoint\",\"urlTemplate\":\"https:\/\/oxygene.ski\/?s={search_term_string}\"},\"query-input\":\"required name=search_term_string\"}],\"inLanguage\":\"fr\"}]}<\/script>\n<!-- \/ Yoast SEO plugin. -->","yoast_head_json":{"title":"Bienvenue \u00e0 M\u00e9ribel | Oxyg\u00e8ne \u00c9cole de Ski & Snowboard","description":"Oxyg\u00e8ne M\u00e9ribel, votre \u00e9cole de ski qui propose un large \u00e9ventail de cours collectifs, de cours priv\u00e9s, de sessions hors-piste et de cours handiski.","robots":{"index":"index","follow":"follow","max-snippet":"max-snippet:-1","max-image-preview":"max-image-preview:large","max-video-preview":"max-video-preview:-1"},"canonical":"https:\/\/oxygene.ski\/fr\/ecole-ski-meribel\/","og_locale":"fr_FR","og_type":"article","og_title":"Bienvenue \u00e0 M\u00e9ribel | Oxyg\u00e8ne \u00c9cole de Ski & Snowboard","og_description":"Oxyg\u00e8ne M\u00e9ribel, votre \u00e9cole de ski qui propose un large \u00e9ventail de cours collectifs, de cours priv\u00e9s, de sessions hors-piste et de cours handiski.","og_url":"https:\/\/oxygene.ski\/fr\/ecole-ski-meribel\/","og_site_name":"Oxyg\u00e8ne Ski &amp; Snowboard School","article_publisher":"https:\/\/www.facebook.com\/OxygeneSki","article_modified_time":"2026-01-14T10:55:13+00:00","twitter_card":"summary_large_image","twitter_site":"@Oxygene_Ski","twitter_misc":{"Est. reading time":"7 minutes"},"schema":{"@context":"https:\/\/schema.org","@graph":[{"@type":"WebPage","@id":"https:\/\/oxygene.ski\/fr\/ecole-ski-meribel\/","url":"https:\/\/oxygene.ski\/fr\/ecole-ski-meribel\/","name":"Bienvenue \u00e0 M\u00e9ribel | Oxyg\u00e8ne \u00c9cole de Ski & Snowboard","isPartOf":{"@id":"https:\/\/oxygene.ski\/#website"},"datePublished":"2025-03-21T10:11:21+00:00","dateModified":"2026-01-14T10:55:13+00:00","description":"Oxyg\u00e8ne M\u00e9ribel, votre \u00e9cole de ski qui propose un large \u00e9ventail de cours collectifs, de cours priv\u00e9s, de sessions hors-piste et de cours handiski.","breadcrumb":{"@id":"https:\/\/oxygene.ski\/fr\/ecole-ski-meribel\/#breadcrumb"},"inLanguage":"fr","potentialAction":[{"@type":"ReadAction","target":["https:\/\/oxygene.ski\/fr\/ecole-ski-meribel\/"]}]},{"@type":"BreadcrumbList","@id":"https:\/\/oxygene.ski\/fr\/ecole-ski-meribel\/#breadcrumb","itemListElement":[{"@type":"ListItem","position":1,"name":"Home","item":"https:\/\/oxygene.ski\/fr\/accueil\/"},{"@type":"ListItem","position":2,"name":"M\u00e9ribel"}]},{"@type":"WebSite","@id":"https:\/\/oxygene.ski\/#website","url":"https:\/\/oxygene.ski\/","name":"Oxyg\u00e8ne Ski &amp; Snowboard School","description":"","potentialAction":[{"@type":"SearchAction","target":{"@type":"EntryPoint","urlTemplate":"https:\/\/oxygene.ski\/?s={search_term_string}"},"query-input":"required name=search_term_string"}],"inLanguage":"fr"}]}},"_links":{"self":[{"href":"https:\/\/oxygene.ski\/fr\/wp-json\/wp\/v2\/pages\/578858"}],"collection":[{"href":"https:\/\/oxygene.ski\/fr\/wp-json\/wp\/v2\/pages"}],"about":[{"href":"https:\/\/oxygene.ski\/fr\/wp-json\/wp\/v2\/types\/page"}],"author":[{"embeddable":true,"href":"https:\/\/oxygene.ski\/fr\/wp-json\/wp\/v2\/users\/7448"}],"replies":[{"embeddable":true,"href":"https:\/\/oxygene.ski\/fr\/wp-json\/wp\/v2\/comments?post=578858"}],"version-history":[{"count":29,"href":"https:\/\/oxygene.ski\/fr\/wp-json\/wp\/v2\/pages\/578858\/revisions"}],"predecessor-version":[{"id":582863,"href":"https:\/\/oxygene.ski\/fr\/wp-json\/wp\/v2\/pages\/578858\/revisions\/582863"}],"wp:attachment":[{"href":"https:\/\/oxygene.ski\/fr\/wp-json\/wp\/v2\/media?parent=578858"}],"curies":[{"name":"wp","href":"https:\/\/api.w.org\/{rel}","templated":true}]}}