{"id":578850,"date":"2025-03-21T10:48:20","date_gmt":"2025-03-21T09:48:20","guid":{"rendered":"https:\/\/oxygene.ski\/les-menuires\/"},"modified":"2026-02-10T09:39:48","modified_gmt":"2026-02-10T08:39:48","slug":"ecole-de-ski-les-menuires","status":"publish","type":"page","link":"https:\/\/oxygene.ski\/fr\/ecole-de-ski-les-menuires\/","title":{"rendered":"Les Menuires"},"content":{"rendered":"<p>[vc_row content_placement=&#8221;middle&#8221; css=&#8221;.vc_custom_1757261045367{background-position: center !important;background-repeat: no-repeat !important;background-size: cover !important;}&#8221;][vc_column el_class=&#8221;image-column-remove-padding image-headband&#8221;][vc_single_image image=&#8221;581310&#8243; img_size=&#8221;full&#8221; el_class=&#8221;image-headband-frontpage-main&#8221;][\/vc_column][\/vc_row][vc_row][vc_column][vc_empty_space height=&#8221;50px&#8221;][\/vc_column][\/vc_row][vc_row css=&#8221;.vc_custom_1723108676047{margin-right: 5% !important;margin-left: 5% !important;}&#8221;][vc_column width=&#8221;1\/2&#8243;][vc_column_text]<\/p>\n<h1 style=\"text-align: left;\"><span style=\"color: #00adef;\">BIENVENUE AUX MENUIRES<\/span><\/h1>\n<div id=\"gtx-trans\" style=\"position: absolute; left: 271px; top: 64.4375px;\">\n<div class=\"gtx-trans-icon\"><\/div>\n<\/div>\n<p>[\/vc_column_text][vc_column_text css=&#8221;.vc_custom_1732804878963{margin-right: 20px !important;}&#8221;]Situ\u00e9e dans la vall\u00e9e des Belleville, cette station familiale ravira petits et grands. Les Menuires saura \u00e9galement satisfaire les skieurs et snowboardeurs les plus exp\u00e9riment\u00e9s avec des pistes au-del\u00e0 de 2 700 m\u00e8tres d\u2019altitude. Comme dans les autres stations Oxyg\u00e8ne, vous retrouverez des cours de ski et snowboard en cours collectifs ou priv\u00e9s, ainsi que des sorties hors-piste, le tout encadr\u00e9 par une \u00e9quipe sympathique et qualifi\u00e9e.<\/p>\n<p>Construite en 1964, la station des Menuires se situe \u00e0 1850 m\u00e8tres d\u2019altitude et vous propose plus de 70 pistes pour tous les niveaux. Les Menuires vous permet aussi d\u2019acc\u00e9der aux domaines des 3 Vall\u00e9es. La station est bien connue des familles et offre une multitude d\u2019activit\u00e9s et d\u2019infrastructures pour petits et grands.[\/vc_column_text][vc_column_text]<br \/>\n<strong>Ouvert du 6 d\u00e9cembre au 17 avril 2026<\/strong>. Plus de 81 pistes sur plus de 160km.<br \/>\n[\/vc_column_text][vc_row_inner][vc_column_inner width=&#8221;1\/2&#8243;][vc_btn title=&#8221;Guide des niveaux&#8221; link=&#8221;url:https%3A%2F%2Foxygene.ski%2Ffr%2Fconnaitre-son-niveau-de-ski%2F|target:_blank|&#8221;][\/vc_column_inner][vc_column_inner width=&#8221;1\/2&#8243;][vc_btn title=&#8221;Plan des pistes des Menuires&#8221; link=&#8221;url:https%3A%2F%2Fstatic.lesmenuires.com%2Ffiles%2Fplan-pistes-Menuires-Saint-Martin.pdf|target:_blank|&#8221;][\/vc_column_inner][\/vc_row_inner][\/vc_column][vc_column width=&#8221;1\/2&#8243; el_class=&#8221;image-column-remove-padding image-headband&#8221;][vc_single_image image=&#8221;581312&#8243; img_size=&#8221;full&#8221; style=&#8221;vc_box_rounded&#8221; el_class=&#8221;image-headband-frontpage&#8221;][\/vc_column][\/vc_row][vc_row css=&#8221;.vc_custom_1751984937501{margin-right: 5% !important;margin-left: 5% !important;}&#8221;][vc_column][vc_empty_space height=&#8221;75px&#8221;][vc_column_text]<\/p>\n<h2 style=\"text-align: left;\"><span style=\"color: #00adef;\">NOS COURS<\/span><\/h2>\n<p>[\/vc_column_text][\/vc_column][\/vc_row][vc_row css=&#8221;.vc_custom_1723108733576{margin-right: 5% !important;margin-left: 5% !important;}&#8221;][vc_column width=&#8221;1\/4&#8243;][vc_single_image image=&#8221;580223&#8243; img_size=&#8221;400&#215;250&#8243; style=&#8221;vc_box_rounded&#8221; css=&#8221;.vc_custom_1757941225419{background-position: center !important;background-repeat: no-repeat !important;background-size: cover !important;}&#8221;][vc_column_text css=&#8221;.vc_custom_1760968664354{padding-right: 20% !important;}&#8221;]<\/p>\n<h6><strong>Cours collectifs enfants<\/strong><\/h6>\n<p>Nous proposons des cours de ski collectifs pour enfants aux Menuires. Les cours sont organis\u00e9s par niveau et \u00e2ge, avec un nombre limit\u00e9 de participants. Nos sessions visent \u00e0 renforcer la confiance et am\u00e9liorer la technique de ski.[\/vc_column_text][vc_btn title=&#8221;R\u00e9server maintenant&#8221; style=&#8221;outline&#8221; color=&#8221;sky&#8221; link=&#8221;url:https%3A%2F%2Fbooking.yoplanning.pro%2F77738c58-6c53-4241-b88a-8f333097ccfd%2F%3Ftag%3D447711ab-9eb3-439e-a8ad-ee5bcc471b6a|target:_blank|&#8221;][\/vc_column][vc_column width=&#8221;1\/4&#8243;][vc_single_image image=&#8221;580289&#8243; img_size=&#8221;400&#215;250&#8243; style=&#8221;vc_box_rounded&#8221; css=&#8221;.vc_custom_1757941233861{background-position: center !important;background-repeat: no-repeat !important;background-size: cover !important;}&#8221;][vc_column_text css=&#8221;.vc_custom_1760968670458{padding-right: 20% !important;}&#8221;]<\/p>\n<h6><strong>Cours collectifs adultes<\/strong><\/h6>\n<p>Chez Oxyg\u00e8ne La Menuires, vous trouverez des cours collectifs adultes. Notre objectif : satisfaire tous les \u00e2ges, les go\u00fbts et les comp\u00e9tences \u00e0 travers un apprentissage ludique. Des tranquilles premi\u00e8res courbes aux descentes les plus techniques, nous vous emm\u00e8nerons l\u00e0 o\u00f9 vous le souhaitez.[\/vc_column_text][vc_btn title=&#8221;R\u00e9server maintenant&#8221; style=&#8221;outline&#8221; color=&#8221;sky&#8221; link=&#8221;url:https%3A%2F%2Fbooking.yoplanning.pro%2F77738c58-6c53-4241-b88a-8f333097ccfd%2F%3Ftag%3Df19000c0-4b68-4ad8-83d0-3636ecdd5376|target:_blank|&#8221;][\/vc_column][vc_column width=&#8221;1\/4&#8243;][vc_single_image image=&#8221;577089&#8243; img_size=&#8221;400&#215;250&#8243; style=&#8221;vc_box_rounded&#8221; css=&#8221;.vc_custom_1757941244364{background-position: center !important;background-repeat: no-repeat !important;background-size: cover !important;}&#8221;][vc_column_text css=&#8221;.vc_custom_1760968678722{padding-right: 20% !important;}&#8221;]<\/p>\n<h6><strong>Cours collectifs snowboard<\/strong><\/h6>\n<p>Profitez de cours collectifs de snowboard : les d\u00e9butants d\u00e9couvriront cette discipline qui n\u2019aura plus de secrets pour eux et les riders confirm\u00e9s pourront affiner leur technique tout en profitant du domaine.[\/vc_column_text][vc_btn title=&#8221;R\u00e9server maintenant&#8221; style=&#8221;outline&#8221; color=&#8221;sky&#8221; link=&#8221;url:https%3A%2F%2Fbooking.yoplanning.pro%2F77738c58-6c53-4241-b88a-8f333097ccfd%2F%3Ftag%3Dccef2a72-0c5a-4489-a490-c326c5e3038e|target:_blank|&#8221;][\/vc_column][vc_column width=&#8221;1\/4&#8243;][vc_single_image image=&#8221;580254&#8243; img_size=&#8221;400&#215;250&#8243; style=&#8221;vc_box_rounded&#8221; css=&#8221;.vc_custom_1757941252886{background-position: center !important;background-repeat: no-repeat !important;background-size: cover !important;}&#8221;][vc_column_text css=&#8221;.vc_custom_1760968684802{padding-right: 20% !important;}&#8221;]<\/p>\n<h6><strong>Cours priv\u00e9s<\/strong><\/h6>\n<p>Seul avec un moniteur Oxyg\u00e8ne, profitez d\u2019un cours particulier pour progresser et am\u00e9liorer votre glisse. Les cours priv\u00e9s sont disponibles pour toutes les disciplines. Jouez l\u00e0 perso pour soigner votre progression ou d\u00e9cidez de partager ce moment avec vos amis et\/ou votre famille.[\/vc_column_text][vc_btn title=&#8221;R\u00e9server maintenant&#8221; style=&#8221;outline&#8221; color=&#8221;sky&#8221; link=&#8221;url:https%3A%2F%2Fbooking.yoplanning.pro%2F77738c58-6c53-4241-b88a-8f333097ccfd%2F%3Ftag%3D9a4e35a7-fb46-4bbd-8d8a-a530aab78348|target:_blank|&#8221;][\/vc_column][\/vc_row][vc_row][vc_column][vc_empty_space height=&#8221;25px&#8221;][\/vc_column][\/vc_row][vc_row css=&#8221;.vc_custom_1723108748514{margin-right: 5% !important;margin-left: 5% !important;}&#8221;][vc_column width=&#8221;1\/4&#8243;][vc_single_image image=&#8221;580250&#8243; img_size=&#8221;400&#215;250&#8243; style=&#8221;vc_box_rounded&#8221; css=&#8221;.vc_custom_1757941264584{background-position: center !important;background-repeat: no-repeat !important;background-size: cover !important;}&#8221;][vc_column_text css=&#8221;.vc_custom_1760968692730{padding-right: 20% !important;}&#8221;]<\/p>\n<h6><strong>Hors-piste<\/strong><\/h6>\n<p>Allez tracer la neige fra\u00eeche avec un moniteur Oxyg\u00e8ne et explorer la vraie nature de la montagne en apprenant \u00e0 faire du hors-piste. Vous \u00eates d\u00e9j\u00e0 aguerris, pas de souci ! Nos moniteurs vous feront d\u00e9couvrir leurs meilleurs endroits.[\/vc_column_text][vc_btn title=&#8221;R\u00e9server maintenant&#8221; style=&#8221;outline&#8221; color=&#8221;sky&#8221; link=&#8221;url:https%3A%2F%2Fbooking.yoplanning.pro%2F77738c58-6c53-4241-b88a-8f333097ccfd%2F%3Ftag%3D96339366-10f2-4255-8c26-18a4e82e0e43|target:_blank|&#8221;][\/vc_column][vc_column width=&#8221;1\/4&#8243;][vc_single_image image=&#8221;580245&#8243; img_size=&#8221;400&#215;250&#8243; style=&#8221;vc_box_rounded&#8221; css=&#8221;.vc_custom_1757941273898{background-position: center !important;background-repeat: no-repeat !important;background-size: cover !important;}&#8221;][vc_column_text css=&#8221;.vc_custom_1760968699252{padding-right: 20% !important;}&#8221;]<\/p>\n<h6><strong>Handiski<\/strong><\/h6>\n<p>Depuis toujours, Oxyg\u00e8ne s\u2019engage \u00e0 rendre la glisse accessible \u00e0 toutes les personnes \u00e0 mobilit\u00e9 r\u00e9duite avec des besoins sp\u00e9cifiques. Nous vous proposons des cours handiski sur mesure, adapt\u00e9s \u00e0 vos besoins et \u00e0 vos envies.[\/vc_column_text][vc_btn title=&#8221;R\u00e9server maintenant&#8221; style=&#8221;outline&#8221; color=&#8221;sky&#8221; link=&#8221;url:https%3A%2F%2Fbooking.yoplanning.pro%2F77738c58-6c53-4241-b88a-8f333097ccfd%2F%3Ftag%3D8360d208-ed00-4c2b-9178-d75fb0d7d17b|&#8221;][\/vc_column][vc_column width=&#8221;1\/4&#8243;][vc_single_image image=&#8221;578273&#8243; img_size=&#8221;400&#215;250&#8243; style=&#8221;vc_box_rounded&#8221; css=&#8221;.vc_custom_1757941282852{background-position: center !important;background-repeat: no-repeat !important;background-size: cover !important;}&#8221;][vc_column_text css=&#8221;.vc_custom_1760968706210{padding-right: 20% !important;}&#8221;]<\/p>\n<h6><strong>Activit\u00e9s outdoor<\/strong><\/h6>\n<p>Oxyg\u00e8ne, c\u2019est du ski et du snowboard sous toutes ses formes, mais pas que ! vous pouvez aussi profiter de la neige et de l\u2019apr\u00e8s-ski en d\u00e9couvrant la montagne autrement gr\u00e2ce \u00e0 nos activit\u00e9s outdoor.[\/vc_column_text][vc_btn title=&#8221;R\u00e9server maintenant&#8221; style=&#8221;outline&#8221; color=&#8221;sky&#8221; link=&#8221;url:https%3A%2F%2Fbooking.yoplanning.pro%2F77738c58-6c53-4241-b88a-8f333097ccfd%2F%3Ftag%3D94ea945a-5813-4365-9db6-0e4bcd0409d5|&#8221;][\/vc_column][vc_column width=&#8221;1\/4&#8243;][\/vc_column][\/vc_row][vc_row][vc_column][vc_empty_space height=&#8221;75px&#8221;][\/vc_column][\/vc_row][vc_row css=&#8221;.vc_custom_1723108681859{margin-right: 5% !important;margin-left: 5% !important;}&#8221;][vc_column width=&#8221;1\/2&#8243;][vc_column_text]<\/p>\n<h2 style=\"text-align: left;\"><span style=\"color: #00adef;\">POINT DE RENDEZ-VOUS<\/span><\/h2>\n<div id=\"gtx-trans\" style=\"position: absolute; left: -67px; top: -0.5625px;\">\n<div class=\"gtx-trans-icon\"><\/div>\n<\/div>\n<p>[\/vc_column_text][vc_column_text css=&#8221;.vc_custom_1726751487834{margin-right: 25% !important;}&#8221;]Le point de rendez-vous Oxyg\u00e8ne pour les cours se trouve sur le front de neige de Reberty, vers les restaurants La Ferme de Rerberty et l\u2019Igloo. Vous apercevrez nos drapeaux Oxyg\u00e8ne, nos tenues bleues et orange et nos grands sourires ![\/vc_column_text][vc_btn title=&#8221;Voir la carte&#8221; link=&#8221;url:https%3A%2F%2Fgoo.gl%2Fmaps%2FW1mJ9WoHzznztcYj7|target:_blank|&#8221;][\/vc_column][vc_column width=&#8221;1\/2&#8243; el_class=&#8221;image-column-remove-padding image-headband&#8221;][vc_single_image image=&#8221;581314&#8243; img_size=&#8221;full&#8221; style=&#8221;vc_box_rounded&#8221; el_class=&#8221;image-headband-frontpage&#8221;][\/vc_column][\/vc_row][vc_row][vc_column][vc_empty_space height=&#8221;75px&#8221;][\/vc_column][\/vc_row][vc_row css=&#8221;.vc_custom_1723108695390{margin-right: 5% !important;margin-left: 5% !important;}&#8221;][vc_column width=&#8221;1\/2&#8243;][vc_empty_space height=&#8221;10px&#8221;][vc_column_text]<\/p>\n<h2 style=\"text-align: left;\"><span style=\"color: #00adef;\">SERVICE NAVETTES &#8211; LES MENUIRES<\/span><\/h2>\n<p>[\/vc_column_text][vc_column_text css=&#8221;.vc_custom_1770712076815{margin-right: 20% !important;}&#8221;]2 options s&#8217;offrente \u00e0 vous :<\/p>\n<p style=\"padding-left: 40px;\"><strong>Oxyvan<\/strong> : si vous prenez des cours avec nous, renseignez-vous aupr\u00e8s du bureau.<\/p>\n<p style=\"padding-left: 40px;\"><strong>Navettes Les Menuires<\/strong> : pour vous d\u00e9placer facilement, ces navettes gratuites circulent r\u00e9guli\u00e8rement entre les quartiers des Menuires : elles relient La Croisette \u00e0 Reberty 1850 et 2000, au hameau des Airelles, aux Fontanettes et aux Bruy\u00e8res.<\/p>\n<p>Des navettes inter-stations assurent \u00e9galement la liaison entre Saint-Martin-de-Belleville, Les Menuires et Val Thorens, en desservant les villages interm\u00e9diaires (Le Lavassay, Praranger, Les Granges, Saint-Marcel et Villarabout).[\/vc_column_text][\/vc_column][vc_column width=&#8221;1\/2&#8243; el_class=&#8221;image-column-remove-padding image-headband&#8221;][vc_single_image image=&#8221;581192&#8243; img_size=&#8221;full&#8221; style=&#8221;vc_box_rounded&#8221; el_class=&#8221;image-headband-frontpage&#8221;][\/vc_column][\/vc_row][vc_row][vc_column][vc_empty_space height=&#8221;75px&#8221;][\/vc_column][\/vc_row][vc_row css=&#8221;.vc_custom_1723108765228{margin-right: 5% !important;margin-left: 5% !important;}&#8221;][vc_column][vc_column_text]<\/p>\n<h3 style=\"text-align: left;\"><span style=\"color: #00adef;\">DES QUESTIONS ? CONTACTEZ-NOUS<\/span><\/h3>\n<p>[\/vc_column_text][vc_empty_space height=&#8221;30px&#8221;][vc_row_inner][vc_column_inner width=&#8221;1\/3&#8243;][vc_single_image image=&#8221;572826&#8243; img_size=&#8221;medium&#8221; alignment=&#8221;center&#8221;][vc_column_text]<\/p>\n<p style=\"text-align: center;\">Oxyg\u00e8ne \u00c9cole de Ski &amp; Snowboard\u00a0<strong>Les Menuires<\/strong><br \/>\nDisponibles toute l\u2019ann\u00e9e, nous serons ravis de mettre<br \/>\nnotre expertise \u00e0 votre disposition.<\/p>\n<p>[\/vc_column_text][vc_btn title=&#8221;+33 (0)4 79 24 31 52&#8243; align=&#8221;center&#8221; link=&#8221;url:tel%3A%2B33479243152|&#8221;][\/vc_column_inner][vc_column_inner width=&#8221;1\/3&#8243;][vc_single_image image=&#8221;582804&#8243; img_size=&#8221;full&#8221; alignment=&#8221;center&#8221;][vc_column_text]<\/p>\n<p style=\"text-align: center;\">Vous pouvez aussi nous contacter directement sur WhatsApp.<\/p>\n<p>[\/vc_column_text][vc_empty_space][vc_btn title=&#8221;+33 (0)7 69 90 01 33&#8243; align=&#8221;center&#8221; link=&#8221;url:https%3A%2F%2Fwa.me%2F33769900133|&#8221;][\/vc_column_inner][vc_column_inner width=&#8221;1\/3&#8243;][vc_single_image image=&#8221;572829&#8243; img_size=&#8221;medium&#8221; alignment=&#8221;center&#8221;][vc_column_text]<\/p>\n<p style=\"text-align: center;\">Oxyg\u00e8ne \u00c9cole de Ski &amp; Snowboard\u00a0<strong>Les Menuires<\/strong><br \/>\nReberty \u2013 Chalet Alex \u2013 73440 Les Menuires<\/p>\n<p>[\/vc_column_text][vc_btn title=&#8221;Voir le plan&#8221; align=&#8221;center&#8221; link=&#8221;url:https%3A%2F%2Fwww.google.com%2Fmaps%2Fplace%2FOxyg%25C3%25A8ne%2BEcole%2Bde%2BSki%2B%2526%2BSnowboard%2BLes%2BMenuires%2F%4045.3172075%2C6.5429743%2C17z%2Fdata%3D%213m1%214b1%214m6%213m5%211s0x47898715af8602e5%3A0x190c3423577322c0%218m2%213d45.3172075%214d6.5455492%2116s%252Fg%252F11f3_xs12y%3Fentry%3Dttu|target:_blank|&#8221;][\/vc_column_inner][\/vc_row_inner][vc_empty_space][vc_single_image image=&#8221;572831&#8243; alignment=&#8221;center&#8221;][vc_column_text]<\/p>\n<h4 style=\"text-align: center;\"><span style=\"color: #00adef;\">\u00c9CRIVEZ-NOUS !<\/span><\/h4>\n<p>[\/vc_column_text][vc_btn title=&#8221;lesmenuires@oxygene.ski&#8221; align=&#8221;center&#8221; link=&#8221;url:mailto%3A%20lesmenuires%40oxygene.ski|target:_blank|&#8221;][vc_empty_space][\/vc_column][\/vc_row]<\/p>\n","protected":false},"excerpt":{"rendered":"<p>[vc_row content_placement=&#8221;middle&#8221; css=&#8221;.vc_custom_1757261045367{background-position: center !important;background-repeat: no-repeat !important;background-size: cover !important;}&#8221;][vc_column el_class=&#8221;image-column-remove-padding image-headband&#8221;][vc_single_image image=&#8221;581310&#8243; img_size=&#8221;full&#8221; el_class=&#8221;image-headband-frontpage-main&#8221;][\/vc_column][\/vc_row][vc_row][vc_column][vc_empty_space height=&#8221;50px&#8221;][\/vc_column][\/vc_row][vc_row css=&#8221;.vc_custom_1723108676047{margin-right: 5% !important;margin-left: 5% !important;}&#8221;][vc_column width=&#8221;1\/2&#8243;][vc_column_text] BIENVENUE AUX MENUIRES [\/vc_column_text][vc_column_text css=&#8221;.vc_custom_1732804878963{margin-right: 20px !important;}&#8221;]Situ\u00e9e dans la vall\u00e9e des Belleville, cette station familiale ravira petits et grands. Les Menuires saura \u00e9galement satisfaire les skieurs et snowboardeurs les plus exp\u00e9riment\u00e9s avec des pistes [&hellip;]<\/p>\n","protected":false},"author":7448,"featured_media":0,"parent":0,"menu_order":19,"comment_status":"closed","ping_status":"closed","template":"page-full-width.php","meta":{"footnotes":""},"yoast_head":"<!-- This site is optimized with the Yoast SEO plugin v22.2 - https:\/\/yoast.com\/wordpress\/plugins\/seo\/ -->\n<title>Bienvenue aux Menuires | Oxyg\u00e8ne \u00c9cole de Ski &amp; Snowboard<\/title>\n<meta name=\"description\" content=\"Oxyg\u00e8ne Les Menuires, votre \u00e9cole de ski qui propose un large \u00e9ventail de cours collectifs, de cours priv\u00e9s, de hors-piste, de cours handiski et d&#039;activit\u00e9s.\" \/>\n<meta name=\"robots\" content=\"index, follow, max-snippet:-1, max-image-preview:large, max-video-preview:-1\" \/>\n<link rel=\"canonical\" href=\"https:\/\/oxygene.ski\/fr\/ecole-de-ski-les-menuires\/\" \/>\n<meta property=\"og:locale\" content=\"fr_FR\" \/>\n<meta property=\"og:type\" content=\"article\" \/>\n<meta property=\"og:title\" content=\"Bienvenue aux Menuires | Oxyg\u00e8ne \u00c9cole de Ski &amp; Snowboard\" \/>\n<meta property=\"og:description\" content=\"Oxyg\u00e8ne Les Menuires, votre \u00e9cole de ski qui propose un large \u00e9ventail de cours collectifs, de cours priv\u00e9s, de hors-piste, de cours handiski et d&#039;activit\u00e9s.\" \/>\n<meta property=\"og:url\" content=\"https:\/\/oxygene.ski\/fr\/ecole-de-ski-les-menuires\/\" \/>\n<meta property=\"og:site_name\" content=\"Oxyg\u00e8ne Ski &amp; Snowboard School\" \/>\n<meta property=\"article:publisher\" content=\"https:\/\/www.facebook.com\/OxygeneSki\" \/>\n<meta property=\"article:modified_time\" content=\"2026-02-10T08:39:48+00:00\" \/>\n<meta name=\"twitter:card\" content=\"summary_large_image\" \/>\n<meta name=\"twitter:site\" content=\"@Oxygene_Ski\" \/>\n<meta name=\"twitter:label1\" content=\"Est. reading time\" \/>\n\t<meta name=\"twitter:data1\" content=\"7 minutes\" \/>\n<script type=\"application\/ld+json\" class=\"yoast-schema-graph\">{\"@context\":\"https:\/\/schema.org\",\"@graph\":[{\"@type\":\"WebPage\",\"@id\":\"https:\/\/oxygene.ski\/fr\/ecole-de-ski-les-menuires\/\",\"url\":\"https:\/\/oxygene.ski\/fr\/ecole-de-ski-les-menuires\/\",\"name\":\"Bienvenue aux Menuires | Oxyg\u00e8ne \u00c9cole de Ski & Snowboard\",\"isPartOf\":{\"@id\":\"https:\/\/oxygene.ski\/#website\"},\"datePublished\":\"2025-03-21T09:48:20+00:00\",\"dateModified\":\"2026-02-10T08:39:48+00:00\",\"description\":\"Oxyg\u00e8ne Les Menuires, votre \u00e9cole de ski qui propose un large \u00e9ventail de cours collectifs, de cours priv\u00e9s, de hors-piste, de cours handiski et d'activit\u00e9s.\",\"breadcrumb\":{\"@id\":\"https:\/\/oxygene.ski\/fr\/ecole-de-ski-les-menuires\/#breadcrumb\"},\"inLanguage\":\"fr\",\"potentialAction\":[{\"@type\":\"ReadAction\",\"target\":[\"https:\/\/oxygene.ski\/fr\/ecole-de-ski-les-menuires\/\"]}]},{\"@type\":\"BreadcrumbList\",\"@id\":\"https:\/\/oxygene.ski\/fr\/ecole-de-ski-les-menuires\/#breadcrumb\",\"itemListElement\":[{\"@type\":\"ListItem\",\"position\":1,\"name\":\"Home\",\"item\":\"https:\/\/oxygene.ski\/fr\/accueil\/\"},{\"@type\":\"ListItem\",\"position\":2,\"name\":\"Les Menuires\"}]},{\"@type\":\"WebSite\",\"@id\":\"https:\/\/oxygene.ski\/#website\",\"url\":\"https:\/\/oxygene.ski\/\",\"name\":\"Oxyg\u00e8ne Ski &amp; Snowboard School\",\"description\":\"\",\"potentialAction\":[{\"@type\":\"SearchAction\",\"target\":{\"@type\":\"EntryPoint\",\"urlTemplate\":\"https:\/\/oxygene.ski\/?s={search_term_string}\"},\"query-input\":\"required name=search_term_string\"}],\"inLanguage\":\"fr\"}]}<\/script>\n<!-- \/ Yoast SEO plugin. -->","yoast_head_json":{"title":"Bienvenue aux Menuires | Oxyg\u00e8ne \u00c9cole de Ski & Snowboard","description":"Oxyg\u00e8ne Les Menuires, votre \u00e9cole de ski qui propose un large \u00e9ventail de cours collectifs, de cours priv\u00e9s, de hors-piste, de cours handiski et d'activit\u00e9s.","robots":{"index":"index","follow":"follow","max-snippet":"max-snippet:-1","max-image-preview":"max-image-preview:large","max-video-preview":"max-video-preview:-1"},"canonical":"https:\/\/oxygene.ski\/fr\/ecole-de-ski-les-menuires\/","og_locale":"fr_FR","og_type":"article","og_title":"Bienvenue aux Menuires | Oxyg\u00e8ne \u00c9cole de Ski & Snowboard","og_description":"Oxyg\u00e8ne Les Menuires, votre \u00e9cole de ski qui propose un large \u00e9ventail de cours collectifs, de cours priv\u00e9s, de hors-piste, de cours handiski et d'activit\u00e9s.","og_url":"https:\/\/oxygene.ski\/fr\/ecole-de-ski-les-menuires\/","og_site_name":"Oxyg\u00e8ne Ski &amp; Snowboard School","article_publisher":"https:\/\/www.facebook.com\/OxygeneSki","article_modified_time":"2026-02-10T08:39:48+00:00","twitter_card":"summary_large_image","twitter_site":"@Oxygene_Ski","twitter_misc":{"Est. reading time":"7 minutes"},"schema":{"@context":"https:\/\/schema.org","@graph":[{"@type":"WebPage","@id":"https:\/\/oxygene.ski\/fr\/ecole-de-ski-les-menuires\/","url":"https:\/\/oxygene.ski\/fr\/ecole-de-ski-les-menuires\/","name":"Bienvenue aux Menuires | Oxyg\u00e8ne \u00c9cole de Ski & Snowboard","isPartOf":{"@id":"https:\/\/oxygene.ski\/#website"},"datePublished":"2025-03-21T09:48:20+00:00","dateModified":"2026-02-10T08:39:48+00:00","description":"Oxyg\u00e8ne Les Menuires, votre \u00e9cole de ski qui propose un large \u00e9ventail de cours collectifs, de cours priv\u00e9s, de hors-piste, de cours handiski et d'activit\u00e9s.","breadcrumb":{"@id":"https:\/\/oxygene.ski\/fr\/ecole-de-ski-les-menuires\/#breadcrumb"},"inLanguage":"fr","potentialAction":[{"@type":"ReadAction","target":["https:\/\/oxygene.ski\/fr\/ecole-de-ski-les-menuires\/"]}]},{"@type":"BreadcrumbList","@id":"https:\/\/oxygene.ski\/fr\/ecole-de-ski-les-menuires\/#breadcrumb","itemListElement":[{"@type":"ListItem","position":1,"name":"Home","item":"https:\/\/oxygene.ski\/fr\/accueil\/"},{"@type":"ListItem","position":2,"name":"Les Menuires"}]},{"@type":"WebSite","@id":"https:\/\/oxygene.ski\/#website","url":"https:\/\/oxygene.ski\/","name":"Oxyg\u00e8ne Ski &amp; Snowboard School","description":"","potentialAction":[{"@type":"SearchAction","target":{"@type":"EntryPoint","urlTemplate":"https:\/\/oxygene.ski\/?s={search_term_string}"},"query-input":"required name=search_term_string"}],"inLanguage":"fr"}]}},"_links":{"self":[{"href":"https:\/\/oxygene.ski\/fr\/wp-json\/wp\/v2\/pages\/578850"}],"collection":[{"href":"https:\/\/oxygene.ski\/fr\/wp-json\/wp\/v2\/pages"}],"about":[{"href":"https:\/\/oxygene.ski\/fr\/wp-json\/wp\/v2\/types\/page"}],"author":[{"embeddable":true,"href":"https:\/\/oxygene.ski\/fr\/wp-json\/wp\/v2\/users\/7448"}],"replies":[{"embeddable":true,"href":"https:\/\/oxygene.ski\/fr\/wp-json\/wp\/v2\/comments?post=578850"}],"version-history":[{"count":40,"href":"https:\/\/oxygene.ski\/fr\/wp-json\/wp\/v2\/pages\/578850\/revisions"}],"predecessor-version":[{"id":582970,"href":"https:\/\/oxygene.ski\/fr\/wp-json\/wp\/v2\/pages\/578850\/revisions\/582970"}],"wp:attachment":[{"href":"https:\/\/oxygene.ski\/fr\/wp-json\/wp\/v2\/media?parent=578850"}],"curies":[{"name":"wp","href":"https:\/\/api.w.org\/{rel}","templated":true}]}}