{"id":578847,"date":"2025-03-21T10:29:09","date_gmt":"2025-03-21T09:29:09","guid":{"rendered":"https:\/\/oxygene.ski\/mentions-legales-2\/"},"modified":"2025-11-25T11:13:00","modified_gmt":"2025-11-25T10:13:00","slug":"mentions-legales-2","status":"publish","type":"page","link":"https:\/\/oxygene.ski\/fr\/mentions-legales-2\/","title":{"rendered":"Mentions l\u00e9gales"},"content":{"rendered":"<p>[vc_row css=&#8221;.vc_custom_1489493682930{padding-top: 50px !important;padding-bottom: 50px !important;}&#8221;][vc_column css=&#8221;.vc_custom_1714040662326{background-color: #ffffff !important;}&#8221;][vc_empty_space height=&#8221;100px&#8221;][vc_column_text css_animation=&#8221;fadeInUp&#8221;]<\/p>\n<h1 style=\"text-align: center;\"><span style=\"color: #00adef;\"><strong>MENTIONS L\u00c9GALES<br \/>\n<\/strong><\/span><\/h1>\n<div id=\"gtx-trans\" style=\"position: absolute; left: 151px; top: -4.09375px;\">\n<div class=\"gtx-trans-icon\"><\/div>\n<\/div>\n<p>[\/vc_column_text][vc_separator color=&#8221;black&#8221; el_width=&#8221;10&#8243; css_animation=&#8221;appear&#8221;][vc_empty_space][\/vc_column][\/vc_row][vc_row][vc_column width=&#8221;1\/5&#8243;][\/vc_column][vc_column width=&#8221;1\/5&#8243;][vc_column_text]<\/p>\n<h3>DESIGN DU SITE<\/h3>\n<p>Propaganda<br \/>\n318 Avenue Mar\u00e9chal Leclerc<br \/>\n73700 Bourg Saint Maurice<br \/>\n04 57 37 82 16[\/vc_column_text][\/vc_column][vc_column width=&#8221;1\/5&#8243;][vc_column_text]<\/p>\n<h3>H\u00c9BERGEMENT<\/h3>\n<p>LPL Hosting<br \/>\n9 rue de Cond\u00e9<br \/>\n33000 Bordeaux<br \/>\n05 35 54 48 27<br \/>\n<a href=\"https:\/\/www.lpl-hosting.com\/\" target=\"_blank\" rel=\"noopener\">www.lpl-hosting.com<\/a>[\/vc_column_text][\/vc_column][vc_column width=&#8221;1\/5&#8243;][vc_column_text]<\/p>\n<h3>RENSEIGNEMENTS JURIDIQUES<\/h3>\n<p>Oxypar<br \/>\n105 rue du 8 mai 1945<br \/>\n73600 Mo\u00fbtiers[\/vc_column_text][\/vc_column][vc_column width=&#8221;1\/5&#8243;][\/vc_column][\/vc_row][vc_row][vc_column][vc_empty_space height=&#8221;50px&#8221;][\/vc_column][\/vc_row]<\/p>\n","protected":false},"excerpt":{"rendered":"<p>[vc_row css=&#8221;.vc_custom_1489493682930{padding-top: 50px !important;padding-bottom: 50px !important;}&#8221;][vc_column css=&#8221;.vc_custom_1714040662326{background-color: #ffffff !important;}&#8221;][vc_empty_space height=&#8221;100px&#8221;][vc_column_text css_animation=&#8221;fadeInUp&#8221;] MENTIONS L\u00c9GALES [\/vc_column_text][vc_separator color=&#8221;black&#8221; el_width=&#8221;10&#8243; css_animation=&#8221;appear&#8221;][vc_empty_space][\/vc_column][\/vc_row][vc_row][vc_column width=&#8221;1\/5&#8243;][\/vc_column][vc_column width=&#8221;1\/5&#8243;][vc_column_text] DESIGN DU SITE Propaganda 318 Avenue Mar\u00e9chal Leclerc 73700 Bourg Saint Maurice 04 57 37 82 16[\/vc_column_text][\/vc_column][vc_column width=&#8221;1\/5&#8243;][vc_column_text] H\u00c9BERGEMENT LPL Hosting 9 rue de Cond\u00e9 33000 Bordeaux 05 35 54 48 27 www.lpl-hosting.com[\/vc_column_text][\/vc_column][vc_column width=&#8221;1\/5&#8243;][vc_column_text] RENSEIGNEMENTS JURIDIQUES [&hellip;]<\/p>\n","protected":false},"author":7448,"featured_media":0,"parent":0,"menu_order":19,"comment_status":"closed","ping_status":"closed","template":"page-full-width.php","meta":{"footnotes":""},"yoast_head":"<!-- This site is optimized with the Yoast SEO plugin v22.2 - https:\/\/yoast.com\/wordpress\/plugins\/seo\/ -->\n<title>Mentions l\u00e9gales | Oxyg\u00e8ne \u00c9cole de Ski &amp; Snowboard<\/title>\n<meta name=\"description\" content=\"Mentions l\u00e9gales\" \/>\n<meta name=\"robots\" content=\"index, follow, max-snippet:-1, max-image-preview:large, max-video-preview:-1\" \/>\n<link rel=\"canonical\" href=\"https:\/\/oxygene.ski\/fr\/mentions-legales-2\/\" \/>\n<meta property=\"og:locale\" content=\"fr_FR\" \/>\n<meta property=\"og:type\" content=\"article\" \/>\n<meta property=\"og:title\" content=\"Mentions l\u00e9gales | Oxyg\u00e8ne \u00c9cole de Ski &amp; Snowboard\" \/>\n<meta property=\"og:description\" content=\"Mentions l\u00e9gales\" \/>\n<meta property=\"og:url\" content=\"https:\/\/oxygene.ski\/fr\/mentions-legales-2\/\" \/>\n<meta property=\"og:site_name\" content=\"Oxyg\u00e8ne Ski &amp; Snowboard School\" \/>\n<meta property=\"article:publisher\" content=\"https:\/\/www.facebook.com\/OxygeneSki\" \/>\n<meta property=\"article:modified_time\" content=\"2025-11-25T10:13:00+00:00\" \/>\n<meta name=\"twitter:card\" content=\"summary_large_image\" \/>\n<meta name=\"twitter:site\" content=\"@Oxygene_Ski\" \/>\n<meta name=\"twitter:label1\" content=\"Est. reading time\" \/>\n\t<meta name=\"twitter:data1\" content=\"1 minute\" \/>\n<script type=\"application\/ld+json\" class=\"yoast-schema-graph\">{\"@context\":\"https:\/\/schema.org\",\"@graph\":[{\"@type\":\"WebPage\",\"@id\":\"https:\/\/oxygene.ski\/fr\/mentions-legales-2\/\",\"url\":\"https:\/\/oxygene.ski\/fr\/mentions-legales-2\/\",\"name\":\"Mentions l\u00e9gales | Oxyg\u00e8ne \u00c9cole de Ski & Snowboard\",\"isPartOf\":{\"@id\":\"https:\/\/oxygene.ski\/#website\"},\"datePublished\":\"2025-03-21T09:29:09+00:00\",\"dateModified\":\"2025-11-25T10:13:00+00:00\",\"description\":\"Mentions l\u00e9gales\",\"breadcrumb\":{\"@id\":\"https:\/\/oxygene.ski\/fr\/mentions-legales-2\/#breadcrumb\"},\"inLanguage\":\"fr\",\"potentialAction\":[{\"@type\":\"ReadAction\",\"target\":[\"https:\/\/oxygene.ski\/fr\/mentions-legales-2\/\"]}]},{\"@type\":\"BreadcrumbList\",\"@id\":\"https:\/\/oxygene.ski\/fr\/mentions-legales-2\/#breadcrumb\",\"itemListElement\":[{\"@type\":\"ListItem\",\"position\":1,\"name\":\"Home\",\"item\":\"https:\/\/oxygene.ski\/fr\/accueil\/\"},{\"@type\":\"ListItem\",\"position\":2,\"name\":\"Mentions l\u00e9gales\"}]},{\"@type\":\"WebSite\",\"@id\":\"https:\/\/oxygene.ski\/#website\",\"url\":\"https:\/\/oxygene.ski\/\",\"name\":\"Oxyg\u00e8ne Ski &amp; Snowboard School\",\"description\":\"\",\"potentialAction\":[{\"@type\":\"SearchAction\",\"target\":{\"@type\":\"EntryPoint\",\"urlTemplate\":\"https:\/\/oxygene.ski\/?s={search_term_string}\"},\"query-input\":\"required name=search_term_string\"}],\"inLanguage\":\"fr\"}]}<\/script>\n<!-- \/ Yoast SEO plugin. -->","yoast_head_json":{"title":"Mentions l\u00e9gales | Oxyg\u00e8ne \u00c9cole de Ski & Snowboard","description":"Mentions l\u00e9gales","robots":{"index":"index","follow":"follow","max-snippet":"max-snippet:-1","max-image-preview":"max-image-preview:large","max-video-preview":"max-video-preview:-1"},"canonical":"https:\/\/oxygene.ski\/fr\/mentions-legales-2\/","og_locale":"fr_FR","og_type":"article","og_title":"Mentions l\u00e9gales | Oxyg\u00e8ne \u00c9cole de Ski & Snowboard","og_description":"Mentions l\u00e9gales","og_url":"https:\/\/oxygene.ski\/fr\/mentions-legales-2\/","og_site_name":"Oxyg\u00e8ne Ski &amp; Snowboard School","article_publisher":"https:\/\/www.facebook.com\/OxygeneSki","article_modified_time":"2025-11-25T10:13:00+00:00","twitter_card":"summary_large_image","twitter_site":"@Oxygene_Ski","twitter_misc":{"Est. reading time":"1 minute"},"schema":{"@context":"https:\/\/schema.org","@graph":[{"@type":"WebPage","@id":"https:\/\/oxygene.ski\/fr\/mentions-legales-2\/","url":"https:\/\/oxygene.ski\/fr\/mentions-legales-2\/","name":"Mentions l\u00e9gales | Oxyg\u00e8ne \u00c9cole de Ski & Snowboard","isPartOf":{"@id":"https:\/\/oxygene.ski\/#website"},"datePublished":"2025-03-21T09:29:09+00:00","dateModified":"2025-11-25T10:13:00+00:00","description":"Mentions l\u00e9gales","breadcrumb":{"@id":"https:\/\/oxygene.ski\/fr\/mentions-legales-2\/#breadcrumb"},"inLanguage":"fr","potentialAction":[{"@type":"ReadAction","target":["https:\/\/oxygene.ski\/fr\/mentions-legales-2\/"]}]},{"@type":"BreadcrumbList","@id":"https:\/\/oxygene.ski\/fr\/mentions-legales-2\/#breadcrumb","itemListElement":[{"@type":"ListItem","position":1,"name":"Home","item":"https:\/\/oxygene.ski\/fr\/accueil\/"},{"@type":"ListItem","position":2,"name":"Mentions l\u00e9gales"}]},{"@type":"WebSite","@id":"https:\/\/oxygene.ski\/#website","url":"https:\/\/oxygene.ski\/","name":"Oxyg\u00e8ne Ski &amp; Snowboard School","description":"","potentialAction":[{"@type":"SearchAction","target":{"@type":"EntryPoint","urlTemplate":"https:\/\/oxygene.ski\/?s={search_term_string}"},"query-input":"required name=search_term_string"}],"inLanguage":"fr"}]}},"_links":{"self":[{"href":"https:\/\/oxygene.ski\/fr\/wp-json\/wp\/v2\/pages\/578847"}],"collection":[{"href":"https:\/\/oxygene.ski\/fr\/wp-json\/wp\/v2\/pages"}],"about":[{"href":"https:\/\/oxygene.ski\/fr\/wp-json\/wp\/v2\/types\/page"}],"author":[{"embeddable":true,"href":"https:\/\/oxygene.ski\/fr\/wp-json\/wp\/v2\/users\/7448"}],"replies":[{"embeddable":true,"href":"https:\/\/oxygene.ski\/fr\/wp-json\/wp\/v2\/comments?post=578847"}],"version-history":[{"count":9,"href":"https:\/\/oxygene.ski\/fr\/wp-json\/wp\/v2\/pages\/578847\/revisions"}],"predecessor-version":[{"id":582427,"href":"https:\/\/oxygene.ski\/fr\/wp-json\/wp\/v2\/pages\/578847\/revisions\/582427"}],"wp:attachment":[{"href":"https:\/\/oxygene.ski\/fr\/wp-json\/wp\/v2\/media?parent=578847"}],"curies":[{"name":"wp","href":"https:\/\/api.w.org\/{rel}","templated":true}]}}