{"id":578843,"date":"2025-03-21T10:17:06","date_gmt":"2025-03-21T09:17:06","guid":{"rendered":"https:\/\/oxygene.ski\/la-tania\/"},"modified":"2026-01-14T11:42:49","modified_gmt":"2026-01-14T10:42:49","slug":"ecole-ski-la-tania","status":"publish","type":"page","link":"https:\/\/oxygene.ski\/fr\/ecole-ski-la-tania\/","title":{"rendered":"La Tania"},"content":{"rendered":"<p>[vc_row content_placement=&#8221;middle&#8221; css=&#8221;.vc_custom_1757260625477{background-position: center !important;background-repeat: no-repeat !important;background-size: cover !important;}&#8221;][vc_column el_class=&#8221;image-column-remove-padding image-headband&#8221;][vc_single_image image=&#8221;581238&#8243; img_size=&#8221;full&#8221; el_class=&#8221;image-headband-frontpage-main&#8221;][\/vc_column][\/vc_row][vc_row][vc_column][vc_empty_space height=&#8221;50px&#8221;][\/vc_column][\/vc_row][vc_row css=&#8221;.vc_custom_1723108676047{margin-right: 5% !important;margin-left: 5% !important;}&#8221;][vc_column width=&#8221;1\/2&#8243;][vc_column_text]<\/p>\n<h1 style=\"text-align: left;\"><span style=\"color: #00adef;\">BIENVENUE \u00c0 LA TANIA<\/span><\/h1>\n<div id=\"gtx-trans\" style=\"position: absolute; left: 246px; top: -0.5625px;\">\n<div class=\"gtx-trans-icon\"><\/div>\n<\/div>\n<p>[\/vc_column_text][vc_column_text css=&#8221;.vc_custom_1724066000596{margin-right: 20px !important;}&#8221;]Notre \u00e9cole de ski de La Tania est r\u00e9put\u00e9e pour ses cours de ski amusants. Nous proposons une large s\u00e9lection de cours priv\u00e9es de ski et de snowboard pour les enfants et les adultes. Nos moniteurs connaissent le domaine sur le bout des doigts.<\/p>\n<p>Construite sp\u00e9cialement pour les Jeux olympiques d\u2019hiver de 1992, La Tania est situ\u00e9e au c\u0153ur des Trois Vall\u00e9es, \u00e0 1 350 m\u00e8tres d\u2019altitude, et offre un acc\u00e8s au plus grand domaine skiable du monde. Gr\u00e2ce \u00e0 son positionnement g\u00e9ographique id\u00e9al, le domaine de La Tania permet de rejoindre rapidement les prestigieuses pistes de Courchevel, M\u00e9ribel et m\u00eame Val Thorens. Ce charmant village pi\u00e9ton est parfait pour les familles et groupes d\u2019amis qui cherchent un point de d\u00e9part discret et modeste pour explorer la neige exceptionnelle des Trois Vall\u00e9es.[\/vc_column_text][vc_column_text]<br \/>\n<strong>Ouvert du 6 d\u00e9cembre au 18 avril 2026.<\/strong><br \/>\n[\/vc_column_text][vc_row_inner][vc_column_inner width=&#8221;1\/2&#8243;][vc_btn title=&#8221;Guide des niveaux&#8221; link=&#8221;url:https%3A%2F%2Foxygene.ski%2Ffr%2Fconnaitre-son-niveau-de-ski%2F|target:_blank|&#8221;][\/vc_column_inner][vc_column_inner width=&#8221;1\/2&#8243;][vc_btn title=&#8221;Plan des pistes de La Tania&#8221; link=&#8221;url:https%3A%2F%2Fcourchevel.com%2Ffr%2Fpistes-et-remontees%2F|target:_blank|&#8221;][\/vc_column_inner][\/vc_row_inner][\/vc_column][vc_column width=&#8221;1\/2&#8243; el_class=&#8221;image-column-remove-padding image-headband&#8221;][vc_single_image image=&#8221;581304&#8243; img_size=&#8221;full&#8221; style=&#8221;vc_box_rounded&#8221; el_class=&#8221;image-headband-frontpage&#8221;][\/vc_column][\/vc_row][vc_row css=&#8221;.vc_custom_1751982198320{margin-right: 5% !important;margin-left: 5% !important;}&#8221;][vc_column][vc_empty_space height=&#8221;75px&#8221;][vc_column_text]<\/p>\n<h2 style=\"text-align: left;\"><span style=\"color: #00adef;\">NOS COURS<\/span><\/h2>\n<p>[\/vc_column_text][\/vc_column][\/vc_row][vc_row css=&#8221;.vc_custom_1723108733576{margin-right: 5% !important;margin-left: 5% !important;}&#8221;][vc_column width=&#8221;1\/4&#8243;][vc_single_image image=&#8221;580254&#8243; img_size=&#8221;400&#215;250&#8243; style=&#8221;vc_box_rounded&#8221; css=&#8221;.vc_custom_1757941133975{background-position: center !important;background-repeat: no-repeat !important;background-size: cover !important;}&#8221;][vc_column_text css=&#8221;.vc_custom_1760968512481{padding-right: 20% !important;}&#8221;]<\/p>\n<h6><strong>Cours priv\u00e9s<\/strong><\/h6>\n<p>Progressez \u00e0 votre rythme avec un moniteur Oxyg\u00e8ne. Que vous souhaitiez perfectionner votre technique ou d\u00e9couvrir de nouvelles sensations, nos cours particuliers s\u2019adaptent \u00e0 toutes les disciplines. Vous pouvez aussi partager cette exp\u00e9rience avec vos proches ou amis pour encore plus de plaisir.[\/vc_column_text][vc_btn title=&#8221;R\u00e9server maintenant&#8221; style=&#8221;outline&#8221; color=&#8221;sky&#8221; link=&#8221;url:https%3A%2F%2Fbooking.yoplanning.pro%2Fade6a319-476d-44d1-b765-7a4ce5d1ab54%2F%3Ftag%3D924472ba-786c-4aeb-8194-647560dfea84|target:_blank|&#8221;][\/vc_column][vc_column width=&#8221;1\/4&#8243;][vc_single_image image=&#8221;580250&#8243; img_size=&#8221;400&#215;250&#8243; style=&#8221;vc_box_rounded&#8221; css=&#8221;.vc_custom_1757941144044{background-image: url(https:\/\/oxygene.ski\/wp-content\/uploads\/2025\/08\/hors-piste_result-scaled.webp?id=580249) !important;background-position: center !important;background-repeat: no-repeat !important;background-size: cover !important;}&#8221;][vc_column_text css=&#8221;.vc_custom_1760968518801{padding-right: 20% !important;}&#8221;]<\/p>\n<h6><strong>Hors-piste<\/strong><\/h6>\n<p>Offrez-vous un moment de ski d\u00e9di\u00e9 \u00e0 la poudreuse ! D\u00e9couvrez les plaisirs du hors-piste tout en apprenant les bonnes techniques. Avec nos conseils, vous allez devenir un expert. R\u00e9servez d\u00e8s maintenant votre aventure avec un moniteur Oxyg\u00e8ne.[\/vc_column_text][vc_btn title=&#8221;R\u00e9server maintenant&#8221; style=&#8221;outline&#8221; color=&#8221;sky&#8221; link=&#8221;url:https%3A%2F%2Fbooking.yoplanning.pro%2Fade6a319-476d-44d1-b765-7a4ce5d1ab54%2F%3Ftag%3Da4ad26a1-d584-44c0-ae67-3bc125472722|target:_blank|&#8221;][\/vc_column][vc_column width=&#8221;1\/4&#8243;][vc_single_image image=&#8221;580245&#8243; img_size=&#8221;400&#215;250&#8243; style=&#8221;vc_box_rounded&#8221; css=&#8221;.vc_custom_1757941152464{background-position: center !important;background-repeat: no-repeat !important;background-size: cover !important;}&#8221;][vc_column_text css=&#8221;.vc_custom_1760968525384{padding-right: 20% !important;}&#8221;]<\/p>\n<h6><strong>Handiski<\/strong><\/h6>\n<p>Depuis toujours, Oxyg\u00e8ne s\u2019engage \u00e0 rendre la glisse accessible \u00e0 toutes les personnes \u00e0 mobilit\u00e9 r\u00e9duite et avec des besoins sp\u00e9cifiques. Nous vous proposons des cours handiski sur mesure, adapt\u00e9s \u00e0 vous et \u00e0 vos envies.[\/vc_column_text][vc_btn title=&#8221;R\u00e9server maintenant&#8221; style=&#8221;outline&#8221; color=&#8221;sky&#8221; link=&#8221;url:https%3A%2F%2Fbooking.yoplanning.pro%2Fade6a319-476d-44d1-b765-7a4ce5d1ab54%2F%3Ftag%3D2ebe6b76-2d16-4963-837e-01ff32f62387|&#8221;][\/vc_column][vc_column width=&#8221;1\/4&#8243;][\/vc_column][\/vc_row][vc_row][vc_column][vc_empty_space height=&#8221;75px&#8221;][\/vc_column][\/vc_row][vc_row css=&#8221;.vc_custom_1723108681859{margin-right: 5% !important;margin-left: 5% !important;}&#8221;][vc_column width=&#8221;1\/2&#8243;][vc_column_text]<\/p>\n<h2 style=\"text-align: left;\"><span style=\"color: #00adef;\">POINT DE RENDEZ-VOUS<\/span><\/h2>\n<div id=\"gtx-trans\" style=\"position: absolute; left: -67px; top: -0.5625px;\">\n<div class=\"gtx-trans-icon\"><\/div>\n<\/div>\n<p>[\/vc_column_text][vc_column_text css=&#8221;.vc_custom_1736851695452{margin-right: 25% !important;}&#8221;]R\u00e9servation en poche et crochets des chaussures ferm\u00e9s ? Parfait.<\/p>\n<p>Il est temps de rejoindre nos moniteurs. Nous avons d\u00e9cid\u00e9 de faire partir tous nos cours \u00e0 Courchevel 1850, depuis notre meeting point situ\u00e9 devant la t\u00e9l\u00e9cabine du Jardin Alpin sur la Croisette. Depuis La Tania, vous pouvez vous rendre \u00e0 Courchevel 1850 en 20 minutes environ, en fonction des horaires de navette.[\/vc_column_text][vc_btn title=&#8221;Voir la carte&#8221; link=&#8221;url:https%3A%2F%2Fmaps.app.goo.gl%2FPgComijJg54nTKRP6|target:_blank|&#8221;][\/vc_column][vc_column width=&#8221;1\/2&#8243; el_class=&#8221;image-column-remove-padding image-headband&#8221;][vc_single_image image=&#8221;581306&#8243; img_size=&#8221;full&#8221; style=&#8221;vc_box_rounded&#8221; el_class=&#8221;image-headband-frontpage&#8221;][\/vc_column][\/vc_row][vc_row][vc_column][vc_empty_space height=&#8221;75px&#8221;][\/vc_column][\/vc_row][vc_row css=&#8221;.vc_custom_1723108765228{margin-right: 5% !important;margin-left: 5% !important;}&#8221;][vc_column][vc_column_text]<\/p>\n<h3 style=\"text-align: left;\"><span style=\"color: #00adef;\">DES QUESTIONS ? CONTACTEZ-NOUS<\/span><\/h3>\n<p>[\/vc_column_text][vc_empty_space height=&#8221;30px&#8221;][vc_row_inner][vc_column_inner width=&#8221;1\/2&#8243;][vc_single_image image=&#8221;572826&#8243; img_size=&#8221;medium&#8221; alignment=&#8221;center&#8221;][vc_column_text]<\/p>\n<p style=\"text-align: center;\">Oxyg\u00e8ne \u00c9cole de ski &amp; snowboard\u00a0<strong>La Tania<\/strong><br \/>\nDisponibles toute l\u2019ann\u00e9e, nous serons ravis de mettre<br \/>\nnotre expertise \u00e0 votre disposition.<\/p>\n<p>[\/vc_column_text][vc_btn title=&#8221;+33 (0)4 79 01 01 81&#8243; align=&#8221;center&#8221; link=&#8221;url:tel%3A%2B33479010181|&#8221;][\/vc_column_inner][vc_column_inner width=&#8221;1\/2&#8243;][vc_single_image image=&#8221;572829&#8243; img_size=&#8221;medium&#8221; alignment=&#8221;center&#8221;][vc_column_text]<\/p>\n<p style=\"text-align: center;\">Oxyg\u00e8ne \u00c9cole de Ski &amp; Snowboard\u00a0<strong>La Tania<\/strong><br \/>\nGalerie du Forum\u00a0 \u2013 73120 Courchevel 1850<\/p>\n<p>[\/vc_column_text][vc_btn title=&#8221;Voir le plan&#8221; align=&#8221;center&#8221; link=&#8221;url:https%3A%2F%2Fwww.google.com%2Fmaps%2Fplace%2FOxyg%25C3%25A8ne%2BSki%2BSchool%2BLa%2BTania%2F%4045.4320796%2C6.5898367%2C17z%2Fdata%3D%213m2%214b1%215s0x47897f0a5fb7e471%3A0xef1e41200748d793%214m6%213m5%211s0x47897f0b7db085ad%3A0x90111fd25eedee4%218m2%213d45.4320796%214d6.5924116%2116s%252Fg%252F11hbmvms1h%3Fentry%3Dttu|target:_blank|&#8221;][\/vc_column_inner][\/vc_row_inner][vc_empty_space][vc_single_image image=&#8221;572831&#8243; alignment=&#8221;center&#8221;][vc_column_text]<\/p>\n<h4 style=\"text-align: center;\"><span style=\"color: #00adef;\">\u00c9CRIVEZ-NOUS !<\/span><\/h4>\n<p>[\/vc_column_text][vc_btn title=&#8221;latania@oxygene.ski&#8221; align=&#8221;center&#8221; link=&#8221;url:mailto%3A%20latania%40oxygene.ski|target:_blank|&#8221;][vc_empty_space][\/vc_column][\/vc_row]<\/p>\n","protected":false},"excerpt":{"rendered":"<p>[vc_row content_placement=&#8221;middle&#8221; css=&#8221;.vc_custom_1757260625477{background-position: center !important;background-repeat: no-repeat !important;background-size: cover !important;}&#8221;][vc_column el_class=&#8221;image-column-remove-padding image-headband&#8221;][vc_single_image image=&#8221;581238&#8243; img_size=&#8221;full&#8221; el_class=&#8221;image-headband-frontpage-main&#8221;][\/vc_column][\/vc_row][vc_row][vc_column][vc_empty_space height=&#8221;50px&#8221;][\/vc_column][\/vc_row][vc_row css=&#8221;.vc_custom_1723108676047{margin-right: 5% !important;margin-left: 5% !important;}&#8221;][vc_column width=&#8221;1\/2&#8243;][vc_column_text] BIENVENUE \u00c0 LA TANIA [\/vc_column_text][vc_column_text css=&#8221;.vc_custom_1724066000596{margin-right: 20px !important;}&#8221;]Notre \u00e9cole de ski de La Tania est r\u00e9put\u00e9e pour ses cours de ski amusants. Nous proposons une large s\u00e9lection de cours priv\u00e9es de ski et de [&hellip;]<\/p>\n","protected":false},"author":7448,"featured_media":0,"parent":0,"menu_order":19,"comment_status":"closed","ping_status":"closed","template":"page-full-width.php","meta":{"footnotes":""},"yoast_head":"<!-- This site is optimized with the Yoast SEO plugin v22.2 - https:\/\/yoast.com\/wordpress\/plugins\/seo\/ -->\n<title>Bienvenue \u00e0 La Tania | Oxyg\u00e8ne \u00c9cole de Ski &amp; Snowboard<\/title>\n<meta name=\"description\" content=\"Oxyg\u00e8ne La Tania, votre \u00e9cole de ski qui propose un large \u00e9ventail de cours priv\u00e9s, de sessions hors-piste et d&#039;handiski.\" \/>\n<meta name=\"robots\" content=\"index, follow, max-snippet:-1, max-image-preview:large, max-video-preview:-1\" \/>\n<link rel=\"canonical\" href=\"https:\/\/oxygene.ski\/fr\/ecole-ski-la-tania\/\" \/>\n<meta property=\"og:locale\" content=\"fr_FR\" \/>\n<meta property=\"og:type\" content=\"article\" \/>\n<meta property=\"og:title\" content=\"Bienvenue \u00e0 La Tania | Oxyg\u00e8ne \u00c9cole de Ski &amp; Snowboard\" \/>\n<meta property=\"og:description\" content=\"Oxyg\u00e8ne La Tania, votre \u00e9cole de ski qui propose un large \u00e9ventail de cours priv\u00e9s, de sessions hors-piste et d&#039;handiski.\" \/>\n<meta property=\"og:url\" content=\"https:\/\/oxygene.ski\/fr\/ecole-ski-la-tania\/\" \/>\n<meta property=\"og:site_name\" content=\"Oxyg\u00e8ne Ski &amp; Snowboard School\" \/>\n<meta property=\"article:publisher\" content=\"https:\/\/www.facebook.com\/OxygeneSki\" \/>\n<meta property=\"article:modified_time\" content=\"2026-01-14T10:42:49+00:00\" \/>\n<meta name=\"twitter:card\" content=\"summary_large_image\" \/>\n<meta name=\"twitter:site\" content=\"@Oxygene_Ski\" \/>\n<meta name=\"twitter:label1\" content=\"Est. reading time\" \/>\n\t<meta name=\"twitter:data1\" content=\"5 minutes\" \/>\n<script type=\"application\/ld+json\" class=\"yoast-schema-graph\">{\"@context\":\"https:\/\/schema.org\",\"@graph\":[{\"@type\":\"WebPage\",\"@id\":\"https:\/\/oxygene.ski\/fr\/ecole-ski-la-tania\/\",\"url\":\"https:\/\/oxygene.ski\/fr\/ecole-ski-la-tania\/\",\"name\":\"Bienvenue \u00e0 La Tania | Oxyg\u00e8ne \u00c9cole de Ski & Snowboard\",\"isPartOf\":{\"@id\":\"https:\/\/oxygene.ski\/#website\"},\"datePublished\":\"2025-03-21T09:17:06+00:00\",\"dateModified\":\"2026-01-14T10:42:49+00:00\",\"description\":\"Oxyg\u00e8ne La Tania, votre \u00e9cole de ski qui propose un large \u00e9ventail de cours priv\u00e9s, de sessions hors-piste et d'handiski.\",\"breadcrumb\":{\"@id\":\"https:\/\/oxygene.ski\/fr\/ecole-ski-la-tania\/#breadcrumb\"},\"inLanguage\":\"fr\",\"potentialAction\":[{\"@type\":\"ReadAction\",\"target\":[\"https:\/\/oxygene.ski\/fr\/ecole-ski-la-tania\/\"]}]},{\"@type\":\"BreadcrumbList\",\"@id\":\"https:\/\/oxygene.ski\/fr\/ecole-ski-la-tania\/#breadcrumb\",\"itemListElement\":[{\"@type\":\"ListItem\",\"position\":1,\"name\":\"Home\",\"item\":\"https:\/\/oxygene.ski\/fr\/accueil\/\"},{\"@type\":\"ListItem\",\"position\":2,\"name\":\"La Tania\"}]},{\"@type\":\"WebSite\",\"@id\":\"https:\/\/oxygene.ski\/#website\",\"url\":\"https:\/\/oxygene.ski\/\",\"name\":\"Oxyg\u00e8ne Ski &amp; Snowboard School\",\"description\":\"\",\"potentialAction\":[{\"@type\":\"SearchAction\",\"target\":{\"@type\":\"EntryPoint\",\"urlTemplate\":\"https:\/\/oxygene.ski\/?s={search_term_string}\"},\"query-input\":\"required name=search_term_string\"}],\"inLanguage\":\"fr\"}]}<\/script>\n<!-- \/ Yoast SEO plugin. -->","yoast_head_json":{"title":"Bienvenue \u00e0 La Tania | Oxyg\u00e8ne \u00c9cole de Ski & Snowboard","description":"Oxyg\u00e8ne La Tania, votre \u00e9cole de ski qui propose un large \u00e9ventail de cours priv\u00e9s, de sessions hors-piste et d'handiski.","robots":{"index":"index","follow":"follow","max-snippet":"max-snippet:-1","max-image-preview":"max-image-preview:large","max-video-preview":"max-video-preview:-1"},"canonical":"https:\/\/oxygene.ski\/fr\/ecole-ski-la-tania\/","og_locale":"fr_FR","og_type":"article","og_title":"Bienvenue \u00e0 La Tania | Oxyg\u00e8ne \u00c9cole de Ski & Snowboard","og_description":"Oxyg\u00e8ne La Tania, votre \u00e9cole de ski qui propose un large \u00e9ventail de cours priv\u00e9s, de sessions hors-piste et d'handiski.","og_url":"https:\/\/oxygene.ski\/fr\/ecole-ski-la-tania\/","og_site_name":"Oxyg\u00e8ne Ski &amp; Snowboard School","article_publisher":"https:\/\/www.facebook.com\/OxygeneSki","article_modified_time":"2026-01-14T10:42:49+00:00","twitter_card":"summary_large_image","twitter_site":"@Oxygene_Ski","twitter_misc":{"Est. reading time":"5 minutes"},"schema":{"@context":"https:\/\/schema.org","@graph":[{"@type":"WebPage","@id":"https:\/\/oxygene.ski\/fr\/ecole-ski-la-tania\/","url":"https:\/\/oxygene.ski\/fr\/ecole-ski-la-tania\/","name":"Bienvenue \u00e0 La Tania | Oxyg\u00e8ne \u00c9cole de Ski & Snowboard","isPartOf":{"@id":"https:\/\/oxygene.ski\/#website"},"datePublished":"2025-03-21T09:17:06+00:00","dateModified":"2026-01-14T10:42:49+00:00","description":"Oxyg\u00e8ne La Tania, votre \u00e9cole de ski qui propose un large \u00e9ventail de cours priv\u00e9s, de sessions hors-piste et d'handiski.","breadcrumb":{"@id":"https:\/\/oxygene.ski\/fr\/ecole-ski-la-tania\/#breadcrumb"},"inLanguage":"fr","potentialAction":[{"@type":"ReadAction","target":["https:\/\/oxygene.ski\/fr\/ecole-ski-la-tania\/"]}]},{"@type":"BreadcrumbList","@id":"https:\/\/oxygene.ski\/fr\/ecole-ski-la-tania\/#breadcrumb","itemListElement":[{"@type":"ListItem","position":1,"name":"Home","item":"https:\/\/oxygene.ski\/fr\/accueil\/"},{"@type":"ListItem","position":2,"name":"La Tania"}]},{"@type":"WebSite","@id":"https:\/\/oxygene.ski\/#website","url":"https:\/\/oxygene.ski\/","name":"Oxyg\u00e8ne Ski &amp; Snowboard School","description":"","potentialAction":[{"@type":"SearchAction","target":{"@type":"EntryPoint","urlTemplate":"https:\/\/oxygene.ski\/?s={search_term_string}"},"query-input":"required name=search_term_string"}],"inLanguage":"fr"}]}},"_links":{"self":[{"href":"https:\/\/oxygene.ski\/fr\/wp-json\/wp\/v2\/pages\/578843"}],"collection":[{"href":"https:\/\/oxygene.ski\/fr\/wp-json\/wp\/v2\/pages"}],"about":[{"href":"https:\/\/oxygene.ski\/fr\/wp-json\/wp\/v2\/types\/page"}],"author":[{"embeddable":true,"href":"https:\/\/oxygene.ski\/fr\/wp-json\/wp\/v2\/users\/7448"}],"replies":[{"embeddable":true,"href":"https:\/\/oxygene.ski\/fr\/wp-json\/wp\/v2\/comments?post=578843"}],"version-history":[{"count":20,"href":"https:\/\/oxygene.ski\/fr\/wp-json\/wp\/v2\/pages\/578843\/revisions"}],"predecessor-version":[{"id":582859,"href":"https:\/\/oxygene.ski\/fr\/wp-json\/wp\/v2\/pages\/578843\/revisions\/582859"}],"wp:attachment":[{"href":"https:\/\/oxygene.ski\/fr\/wp-json\/wp\/v2\/media?parent=578843"}],"curies":[{"name":"wp","href":"https:\/\/api.w.org\/{rel}","templated":true}]}}