{"id":578839,"date":"2025-03-21T10:03:35","date_gmt":"2025-03-21T09:03:35","guid":{"rendered":"https:\/\/oxygene.ski\/la-rosiere\/"},"modified":"2026-01-14T10:58:31","modified_gmt":"2026-01-14T09:58:31","slug":"ecole-ski-la-rosiere","status":"publish","type":"page","link":"https:\/\/oxygene.ski\/fr\/ecole-ski-la-rosiere\/","title":{"rendered":"La Rosi\u00e8re"},"content":{"rendered":"<p>[vc_row content_placement=&#8221;middle&#8221; css=&#8221;.vc_custom_1757260293474{background-position: center !important;background-repeat: no-repeat !important;background-size: cover !important;}&#8221;][vc_column el_class=&#8221;image-column-remove-padding image-headband&#8221;][vc_single_image image=&#8221;581294&#8243; img_size=&#8221;full&#8221; el_class=&#8221;image-headband-frontpage-main&#8221;][\/vc_column][\/vc_row][vc_row][vc_column][vc_empty_space height=&#8221;50px&#8221;][\/vc_column][\/vc_row][vc_row css=&#8221;.vc_custom_1723108676047{margin-right: 5% !important;margin-left: 5% !important;}&#8221;][vc_column width=&#8221;1\/2&#8243;][vc_column_text]<\/p>\n<h1 style=\"text-align: left;\"><span style=\"color: #00adef;\">BIENVENUE \u00c0 LA ROSI\u00c8RE<\/span><\/h1>\n<p>[\/vc_column_text][vc_column_text css=&#8221;.vc_custom_1749817337432{margin-right: 20px !important;}&#8221;]La Rosi\u00e8re est une station unique ! C\u2019est la seule station de Savoie \u00e0 proposer un domaine skiable international. Reli\u00e9 avec le domaine skiable de la Thuile en Italie, c\u2019est plus de 150\u2009km de piste qui n\u2019attendent que vous ! Imaginez le confort de profiter d\u2019un s\u00e9jour au ski dans l\u2019une des stations les plus enneig\u00e9es de France, puis d\u2019un repas 100% italien avec une vue privil\u00e9gi\u00e9e sur le Mont Blanc. Qui de mieux pour vous faire profiter de la montagne que des moniteurs Oxyg\u00e8ne ?<br \/>\n<em>Leur \u00e9tat d\u2019esprit : la qualit\u00e9, la passion et une \u00e9cole qui vous fait sentir comme \u00e0 la maison.<\/em><\/p>\n<p>Situ\u00e9e \u00e0 1850m d\u2019altitude, aux portes du Parc de la Vanoise, La Rosi\u00e8re b\u00e9n\u00e9ficie d\u2019une exposition sud et d\u2019un panorama \u00e0 couper le souffle. Un lieu unique pour les amoureux de la montagne.<br \/>\nLa Rosi\u00e8re est une station \u00e0 la fois conviviale et familiale. Laissez-vous s\u00e9duire par le ski transfrontalier et la possibilit\u00e9 de d\u00e9couvrir deux cultures bien distinctes (\u00e0 travers l\u2019architecture, la gastronomie\u2026). Adapt\u00e9e \u00e0 tous les niveaux de ski, du d\u00e9butant \u00e0 l\u2019expert. La Rosi\u00e8re forme, avec le domaine skiable de La Thuile, en Italie, l\u2019Espace San Bernardo.<br \/>\n[\/vc_column_text][vc_column_text]<br \/>\n<strong>Ouvert du 14 d\u00e9cembre au 25 avril 2026<\/strong>. Plus de 82 pistes sur plus de 154km.<br \/>\n[\/vc_column_text][vc_row_inner][vc_column_inner width=&#8221;1\/2&#8243;][vc_btn title=&#8221;Guide des niveaux&#8221; link=&#8221;url:https%3A%2F%2Foxygene.ski%2Ffr%2Fconnaitre-son-niveau-de-ski%2F|target:_blank|&#8221;][\/vc_column_inner][vc_column_inner width=&#8221;1\/2&#8243;][vc_btn title=&#8221;Plan des pistes de La Rosi\u00e8re&#8221; link=&#8221;url:https%3A%2F%2Fwww.larosiere.ski%2Ffr%2Fplan-des-pistes|target:_blank|&#8221;][\/vc_column_inner][\/vc_row_inner][\/vc_column][vc_column width=&#8221;1\/2&#8243; el_class=&#8221;image-column-remove-padding image-headband&#8221;][vc_single_image image=&#8221;581296&#8243; img_size=&#8221;full&#8221; style=&#8221;vc_box_rounded&#8221; el_class=&#8221;image-headband-frontpage&#8221;][\/vc_column][\/vc_row][vc_row css=&#8221;.vc_custom_1751967345247{margin-right: 5% !important;margin-left: 5% !important;}&#8221;][vc_column][vc_empty_space height=&#8221;75px&#8221;][vc_column_text]<\/p>\n<h2 style=\"text-align: left;\"><span style=\"color: #00adef;\">NOS COURS<\/span><\/h2>\n<p>[\/vc_column_text][\/vc_column][\/vc_row][vc_row css=&#8221;.vc_custom_1723108733576{margin-right: 5% !important;margin-left: 5% !important;}&#8221;][vc_column width=&#8221;1\/4&#8243;][vc_single_image image=&#8221;580223&#8243; img_size=&#8221;400&#215;250&#8243; style=&#8221;vc_box_rounded&#8221; css=&#8221;.vc_custom_1757941034793{background-position: center !important;background-repeat: no-repeat !important;background-size: cover !important;}&#8221;][vc_column_text css=&#8221;.vc_custom_1760968322600{padding-right: 20% !important;}&#8221;]<\/p>\n<h6><strong>Cours collectifs enfants<\/strong><\/h6>\n<p>Nous proposons des cours de ski collectifs enfants sur le domaine San Bernando. Ils sont organis\u00e9s par niveau et \u00e2ge, avec un nombre limit\u00e9 de participants. Nos sessions visent \u00e0 renforcer la confiance et am\u00e9liorer la technique de ski.[\/vc_column_text][vc_btn title=&#8221;R\u00e9servez maintenant&#8221; style=&#8221;outline&#8221; color=&#8221;sky&#8221; link=&#8221;url:https%3A%2F%2Fbooking.yoplanning.pro%2Fb5f68318-52f9-47b4-80bb-a06da3a19ee5%2F%3Ftag%3Dcc41bf27-817b-4f70-b0f2-474bf29983e8|target:_blank|&#8221;][\/vc_column][vc_column width=&#8221;1\/4&#8243;][vc_single_image image=&#8221;580254&#8243; img_size=&#8221;400&#215;250&#8243; style=&#8221;vc_box_rounded&#8221; css=&#8221;.vc_custom_1757941043276{background-position: center !important;background-repeat: no-repeat !important;background-size: cover !important;}&#8221;][vc_column_text css=&#8221;.vc_custom_1760968329664{padding-right: 20% !important;}&#8221;]<\/p>\n<h6><strong>Cours priv\u00e9s<\/strong><\/h6>\n<p>En t\u00eate-\u00e0-t\u00eate avec un moniteur Oxyg\u00e8ne, profitez d\u2019un cours particulier pour progresser et am\u00e9liorer votre glisse. Les cours priv\u00e9s sont disponibles pour toutes les disciplines. Jouez l\u00e0 perso pour soigner votre progression ou d\u00e9cidez de partager ce moment avec vos amis et\/ou votre famille.[\/vc_column_text][vc_btn title=&#8221;R\u00e9servez maintenant&#8221; style=&#8221;outline&#8221; color=&#8221;sky&#8221; link=&#8221;url:https%3A%2F%2Fbooking.yoplanning.pro%2Fb5f68318-52f9-47b4-80bb-a06da3a19ee5%2F%3Ftag%3D82a3bd19-a625-46a2-8a56-d5ddd932b965|target:_blank|&#8221;][\/vc_column][vc_column width=&#8221;1\/4&#8243;][vc_single_image image=&#8221;580250&#8243; img_size=&#8221;400&#215;250&#8243; style=&#8221;vc_box_rounded&#8221; css=&#8221;.vc_custom_1757941053050{background-position: center !important;background-repeat: no-repeat !important;background-size: cover !important;}&#8221;][vc_column_text css=&#8221;.vc_custom_1760968337096{padding-right: 20% !important;}&#8221;]<\/p>\n<h6><strong>Hors-piste<\/strong><\/h6>\n<p>Offrez-vous un moment de ski d\u00e9di\u00e9 \u00e0 la poudreuse ! D\u00e9couvrez les plaisirs du ski hors-piste tout en apprenant les bonnes techniques. Avec nos conseils, vous allez devenir un expert. R\u00e9servez d\u00e8s maintenant votre aventure dans les montagnes vierges.[\/vc_column_text][vc_btn title=&#8221;R\u00e9servez maintenant&#8221; style=&#8221;outline&#8221; color=&#8221;sky&#8221; link=&#8221;url:https%3A%2F%2Fbooking.yoplanning.pro%2Fb5f68318-52f9-47b4-80bb-a06da3a19ee5%2F%3Ftag%3Dae2a1482-34be-403f-9f2c-bfcea0e6c5d5|target:_blank|&#8221;][\/vc_column][vc_column width=&#8221;1\/4&#8243;][vc_single_image image=&#8221;580245&#8243; img_size=&#8221;400&#215;250&#8243; style=&#8221;vc_box_rounded&#8221; css=&#8221;.vc_custom_1757941065714{background-position: center !important;background-repeat: no-repeat !important;background-size: cover !important;}&#8221;][vc_column_text css=&#8221;.vc_custom_1760968344064{padding-right: 20% !important;}&#8221;]<\/p>\n<h6><strong>Handiski<\/strong><\/h6>\n<p>Depuis toujours, Oxyg\u00e8ne s\u2019engage \u00e0 rendre la glisse accessible \u00e0 toutes les personnes \u00e0 mobilit\u00e9 r\u00e9duite avec des besoins sp\u00e9cifiques. Nous vous proposons des cours handiski sur mesure, adapt\u00e9s \u00e0 vos besoins et \u00e0 vos envies.[\/vc_column_text][vc_btn title=&#8221;R\u00e9servez maintenant&#8221; style=&#8221;outline&#8221; color=&#8221;sky&#8221; link=&#8221;url:https%3A%2F%2Fbooking.yoplanning.pro%2Fb5f68318-52f9-47b4-80bb-a06da3a19ee5%2F%3Ftag%3D0e820ed7-7e24-4100-b86a-ec3619a817b8|target:_blank|&#8221;][\/vc_column][\/vc_row][vc_row][vc_column][vc_empty_space height=&#8221;25px&#8221;][\/vc_column][\/vc_row][vc_row css=&#8221;.vc_custom_1723108733576{margin-right: 5% !important;margin-left: 5% !important;}&#8221;][vc_column width=&#8221;1\/4&#8243;][vc_single_image image=&#8221;578273&#8243; img_size=&#8221;400&#215;250&#8243; style=&#8221;vc_box_rounded&#8221; css=&#8221;.vc_custom_1757941081063{background-position: center !important;background-repeat: no-repeat !important;background-size: cover !important;}&#8221;][vc_column_text css=&#8221;.vc_custom_1765977078542{padding-right: 20% !important;}&#8221;]<\/p>\n<h6>Raquettes \u00e0 neige<\/h6>\n<p>D\u00e9couvrez la montagne autrement lors d\u2019une sortie en raquettes, encadr\u00e9e par un guide de montagne. Accessibles \u00e0 tous, nous proposons des sorties avec des th\u00e9matiques diff\u00e9rentes : venez explorer des paysages enneig\u00e9s pr\u00e9serv\u00e9s, loin de l\u2019agitation des pistes.[\/vc_column_text][vc_btn title=&#8221;R\u00e9servez maintenant&#8221; style=&#8221;outline&#8221; color=&#8221;sky&#8221; link=&#8221;url:https%3A%2F%2Fbooking.yoplanning.pro%2Fb5f68318-52f9-47b4-80bb-a06da3a19ee5%2F%3Ftag%3D2cde5372-7356-4f1b-8d53-98b10cd52bcc|target:_blank|&#8221;][\/vc_column][vc_column width=&#8221;1\/4&#8243;][\/vc_column][vc_column width=&#8221;1\/4&#8243;][\/vc_column][vc_column width=&#8221;1\/4&#8243;][\/vc_column][\/vc_row][vc_row][vc_column][vc_empty_space height=&#8221;75px&#8221;][\/vc_column][\/vc_row][vc_row css=&#8221;.vc_custom_1723108681859{margin-right: 5% !important;margin-left: 5% !important;}&#8221;][vc_column width=&#8221;1\/2&#8243;][vc_empty_space height=&#8221;10px&#8221;][vc_column_text]<\/p>\n<h2 style=\"text-align: left;\"><span style=\"color: #00adef;\">POINT DE RENDEZ-VOUS<\/span><\/h2>\n<div id=\"gtx-trans\" style=\"position: absolute; left: -67px; top: -0.5625px;\">\n<div class=\"gtx-trans-icon\"><\/div>\n<\/div>\n<p>[\/vc_column_text][vc_column_text css=&#8221;.vc_custom_1762245981997{margin-right: 25% !important;}&#8221;]R\u00e9servation en poche et crochets des chaussures ferm\u00e9s ? Parfait.<\/p>\n<p>Ouvrez l\u2019\u0153il pour rep\u00e9rer nos moniteurs, ils vous attendent avec sourire et bonne humeur sur le front de neige des Eucherts ou de La Rosi\u00e8re centre.<br \/>\nNe vous inqui\u00e9tez pas, vous ne pouvez pas les rater.<br \/>\nSi vous avez rendez-vous aux Eucherts, ils seront entre la terrasse du restaurant Le Flocon et les caisses des remont\u00e9es m\u00e9caniques, habill\u00e9s de bleu et d\u2019orange, sous les panneaux Oxyg\u00e8ne[\/vc_column_text][vc_btn title=&#8221;Voir la carte&#8221; link=&#8221;url:https%3A%2F%2Fwww.google.com%2Fmaps%2Fd%2Fedit%3Fmid%3D1zWfsuiiNfrQU2saZZs1SDTI_E4kccBE%26usp%3Dsharing|target:_blank|&#8221;][\/vc_column][vc_column width=&#8221;1\/2&#8243; el_class=&#8221;image-column-remove-padding image-headband&#8221;][vc_single_image image=&#8221;582239&#8243; img_size=&#8221;full&#8221; style=&#8221;vc_box_rounded&#8221; el_class=&#8221;image-headband-frontpage&#8221;][\/vc_column][\/vc_row][vc_row][vc_column][vc_empty_space height=&#8221;75px&#8221;][\/vc_column][\/vc_row][vc_row css=&#8221;.vc_custom_1723108695390{margin-right: 5% !important;margin-left: 5% !important;}&#8221;][vc_column width=&#8221;1\/2&#8243;][vc_empty_space height=&#8221;10px&#8221;][vc_column_text]<\/p>\n<h2 style=\"text-align: left;\"><span style=\"color: #00adef;\">LES FONDATEURS DE L&#8217;\u00c9COLE DE SKI OXYG\u00c8NE \u00c0 LA ROSI\u00c8RE<\/span><\/h2>\n<div id=\"gtx-trans\" style=\"position: absolute; left: 73px; top: -0.5625px;\">\n<div class=\"gtx-trans-icon\"><\/div>\n<\/div>\n<p>[\/vc_column_text][vc_column_text css=&#8221;.vc_custom_1724063201405{margin-right: 20% !important;}&#8221;]Les deux amis Kevin et Thomas, fondateurs de l\u2019\u00e9cole de ski Oxyg\u00e8ne \u00e0 la Rosi\u00e8re, se connaissent depuis maintenant des ann\u00e9es. C\u2019\u00e9tait une \u00e9vidence de lancer ce projet ambitieux ensemble ! Ils partagent les m\u00eames valeurs, les m\u00eames ambitions, sont souvent sur la m\u00eame longueur d\u2019onde et sont tr\u00e8s compl\u00e9mentaires.<\/p>\n<p>Ensemble, ils veulent une \u00e9cole o\u00f9 l\u2019esprit d\u2019\u00e9quipe, la convivialit\u00e9 et le contact avec les \u00e9l\u00e8ves est au c\u0153ur des pr\u00e9occupations.<br \/>\nLeur objectif ? Vous proposez une \u00e9cole de ski dans laquelle vous vous sentirez comme \u00e0 la maison.<br \/>\nAujourd\u2019hui, ils sont pr\u00eats \u00e0 vous faire d\u00e9couvrir la Rosi\u00e8re sous toutes ses coutures.[\/vc_column_text][\/vc_column][vc_column width=&#8221;1\/2&#8243; el_class=&#8221;image-column-remove-padding image-headband&#8221;][vc_single_image image=&#8221;581300&#8243; img_size=&#8221;full&#8221; style=&#8221;vc_box_rounded&#8221; el_class=&#8221;image-headband-frontpage&#8221;][\/vc_column][\/vc_row][vc_row][vc_column][vc_empty_space height=&#8221;50px&#8221;][\/vc_column][\/vc_row][vc_row css=&#8221;.vc_custom_1723108765228{margin-right: 5% !important;margin-left: 5% !important;}&#8221;][vc_column][vc_column_text]<\/p>\n<h3 style=\"text-align: left;\"><span style=\"color: #00adef;\">DES QUESTIONS ? CONTACTEZ-NOUS<\/span><\/h3>\n<p>[\/vc_column_text][vc_empty_space height=&#8221;30px&#8221;][vc_row_inner][vc_column_inner width=&#8221;1\/2&#8243;][vc_single_image image=&#8221;572826&#8243; img_size=&#8221;medium&#8221; alignment=&#8221;center&#8221;][vc_column_text]<\/p>\n<p style=\"text-align: center;\">Oxyg\u00e8ne \u00c9cole de Ski &amp; Snowboard\u00a0<strong>La Rosi\u00e8re<\/strong><br \/>\nJoignables toute l\u2019ann\u00e9e, nous serons ravis de mettre<br \/>\nnotre expertise \u00e0 votre disposition.<\/p>\n<p>[\/vc_column_text][vc_btn title=&#8221;+33 (0)6 42 85 58 73&#8243; align=&#8221;center&#8221; link=&#8221;url:tel%3A%2B33642855873|&#8221;][\/vc_column_inner][vc_column_inner width=&#8221;1\/2&#8243;][vc_single_image image=&#8221;572829&#8243; img_size=&#8221;medium&#8221; alignment=&#8221;center&#8221;][vc_column_text]<\/p>\n<p style=\"text-align: center;\">Oxyg\u00e8ne \u00c9cole de Ski &amp; Snowboard\u00a0<strong>La Rosi\u00e8re<\/strong><br \/>\nPlace des Eucherts \u2013 73700 Montvalezan<\/p>\n<p>[\/vc_column_text][vc_btn title=&#8221;Voir le plan&#8221; align=&#8221;center&#8221; link=&#8221;url:https%3A%2F%2Fwww.google.fr%2Fmaps%2Fplace%2FOxyg%25C3%25A8ne%2BEcole%2Bde%2Bski%2Bet%2BSnowboard%2BLa%2BRosi%25C3%25A8re%2F%4045.6255681%2C6.8622983%2C21z%2Fdata%3D%214m6%213m5%211s0x47896b87c909a5a5%3A0xf86c69f46f77954e%218m2%213d45.6255681%214d6.8624593%2116s%252Fg%252F11j_62jq8n%3Fentry%3Dttu|target:_blank|&#8221;][\/vc_column_inner][\/vc_row_inner][vc_empty_space][vc_single_image image=&#8221;572831&#8243; alignment=&#8221;center&#8221;][vc_column_text]<\/p>\n<h4 style=\"text-align: center;\"><span style=\"color: #00adef;\">\u00c9CRIVEZ-NOUS !<\/span><\/h4>\n<p>[\/vc_column_text][vc_btn title=&#8221;larosiere@oxygene.ski&#8221; align=&#8221;center&#8221; link=&#8221;url:mailto%3A%20larosiere%40oxygene.ski|target:_blank|&#8221;][vc_empty_space][\/vc_column][\/vc_row]<\/p>\n","protected":false},"excerpt":{"rendered":"<p>[vc_row content_placement=&#8221;middle&#8221; css=&#8221;.vc_custom_1757260293474{background-position: center !important;background-repeat: no-repeat !important;background-size: cover !important;}&#8221;][vc_column el_class=&#8221;image-column-remove-padding image-headband&#8221;][vc_single_image image=&#8221;581294&#8243; img_size=&#8221;full&#8221; el_class=&#8221;image-headband-frontpage-main&#8221;][\/vc_column][\/vc_row][vc_row][vc_column][vc_empty_space height=&#8221;50px&#8221;][\/vc_column][\/vc_row][vc_row css=&#8221;.vc_custom_1723108676047{margin-right: 5% !important;margin-left: 5% !important;}&#8221;][vc_column width=&#8221;1\/2&#8243;][vc_column_text] BIENVENUE \u00c0 LA ROSI\u00c8RE [\/vc_column_text][vc_column_text css=&#8221;.vc_custom_1749817337432{margin-right: 20px !important;}&#8221;]La Rosi\u00e8re est une station unique ! C\u2019est la seule station de Savoie \u00e0 proposer un domaine skiable international. Reli\u00e9 avec le domaine skiable de la Thuile [&hellip;]<\/p>\n","protected":false},"author":7448,"featured_media":0,"parent":0,"menu_order":19,"comment_status":"closed","ping_status":"closed","template":"page-full-width.php","meta":{"footnotes":""},"yoast_head":"<!-- This site is optimized with the Yoast SEO plugin v22.2 - https:\/\/yoast.com\/wordpress\/plugins\/seo\/ -->\n<title>Bienvenue \u00e0 La Rosi\u00e8re | Oxyg\u00e8ne \u00c9cole de Ski &amp; Snowboard<\/title>\n<meta name=\"description\" content=\"Oxyg\u00e8ne La Rosi\u00e8re, votre \u00e9cole de ski qui propose un large \u00e9ventail de cours collectifs, de cours priv\u00e9s, de cours handiski et d&#039;activit\u00e9s.\" \/>\n<meta name=\"robots\" content=\"index, follow, max-snippet:-1, max-image-preview:large, max-video-preview:-1\" \/>\n<link rel=\"canonical\" href=\"https:\/\/oxygene.ski\/fr\/ecole-ski-la-rosiere\/\" \/>\n<meta property=\"og:locale\" content=\"fr_FR\" \/>\n<meta property=\"og:type\" content=\"article\" \/>\n<meta property=\"og:title\" content=\"Bienvenue \u00e0 La Rosi\u00e8re | Oxyg\u00e8ne \u00c9cole de Ski &amp; Snowboard\" \/>\n<meta property=\"og:description\" content=\"Oxyg\u00e8ne La Rosi\u00e8re, votre \u00e9cole de ski qui propose un large \u00e9ventail de cours collectifs, de cours priv\u00e9s, de cours handiski et d&#039;activit\u00e9s.\" \/>\n<meta property=\"og:url\" content=\"https:\/\/oxygene.ski\/fr\/ecole-ski-la-rosiere\/\" \/>\n<meta property=\"og:site_name\" content=\"Oxyg\u00e8ne Ski &amp; Snowboard School\" \/>\n<meta property=\"article:publisher\" content=\"https:\/\/www.facebook.com\/OxygeneSki\" \/>\n<meta property=\"article:modified_time\" content=\"2026-01-14T09:58:31+00:00\" \/>\n<meta name=\"twitter:card\" content=\"summary_large_image\" \/>\n<meta name=\"twitter:site\" content=\"@Oxygene_Ski\" \/>\n<meta name=\"twitter:label1\" content=\"Est. reading time\" \/>\n\t<meta name=\"twitter:data1\" content=\"4 minutes\" \/>\n<script type=\"application\/ld+json\" class=\"yoast-schema-graph\">{\"@context\":\"https:\/\/schema.org\",\"@graph\":[{\"@type\":\"WebPage\",\"@id\":\"https:\/\/oxygene.ski\/fr\/ecole-ski-la-rosiere\/\",\"url\":\"https:\/\/oxygene.ski\/fr\/ecole-ski-la-rosiere\/\",\"name\":\"Bienvenue \u00e0 La Rosi\u00e8re | Oxyg\u00e8ne \u00c9cole de Ski & Snowboard\",\"isPartOf\":{\"@id\":\"https:\/\/oxygene.ski\/#website\"},\"datePublished\":\"2025-03-21T09:03:35+00:00\",\"dateModified\":\"2026-01-14T09:58:31+00:00\",\"description\":\"Oxyg\u00e8ne La Rosi\u00e8re, votre \u00e9cole de ski qui propose un large \u00e9ventail de cours collectifs, de cours priv\u00e9s, de cours handiski et d'activit\u00e9s.\",\"breadcrumb\":{\"@id\":\"https:\/\/oxygene.ski\/fr\/ecole-ski-la-rosiere\/#breadcrumb\"},\"inLanguage\":\"fr\",\"potentialAction\":[{\"@type\":\"ReadAction\",\"target\":[\"https:\/\/oxygene.ski\/fr\/ecole-ski-la-rosiere\/\"]}]},{\"@type\":\"BreadcrumbList\",\"@id\":\"https:\/\/oxygene.ski\/fr\/ecole-ski-la-rosiere\/#breadcrumb\",\"itemListElement\":[{\"@type\":\"ListItem\",\"position\":1,\"name\":\"Home\",\"item\":\"https:\/\/oxygene.ski\/fr\/accueil\/\"},{\"@type\":\"ListItem\",\"position\":2,\"name\":\"La Rosi\u00e8re\"}]},{\"@type\":\"WebSite\",\"@id\":\"https:\/\/oxygene.ski\/#website\",\"url\":\"https:\/\/oxygene.ski\/\",\"name\":\"Oxyg\u00e8ne Ski &amp; Snowboard School\",\"description\":\"\",\"potentialAction\":[{\"@type\":\"SearchAction\",\"target\":{\"@type\":\"EntryPoint\",\"urlTemplate\":\"https:\/\/oxygene.ski\/?s={search_term_string}\"},\"query-input\":\"required name=search_term_string\"}],\"inLanguage\":\"fr\"}]}<\/script>\n<!-- \/ Yoast SEO plugin. -->","yoast_head_json":{"title":"Bienvenue \u00e0 La Rosi\u00e8re | Oxyg\u00e8ne \u00c9cole de Ski & Snowboard","description":"Oxyg\u00e8ne La Rosi\u00e8re, votre \u00e9cole de ski qui propose un large \u00e9ventail de cours collectifs, de cours priv\u00e9s, de cours handiski et d'activit\u00e9s.","robots":{"index":"index","follow":"follow","max-snippet":"max-snippet:-1","max-image-preview":"max-image-preview:large","max-video-preview":"max-video-preview:-1"},"canonical":"https:\/\/oxygene.ski\/fr\/ecole-ski-la-rosiere\/","og_locale":"fr_FR","og_type":"article","og_title":"Bienvenue \u00e0 La Rosi\u00e8re | Oxyg\u00e8ne \u00c9cole de Ski & Snowboard","og_description":"Oxyg\u00e8ne La Rosi\u00e8re, votre \u00e9cole de ski qui propose un large \u00e9ventail de cours collectifs, de cours priv\u00e9s, de cours handiski et d'activit\u00e9s.","og_url":"https:\/\/oxygene.ski\/fr\/ecole-ski-la-rosiere\/","og_site_name":"Oxyg\u00e8ne Ski &amp; Snowboard School","article_publisher":"https:\/\/www.facebook.com\/OxygeneSki","article_modified_time":"2026-01-14T09:58:31+00:00","twitter_card":"summary_large_image","twitter_site":"@Oxygene_Ski","twitter_misc":{"Est. reading time":"4 minutes"},"schema":{"@context":"https:\/\/schema.org","@graph":[{"@type":"WebPage","@id":"https:\/\/oxygene.ski\/fr\/ecole-ski-la-rosiere\/","url":"https:\/\/oxygene.ski\/fr\/ecole-ski-la-rosiere\/","name":"Bienvenue \u00e0 La Rosi\u00e8re | Oxyg\u00e8ne \u00c9cole de Ski & Snowboard","isPartOf":{"@id":"https:\/\/oxygene.ski\/#website"},"datePublished":"2025-03-21T09:03:35+00:00","dateModified":"2026-01-14T09:58:31+00:00","description":"Oxyg\u00e8ne La Rosi\u00e8re, votre \u00e9cole de ski qui propose un large \u00e9ventail de cours collectifs, de cours priv\u00e9s, de cours handiski et d'activit\u00e9s.","breadcrumb":{"@id":"https:\/\/oxygene.ski\/fr\/ecole-ski-la-rosiere\/#breadcrumb"},"inLanguage":"fr","potentialAction":[{"@type":"ReadAction","target":["https:\/\/oxygene.ski\/fr\/ecole-ski-la-rosiere\/"]}]},{"@type":"BreadcrumbList","@id":"https:\/\/oxygene.ski\/fr\/ecole-ski-la-rosiere\/#breadcrumb","itemListElement":[{"@type":"ListItem","position":1,"name":"Home","item":"https:\/\/oxygene.ski\/fr\/accueil\/"},{"@type":"ListItem","position":2,"name":"La Rosi\u00e8re"}]},{"@type":"WebSite","@id":"https:\/\/oxygene.ski\/#website","url":"https:\/\/oxygene.ski\/","name":"Oxyg\u00e8ne Ski &amp; Snowboard School","description":"","potentialAction":[{"@type":"SearchAction","target":{"@type":"EntryPoint","urlTemplate":"https:\/\/oxygene.ski\/?s={search_term_string}"},"query-input":"required name=search_term_string"}],"inLanguage":"fr"}]}},"_links":{"self":[{"href":"https:\/\/oxygene.ski\/fr\/wp-json\/wp\/v2\/pages\/578839"}],"collection":[{"href":"https:\/\/oxygene.ski\/fr\/wp-json\/wp\/v2\/pages"}],"about":[{"href":"https:\/\/oxygene.ski\/fr\/wp-json\/wp\/v2\/types\/page"}],"author":[{"embeddable":true,"href":"https:\/\/oxygene.ski\/fr\/wp-json\/wp\/v2\/users\/7448"}],"replies":[{"embeddable":true,"href":"https:\/\/oxygene.ski\/fr\/wp-json\/wp\/v2\/comments?post=578839"}],"version-history":[{"count":38,"href":"https:\/\/oxygene.ski\/fr\/wp-json\/wp\/v2\/pages\/578839\/revisions"}],"predecessor-version":[{"id":582837,"href":"https:\/\/oxygene.ski\/fr\/wp-json\/wp\/v2\/pages\/578839\/revisions\/582837"}],"wp:attachment":[{"href":"https:\/\/oxygene.ski\/fr\/wp-json\/wp\/v2\/media?parent=578839"}],"curies":[{"name":"wp","href":"https:\/\/api.w.org\/{rel}","templated":true}]}}