{"id":578824,"date":"2025-03-20T15:51:38","date_gmt":"2025-03-20T14:51:38","guid":{"rendered":"https:\/\/oxygene.ski\/vtt-electrique-sur-neige-2\/"},"modified":"2025-11-25T11:09:33","modified_gmt":"2025-11-25T10:09:33","slug":"vtt-electrique-sur-neige","status":"publish","type":"page","link":"https:\/\/oxygene.ski\/fr\/vtt-electrique-sur-neige\/","title":{"rendered":"VTT \u00e9lectrique sur neige"},"content":{"rendered":"<p>[vc_row content_placement=&#8221;middle&#8221; css=&#8221;.vc_custom_1757258142619{background-position: center !important;background-repeat: no-repeat !important;background-size: cover !important;}&#8221;][vc_column el_class=&#8221;image-column-remove-padding image-headband&#8221;][vc_single_image image=&#8221;581257&#8243; img_size=&#8221;full&#8221; el_class=&#8221;image-headband-frontpage-main&#8221;][\/vc_column][\/vc_row][vc_row][vc_column][vc_empty_space height=&#8221;50px&#8221;][\/vc_column][\/vc_row][vc_row css=&#8221;.vc_custom_1721295204059{margin-right: 5% !important;margin-left: 5% !important;}&#8221;][vc_column width=&#8221;1\/2&#8243;][vc_empty_space height=&#8221;20px&#8221;][vc_column_text]<\/p>\n<h1 style=\"text-align: left;\"><span style=\"color: #00adef;\">VTT \u00c9LECTRIQUE SUR NEIGE<\/span><\/h1>\n<p>[\/vc_column_text][vc_column_text css=&#8221;.vc_custom_1755182005795{margin-right: 10% !important;}&#8221;]Vivez une nouvelle aventure lors de votre s\u00e9jour \u00e0 Val d\u2019Is\u00e8re et optez pour une sortie en VTT \u00e9lectrique sur neige !\u00a0C\u2019est une occasion unique de d\u00e9couvrir de nouvelles sensations de glisse tout en explorant Val d\u2019Is\u00e8re et ses environs.<\/p>\n<p>Profitez de paysages magnifiques, d\u2019un grand bol d\u2019air frais et de panoramas \u00e0 couper le souffle. Votre sortie sera enti\u00e8rement sur mesure et encadr\u00e9e du d\u00e9but \u00e0 la fin par un moniteur Oxyg\u00e8ne.[\/vc_column_text][vc_row_inner][vc_column_inner width=&#8221;1\/3&#8243;][vc_single_image image=&#8221;574204&#8243; img_size=&#8221;60&#215;60&#8243; alignment=&#8221;center&#8221;][vc_btn title=&#8221;Val d&#8217;Is\u00e8re&#8221; style=&#8221;outline&#8221; color=&#8221;sky&#8221; size=&#8221;sm&#8221; align=&#8221;center&#8221; link=&#8221;url:https%3A%2F%2Fbooking.yoplanning.pro%2Fc5caa709-4c75-4ce9-a760-d60689a200e3%2F%3Ftag%3D538dda80-bb12-41ea-b51a-1301b165b08b|target:_blank|&#8221;][\/vc_column_inner][vc_column_inner width=&#8221;1\/3&#8243;][\/vc_column_inner][vc_column_inner width=&#8221;1\/3&#8243;][\/vc_column_inner][\/vc_row_inner][\/vc_column][vc_column width=&#8221;1\/2&#8243;][vc_row_inner gap=&#8221;35&#8243;][vc_column_inner width=&#8221;1\/2&#8243; css=&#8221;.vc_custom_1757258280438{background-position: center !important;background-repeat: no-repeat !important;background-size: cover !important;}&#8221;][vc_single_image image=&#8221;581259&#8243; img_size=&#8221;500&#215;335&#8243; style=&#8221;vc_box_rounded&#8221;][\/vc_column_inner][vc_column_inner width=&#8221;1\/2&#8243; css=&#8221;.vc_custom_1757258274411{background-position: center !important;background-repeat: no-repeat !important;background-size: cover !important;}&#8221;][vc_single_image image=&#8221;581263&#8243; img_size=&#8221;500&#215;335&#8243; style=&#8221;vc_box_rounded&#8221;][\/vc_column_inner][\/vc_row_inner][\/vc_column][\/vc_row][vc_row][vc_column][vc_empty_space height=&#8221;75px&#8221;][\/vc_column][\/vc_row][vc_row][vc_column][vc_row_inner][vc_column_inner width=&#8221;1\/2&#8243; css=&#8221;.vc_custom_1741857713996{padding-right: 10% !important;padding-left: 10% !important;}&#8221;][vc_column_text]<\/p>\n<div class=\"wpb_text_column wpb_content_element \">\n<div class=\"wpb_wrapper\">\n<div class=\"wpb_text_column wpb_content_element \">\n<div class=\"wpb_wrapper\">\n<div class=\"wpb_text_column wpb_content_element \">\n<div class=\"wpb_wrapper\">\n<p style=\"text-align: center;\"><span style=\"color: #00adef;\"><strong>PARTAGEZ AVEC VOS AMIS<\/strong><\/span><\/p>\n<p style=\"text-align: center;\">Faites une pause et explorez la montagne autrement avec une session de VTT \u00e9lectrique sur neige. Admirez les sommets enneig\u00e9s \u00e0 couper le souffle et d\u00e9couvrez des recoins cach\u00e9s que vous auriez manqu\u00e9s \u00e0 ski. Cette activit\u00e9, id\u00e9ale \u00e0 partager entre amis, promet un moment unique de d\u00e9couverte et de rires au c\u0153ur d\u2019un paysage hivernal enchanteur.<\/p>\n<p style=\"text-align: center;\">Take a break and explore the mountain in a new way with an electric mountain bike session on the snow. Enjoy the breathtaking snow-capped peaks and uncover hidden spots you might miss on skis. This activity is perfect for sharing with friends, offering a unique moment of discovery and laughter amidst the serene winter landscape.<\/p>\n<\/div>\n<\/div>\n<\/div>\n<\/div>\n<\/div>\n<\/div>\n<p>[\/vc_column_text][\/vc_column_inner][vc_column_inner width=&#8221;1\/2&#8243; css=&#8221;.vc_custom_1741857741015{padding-right: 10% !important;padding-left: 10% !important;}&#8221;][vc_column_text]<\/p>\n<div class=\"wpb_text_column wpb_content_element \">\n<div class=\"wpb_wrapper\">\n<div class=\"wpb_text_column wpb_content_element \">\n<div class=\"wpb_wrapper\">\n<div class=\"wpb_text_column wpb_content_element \">\n<div class=\"wpb_wrapper\">\n<p style=\"text-align: center;\"><span style=\"color: #00adef;\"><strong>ENCADR\u00c9S PAR DES PROS<\/strong><\/span><\/p>\n<p style=\"text-align: center;\">Le saviez-vous ? Pour une session de VTT r\u00e9ussie, il est pr\u00e9f\u00e9rable que la neige soit compacte (ce qui n\u2019est pas toujours appr\u00e9ci\u00e9 en ski) ! Apr\u00e8s une br\u00e8ve introduction th\u00e9orique, vous apprendrez \u00e0 manier nos VTT \u00e9lectriques en toute s\u00e9curit\u00e9. Vous serez accompagn\u00e9 par un moniteur de VTT Oxyg\u00e8ne, qui vous donnera conseils et astuces au fil de votre aventure.<\/p>\n<\/div>\n<\/div>\n<\/div>\n<\/div>\n<\/div>\n<\/div>\n<p>[\/vc_column_text][\/vc_column_inner][\/vc_row_inner][\/vc_column][\/vc_row][vc_row][vc_column][vc_empty_space height=&#8221;75px&#8221;][\/vc_column][\/vc_row][vc_row css=&#8221;.vc_custom_1723662061363{margin-right: 5% !important;margin-left: 5% !important;}&#8221;][vc_column width=&#8221;1\/2&#8243;][vc_empty_space height=&#8221;20px&#8221;][vc_column_text css=&#8221;.vc_custom_1755182012434{margin-right: 10% !important;}&#8221;]<\/p>\n<h2><span style=\"color: #00adef;\">LE VTT \u00c9LECTRIQUE SUR NEIGE : POUR QUI ?<\/span><\/h2>\n<p>&nbsp;<\/p>\n<p>Pas encore pr\u00eat pour les Championnats du Monde de VTT ? Pas d\u2019inqui\u00e9tude, nos VTT \u00e9lectriques sur neige ne n\u00e9cessitent aucune comp\u00e9tence particuli\u00e8re. Accessibles \u00e0 tous, leur assistance \u00e9lectrique s\u2019adapte \u00e0 votre niveau et \u00e0 votre condition physique pour vous accompagner dans l\u2019effort.<\/p>\n<p>Votre moniteur Oxyg\u00e8ne sera \u00e0 vos c\u00f4t\u00e9s tout au long de la session pour vous prodiguer tous les conseils n\u00e9cessaires pour une sortie r\u00e9ussie.<\/p>\n<p>Not ready for the MTB World Championships yet? Don\u2019t worry, our electric mountain bikes on snow do not require any specific skills. Available for everyone, the electric assistance is there to help you while pedalling depending on your level and fitness. Your Oxyg\u00e8ne guide will accompany you throughout your session, providing a safe and secure environment at all times, with all the professional advice needed for a successful outing.[\/vc_column_text][vc_column_text]<br \/>\n\u00cates-vous pr\u00eats pour une nouvelle aventure ?<br \/>\n[\/vc_column_text][vc_btn title=&#8221;R\u00e9servez ici !&#8221; style=&#8221;outline&#8221; color=&#8221;sky&#8221; align=&#8221;left&#8221; link=&#8221;url:https%3A%2F%2Fbooking.yoplanning.pro%2Fc5caa709-4c75-4ce9-a760-d60689a200e3%2F%3Ftag%3D538dda80-bb12-41ea-b51a-1301b165b08b|target:_blank|&#8221;][\/vc_column][vc_column width=&#8221;1\/2&#8243; css=&#8221;.vc_custom_1757258352723{background-position: center !important;background-repeat: no-repeat !important;background-size: cover !important;}&#8221; el_class=&#8221;image-column-remove-padding image-headband&#8221;][vc_single_image image=&#8221;581265&#8243; img_size=&#8221;full&#8221; style=&#8221;vc_box_rounded&#8221; el_class=&#8221;image-headband-frontpage&#8221;][\/vc_column][\/vc_row][vc_row][vc_column][vc_empty_space height=&#8221;30px&#8221;][\/vc_column][\/vc_row]<\/p>\n","protected":false},"excerpt":{"rendered":"<p>[vc_row content_placement=&#8221;middle&#8221; css=&#8221;.vc_custom_1757258142619{background-position: center !important;background-repeat: no-repeat !important;background-size: cover !important;}&#8221;][vc_column el_class=&#8221;image-column-remove-padding image-headband&#8221;][vc_single_image image=&#8221;581257&#8243; img_size=&#8221;full&#8221; el_class=&#8221;image-headband-frontpage-main&#8221;][\/vc_column][\/vc_row][vc_row][vc_column][vc_empty_space height=&#8221;50px&#8221;][\/vc_column][\/vc_row][vc_row css=&#8221;.vc_custom_1721295204059{margin-right: 5% !important;margin-left: 5% !important;}&#8221;][vc_column width=&#8221;1\/2&#8243;][vc_empty_space height=&#8221;20px&#8221;][vc_column_text] VTT \u00c9LECTRIQUE SUR NEIGE [\/vc_column_text][vc_column_text css=&#8221;.vc_custom_1755182005795{margin-right: 10% !important;}&#8221;]Vivez une nouvelle aventure lors de votre s\u00e9jour \u00e0 Val d\u2019Is\u00e8re et optez pour une sortie en VTT \u00e9lectrique sur neige !\u00a0C\u2019est une occasion unique de [&hellip;]<\/p>\n","protected":false},"author":7448,"featured_media":0,"parent":0,"menu_order":19,"comment_status":"closed","ping_status":"closed","template":"page-full-width.php","meta":{"footnotes":""},"yoast_head":"<!-- This site is optimized with the Yoast SEO plugin v22.2 - https:\/\/yoast.com\/wordpress\/plugins\/seo\/ -->\n<title>VTT \u00c9lectrique sur neige | Oxyg\u00e8ne \u00c9cole de Ski &amp; Snowboard<\/title>\n<meta name=\"description\" content=\"Faites une pause dans votre semaine de ski pour une sortie en VTT \u00e9lectrique sur neige accompagn\u00e9 d&#039;un moniteur Oxyg\u00e8ne.\" \/>\n<meta name=\"robots\" content=\"index, follow, max-snippet:-1, max-image-preview:large, max-video-preview:-1\" \/>\n<link rel=\"canonical\" href=\"https:\/\/oxygene.ski\/fr\/vtt-electrique-sur-neige\/\" \/>\n<meta property=\"og:locale\" content=\"fr_FR\" \/>\n<meta property=\"og:type\" content=\"article\" \/>\n<meta property=\"og:title\" content=\"VTT \u00c9lectrique sur neige | Oxyg\u00e8ne \u00c9cole de Ski &amp; Snowboard\" \/>\n<meta property=\"og:description\" content=\"Faites une pause dans votre semaine de ski pour une sortie en VTT \u00e9lectrique sur neige accompagn\u00e9 d&#039;un moniteur Oxyg\u00e8ne.\" \/>\n<meta property=\"og:url\" content=\"https:\/\/oxygene.ski\/fr\/vtt-electrique-sur-neige\/\" \/>\n<meta property=\"og:site_name\" content=\"Oxyg\u00e8ne Ski &amp; Snowboard School\" \/>\n<meta property=\"article:publisher\" content=\"https:\/\/www.facebook.com\/OxygeneSki\" \/>\n<meta property=\"article:modified_time\" content=\"2025-11-25T10:09:33+00:00\" \/>\n<meta name=\"twitter:card\" content=\"summary_large_image\" \/>\n<meta name=\"twitter:site\" content=\"@Oxygene_Ski\" \/>\n<meta name=\"twitter:label1\" content=\"Est. reading time\" \/>\n\t<meta name=\"twitter:data1\" content=\"2 minutes\" \/>\n<script type=\"application\/ld+json\" class=\"yoast-schema-graph\">{\"@context\":\"https:\/\/schema.org\",\"@graph\":[{\"@type\":\"WebPage\",\"@id\":\"https:\/\/oxygene.ski\/fr\/vtt-electrique-sur-neige\/\",\"url\":\"https:\/\/oxygene.ski\/fr\/vtt-electrique-sur-neige\/\",\"name\":\"VTT \u00c9lectrique sur neige | Oxyg\u00e8ne \u00c9cole de Ski & Snowboard\",\"isPartOf\":{\"@id\":\"https:\/\/oxygene.ski\/#website\"},\"datePublished\":\"2025-03-20T14:51:38+00:00\",\"dateModified\":\"2025-11-25T10:09:33+00:00\",\"description\":\"Faites une pause dans votre semaine de ski pour une sortie en VTT \u00e9lectrique sur neige accompagn\u00e9 d'un moniteur Oxyg\u00e8ne.\",\"breadcrumb\":{\"@id\":\"https:\/\/oxygene.ski\/fr\/vtt-electrique-sur-neige\/#breadcrumb\"},\"inLanguage\":\"fr\",\"potentialAction\":[{\"@type\":\"ReadAction\",\"target\":[\"https:\/\/oxygene.ski\/fr\/vtt-electrique-sur-neige\/\"]}]},{\"@type\":\"BreadcrumbList\",\"@id\":\"https:\/\/oxygene.ski\/fr\/vtt-electrique-sur-neige\/#breadcrumb\",\"itemListElement\":[{\"@type\":\"ListItem\",\"position\":1,\"name\":\"Home\",\"item\":\"https:\/\/oxygene.ski\/fr\/accueil\/\"},{\"@type\":\"ListItem\",\"position\":2,\"name\":\"VTT \u00e9lectrique sur neige\"}]},{\"@type\":\"WebSite\",\"@id\":\"https:\/\/oxygene.ski\/#website\",\"url\":\"https:\/\/oxygene.ski\/\",\"name\":\"Oxyg\u00e8ne Ski &amp; Snowboard School\",\"description\":\"\",\"potentialAction\":[{\"@type\":\"SearchAction\",\"target\":{\"@type\":\"EntryPoint\",\"urlTemplate\":\"https:\/\/oxygene.ski\/?s={search_term_string}\"},\"query-input\":\"required name=search_term_string\"}],\"inLanguage\":\"fr\"}]}<\/script>\n<!-- \/ Yoast SEO plugin. -->","yoast_head_json":{"title":"VTT \u00c9lectrique sur neige | Oxyg\u00e8ne \u00c9cole de Ski & Snowboard","description":"Faites une pause dans votre semaine de ski pour une sortie en VTT \u00e9lectrique sur neige accompagn\u00e9 d'un moniteur Oxyg\u00e8ne.","robots":{"index":"index","follow":"follow","max-snippet":"max-snippet:-1","max-image-preview":"max-image-preview:large","max-video-preview":"max-video-preview:-1"},"canonical":"https:\/\/oxygene.ski\/fr\/vtt-electrique-sur-neige\/","og_locale":"fr_FR","og_type":"article","og_title":"VTT \u00c9lectrique sur neige | Oxyg\u00e8ne \u00c9cole de Ski & Snowboard","og_description":"Faites une pause dans votre semaine de ski pour une sortie en VTT \u00e9lectrique sur neige accompagn\u00e9 d'un moniteur Oxyg\u00e8ne.","og_url":"https:\/\/oxygene.ski\/fr\/vtt-electrique-sur-neige\/","og_site_name":"Oxyg\u00e8ne Ski &amp; Snowboard School","article_publisher":"https:\/\/www.facebook.com\/OxygeneSki","article_modified_time":"2025-11-25T10:09:33+00:00","twitter_card":"summary_large_image","twitter_site":"@Oxygene_Ski","twitter_misc":{"Est. reading time":"2 minutes"},"schema":{"@context":"https:\/\/schema.org","@graph":[{"@type":"WebPage","@id":"https:\/\/oxygene.ski\/fr\/vtt-electrique-sur-neige\/","url":"https:\/\/oxygene.ski\/fr\/vtt-electrique-sur-neige\/","name":"VTT \u00c9lectrique sur neige | Oxyg\u00e8ne \u00c9cole de Ski & Snowboard","isPartOf":{"@id":"https:\/\/oxygene.ski\/#website"},"datePublished":"2025-03-20T14:51:38+00:00","dateModified":"2025-11-25T10:09:33+00:00","description":"Faites une pause dans votre semaine de ski pour une sortie en VTT \u00e9lectrique sur neige accompagn\u00e9 d'un moniteur Oxyg\u00e8ne.","breadcrumb":{"@id":"https:\/\/oxygene.ski\/fr\/vtt-electrique-sur-neige\/#breadcrumb"},"inLanguage":"fr","potentialAction":[{"@type":"ReadAction","target":["https:\/\/oxygene.ski\/fr\/vtt-electrique-sur-neige\/"]}]},{"@type":"BreadcrumbList","@id":"https:\/\/oxygene.ski\/fr\/vtt-electrique-sur-neige\/#breadcrumb","itemListElement":[{"@type":"ListItem","position":1,"name":"Home","item":"https:\/\/oxygene.ski\/fr\/accueil\/"},{"@type":"ListItem","position":2,"name":"VTT \u00e9lectrique sur neige"}]},{"@type":"WebSite","@id":"https:\/\/oxygene.ski\/#website","url":"https:\/\/oxygene.ski\/","name":"Oxyg\u00e8ne Ski &amp; Snowboard School","description":"","potentialAction":[{"@type":"SearchAction","target":{"@type":"EntryPoint","urlTemplate":"https:\/\/oxygene.ski\/?s={search_term_string}"},"query-input":"required name=search_term_string"}],"inLanguage":"fr"}]}},"_links":{"self":[{"href":"https:\/\/oxygene.ski\/fr\/wp-json\/wp\/v2\/pages\/578824"}],"collection":[{"href":"https:\/\/oxygene.ski\/fr\/wp-json\/wp\/v2\/pages"}],"about":[{"href":"https:\/\/oxygene.ski\/fr\/wp-json\/wp\/v2\/types\/page"}],"author":[{"embeddable":true,"href":"https:\/\/oxygene.ski\/fr\/wp-json\/wp\/v2\/users\/7448"}],"replies":[{"embeddable":true,"href":"https:\/\/oxygene.ski\/fr\/wp-json\/wp\/v2\/comments?post=578824"}],"version-history":[{"count":22,"href":"https:\/\/oxygene.ski\/fr\/wp-json\/wp\/v2\/pages\/578824\/revisions"}],"predecessor-version":[{"id":582414,"href":"https:\/\/oxygene.ski\/fr\/wp-json\/wp\/v2\/pages\/578824\/revisions\/582414"}],"wp:attachment":[{"href":"https:\/\/oxygene.ski\/fr\/wp-json\/wp\/v2\/media?parent=578824"}],"curies":[{"name":"wp","href":"https:\/\/api.w.org\/{rel}","templated":true}]}}