{"id":578820,"date":"2025-03-20T15:39:48","date_gmt":"2025-03-20T14:39:48","guid":{"rendered":"https:\/\/oxygene.ski\/ski-de-fond-2\/"},"modified":"2025-11-25T11:09:21","modified_gmt":"2025-11-25T10:09:21","slug":"ski-de-fond","status":"publish","type":"page","link":"https:\/\/oxygene.ski\/fr\/ski-de-fond\/","title":{"rendered":"Ski de fond"},"content":{"rendered":"<p>[vc_row content_placement=&#8221;middle&#8221; css=&#8221;.vc_custom_1757192617660{background-position: center !important;background-repeat: no-repeat !important;background-size: cover !important;}&#8221;][vc_column el_class=&#8221;image-column-remove-padding image-headband&#8221;][vc_single_image image=&#8221;581246&#8243; img_size=&#8221;full&#8221; el_class=&#8221;image-headband-frontpage-main&#8221;][\/vc_column][\/vc_row][vc_row][vc_column][vc_empty_space height=&#8221;50px&#8221;][\/vc_column][\/vc_row][vc_row css=&#8221;.vc_custom_1721295204059{margin-right: 5% !important;margin-left: 5% !important;}&#8221;][vc_column width=&#8221;1\/2&#8243;][vc_empty_space height=&#8221;20px&#8221;][vc_column_text]<\/p>\n<h1 style=\"text-align: left;\"><span style=\"color: #00adef;\">SKI DE FOND<\/span><\/h1>\n<p>[\/vc_column_text][vc_column_text css=&#8221;.vc_custom_1738229079921{margin-right: 25% !important;}&#8221;]Le ski de fond, aussi appel\u00e9 ski nordique est id\u00e9al pour ceux qui souhaitent profiter du calme et de la nature, loin de l\u2019effervescence des pistes. Choisissez entre le ski de fond classique, avec des gestes similaires \u00e0 la marche, ou une technique plus \u00e9nergique et cardiovasculaire : le skating.<\/p>\n<p>Nos moniteurs sauront s\u2019adapter \u00e0 votre niveau et vous feront d\u00e9couvrir les joies de ce sport aux nombreux bienfaits.[\/vc_column_text][vc_row_inner][vc_column_inner width=&#8221;1\/3&#8243;][vc_single_image image=&#8221;574182&#8243; img_size=&#8221;60&#215;60&#8243; alignment=&#8221;center&#8221;][vc_btn title=&#8221;La Plagne&#8221; style=&#8221;outline&#8221; color=&#8221;sky&#8221; size=&#8221;sm&#8221; align=&#8221;center&#8221; link=&#8221;url:https%3A%2F%2Fbooking.yoplanning.pro%2F4e1a2cf2-b77e-4bc7-9a1f-bd174f61282d%2F%3Ftag%3D766ce89c-ad59-4f64-8e6d-f5f0a841ebf3|target:_blank|&#8221;][\/vc_column_inner][vc_column_inner width=&#8221;1\/3&#8243;][vc_single_image image=&#8221;574204&#8243; img_size=&#8221;60&#215;60&#8243; alignment=&#8221;center&#8221;][vc_btn title=&#8221;Val d&#8217;Is\u00e8re&#8221; style=&#8221;outline&#8221; color=&#8221;sky&#8221; size=&#8221;sm&#8221; align=&#8221;center&#8221; link=&#8221;url:https%3A%2F%2Fbooking.yoplanning.pro%2Fc5caa709-4c75-4ce9-a760-d60689a200e3%2F%3Ftag%3Da3951e80-c7e0-41d2-b2cf-f1d9f6d9d57a|target:_blank|&#8221;][\/vc_column_inner][vc_column_inner width=&#8221;1\/3&#8243;][\/vc_column_inner][\/vc_row_inner][\/vc_column][vc_column width=&#8221;1\/2&#8243;][vc_row_inner gap=&#8221;35&#8243;][vc_column_inner width=&#8221;1\/2&#8243; css=&#8221;.vc_custom_1757192750666{background-position: center !important;background-repeat: no-repeat !important;background-size: cover !important;}&#8221;][vc_single_image image=&#8221;581248&#8243; img_size=&#8221;500&#215;335&#8243; style=&#8221;vc_box_rounded&#8221;][\/vc_column_inner][vc_column_inner width=&#8221;1\/2&#8243; css=&#8221;.vc_custom_1757192856417{background-position: center !important;background-repeat: no-repeat !important;background-size: cover !important;}&#8221;][vc_single_image image=&#8221;581250&#8243; img_size=&#8221;500&#215;335&#8243; style=&#8221;vc_box_rounded&#8221;][\/vc_column_inner][\/vc_row_inner][\/vc_column][\/vc_row][vc_row][vc_column][vc_empty_space height=&#8221;75px&#8221;][\/vc_column][\/vc_row][vc_row][vc_column][vc_row_inner][vc_column_inner width=&#8221;1\/2&#8243; css=&#8221;.vc_custom_1741856843282{padding-right: 10% !important;padding-left: 10% !important;}&#8221;][vc_column_text]<\/p>\n<p style=\"text-align: center;\"><span style=\"color: #00adef;\"><strong>COURS PRIV\u00c9S OU COLLECTIFS<\/strong><\/span><\/p>\n<p style=\"text-align: center;\">Vous n\u2019avez jamais essay\u00e9 le ski de fond ? Aucun probl\u00e8me. Nos moniteurs qualifi\u00e9s et passionn\u00e9s vous feront d\u00e9couvrir cette discipline ancestrale en partageant avec vous tous leurs conseils lors d\u2019une session. Vous \u00eates un fondeur averti ? Rejoignez nos moniteurs pour affiner votre technique et profiter de la montagne autrement.<\/p>\n<p>[\/vc_column_text][\/vc_column_inner][vc_column_inner width=&#8221;1\/2&#8243; css=&#8221;.vc_custom_1741856862635{padding-right: 10% !important;padding-left: 10% !important;}&#8221;][vc_column_text]<\/p>\n<p style=\"text-align: center;\"><span style=\"color: #00adef;\"><strong>LE MAT\u00c9RIEL DE SKI DE FOND<\/strong><\/span><\/p>\n<p style=\"text-align: center;\">Pour pratiquer le ski de fond, il vous faudra des skis et des chaussures adapt\u00e9s, ainsi qu\u2019une paire de b\u00e2tons. Nos \u00e9quipes peuvent vous conseiller sur la location de mat\u00e9riel. Nous proposons \u00e9galement la location de mat\u00e9riel de ski de fond dans nos magasins de la Plagne et Val d\u2019Is\u00e8re.<\/p>\n<p>[\/vc_column_text][\/vc_column_inner][\/vc_row_inner][\/vc_column][\/vc_row][vc_row][vc_column][vc_empty_space height=&#8221;75px&#8221;][\/vc_column][\/vc_row][vc_row][vc_column width=&#8221;1\/2&#8243; css=&#8221;.vc_custom_1720507385365{margin-left: 10% !important;}&#8221;][vc_empty_space height=&#8221;20px&#8221;][vc_column_text css=&#8221;.vc_custom_1755181318066{margin-right: 25% !important;}&#8221;]<\/p>\n<h2><span style=\"color: #00adef;\">SKI DE FOND CLASSIQUE OU SKATING ?<\/span><\/h2>\n<p>&nbsp;<\/p>\n<p data-start=\"168\" data-end=\"461\"><strong data-start=\"170\" data-end=\"192\">Le style classique<\/strong>\u00a0: glissez dans les rails trac\u00e9s sur la neige, laissez-vous porter par le rythme de vos b\u00e2tons et d\u00e9couvrez une pratique fluide et accessible \u00e0 tous. Id\u00e9al pour d\u00e9buter, ce style vous permet de profiter du grand air tout en faisant le plein d\u2019\u00e9nergie, \u00e0 votre rythme.<\/p>\n<p data-start=\"463\" data-end=\"785\"><strong data-start=\"466\" data-end=\"486\">Le style skating<\/strong>\u00a0: plus dynamique et sportif, il demande un peu plus de technique. Comme son nom l\u2019indique, il rappelle le mouvement du patinage : on pousse lat\u00e9ralement sur ses skis pour gagner en vitesse et en intensit\u00e9. Une pratique id\u00e9ale pour les skieurs en qu\u00eate de sensations et d\u2019un effort plus tonique.<\/p>\n<p data-start=\"787\" data-end=\"938\">Que vous soyez d\u00e9butant ou d\u00e9j\u00e0 initi\u00e9, le ski nordique vous offre une mani\u00e8re unique de profiter de la montagne tout en alliant sport et plaisir. Et accompagn\u00e9 d\u2019un moniteur Oxyg\u00e8ne, vous \u00eates s\u00fbr d\u2019acqu\u00e9rir de suite la bonne technique.<\/p>\n<p>[\/vc_column_text][\/vc_column][vc_column width=&#8221;1\/2&#8243; css=&#8221;.vc_custom_1757193070845{background-position: center !important;background-repeat: no-repeat !important;background-size: contain !important;}&#8221; el_class=&#8221;image-column-remove-padding image-headband&#8221;][vc_single_image image=&#8221;581253&#8243; img_size=&#8221;full&#8221; style=&#8221;vc_box_rounded&#8221; el_class=&#8221;image-headband-frontpage&#8221;][\/vc_column][\/vc_row][vc_row][vc_column][vc_empty_space height=&#8221;30px&#8221;][\/vc_column][\/vc_row]<\/p>\n","protected":false},"excerpt":{"rendered":"<p>[vc_row content_placement=&#8221;middle&#8221; css=&#8221;.vc_custom_1757192617660{background-position: center !important;background-repeat: no-repeat !important;background-size: cover !important;}&#8221;][vc_column el_class=&#8221;image-column-remove-padding image-headband&#8221;][vc_single_image image=&#8221;581246&#8243; img_size=&#8221;full&#8221; el_class=&#8221;image-headband-frontpage-main&#8221;][\/vc_column][\/vc_row][vc_row][vc_column][vc_empty_space height=&#8221;50px&#8221;][\/vc_column][\/vc_row][vc_row css=&#8221;.vc_custom_1721295204059{margin-right: 5% !important;margin-left: 5% !important;}&#8221;][vc_column width=&#8221;1\/2&#8243;][vc_empty_space height=&#8221;20px&#8221;][vc_column_text] SKI DE FOND [\/vc_column_text][vc_column_text css=&#8221;.vc_custom_1738229079921{margin-right: 25% !important;}&#8221;]Le ski de fond, aussi appel\u00e9 ski nordique est id\u00e9al pour ceux qui souhaitent profiter du calme et de la nature, loin de l\u2019effervescence des pistes. Choisissez [&hellip;]<\/p>\n","protected":false},"author":7448,"featured_media":0,"parent":0,"menu_order":19,"comment_status":"closed","ping_status":"closed","template":"page-full-width.php","meta":{"footnotes":""},"yoast_head":"<!-- This site is optimized with the Yoast SEO plugin v22.2 - https:\/\/yoast.com\/wordpress\/plugins\/seo\/ -->\n<title>Ski de fond | Oxyg\u00e8ne \u00c9cole de Ski &amp; Snowboard<\/title>\n<meta name=\"description\" content=\"Envie de calme et de nature ? Choisissez un cours de ski de fond classique ou skating avec nos moniteurs qualifi\u00e9s et passionn\u00e9s.\" \/>\n<meta name=\"robots\" content=\"index, follow, max-snippet:-1, max-image-preview:large, max-video-preview:-1\" \/>\n<link rel=\"canonical\" href=\"https:\/\/oxygene.ski\/fr\/ski-de-fond\/\" \/>\n<meta property=\"og:locale\" content=\"fr_FR\" \/>\n<meta property=\"og:type\" content=\"article\" \/>\n<meta property=\"og:title\" content=\"Ski de fond | Oxyg\u00e8ne \u00c9cole de Ski &amp; Snowboard\" \/>\n<meta property=\"og:description\" content=\"Envie de calme et de nature ? Choisissez un cours de ski de fond classique ou skating avec nos moniteurs qualifi\u00e9s et passionn\u00e9s.\" \/>\n<meta property=\"og:url\" content=\"https:\/\/oxygene.ski\/fr\/ski-de-fond\/\" \/>\n<meta property=\"og:site_name\" content=\"Oxyg\u00e8ne Ski &amp; Snowboard School\" \/>\n<meta property=\"article:publisher\" content=\"https:\/\/www.facebook.com\/OxygeneSki\" \/>\n<meta property=\"article:modified_time\" content=\"2025-11-25T10:09:21+00:00\" \/>\n<meta name=\"twitter:card\" content=\"summary_large_image\" \/>\n<meta name=\"twitter:site\" content=\"@Oxygene_Ski\" \/>\n<meta name=\"twitter:label1\" content=\"Est. reading time\" \/>\n\t<meta name=\"twitter:data1\" content=\"3 minutes\" \/>\n<script type=\"application\/ld+json\" class=\"yoast-schema-graph\">{\"@context\":\"https:\/\/schema.org\",\"@graph\":[{\"@type\":\"WebPage\",\"@id\":\"https:\/\/oxygene.ski\/fr\/ski-de-fond\/\",\"url\":\"https:\/\/oxygene.ski\/fr\/ski-de-fond\/\",\"name\":\"Ski de fond | Oxyg\u00e8ne \u00c9cole de Ski & Snowboard\",\"isPartOf\":{\"@id\":\"https:\/\/oxygene.ski\/#website\"},\"datePublished\":\"2025-03-20T14:39:48+00:00\",\"dateModified\":\"2025-11-25T10:09:21+00:00\",\"description\":\"Envie de calme et de nature ? Choisissez un cours de ski de fond classique ou skating avec nos moniteurs qualifi\u00e9s et passionn\u00e9s.\",\"breadcrumb\":{\"@id\":\"https:\/\/oxygene.ski\/fr\/ski-de-fond\/#breadcrumb\"},\"inLanguage\":\"fr\",\"potentialAction\":[{\"@type\":\"ReadAction\",\"target\":[\"https:\/\/oxygene.ski\/fr\/ski-de-fond\/\"]}]},{\"@type\":\"BreadcrumbList\",\"@id\":\"https:\/\/oxygene.ski\/fr\/ski-de-fond\/#breadcrumb\",\"itemListElement\":[{\"@type\":\"ListItem\",\"position\":1,\"name\":\"Home\",\"item\":\"https:\/\/oxygene.ski\/fr\/accueil\/\"},{\"@type\":\"ListItem\",\"position\":2,\"name\":\"Ski de fond\"}]},{\"@type\":\"WebSite\",\"@id\":\"https:\/\/oxygene.ski\/#website\",\"url\":\"https:\/\/oxygene.ski\/\",\"name\":\"Oxyg\u00e8ne Ski &amp; Snowboard School\",\"description\":\"\",\"potentialAction\":[{\"@type\":\"SearchAction\",\"target\":{\"@type\":\"EntryPoint\",\"urlTemplate\":\"https:\/\/oxygene.ski\/?s={search_term_string}\"},\"query-input\":\"required name=search_term_string\"}],\"inLanguage\":\"fr\"}]}<\/script>\n<!-- \/ Yoast SEO plugin. -->","yoast_head_json":{"title":"Ski de fond | Oxyg\u00e8ne \u00c9cole de Ski & Snowboard","description":"Envie de calme et de nature ? Choisissez un cours de ski de fond classique ou skating avec nos moniteurs qualifi\u00e9s et passionn\u00e9s.","robots":{"index":"index","follow":"follow","max-snippet":"max-snippet:-1","max-image-preview":"max-image-preview:large","max-video-preview":"max-video-preview:-1"},"canonical":"https:\/\/oxygene.ski\/fr\/ski-de-fond\/","og_locale":"fr_FR","og_type":"article","og_title":"Ski de fond | Oxyg\u00e8ne \u00c9cole de Ski & Snowboard","og_description":"Envie de calme et de nature ? Choisissez un cours de ski de fond classique ou skating avec nos moniteurs qualifi\u00e9s et passionn\u00e9s.","og_url":"https:\/\/oxygene.ski\/fr\/ski-de-fond\/","og_site_name":"Oxyg\u00e8ne Ski &amp; Snowboard School","article_publisher":"https:\/\/www.facebook.com\/OxygeneSki","article_modified_time":"2025-11-25T10:09:21+00:00","twitter_card":"summary_large_image","twitter_site":"@Oxygene_Ski","twitter_misc":{"Est. reading time":"3 minutes"},"schema":{"@context":"https:\/\/schema.org","@graph":[{"@type":"WebPage","@id":"https:\/\/oxygene.ski\/fr\/ski-de-fond\/","url":"https:\/\/oxygene.ski\/fr\/ski-de-fond\/","name":"Ski de fond | Oxyg\u00e8ne \u00c9cole de Ski & Snowboard","isPartOf":{"@id":"https:\/\/oxygene.ski\/#website"},"datePublished":"2025-03-20T14:39:48+00:00","dateModified":"2025-11-25T10:09:21+00:00","description":"Envie de calme et de nature ? Choisissez un cours de ski de fond classique ou skating avec nos moniteurs qualifi\u00e9s et passionn\u00e9s.","breadcrumb":{"@id":"https:\/\/oxygene.ski\/fr\/ski-de-fond\/#breadcrumb"},"inLanguage":"fr","potentialAction":[{"@type":"ReadAction","target":["https:\/\/oxygene.ski\/fr\/ski-de-fond\/"]}]},{"@type":"BreadcrumbList","@id":"https:\/\/oxygene.ski\/fr\/ski-de-fond\/#breadcrumb","itemListElement":[{"@type":"ListItem","position":1,"name":"Home","item":"https:\/\/oxygene.ski\/fr\/accueil\/"},{"@type":"ListItem","position":2,"name":"Ski de fond"}]},{"@type":"WebSite","@id":"https:\/\/oxygene.ski\/#website","url":"https:\/\/oxygene.ski\/","name":"Oxyg\u00e8ne Ski &amp; Snowboard School","description":"","potentialAction":[{"@type":"SearchAction","target":{"@type":"EntryPoint","urlTemplate":"https:\/\/oxygene.ski\/?s={search_term_string}"},"query-input":"required name=search_term_string"}],"inLanguage":"fr"}]}},"_links":{"self":[{"href":"https:\/\/oxygene.ski\/fr\/wp-json\/wp\/v2\/pages\/578820"}],"collection":[{"href":"https:\/\/oxygene.ski\/fr\/wp-json\/wp\/v2\/pages"}],"about":[{"href":"https:\/\/oxygene.ski\/fr\/wp-json\/wp\/v2\/types\/page"}],"author":[{"embeddable":true,"href":"https:\/\/oxygene.ski\/fr\/wp-json\/wp\/v2\/users\/7448"}],"replies":[{"embeddable":true,"href":"https:\/\/oxygene.ski\/fr\/wp-json\/wp\/v2\/comments?post=578820"}],"version-history":[{"count":19,"href":"https:\/\/oxygene.ski\/fr\/wp-json\/wp\/v2\/pages\/578820\/revisions"}],"predecessor-version":[{"id":582411,"href":"https:\/\/oxygene.ski\/fr\/wp-json\/wp\/v2\/pages\/578820\/revisions\/582411"}],"wp:attachment":[{"href":"https:\/\/oxygene.ski\/fr\/wp-json\/wp\/v2\/media?parent=578820"}],"curies":[{"name":"wp","href":"https:\/\/api.w.org\/{rel}","templated":true}]}}