{"id":578816,"date":"2025-03-20T15:36:13","date_gmt":"2025-03-20T14:36:13","guid":{"rendered":"https:\/\/oxygene.ski\/courchevel\/"},"modified":"2026-01-27T13:46:40","modified_gmt":"2026-01-27T12:46:40","slug":"ecole-ski-courchevel","status":"publish","type":"page","link":"https:\/\/oxygene.ski\/fr\/ecole-ski-courchevel\/","title":{"rendered":"Courchevel"},"content":{"rendered":"<p>[vc_row content_placement=&#8221;middle&#8221; css=&#8221;.vc_custom_1757187754883{background-position: center !important;background-repeat: no-repeat !important;background-size: cover !important;}&#8221;][vc_column el_class=&#8221;image-column-remove-padding image-headband&#8221;][vc_single_image image=&#8221;581238&#8243; img_size=&#8221;full&#8221; el_class=&#8221;image-headband-frontpage-main&#8221;][\/vc_column][\/vc_row][vc_row][vc_column][vc_empty_space height=&#8221;50px&#8221;][\/vc_column][\/vc_row][vc_row css=&#8221;.vc_custom_1723108676047{margin-right: 5% !important;margin-left: 5% !important;}&#8221;][vc_column width=&#8221;1\/2&#8243;][vc_column_text]<\/p>\n<h1 style=\"text-align: left;\"><span style=\"color: #00adef;\">BIENVENUE \u00c0 COURCHEVEL<\/span><\/h1>\n<div id=\"gtx-trans\" style=\"position: absolute; left: 253px; top: -0.5625px;\">\n<div class=\"gtx-trans-icon\"><\/div>\n<\/div>\n<p>[\/vc_column_text][vc_column_text css=&#8221;.vc_custom_1723129589116{margin-right: 20px !important;}&#8221;]Notre \u00e9cole de ski de Courchevel est reconnue pour proposer des cours de ski et de snowboard de qualit\u00e9, en format priv\u00e9 ou collectif. Nos moniteurs connaissent le domaine skiable par c\u0153ur et sauront vous faire d\u00e9couvrir le meilleur de Courchevel. Vous en voulez plus ? Courchevel vous donne acc\u00e8s \u00e0 plus de 600 km de pistes du plus grand domaine skiable du monde : les 3 Vall\u00e9es. D\u00e9couvrez des pistes pour tous les niveaux et des hors-pistes exceptionnels.<\/p>\n<p>Courchevel d\u00e9roule sous vos spatules l\u2019une des meilleures neiges des Trois Vall\u00e9es, pr\u00e9serv\u00e9e par les faces nord et naturellement connect\u00e9e aux domaines de M\u00e9ribel et Val Thorens. Notre conseil ? Gardez un \u0153il sur la m\u00e9t\u00e9o, rep\u00e9rez les pr\u00e9cipitations venues du nord et d\u00e8s qu\u2019elles sont tomb\u00e9es, chaussez vos skis t\u00f4t le matin. Nous adorons particuli\u00e8rement la piste Le Creux, id\u00e9ale pour se laisser glisser \u00e0 des vitesses supersoniques ou profiter de pique-niques matinaux en famille. C\u2019est une piste au panorama fantastique. Raide et impressionnante au d\u00e9but, elle s\u2019ouvre agr\u00e9ablement ensuite pour r\u00e9v\u00e9ler les plus beaux points de vue sur les vall\u00e9es voisines. Faites-nous confiance : \u00e7a vaut le coup de se lever aux aurores ![\/vc_column_text][vc_column_text]<br \/>\n<strong>Ouvert du 6 d\u00e9cembre au 17 avril 2026<\/strong>. Plus de 119 pistes sur plus de 150km.<br \/>\n[\/vc_column_text][vc_row_inner][vc_column_inner width=&#8221;1\/2&#8243;][vc_btn title=&#8221;Guide des niveaux&#8221; link=&#8221;url:https%3A%2F%2Foxygene.ski%2Ffr%2Fconnaitre-son-niveau-de-ski%2F|target:_blank|&#8221;][\/vc_column_inner][vc_column_inner width=&#8221;1\/2&#8243;][vc_btn title=&#8221;Plan des pistes de Courchevel&#8221; link=&#8221;url:https%3A%2F%2Fcourchevel.com%2Ffr%2Fpistes-et-remontees%2F|target:_blank|&#8221;][\/vc_column_inner][\/vc_row_inner][\/vc_column][vc_column width=&#8221;1\/2&#8243; el_class=&#8221;image-column-remove-padding image-headband&#8221;][vc_single_image image=&#8221;581240&#8243; img_size=&#8221;full&#8221; style=&#8221;vc_box_rounded&#8221; el_class=&#8221;image-headband-frontpage&#8221;][\/vc_column][\/vc_row][vc_row css=&#8221;.vc_custom_1751968602239{margin-right: 5% !important;margin-left: 5% !important;}&#8221;][vc_column][vc_empty_space height=&#8221;75px&#8221;][vc_column_text]<\/p>\n<h2 style=\"text-align: left;\"><span style=\"color: #00adef;\">NOS COURS<\/span><\/h2>\n<p>[\/vc_column_text][\/vc_column][\/vc_row][vc_row css=&#8221;.vc_custom_1723108733576{margin-right: 5% !important;margin-left: 5% !important;}&#8221;][vc_column width=&#8221;1\/4&#8243;][vc_single_image image=&#8221;582761&#8243; img_size=&#8221;400&#215;250&#8243; style=&#8221;vc_box_rounded&#8221; css=&#8221;.vc_custom_1767184130814{background-position: center !important;background-repeat: no-repeat !important;background-size: cover !important;}&#8221;][vc_column_text css=&#8221;.vc_custom_1760967338691{padding-right: 20% !important;}&#8221;]<\/p>\n<h6><strong>Cours collectifs enfants<\/strong><\/h6>\n<p>Nous proposons des cours de ski collectifs enfants dans les 3 Vall\u00e9es. Ils sont organis\u00e9s par niveau et \u00e2ge, avec un nombre limit\u00e9 de participants. Nos sessions visent \u00e0 renforcer la confiance et am\u00e9liorer la technique de ski.[\/vc_column_text][vc_btn title=&#8221;R\u00e9servez maintenant&#8221; style=&#8221;outline&#8221; color=&#8221;sky&#8221; link=&#8221;url:https%3A%2F%2Fbooking.yoplanning.pro%2Fade6a319-476d-44d1-b765-7a4ce5d1ab54%2F%3Ftag%3D041eba46-c944-4018-8096-370ed2a7cc73|target:_blank|&#8221;][\/vc_column][vc_column width=&#8221;1\/4&#8243;][vc_single_image image=&#8221;577089&#8243; img_size=&#8221;400&#215;250&#8243; style=&#8221;vc_box_rounded&#8221; css=&#8221;.vc_custom_1757940675718{background-position: center !important;background-repeat: no-repeat !important;background-size: cover !important;}&#8221;][vc_column_text css=&#8221;.vc_custom_1760967345394{padding-right: 20% !important;}&#8221;]<\/p>\n<h6><strong>Cours collectifs snowboard<\/strong><\/h6>\n<p>Profitez de cours collectifs de snowboard \u00e0 Courchevel. Les d\u00e9butants d\u00e9couvriront cette discipline qui n\u2019aura plus de secrets pour eux et les riders confirm\u00e9s pourront affiner leur technique tout en profitant du domaine.[\/vc_column_text][vc_btn title=&#8221;R\u00e9servez maintenant&#8221; style=&#8221;outline&#8221; color=&#8221;sky&#8221; link=&#8221;url:https%3A%2F%2Fbooking.yoplanning.pro%2Fade6a319-476d-44d1-b765-7a4ce5d1ab54%2F%3Ftag%3Dc27f41c1-337e-4e7a-8eff-19a4914a6f57|target:_blank|&#8221;][\/vc_column][vc_column width=&#8221;1\/4&#8243;][vc_single_image image=&#8221;580254&#8243; img_size=&#8221;400&#215;250&#8243; style=&#8221;vc_box_rounded&#8221; css=&#8221;.vc_custom_1757940684721{background-position: center !important;background-repeat: no-repeat !important;background-size: cover !important;}&#8221;][vc_column_text css=&#8221;.vc_custom_1760967351499{padding-right: 20% !important;}&#8221;]<\/p>\n<h6><strong>Hors-piste<\/strong><\/h6>\n<p>Offrez-vous une journ\u00e9e compl\u00e8te d\u00e9di\u00e9e \u00e0 la poudreuse ! D\u00e9couvrez les plaisirs du ski hors-piste tout en apprenant les bonnes techniques. Avec nos conseils, vous allez devenir un expert. R\u00e9servez d\u00e8s maintenant votre aventure dans les montagnes vierges.[\/vc_column_text][vc_btn title=&#8221;R\u00e9servez maintenant&#8221; style=&#8221;outline&#8221; color=&#8221;sky&#8221; link=&#8221;url:https%3A%2F%2Fbooking.yoplanning.pro%2Fade6a319-476d-44d1-b765-7a4ce5d1ab54%2F%3Ftag%3D924472ba-786c-4aeb-8194-647560dfea84|target:_blank|&#8221;][\/vc_column][vc_column width=&#8221;1\/4&#8243;][vc_single_image image=&#8221;580250&#8243; img_size=&#8221;400&#215;250&#8243; style=&#8221;vc_box_rounded&#8221; css=&#8221;.vc_custom_1757940695925{background-position: center !important;background-repeat: no-repeat !important;background-size: cover !important;}&#8221;][vc_column_text css=&#8221;.vc_custom_1760967358314{padding-right: 20% !important;}&#8221;]<\/p>\n<h6><strong>Cours priv\u00e9s<\/strong><\/h6>\n<p>Progressez \u00e0 votre rythme avec un moniteur Oxyg\u00e8ne lors d\u2019un cours particulier. Que vous souhaitiez perfectionner votre technique ou d\u00e9couvrir de nouvelles sensations, nos cours priv\u00e9s s\u2019adaptent \u00e0 toutes les disciplines. Vous pouvez aussi partager cette exp\u00e9rience avec vos proches ou amis pour encore plus de plaisir sur les pistes.[\/vc_column_text][vc_btn title=&#8221;R\u00e9servez maintenant&#8221; style=&#8221;outline&#8221; color=&#8221;sky&#8221; link=&#8221;url:https%3A%2F%2Fbooking.yoplanning.pro%2Fade6a319-476d-44d1-b765-7a4ce5d1ab54%2F%3Ftag%3Da4ad26a1-d584-44c0-ae67-3bc125472722|target:_blank|&#8221;][\/vc_column][\/vc_row][vc_row][vc_column][vc_empty_space height=&#8221;25px&#8221;][\/vc_column][\/vc_row][vc_row css=&#8221;.vc_custom_1723108748514{margin-right: 5% !important;margin-left: 5% !important;}&#8221;][vc_column width=&#8221;1\/4&#8243;][vc_single_image image=&#8221;580245&#8243; img_size=&#8221;400&#215;250&#8243; style=&#8221;vc_box_rounded&#8221; css=&#8221;.vc_custom_1757940708487{background-position: center !important;background-repeat: no-repeat !important;background-size: cover !important;}&#8221;][vc_column_text css=&#8221;.vc_custom_1760967368346{padding-right: 20% !important;}&#8221;]<\/p>\n<h6><strong>Handiski<\/strong><\/h6>\n<p>Depuis 25 ans, Oxyg\u00e8ne s\u2019engage \u00e0 rendre la glisse accessible \u00e0 toutes les personnes \u00e0 mobilit\u00e9 r\u00e9duite et avec des besoins sp\u00e9cifiques. Nous vous proposons des cours handiski sur mesure, adapt\u00e9s \u00e0 vous et \u00e0 vos envies.[\/vc_column_text][vc_btn title=&#8221;R\u00e9servez maintenant&#8221; style=&#8221;outline&#8221; color=&#8221;sky&#8221; link=&#8221;url:https%3A%2F%2Fbooking.yoplanning.pro%2Fade6a319-476d-44d1-b765-7a4ce5d1ab54%2F%3Ftag%3D2ebe6b76-2d16-4963-837e-01ff32f62387|target:_blank|&#8221;][\/vc_column][vc_column width=&#8221;1\/4&#8243;][\/vc_column][vc_column width=&#8221;1\/4&#8243;][\/vc_column][vc_column width=&#8221;1\/4&#8243;][\/vc_column][\/vc_row][vc_row][vc_column][vc_empty_space height=&#8221;75px&#8221;][\/vc_column][\/vc_row][vc_row css=&#8221;.vc_custom_1723108681859{margin-right: 5% !important;margin-left: 5% !important;}&#8221;][vc_column width=&#8221;1\/2&#8243;][vc_column_text]<\/p>\n<h2 style=\"text-align: left;\"><span style=\"color: #00adef;\">POINT DE RENDEZ-VOUS<\/span><\/h2>\n<div id=\"gtx-trans\" style=\"position: absolute; left: -67px; top: -0.5625px;\">\n<div class=\"gtx-trans-icon\"><\/div>\n<\/div>\n<p>[\/vc_column_text][vc_column_text css=&#8221;.vc_custom_1749713486948{margin-right: 25% !important;}&#8221;]R\u00e9servation en poche et crochets des chaussures ferm\u00e9s ? Parfait.<\/p>\n<p>Pour les cours collectifs, le point de rendez-vous Oxyg\u00e8ne se situe au pied de la t\u00e9l\u00e9cabine du Jardin Alpin. Ouvrez l\u2019\u0153il pour rep\u00e9rer nos drapeaux Oxyg\u00e8ne, nos tenues orange et bleues et nos sourires. Vous ne pouvez pas nous rater ! Si vous avez r\u00e9serv\u00e9 un cours priv\u00e9, vous pouvez retrouver votre moniteur au m\u00eame point de rendez-vous, ou directement au pied de votre h\u00f4tel ou de votre chalet.[\/vc_column_text][vc_btn title=&#8221;Voir la carte&#8221; link=&#8221;url:https%3A%2F%2Fmaps.app.goo.gl%2FPgComijJg54nTKRP6|target:_blank|&#8221;][\/vc_column][vc_column width=&#8221;1\/2&#8243; el_class=&#8221;image-column-remove-padding image-headband&#8221;][vc_single_image image=&#8221;581242&#8243; img_size=&#8221;full&#8221; style=&#8221;vc_box_rounded&#8221; el_class=&#8221;image-headband-frontpage&#8221;][\/vc_column][\/vc_row][vc_row][vc_column][vc_empty_space height=&#8221;50px&#8221;][\/vc_column][\/vc_row][vc_row css=&#8221;.vc_custom_1723108681859{margin-right: 5% !important;margin-left: 5% !important;}&#8221;][vc_column width=&#8221;1\/2&#8243;][vc_empty_space height=&#8221;10px&#8221;][vc_column_text]<\/p>\n<h2 class=\"entry-title\" style=\"text-align: left;\"><span style=\"color: #00adef;\">MAGASIN OXYG\u00c8NE \u00c0 COURCHEVEL 1850<\/span><\/h2>\n<div id=\"gtx-trans\" style=\"position: absolute; left: -67px; top: -0.5625px;\">\n<div class=\"gtx-trans-icon\"><\/div>\n<\/div>\n<p>[\/vc_column_text][vc_column_text css=&#8221;.vc_custom_1761728018904{margin-right: 25% !important;}&#8221;]<br \/>\nDepuis de nombreuses ann\u00e9es, Oxyg\u00e8ne fait partie de vos aventures \u00e0 la montagne \u00e0 Courchevel. En 2021, nous avons franchi une nouvelle \u00e9tape avec l\u2019ouverture de notre propre boutique Oxyg\u00e8ne, id\u00e9alement situ\u00e9e au c\u0153ur du Forum \u00e0 Courchevel 1850.<\/p>\n<p>\u00c0 seulement quelques pas des pistes de ski, notre magasin vous propose une s\u00e9lection haut de gamme d\u2019\u00e9quipements techniques pour le ski, le snowboard et les activit\u00e9s outdoor. Gr\u00e2ce \u00e0 l\u2019exp\u00e9rience de nos moniteurs et monitrices de ski et de snowboard, qui passent leurs journ\u00e9es sur la neige, nous savons exactement ce qui fonctionne le mieux dans toutes les conditions. N\u2019h\u00e9sitez pas \u00e0 nous demander conseil pour am\u00e9liorer votre confort et vos performances en montagne.<\/p>\n<p>Que ce soit pour rester bien au chaud sans surchauffer avec nos sous-v\u00eatements techniques UYN ou Pull-in, ou pour prot\u00e9ger votre t\u00eate avec style gr\u00e2ce \u00e0 nos casques et masques de ski de qualit\u00e9, vous trouverez tout ce qu\u2019il vous faut. Des chaussettes de ski aux gants et moufles haut de gamme Hestra, notre collection soigneusement s\u00e9lectionn\u00e9e allie confort, performance et \u00e9l\u00e9gance.<\/p>\n<p>Venez nous rendre visite \u00e0 Courchevel 1850 et laissez notre \u00e9quipe vous aider \u00e0 profiter pleinement de chaque instant sur la montagne !<br \/>\n[\/vc_column_text][\/vc_column][vc_column width=&#8221;1\/2&#8243; el_class=&#8221;image-column-remove-padding image-headband&#8221;][vc_single_image image=&#8221;582003&#8243; img_size=&#8221;full&#8221; style=&#8221;vc_box_rounded&#8221; el_class=&#8221;image-headband-frontpage&#8221;][\/vc_column][\/vc_row][vc_row][vc_column][vc_empty_space height=&#8221;75px&#8221;][\/vc_column][\/vc_row][vc_row css=&#8221;.vc_custom_1723108765228{margin-right: 5% !important;margin-left: 5% !important;}&#8221;][vc_column][vc_column_text]<\/p>\n<h3 style=\"text-align: left;\"><span style=\"color: #00adef;\">DES QUESTIONS ? CONTACTEZ-NOUS<\/span><\/h3>\n<p>[\/vc_column_text][vc_empty_space height=&#8221;30px&#8221;][vc_row_inner][vc_column_inner width=&#8221;1\/2&#8243;][vc_single_image image=&#8221;572826&#8243; img_size=&#8221;medium&#8221; alignment=&#8221;center&#8221;][vc_column_text]<\/p>\n<p style=\"text-align: center;\">Oxyg\u00e8ne \u00c9cole de Ski &amp; Snowboard\u00a0<strong>Courchevel<\/strong><br \/>\nDisponibles toute l\u2019ann\u00e9e, nous serons ravis de mettre<br \/>\nnotre expertise \u00e0 votre disposition.<\/p>\n<p>[\/vc_column_text][vc_btn title=&#8221;+33 (0)4 79 01 01 81&#8243; align=&#8221;center&#8221; link=&#8221;url:tel%3A%2B33479010181|&#8221;][\/vc_column_inner][vc_column_inner width=&#8221;1\/2&#8243;][vc_single_image image=&#8221;572829&#8243; img_size=&#8221;medium&#8221; alignment=&#8221;center&#8221;][vc_column_text]<\/p>\n<p style=\"text-align: center;\">Oxyg\u00e8ne \u00c9cole de Ski &amp; Snowboard\u00a0<strong>Courchevel<\/strong><br \/>\nGalerie du Forum \u2013 73120 Courchevel 1850<\/p>\n<p>[\/vc_column_text][vc_btn title=&#8221;Voir le plan&#8221; align=&#8221;center&#8221; link=&#8221;url:https%3A%2F%2Fwww.google.com%2Fmaps%2Fplace%2FOxyg%25C3%25A8ne%2BEcole%2Bde%2BSki%2B%2526%2BSnowboard%2BCourchevel%2F%4045.4157503%2C6.6300167%2C17z%2Fdata%3D%213m2%214b1%215s0x478978ad193dbec5%3A0x3016f3c6807cce8a%214m6%213m5%211s0x478978ac2d3ae813%3A0x993e6dbec0f40659%218m2%213d45.4157503%214d6.6325916%2116s%252Fg%252F11g6mtz8mv%3Fentry%3Dttu|target:_blank|&#8221;][\/vc_column_inner][\/vc_row_inner][vc_empty_space][vc_single_image image=&#8221;572831&#8243; alignment=&#8221;center&#8221;][vc_column_text]<\/p>\n<h4 style=\"text-align: center;\"><span style=\"color: #00adef;\">\u00c9CRIVEZ-NOUS !<\/span><\/h4>\n<p>[\/vc_column_text][vc_btn title=&#8221;courchevel@oxygene.ski&#8221; align=&#8221;center&#8221; link=&#8221;url:mailto%3A%20courchevel%40oxygene.ski|target:_blank|&#8221;][vc_empty_space][\/vc_column][\/vc_row]<\/p>\n","protected":false},"excerpt":{"rendered":"<p>[vc_row content_placement=&#8221;middle&#8221; css=&#8221;.vc_custom_1757187754883{background-position: center !important;background-repeat: no-repeat !important;background-size: cover !important;}&#8221;][vc_column el_class=&#8221;image-column-remove-padding image-headband&#8221;][vc_single_image image=&#8221;581238&#8243; img_size=&#8221;full&#8221; el_class=&#8221;image-headband-frontpage-main&#8221;][\/vc_column][\/vc_row][vc_row][vc_column][vc_empty_space height=&#8221;50px&#8221;][\/vc_column][\/vc_row][vc_row css=&#8221;.vc_custom_1723108676047{margin-right: 5% !important;margin-left: 5% !important;}&#8221;][vc_column width=&#8221;1\/2&#8243;][vc_column_text] BIENVENUE \u00c0 COURCHEVEL [\/vc_column_text][vc_column_text css=&#8221;.vc_custom_1723129589116{margin-right: 20px !important;}&#8221;]Notre \u00e9cole de ski de Courchevel est reconnue pour proposer des cours de ski et de snowboard de qualit\u00e9, en format priv\u00e9 ou collectif. Nos moniteurs connaissent le [&hellip;]<\/p>\n","protected":false},"author":7448,"featured_media":0,"parent":0,"menu_order":19,"comment_status":"closed","ping_status":"closed","template":"page-full-width.php","meta":{"footnotes":""},"yoast_head":"<!-- This site is optimized with the Yoast SEO plugin v22.2 - https:\/\/yoast.com\/wordpress\/plugins\/seo\/ -->\n<title>Bienvenue \u00e0 Courchevel | Oxyg\u00e8ne \u00c9cole de Ski &amp; Snowboard<\/title>\n<meta name=\"description\" content=\"Oxyg\u00e8ne Courchevel, votre \u00e9cole de ski qui propose un large \u00e9ventail de cours collectifs, de cours priv\u00e9s, du hors-piste et de l&#039;handiski.\" \/>\n<meta name=\"robots\" content=\"index, follow, max-snippet:-1, max-image-preview:large, max-video-preview:-1\" \/>\n<link rel=\"canonical\" href=\"https:\/\/oxygene.ski\/fr\/ecole-ski-courchevel\/\" \/>\n<meta property=\"og:locale\" content=\"fr_FR\" \/>\n<meta property=\"og:type\" content=\"article\" \/>\n<meta property=\"og:title\" content=\"Bienvenue \u00e0 Courchevel | Oxyg\u00e8ne \u00c9cole de Ski &amp; Snowboard\" \/>\n<meta property=\"og:description\" content=\"Oxyg\u00e8ne Courchevel, votre \u00e9cole de ski qui propose un large \u00e9ventail de cours collectifs, de cours priv\u00e9s, du hors-piste et de l&#039;handiski.\" \/>\n<meta property=\"og:url\" content=\"https:\/\/oxygene.ski\/fr\/ecole-ski-courchevel\/\" \/>\n<meta property=\"og:site_name\" content=\"Oxyg\u00e8ne Ski &amp; Snowboard School\" \/>\n<meta property=\"article:publisher\" content=\"https:\/\/www.facebook.com\/OxygeneSki\" \/>\n<meta property=\"article:modified_time\" content=\"2026-01-27T12:46:40+00:00\" \/>\n<meta name=\"twitter:card\" content=\"summary_large_image\" \/>\n<meta name=\"twitter:site\" content=\"@Oxygene_Ski\" \/>\n<meta name=\"twitter:label1\" content=\"Est. reading time\" \/>\n\t<meta name=\"twitter:data1\" content=\"7 minutes\" \/>\n<script type=\"application\/ld+json\" class=\"yoast-schema-graph\">{\"@context\":\"https:\/\/schema.org\",\"@graph\":[{\"@type\":\"WebPage\",\"@id\":\"https:\/\/oxygene.ski\/fr\/ecole-ski-courchevel\/\",\"url\":\"https:\/\/oxygene.ski\/fr\/ecole-ski-courchevel\/\",\"name\":\"Bienvenue \u00e0 Courchevel | Oxyg\u00e8ne \u00c9cole de Ski & Snowboard\",\"isPartOf\":{\"@id\":\"https:\/\/oxygene.ski\/#website\"},\"datePublished\":\"2025-03-20T14:36:13+00:00\",\"dateModified\":\"2026-01-27T12:46:40+00:00\",\"description\":\"Oxyg\u00e8ne Courchevel, votre \u00e9cole de ski qui propose un large \u00e9ventail de cours collectifs, de cours priv\u00e9s, du hors-piste et de l'handiski.\",\"breadcrumb\":{\"@id\":\"https:\/\/oxygene.ski\/fr\/ecole-ski-courchevel\/#breadcrumb\"},\"inLanguage\":\"fr\",\"potentialAction\":[{\"@type\":\"ReadAction\",\"target\":[\"https:\/\/oxygene.ski\/fr\/ecole-ski-courchevel\/\"]}]},{\"@type\":\"BreadcrumbList\",\"@id\":\"https:\/\/oxygene.ski\/fr\/ecole-ski-courchevel\/#breadcrumb\",\"itemListElement\":[{\"@type\":\"ListItem\",\"position\":1,\"name\":\"Home\",\"item\":\"https:\/\/oxygene.ski\/fr\/accueil\/\"},{\"@type\":\"ListItem\",\"position\":2,\"name\":\"Courchevel\"}]},{\"@type\":\"WebSite\",\"@id\":\"https:\/\/oxygene.ski\/#website\",\"url\":\"https:\/\/oxygene.ski\/\",\"name\":\"Oxyg\u00e8ne Ski &amp; Snowboard School\",\"description\":\"\",\"potentialAction\":[{\"@type\":\"SearchAction\",\"target\":{\"@type\":\"EntryPoint\",\"urlTemplate\":\"https:\/\/oxygene.ski\/?s={search_term_string}\"},\"query-input\":\"required name=search_term_string\"}],\"inLanguage\":\"fr\"}]}<\/script>\n<!-- \/ Yoast SEO plugin. -->","yoast_head_json":{"title":"Bienvenue \u00e0 Courchevel | Oxyg\u00e8ne \u00c9cole de Ski & Snowboard","description":"Oxyg\u00e8ne Courchevel, votre \u00e9cole de ski qui propose un large \u00e9ventail de cours collectifs, de cours priv\u00e9s, du hors-piste et de l'handiski.","robots":{"index":"index","follow":"follow","max-snippet":"max-snippet:-1","max-image-preview":"max-image-preview:large","max-video-preview":"max-video-preview:-1"},"canonical":"https:\/\/oxygene.ski\/fr\/ecole-ski-courchevel\/","og_locale":"fr_FR","og_type":"article","og_title":"Bienvenue \u00e0 Courchevel | Oxyg\u00e8ne \u00c9cole de Ski & Snowboard","og_description":"Oxyg\u00e8ne Courchevel, votre \u00e9cole de ski qui propose un large \u00e9ventail de cours collectifs, de cours priv\u00e9s, du hors-piste et de l'handiski.","og_url":"https:\/\/oxygene.ski\/fr\/ecole-ski-courchevel\/","og_site_name":"Oxyg\u00e8ne Ski &amp; Snowboard School","article_publisher":"https:\/\/www.facebook.com\/OxygeneSki","article_modified_time":"2026-01-27T12:46:40+00:00","twitter_card":"summary_large_image","twitter_site":"@Oxygene_Ski","twitter_misc":{"Est. reading time":"7 minutes"},"schema":{"@context":"https:\/\/schema.org","@graph":[{"@type":"WebPage","@id":"https:\/\/oxygene.ski\/fr\/ecole-ski-courchevel\/","url":"https:\/\/oxygene.ski\/fr\/ecole-ski-courchevel\/","name":"Bienvenue \u00e0 Courchevel | Oxyg\u00e8ne \u00c9cole de Ski & Snowboard","isPartOf":{"@id":"https:\/\/oxygene.ski\/#website"},"datePublished":"2025-03-20T14:36:13+00:00","dateModified":"2026-01-27T12:46:40+00:00","description":"Oxyg\u00e8ne Courchevel, votre \u00e9cole de ski qui propose un large \u00e9ventail de cours collectifs, de cours priv\u00e9s, du hors-piste et de l'handiski.","breadcrumb":{"@id":"https:\/\/oxygene.ski\/fr\/ecole-ski-courchevel\/#breadcrumb"},"inLanguage":"fr","potentialAction":[{"@type":"ReadAction","target":["https:\/\/oxygene.ski\/fr\/ecole-ski-courchevel\/"]}]},{"@type":"BreadcrumbList","@id":"https:\/\/oxygene.ski\/fr\/ecole-ski-courchevel\/#breadcrumb","itemListElement":[{"@type":"ListItem","position":1,"name":"Home","item":"https:\/\/oxygene.ski\/fr\/accueil\/"},{"@type":"ListItem","position":2,"name":"Courchevel"}]},{"@type":"WebSite","@id":"https:\/\/oxygene.ski\/#website","url":"https:\/\/oxygene.ski\/","name":"Oxyg\u00e8ne Ski &amp; Snowboard School","description":"","potentialAction":[{"@type":"SearchAction","target":{"@type":"EntryPoint","urlTemplate":"https:\/\/oxygene.ski\/?s={search_term_string}"},"query-input":"required name=search_term_string"}],"inLanguage":"fr"}]}},"_links":{"self":[{"href":"https:\/\/oxygene.ski\/fr\/wp-json\/wp\/v2\/pages\/578816"}],"collection":[{"href":"https:\/\/oxygene.ski\/fr\/wp-json\/wp\/v2\/pages"}],"about":[{"href":"https:\/\/oxygene.ski\/fr\/wp-json\/wp\/v2\/types\/page"}],"author":[{"embeddable":true,"href":"https:\/\/oxygene.ski\/fr\/wp-json\/wp\/v2\/users\/7448"}],"replies":[{"embeddable":true,"href":"https:\/\/oxygene.ski\/fr\/wp-json\/wp\/v2\/comments?post=578816"}],"version-history":[{"count":54,"href":"https:\/\/oxygene.ski\/fr\/wp-json\/wp\/v2\/pages\/578816\/revisions"}],"predecessor-version":[{"id":582894,"href":"https:\/\/oxygene.ski\/fr\/wp-json\/wp\/v2\/pages\/578816\/revisions\/582894"}],"wp:attachment":[{"href":"https:\/\/oxygene.ski\/fr\/wp-json\/wp\/v2\/media?parent=578816"}],"curies":[{"name":"wp","href":"https:\/\/api.w.org\/{rel}","templated":true}]}}