{"id":578813,"date":"2025-03-20T13:44:56","date_gmt":"2025-03-20T12:44:56","guid":{"rendered":"https:\/\/oxygene.ski\/rejoindre-lequipe-oxygene-oxygene-ecole-de-ski-snowboard\/"},"modified":"2025-11-28T12:11:22","modified_gmt":"2025-11-28T11:11:22","slug":"contact-rejoindre-lequipe-oxygene","status":"publish","type":"page","link":"https:\/\/oxygene.ski\/fr\/contact-rejoindre-lequipe-oxygene\/","title":{"rendered":"Contact &#8211; Rejoindre l&#8217;\u00e9quipe oxyg\u00e8ne"},"content":{"rendered":"<p>[vc_row content_placement=&#8221;middle&#8221; css=&#8221;.vc_custom_1757187032698{background-position: center !important;background-repeat: no-repeat !important;background-size: cover !important;}&#8221;][vc_column el_class=&#8221;image-column-remove-padding image-headband&#8221;][vc_single_image image=&#8221;581234&#8243; img_size=&#8221;full&#8221; el_class=&#8221;image-headband-frontpage-main&#8221;][\/vc_column][\/vc_row][vc_row css=&#8221;.vc_custom_1723139335178{margin-right: 5% !important;margin-left: 5% !important;padding-bottom: 50px !important;}&#8221;][vc_column][vc_empty_space height=&#8221;30px&#8221;][vc_column_text]<\/p>\n<h1 style=\"text-align: center;\"><span style=\"color: #00adef;\">ENVIE DE REJOINDRE L&#8217;\u00c9QUIPE OXYG\u00c8NE ?<\/span><\/h1>\n<h1 style=\"text-align: center;\"><span style=\"color: #00adef;\">POSTULEZ CI-DESSOUS<\/span><\/h1>\n<div id=\"gtx-trans\" style=\"position: absolute; left: 104px; top: -3.82812px;\">\n<div class=\"gtx-trans-icon\"><\/div>\n<\/div>\n<p>[\/vc_column_text][\/vc_column][\/vc_row][vc_row equal_height=&#8221;yes&#8221; content_placement=&#8221;middle&#8221; type=&#8221;boxed&#8221; css=&#8221;.vc_custom_1723139311694{margin-right: 5% !important;margin-left: 5% !important;background-position: center !important;background-repeat: no-repeat !important;background-size: cover !important;}&#8221;][vc_column css=&#8221;.vc_custom_1497962711942{margin-top: 0px !important;margin-right: 0px !important;margin-bottom: 0px !important;margin-left: 0px !important;border-top-width: 0px !important;border-right-width: 0px !important;border-bottom-width: 0px !important;border-left-width: 0px !important;padding-top: 30px !important;padding-right: 20px !important;padding-bottom: 40px !important;padding-left: 20px !important;background-color: #ffffff !important;}&#8221;]<div class=\"wpforms-container wpforms-container-full\" id=\"wpforms-573995\"><form id=\"wpforms-form-573995\" class=\"wpforms-validate wpforms-form wpforms-ajax-form\" data-formid=\"573995\" method=\"post\" enctype=\"multipart\/form-data\" action=\"\/fr\/wp-json\/wp\/v2\/pages\/578813?wpforms_form_id=573995\" data-token=\"facaff7b8d420f4cf4f34a97fbdd1233\" data-token-time=\"1776380914\"><noscript class=\"wpforms-error-noscript\">Please enable JavaScript in your browser to complete this form.<\/noscript><div class=\"wpforms-field-container\"><div id=\"wpforms-573995-field_6-container\" class=\"wpforms-field wpforms-field-name\" data-field-id=\"6\"><label class=\"wpforms-field-label\">Nom  <span class=\"wpforms-required-label\">*<\/span><\/label><div class=\"wpforms-field-row wpforms-field-large\"><div class=\"wpforms-field-row-block wpforms-first wpforms-one-half\"><input type=\"text\" id=\"wpforms-573995-field_6\" class=\"wpforms-field-name-first wpforms-field-required\" name=\"wpforms[fields][6][first]\" required><label for=\"wpforms-573995-field_6\" class=\"wpforms-field-sublabel after\">First<\/label><\/div><div class=\"wpforms-field-row-block wpforms-one-half\"><input type=\"text\" id=\"wpforms-573995-field_6-last\" class=\"wpforms-field-name-last wpforms-field-required\" name=\"wpforms[fields][6][last]\" required><label for=\"wpforms-573995-field_6-last\" class=\"wpforms-field-sublabel after\">Last<\/label><\/div><\/div><\/div><div id=\"wpforms-573995-field_7-container\" class=\"wpforms-field wpforms-field-phone\" data-field-id=\"7\"><label class=\"wpforms-field-label\" for=\"wpforms-573995-field_7\">T\u00e9l\u00e9phone <span class=\"wpforms-required-label\">*<\/span><\/label><input type=\"tel\" id=\"wpforms-573995-field_7\" class=\"wpforms-field-large wpforms-field-required wpforms-smart-phone-field\" data-rule-smart-phone-field=\"true\" name=\"wpforms[fields][7]\" aria-label=\"T\u00e9l\u00e9phone\" required><\/div><div id=\"wpforms-573995-field_3-container\" class=\"wpforms-field wpforms-field-email\" data-field-id=\"3\"><label class=\"wpforms-field-label\" for=\"wpforms-573995-field_3\">Adresse e-mail <span class=\"wpforms-required-label\">*<\/span><\/label><div class=\"wpforms-field-row wpforms-field-large\"><div class=\"wpforms-field-row-block wpforms-one-half wpforms-first\"><input type=\"email\" id=\"wpforms-573995-field_3\" class=\"wpforms-field-required wpforms-field-email-primary\" name=\"wpforms[fields][3][primary]\" spellcheck=\"false\" required><label for=\"wpforms-573995-field_3\" class=\"wpforms-field-sublabel after wpforms-sublabel-hide\">E-mail&nbsp;<\/label><\/div><div class=\"wpforms-field-row-block wpforms-one-half\"><input type=\"email\" id=\"wpforms-573995-field_3-secondary\" class=\"wpforms-field-email-secondary wpforms-field-required\" data-rule-confirm=\"#wpforms-573995-field_3\" name=\"wpforms[fields][3][secondary]\" placeholder=\"V\u00e9rification de votre email\" spellcheck=\"false\" required><label for=\"wpforms-573995-field_3-secondary\" class=\"wpforms-field-sublabel after wpforms-sublabel-hide\">Confirm Email<\/label><\/div><\/div><\/div><div id=\"wpforms-573995-field_8-container\" class=\"wpforms-field wpforms-field-select wpforms-conditional-trigger wpforms-field-select-style-modern\" data-field-id=\"8\"><label class=\"wpforms-field-label\" for=\"wpforms-573995-field_8\">Pour quel poste ?  <span class=\"wpforms-required-label\">*<\/span><\/label><select id=\"wpforms-573995-field_8\" class=\"wpforms-field-large wpforms-field-required choicesjs-select\" data-size-class=\"wpforms-field-row wpforms-field-large\" data-search-enabled=\"1\" name=\"wpforms[fields][8]\" required=\"required\"><option value=\"\" class=\"placeholder\" disabled  selected='selected'><\/option><option value=\"H\u00f4te(sse) de vente\"  class=\"choice-13 depth-1\"  >H\u00f4te(sse) de vente<\/option><option value=\"Commercial(e) station\"  class=\"choice-12 depth-1\"  >Commercial(e) station<\/option><option value=\"Techniciens ski\"  class=\"choice-7 depth-1\"  >Techniciens ski<\/option><option value=\"Techniciens ski, mi-temps - Val d&#039;Is\u00e8re\"  class=\"choice-6 depth-1\"  >Techniciens ski, mi-temps - Val d'Is\u00e8re<\/option><option value=\"Animateur Jardin d&#039;enfant\"  class=\"choice-19 depth-1\"  >Animateur Jardin d'enfant<\/option><option value=\"Responsable Club enfants - Val d&#039;Is\u00e8re\"  class=\"choice-20 depth-1\"  >Responsable Club enfants - Val d'Is\u00e8re<\/option><option value=\"Technicien ski -H\u00f4tel 5\u2605 - Val d&#039;Is\u00e8re\"  class=\"choice-21 depth-1\"  >Technicien ski -H\u00f4tel 5\u2605 - Val d'Is\u00e8re<\/option><option value=\"Vendeur accessoires ski - Courchevel\"  class=\"choice-5 depth-1\"  >Vendeur accessoires ski - Courchevel<\/option><option value=\"Assitant(e) op\u00e9rationnel - Chauffeur\"  class=\"choice-4 depth-1\"  >Assitant(e) op\u00e9rationnel - Chauffeur<\/option><\/select><div class=\"wpforms-field-description\">Pour quel poste postulez-vous ?<\/div><\/div><div id=\"wpforms-573995-field_16-container\" class=\"wpforms-field wpforms-field-select wpforms-conditional-field wpforms-conditional-show wpforms-field-select-style-classic\" data-field-id=\"16\" style=\"display:none;\"><label class=\"wpforms-field-label\" for=\"wpforms-573995-field_16\">Stations : <span class=\"wpforms-required-label\">*<\/span><\/label><select id=\"wpforms-573995-field_16\" class=\"wpforms-field-medium wpforms-field-required\" name=\"wpforms[fields][16]\" required=\"required\"><option value=\"\" class=\"placeholder\" disabled  selected='selected'>--- Select Choice ---<\/option><option value=\"Courchevel\"  class=\"choice-1 depth-1\"  >Courchevel<\/option><option value=\"M\u00e9ribel\"  class=\"choice-2 depth-1\"  >M\u00e9ribel<\/option><option value=\"La Plagne\"  class=\"choice-3 depth-1\"  >La Plagne<\/option><option value=\"Val d&#039;Is\u00e8re\"  class=\"choice-4 depth-1\"  >Val d'Is\u00e8re<\/option><\/select><\/div><div id=\"wpforms-573995-field_17-container\" class=\"wpforms-field wpforms-field-select wpforms-conditional-field wpforms-conditional-show wpforms-field-select-style-classic\" data-field-id=\"17\" style=\"display:none;\"><label class=\"wpforms-field-label\" for=\"wpforms-573995-field_17\">Stations : <span class=\"wpforms-required-label\">*<\/span><\/label><select id=\"wpforms-573995-field_17\" class=\"wpforms-field-medium wpforms-field-required\" name=\"wpforms[fields][17]\" required=\"required\"><option value=\"\" class=\"placeholder\" disabled  selected='selected'>--- Select Choice ---<\/option><option value=\"La Plagne\"  class=\"choice-1 depth-1\"  >La Plagne<\/option><option value=\"Val d&#039;Is\u00e8re\"  class=\"choice-2 depth-1\"  >Val d'Is\u00e8re<\/option><option value=\"Serre Chevalier\"  class=\"choice-3 depth-1\"  >Serre Chevalier<\/option><\/select><\/div><div id=\"wpforms-573995-field_18-container\" class=\"wpforms-field wpforms-field-select wpforms-conditional-field wpforms-conditional-show wpforms-field-select-style-classic\" data-field-id=\"18\" style=\"display:none;\"><label class=\"wpforms-field-label\" for=\"wpforms-573995-field_18\">Stations : <span class=\"wpforms-required-label\">*<\/span><\/label><select id=\"wpforms-573995-field_18\" class=\"wpforms-field-medium wpforms-field-required\" name=\"wpforms[fields][18]\" required=\"required\"><option value=\"\" class=\"placeholder\" disabled  selected='selected'>--- Select Choice ---<\/option><option value=\"M\u00e9ribel\"  class=\"choice-1 depth-1\"  >M\u00e9ribel<\/option><option value=\"La Plagne\"  class=\"choice-2 depth-1\"  >La Plagne<\/option><\/select><\/div><div id=\"wpforms-573995-field_19-container\" class=\"wpforms-field wpforms-field-select wpforms-conditional-field wpforms-conditional-show wpforms-field-select-style-classic\" data-field-id=\"19\" style=\"display:none;\"><label class=\"wpforms-field-label\" for=\"wpforms-573995-field_19\">Stations : <span class=\"wpforms-required-label\">*<\/span><\/label><select id=\"wpforms-573995-field_19\" class=\"wpforms-field-medium wpforms-field-required\" name=\"wpforms[fields][19]\" required=\"required\"><option value=\"\" class=\"placeholder\" disabled  selected='selected'>--- Select Choice ---<\/option><option value=\"La Plagne\"  class=\"choice-1 depth-1\"  >La Plagne<\/option><option value=\"Val d&#039;Is\u00e8re\"  class=\"choice-2 depth-1\"  >Val d'Is\u00e8re<\/option><\/select><\/div><div id=\"wpforms-573995-field_13-container\" class=\"wpforms-field wpforms-field-radio\" data-field-id=\"13\"><label class=\"wpforms-field-label\">Niveau d&#039;anglais : <span class=\"wpforms-required-label\">*<\/span><\/label><ul id=\"wpforms-573995-field_13\" class=\"wpforms-field-required\"><li class=\"choice-1 depth-1\"><input type=\"radio\" id=\"wpforms-573995-field_13_1\" name=\"wpforms[fields][13]\" value=\"Conversationnel\" required ><label class=\"wpforms-field-label-inline\" for=\"wpforms-573995-field_13_1\">Conversationnel<\/label><\/li><li class=\"choice-2 depth-1\"><input type=\"radio\" id=\"wpforms-573995-field_13_2\" name=\"wpforms[fields][13]\" value=\"Professionnel\" required ><label class=\"wpforms-field-label-inline\" for=\"wpforms-573995-field_13_2\">Professionnel<\/label><\/li><li class=\"choice-3 depth-1\"><input type=\"radio\" id=\"wpforms-573995-field_13_3\" name=\"wpforms[fields][13]\" value=\"Courant\" required ><label class=\"wpforms-field-label-inline\" for=\"wpforms-573995-field_13_3\">Courant<\/label><\/li><li class=\"choice-4 depth-1\"><input type=\"radio\" id=\"wpforms-573995-field_13_4\" name=\"wpforms[fields][13]\" value=\"Bilingue\" required ><label class=\"wpforms-field-label-inline\" for=\"wpforms-573995-field_13_4\">Bilingue<\/label><\/li><\/ul><\/div><div id=\"wpforms-573995-field_14-container\" class=\"wpforms-field wpforms-field-radio\" data-field-id=\"14\"><label class=\"wpforms-field-label\">Niveau de fran\u00e7ais : <span class=\"wpforms-required-label\">*<\/span><\/label><ul id=\"wpforms-573995-field_14\" class=\"wpforms-field-required\"><li class=\"choice-1 depth-1\"><input type=\"radio\" id=\"wpforms-573995-field_14_1\" name=\"wpforms[fields][14]\" value=\"Conversationnel\" required ><label class=\"wpforms-field-label-inline\" for=\"wpforms-573995-field_14_1\">Conversationnel<\/label><\/li><li class=\"choice-2 depth-1\"><input type=\"radio\" id=\"wpforms-573995-field_14_2\" name=\"wpforms[fields][14]\" value=\"Professionnel\" required ><label class=\"wpforms-field-label-inline\" for=\"wpforms-573995-field_14_2\">Professionnel<\/label><\/li><li class=\"choice-3 depth-1\"><input type=\"radio\" id=\"wpforms-573995-field_14_3\" name=\"wpforms[fields][14]\" value=\"Courant\" required ><label class=\"wpforms-field-label-inline\" for=\"wpforms-573995-field_14_3\">Courant<\/label><\/li><li class=\"choice-4 depth-1\"><input type=\"radio\" id=\"wpforms-573995-field_14_4\" name=\"wpforms[fields][14]\" value=\"Bilingue\" required ><label class=\"wpforms-field-label-inline\" for=\"wpforms-573995-field_14_4\">Bilingue<\/label><\/li><\/ul><\/div><div id=\"wpforms-573995-field_5-container\" class=\"wpforms-field wpforms-field-textarea\" data-field-id=\"5\"><label class=\"wpforms-field-label\" for=\"wpforms-573995-field_5\">Message<\/label><textarea id=\"wpforms-573995-field_5\" class=\"wpforms-field-medium\" name=\"wpforms[fields][5]\" placeholder=\"Avez-vous un message suppl\u00e9mentaire ?\" ><\/textarea><\/div><div id=\"wpforms-573995-field_15-container\" class=\"wpforms-field wpforms-field-file-upload\" data-field-id=\"15\"><label class=\"wpforms-field-label\" for=\"wpforms-573995-field_15\">D\u00e9posez votre CV et lette de motivation : <span class=\"wpforms-required-label\">*<\/span><\/label><div\n\t\tclass=\"wpforms-uploader wpforms-field-required\"\n\t\tdata-field-id=\"15\"\n\t\tdata-form-id=\"573995\"\n\t\tdata-input-name=\"wpforms_573995_15\"\n\t\tdata-extensions=\"jpg,jpeg,jpe,gif,png,bmp,tiff,tif,webp,ico,heic,asf,asx,wmv,wmx,wm,avi,divx,mov,qt,mpeg,mpg,mpe,mp4,m4v,ogv,webm,mkv,3gp,3gpp,3g2,3gp2,txt,asc,c,cc,h,srt,csv,tsv,ics,rtx,css,vtt,mp3,m4a,m4b,aac,ra,ram,wav,ogg,oga,flac,mid,midi,wma,wax,mka,rtf,pdf,class,tar,zip,gz,gzip,rar,7z,psd,xcf,doc,pot,pps,ppt,wri,xla,xls,xlt,xlw,mpp,docx,docm,dotx,dotm,xlsx,xlsm,xlsb,xltx,xltm,xlam,pptx,pptm,ppsx,ppsm,potx,potm,ppam,sldx,sldm,onetoc,onetoc2,onepkg,oxps,xps,odt,odp,ods,odg,odc,odb,odf,wp,wpd,key,numbers,pages\"\n\t\tdata-max-size=\"4194304\"\n\t\tdata-max-file-number=\"1\"\n\t\tdata-post-max-size=\"4194304\"\n\t\tdata-max-parallel-uploads=\"4\"\n\t\tdata-parallel-uploads=\"true\"\n\t\tdata-file-chunk-size=\"2097152\">\n\t<div class=\"dz-message\">\n\t\t<svg  viewBox=\"0 0 640 640\" focusable=\"false\" data-icon=\"inbox\" width=\"50px\" height=\"50px\" fill=\"currentColor\" aria-hidden=\"true\">\n\t\t\t<path d=\"M352 173.3L352 384C352 401.7 337.7 416 320 416C302.3 416 288 401.7 288 384L288 173.3L246.6 214.7C234.1 227.2 213.8 227.2 201.3 214.7C188.8 202.2 188.8 181.9 201.3 169.4L297.3 73.4C309.8 60.9 330.1 60.9 342.6 73.4L438.6 169.4C451.1 181.9 451.1 202.2 438.6 214.7C426.1 227.2 405.8 227.2 393.3 214.7L352 173.3zM320 464C364.2 464 400 428.2 400 384L480 384C515.3 384 544 412.7 544 448L544 480C544 515.3 515.3 544 480 544L160 544C124.7 544 96 515.3 96 480L96 448C96 412.7 124.7 384 160 384L240 384C240 428.2 275.8 464 320 464zM464 488C477.3 488 488 477.3 488 464C488 450.7 477.3 440 464 440C450.7 440 440 450.7 440 464C440 477.3 450.7 488 464 488z\"\/>\n\t\t<\/svg>\n\n\t\t<span class=\"modern-title\">\n\t\t\t\t\t\t\tDrag &amp; Drop Files, \t\t\t\t<span>Choose Files to Upload<\/span>\n\t\t\t\t\t<\/span>\n\n\t\t\t<\/div>\n<\/div>\n\n<input\n\t\ttype=\"text\"\n\t\tautocomplete=\"off\"\n\t\treadonly\n\t\tclass=\"dropzone-input\"\n\t\tstyle=\"position:absolute!important;clip:rect(0,0,0,0)!important;height:1px!important;width:1px!important;border:0!important;overflow:hidden!important;padding:0!important;margin:0!important;\"\n\t\tid=\"wpforms-573995-field_15\"\n\t\tname=\"wpforms_573995_15\" required\t\tvalue=\"\">\n<\/div><\/div><!-- .wpforms-field-container -->\r\n\t\t\t<script>\r\n\t\t\tif ( typeof huOptions !== 'undefined' ) {\r\n\t\t\t\tvar huFormData = {\"source\":\"wpforms\",\"id\":573995,\"title\":\"Contact - rejoindre l&#039;\\u00e9quipe Oxyg\\u00e8ne\",\"fields\":{\"subject\":{\"first_name\":\"\",\"last_name\":\"\"}}};\r\n\t\t\t\tvar huFormNode = document.querySelector( '[id=\"wpforms-573995\"] form' );\r\n\r\n\t\t\t\tvar firstName = huFormNode.querySelector( 'input.wpforms-field-name-first' );\r\n\t\t\t\tvar lastName = huFormNode.querySelector( 'input.wpforms-field-name-last' );\r\n\r\n\t\t\t\tif ( firstName )\r\n\t\t\t\t\thuFormData['fields']['subject']['first_name'] = firstName.getAttribute( 'name' );\r\n\r\n\t\t\t\tif ( lastName )\r\n\t\t\t\t\thuFormData['fields']['subject']['last_name'] = lastName.getAttribute( 'name' );\r\n\r\n\t\t\t\thuFormData['node'] = huFormNode;\r\n\t\t\t\thuOptions['forms'].push( huFormData );\r\n\t\t\t}\r\n\t\t\t<\/script><div class=\"wpforms-recaptcha-container wpforms-is-recaptcha wpforms-is-recaptcha-type-v3\" ><input type=\"hidden\" name=\"wpforms[recaptcha]\" value=\"\"><\/div><div class=\"wpforms-submit-container\" ><input type=\"hidden\" name=\"wpforms[id]\" value=\"573995\"><input type=\"hidden\" name=\"page_title\" value=\"\"><input type=\"hidden\" name=\"page_url\" value=\"https:\/\/oxygene.ski\/fr\/wp-json\/wp\/v2\/pages\/578813\"><input type=\"hidden\" name=\"url_referer\" value=\"\"><button type=\"submit\" name=\"wpforms[submit]\" id=\"wpforms-submit-573995\" class=\"wpforms-submit\" data-alt-text=\"Envoi en cours...\" data-submit-text=\"Envoyer\" aria-live=\"assertive\" value=\"wpforms-submit\">Envoyer<\/button><img loading=\"lazy\" decoding=\"async\" src=\"https:\/\/oxygene.ski\/wp-content\/plugins\/wpforms\/assets\/images\/submit-spin.svg\" class=\"wpforms-submit-spinner\" style=\"display: none;\" width=\"26\" height=\"26\" alt=\"Loading\"><\/div><\/form><\/div>  <!-- .wpforms-container -->[\/vc_column][\/vc_row]<\/p>\n","protected":false},"excerpt":{"rendered":"<p>[vc_row content_placement=&#8221;middle&#8221; css=&#8221;.vc_custom_1757187032698{background-position: center !important;background-repeat: no-repeat !important;background-size: cover !important;}&#8221;][vc_column el_class=&#8221;image-column-remove-padding image-headband&#8221;][vc_single_image image=&#8221;581234&#8243; img_size=&#8221;full&#8221; el_class=&#8221;image-headband-frontpage-main&#8221;][\/vc_column][\/vc_row][vc_row css=&#8221;.vc_custom_1723139335178{margin-right: 5% !important;margin-left: 5% !important;padding-bottom: 50px !important;}&#8221;][vc_column][vc_empty_space height=&#8221;30px&#8221;][vc_column_text] ENVIE DE REJOINDRE L&#8217;\u00c9QUIPE OXYG\u00c8NE ? POSTULEZ CI-DESSOUS [\/vc_column_text][\/vc_column][\/vc_row][vc_row equal_height=&#8221;yes&#8221; content_placement=&#8221;middle&#8221; type=&#8221;boxed&#8221; css=&#8221;.vc_custom_1723139311694{margin-right: 5% !important;margin-left: 5% !important;background-position: center !important;background-repeat: no-repeat !important;background-size: cover !important;}&#8221;][vc_column css=&#8221;.vc_custom_1497962711942{margin-top: 0px !important;margin-right: 0px !important;margin-bottom: 0px !important;margin-left: 0px !important;border-top-width: 0px [&hellip;]<\/p>\n","protected":false},"author":7448,"featured_media":0,"parent":0,"menu_order":19,"comment_status":"closed","ping_status":"closed","template":"page-full-width.php","meta":{"footnotes":""},"yoast_head":"<!-- This site is optimized with the Yoast SEO plugin v22.2 - https:\/\/yoast.com\/wordpress\/plugins\/seo\/ -->\n<title>Rejoindre l&#039;\u00e9quipe oxyg\u00e8ne - contact | Oxyg\u00e8ne \u00c9cole de Ski &amp; Snowboard<\/title>\n<meta name=\"description\" content=\"Rejoignez l&#039;\u00e9quipe Oxyg\u00e8ne ! Nous recrutons tout au long de l&#039;ann\u00e9e, alors n&#039;h\u00e9sitez pas \u00e0 postuler pour nous rejoindre.\" \/>\n<meta name=\"robots\" content=\"index, follow, max-snippet:-1, max-image-preview:large, max-video-preview:-1\" \/>\n<link rel=\"canonical\" href=\"https:\/\/oxygene.ski\/fr\/contact-rejoindre-lequipe-oxygene\/\" \/>\n<meta property=\"og:locale\" content=\"fr_FR\" \/>\n<meta property=\"og:type\" content=\"article\" \/>\n<meta property=\"og:title\" content=\"Rejoindre l&#039;\u00e9quipe oxyg\u00e8ne - contact | Oxyg\u00e8ne \u00c9cole de Ski &amp; Snowboard\" \/>\n<meta property=\"og:description\" content=\"Rejoignez l&#039;\u00e9quipe Oxyg\u00e8ne ! Nous recrutons tout au long de l&#039;ann\u00e9e, alors n&#039;h\u00e9sitez pas \u00e0 postuler pour nous rejoindre.\" \/>\n<meta property=\"og:url\" content=\"https:\/\/oxygene.ski\/fr\/contact-rejoindre-lequipe-oxygene\/\" \/>\n<meta property=\"og:site_name\" content=\"Oxyg\u00e8ne Ski &amp; Snowboard School\" \/>\n<meta property=\"article:publisher\" content=\"https:\/\/www.facebook.com\/OxygeneSki\" \/>\n<meta property=\"article:modified_time\" content=\"2025-11-28T11:11:22+00:00\" \/>\n<meta name=\"twitter:card\" content=\"summary_large_image\" \/>\n<meta name=\"twitter:site\" content=\"@Oxygene_Ski\" \/>\n<meta name=\"twitter:label1\" content=\"Est. reading time\" \/>\n\t<meta name=\"twitter:data1\" content=\"1 minute\" \/>\n<script type=\"application\/ld+json\" class=\"yoast-schema-graph\">{\"@context\":\"https:\/\/schema.org\",\"@graph\":[{\"@type\":\"WebPage\",\"@id\":\"https:\/\/oxygene.ski\/fr\/contact-rejoindre-lequipe-oxygene\/\",\"url\":\"https:\/\/oxygene.ski\/fr\/contact-rejoindre-lequipe-oxygene\/\",\"name\":\"Rejoindre l'\u00e9quipe oxyg\u00e8ne - contact | Oxyg\u00e8ne \u00c9cole de Ski & Snowboard\",\"isPartOf\":{\"@id\":\"https:\/\/oxygene.ski\/#website\"},\"datePublished\":\"2025-03-20T12:44:56+00:00\",\"dateModified\":\"2025-11-28T11:11:22+00:00\",\"description\":\"Rejoignez l'\u00e9quipe Oxyg\u00e8ne ! Nous recrutons tout au long de l'ann\u00e9e, alors n'h\u00e9sitez pas \u00e0 postuler pour nous rejoindre.\",\"breadcrumb\":{\"@id\":\"https:\/\/oxygene.ski\/fr\/contact-rejoindre-lequipe-oxygene\/#breadcrumb\"},\"inLanguage\":\"fr\",\"potentialAction\":[{\"@type\":\"ReadAction\",\"target\":[\"https:\/\/oxygene.ski\/fr\/contact-rejoindre-lequipe-oxygene\/\"]}]},{\"@type\":\"BreadcrumbList\",\"@id\":\"https:\/\/oxygene.ski\/fr\/contact-rejoindre-lequipe-oxygene\/#breadcrumb\",\"itemListElement\":[{\"@type\":\"ListItem\",\"position\":1,\"name\":\"Home\",\"item\":\"https:\/\/oxygene.ski\/fr\/accueil\/\"},{\"@type\":\"ListItem\",\"position\":2,\"name\":\"Contact &#8211; Rejoindre l&#8217;\u00e9quipe oxyg\u00e8ne\"}]},{\"@type\":\"WebSite\",\"@id\":\"https:\/\/oxygene.ski\/#website\",\"url\":\"https:\/\/oxygene.ski\/\",\"name\":\"Oxyg\u00e8ne Ski &amp; Snowboard School\",\"description\":\"\",\"potentialAction\":[{\"@type\":\"SearchAction\",\"target\":{\"@type\":\"EntryPoint\",\"urlTemplate\":\"https:\/\/oxygene.ski\/?s={search_term_string}\"},\"query-input\":\"required name=search_term_string\"}],\"inLanguage\":\"fr\"}]}<\/script>\n<!-- \/ Yoast SEO plugin. -->","yoast_head_json":{"title":"Rejoindre l'\u00e9quipe oxyg\u00e8ne - contact | Oxyg\u00e8ne \u00c9cole de Ski & Snowboard","description":"Rejoignez l'\u00e9quipe Oxyg\u00e8ne ! Nous recrutons tout au long de l'ann\u00e9e, alors n'h\u00e9sitez pas \u00e0 postuler pour nous rejoindre.","robots":{"index":"index","follow":"follow","max-snippet":"max-snippet:-1","max-image-preview":"max-image-preview:large","max-video-preview":"max-video-preview:-1"},"canonical":"https:\/\/oxygene.ski\/fr\/contact-rejoindre-lequipe-oxygene\/","og_locale":"fr_FR","og_type":"article","og_title":"Rejoindre l'\u00e9quipe oxyg\u00e8ne - contact | Oxyg\u00e8ne \u00c9cole de Ski & Snowboard","og_description":"Rejoignez l'\u00e9quipe Oxyg\u00e8ne ! Nous recrutons tout au long de l'ann\u00e9e, alors n'h\u00e9sitez pas \u00e0 postuler pour nous rejoindre.","og_url":"https:\/\/oxygene.ski\/fr\/contact-rejoindre-lequipe-oxygene\/","og_site_name":"Oxyg\u00e8ne Ski &amp; Snowboard School","article_publisher":"https:\/\/www.facebook.com\/OxygeneSki","article_modified_time":"2025-11-28T11:11:22+00:00","twitter_card":"summary_large_image","twitter_site":"@Oxygene_Ski","twitter_misc":{"Est. reading time":"1 minute"},"schema":{"@context":"https:\/\/schema.org","@graph":[{"@type":"WebPage","@id":"https:\/\/oxygene.ski\/fr\/contact-rejoindre-lequipe-oxygene\/","url":"https:\/\/oxygene.ski\/fr\/contact-rejoindre-lequipe-oxygene\/","name":"Rejoindre l'\u00e9quipe oxyg\u00e8ne - contact | Oxyg\u00e8ne \u00c9cole de Ski & Snowboard","isPartOf":{"@id":"https:\/\/oxygene.ski\/#website"},"datePublished":"2025-03-20T12:44:56+00:00","dateModified":"2025-11-28T11:11:22+00:00","description":"Rejoignez l'\u00e9quipe Oxyg\u00e8ne ! Nous recrutons tout au long de l'ann\u00e9e, alors n'h\u00e9sitez pas \u00e0 postuler pour nous rejoindre.","breadcrumb":{"@id":"https:\/\/oxygene.ski\/fr\/contact-rejoindre-lequipe-oxygene\/#breadcrumb"},"inLanguage":"fr","potentialAction":[{"@type":"ReadAction","target":["https:\/\/oxygene.ski\/fr\/contact-rejoindre-lequipe-oxygene\/"]}]},{"@type":"BreadcrumbList","@id":"https:\/\/oxygene.ski\/fr\/contact-rejoindre-lequipe-oxygene\/#breadcrumb","itemListElement":[{"@type":"ListItem","position":1,"name":"Home","item":"https:\/\/oxygene.ski\/fr\/accueil\/"},{"@type":"ListItem","position":2,"name":"Contact &#8211; Rejoindre l&#8217;\u00e9quipe oxyg\u00e8ne"}]},{"@type":"WebSite","@id":"https:\/\/oxygene.ski\/#website","url":"https:\/\/oxygene.ski\/","name":"Oxyg\u00e8ne Ski &amp; Snowboard School","description":"","potentialAction":[{"@type":"SearchAction","target":{"@type":"EntryPoint","urlTemplate":"https:\/\/oxygene.ski\/?s={search_term_string}"},"query-input":"required name=search_term_string"}],"inLanguage":"fr"}]}},"_links":{"self":[{"href":"https:\/\/oxygene.ski\/fr\/wp-json\/wp\/v2\/pages\/578813"}],"collection":[{"href":"https:\/\/oxygene.ski\/fr\/wp-json\/wp\/v2\/pages"}],"about":[{"href":"https:\/\/oxygene.ski\/fr\/wp-json\/wp\/v2\/types\/page"}],"author":[{"embeddable":true,"href":"https:\/\/oxygene.ski\/fr\/wp-json\/wp\/v2\/users\/7448"}],"replies":[{"embeddable":true,"href":"https:\/\/oxygene.ski\/fr\/wp-json\/wp\/v2\/comments?post=578813"}],"version-history":[{"count":8,"href":"https:\/\/oxygene.ski\/fr\/wp-json\/wp\/v2\/pages\/578813\/revisions"}],"predecessor-version":[{"id":582268,"href":"https:\/\/oxygene.ski\/fr\/wp-json\/wp\/v2\/pages\/578813\/revisions\/582268"}],"wp:attachment":[{"href":"https:\/\/oxygene.ski\/fr\/wp-json\/wp\/v2\/media?parent=578813"}],"curies":[{"name":"wp","href":"https:\/\/api.w.org\/{rel}","templated":true}]}}