{"id":578806,"date":"2025-03-20T11:50:19","date_gmt":"2025-03-20T10:50:19","guid":{"rendered":"https:\/\/oxygene.ski\/cours-collectifs-enfants-2\/"},"modified":"2025-12-29T12:11:12","modified_gmt":"2025-12-29T11:11:12","slug":"cours-collectifs-enfants","status":"publish","type":"page","link":"https:\/\/oxygene.ski\/fr\/cours-collectifs-enfants\/","title":{"rendered":"Cours collectifs enfants"},"content":{"rendered":"<p>[vc_row content_placement=&#8221;middle&#8221; css=&#8221;.vc_custom_1757186334108{background-position: center !important;background-repeat: no-repeat !important;background-size: cover !important;}&#8221;][vc_column el_class=&#8221;image-column-remove-padding image-headband&#8221;][vc_single_image image=&#8221;580223&#8243; img_size=&#8221;full&#8221; el_class=&#8221;image-headband-frontpage-main&#8221;][\/vc_column][\/vc_row][vc_row][vc_column][vc_empty_space height=&#8221;50px&#8221;][\/vc_column][\/vc_row][vc_row css=&#8221;.vc_custom_1721295204059{margin-right: 5% !important;margin-left: 5% !important;}&#8221;][vc_column width=&#8221;1\/2&#8243;][vc_empty_space height=&#8221;20px&#8221;][vc_column_text]<\/p>\n<h1 style=\"text-align: left;\"><span style=\"color: #00adef;\">COURS COLLECTIFS ENFANTS<\/span><\/h1>\n<p>[\/vc_column_text][vc_column_text css=&#8221;.vc_custom_1737725879637{margin-right: 25% !important;}&#8221;]<\/p>\n<p data-pm-slice=\"1 1 []\">Nous offrons toute une palette de cours collectifs, construits autour de jeux et d&#8217;activit\u00e9s ludiques. Tout est pens\u00e9 pour transmettre aux enfants une vision positive et fun du ski. Des premiers virages sur les pistes aux figures au snowpark, nos moniteurs proposent des s\u00e9ances vari\u00e9es et adapt\u00e9es. Apr\u00e8s tout, les vacances \u00e0 la montagne, c\u2019est fait pour s\u2019amuser. En plus, le nombre de participants dans les cours est limit\u00e9 pour un meilleur apprentissage.<\/p>\n<p data-pm-slice=\"1 1 []\">Nos sessions se d\u00e9roulent le matin, l\u2019apr\u00e8s-midi ou toute la journ\u00e9e et viendront booster la confiance de votre enfant et d\u00e9velopper sa technique de ski.<\/p>\n<p>[\/vc_column_text][vc_btn title=&#8221;Guide des niveaux&#8221; link=&#8221;url:https%3A%2F%2Foxygene.ski%2Ffr%2Fconnaitre-son-niveau-de-ski%2F|target:_blank|&#8221;][\/vc_column][vc_column width=&#8221;1\/2&#8243;][vc_row_inner gap=&#8221;35&#8243;][vc_column_inner width=&#8221;1\/2&#8243; css=&#8221;.vc_custom_1757186587682{background-position: center !important;background-repeat: no-repeat !important;background-size: cover !important;}&#8221;][vc_single_image image=&#8221;581226&#8243; img_size=&#8221;500&#215;335&#8243; style=&#8221;vc_box_rounded&#8221;][\/vc_column_inner][vc_column_inner width=&#8221;1\/2&#8243; css=&#8221;.vc_custom_1757186580440{background-position: center !important;background-repeat: no-repeat !important;background-size: cover !important;}&#8221;][vc_single_image image=&#8221;580317&#8243; img_size=&#8221;500&#215;335&#8243; style=&#8221;vc_box_rounded&#8221;][\/vc_column_inner][\/vc_row_inner][\/vc_column][\/vc_row][vc_row][vc_column][vc_empty_space height=&#8221;75px&#8221;][\/vc_column][\/vc_row][vc_row][vc_column css=&#8221;.vc_custom_1720507385365{margin-left: 10% !important;}&#8221;][vc_column_text]<\/p>\n<h2 style=\"text-align: left;\"><span style=\"color: #00adef;\">CLIQUEZ SUR LE LOGO DE VOTRE STATION PR\u00c9F\u00c9R\u00c9E POUR R\u00c9SERVER<\/span><\/h2>\n<p>[\/vc_column_text][\/vc_column][\/vc_row][vc_row][vc_column][vc_empty_space height=&#8221;20px&#8221;][\/vc_column][\/vc_row][vc_row css=&#8221;.vc_custom_1753884951892{margin-right: 5% !important;margin-left: 5% !important;}&#8221;][vc_column width=&#8221;1\/6&#8243;][vc_single_image image=&#8221;574182&#8243; img_size=&#8221;100&#215;100&#8243; alignment=&#8221;center&#8221;][vc_btn title=&#8221;BELLE PLAGNE&#8221; style=&#8221;outline&#8221; color=&#8221;sky&#8221; align=&#8221;center&#8221; link=&#8221;url:https%3A%2F%2Fbooking.yoplanning.pro%2Ffb81cc49-1fdd-4c97-b605-cc7f668ad62c%2F%3Ftag%3Dcdb01c41-589f-415d-a3b5-c70a4fb4c8c2|title:Belle%20Plagne|target:_blank|&#8221; css=&#8221;.vc_custom_1755176650806{margin-top: -25px !important;}&#8221;][\/vc_column][vc_column width=&#8221;1\/6&#8243;][vc_single_image image=&#8221;574184&#8243; img_size=&#8221;100&#215;100&#8243; alignment=&#8221;center&#8221;][vc_btn title=&#8221;COURCHEVEL&#8221; style=&#8221;outline&#8221; color=&#8221;sky&#8221; align=&#8221;center&#8221; link=&#8221;url:https%3A%2F%2Fbooking.yoplanning.pro%2Fade6a319-476d-44d1-b765-7a4ce5d1ab54%2F%3Ftag%3D041eba46-c944-4018-8096-370ed2a7cc73|target:_blank|&#8221; css=&#8221;.vc_custom_1755176659945{margin-top: -25px !important;}&#8221;][\/vc_column][vc_column width=&#8221;1\/6&#8243;][vc_single_image image=&#8221;574188&#8243; img_size=&#8221;100&#215;100&#8243; alignment=&#8221;center&#8221;][vc_btn title=&#8221;LA PLAGNE&#8221; style=&#8221;outline&#8221; color=&#8221;sky&#8221; align=&#8221;center&#8221; link=&#8221;url:https%3A%2F%2Fbooking.yoplanning.pro%2F4e1a2cf2-b77e-4bc7-9a1f-bd174f61282d%2F%3Ftag%3Dcdb01c41-589f-415d-a3b5-c70a4fb4c8c2|target:_blank|&#8221; css=&#8221;.vc_custom_1755176885165{margin-top: -25px !important;}&#8221;][\/vc_column][vc_column width=&#8221;1\/6&#8243;][vc_single_image image=&#8221;574190&#8243; img_size=&#8221;100&#215;100&#8243; alignment=&#8221;center&#8221;][vc_btn title=&#8221;LA ROSI\u00c8RE&#8221; style=&#8221;outline&#8221; color=&#8221;sky&#8221; align=&#8221;center&#8221; link=&#8221;url:https%3A%2F%2Fbooking.yoplanning.pro%2Fb5f68318-52f9-47b4-80bb-a06da3a19ee5%2F%3Ftag%3Dcc41bf27-817b-4f70-b0f2-474bf29983e8|target:_blank|&#8221; css=&#8221;.vc_custom_1755176892919{margin-top: -25px !important;}&#8221;][\/vc_column][vc_column width=&#8221;1\/6&#8243;][vc_single_image image=&#8221;574194&#8243; img_size=&#8221;100&#215;100&#8243; alignment=&#8221;center&#8221;][vc_btn title=&#8221;LES MENUIRES&#8221; style=&#8221;outline&#8221; color=&#8221;sky&#8221; align=&#8221;center&#8221; link=&#8221;url:https%3A%2F%2Fbooking.yoplanning.pro%2F77738c58-6c53-4241-b88a-8f333097ccfd%2F%3Ftag%3D447711ab-9eb3-439e-a8ad-ee5bcc471b6a|target:_blank|&#8221; css=&#8221;.vc_custom_1755176908841{margin-top: -25px !important;}&#8221;][\/vc_column][vc_column width=&#8221;1\/6&#8243;][vc_single_image image=&#8221;574198&#8243; img_size=&#8221;100&#215;100&#8243; alignment=&#8221;center&#8221;][vc_btn title=&#8221;M\u00c9RIBEL&#8221; style=&#8221;outline&#8221; color=&#8221;sky&#8221; align=&#8221;center&#8221; link=&#8221;url:https%3A%2F%2Fbooking.yoplanning.pro%2F7dc573eb-50ed-4d8c-9879-8ffaf2ee922e%2F%3Ftag%3Db46d9c4a-2943-471a-9045-8d8f09501365|target:_blank|&#8221; css=&#8221;.vc_custom_1755176924934{margin-top: -25px !important;}&#8221;][\/vc_column][\/vc_row][vc_row css=&#8221;.vc_custom_1753884376159{margin-right: 5% !important;margin-left: 5% !important;}&#8221;][vc_column width=&#8221;1\/6&#8243;][vc_single_image image=&#8221;574210&#8243; img_size=&#8221;100&#215;100&#8243; alignment=&#8221;center&#8221;][vc_btn title=&#8221;SERRE CHEVALIER&#8221; style=&#8221;outline&#8221; color=&#8221;sky&#8221; align=&#8221;center&#8221; link=&#8221;url:https%3A%2F%2Fbooking.yoplanning.pro%2F0f670fcf-0e6a-4dc5-b864-d53a102903cc%2F%3Ftag%3De41f2b68-7a6b-48f1-b0b0-5f9aa156121b|target:_blank|&#8221; css=&#8221;.vc_custom_1755176933855{margin-top: -25px !important;}&#8221;][\/vc_column][vc_column width=&#8221;1\/6&#8243;][vc_single_image image=&#8221;574202&#8243; img_size=&#8221;100&#215;100&#8243; alignment=&#8221;center&#8221;][vc_btn title=&#8221;TIGNES&#8221; style=&#8221;outline&#8221; color=&#8221;sky&#8221; align=&#8221;center&#8221; link=&#8221;url:https%3A%2F%2Fbooking.yoplanning.pro%2F4fa00e28-3d2d-4916-97a6-75b8ce82acad%2F%3Ftag%3D33b7eb32-0b84-41de-93b8-d0b769a0c5a0|target:_blank|&#8221; css=&#8221;.vc_custom_1755176941794{margin-top: -25px !important;}&#8221;][\/vc_column][vc_column width=&#8221;1\/6&#8243;][vc_single_image image=&#8221;574204&#8243; img_size=&#8221;100&#215;100&#8243; alignment=&#8221;center&#8221;][vc_btn title=&#8221;VAL D&#8217;IS\u00c8RE&#8221; style=&#8221;outline&#8221; color=&#8221;sky&#8221; align=&#8221;center&#8221; link=&#8221;url:https%3A%2F%2Fbooking.yoplanning.pro%2Fc5caa709-4c75-4ce9-a760-d60689a200e3%2F%3Ftag%3D314e4ce0-83a7-47f5-ba98-d76b1296ec9e|target:_blank|&#8221; css=&#8221;.vc_custom_1755612462267{margin-top: -25px !important;}&#8221;][\/vc_column][vc_column width=&#8221;1\/6&#8243;][vc_single_image image=&#8221;574208&#8243; img_size=&#8221;100&#215;100&#8243; alignment=&#8221;center&#8221;][vc_btn title=&#8221;VAL THORENS&#8221; style=&#8221;outline&#8221; color=&#8221;sky&#8221; align=&#8221;center&#8221; link=&#8221;url:https%3A%2F%2Fbooking.yoplanning.pro%2Fb4f09821-cd27-4251-baae-9a784a04489e%2F|target:_blank|&#8221; css=&#8221;.vc_custom_1756373693018{margin-top: -25px !important;}&#8221;][\/vc_column][\/vc_row][vc_row][vc_column][vc_empty_space height=&#8221;75px&#8221;][\/vc_column][\/vc_row][vc_row][vc_column][vc_row_inner][vc_column_inner width=&#8221;1\/2&#8243; css=&#8221;.vc_custom_1741854726982{padding-right: 10% !important;padding-left: 10% !important;}&#8221;][vc_column_text]<\/p>\n<p style=\"text-align: center;\"><span style=\"color: #00adef;\"><strong>AIMEZ APPRENDRE<\/strong><\/span><\/p>\n<p style=\"text-align: center;\">Nos cours sont organis\u00e9s autour de jeux et d\u2019activit\u00e9s destin\u00e9s \u00e0 encourager une attitude positive vis-\u00e0-vis du ski. Des premiers virages jusqu\u2019aux tricks dans le park, nos moniteurs les accompagneront vers les sommets. Les petits glisseurs en redemanderont !<\/p>\n<p>[\/vc_column_text][\/vc_column_inner][vc_column_inner width=&#8221;1\/2&#8243; css=&#8221;.vc_custom_1741854744576{padding-right: 10% !important;padding-left: 10% !important;}&#8221;][vc_column_text]<\/p>\n<p style=\"text-align: center;\"><span style=\"color: #00adef;\"><strong>METTEZ-VOUS \u00c0 NIVEAU<\/strong><\/span><\/p>\n<p style=\"text-align: center;\">Jetez un \u0153il sur notre guide de niveaux pour vous aider \u00e0 d\u00e9terminer le niveau de votre enfant. Toujours pas s\u00fbr ? Contactez-nous, nous serons ravis de vous conseiller. Le niveau de chaque participant est \u00e9valu\u00e9 en d\u00e9but de cours afin de constituer des groupes homog\u00e8nes.<\/p>\n<p>[\/vc_column_text][\/vc_column_inner][\/vc_row_inner][vc_empty_space height=&#8221;75px&#8221;][\/vc_column][\/vc_row][vc_row css=&#8221;.vc_custom_1723624984231{margin-right: 5% !important;margin-left: 5% !important;}&#8221;][vc_column width=&#8221;1\/2&#8243;][vc_column_text css=&#8221;.vc_custom_1755176586413{margin-right: 5% !important;}&#8221;]<\/p>\n<h3><span style=\"color: #00adef;\">CLUB D\u00c9JEUNER<\/span><\/h3>\n<p>&nbsp;<\/p>\n<p><span style=\"font-weight: 400;\">Skiing, learning and laughing all morning builds up an appetite! Our Lunch Club is the perfect midday break for hungry little skiers. It\u2019s a chance to refuel, recharge and get ready for an afternoon adventure. Giving mum and dad more time to explore further afield or enjoy a quiet lunch!\u00a0 Click your chosen resort\u2019s logo to see availability and book!<\/span>[\/vc_column_text][vc_row_inner][vc_column_inner width=&#8221;1\/5&#8243;][vc_single_image image=&#8221;574182&#8243; img_size=&#8221;40&#215;40&#8243; alignment=&#8221;center&#8221; onclick=&#8221;custom_link&#8221; img_link_target=&#8221;_blank&#8221; link=&#8221;https:\/\/booking.yoplanning.pro\/fb81cc49-1fdd-4c97-b605-cc7f668ad62c\/product\/c169916d-c1b7-472b-9897-3a1a9ca650e3&#8243;][vc_column_text]<\/p>\n<p style=\"text-align: center;\">BELLE PLAGNE<\/p>\n<div id=\"gtx-trans\" style=\"position: absolute; left: 176px; top: -10px;\">\n<div class=\"gtx-trans-icon\"><\/div>\n<\/div>\n<p>[\/vc_column_text][\/vc_column_inner][vc_column_inner width=&#8221;1\/5&#8243;][vc_single_image image=&#8221;574188&#8243; img_size=&#8221;40&#215;40&#8243; alignment=&#8221;center&#8221; onclick=&#8221;custom_link&#8221; img_link_target=&#8221;_blank&#8221; link=&#8221;https:\/\/booking.yoplanning.pro\/fb81cc49-1fdd-4c97-b605-cc7f668ad62c\/product\/4985be3b-cd57-4c1f-9962-db1208f6a53a&#8221;][vc_column_text]<\/p>\n<p style=\"text-align: center;\">LA PLAGNE<\/p>\n<div id=\"gtx-trans\" style=\"position: absolute; left: 291px; top: -10px;\">\n<div class=\"gtx-trans-icon\"><\/div>\n<\/div>\n<p>[\/vc_column_text][\/vc_column_inner][vc_column_inner width=&#8221;1\/5&#8243;][vc_single_image image=&#8221;574194&#8243; img_size=&#8221;40&#215;40&#8243; alignment=&#8221;center&#8221; onclick=&#8221;custom_link&#8221; img_link_target=&#8221;_blank&#8221; link=&#8221;https:\/\/booking.yoplanning.pro\/77738c58-6c53-4241-b88a-8f333097ccfd\/product\/5cd82fc6-3cdf-4319-9c68-bde29a03e89f&#8221;][vc_column_text]<\/p>\n<p style=\"text-align: center;\">LES MENUIRES<\/p>\n<div id=\"gtx-trans\" style=\"position: absolute; left: 290px; top: -10px;\">\n<div class=\"gtx-trans-icon\"><\/div>\n<\/div>\n<p>[\/vc_column_text][\/vc_column_inner][vc_column_inner width=&#8221;1\/5&#8243;][vc_single_image image=&#8221;574198&#8243; img_size=&#8221;40&#215;40&#8243; alignment=&#8221;center&#8221; onclick=&#8221;custom_link&#8221; img_link_target=&#8221;_blank&#8221; link=&#8221;https:\/\/booking.yoplanning.pro\/7dc573eb-50ed-4d8c-9879-8ffaf2ee922e\/product\/84ee2d66-1aa4-4f59-9500-0317b00438f4&#8243;][vc_column_text]<\/p>\n<p style=\"text-align: center;\">M\u00c9RIBEL<\/p>\n<div id=\"gtx-trans\" style=\"position: absolute; left: 246px; top: -10px;\">\n<div class=\"gtx-trans-icon\"><\/div>\n<\/div>\n<p>[\/vc_column_text][\/vc_column_inner][vc_column_inner width=&#8221;1\/5&#8243;][vc_single_image image=&#8221;574210&#8243; img_size=&#8221;40&#215;40&#8243; alignment=&#8221;center&#8221; onclick=&#8221;custom_link&#8221; img_link_target=&#8221;_blank&#8221; link=&#8221;https:\/\/oxygene.ski\/fr\/contactez-nous\/&#8221;][vc_column_text]<\/p>\n<p style=\"text-align: center;\">SERRE CHEVALIER<\/p>\n<div id=\"gtx-trans\" style=\"position: absolute; left: 92px; top: 38px;\">\n<div class=\"gtx-trans-icon\"><\/div>\n<\/div>\n<p>[\/vc_column_text][\/vc_column_inner][\/vc_row_inner][vc_row_inner][vc_column_inner width=&#8221;1\/5&#8243;][vc_single_image image=&#8221;574202&#8243; img_size=&#8221;40&#215;40&#8243; alignment=&#8221;center&#8221; onclick=&#8221;custom_link&#8221; img_link_target=&#8221;_blank&#8221; link=&#8221;https:\/\/booking.yoplanning.pro\/4fa00e28-3d2d-4916-97a6-75b8ce82acad\/product\/0589fa95-6888-4fcc-b858-cff6089dd9ed&#8221;][vc_column_text]<\/p>\n<p style=\"text-align: center;\">TIGNES<\/p>\n<div id=\"gtx-trans\" style=\"position: absolute; left: 266px; top: -10px;\">\n<div class=\"gtx-trans-icon\"><\/div>\n<\/div>\n<p>[\/vc_column_text][\/vc_column_inner][vc_column_inner width=&#8221;1\/5&#8243;][vc_single_image image=&#8221;574204&#8243; img_size=&#8221;40&#215;40&#8243; alignment=&#8221;center&#8221; onclick=&#8221;custom_link&#8221; img_link_target=&#8221;_blank&#8221; link=&#8221;https:\/\/booking.yoplanning.pro\/c5caa709-4c75-4ce9-a760-d60689a200e3\/?tag=84f3f948-5fe9-4a93-b56f-652b56998d16&#8243;][vc_column_text]<\/p>\n<p style=\"text-align: center;\">VAL D&#8217;IS\u00c8RE<\/p>\n<div id=\"gtx-trans\" style=\"position: absolute; left: 306px; top: 38px;\">\n<div class=\"gtx-trans-icon\"><\/div>\n<\/div>\n<p>[\/vc_column_text][\/vc_column_inner][vc_column_inner width=&#8221;1\/5&#8243;][vc_single_image image=&#8221;574208&#8243; img_size=&#8221;40&#215;40&#8243; alignment=&#8221;center&#8221; onclick=&#8221;custom_link&#8221; img_link_target=&#8221;_blank&#8221; link=&#8221;https:\/\/booking.yoplanning.pro\/b4f09821-cd27-4251-baae-9a784a04489e\/product\/352e60aa-409a-40d1-ac63-010a0b072c64&#8243;][vc_column_text]<\/p>\n<p style=\"text-align: center;\">VAL THORENS<\/p>\n<div id=\"gtx-trans\" style=\"position: absolute; left: 310px; top: 38px;\">\n<div class=\"gtx-trans-icon\"><\/div>\n<\/div>\n<p>[\/vc_column_text][\/vc_column_inner][vc_column_inner width=&#8221;1\/5&#8243;][\/vc_column_inner][\/vc_row_inner][\/vc_column][vc_column width=&#8221;1\/2&#8243; css=&#8221;.vc_custom_1757186660263{background-position: center !important;background-repeat: no-repeat !important;background-size: cover !important;}&#8221; el_class=&#8221;image-column-remove-padding image-headband&#8221;][vc_single_image image=&#8221;580306&#8243; img_size=&#8221;full&#8221; style=&#8221;vc_box_rounded&#8221; el_class=&#8221;image-headband-frontpage&#8221;][\/vc_column][\/vc_row][vc_row][vc_column][vc_empty_space height=&#8221;30px&#8221;][\/vc_column][\/vc_row]<\/p>\n","protected":false},"excerpt":{"rendered":"<p>[vc_row content_placement=&#8221;middle&#8221; css=&#8221;.vc_custom_1757186334108{background-position: center !important;background-repeat: no-repeat !important;background-size: cover !important;}&#8221;][vc_column el_class=&#8221;image-column-remove-padding image-headband&#8221;][vc_single_image image=&#8221;580223&#8243; img_size=&#8221;full&#8221; el_class=&#8221;image-headband-frontpage-main&#8221;][\/vc_column][\/vc_row][vc_row][vc_column][vc_empty_space height=&#8221;50px&#8221;][\/vc_column][\/vc_row][vc_row css=&#8221;.vc_custom_1721295204059{margin-right: 5% !important;margin-left: 5% !important;}&#8221;][vc_column width=&#8221;1\/2&#8243;][vc_empty_space height=&#8221;20px&#8221;][vc_column_text] COURS COLLECTIFS ENFANTS [\/vc_column_text][vc_column_text css=&#8221;.vc_custom_1737725879637{margin-right: 25% !important;}&#8221;] Nous offrons toute une palette de cours collectifs, construits autour de jeux et d&#8217;activit\u00e9s ludiques. Tout est pens\u00e9 pour transmettre aux enfants une vision positive et [&hellip;]<\/p>\n","protected":false},"author":7448,"featured_media":0,"parent":0,"menu_order":19,"comment_status":"closed","ping_status":"closed","template":"page-full-width.php","meta":{"footnotes":""},"yoast_head":"<!-- This site is optimized with the Yoast SEO plugin v22.2 - https:\/\/yoast.com\/wordpress\/plugins\/seo\/ -->\n<title>Cours collectifs enfants | Oxyg\u00e8ne \u00c9cole de Ski &amp; Snowboard<\/title>\n<meta name=\"description\" content=\"Avec Oxyg\u00e8ne \u00c9cole, les enfants apprennent le ski en s\u2019amusant. Ils progressent \u00e0 leur rythme et leur progression est \u00e9valu\u00e9e tout au long de la semaine.\" \/>\n<meta name=\"robots\" content=\"index, follow, max-snippet:-1, max-image-preview:large, max-video-preview:-1\" \/>\n<link rel=\"canonical\" href=\"https:\/\/oxygene.ski\/fr\/cours-collectifs-enfants\/\" \/>\n<meta property=\"og:locale\" content=\"fr_FR\" \/>\n<meta property=\"og:type\" content=\"article\" \/>\n<meta property=\"og:title\" content=\"Cours collectifs enfants | Oxyg\u00e8ne \u00c9cole de Ski &amp; Snowboard\" \/>\n<meta property=\"og:description\" content=\"Avec Oxyg\u00e8ne \u00c9cole, les enfants apprennent le ski en s\u2019amusant. Ils progressent \u00e0 leur rythme et leur progression est \u00e9valu\u00e9e tout au long de la semaine.\" \/>\n<meta property=\"og:url\" content=\"https:\/\/oxygene.ski\/fr\/cours-collectifs-enfants\/\" \/>\n<meta property=\"og:site_name\" content=\"Oxyg\u00e8ne Ski &amp; Snowboard School\" \/>\n<meta property=\"article:publisher\" content=\"https:\/\/www.facebook.com\/OxygeneSki\" \/>\n<meta property=\"article:modified_time\" content=\"2025-12-29T11:11:12+00:00\" \/>\n<meta name=\"twitter:card\" content=\"summary_large_image\" \/>\n<meta name=\"twitter:site\" content=\"@Oxygene_Ski\" \/>\n<meta name=\"twitter:label1\" content=\"Est. reading time\" \/>\n\t<meta name=\"twitter:data1\" content=\"3 minutes\" \/>\n<script type=\"application\/ld+json\" class=\"yoast-schema-graph\">{\"@context\":\"https:\/\/schema.org\",\"@graph\":[{\"@type\":\"WebPage\",\"@id\":\"https:\/\/oxygene.ski\/fr\/cours-collectifs-enfants\/\",\"url\":\"https:\/\/oxygene.ski\/fr\/cours-collectifs-enfants\/\",\"name\":\"Cours collectifs enfants | Oxyg\u00e8ne \u00c9cole de Ski & Snowboard\",\"isPartOf\":{\"@id\":\"https:\/\/oxygene.ski\/#website\"},\"datePublished\":\"2025-03-20T10:50:19+00:00\",\"dateModified\":\"2025-12-29T11:11:12+00:00\",\"description\":\"Avec Oxyg\u00e8ne \u00c9cole, les enfants apprennent le ski en s\u2019amusant. Ils progressent \u00e0 leur rythme et leur progression est \u00e9valu\u00e9e tout au long de la semaine.\",\"breadcrumb\":{\"@id\":\"https:\/\/oxygene.ski\/fr\/cours-collectifs-enfants\/#breadcrumb\"},\"inLanguage\":\"fr\",\"potentialAction\":[{\"@type\":\"ReadAction\",\"target\":[\"https:\/\/oxygene.ski\/fr\/cours-collectifs-enfants\/\"]}]},{\"@type\":\"BreadcrumbList\",\"@id\":\"https:\/\/oxygene.ski\/fr\/cours-collectifs-enfants\/#breadcrumb\",\"itemListElement\":[{\"@type\":\"ListItem\",\"position\":1,\"name\":\"Home\",\"item\":\"https:\/\/oxygene.ski\/fr\/accueil\/\"},{\"@type\":\"ListItem\",\"position\":2,\"name\":\"Cours collectifs enfants\"}]},{\"@type\":\"WebSite\",\"@id\":\"https:\/\/oxygene.ski\/#website\",\"url\":\"https:\/\/oxygene.ski\/\",\"name\":\"Oxyg\u00e8ne Ski &amp; Snowboard School\",\"description\":\"\",\"potentialAction\":[{\"@type\":\"SearchAction\",\"target\":{\"@type\":\"EntryPoint\",\"urlTemplate\":\"https:\/\/oxygene.ski\/?s={search_term_string}\"},\"query-input\":\"required name=search_term_string\"}],\"inLanguage\":\"fr\"}]}<\/script>\n<!-- \/ Yoast SEO plugin. -->","yoast_head_json":{"title":"Cours collectifs enfants | Oxyg\u00e8ne \u00c9cole de Ski & Snowboard","description":"Avec Oxyg\u00e8ne \u00c9cole, les enfants apprennent le ski en s\u2019amusant. Ils progressent \u00e0 leur rythme et leur progression est \u00e9valu\u00e9e tout au long de la semaine.","robots":{"index":"index","follow":"follow","max-snippet":"max-snippet:-1","max-image-preview":"max-image-preview:large","max-video-preview":"max-video-preview:-1"},"canonical":"https:\/\/oxygene.ski\/fr\/cours-collectifs-enfants\/","og_locale":"fr_FR","og_type":"article","og_title":"Cours collectifs enfants | Oxyg\u00e8ne \u00c9cole de Ski & Snowboard","og_description":"Avec Oxyg\u00e8ne \u00c9cole, les enfants apprennent le ski en s\u2019amusant. Ils progressent \u00e0 leur rythme et leur progression est \u00e9valu\u00e9e tout au long de la semaine.","og_url":"https:\/\/oxygene.ski\/fr\/cours-collectifs-enfants\/","og_site_name":"Oxyg\u00e8ne Ski &amp; Snowboard School","article_publisher":"https:\/\/www.facebook.com\/OxygeneSki","article_modified_time":"2025-12-29T11:11:12+00:00","twitter_card":"summary_large_image","twitter_site":"@Oxygene_Ski","twitter_misc":{"Est. reading time":"3 minutes"},"schema":{"@context":"https:\/\/schema.org","@graph":[{"@type":"WebPage","@id":"https:\/\/oxygene.ski\/fr\/cours-collectifs-enfants\/","url":"https:\/\/oxygene.ski\/fr\/cours-collectifs-enfants\/","name":"Cours collectifs enfants | Oxyg\u00e8ne \u00c9cole de Ski & Snowboard","isPartOf":{"@id":"https:\/\/oxygene.ski\/#website"},"datePublished":"2025-03-20T10:50:19+00:00","dateModified":"2025-12-29T11:11:12+00:00","description":"Avec Oxyg\u00e8ne \u00c9cole, les enfants apprennent le ski en s\u2019amusant. Ils progressent \u00e0 leur rythme et leur progression est \u00e9valu\u00e9e tout au long de la semaine.","breadcrumb":{"@id":"https:\/\/oxygene.ski\/fr\/cours-collectifs-enfants\/#breadcrumb"},"inLanguage":"fr","potentialAction":[{"@type":"ReadAction","target":["https:\/\/oxygene.ski\/fr\/cours-collectifs-enfants\/"]}]},{"@type":"BreadcrumbList","@id":"https:\/\/oxygene.ski\/fr\/cours-collectifs-enfants\/#breadcrumb","itemListElement":[{"@type":"ListItem","position":1,"name":"Home","item":"https:\/\/oxygene.ski\/fr\/accueil\/"},{"@type":"ListItem","position":2,"name":"Cours collectifs enfants"}]},{"@type":"WebSite","@id":"https:\/\/oxygene.ski\/#website","url":"https:\/\/oxygene.ski\/","name":"Oxyg\u00e8ne Ski &amp; Snowboard School","description":"","potentialAction":[{"@type":"SearchAction","target":{"@type":"EntryPoint","urlTemplate":"https:\/\/oxygene.ski\/?s={search_term_string}"},"query-input":"required name=search_term_string"}],"inLanguage":"fr"}]}},"_links":{"self":[{"href":"https:\/\/oxygene.ski\/fr\/wp-json\/wp\/v2\/pages\/578806"}],"collection":[{"href":"https:\/\/oxygene.ski\/fr\/wp-json\/wp\/v2\/pages"}],"about":[{"href":"https:\/\/oxygene.ski\/fr\/wp-json\/wp\/v2\/types\/page"}],"author":[{"embeddable":true,"href":"https:\/\/oxygene.ski\/fr\/wp-json\/wp\/v2\/users\/7448"}],"replies":[{"embeddable":true,"href":"https:\/\/oxygene.ski\/fr\/wp-json\/wp\/v2\/comments?post=578806"}],"version-history":[{"count":36,"href":"https:\/\/oxygene.ski\/fr\/wp-json\/wp\/v2\/pages\/578806\/revisions"}],"predecessor-version":[{"id":582749,"href":"https:\/\/oxygene.ski\/fr\/wp-json\/wp\/v2\/pages\/578806\/revisions\/582749"}],"wp:attachment":[{"href":"https:\/\/oxygene.ski\/fr\/wp-json\/wp\/v2\/media?parent=578806"}],"curies":[{"name":"wp","href":"https:\/\/api.w.org\/{rel}","templated":true}]}}