{"id":578797,"date":"2025-03-19T16:40:03","date_gmt":"2025-03-19T15:40:03","guid":{"rendered":"https:\/\/oxygene.ski\/belle-plagne\/"},"modified":"2026-01-14T11:02:49","modified_gmt":"2026-01-14T10:02:49","slug":"ecole-ski-belle-plagne","status":"publish","type":"page","link":"https:\/\/oxygene.ski\/fr\/ecole-ski-belle-plagne\/","title":{"rendered":"Belle Plagne"},"content":{"rendered":"<p>[vc_row content_placement=&#8221;middle&#8221; css=&#8221;.vc_custom_1757175894192{background-position: center !important;background-repeat: no-repeat !important;background-size: cover !important;}&#8221;][vc_column el_class=&#8221;image-column-remove-padding image-headband&#8221;][vc_single_image image=&#8221;581186&#8243; img_size=&#8221;full&#8221; alignment=&#8221;center&#8221; el_class=&#8221;image-headband-frontpage-main&#8221;][\/vc_column][\/vc_row][vc_row css=&#8221;.vc_custom_1757175801644{margin-top: 50px !important;margin-right: 5% !important;margin-left: 5% !important;}&#8221;][vc_column width=&#8221;1\/2&#8243;][vc_column_text]<\/p>\n<h1 style=\"text-align: left;\"><span style=\"color: #00adef;\">BIENVENUE \u00c0 BELLE PLAGNE<\/span><\/h1>\n<div id=\"gtx-trans\" style=\"position: absolute; left: -9px; top: -0.5625px;\">\n<div class=\"gtx-trans-icon\"><\/div>\n<\/div>\n<p>[\/vc_column_text][vc_column_text css=&#8221;.vc_custom_1723127916612{margin-right: 20px !important;}&#8221;]<\/p>\n<div class=\"wpb_text_column wpb_content_element vc_custom_1741099153178\">\n<div class=\"wpb_wrapper\">\n<p>Oxyg\u00e8ne est pr\u00e9sent depuis plus de 25 ans sur les pentes de Belle Plagne. Install\u00e9e au c\u0153ur de la station \u00e0 2 050 m\u00e8tres d\u2019altitude, notre \u00e9cole de ski et snowboard vous propose un large \u00e9ventail de cours collectifs pour les enfants et les adultes, sans oublier des cours priv\u00e9s ski et des activit\u00e9s apr\u00e8s-ski. D\u00e9couvrez avec nous le panorama exceptionnel de Paradiski.<\/p>\n<p>Belle Plagne est l\u2019un des sept villages d\u2019altitude composant La Plagne. Situ\u00e9e \u00e0 2050 m, c\u2019est le plus \u00e9lev\u00e9 apr\u00e8s Plagne Soleil et le dernier construit \u2013 en 1981. Sa relative jeunesse par rapport aux autres stations contraste avec son charme savoyard inimitable. Belle est l\u2019adjectif id\u00e9al pour ce coin de montagne unique, mais c\u2019est aussi, \u00e0 l\u2019origine, une r\u00e9f\u00e9rence \u00e0 la commune o\u00f9 est situ\u00e9e la station : Bellentre.<\/p>\n<\/div>\n<\/div>\n<p>[\/vc_column_text][vc_column_text]<br \/>\n<strong>Ouvert du 13 d\u00e9cembre au 25 avril 2025<\/strong>. Plus de 135 pistes sur plus de 225km.<br \/>\n[\/vc_column_text][vc_row_inner][vc_column_inner width=&#8221;1\/2&#8243;][vc_btn title=&#8221;Guide des niveaux&#8221; link=&#8221;url:https%3A%2F%2Foxygene.ski%2Ffr%2Fconnaitre-son-niveau-de-ski%2F|target:_blank|&#8221;][\/vc_column_inner][vc_column_inner width=&#8221;1\/2&#8243;][vc_btn title=&#8221;Plan des pistes Belle Plagne&#8221; link=&#8221;url:https%3A%2F%2Fwww.la-plagne.com%2Fdecouvrir-la-plagne%2Fdomaine-skiable%2Fplan-des-pistes%3F_gl%3D1%2A88wwjy%2A_gcl_au%2AMTQ0ODE1MjE1Mi4xNzMzMzk1MzEw%2A_ga%2AMTAyODU1OTI4OS4xNzEwOTMxOTcw%2A_ga_RGHX4L1ZKT%2AMTczNjM0MzczNi4xNS4wLjE3MzYzNDM3MzYuMC4wLjA.|title:Plan%20des%20pistes|target:_blank|&#8221;][\/vc_column_inner][\/vc_row_inner][\/vc_column][vc_column width=&#8221;1\/2&#8243; el_class=&#8221;image-column-remove-padding image-headband&#8221;][vc_single_image image=&#8221;577005&#8243; img_size=&#8221;full&#8221; alignment=&#8221;center&#8221; el_class=&#8221;image-headband-frontpage&#8221;][\/vc_column][\/vc_row][vc_row css=&#8221;.vc_custom_1751967861229{margin-right: 5% !important;margin-left: 5% !important;}&#8221;][vc_column][vc_empty_space height=&#8221;75px&#8221;][vc_column_text]<\/p>\n<h2 style=\"text-align: left;\"><span style=\"color: #00adef;\">NOS COURS<\/span><\/h2>\n<p>[\/vc_column_text][\/vc_column][\/vc_row][vc_row css=&#8221;.vc_custom_1723108733576{margin-right: 5% !important;margin-left: 5% !important;}&#8221;][vc_column width=&#8221;1\/4&#8243;][vc_single_image image=&#8221;580223&#8243; img_size=&#8221;400&#215;250&#8243; style=&#8221;vc_box_rounded&#8221; css=&#8221;.vc_custom_1755165848865{background-position: center !important;background-repeat: no-repeat !important;background-size: cover !important;}&#8221;][vc_column_text css=&#8221;.vc_custom_1760966069156{padding-right: 20% !important;}&#8221;]<\/p>\n<h6><strong>Cours collectifs enfants<\/strong><\/h6>\n<p>Nous proposons des cours collectifs enfants sur le domaine Paradiski. Ils sont organis\u00e9s par niveau et \u00e2ge, avec un nombre limit\u00e9 de participants. Nos sessions visent \u00e0 renforcer la confiance et am\u00e9liorer la technique de ski.[\/vc_column_text][vc_btn title=&#8221;R\u00e9servez maintenant&#8221; style=&#8221;outline&#8221; color=&#8221;sky&#8221; link=&#8221;url:https%3A%2F%2Fbooking.yoplanning.pro%2Ffb81cc49-1fdd-4c97-b605-cc7f668ad62c%2F%3Ftag%3Dcdb01c41-589f-415d-a3b5-c70a4fb4c8c2|&#8221;][\/vc_column][vc_column width=&#8221;1\/4&#8243;][vc_single_image image=&#8221;580259&#8243; img_size=&#8221;400&#215;250&#8243; style=&#8221;vc_box_rounded&#8221; css=&#8221;.vc_custom_1755165858094{background-position: center !important;background-repeat: no-repeat !important;background-size: cover !important;}&#8221;][vc_column_text css=&#8221;.vc_custom_1760966979257{padding-right: 20% !important;}&#8221;]<\/p>\n<h6><strong>Cours collectifs adolescents<\/strong><\/h6>\n<p>Pr\u00eat \u00e0 rider plus fort ? Ces cours sont faits pour les ados entre 12 et 17 ans qui veulent booster leur style, progresser vite et repousser leurs limites. Plus de technique, plus de confiance\u2026 et surtout plus de fun sur les pistes ![\/vc_column_text][vc_btn title=&#8221;R\u00e9servez maintenant&#8221; style=&#8221;outline&#8221; color=&#8221;sky&#8221; link=&#8221;url:https%3A%2F%2Fbooking.yoplanning.pro%2Ffb81cc49-1fdd-4c97-b605-cc7f668ad62c%2F%3Ftag%3Ddee1a56d-b78c-4114-9e2c-9f94f9255d9c|&#8221;][\/vc_column][vc_column width=&#8221;1\/4&#8243;][vc_single_image image=&#8221;580232&#8243; img_size=&#8221;400&#215;250&#8243; style=&#8221;vc_box_rounded&#8221; css=&#8221;.vc_custom_1755165865899{background-position: center !important;background-repeat: no-repeat !important;background-size: cover !important;}&#8221;][vc_column_text css=&#8221;.vc_custom_1760966988195{padding-right: 20% !important;}&#8221;]<\/p>\n<h6><strong>Cours collectifs adultes<\/strong><\/h6>\n<p>\u00c0 Belle Plagne, vous pourrez profiter de cours collectifs adultes. Ils rec\u00e8lent une richesse de niveaux et d\u2019activit\u00e9s pour satisfaire tous les \u00e2ges, les go\u00fbts et les comp\u00e9tences. Que vous soyez d\u00e9butant sur les pistes ou amateur de sensations fortes, nous vous emmenons l\u00e0 o\u00f9 vous le souhaitez.[\/vc_column_text][vc_btn title=&#8221;R\u00e9servez maintenant&#8221; style=&#8221;outline&#8221; color=&#8221;sky&#8221; link=&#8221;url:https%3A%2F%2Fbooking.yoplanning.pro%2Ffb81cc49-1fdd-4c97-b605-cc7f668ad62c%2F%3Ftag%3Dc4c51e33-c7d2-44bd-a864-611f859c49bf|&#8221;][\/vc_column][vc_column width=&#8221;1\/4&#8243;][vc_single_image image=&#8221;577089&#8243; img_size=&#8221;400&#215;250&#8243; style=&#8221;vc_box_rounded&#8221; css=&#8221;.vc_custom_1755165874077{background-position: center !important;background-repeat: no-repeat !important;background-size: cover !important;}&#8221;][vc_column_text css=&#8221;.vc_custom_1760966996889{padding-right: 20% !important;}&#8221;]<\/p>\n<h6><strong>Cours collectifs snowboard<\/strong><\/h6>\n<p>Profitez de cours collectifs de snowboard chez Oxyg\u00e8ne Belle Plagne. Les d\u00e9butants d\u00e9couvriront cette discipline qui n\u2019aura plus de secrets pour eux, et les riders confirm\u00e9s pourront affiner leur technique tout en profitant du domaine.[\/vc_column_text][vc_btn title=&#8221;R\u00e9servez maintenant&#8221; style=&#8221;outline&#8221; color=&#8221;sky&#8221; link=&#8221;url:https%3A%2F%2Fbooking.yoplanning.pro%2Ffb81cc49-1fdd-4c97-b605-cc7f668ad62c%2F%3Ftag%3D6569f9ff-606a-46de-8f1c-aa74c7cbd756|&#8221;][\/vc_column][\/vc_row][vc_row][vc_column][vc_empty_space height=&#8221;25px&#8221;][\/vc_column][\/vc_row][vc_row css=&#8221;.vc_custom_1723108748514{margin-right: 5% !important;margin-left: 5% !important;}&#8221;][vc_column width=&#8221;1\/4&#8243;][vc_single_image image=&#8221;580254&#8243; img_size=&#8221;400&#215;250&#8243; style=&#8221;vc_box_rounded&#8221; css=&#8221;.vc_custom_1755165882170{background-position: center !important;background-repeat: no-repeat !important;background-size: cover !important;}&#8221;][vc_column_text css=&#8221;.vc_custom_1760967023258{padding-right: 20% !important;}&#8221;]<\/p>\n<h6><strong>Cours priv\u00e9s<\/strong><\/h6>\n<p>Seul avec un moniteur Oxyg\u00e8ne, profitez de nos cours particuliers pour progresser et am\u00e9liorer votre glisse. Les cours priv\u00e9s sont disponibles pour toutes les disciplines. Jouez l\u00e0 perso pour soigner votre progression ou d\u00e9cidez tout de m\u00eame de partager le plaisir en invitant vos amis ou des membres de votre famille.[\/vc_column_text][vc_btn title=&#8221;R\u00e9servez maintenant&#8221; style=&#8221;outline&#8221; color=&#8221;sky&#8221; link=&#8221;url:https%3A%2F%2Fbooking.yoplanning.pro%2Ffb81cc49-1fdd-4c97-b605-cc7f668ad62c%2F%3Ftag%3D279b7bbc-6991-4512-8387-fe4f1cdb5f4a|&#8221;][\/vc_column][vc_column width=&#8221;1\/4&#8243;][vc_single_image image=&#8221;580250&#8243; img_size=&#8221;400&#215;250&#8243; style=&#8221;vc_box_rounded&#8221; css=&#8221;.vc_custom_1755165888596{background-position: center !important;background-repeat: no-repeat !important;background-size: cover !important;}&#8221;][vc_column_text css=&#8221;.vc_custom_1760967029794{padding-right: 20% !important;}&#8221;]<\/p>\n<h6><strong>Hors-piste<\/strong><\/h6>\n<p>Profitez pleinement de chaque journ\u00e9e de poudreuse ! Explorez la vraie nature de la montagne en apprenant \u00e0 skier en hors-piste et d\u00e9couvrir les plus belles pentes vierges. R\u00e9servez d\u00e8s aujourd\u2019hui votre moniteur Oxyg\u00e8ne[\/vc_column_text][vc_btn title=&#8221;R\u00e9servez maintenant&#8221; style=&#8221;outline&#8221; color=&#8221;sky&#8221; link=&#8221;url:https%3A%2F%2Fbooking.yoplanning.pro%2Ffb81cc49-1fdd-4c97-b605-cc7f668ad62c%2F%3Ftag%3Dc6648846-82c3-4249-ab94-75738668111c|&#8221;][\/vc_column][vc_column width=&#8221;1\/4&#8243;][vc_single_image image=&#8221;580245&#8243; img_size=&#8221;400&#215;250&#8243; style=&#8221;vc_box_rounded&#8221; css=&#8221;.vc_custom_1755165906564{background-position: center !important;background-repeat: no-repeat !important;background-size: cover !important;}&#8221;][vc_column_text css=&#8221;.vc_custom_1760967043066{padding-right: 20% !important;}&#8221;]<\/p>\n<h6><strong>Handiski<\/strong><\/h6>\n<p>Depuis 25 ans, Oxyg\u00e8ne s\u2019engage \u00e0 rendre la glisse accessible \u00e0 toutes les personnes \u00e0 mobilit\u00e9 r\u00e9duite avec des besoins sp\u00e9cifiques. Nous vous proposons des cours handiski sur mesure, adapt\u00e9s \u00e0 vos besoins et \u00e0 vos envies.[\/vc_column_text][vc_btn title=&#8221;R\u00e9servez maintenant&#8221; style=&#8221;outline&#8221; color=&#8221;sky&#8221; link=&#8221;url:https%3A%2F%2Fbooking.yoplanning.pro%2Ffb81cc49-1fdd-4c97-b605-cc7f668ad62c%2F%3Ftag%3D5b12658d-b39e-40db-8405-2c53907e94ae|&#8221;][\/vc_column][vc_column width=&#8221;1\/4&#8243;][vc_single_image image=&#8221;578273&#8243; img_size=&#8221;400&#215;250&#8243; style=&#8221;vc_box_rounded&#8221; css=&#8221;.vc_custom_1755165913509{background-position: center !important;background-repeat: no-repeat !important;background-size: cover !important;}&#8221;][vc_column_text css=&#8221;.vc_custom_1760967052074{padding-right: 20% !important;}&#8221;]<\/p>\n<h6><strong>Activit\u00e9s outdoor<\/strong><\/h6>\n<p>Oxyg\u00e8ne, c\u2019est du ski et du snowboard sous toutes ses formes, mais pas que ! vous pouvez aussi profiter de la neige et de l\u2019apr\u00e8s-ski en d\u00e9couvrant la montagne autrement gr\u00e2ce \u00e0 nos activit\u00e9s outdoor.[\/vc_column_text][vc_btn title=&#8221;R\u00e9servez maintenant&#8221; style=&#8221;outline&#8221; color=&#8221;sky&#8221; link=&#8221;url:https%3A%2F%2Fbooking.yoplanning.pro%2Ffb81cc49-1fdd-4c97-b605-cc7f668ad62c%2F%3Ftag%3D5e5eb3f8-73b8-4cb9-9065-cb83dd08805a|&#8221;][\/vc_column][\/vc_row][vc_row][vc_column][vc_empty_space height=&#8221;75px&#8221;][\/vc_column][\/vc_row][vc_row css=&#8221;.vc_custom_1723108681859{margin-right: 5% !important;margin-left: 5% !important;}&#8221;][vc_column width=&#8221;1\/2&#8243;][vc_column_text]<\/p>\n<h2 style=\"text-align: left;\"><span style=\"color: #00adef;\">POINT DE RENDEZ-VOUS<\/span><\/h2>\n<div id=\"gtx-trans\" style=\"position: absolute; left: -67px; top: -0.5625px;\">\n<div class=\"gtx-trans-icon\"><\/div>\n<\/div>\n<p>[\/vc_column_text][vc_column_text css=&#8221;.vc_custom_1726751559321{margin-right: 25% !important;}&#8221;]R\u00e9servation en poche et crochets des chaussures ferm\u00e9s ? Parfait.<\/p>\n<p>Dirigez-vous vers le t\u00e9l\u00e9ski tyrolien qui se trouve dans la zone skiable principale de Belle Plagne. Ouvrez l\u2019\u0153il pour rep\u00e9rer nos moniteurs, ils vous attendent avec sourire et bonne humeur sous les banni\u00e8res et drapeaux Oxyg\u00e8ne. Ne vous inqui\u00e9tez pas, vous ne pouvez pas nous rater.[\/vc_column_text][vc_btn title=&#8221;Voir la carte&#8221; link=&#8221;url:https%3A%2F%2Fmaps.app.goo.gl%2Fu16UWcZJyS9jQCSv9|target:_blank|&#8221;][\/vc_column][vc_column width=&#8221;1\/2&#8243; el_class=&#8221;image-column-remove-padding image-headband&#8221;][vc_single_image image=&#8221;581190&#8243; img_size=&#8221;full&#8221; el_class=&#8221;image-headband-frontpage&#8221;][\/vc_column][\/vc_row][vc_row][vc_column][vc_empty_space height=&#8221;50px&#8221;][\/vc_column][\/vc_row][vc_row css=&#8221;.vc_custom_1723108695390{margin-right: 5% !important;margin-left: 5% !important;}&#8221;][vc_column width=&#8221;1\/2&#8243;][vc_empty_space height=&#8221;10px&#8221;][vc_column_text]<\/p>\n<h2 style=\"text-align: left;\"><span style=\"color: #00adef;\">SERVICE DE MINIBUS<\/span><\/h2>\n<p>[\/vc_column_text][vc_column_text css=&#8221;.vc_custom_1726751547154{margin-right: 25% !important;}&#8221;]Vous ne connaissez pas encore les lieux ? Vous \u00eates en retard ? Nous avons une solution.<br \/>\nNotre service gratuit de minibus facilite vos d\u00e9placements, pour aller au point de rendez-vous de votre cours, \u00e0 notre bureau ou \u00e0 notre magasin de location. Parlez-en \u00e0 notre \u00e9quipe de r\u00e9servation, elle fera ce qu\u2019il faut pour faciliter vos d\u00e9placements.[\/vc_column_text][\/vc_column][vc_column width=&#8221;1\/2&#8243; el_class=&#8221;image-column-remove-padding image-headband&#8221;][vc_single_image image=&#8221;581192&#8243; img_size=&#8221;full&#8221; el_class=&#8221;image-headband-frontpage&#8221;][\/vc_column][\/vc_row][vc_row][vc_column][vc_empty_space height=&#8221;75px&#8221;][\/vc_column][\/vc_row][vc_row content_placement=&#8221;middle&#8221;][vc_column width=&#8221;1\/2&#8243; css=&#8221;.vc_custom_1724442514869{padding-top: 140px !important;padding-bottom: 140px !important;background-image: url(https:\/\/oxygene.ski\/wp-content\/uploads\/2024\/08\/ox-website-equipment-ski-hire-location.jpg?id=576361) !important;background-position: center !important;background-repeat: no-repeat !important;background-size: cover !important;}&#8221;][vc_column_text css=&#8221;.vc_custom_1724666043983{margin-right: 10% !important;margin-left: 10% !important;}&#8221;]<\/p>\n<h3 style=\"text-align: center;\"><span style=\"color: #ffffff;\">LOCATION MAT\u00c9RIEL EN MAGASIN<\/span><\/h3>\n<p style=\"text-align: center;\"><span style=\"color: #ffffff;\">Laissez-nous vous \u00e9quiper de la t\u00eate aux pieds. Chaussures, skis, snowboards, skis hors-piste, skis de fond, splitboard et plus encore. Nous vous proposons la location de mat\u00e9riel de glisse pour tous les go\u00fbts et toute la famille.<\/span><\/p>\n<p>[\/vc_column_text][vc_btn title=&#8221;Plus d&#8217;information&#8221; align=&#8221;center&#8221; link=&#8221;url:https%3A%2F%2Foxygene.ski%2Ffr%2Flocation-materiel-ski-plagne%2F|target:_blank|&#8221;][\/vc_column][vc_column width=&#8221;1\/2&#8243; css=&#8221;.vc_custom_1725889471719{padding-top: 140px !important;padding-bottom: 140px !important;background-image: url(https:\/\/oxygene.ski\/wp-content\/uploads\/2024\/09\/oxygene-chalet-fitting-2-scaled.jpg?id=577061) !important;background-position: center !important;background-repeat: no-repeat !important;background-size: cover !important;}&#8221;][vc_column_text css=&#8221;.vc_custom_1724667352613{margin-right: 10% !important;margin-left: 10% !important;}&#8221;]<\/p>\n<h3 style=\"text-align: center;\"><span style=\"color: #ffffff;\">VOTRE SKI SHOP \u00c0 DOMICILE<\/span><\/h3>\n<p style=\"text-align: center;\"><span style=\"color: #ffffff;\">R\u00e9servez en ligne et nous nous occupons du reste : le r\u00e9glage du mat\u00e9riel de ski et de snowboard par des experts, ainsi que la livraison dans votre chalet. Un service digne des meilleurs magasins de sport, \u00e0 votre porte, sans les inconv\u00e9nients.<\/span><\/p>\n<p>[\/vc_column_text][vc_btn title=&#8221;Plus d&#8217;information&#8221; align=&#8221;center&#8221; link=&#8221;url:https%3A%2F%2Foxygene.ski%2Ffr%2Fchalet-fitting%2F|target:_blank|&#8221;][\/vc_column][\/vc_row][vc_row][vc_column][vc_empty_space height=&#8221;50px&#8221;][\/vc_column][\/vc_row][vc_row css=&#8221;.vc_custom_1723108765228{margin-right: 5% !important;margin-left: 5% !important;}&#8221;][vc_column][vc_column_text]<\/p>\n<h3 style=\"text-align: left;\"><span style=\"color: #00adef;\">DES QUESTIONS ? CONTACTEZ-NOUS<\/span><\/h3>\n<p>[\/vc_column_text][vc_empty_space height=&#8221;30px&#8221;][vc_row_inner][vc_column_inner width=&#8221;1\/2&#8243;][vc_single_image image=&#8221;572826&#8243; img_size=&#8221;medium&#8221; alignment=&#8221;center&#8221;][vc_column_text]<\/p>\n<p style=\"text-align: center;\">Oxyg\u00e8ne \u00c9cole de Ski &amp; Snowboard\u00a0<strong>Belle Plagne<\/strong><br \/>\nJoignable toute l\u2019ann\u00e9e, nous serons ravis de mettre<br \/>\nnotre expertise \u00e0 votre disposition.<\/p>\n<p>[\/vc_column_text][vc_btn title=&#8221;+33 (0)4 79 06 53 36&#8243; align=&#8221;center&#8221; link=&#8221;url:tel%3A%2B33479065336|&#8221;][\/vc_column_inner][vc_column_inner width=&#8221;1\/2&#8243;][vc_single_image image=&#8221;572829&#8243; img_size=&#8221;medium&#8221; alignment=&#8221;center&#8221;][vc_column_text]<\/p>\n<p style=\"text-align: center;\">Oxyg\u00e8ne \u00c9cole de Ski &amp; Snowboard\u00a0<strong>Belle Plagne<\/strong><br \/>\nImm. Pierre de Soleil &#8211;\u00a0Belle Plagne &#8211;\u00a073210 La Plagne Tarentaise<\/p>\n<p>[\/vc_column_text][vc_btn title=&#8221;Voir la carte&#8221; align=&#8221;center&#8221; link=&#8221;url:https%3A%2F%2Fwww.google.fr%2Fmaps%2Fplace%2FOxyg%25C3%25A8ne%2BEcole%2Bde%2BSki%2B%2526%2BSnowboard%2BBelle%2BPlagne%2F%4045.5065646%2C6.7056206%2C17z%2Fdata%3D%213m1%214b1%214m6%213m5%211s0x47897a4566185b41%3A0x5d519810c8c3a2c8%218m2%213d45.5065646%214d6.7081955%2116s%252Fg%252F11c539sb28%3Fentry%3Dttu|target:_blank|&#8221;][\/vc_column_inner][\/vc_row_inner][vc_empty_space][vc_single_image image=&#8221;572831&#8243; alignment=&#8221;center&#8221;][vc_column_text]<\/p>\n<h4 style=\"text-align: center;\"><span style=\"color: #00adef;\">\u00c9CRIVEZ-NOUS !<\/span><\/h4>\n<p>[\/vc_column_text][vc_btn title=&#8221;belleplagne@oxygene.ski&#8221; align=&#8221;center&#8221; link=&#8221;url:mailto%3A%20belleplagne%40oxygene.ski|target:_blank|&#8221;][vc_empty_space][\/vc_column][\/vc_row]<\/p>\n","protected":false},"excerpt":{"rendered":"<p>[vc_row content_placement=&#8221;middle&#8221; css=&#8221;.vc_custom_1757175894192{background-position: center !important;background-repeat: no-repeat !important;background-size: cover !important;}&#8221;][vc_column el_class=&#8221;image-column-remove-padding image-headband&#8221;][vc_single_image image=&#8221;581186&#8243; img_size=&#8221;full&#8221; alignment=&#8221;center&#8221; el_class=&#8221;image-headband-frontpage-main&#8221;][\/vc_column][\/vc_row][vc_row css=&#8221;.vc_custom_1757175801644{margin-top: 50px !important;margin-right: 5% !important;margin-left: 5% !important;}&#8221;][vc_column width=&#8221;1\/2&#8243;][vc_column_text] BIENVENUE \u00c0 BELLE PLAGNE [\/vc_column_text][vc_column_text css=&#8221;.vc_custom_1723127916612{margin-right: 20px !important;}&#8221;] Oxyg\u00e8ne est pr\u00e9sent depuis plus de 25 ans sur les pentes de Belle Plagne. Install\u00e9e au c\u0153ur de la station \u00e0 2 050 m\u00e8tres [&hellip;]<\/p>\n","protected":false},"author":7448,"featured_media":0,"parent":0,"menu_order":19,"comment_status":"closed","ping_status":"closed","template":"page-full-width.php","meta":{"footnotes":""},"yoast_head":"<!-- This site is optimized with the Yoast SEO plugin v22.2 - https:\/\/yoast.com\/wordpress\/plugins\/seo\/ -->\n<title>Belle Plagne | Oxyg\u00e8ne \u00c9cole de Ski &amp; Snowboard<\/title>\n<meta name=\"description\" content=\"Oxyg\u00e8ne Belle Plagne, votre \u00e9cole de ski qui propose un large \u00e9ventail de cours collectifs, de cours priv\u00e9s, de cours handiski et d&#039;activit\u00e9s.\" \/>\n<meta name=\"robots\" content=\"index, follow, max-snippet:-1, max-image-preview:large, max-video-preview:-1\" \/>\n<link rel=\"canonical\" href=\"https:\/\/oxygene.ski\/fr\/ecole-ski-belle-plagne\/\" \/>\n<meta property=\"og:locale\" content=\"fr_FR\" \/>\n<meta property=\"og:type\" content=\"article\" \/>\n<meta property=\"og:title\" content=\"Belle Plagne | Oxyg\u00e8ne \u00c9cole de Ski &amp; Snowboard\" \/>\n<meta property=\"og:description\" content=\"Oxyg\u00e8ne Belle Plagne, votre \u00e9cole de ski qui propose un large \u00e9ventail de cours collectifs, de cours priv\u00e9s, de cours handiski et d&#039;activit\u00e9s.\" \/>\n<meta property=\"og:url\" content=\"https:\/\/oxygene.ski\/fr\/ecole-ski-belle-plagne\/\" \/>\n<meta property=\"og:site_name\" content=\"Oxyg\u00e8ne Ski &amp; Snowboard School\" \/>\n<meta property=\"article:publisher\" content=\"https:\/\/www.facebook.com\/OxygeneSki\" \/>\n<meta property=\"article:modified_time\" content=\"2026-01-14T10:02:49+00:00\" \/>\n<meta name=\"twitter:card\" content=\"summary_large_image\" \/>\n<meta name=\"twitter:site\" content=\"@Oxygene_Ski\" \/>\n<meta name=\"twitter:label1\" content=\"Est. reading time\" \/>\n\t<meta name=\"twitter:data1\" content=\"5 minutes\" \/>\n<script type=\"application\/ld+json\" class=\"yoast-schema-graph\">{\"@context\":\"https:\/\/schema.org\",\"@graph\":[{\"@type\":\"WebPage\",\"@id\":\"https:\/\/oxygene.ski\/fr\/ecole-ski-belle-plagne\/\",\"url\":\"https:\/\/oxygene.ski\/fr\/ecole-ski-belle-plagne\/\",\"name\":\"Belle Plagne | Oxyg\u00e8ne \u00c9cole de Ski & Snowboard\",\"isPartOf\":{\"@id\":\"https:\/\/oxygene.ski\/#website\"},\"datePublished\":\"2025-03-19T15:40:03+00:00\",\"dateModified\":\"2026-01-14T10:02:49+00:00\",\"description\":\"Oxyg\u00e8ne Belle Plagne, votre \u00e9cole de ski qui propose un large \u00e9ventail de cours collectifs, de cours priv\u00e9s, de cours handiski et d'activit\u00e9s.\",\"breadcrumb\":{\"@id\":\"https:\/\/oxygene.ski\/fr\/ecole-ski-belle-plagne\/#breadcrumb\"},\"inLanguage\":\"fr\",\"potentialAction\":[{\"@type\":\"ReadAction\",\"target\":[\"https:\/\/oxygene.ski\/fr\/ecole-ski-belle-plagne\/\"]}]},{\"@type\":\"BreadcrumbList\",\"@id\":\"https:\/\/oxygene.ski\/fr\/ecole-ski-belle-plagne\/#breadcrumb\",\"itemListElement\":[{\"@type\":\"ListItem\",\"position\":1,\"name\":\"Home\",\"item\":\"https:\/\/oxygene.ski\/fr\/accueil\/\"},{\"@type\":\"ListItem\",\"position\":2,\"name\":\"Belle Plagne\"}]},{\"@type\":\"WebSite\",\"@id\":\"https:\/\/oxygene.ski\/#website\",\"url\":\"https:\/\/oxygene.ski\/\",\"name\":\"Oxyg\u00e8ne Ski &amp; Snowboard School\",\"description\":\"\",\"potentialAction\":[{\"@type\":\"SearchAction\",\"target\":{\"@type\":\"EntryPoint\",\"urlTemplate\":\"https:\/\/oxygene.ski\/?s={search_term_string}\"},\"query-input\":\"required name=search_term_string\"}],\"inLanguage\":\"fr\"}]}<\/script>\n<!-- \/ Yoast SEO plugin. -->","yoast_head_json":{"title":"Belle Plagne | Oxyg\u00e8ne \u00c9cole de Ski & Snowboard","description":"Oxyg\u00e8ne Belle Plagne, votre \u00e9cole de ski qui propose un large \u00e9ventail de cours collectifs, de cours priv\u00e9s, de cours handiski et d'activit\u00e9s.","robots":{"index":"index","follow":"follow","max-snippet":"max-snippet:-1","max-image-preview":"max-image-preview:large","max-video-preview":"max-video-preview:-1"},"canonical":"https:\/\/oxygene.ski\/fr\/ecole-ski-belle-plagne\/","og_locale":"fr_FR","og_type":"article","og_title":"Belle Plagne | Oxyg\u00e8ne \u00c9cole de Ski & Snowboard","og_description":"Oxyg\u00e8ne Belle Plagne, votre \u00e9cole de ski qui propose un large \u00e9ventail de cours collectifs, de cours priv\u00e9s, de cours handiski et d'activit\u00e9s.","og_url":"https:\/\/oxygene.ski\/fr\/ecole-ski-belle-plagne\/","og_site_name":"Oxyg\u00e8ne Ski &amp; Snowboard School","article_publisher":"https:\/\/www.facebook.com\/OxygeneSki","article_modified_time":"2026-01-14T10:02:49+00:00","twitter_card":"summary_large_image","twitter_site":"@Oxygene_Ski","twitter_misc":{"Est. reading time":"5 minutes"},"schema":{"@context":"https:\/\/schema.org","@graph":[{"@type":"WebPage","@id":"https:\/\/oxygene.ski\/fr\/ecole-ski-belle-plagne\/","url":"https:\/\/oxygene.ski\/fr\/ecole-ski-belle-plagne\/","name":"Belle Plagne | Oxyg\u00e8ne \u00c9cole de Ski & Snowboard","isPartOf":{"@id":"https:\/\/oxygene.ski\/#website"},"datePublished":"2025-03-19T15:40:03+00:00","dateModified":"2026-01-14T10:02:49+00:00","description":"Oxyg\u00e8ne Belle Plagne, votre \u00e9cole de ski qui propose un large \u00e9ventail de cours collectifs, de cours priv\u00e9s, de cours handiski et d'activit\u00e9s.","breadcrumb":{"@id":"https:\/\/oxygene.ski\/fr\/ecole-ski-belle-plagne\/#breadcrumb"},"inLanguage":"fr","potentialAction":[{"@type":"ReadAction","target":["https:\/\/oxygene.ski\/fr\/ecole-ski-belle-plagne\/"]}]},{"@type":"BreadcrumbList","@id":"https:\/\/oxygene.ski\/fr\/ecole-ski-belle-plagne\/#breadcrumb","itemListElement":[{"@type":"ListItem","position":1,"name":"Home","item":"https:\/\/oxygene.ski\/fr\/accueil\/"},{"@type":"ListItem","position":2,"name":"Belle Plagne"}]},{"@type":"WebSite","@id":"https:\/\/oxygene.ski\/#website","url":"https:\/\/oxygene.ski\/","name":"Oxyg\u00e8ne Ski &amp; Snowboard School","description":"","potentialAction":[{"@type":"SearchAction","target":{"@type":"EntryPoint","urlTemplate":"https:\/\/oxygene.ski\/?s={search_term_string}"},"query-input":"required name=search_term_string"}],"inLanguage":"fr"}]}},"_links":{"self":[{"href":"https:\/\/oxygene.ski\/fr\/wp-json\/wp\/v2\/pages\/578797"}],"collection":[{"href":"https:\/\/oxygene.ski\/fr\/wp-json\/wp\/v2\/pages"}],"about":[{"href":"https:\/\/oxygene.ski\/fr\/wp-json\/wp\/v2\/types\/page"}],"author":[{"embeddable":true,"href":"https:\/\/oxygene.ski\/fr\/wp-json\/wp\/v2\/users\/7448"}],"replies":[{"embeddable":true,"href":"https:\/\/oxygene.ski\/fr\/wp-json\/wp\/v2\/comments?post=578797"}],"version-history":[{"count":29,"href":"https:\/\/oxygene.ski\/fr\/wp-json\/wp\/v2\/pages\/578797\/revisions"}],"predecessor-version":[{"id":582838,"href":"https:\/\/oxygene.ski\/fr\/wp-json\/wp\/v2\/pages\/578797\/revisions\/582838"}],"wp:attachment":[{"href":"https:\/\/oxygene.ski\/fr\/wp-json\/wp\/v2\/media?parent=578797"}],"curies":[{"name":"wp","href":"https:\/\/api.w.org\/{rel}","templated":true}]}}