{"id":578793,"date":"2025-03-19T16:12:19","date_gmt":"2025-03-19T15:12:19","guid":{"rendered":"https:\/\/oxygene.ski\/toutes-nos-stations\/"},"modified":"2026-03-02T09:57:32","modified_gmt":"2026-03-02T08:57:32","slug":"toutes-nos-stations","status":"publish","type":"page","link":"https:\/\/oxygene.ski\/fr\/toutes-nos-stations\/","title":{"rendered":"Toutes nos stations"},"content":{"rendered":"<p>[vc_row css=&#8221;.vc_custom_1757174841531{margin-top: 50px !important;margin-right: 5% !important;margin-left: 5% !important;}&#8221;][vc_column width=&#8221;1\/2&#8243; css=&#8221;.vc_custom_1757174855371{margin-top: 40px !important;}&#8221;][vc_column_text]<\/p>\n<h1 style=\"text-align: left;\"><span style=\"color: #00adef;\">D\u00c9COUVREZ TOUTES NOS STATIONS<\/span><\/h1>\n<p>[\/vc_column_text][vc_column_text css=&#8221;.vc_custom_1771930265275{margin-right: 30px !important;}&#8221;]Oxyg\u00e8ne propose des cours de ski et de snowboard dans 14 stations des Alpes fran\u00e7aises, pour tous les \u00e2ges et niveaux. Nos cours de ski et snowboard collectifs permettent de progresser en groupe, tandis que nos cours priv\u00e9s offrent une attention personnalis\u00e9e. Nous proposons \u00e9galement des cours de handiski pour tous.<\/p>\n<p>En plus des cours de ski, Oxyg\u00e8ne propose de nombreuses activit\u00e9s outdoor : Moonbikes, Super Luge derby, raquettes, VTT sur neige, parapente, et bien plus encore.<\/p>\n<p>D\u00e9couvrez toutes nos stations et vivez une exp\u00e9rience unique avec Oxyg\u00e8ne. Que vous soyez d\u00e9butant ou expert, enfant ou adulte, nous avons quelque chose pour chacun. Rejoignez-nous pour des moments de partage et de plaisir sur les plus belles pistes.[\/vc_column_text][\/vc_column][vc_column width=&#8221;1\/2&#8243; el_class=&#8221;image-column-remove-padding image-headband&#8221;][vc_single_image image=&#8221;581182&#8243; img_size=&#8221;full&#8221; el_class=&#8221;image-headband-frontpage&#8221;][\/vc_column][\/vc_row][vc_row][vc_column][vc_empty_space height=&#8221;75px&#8221;][\/vc_column][\/vc_row][vc_row css=&#8221;.vc_custom_1723112822449{margin-right: 5% !important;margin-left: 5% !important;}&#8221;][vc_column][vc_row_inner][vc_column_inner width=&#8221;1\/5&#8243;][vc_single_image image=&#8221;577005&#8243; img_size=&#8221;700&#215;400&#8243; onclick=&#8221;custom_link&#8221; img_link_target=&#8221;_blank&#8221; css=&#8221;.vc_custom_1725536065341{background-position: center !important;background-repeat: no-repeat !important;background-size: cover !important;}&#8221; link=&#8221;https:\/\/oxygene.ski\/fr\/ecole-ski-belle-plagne\/&#8221;][vc_column_text]<\/p>\n<h3 style=\"text-align: left;\"><span style=\"color: #00adef;\">BELLE PLAGNE<\/span><\/h3>\n<p>[\/vc_column_text][vc_column_text]<br \/>\nOuverture le 14 d\u00e9cembre 2025.<br \/>\nNous proposons des cours collectifs, des cours hors-piste, des cours priv\u00e9s, du snowboard, de l\u2019handiski et bien d\u2019autres activit\u00e9s.<br \/>\nVenez d\u00e9couvrir notre station de Belle Plagne !<br \/>\n[\/vc_column_text][vc_single_image image=&#8221;574182&#8243; img_size=&#8221;70X70&#8243; alignment=&#8221;center&#8221;][vc_btn title=&#8221;Visiter la station&#8221; style=&#8221;outline&#8221; color=&#8221;sky&#8221; align=&#8221;center&#8221; link=&#8221;url:https%3A%2F%2Foxygene.ski%2Ffr%2Fecole-ski-belle-plagne%2F|target:_blank|&#8221;][\/vc_column_inner][vc_column_inner width=&#8221;1\/5&#8243;][vc_single_image image=&#8221;577027&#8243; img_size=&#8221;700&#215;400&#8243; onclick=&#8221;custom_link&#8221; img_link_target=&#8221;_blank&#8221; css=&#8221;.vc_custom_1725884018291{background-position: center !important;background-repeat: no-repeat !important;background-size: cover !important;}&#8221; link=&#8221;https:\/\/oxygene.ski\/fr\/ecole-ski-courchevel\/&#8221;][vc_column_text]<\/p>\n<h3><span style=\"color: #00adef;\">COURCHEVEL<\/span><\/h3>\n<p>[\/vc_column_text][vc_column_text]<br \/>\nOuverture le 6 d\u00e9cembre 2025.<br \/>\nNous proposons des cours collectifs, des cours hors-piste, des cours priv\u00e9s, du snowboard et de l\u2019handiski.<br \/>\nVenez d\u00e9couvrir notre station de Courchevel !<br \/>\n[\/vc_column_text][vc_single_image image=&#8221;574184&#8243; img_size=&#8221;70X70&#8243; alignment=&#8221;center&#8221;][vc_btn title=&#8221;Visiter la station&#8221; style=&#8221;outline&#8221; color=&#8221;sky&#8221; align=&#8221;center&#8221; link=&#8221;url:https%3A%2F%2Foxygene.ski%2Ffr%2Fecole-ski-courchevel%2F|target:_blank|&#8221;][\/vc_column_inner][vc_column_inner width=&#8221;1\/5&#8243;][vc_single_image image=&#8221;577017&#8243; img_size=&#8221;700&#215;400&#8243; onclick=&#8221;custom_link&#8221; img_link_target=&#8221;_blank&#8221; css=&#8221;.vc_custom_1725541925326{background-position: center !important;background-repeat: no-repeat !important;background-size: cover !important;}&#8221; link=&#8221;https:\/\/oxygene.ski\/fr\/ecole-ski-la-plagne\/&#8221;][vc_column_text]<\/p>\n<h3><span style=\"color: #00adef;\">LA PLAGNE<\/span><\/h3>\n<p>[\/vc_column_text][vc_column_text]<br \/>\nOuverture le 14 d\u00e9cembre 2025.<br \/>\nNous proposons des cours collectifs, des cours hors-piste, des cours priv\u00e9s, du snowboard, de l\u2019handiski et bien d\u2019autres activit\u00e9s. Vous trouverez aussi un magasin de location o\u00f9 vous trouverez tout l\u2019\u00e9quipement dont vous avez besoin, quel que soit votre style de ski.<br \/>\nVenez d\u00e9couvrir notre station de La Plagne !<br \/>\n[\/vc_column_text][vc_single_image image=&#8221;574188&#8243; img_size=&#8221;70X70&#8243; alignment=&#8221;center&#8221;][vc_btn title=&#8221;Visiter la station&#8221; style=&#8221;outline&#8221; color=&#8221;sky&#8221; align=&#8221;center&#8221; link=&#8221;url:https%3A%2F%2Foxygene.ski%2Ffr%2Fecole-ski-la-plagne%2F|target:_blank|&#8221;][\/vc_column_inner][vc_column_inner width=&#8221;1\/5&#8243;][vc_single_image image=&#8221;581296&#8243; img_size=&#8221;700&#215;400&#8243; onclick=&#8221;custom_link&#8221; img_link_target=&#8221;_blank&#8221; css=&#8221;.vc_custom_1757673602795{background-position: center !important;background-repeat: no-repeat !important;background-size: cover !important;}&#8221; link=&#8221;https:\/\/oxygene.ski\/fr\/ecole-ski-la-rosiere\/&#8221;][vc_column_text]<\/p>\n<h3><span style=\"color: #00adef;\">LA ROSI\u00c8RE<\/span><\/h3>\n<p>[\/vc_column_text][vc_column_text]<br \/>\nOuverture le 14 d\u00e9cembre 2025.<br \/>\nNous proposons des cours collectifs enfants, des cours hors-piste, des cours priv\u00e9s, du snowboard, de l\u2019handiski et du ski de randonn\u00e9e.<br \/>\nVenez d\u00e9couvrir notre station de La Rosi\u00e8re !<br \/>\n[\/vc_column_text][vc_single_image image=&#8221;574190&#8243; img_size=&#8221;80X80&#8243; alignment=&#8221;center&#8221;][vc_btn title=&#8221;Visiter la station&#8221; style=&#8221;outline&#8221; color=&#8221;sky&#8221; align=&#8221;center&#8221; link=&#8221;url:https%3A%2F%2Foxygene.ski%2Ffr%2Fecole-ski-la-rosiere%2F|target:_blank|&#8221;][\/vc_column_inner][vc_column_inner width=&#8221;1\/5&#8243;][vc_single_image image=&#8221;273437&#8243; img_size=&#8221;700&#215;400&#8243; onclick=&#8221;custom_link&#8221; img_link_target=&#8221;_blank&#8221; css=&#8221;.vc_custom_1725542345514{background-position: center !important;background-repeat: no-repeat !important;background-size: cover !important;}&#8221; link=&#8221;https:\/\/oxygene.ski\/fr\/ecole-ski-la-tania\/&#8221;][vc_column_text]<\/p>\n<h3><span style=\"color: #00adef;\">LA TANIA<\/span><\/h3>\n<p>[\/vc_column_text][vc_column_text]<br \/>\nOuverture le 6 d\u00e9cembre 2025.<br \/>\nNous proposons des cours collectifs, des cours priv\u00e9s, du snowboard et de l\u2019handiski.<br \/>\nVenez d\u00e9couvrir notre station \u00e0 La Tania !<br \/>\n[\/vc_column_text][vc_single_image image=&#8221;574192&#8243; img_size=&#8221;70X70&#8243; alignment=&#8221;center&#8221;][vc_btn title=&#8221;Visiter la station&#8221; style=&#8221;outline&#8221; color=&#8221;sky&#8221; align=&#8221;center&#8221; link=&#8221;url:https%3A%2F%2Foxygene.ski%2Ffr%2Fecole-ski-la-tania%2F|target:_blank|&#8221;][\/vc_column_inner][\/vc_row_inner][vc_empty_space height=&#8221;40px&#8221;][\/vc_column][\/vc_row][vc_row css=&#8221;.vc_custom_1723112822449{margin-right: 5% !important;margin-left: 5% !important;}&#8221;][vc_column][vc_row_inner gap=&#8221;15&#8243;][vc_column_inner width=&#8221;1\/5&#8243;][vc_single_image image=&#8221;581312&#8243; img_size=&#8221;700&#215;400&#8243; onclick=&#8221;custom_link&#8221; img_link_target=&#8221;_blank&#8221; css=&#8221;.vc_custom_1757673624912{background-position: center !important;background-repeat: no-repeat !important;background-size: cover !important;}&#8221; link=&#8221;https:\/\/oxygene.ski\/fr\/ecole-de-ski-les-menuires\/&#8221;][vc_column_text]<\/p>\n<h3><span style=\"color: #00adef;\">LES MENUIRES<\/span><\/h3>\n<p>[\/vc_column_text][vc_column_text]<br \/>\nOuverture le 6 d\u00e9cembre 2025.<br \/>\nNous proposons des cours collectifs, des cours hors-piste, des cours priv\u00e9s, du snowboard, de l\u2019handiski et bien d\u2019autres activit\u00e9s.<br \/>\nVenez d\u00e9couvrir notre station des Menuires !<br \/>\n[\/vc_column_text][vc_single_image image=&#8221;574194&#8243; img_size=&#8221;70X70&#8243; alignment=&#8221;center&#8221;][vc_btn title=&#8221;Visiter la station&#8221; style=&#8221;outline&#8221; color=&#8221;sky&#8221; align=&#8221;center&#8221; link=&#8221;url:https%3A%2F%2Foxygene.ski%2Ffr%2Fecole-de-ski-les-menuires%2F|target:_blank|&#8221;][\/vc_column_inner][vc_column_inner width=&#8221;1\/5&#8243;][vc_single_image image=&#8221;578351&#8243; img_size=&#8221;700&#215;400&#8243; onclick=&#8221;custom_link&#8221; img_link_target=&#8221;_blank&#8221; css=&#8221;.vc_custom_1740563116192{background-position: center !important;background-repeat: no-repeat !important;background-size: cover !important;}&#8221; link=&#8221;https:\/\/oxygene.ski\/fr\/ecole-ski-meribel\/&#8221;][vc_column_text]<\/p>\n<h3><span style=\"color: #00adef;\">M\u00c9RIBEL<\/span><\/h3>\n<p>[\/vc_column_text][vc_column_text]<br \/>\nOuverture le 6 d\u00e9cembre 2025<br \/>\nNous proposons des cours collectifs, des cours hors-piste, des cours priv\u00e9s, du snowboard, de l\u2019handiski et bien d\u2019autres activit\u00e9s.<br \/>\nVenez d\u00e9couvrir notre station de M\u00e9ribel !<br \/>\n[\/vc_column_text][vc_single_image image=&#8221;574198&#8243; img_size=&#8221;70X70&#8243; alignment=&#8221;center&#8221;][vc_btn title=&#8221;Visiter la station&#8221; style=&#8221;outline&#8221; color=&#8221;sky&#8221; align=&#8221;center&#8221; link=&#8221;url:https%3A%2F%2Foxygene.ski%2Ffr%2Fecole-ski-meribel%2F|target:_blank|&#8221;][\/vc_column_inner][vc_column_inner width=&#8221;1\/5&#8243;][vc_single_image image=&#8221;577050&#8243; img_size=&#8221;700&#215;400&#8243; onclick=&#8221;custom_link&#8221; img_link_target=&#8221;_blank&#8221; css=&#8221;.vc_custom_1725887264021{background-position: center !important;background-repeat: no-repeat !important;background-size: cover !important;}&#8221; link=&#8221;https:\/\/oxygene.ski\/fr\/ecole-ski-saint-martin-de-belleville\/&#8221;][vc_column_text]<\/p>\n<h3><span style=\"color: #00adef;\">SAINT MARTIN DE BELLEVILLE<\/span><\/h3>\n<p>[\/vc_column_text][vc_column_text]<br \/>\nOuverture le 14 d\u00e9cembre 2025.<br \/>\nNous proposons des cours priv\u00e9s et des cours hors-pistes.<br \/>\nVenez d\u00e9couvrir notre station de Saint Martin de Belleville !<br \/>\n[\/vc_column_text][vc_single_image image=&#8221;574200&#8243; img_size=&#8221;70X70&#8243; alignment=&#8221;center&#8221;][vc_btn title=&#8221;Visiter la station&#8221; style=&#8221;outline&#8221; color=&#8221;sky&#8221; align=&#8221;center&#8221; link=&#8221;url:https%3A%2F%2Foxygene.ski%2Ffr%2Fecole-ski-saint-martin-de-belleville%2F|target:_blank|&#8221;][\/vc_column_inner][vc_column_inner width=&#8221;1\/5&#8243;][vc_single_image image=&#8221;577037&#8243; img_size=&#8221;700&#215;400&#8243; onclick=&#8221;custom_link&#8221; img_link_target=&#8221;_blank&#8221; css=&#8221;.vc_custom_1725885267666{background-position: center !important;background-repeat: no-repeat !important;background-size: cover !important;}&#8221; link=&#8221;https:\/\/oxygene.ski\/fr\/ecole-ski-serre-chevalier\/&#8221;][vc_column_text]<\/p>\n<h3><span style=\"color: #00adef;\">SERRE CHEVALIER<\/span><\/h3>\n<p>[\/vc_column_text][vc_column_text]<br \/>\nOuverture le 7 d\u00e9cembre 2025.<br \/>\nNous proposons des cours collectifs, des cours hors-piste, des cours priv\u00e9s, du snowboard et bien d\u2019autres activit\u00e9s. Un magasin de location est \u00e9galement \u00e0 votre disposition, offrant tout l\u2019\u00e9quipement n\u00e9cessaire, quel que soit votre style de ski.<br \/>\nVenez d\u00e9couvrir notre station de Serre Chevalier !<br \/>\n[\/vc_column_text][vc_single_image image=&#8221;574210&#8243; img_size=&#8221;70X70&#8243; alignment=&#8221;center&#8221;][vc_btn title=&#8221;Visiter la station&#8221; style=&#8221;outline&#8221; color=&#8221;sky&#8221; align=&#8221;center&#8221; link=&#8221;url:https%3A%2F%2Foxygene.ski%2Ffr%2Fecole-ski-serre-chevalier%2F|target:_blank|&#8221;][\/vc_column_inner][vc_column_inner width=&#8221;1\/5&#8243;][vc_single_image image=&#8221;577041&#8243; img_size=&#8221;700&#215;400&#8243; onclick=&#8221;custom_link&#8221; img_link_target=&#8221;_blank&#8221; css=&#8221;.vc_custom_1725886052812{background-position: center !important;background-repeat: no-repeat !important;background-size: cover !important;}&#8221; link=&#8221;https:\/\/oxygene.ski\/fr\/ecole-ski-tignes\/&#8221;][vc_column_text]<\/p>\n<h3><span style=\"color: #00adef;\">TIGNES<\/span><\/h3>\n<p>[\/vc_column_text][vc_column_text]<br \/>\nOuverture le 23 novembre 2025.<br \/>\nNous proposons des cours collectifs, des cours hors-piste, des cours priv\u00e9s, du snowboard, de l\u2019handiski et bien d\u2019autres activit\u00e9s. Il y a \u00e9galement un magasin de ski o\u00f9 vous trouverez tout l\u2019\u00e9quipement dont vous avez besoin, quel que soit votre style de ski.<br \/>\nVenez d\u00e9couvrir notre station de Tignes !<br \/>\n[\/vc_column_text][vc_single_image image=&#8221;574202&#8243; img_size=&#8221;70X70&#8243; alignment=&#8221;center&#8221;][vc_btn title=&#8221;Visiter la station&#8221; style=&#8221;outline&#8221; color=&#8221;sky&#8221; align=&#8221;center&#8221; link=&#8221;url:https%3A%2F%2Foxygene.ski%2Ffr%2Fecole-ski-tignes%2F|target:_blank|&#8221;][\/vc_column_inner][\/vc_row_inner][vc_empty_space height=&#8221;40px&#8221;][\/vc_column][\/vc_row][vc_row css=&#8221;.vc_custom_1723112822449{margin-right: 5% !important;margin-left: 5% !important;}&#8221;][vc_column][vc_row_inner gap=&#8221;15&#8243;][vc_column_inner width=&#8221;1\/5&#8243;][vc_single_image image=&#8221;580965&#8243; img_size=&#8221;700&#215;400&#8243; onclick=&#8221;custom_link&#8221; img_link_target=&#8221;_blank&#8221; css=&#8221;.vc_custom_1756726575614{background-position: center !important;background-repeat: no-repeat !important;background-size: cover !important;}&#8221; link=&#8221;https:\/\/oxygene.ski\/fr\/ecole-ski-vallee-dubaye\/&#8221;][vc_column_text]<\/p>\n<h3><span style=\"color: #00adef;\">VALL\u00c9E D&#8217;UBAYE<\/span><\/h3>\n<p>[\/vc_column_text][vc_column_text]<br \/>\nOuverture le 14 d\u00e9cembre 2025.<br \/>\nNous proposons des cours hors-piste et des cours priv\u00e9s en ski ou snowboard.<br \/>\nVenez d\u00e9couvrir notre station de Vall\u00e9e d\u2019Ubaye !<br \/>\n[\/vc_column_text][vc_empty_space height=&#8221;30px&#8221;][vc_single_image image=&#8221;574206&#8243; img_size=&#8221;70X70&#8243; alignment=&#8221;center&#8221;][vc_btn title=&#8221;Visiter la station&#8221; style=&#8221;outline&#8221; color=&#8221;sky&#8221; align=&#8221;center&#8221; link=&#8221;url:https%3A%2F%2Foxygene.ski%2Ffr%2Fecole-ski-vallee-dubaye%2F|target:_blank|&#8221;][\/vc_column_inner][vc_column_inner width=&#8221;1\/5&#8243;][vc_single_image image=&#8221;580379&#8243; img_size=&#8221;700&#215;400&#8243; onclick=&#8221;custom_link&#8221; img_link_target=&#8221;_blank&#8221; css=&#8221;.vc_custom_1755164652124{background-position: center !important;background-repeat: no-repeat !important;background-size: cover !important;}&#8221; link=&#8221;https:\/\/oxygene.ski\/fr\/ecole-de-ski-val-d-isere\/&#8221;][vc_column_text]<\/p>\n<h3><span style=\"color: #00adef;\">VAL D&#8217;IS\u00c8RE<\/span><\/h3>\n<p>[\/vc_column_text][vc_column_text]<br \/>\nOuverture le 30 novembre 2025.<br \/>\nNous proposons des cours collectifs, des cours hors-piste, des cours priv\u00e9s, du snowboard, de l\u2019handiski et bien d\u2019autres activit\u00e9s. Vous trouverez aussi un magasin de location o\u00f9 vous trouverez tout l\u2019\u00e9quipement dont vous avez besoin, quel que soit votre style de ski.<br \/>\nVenez d\u00e9couvrir notre station de Val d\u2019Is\u00e8re !<br \/>\n[\/vc_column_text][vc_single_image image=&#8221;574204&#8243; img_size=&#8221;70X70&#8243; alignment=&#8221;center&#8221;][vc_btn title=&#8221;Visiter la station&#8221; style=&#8221;outline&#8221; color=&#8221;sky&#8221; align=&#8221;center&#8221; link=&#8221;url:https%3A%2F%2Foxygene.ski%2Ffr%2Fecole-de-ski-val-d-isere%2F|target:_blank|&#8221;][\/vc_column_inner][vc_column_inner width=&#8221;1\/5&#8243;][vc_single_image image=&#8221;581478&#8243; img_size=&#8221;700&#215;400&#8243; onclick=&#8221;custom_link&#8221; img_link_target=&#8221;_blank&#8221; css=&#8221;.vc_custom_1757673649957{background-position: center !important;background-repeat: no-repeat !important;background-size: cover !important;}&#8221; link=&#8221;https:\/\/oxygene.ski\/fr\/ecole-ski-val-thorens\/&#8221;][vc_column_text]<\/p>\n<h3><span style=\"color: #00adef;\">VAL THORENS<\/span><\/h3>\n<p>[\/vc_column_text][vc_column_text]<br \/>\nOuverture le 23 novembre 2025.<br \/>\nNous proposons des cours collectifs, des cours hors-piste, des cours priv\u00e9s, du snowboard, de l\u2019handiski et bien d\u2019autres activit\u00e9s.<br \/>\nVenez d\u00e9couvrir notre station de Val Thorens !<br \/>\n[\/vc_column_text][vc_empty_space height=&#8221;20px&#8221;][vc_single_image image=&#8221;574208&#8243; img_size=&#8221;70X70&#8243; alignment=&#8221;center&#8221;][vc_btn title=&#8221;Visiter la station&#8221; style=&#8221;outline&#8221; color=&#8221;sky&#8221; align=&#8221;center&#8221; link=&#8221;url:https%3A%2F%2Foxygene.ski%2Ffr%2Fecole-ski-val-thorens%2F|target:_blank|&#8221;][\/vc_column_inner][vc_column_inner width=&#8221;1\/5&#8243;][\/vc_column_inner][vc_column_inner width=&#8221;1\/5&#8243;][\/vc_column_inner][\/vc_row_inner][\/vc_column][\/vc_row][vc_row][vc_column][vc_empty_space height=&#8221;25px&#8221;][\/vc_column][\/vc_row][vc_row full_width=&#8221;stretch_row_content&#8221; css=&#8221;.vc_custom_1504801911540{margin-bottom: 100px !important;}&#8221;][vc_column css=&#8221;.vc_custom_1477064948982{padding-right: 5% !important;padding-left: 5% !important;background-color: #00adef !important;}&#8221;][vc_empty_space height=&#8221;25px&#8221;][vc_custom_heading text=&#8221; OXYG\u00c8NE EST FIER DE S&#8217;ASSOCIER \u00c0 OXYSKI, \u00c9COLES DE SKI ET DE SNOWBOARD EN HAUTE-SAVOIE.&#8221; font_container=&#8221;tag:h2|text_align:center|color:%23ffffff&#8221; use_theme_fonts=&#8221;yes&#8221; css_animation=&#8221;none&#8221; css=&#8221;.vc_custom_1770710730167{padding-right: 4% !important;padding-left: 4% !important;}&#8221; link=&#8221;url:https%3A%2F%2Foxyski.com%2Ffr%2F|target:_blank|&#8221;][vc_empty_space height=&#8221;25px&#8221;][\/vc_column][\/vc_row][vc_row][vc_column][vc_empty_space height=&#8221;25px&#8221;][\/vc_column][\/vc_row]<\/p>\n","protected":false},"excerpt":{"rendered":"<p>[vc_row css=&#8221;.vc_custom_1757174841531{margin-top: 50px !important;margin-right: 5% !important;margin-left: 5% !important;}&#8221;][vc_column width=&#8221;1\/2&#8243; css=&#8221;.vc_custom_1757174855371{margin-top: 40px !important;}&#8221;][vc_column_text] D\u00c9COUVREZ TOUTES NOS STATIONS [\/vc_column_text][vc_column_text css=&#8221;.vc_custom_1771930265275{margin-right: 30px !important;}&#8221;]Oxyg\u00e8ne propose des cours de ski et de snowboard dans 14 stations des Alpes fran\u00e7aises, pour tous les \u00e2ges et niveaux. Nos cours de ski et snowboard collectifs permettent de progresser en groupe, tandis que nos [&hellip;]<\/p>\n","protected":false},"author":7448,"featured_media":0,"parent":0,"menu_order":19,"comment_status":"closed","ping_status":"closed","template":"page-full-width.php","meta":{"footnotes":""},"yoast_head":"<!-- This site is optimized with the Yoast SEO plugin v22.2 - https:\/\/yoast.com\/wordpress\/plugins\/seo\/ -->\n<title>Toutes nos stations | Oxyg\u00e8ne \u00c9cole de Ski &amp; Snowboard<\/title>\n<meta name=\"description\" content=\"D\u00e9couvrez toutes nos stations de ski ! L&#039;\u00e9quipe d&#039;Oxyg\u00e8ne est disponible toute l\u2019ann\u00e9e et nous serons ravis de mettre notre expertise \u00e0 votre disposition !\" \/>\n<meta name=\"robots\" content=\"index, follow, max-snippet:-1, max-image-preview:large, max-video-preview:-1\" \/>\n<link rel=\"canonical\" href=\"https:\/\/oxygene.ski\/fr\/toutes-nos-stations\/\" \/>\n<meta property=\"og:locale\" content=\"fr_FR\" \/>\n<meta property=\"og:type\" content=\"article\" \/>\n<meta property=\"og:title\" content=\"Toutes nos stations | Oxyg\u00e8ne \u00c9cole de Ski &amp; Snowboard\" \/>\n<meta property=\"og:description\" content=\"D\u00e9couvrez toutes nos stations de ski ! L&#039;\u00e9quipe d&#039;Oxyg\u00e8ne est disponible toute l\u2019ann\u00e9e et nous serons ravis de mettre notre expertise \u00e0 votre disposition !\" \/>\n<meta property=\"og:url\" content=\"https:\/\/oxygene.ski\/fr\/toutes-nos-stations\/\" \/>\n<meta property=\"og:site_name\" content=\"Oxyg\u00e8ne Ski &amp; Snowboard School\" \/>\n<meta property=\"article:publisher\" content=\"https:\/\/www.facebook.com\/OxygeneSki\" \/>\n<meta property=\"article:modified_time\" content=\"2026-03-02T08:57:32+00:00\" \/>\n<meta name=\"twitter:card\" content=\"summary_large_image\" \/>\n<meta name=\"twitter:site\" content=\"@Oxygene_Ski\" \/>\n<meta name=\"twitter:label1\" content=\"Est. reading time\" \/>\n\t<meta name=\"twitter:data1\" content=\"6 minutes\" \/>\n<script type=\"application\/ld+json\" class=\"yoast-schema-graph\">{\"@context\":\"https:\/\/schema.org\",\"@graph\":[{\"@type\":\"WebPage\",\"@id\":\"https:\/\/oxygene.ski\/fr\/toutes-nos-stations\/\",\"url\":\"https:\/\/oxygene.ski\/fr\/toutes-nos-stations\/\",\"name\":\"Toutes nos stations | Oxyg\u00e8ne \u00c9cole de Ski & Snowboard\",\"isPartOf\":{\"@id\":\"https:\/\/oxygene.ski\/#website\"},\"datePublished\":\"2025-03-19T15:12:19+00:00\",\"dateModified\":\"2026-03-02T08:57:32+00:00\",\"description\":\"D\u00e9couvrez toutes nos stations de ski ! L'\u00e9quipe d'Oxyg\u00e8ne est disponible toute l\u2019ann\u00e9e et nous serons ravis de mettre notre expertise \u00e0 votre disposition !\",\"breadcrumb\":{\"@id\":\"https:\/\/oxygene.ski\/fr\/toutes-nos-stations\/#breadcrumb\"},\"inLanguage\":\"fr\",\"potentialAction\":[{\"@type\":\"ReadAction\",\"target\":[\"https:\/\/oxygene.ski\/fr\/toutes-nos-stations\/\"]}]},{\"@type\":\"BreadcrumbList\",\"@id\":\"https:\/\/oxygene.ski\/fr\/toutes-nos-stations\/#breadcrumb\",\"itemListElement\":[{\"@type\":\"ListItem\",\"position\":1,\"name\":\"Home\",\"item\":\"https:\/\/oxygene.ski\/fr\/accueil\/\"},{\"@type\":\"ListItem\",\"position\":2,\"name\":\"Toutes nos stations\"}]},{\"@type\":\"WebSite\",\"@id\":\"https:\/\/oxygene.ski\/#website\",\"url\":\"https:\/\/oxygene.ski\/\",\"name\":\"Oxyg\u00e8ne Ski &amp; Snowboard School\",\"description\":\"\",\"potentialAction\":[{\"@type\":\"SearchAction\",\"target\":{\"@type\":\"EntryPoint\",\"urlTemplate\":\"https:\/\/oxygene.ski\/?s={search_term_string}\"},\"query-input\":\"required name=search_term_string\"}],\"inLanguage\":\"fr\"}]}<\/script>\n<!-- \/ Yoast SEO plugin. -->","yoast_head_json":{"title":"Toutes nos stations | Oxyg\u00e8ne \u00c9cole de Ski & Snowboard","description":"D\u00e9couvrez toutes nos stations de ski ! L'\u00e9quipe d'Oxyg\u00e8ne est disponible toute l\u2019ann\u00e9e et nous serons ravis de mettre notre expertise \u00e0 votre disposition !","robots":{"index":"index","follow":"follow","max-snippet":"max-snippet:-1","max-image-preview":"max-image-preview:large","max-video-preview":"max-video-preview:-1"},"canonical":"https:\/\/oxygene.ski\/fr\/toutes-nos-stations\/","og_locale":"fr_FR","og_type":"article","og_title":"Toutes nos stations | Oxyg\u00e8ne \u00c9cole de Ski & Snowboard","og_description":"D\u00e9couvrez toutes nos stations de ski ! L'\u00e9quipe d'Oxyg\u00e8ne est disponible toute l\u2019ann\u00e9e et nous serons ravis de mettre notre expertise \u00e0 votre disposition !","og_url":"https:\/\/oxygene.ski\/fr\/toutes-nos-stations\/","og_site_name":"Oxyg\u00e8ne Ski &amp; Snowboard School","article_publisher":"https:\/\/www.facebook.com\/OxygeneSki","article_modified_time":"2026-03-02T08:57:32+00:00","twitter_card":"summary_large_image","twitter_site":"@Oxygene_Ski","twitter_misc":{"Est. reading time":"6 minutes"},"schema":{"@context":"https:\/\/schema.org","@graph":[{"@type":"WebPage","@id":"https:\/\/oxygene.ski\/fr\/toutes-nos-stations\/","url":"https:\/\/oxygene.ski\/fr\/toutes-nos-stations\/","name":"Toutes nos stations | Oxyg\u00e8ne \u00c9cole de Ski & Snowboard","isPartOf":{"@id":"https:\/\/oxygene.ski\/#website"},"datePublished":"2025-03-19T15:12:19+00:00","dateModified":"2026-03-02T08:57:32+00:00","description":"D\u00e9couvrez toutes nos stations de ski ! L'\u00e9quipe d'Oxyg\u00e8ne est disponible toute l\u2019ann\u00e9e et nous serons ravis de mettre notre expertise \u00e0 votre disposition !","breadcrumb":{"@id":"https:\/\/oxygene.ski\/fr\/toutes-nos-stations\/#breadcrumb"},"inLanguage":"fr","potentialAction":[{"@type":"ReadAction","target":["https:\/\/oxygene.ski\/fr\/toutes-nos-stations\/"]}]},{"@type":"BreadcrumbList","@id":"https:\/\/oxygene.ski\/fr\/toutes-nos-stations\/#breadcrumb","itemListElement":[{"@type":"ListItem","position":1,"name":"Home","item":"https:\/\/oxygene.ski\/fr\/accueil\/"},{"@type":"ListItem","position":2,"name":"Toutes nos stations"}]},{"@type":"WebSite","@id":"https:\/\/oxygene.ski\/#website","url":"https:\/\/oxygene.ski\/","name":"Oxyg\u00e8ne Ski &amp; Snowboard School","description":"","potentialAction":[{"@type":"SearchAction","target":{"@type":"EntryPoint","urlTemplate":"https:\/\/oxygene.ski\/?s={search_term_string}"},"query-input":"required name=search_term_string"}],"inLanguage":"fr"}]}},"_links":{"self":[{"href":"https:\/\/oxygene.ski\/fr\/wp-json\/wp\/v2\/pages\/578793"}],"collection":[{"href":"https:\/\/oxygene.ski\/fr\/wp-json\/wp\/v2\/pages"}],"about":[{"href":"https:\/\/oxygene.ski\/fr\/wp-json\/wp\/v2\/types\/page"}],"author":[{"embeddable":true,"href":"https:\/\/oxygene.ski\/fr\/wp-json\/wp\/v2\/users\/7448"}],"replies":[{"embeddable":true,"href":"https:\/\/oxygene.ski\/fr\/wp-json\/wp\/v2\/comments?post=578793"}],"version-history":[{"count":64,"href":"https:\/\/oxygene.ski\/fr\/wp-json\/wp\/v2\/pages\/578793\/revisions"}],"predecessor-version":[{"id":583146,"href":"https:\/\/oxygene.ski\/fr\/wp-json\/wp\/v2\/pages\/578793\/revisions\/583146"}],"wp:attachment":[{"href":"https:\/\/oxygene.ski\/fr\/wp-json\/wp\/v2\/media?parent=578793"}],"curies":[{"name":"wp","href":"https:\/\/api.w.org\/{rel}","templated":true}]}}