{"id":578790,"date":"2025-03-19T16:00:55","date_gmt":"2025-03-19T15:00:55","guid":{"rendered":"https:\/\/oxygene.ski\/cours-collectifs-adultes-2\/"},"modified":"2026-03-19T14:59:37","modified_gmt":"2026-03-19T13:59:37","slug":"cours-collectifs-adultes","status":"publish","type":"page","link":"https:\/\/oxygene.ski\/fr\/cours-collectifs-adultes\/","title":{"rendered":"Cours collectifs adultes"},"content":{"rendered":"<p>[vc_row content_placement=&#8221;middle&#8221; css=&#8221;.vc_custom_1757185229476{background-position: center !important;background-repeat: no-repeat !important;background-size: cover !important;}&#8221;][vc_column el_class=&#8221;image-column-remove-padding image-headband&#8221;][vc_single_image image=&#8221;580232&#8243; img_size=&#8221;full&#8221; el_class=&#8221;image-headband-frontpage-main&#8221;][\/vc_column][\/vc_row][vc_row][vc_column][vc_empty_space height=&#8221;50px&#8221;][\/vc_column][\/vc_row][vc_row css=&#8221;.vc_custom_1721295204059{margin-right: 5% !important;margin-left: 5% !important;}&#8221;][vc_column width=&#8221;1\/2&#8243;][vc_empty_space height=&#8221;20px&#8221;][vc_column_text]<\/p>\n<h1 style=\"text-align: left;\"><span style=\"color: #00adef;\">COURS COLLECTIFS ADULTES<\/span><\/h1>\n<p>[\/vc_column_text][vc_column_text css=&#8221;.vc_custom_1754913886010{margin-right: 25% !important;}&#8221;]Dans la plupart de nos stations, nous proposons des cours collectifs pour adultes, adapt\u00e9s \u00e0 tous les \u00e2ges, go\u00fbts et niveaux. Que vous soyez d\u00e9butant en qu\u00eate de s\u00e9r\u00e9nit\u00e9 sur les pistes ou un expert \u00e0 la recherche de sensations fortes, nous r\u00e9alisons vos r\u00eaves de glisse en ski ou snowboard.<\/p>\n<p>Nous privil\u00e9gions les groupes r\u00e9duits pour que nos moniteurs Oxyg\u00e8ne puissent personnaliser leur enseignement en fonction de vous, et vous aide \u00e0 progresser en toute confiance et avec facilit\u00e9.[\/vc_column_text][vc_btn title=&#8221;Guide des niveaux&#8221; link=&#8221;url:https%3A%2F%2Foxygene.ski%2Ffr%2Fconnaitre-son-niveau-de-ski%2F|target:_blank|&#8221;][\/vc_column][vc_column width=&#8221;1\/2&#8243;][vc_row_inner gap=&#8221;35&#8243;][vc_column_inner width=&#8221;1\/2&#8243; css=&#8221;.vc_custom_1757185289010{background-position: center !important;background-repeat: no-repeat !important;background-size: cover !important;}&#8221;][vc_single_image image=&#8221;580289&#8243; img_size=&#8221;500&#215;335&#8243;][\/vc_column_inner][vc_column_inner width=&#8221;1\/2&#8243; css=&#8221;.vc_custom_1757185319290{background-position: center !important;background-repeat: no-repeat !important;background-size: cover !important;}&#8221;][vc_single_image image=&#8221;580280&#8243; img_size=&#8221;500&#215;335&#8243;][\/vc_column_inner][\/vc_row_inner][\/vc_column][\/vc_row][vc_row][vc_column][vc_empty_space height=&#8221;75px&#8221;][\/vc_column][\/vc_row][vc_row][vc_column css=&#8221;.vc_custom_1720507385365{margin-left: 10% !important;}&#8221;][vc_column_text]<\/p>\n<h2 style=\"text-align: left;\"><span style=\"color: #00adef;\">CLIQUEZ SUR LE LOGO DE VOTRE STATION PR\u00c9F\u00c9R\u00c9E POUR R\u00c9SERVER<\/span><\/h2>\n<p>[\/vc_column_text][\/vc_column][\/vc_row][vc_row][vc_column][vc_empty_space height=&#8221;20px&#8221;][\/vc_column][\/vc_row][vc_row css=&#8221;.vc_custom_1721292149420{margin-right: 5% !important;margin-left: 5% !important;}&#8221;][vc_column width=&#8221;1\/2&#8243;][vc_row_inner][vc_column_inner el_class=&#8221;border-radius: 30px;&#8221; width=&#8221;1\/4&#8243;][vc_single_image image=&#8221;574182&#8243; img_size=&#8221;100&#215;100&#8243; alignment=&#8221;center&#8221; onclick=&#8221;custom_link&#8221; img_link_target=&#8221;_blank&#8221; link=&#8221;https:\/\/booking.yoplanning.pro\/fb81cc49-1fdd-4c97-b605-cc7f668ad62c\/?tag=c4c51e33-c7d2-44bd-a864-611f859c49bf&#8221;][vc_btn title=&#8221;Belle Plagne&#8221; style=&#8221;outline&#8221; color=&#8221;sky&#8221; size=&#8221;sm&#8221; align=&#8221;center&#8221; link=&#8221;url:https%3A%2F%2Fbooking.yoplanning.pro%2Ffb81cc49-1fdd-4c97-b605-cc7f668ad62c%2F%3Ftag%3Dc4c51e33-c7d2-44bd-a864-611f859c49bf|target:_blank|&#8221;][\/vc_column_inner][vc_column_inner width=&#8221;1\/4&#8243; css=&#8221;.vc_custom_1724245659173{padding-right: 3% !important;padding-left: 3% !important;}&#8221;][vc_single_image image=&#8221;574188&#8243; img_size=&#8221;100&#215;100&#8243; alignment=&#8221;center&#8221;][vc_btn title=&#8221;La Plagne&#8221; style=&#8221;outline&#8221; color=&#8221;sky&#8221; size=&#8221;sm&#8221; align=&#8221;center&#8221; link=&#8221;url:https%3A%2F%2Fbooking.yoplanning.pro%2F4e1a2cf2-b77e-4bc7-9a1f-bd174f61282d%2F%3Ftag%3Dc4c51e33-c7d2-44bd-a864-611f859c49bf|target:_blank|&#8221;][\/vc_column_inner][vc_column_inner width=&#8221;1\/4&#8243;][vc_single_image image=&#8221;574194&#8243; img_size=&#8221;100&#215;100&#8243; alignment=&#8221;center&#8221;][vc_btn title=&#8221;Les Menuires&#8221; style=&#8221;outline&#8221; color=&#8221;sky&#8221; size=&#8221;sm&#8221; align=&#8221;center&#8221; link=&#8221;url:https%3A%2F%2Fbooking.yoplanning.pro%2F77738c58-6c53-4241-b88a-8f333097ccfd%2F%3Ftag%3Df19000c0-4b68-4ad8-83d0-3636ecdd5376|target:_blank|&#8221;][\/vc_column_inner][vc_column_inner width=&#8221;1\/4&#8243;][vc_single_image image=&#8221;574198&#8243; img_size=&#8221;100&#215;100&#8243; alignment=&#8221;center&#8221;][vc_btn title=&#8221;M\u00e9ribel&#8221; style=&#8221;outline&#8221; color=&#8221;sky&#8221; size=&#8221;sm&#8221; align=&#8221;center&#8221; link=&#8221;url:https%3A%2F%2Fbooking.yoplanning.pro%2F7dc573eb-50ed-4d8c-9879-8ffaf2ee922e%2F%3Ftag%3D66b3666b-7234-4d8c-86d9-658d3ba22369|target:_blank|&#8221;][\/vc_column_inner][\/vc_row_inner][\/vc_column][vc_column width=&#8221;1\/2&#8243;][vc_row_inner][vc_column_inner width=&#8221;1\/4&#8243;][vc_single_image image=&#8221;574210&#8243; img_size=&#8221;100&#215;100&#8243; alignment=&#8221;center&#8221;][vc_btn title=&#8221;Serre Chevalier&#8221; style=&#8221;outline&#8221; color=&#8221;sky&#8221; size=&#8221;sm&#8221; align=&#8221;center&#8221; link=&#8221;url:https%3A%2F%2Fbooking.yoplanning.pro%2F0f670fcf-0e6a-4dc5-b864-d53a102903cc%2F%3Ftag%3D43b796ad-b48d-4174-85f0-9692d1afb75f|target:_blank|&#8221;][\/vc_column_inner][vc_column_inner width=&#8221;1\/4&#8243;][vc_single_image image=&#8221;574202&#8243; img_size=&#8221;100&#215;100&#8243; alignment=&#8221;center&#8221;][vc_btn title=&#8221;Tignes&#8221; style=&#8221;outline&#8221; color=&#8221;sky&#8221; size=&#8221;sm&#8221; align=&#8221;center&#8221; link=&#8221;url:https%3A%2F%2Fbooking.yoplanning.pro%2F4fa00e28-3d2d-4916-97a6-75b8ce82acad%2F%3Ftag%3Df0eb74ed-2606-49e2-ad05-98937819e0bb|target:_blank|&#8221;][\/vc_column_inner][vc_column_inner width=&#8221;1\/4&#8243;][vc_single_image image=&#8221;574204&#8243; img_size=&#8221;100&#215;100&#8243; alignment=&#8221;center&#8221;][vc_btn title=&#8221;Val d&#8217;Is\u00e8re&#8221; style=&#8221;outline&#8221; color=&#8221;sky&#8221; size=&#8221;sm&#8221; align=&#8221;center&#8221; link=&#8221;url:https%3A%2F%2Fbooking.yoplanning.pro%2Fc5caa709-4c75-4ce9-a760-d60689a200e3%2F%3Ftag%3D71d0ba54-2e76-4acb-a592-10ea428726cc|target:_blank|&#8221;][\/vc_column_inner][vc_column_inner width=&#8221;1\/4&#8243;][vc_single_image image=&#8221;574208&#8243; img_size=&#8221;100&#215;100&#8243; alignment=&#8221;center&#8221;][vc_btn title=&#8221;Val Thorens&#8221; style=&#8221;outline&#8221; color=&#8221;sky&#8221; size=&#8221;sm&#8221; align=&#8221;center&#8221; link=&#8221;url:https%3A%2F%2Fbooking.yoplanning.pro%2Fb4f09821-cd27-4251-baae-9a784a04489e%2F%3Ftag%3D2ca22c11-7c24-4ff3-93b3-8108ddcbbc30|target:_blank|&#8221;][\/vc_column_inner][\/vc_row_inner][\/vc_column][\/vc_row][vc_row][vc_column][vc_empty_space height=&#8221;75px&#8221;][\/vc_column][\/vc_row][vc_row][vc_column][vc_row_inner][vc_column_inner width=&#8221;1\/2&#8243; css=&#8221;.vc_custom_1741855687316{padding-right: 10% !important;padding-left: 10% !important;}&#8221;][vc_column_text]<\/p>\n<p style=\"text-align: center;\"><strong><span style=\"color: #00adef;\">DES PETITS GROUPES<\/span><\/strong><\/p>\n<p style=\"text-align: center;\">Nous savons que les petits groupes pr\u00e9sentent un v\u00e9ritable avantage p\u00e9dagogique. Nos moniteurs qualifi\u00e9s et exp\u00e9riment\u00e9s peuvent ainsi affiner leur enseignement, et vous pouvez alors renforcer votre confiance et vos comp\u00e9tences.<\/p>\n<p>[\/vc_column_text][\/vc_column_inner][vc_column_inner width=&#8221;1\/2&#8243; css=&#8221;.vc_custom_1741855719266{padding-right: 10% !important;padding-left: 10% !important;}&#8221;][vc_column_text]<\/p>\n<p style=\"text-align: center;\"><span style=\"color: #00adef;\"><strong>TROUVEZ VOTRE NIVEAU<\/strong><\/span><\/p>\n<p style=\"text-align: center;\">Jetez un \u0153il sur notre guide des niveaux pour vous aider \u00e0 d\u00e9terminer le groupe dans lequel vous serez \u00e0 l\u2019aise. Toujours pas s\u00fbr ? Contactez-nous par t\u00e9l\u00e9phone ou mail, nous serons ravis de vous accompagner. Pour information, le niveau de chaque participant est \u00e9valu\u00e9 en d\u00e9but de cours fin de constituer des groupes homog\u00e8nes.<\/p>\n<p>[\/vc_column_text][\/vc_column_inner][\/vc_row_inner][vc_empty_space height=&#8221;75px&#8221;][\/vc_column][\/vc_row][vc_row css=&#8221;.vc_custom_1723624984231{margin-right: 5% !important;margin-left: 5% !important;}&#8221;][vc_column width=&#8221;1\/2&#8243;][vc_empty_space height=&#8221;20px&#8221;][vc_column_text css=&#8221;.vc_custom_1755178340746{margin-right: 5% !important;}&#8221;]<\/p>\n<h3><span style=\"color: #00adef;\">LE MEILLEUR POUR LES D\u00c9BUTANTS<\/span><\/h3>\n<p>&nbsp;<\/p>\n<p>Tout le monde commence un jour. Pour ceux qui d\u00e9couvrent les pistes, notre objectif est de renforcer leur confiance et leur technique, afin qu\u2019ils puissent progresser en toute s\u00e9r\u00e9nit\u00e9.<br \/>\nGr\u00e2ce \u00e0 nos moniteurs Oxyg\u00e8ne, bienveillants et \u00e0 l\u2019\u00e9coute, qui comprennent vos appr\u00e9hensions et vos besoins, nous commen\u00e7ons par les bases et poursuivons la progression \u00e0 partir de l\u00e0.<\/p>\n<div id=\"gtx-trans\" style=\"position: absolute; left: -68px; top: 103.516px;\">\n<div class=\"gtx-trans-icon\"><\/div>\n<\/div>\n<p>[\/vc_column_text][vc_column_text]<br \/>\n\u00cates-vous pr\u00eats pour une nouvelle aventure ?<br \/>\n[\/vc_column_text][\/vc_column][vc_column width=&#8221;1\/2&#8243; css=&#8221;.vc_custom_1757185359234{background-position: center !important;background-repeat: no-repeat !important;background-size: cover !important;}&#8221; el_class=&#8221;image-column-remove-padding image-headband&#8221;][vc_single_image image=&#8221;580285&#8243; img_size=&#8221;full&#8221; el_class=&#8221;image-headband-frontpage&#8221;][\/vc_column][\/vc_row][vc_row css=&#8221;.vc_custom_1723624984231{margin-right: 5% !important;margin-left: 5% !important;}&#8221;][vc_column width=&#8221;1\/2&#8243;][vc_empty_space height=&#8221;20px&#8221;][vc_column_text css=&#8221;.vc_custom_1773928013304{margin-right: 5% !important;}&#8221;]<\/p>\n<h3><span style=\"color: #00adef;\">TENT\u00c9 PAR UN COURS ADULTE HORS-PISTE ?<\/span><\/h3>\n<p>&nbsp;<\/p>\n<p><span style=\"font-weight: 400;\">Que vous soyez un skieur comp\u00e9tent sur toutes les pistes ou d\u00e9j\u00e0 \u00e0 l&#8217;aise \u00e0 100% en hors-piste, chez Oxyg\u00e8ne on vous propose des cours collectifs limit\u00e9s \u00e0 6 personnes pour aller rider sur les plus beaux hors-piste de la station accompagn\u00e9 d&#8217;un moniteur passionn\u00e9. L&#8217;objectif est que vous puissiez am\u00e9liorer vos connaissances et comp\u00e9tences en ski hors-piste tout en d\u00e9couvrant des zones hors des sentiers battus. Et on sait tous que l&#8217;\u00e9multion d&#8217;un groupe est un v\u00e9ritable plus pour se challenger et se d\u00e9passer, tout en prennant 100% de plaisir. <\/span><\/p>\n<p><span style=\"font-weight: 400;\">Alors convaincu ? rejoignez-nous pour un cours d\u00e9couverte hors-piste ou un cours Steep &amp; Deep !<\/span><\/p>\n<div id=\"gtx-trans\" style=\"position: absolute; left: -68px; top: 103.516px;\">\n<div class=\"gtx-trans-icon\"><\/div>\n<\/div>\n<p>[\/vc_column_text][\/vc_column][vc_column width=&#8221;1\/2&#8243; css=&#8221;.vc_custom_1757185359234{background-position: center !important;background-repeat: no-repeat !important;background-size: cover !important;}&#8221; el_class=&#8221;image-column-remove-padding image-headband&#8221;][vc_single_image image=&#8221;583224&#8243; img_size=&#8221;full&#8221; el_class=&#8221;image-headband-frontpage&#8221;][\/vc_column][\/vc_row][vc_row][vc_column][vc_empty_space height=&#8221;30px&#8221;][\/vc_column][\/vc_row]<\/p>\n","protected":false},"excerpt":{"rendered":"<p>[vc_row content_placement=&#8221;middle&#8221; css=&#8221;.vc_custom_1757185229476{background-position: center !important;background-repeat: no-repeat !important;background-size: cover !important;}&#8221;][vc_column el_class=&#8221;image-column-remove-padding image-headband&#8221;][vc_single_image image=&#8221;580232&#8243; img_size=&#8221;full&#8221; el_class=&#8221;image-headband-frontpage-main&#8221;][\/vc_column][\/vc_row][vc_row][vc_column][vc_empty_space height=&#8221;50px&#8221;][\/vc_column][\/vc_row][vc_row css=&#8221;.vc_custom_1721295204059{margin-right: 5% !important;margin-left: 5% !important;}&#8221;][vc_column width=&#8221;1\/2&#8243;][vc_empty_space height=&#8221;20px&#8221;][vc_column_text] COURS COLLECTIFS ADULTES [\/vc_column_text][vc_column_text css=&#8221;.vc_custom_1754913886010{margin-right: 25% !important;}&#8221;]Dans la plupart de nos stations, nous proposons des cours collectifs pour adultes, adapt\u00e9s \u00e0 tous les \u00e2ges, go\u00fbts et niveaux. Que vous soyez d\u00e9butant en qu\u00eate [&hellip;]<\/p>\n","protected":false},"author":7448,"featured_media":0,"parent":0,"menu_order":19,"comment_status":"closed","ping_status":"closed","template":"page-full-width.php","meta":{"footnotes":""},"yoast_head":"<!-- This site is optimized with the Yoast SEO plugin v22.2 - https:\/\/yoast.com\/wordpress\/plugins\/seo\/ -->\n<title>Cours collectifs adultes | Oxyg\u00e8ne \u00c9cole de Ski &amp; Snowboard<\/title>\n<meta name=\"description\" content=\"Gr\u00e2ce \u00e0 un enseignement convivial et des conseils adapt\u00e9s, partagez un cours collectif entre adultes, quel que soit votre niveau.\" \/>\n<meta name=\"robots\" content=\"index, follow, max-snippet:-1, max-image-preview:large, max-video-preview:-1\" \/>\n<link rel=\"canonical\" href=\"https:\/\/oxygene.ski\/fr\/cours-collectifs-adultes\/\" \/>\n<meta property=\"og:locale\" content=\"fr_FR\" \/>\n<meta property=\"og:type\" content=\"article\" \/>\n<meta property=\"og:title\" content=\"Cours collectifs adultes | Oxyg\u00e8ne \u00c9cole de Ski &amp; Snowboard\" \/>\n<meta property=\"og:description\" content=\"Gr\u00e2ce \u00e0 un enseignement convivial et des conseils adapt\u00e9s, partagez un cours collectif entre adultes, quel que soit votre niveau.\" \/>\n<meta property=\"og:url\" content=\"https:\/\/oxygene.ski\/fr\/cours-collectifs-adultes\/\" \/>\n<meta property=\"og:site_name\" content=\"Oxyg\u00e8ne Ski &amp; Snowboard School\" \/>\n<meta property=\"article:publisher\" content=\"https:\/\/www.facebook.com\/OxygeneSki\" \/>\n<meta property=\"article:modified_time\" content=\"2026-03-19T13:59:37+00:00\" \/>\n<meta name=\"twitter:card\" content=\"summary_large_image\" \/>\n<meta name=\"twitter:site\" content=\"@Oxygene_Ski\" \/>\n<meta name=\"twitter:label1\" content=\"Est. reading time\" \/>\n\t<meta name=\"twitter:data1\" content=\"3 minutes\" \/>\n<script type=\"application\/ld+json\" class=\"yoast-schema-graph\">{\"@context\":\"https:\/\/schema.org\",\"@graph\":[{\"@type\":\"WebPage\",\"@id\":\"https:\/\/oxygene.ski\/fr\/cours-collectifs-adultes\/\",\"url\":\"https:\/\/oxygene.ski\/fr\/cours-collectifs-adultes\/\",\"name\":\"Cours collectifs adultes | Oxyg\u00e8ne \u00c9cole de Ski & Snowboard\",\"isPartOf\":{\"@id\":\"https:\/\/oxygene.ski\/#website\"},\"datePublished\":\"2025-03-19T15:00:55+00:00\",\"dateModified\":\"2026-03-19T13:59:37+00:00\",\"description\":\"Gr\u00e2ce \u00e0 un enseignement convivial et des conseils adapt\u00e9s, partagez un cours collectif entre adultes, quel que soit votre niveau.\",\"breadcrumb\":{\"@id\":\"https:\/\/oxygene.ski\/fr\/cours-collectifs-adultes\/#breadcrumb\"},\"inLanguage\":\"fr\",\"potentialAction\":[{\"@type\":\"ReadAction\",\"target\":[\"https:\/\/oxygene.ski\/fr\/cours-collectifs-adultes\/\"]}]},{\"@type\":\"BreadcrumbList\",\"@id\":\"https:\/\/oxygene.ski\/fr\/cours-collectifs-adultes\/#breadcrumb\",\"itemListElement\":[{\"@type\":\"ListItem\",\"position\":1,\"name\":\"Home\",\"item\":\"https:\/\/oxygene.ski\/fr\/accueil\/\"},{\"@type\":\"ListItem\",\"position\":2,\"name\":\"Cours collectifs adultes\"}]},{\"@type\":\"WebSite\",\"@id\":\"https:\/\/oxygene.ski\/#website\",\"url\":\"https:\/\/oxygene.ski\/\",\"name\":\"Oxyg\u00e8ne Ski &amp; Snowboard School\",\"description\":\"\",\"potentialAction\":[{\"@type\":\"SearchAction\",\"target\":{\"@type\":\"EntryPoint\",\"urlTemplate\":\"https:\/\/oxygene.ski\/?s={search_term_string}\"},\"query-input\":\"required name=search_term_string\"}],\"inLanguage\":\"fr\"}]}<\/script>\n<!-- \/ Yoast SEO plugin. -->","yoast_head_json":{"title":"Cours collectifs adultes | Oxyg\u00e8ne \u00c9cole de Ski & Snowboard","description":"Gr\u00e2ce \u00e0 un enseignement convivial et des conseils adapt\u00e9s, partagez un cours collectif entre adultes, quel que soit votre niveau.","robots":{"index":"index","follow":"follow","max-snippet":"max-snippet:-1","max-image-preview":"max-image-preview:large","max-video-preview":"max-video-preview:-1"},"canonical":"https:\/\/oxygene.ski\/fr\/cours-collectifs-adultes\/","og_locale":"fr_FR","og_type":"article","og_title":"Cours collectifs adultes | Oxyg\u00e8ne \u00c9cole de Ski & Snowboard","og_description":"Gr\u00e2ce \u00e0 un enseignement convivial et des conseils adapt\u00e9s, partagez un cours collectif entre adultes, quel que soit votre niveau.","og_url":"https:\/\/oxygene.ski\/fr\/cours-collectifs-adultes\/","og_site_name":"Oxyg\u00e8ne Ski &amp; Snowboard School","article_publisher":"https:\/\/www.facebook.com\/OxygeneSki","article_modified_time":"2026-03-19T13:59:37+00:00","twitter_card":"summary_large_image","twitter_site":"@Oxygene_Ski","twitter_misc":{"Est. reading time":"3 minutes"},"schema":{"@context":"https:\/\/schema.org","@graph":[{"@type":"WebPage","@id":"https:\/\/oxygene.ski\/fr\/cours-collectifs-adultes\/","url":"https:\/\/oxygene.ski\/fr\/cours-collectifs-adultes\/","name":"Cours collectifs adultes | Oxyg\u00e8ne \u00c9cole de Ski & Snowboard","isPartOf":{"@id":"https:\/\/oxygene.ski\/#website"},"datePublished":"2025-03-19T15:00:55+00:00","dateModified":"2026-03-19T13:59:37+00:00","description":"Gr\u00e2ce \u00e0 un enseignement convivial et des conseils adapt\u00e9s, partagez un cours collectif entre adultes, quel que soit votre niveau.","breadcrumb":{"@id":"https:\/\/oxygene.ski\/fr\/cours-collectifs-adultes\/#breadcrumb"},"inLanguage":"fr","potentialAction":[{"@type":"ReadAction","target":["https:\/\/oxygene.ski\/fr\/cours-collectifs-adultes\/"]}]},{"@type":"BreadcrumbList","@id":"https:\/\/oxygene.ski\/fr\/cours-collectifs-adultes\/#breadcrumb","itemListElement":[{"@type":"ListItem","position":1,"name":"Home","item":"https:\/\/oxygene.ski\/fr\/accueil\/"},{"@type":"ListItem","position":2,"name":"Cours collectifs adultes"}]},{"@type":"WebSite","@id":"https:\/\/oxygene.ski\/#website","url":"https:\/\/oxygene.ski\/","name":"Oxyg\u00e8ne Ski &amp; Snowboard School","description":"","potentialAction":[{"@type":"SearchAction","target":{"@type":"EntryPoint","urlTemplate":"https:\/\/oxygene.ski\/?s={search_term_string}"},"query-input":"required name=search_term_string"}],"inLanguage":"fr"}]}},"_links":{"self":[{"href":"https:\/\/oxygene.ski\/fr\/wp-json\/wp\/v2\/pages\/578790"}],"collection":[{"href":"https:\/\/oxygene.ski\/fr\/wp-json\/wp\/v2\/pages"}],"about":[{"href":"https:\/\/oxygene.ski\/fr\/wp-json\/wp\/v2\/types\/page"}],"author":[{"embeddable":true,"href":"https:\/\/oxygene.ski\/fr\/wp-json\/wp\/v2\/users\/7448"}],"replies":[{"embeddable":true,"href":"https:\/\/oxygene.ski\/fr\/wp-json\/wp\/v2\/comments?post=578790"}],"version-history":[{"count":35,"href":"https:\/\/oxygene.ski\/fr\/wp-json\/wp\/v2\/pages\/578790\/revisions"}],"predecessor-version":[{"id":583228,"href":"https:\/\/oxygene.ski\/fr\/wp-json\/wp\/v2\/pages\/578790\/revisions\/583228"}],"wp:attachment":[{"href":"https:\/\/oxygene.ski\/fr\/wp-json\/wp\/v2\/media?parent=578790"}],"curies":[{"name":"wp","href":"https:\/\/api.w.org\/{rel}","templated":true}]}}