{"id":578786,"date":"2025-03-19T11:52:35","date_gmt":"2025-03-19T10:52:35","guid":{"rendered":"https:\/\/oxygene.ski\/handiski-2\/"},"modified":"2025-12-10T16:53:41","modified_gmt":"2025-12-10T15:53:41","slug":"handiski","status":"publish","type":"page","link":"https:\/\/oxygene.ski\/fr\/handiski\/","title":{"rendered":"Handiski"},"content":{"rendered":"<p>[vc_row content_placement=&#8221;middle&#8221; css=&#8221;.vc_custom_1757183948954{background-position: center !important;background-repeat: no-repeat !important;background-size: cover !important;}&#8221;][vc_column el_class=&#8221;image-column-remove-padding image-headband&#8221;][vc_single_image image=&#8221;580245&#8243; img_size=&#8221;full&#8221; el_class=&#8221;image-headband-frontpage-main&#8221;][\/vc_column][\/vc_row][vc_row][vc_column][vc_empty_space height=&#8221;50px&#8221;][\/vc_column][\/vc_row][vc_row css=&#8221;.vc_custom_1721295204059{margin-right: 5% !important;margin-left: 5% !important;}&#8221;][vc_column width=&#8221;1\/2&#8243;][vc_empty_space height=&#8221;20px&#8221;][vc_column_text]<\/p>\n<h1 style=\"text-align: left;\"><span style=\"color: #00adef;\">HANDISKI<\/span><\/h1>\n<p>[\/vc_column_text][vc_column_text css=&#8221;.vc_custom_1741856614591{margin-right: 25% !important;}&#8221;]<br \/>\nOxyg\u00e8ne s\u2019engage \u00e0 rendre la glisse accessible \u00e0 tous les types de publics. C\u2019est pour \u00e7a que depuis plus de 20 ans, l\u2019\u00e9cole propose des cours d\u2019handiski. Oxyg\u00e8ne est, aujourd\u2019hui, un des leaders de cours d\u2019handiski, Ces cours qui s\u2019adressent aussi bien aux skieurs debout qu\u2019assis, et qui sont destin\u00e9s \u00e0 des personnes qui souhaitent d\u00e9couvrir ou reprendre le ski.<\/p>\n<p>Le handiski, c\u2019est d\u2019abord une palette d\u2019\u00e9motions peu communes pour les \u00e9l\u00e8ves et leurs moniteurs.<br \/>\n[\/vc_column_text][\/vc_column][vc_column width=&#8221;1\/2&#8243;][vc_row_inner][vc_column_inner width=&#8221;1\/2&#8243;][vc_single_image image=&#8221;580382&#8243; img_size=&#8221;500&#215;335&#8243;][\/vc_column_inner][vc_column_inner width=&#8221;1\/2&#8243;][vc_single_image image=&#8221;580384&#8243; img_size=&#8221;500&#215;335&#8243;][\/vc_column_inner][\/vc_row_inner][\/vc_column][\/vc_row][vc_row][vc_column][vc_empty_space height=&#8221;75px&#8221;][\/vc_column][\/vc_row][vc_row][vc_column css=&#8221;.vc_custom_1720507385365{margin-left: 10% !important;}&#8221;][vc_column_text]<\/p>\n<h2 style=\"text-align: left;\"><span style=\"color: #00adef;\">CLIQUEZ SUR LE LOGO DE VOTRE STATION PR\u00c9F\u00c9R\u00c9E POUR R\u00c9SERVER<\/span><\/h2>\n<p>[\/vc_column_text][\/vc_column][\/vc_row][vc_row css=&#8221;.vc_custom_1721292149420{margin-right: 5% !important;margin-left: 5% !important;}&#8221;][vc_column width=&#8221;1\/2&#8243;][vc_row_inner][vc_column_inner el_class=&#8221;border-radius: 30px;&#8221; width=&#8221;1\/5&#8243;][vc_single_image image=&#8221;574182&#8243; img_size=&#8221;100&#215;100&#8243; alignment=&#8221;center&#8221;][vc_btn title=&#8221;Belle Plagne&#8221; style=&#8221;outline&#8221; color=&#8221;sky&#8221; size=&#8221;sm&#8221; align=&#8221;center&#8221; link=&#8221;url:https%3A%2F%2Fbooking.yoplanning.pro%2Ffb81cc49-1fdd-4c97-b605-cc7f668ad62c%2F%3Ftag%3D5b12658d-b39e-40db-8405-2c53907e94ae|target:_blank|&#8221;][\/vc_column_inner][vc_column_inner width=&#8221;1\/5&#8243;][vc_single_image image=&#8221;574184&#8243; img_size=&#8221;100&#215;100&#8243; alignment=&#8221;center&#8221;][vc_btn title=&#8221;Courchevel&#8221; style=&#8221;outline&#8221; color=&#8221;sky&#8221; size=&#8221;sm&#8221; align=&#8221;center&#8221; link=&#8221;url:https%3A%2F%2Fbooking.yoplanning.pro%2Fade6a319-476d-44d1-b765-7a4ce5d1ab54%2F%3Ftag%3D2ebe6b76-2d16-4963-837e-01ff32f62387|target:_blank|&#8221;][\/vc_column_inner][vc_column_inner width=&#8221;1\/5&#8243;][vc_single_image image=&#8221;574188&#8243; img_size=&#8221;100&#215;100&#8243; alignment=&#8221;center&#8221;][vc_btn title=&#8221;La Plagne&#8221; style=&#8221;outline&#8221; color=&#8221;sky&#8221; size=&#8221;sm&#8221; align=&#8221;center&#8221; link=&#8221;url:https%3A%2F%2Fbooking.yoplanning.pro%2F4e1a2cf2-b77e-4bc7-9a1f-bd174f61282d%2F%3Ftag%3D5b12658d-b39e-40db-8405-2c53907e94ae|target:_blank|&#8221;][\/vc_column_inner][vc_column_inner width=&#8221;1\/5&#8243;][vc_single_image image=&#8221;574190&#8243; img_size=&#8221;100&#215;100&#8243; alignment=&#8221;center&#8221;][vc_btn title=&#8221;La Rosi\u00e8re&#8221; style=&#8221;outline&#8221; color=&#8221;sky&#8221; size=&#8221;sm&#8221; align=&#8221;center&#8221; link=&#8221;url:https%3A%2F%2Fbooking.yoplanning.pro%2Fb5f68318-52f9-47b4-80bb-a06da3a19ee5%2F%3Ftag%3D0e820ed7-7e24-4100-b86a-ec3619a817b8|target:_blank|&#8221;][\/vc_column_inner][vc_column_inner width=&#8221;1\/5&#8243;][vc_single_image image=&#8221;574194&#8243; img_size=&#8221;100&#215;100&#8243; alignment=&#8221;center&#8221;][vc_btn title=&#8221;Les Menuires&#8221; style=&#8221;outline&#8221; color=&#8221;sky&#8221; size=&#8221;sm&#8221; align=&#8221;center&#8221; link=&#8221;url:https%3A%2F%2Fbooking.yoplanning.pro%2F77738c58-6c53-4241-b88a-8f333097ccfd%2F%3Ftag%3D8360d208-ed00-4c2b-9178-d75fb0d7d17b|target:_blank|&#8221;][\/vc_column_inner][\/vc_row_inner][\/vc_column][vc_column width=&#8221;1\/2&#8243;][vc_row_inner][vc_column_inner width=&#8221;1\/5&#8243;][vc_single_image image=&#8221;574198&#8243; img_size=&#8221;100&#215;100&#8243; alignment=&#8221;center&#8221;][vc_btn title=&#8221;M\u00e9ribel&#8221; style=&#8221;outline&#8221; color=&#8221;sky&#8221; size=&#8221;sm&#8221; align=&#8221;center&#8221; link=&#8221;url:https%3A%2F%2Fbooking.yoplanning.pro%2F7dc573eb-50ed-4d8c-9879-8ffaf2ee922e%2F%3Ftag%3Dea5e5cca-f2f6-4590-8634-65e7f5bc98ae|target:_blank|&#8221;][\/vc_column_inner][vc_column_inner width=&#8221;1\/5&#8243;][vc_single_image image=&#8221;574202&#8243; img_size=&#8221;100&#215;100&#8243; alignment=&#8221;center&#8221;][vc_btn title=&#8221;Tignes&#8221; style=&#8221;outline&#8221; color=&#8221;sky&#8221; size=&#8221;sm&#8221; align=&#8221;center&#8221; link=&#8221;url:https%3A%2F%2Fbooking.yoplanning.pro%2F4fa00e28-3d2d-4916-97a6-75b8ce82acad%2F%3Ftag%3D690962a2-ca39-4f18-897a-62b1aaa4656c|target:_blank|&#8221;][\/vc_column_inner][vc_column_inner width=&#8221;1\/5&#8243;][vc_single_image image=&#8221;574204&#8243; img_size=&#8221;100&#215;100&#8243; alignment=&#8221;center&#8221;][vc_btn title=&#8221;Val d&#8217;Is\u00e8re&#8221; style=&#8221;outline&#8221; color=&#8221;sky&#8221; size=&#8221;sm&#8221; align=&#8221;center&#8221; link=&#8221;url:https%3A%2F%2Fbooking.yoplanning.pro%2Fc5caa709-4c75-4ce9-a760-d60689a200e3%2F%3Ftag%3D6154c6e9-2ac3-411f-8643-f08fb21af820|target:_blank|&#8221;][\/vc_column_inner][vc_column_inner width=&#8221;1\/5&#8243;][vc_single_image image=&#8221;574208&#8243; img_size=&#8221;100&#215;100&#8243; alignment=&#8221;center&#8221;][vc_btn title=&#8221;Val Thorens&#8221; style=&#8221;outline&#8221; color=&#8221;sky&#8221; size=&#8221;sm&#8221; align=&#8221;center&#8221; link=&#8221;url:https%3A%2F%2Fbooking.yoplanning.pro%2Fb4f09821-cd27-4251-baae-9a784a04489e%2F%3Ftag%3D8360d208-ed00-4c2b-9178-d75fb0d7d17b|target:_blank|&#8221;][\/vc_column_inner][vc_column_inner width=&#8221;1\/5&#8243;][\/vc_column_inner][\/vc_row_inner][\/vc_column][\/vc_row][vc_row][vc_column][vc_empty_space height=&#8221;75px&#8221;][\/vc_column][\/vc_row][vc_row css=&#8221;.vc_custom_1753876865427{margin-left: 0px !important;}&#8221;][vc_column][vc_column_text css=&#8221;.vc_custom_1755180481628{margin-left: 5% !important;}&#8221;]<\/p>\n<h3 style=\"text-align: left;\"><span style=\"color: #00adef;\">LES DISCIPLINES DE L&#8217;HANDISKI<\/span><\/h3>\n<div id=\"gtx-trans\" style=\"position: absolute; left: 640px; top: 112.438px;\">\n<div class=\"gtx-trans-icon\"><\/div>\n<\/div>\n<p>[\/vc_column_text][vc_row_inner css=&#8221;.vc_custom_1720518778751{margin-left: 4% !important;}&#8221;][vc_column_inner width=&#8221;1\/4&#8243;][vc_single_image image=&#8221;580392&#8243; img_size=&#8221;400&#215;250&#8243; style=&#8221;vc_box_rounded&#8221; css=&#8221;.vc_custom_1755093724122{background-position: center !important;background-repeat: no-repeat !important;background-size: cover !important;}&#8221;][vc_column_text css=&#8221;.vc_custom_1755180064216{margin-right: 20% !important;}&#8221;]<span style=\"color: #00adef;\"><strong>Le ski assis<\/strong><\/span><\/p>\n<p>Pour les personnes en fauteuil roulant ou ayant une difficult\u00e9 \u00e0 coordonner leurs membres inf\u00e9rieurs, le ski assis est la solution qui vous permet de skier en autonomie.[\/vc_column_text][\/vc_column_inner][vc_column_inner width=&#8221;1\/4&#8243;][vc_single_image image=&#8221;581007&#8243; img_size=&#8221;400&#215;250&#8243; style=&#8221;vc_box_rounded&#8221; css=&#8221;.vc_custom_1756471976542{background-position: center !important;background-repeat: no-repeat !important;background-size: cover !important;}&#8221;][vc_column_text css=&#8221;.vc_custom_1755180075809{margin-right: 30% !important;}&#8221;]<span style=\"color: #00adef;\"><strong>Le dualski pilot\u00e9<\/strong><\/span><\/p>\n<p>Cette discipline est con\u00e7ue pour les personnes manquant de coordination. Cette pratique offre toutes les sensations du ski, et le skieur peut participer autant qu\u2019il le souhaite ou qu\u2019il le peut. Nous proposons \u00e9galement une formation pour devenir pilote de ski assis.[\/vc_column_text][\/vc_column_inner][vc_column_inner width=&#8221;1\/4&#8243;][vc_single_image image=&#8221;580382&#8243; img_size=&#8221;400&#215;250&#8243; style=&#8221;vc_box_rounded&#8221; css=&#8221;.vc_custom_1755093813438{background-position: center !important;background-repeat: no-repeat !important;background-size: cover !important;}&#8221;][vc_column_text css=&#8221;.vc_custom_1755180088327{margin-right: 30% !important;}&#8221;]<span style=\"color: #00adef;\"><strong>Ski debout adapt\u00e9<\/strong><\/span><\/p>\n<p>Le ski adapt\u00e9 debout s\u2019adresse \u00e0 toute personne capable de se maintenir en \u00e9quilibre sur une ou deux jambes avec une bonne coordination. Que vous soyez malvoyant, malentendant, amput\u00e9 ou partiellement paralys\u00e9, nous pouvons vous aider \u00e0 d\u00e9couvrir \u2013 ou red\u00e9couvrir \u2013 le plaisir du ski. Nous pouvons aussi accueillir des enfants autistes qui lesquels les cours collectifs peuvent ne pas \u00eatre adapt\u00e9s.[\/vc_column_text][\/vc_column_inner][vc_column_inner width=&#8221;1\/4&#8243;][vc_single_image image=&#8221;580394&#8243; img_size=&#8221;400&#215;250&#8243; style=&#8221;vc_box_rounded&#8221; css=&#8221;.vc_custom_1755093829438{background-position: center !important;background-repeat: no-repeat !important;background-size: cover !important;}&#8221;][vc_column_text css=&#8221;.vc_custom_1755180099773{margin-right: 30% !important;}&#8221;]<span style=\"color: #00adef;\"><strong>Tandem ski<\/strong><\/span><\/p>\n<p>Le Tandem de chez Tessier rend le ski assis accessible et agr\u00e9able \u00e0 tous ceux qui ne peuvent pas, ou ne souhaitent pas, skier de fa\u00e7on autonome. Confortablement install\u00e9 dans un large si\u00e8ge, laissez-vous guider par votre moniteur et profitez \u00e0 la fois des sensations de glisse et des vues spectaculaires sur la montagne.[\/vc_column_text][\/vc_column_inner][\/vc_row_inner][\/vc_column][\/vc_row][vc_row][vc_column][vc_empty_space height=&#8221;75px&#8221;][\/vc_column][\/vc_row][vc_row][vc_column][vc_row_inner][vc_column_inner width=&#8221;1\/2&#8243; css=&#8221;.vc_custom_1741856637061{padding-right: 10% !important;padding-left: 10% !important;}&#8221;][vc_column_text]<\/p>\n<div class=\"wpb_text_column wpb_content_element \">\n<div class=\"wpb_wrapper\">\n<div class=\"wpb_text_column wpb_content_element \">\n<div class=\"wpb_wrapper\">\n<p style=\"text-align: center;\"><span style=\"color: #00adef;\"><strong>GAGNEZ EN AUTONOMIE<\/strong><\/span><\/p>\n<p style=\"text-align: center;\">Nous disposons du mat\u00e9riel adapt\u00e9 et des meilleures techniques d\u2019enseignement pour vous aider \u00e0 gagner en ind\u00e9pendance sur la neige.<\/p>\n<\/div>\n<\/div>\n<\/div>\n<\/div>\n<p>[\/vc_column_text][\/vc_column_inner][vc_column_inner width=&#8221;1\/2&#8243; css=&#8221;.vc_custom_1741856656180{padding-right: 10% !important;padding-left: 10% !important;}&#8221;][vc_column_text]<\/p>\n<div class=\"wpb_text_column wpb_content_element \">\n<div class=\"wpb_wrapper\">\n<div class=\"wpb_text_column wpb_content_element \">\n<div class=\"wpb_wrapper\">\n<p style=\"text-align: center;\"><span style=\"color: #00adef;\"><strong>DES ANN\u00c9ES D&#8217;EXPERIENCE<\/strong><\/span><\/p>\n<p style=\"text-align: center;\">L\u2019handiski, chez nous, ce n\u2019est pas une exception. C\u2019est juste\u2026 int\u00e9gr\u00e9, normal, habituel. Depuis le d\u00e9but. Et c\u2019est ce naturel-l\u00e0 qui fait notre force. On skie avec tout le monde et on le fait depuis plus de 20 ans.<\/p>\n<\/div>\n<\/div>\n<\/div>\n<\/div>\n<p>[\/vc_column_text][\/vc_column_inner][\/vc_row_inner][vc_empty_space height=&#8221;75px&#8221;][\/vc_column][\/vc_row][vc_row css=&#8221;.vc_custom_1723662061363{margin-right: 5% !important;margin-left: 5% !important;}&#8221;][vc_column width=&#8221;1\/2&#8243;][vc_empty_space height=&#8221;20px&#8221;][vc_column_text css=&#8221;.vc_custom_1755180493147{margin-right: 10% !important;}&#8221;]<\/p>\n<h4><span style=\"color: #00adef;\">SP\u00c9CIALISTES DE L&#8217;HANDISKI<\/span><\/h4>\n<p>&nbsp;<\/p>\n<p data-start=\"134\" data-end=\"543\">Chez Oxyg\u00e8ne, nous mettons tout en \u0153uvre pour que chacun puisse profiter des plaisirs de la glisse. Chaque ann\u00e9e, nos moniteurs suivent une formation d\u00e9di\u00e9e au ski assis : ma\u00eetrise du mat\u00e9riel, techniques de ski adapt\u00e9es et p\u00e9dagogie sp\u00e9cifique. Bienveillants, patients et passionn\u00e9s, ils connaissent la montagne par c\u0153ur et savent transmettre leur savoir-faire en toute s\u00e9curit\u00e9 et avec le sourire.<\/p>\n<p data-start=\"545\" data-end=\"582\"><strong data-start=\"545\" data-end=\"580\">Un mat\u00e9riel qui s\u2019adapte \u00e0 vous<\/strong><\/p>\n<p data-start=\"584\" data-end=\"883\">Nous disposons d\u2019une flotte derni\u00e8re g\u00e9n\u00e9ration de fauteuils Tessier \u2013 Uniski et Dualski \u2013 avec plusieurs tailles de si\u00e8ges et stabilisateurs, pour s\u2019adapter \u00e0 tous les profils. Nous proposons aussi des casques \u00e9quip\u00e9s de radios, id\u00e9als pour les skieurs malvoyants afin de skier en toute s\u00e9r\u00e9nit\u00e9.<\/p>\n<p>[\/vc_column_text][\/vc_column][vc_column width=&#8221;1\/2&#8243; css=&#8221;.vc_custom_1757184713083{background-position: center !important;background-repeat: no-repeat !important;background-size: cover !important;}&#8221; el_class=&#8221;image-column-remove-padding image-headband&#8221;][vc_single_image image=&#8221;580386&#8243; img_size=&#8221;full&#8221; el_class=&#8221;image-headband-frontpage&#8221;][\/vc_column][\/vc_row][vc_row][vc_column][vc_empty_space height=&#8221;20px&#8221;][\/vc_column][\/vc_row][vc_row][vc_column][vc_empty_space height=&#8221;30px&#8221;][\/vc_column][\/vc_row]<\/p>\n","protected":false},"excerpt":{"rendered":"<p>[vc_row content_placement=&#8221;middle&#8221; css=&#8221;.vc_custom_1757183948954{background-position: center !important;background-repeat: no-repeat !important;background-size: cover !important;}&#8221;][vc_column el_class=&#8221;image-column-remove-padding image-headband&#8221;][vc_single_image image=&#8221;580245&#8243; img_size=&#8221;full&#8221; el_class=&#8221;image-headband-frontpage-main&#8221;][\/vc_column][\/vc_row][vc_row][vc_column][vc_empty_space height=&#8221;50px&#8221;][\/vc_column][\/vc_row][vc_row css=&#8221;.vc_custom_1721295204059{margin-right: 5% !important;margin-left: 5% !important;}&#8221;][vc_column width=&#8221;1\/2&#8243;][vc_empty_space height=&#8221;20px&#8221;][vc_column_text] HANDISKI [\/vc_column_text][vc_column_text css=&#8221;.vc_custom_1741856614591{margin-right: 25% !important;}&#8221;] Oxyg\u00e8ne s\u2019engage \u00e0 rendre la glisse accessible \u00e0 tous les types de publics. C\u2019est pour \u00e7a que depuis plus de 20 ans, l\u2019\u00e9cole propose des cours d\u2019handiski. Oxyg\u00e8ne [&hellip;]<\/p>\n","protected":false},"author":7448,"featured_media":0,"parent":0,"menu_order":19,"comment_status":"closed","ping_status":"closed","template":"page-full-width.php","meta":{"footnotes":""},"yoast_head":"<!-- This site is optimized with the Yoast SEO plugin v22.2 - https:\/\/yoast.com\/wordpress\/plugins\/seo\/ -->\n<title>Handiski | Oxyg\u00e8ne \u00c9cole de Ski &amp; Snowboard<\/title>\n<meta name=\"description\" content=\"Oxyg\u00e8ne rend le ski accessible \u00e0 tous depuis plusieurs ann\u00e9es. Nous proposons des cours adapt\u00e9s et personnalis\u00e9s en fonction de vos besoins.\" \/>\n<meta name=\"robots\" content=\"index, follow, max-snippet:-1, max-image-preview:large, max-video-preview:-1\" \/>\n<link rel=\"canonical\" href=\"https:\/\/oxygene.ski\/fr\/handiski\/\" \/>\n<meta property=\"og:locale\" content=\"fr_FR\" \/>\n<meta property=\"og:type\" content=\"article\" \/>\n<meta property=\"og:title\" content=\"Handiski | Oxyg\u00e8ne \u00c9cole de Ski &amp; Snowboard\" \/>\n<meta property=\"og:description\" content=\"Oxyg\u00e8ne rend le ski accessible \u00e0 tous depuis plusieurs ann\u00e9es. Nous proposons des cours adapt\u00e9s et personnalis\u00e9s en fonction de vos besoins.\" \/>\n<meta property=\"og:url\" content=\"https:\/\/oxygene.ski\/fr\/handiski\/\" \/>\n<meta property=\"og:site_name\" content=\"Oxyg\u00e8ne Ski &amp; Snowboard School\" \/>\n<meta property=\"article:publisher\" content=\"https:\/\/www.facebook.com\/OxygeneSki\" \/>\n<meta property=\"article:modified_time\" content=\"2025-12-10T15:53:41+00:00\" \/>\n<meta name=\"twitter:card\" content=\"summary_large_image\" \/>\n<meta name=\"twitter:site\" content=\"@Oxygene_Ski\" \/>\n<meta name=\"twitter:label1\" content=\"Est. reading time\" \/>\n\t<meta name=\"twitter:data1\" content=\"4 minutes\" \/>\n<script type=\"application\/ld+json\" class=\"yoast-schema-graph\">{\"@context\":\"https:\/\/schema.org\",\"@graph\":[{\"@type\":\"WebPage\",\"@id\":\"https:\/\/oxygene.ski\/fr\/handiski\/\",\"url\":\"https:\/\/oxygene.ski\/fr\/handiski\/\",\"name\":\"Handiski | Oxyg\u00e8ne \u00c9cole de Ski & Snowboard\",\"isPartOf\":{\"@id\":\"https:\/\/oxygene.ski\/#website\"},\"datePublished\":\"2025-03-19T10:52:35+00:00\",\"dateModified\":\"2025-12-10T15:53:41+00:00\",\"description\":\"Oxyg\u00e8ne rend le ski accessible \u00e0 tous depuis plusieurs ann\u00e9es. Nous proposons des cours adapt\u00e9s et personnalis\u00e9s en fonction de vos besoins.\",\"breadcrumb\":{\"@id\":\"https:\/\/oxygene.ski\/fr\/handiski\/#breadcrumb\"},\"inLanguage\":\"fr\",\"potentialAction\":[{\"@type\":\"ReadAction\",\"target\":[\"https:\/\/oxygene.ski\/fr\/handiski\/\"]}]},{\"@type\":\"BreadcrumbList\",\"@id\":\"https:\/\/oxygene.ski\/fr\/handiski\/#breadcrumb\",\"itemListElement\":[{\"@type\":\"ListItem\",\"position\":1,\"name\":\"Home\",\"item\":\"https:\/\/oxygene.ski\/fr\/accueil\/\"},{\"@type\":\"ListItem\",\"position\":2,\"name\":\"Handiski\"}]},{\"@type\":\"WebSite\",\"@id\":\"https:\/\/oxygene.ski\/#website\",\"url\":\"https:\/\/oxygene.ski\/\",\"name\":\"Oxyg\u00e8ne Ski &amp; Snowboard School\",\"description\":\"\",\"potentialAction\":[{\"@type\":\"SearchAction\",\"target\":{\"@type\":\"EntryPoint\",\"urlTemplate\":\"https:\/\/oxygene.ski\/?s={search_term_string}\"},\"query-input\":\"required name=search_term_string\"}],\"inLanguage\":\"fr\"}]}<\/script>\n<!-- \/ Yoast SEO plugin. -->","yoast_head_json":{"title":"Handiski | Oxyg\u00e8ne \u00c9cole de Ski & Snowboard","description":"Oxyg\u00e8ne rend le ski accessible \u00e0 tous depuis plusieurs ann\u00e9es. Nous proposons des cours adapt\u00e9s et personnalis\u00e9s en fonction de vos besoins.","robots":{"index":"index","follow":"follow","max-snippet":"max-snippet:-1","max-image-preview":"max-image-preview:large","max-video-preview":"max-video-preview:-1"},"canonical":"https:\/\/oxygene.ski\/fr\/handiski\/","og_locale":"fr_FR","og_type":"article","og_title":"Handiski | Oxyg\u00e8ne \u00c9cole de Ski & Snowboard","og_description":"Oxyg\u00e8ne rend le ski accessible \u00e0 tous depuis plusieurs ann\u00e9es. Nous proposons des cours adapt\u00e9s et personnalis\u00e9s en fonction de vos besoins.","og_url":"https:\/\/oxygene.ski\/fr\/handiski\/","og_site_name":"Oxyg\u00e8ne Ski &amp; Snowboard School","article_publisher":"https:\/\/www.facebook.com\/OxygeneSki","article_modified_time":"2025-12-10T15:53:41+00:00","twitter_card":"summary_large_image","twitter_site":"@Oxygene_Ski","twitter_misc":{"Est. reading time":"4 minutes"},"schema":{"@context":"https:\/\/schema.org","@graph":[{"@type":"WebPage","@id":"https:\/\/oxygene.ski\/fr\/handiski\/","url":"https:\/\/oxygene.ski\/fr\/handiski\/","name":"Handiski | Oxyg\u00e8ne \u00c9cole de Ski & Snowboard","isPartOf":{"@id":"https:\/\/oxygene.ski\/#website"},"datePublished":"2025-03-19T10:52:35+00:00","dateModified":"2025-12-10T15:53:41+00:00","description":"Oxyg\u00e8ne rend le ski accessible \u00e0 tous depuis plusieurs ann\u00e9es. Nous proposons des cours adapt\u00e9s et personnalis\u00e9s en fonction de vos besoins.","breadcrumb":{"@id":"https:\/\/oxygene.ski\/fr\/handiski\/#breadcrumb"},"inLanguage":"fr","potentialAction":[{"@type":"ReadAction","target":["https:\/\/oxygene.ski\/fr\/handiski\/"]}]},{"@type":"BreadcrumbList","@id":"https:\/\/oxygene.ski\/fr\/handiski\/#breadcrumb","itemListElement":[{"@type":"ListItem","position":1,"name":"Home","item":"https:\/\/oxygene.ski\/fr\/accueil\/"},{"@type":"ListItem","position":2,"name":"Handiski"}]},{"@type":"WebSite","@id":"https:\/\/oxygene.ski\/#website","url":"https:\/\/oxygene.ski\/","name":"Oxyg\u00e8ne Ski &amp; Snowboard School","description":"","potentialAction":[{"@type":"SearchAction","target":{"@type":"EntryPoint","urlTemplate":"https:\/\/oxygene.ski\/?s={search_term_string}"},"query-input":"required name=search_term_string"}],"inLanguage":"fr"}]}},"_links":{"self":[{"href":"https:\/\/oxygene.ski\/fr\/wp-json\/wp\/v2\/pages\/578786"}],"collection":[{"href":"https:\/\/oxygene.ski\/fr\/wp-json\/wp\/v2\/pages"}],"about":[{"href":"https:\/\/oxygene.ski\/fr\/wp-json\/wp\/v2\/types\/page"}],"author":[{"embeddable":true,"href":"https:\/\/oxygene.ski\/fr\/wp-json\/wp\/v2\/users\/7448"}],"replies":[{"embeddable":true,"href":"https:\/\/oxygene.ski\/fr\/wp-json\/wp\/v2\/comments?post=578786"}],"version-history":[{"count":32,"href":"https:\/\/oxygene.ski\/fr\/wp-json\/wp\/v2\/pages\/578786\/revisions"}],"predecessor-version":[{"id":582598,"href":"https:\/\/oxygene.ski\/fr\/wp-json\/wp\/v2\/pages\/578786\/revisions\/582598"}],"wp:attachment":[{"href":"https:\/\/oxygene.ski\/fr\/wp-json\/wp\/v2\/media?parent=578786"}],"curies":[{"name":"wp","href":"https:\/\/api.w.org\/{rel}","templated":true}]}}