{"id":578780,"date":"2025-03-19T11:37:55","date_gmt":"2025-03-19T10:37:55","guid":{"rendered":"https:\/\/oxygene.ski\/chalet-fitting-2\/"},"modified":"2025-11-25T11:05:21","modified_gmt":"2025-11-25T10:05:21","slug":"chalet-fitting","status":"publish","type":"page","link":"https:\/\/oxygene.ski\/fr\/chalet-fitting\/","title":{"rendered":"Chalet fitting"},"content":{"rendered":"<p>[vc_row content_placement=&#8221;middle&#8221; css=&#8221;.vc_custom_1757177306422{background-position: center !important;background-repeat: no-repeat !important;background-size: cover !important;}&#8221;][vc_column el_class=&#8221;image-column-remove-padding image-headband&#8221;][vc_single_image image=&#8221;581174&#8243; img_size=&#8221;full&#8221; el_class=&#8221;image-headband-frontpage-main&#8221;][\/vc_column][\/vc_row][vc_row][vc_column][vc_empty_space height=&#8221;50px&#8221;][\/vc_column][\/vc_row][vc_row css=&#8221;.vc_custom_1723198373777{margin-right: 5% !important;margin-left: 5% !important;}&#8221;][vc_column width=&#8221;1\/2&#8243;][vc_empty_space height=&#8221;20px&#8221;][vc_column_text]<\/p>\n<h1 style=\"text-align: left;\"><strong><span style=\"color: #00adef;\">VOTRE SKI SHOP \u00c0 DOMICILE<\/span><\/strong><\/h1>\n<p>[\/vc_column_text][vc_column_text css=&#8221;.vc_custom_1763133037478{margin-right: 10% !important;}&#8221;]Restez bien au chaud, nous nous occupons de tout !<br \/>\nR\u00e9servez simplement votre mat\u00e9riel en ligne, et nous vous livrerons le tout directement dans votre h\u00e9bergement. Notre team d\u2019experts vous fera ensuite essayer votre \u00e9quipement et effectuera les derniers r\u00e9glages. Ne perdez pas une seconde de vos vacances.<\/p>\n<p>Et en r\u00e9servant vos cours avec nous, vous b\u00e9n\u00e9ficierez d\u2019une r\u00e9duction sur notre service ski shop \u00e0 domicile.<\/p>\n<p>Alors, pourquoi ne pas vous faire plaisir et nous laisser nous charger de tout ? Contactez-nous directement par mail pour avoir de plus amples informations et r\u00e9server votre chalet fitting.[\/vc_column_text][vc_row_inner][vc_column_inner width=&#8221;1\/4&#8243;][vc_single_image image=&#8221;574182&#8243; img_size=&#8221;50&#215;50&#8243; alignment=&#8221;center&#8221; onclick=&#8221;custom_link&#8221; img_link_target=&#8221;_blank&#8221; css=&#8221;.vc_custom_1750944720183{background-position: center !important;background-repeat: no-repeat !important;background-size: cover !important;}&#8221; link=&#8221;https:\/\/oxygene.ski\/fr\/contactez-nous\/&#8221;][vc_btn title=&#8221;Belle Plagne&#8221; style=&#8221;outline&#8221; color=&#8221;sky&#8221; size=&#8221;sm&#8221; align=&#8221;center&#8221; link=&#8221;url:https%3A%2F%2Fbooking.yoplanning.pro%2Fcea1a98f-ab5b-4cc1-8148-e22794d240c2%2F|target:_blank|&#8221;][\/vc_column_inner][vc_column_inner width=&#8221;1\/4&#8243;][vc_single_image image=&#8221;574188&#8243; img_size=&#8221;50&#215;50&#8243; alignment=&#8221;center&#8221; css=&#8221;.vc_custom_1756727785334{background-position: center !important;background-repeat: no-repeat !important;background-size: cover !important;}&#8221;][vc_btn title=&#8221;La Plagne&#8221; style=&#8221;outline&#8221; color=&#8221;sky&#8221; size=&#8221;sm&#8221; align=&#8221;center&#8221; link=&#8221;url:https%3A%2F%2Fbooking.yoplanning.pro%2F00e10ee1-875b-45bf-92e7-3dc4a099616a%2F|target:_blank|&#8221;][\/vc_column_inner][vc_column_inner width=&#8221;1\/4&#8243;][vc_single_image image=&#8221;572593&#8243; img_size=&#8221;50&#215;50&#8243; alignment=&#8221;center&#8221; css=&#8221;.vc_custom_1756727829320{background-position: center !important;background-repeat: no-repeat !important;background-size: cover !important;}&#8221;][vc_btn title=&#8221;Tignes&#8221; style=&#8221;outline&#8221; color=&#8221;sky&#8221; size=&#8221;sm&#8221; align=&#8221;center&#8221; link=&#8221;url:mailto%3A%20tignes%40oxygene.ski|target:_blank|&#8221;][\/vc_column_inner][vc_column_inner width=&#8221;1\/4&#8243;][vc_single_image image=&#8221;572595&#8243; img_size=&#8221;50&#215;50&#8243; alignment=&#8221;center&#8221; css=&#8221;.vc_custom_1756727869228{background-position: center !important;background-repeat: no-repeat !important;background-size: cover !important;}&#8221;][vc_btn title=&#8221;Val d&#8217;Is\u00e8re&#8221; style=&#8221;outline&#8221; color=&#8221;sky&#8221; size=&#8221;sm&#8221; align=&#8221;center&#8221; link=&#8221;url:mailto%3A%20valdisere%40oxygene.ski|target:_blank|&#8221;][\/vc_column_inner][\/vc_row_inner][\/vc_column][vc_column width=&#8221;1\/2&#8243; el_class=&#8221;image-column-remove-padding image-headband&#8221;][vc_single_image image=&#8221;581204&#8243; img_size=&#8221;full&#8221; el_class=&#8221;image-headband-frontpage&#8221;][\/vc_column][\/vc_row][vc_row][vc_column][vc_empty_space height=&#8221;75px&#8221;][\/vc_column][\/vc_row][vc_row font_color=&#8221;#ffffff&#8221; css=&#8221;.vc_custom_1741944823506{background-position: center !important;background-repeat: no-repeat !important;background-size: cover !important;}&#8221; background_style=&#8221;normal&#8221;][vc_column css=&#8221;.vc_custom_1478025962609{padding-top: 0px !important;padding-right: 0px !important;padding-bottom: 0px !important;padding-left: 0px !important;}&#8221;][vc_row_inner type=&#8221;boxed&#8221; css=&#8221;.vc_custom_1741944802998{margin-right: 5% !important;margin-left: 5% !important;}&#8221;][vc_column_inner width=&#8221;1\/3&#8243;][vc_single_image image=&#8221;5118&#8243; img_size=&#8221;full&#8221; alignment=&#8221;center&#8221; css_animation=&#8221;top-to-bottom&#8221;][vc_column_text]<\/p>\n<p style=\"text-align: center;\"><span style=\"color: #00adef;\"><strong>PRATIQUE<\/strong><\/span><\/p>\n<p>[\/vc_column_text][vc_column_text css=&#8221;.vc_custom_1724157879055{padding-right: 20px !important;}&#8221;]<\/p>\n<p style=\"text-align: center;\">D\u00e9tendez-vous d\u00e8s votre arriv\u00e9e en station. Nous nous occupons de vous livrer vos \u00e9quipements le jour de votre arriv\u00e9e, en ayant pr\u00e9alablement choisi un cr\u00e9neau horaire pour vous faire essayer le mat\u00e9riel et effectuer les r\u00e9glages de derni\u00e8re minute.<\/p>\n<p>[\/vc_column_text][\/vc_column_inner][vc_column_inner width=&#8221;1\/3&#8243;][\/vc_column_inner][vc_column_inner width=&#8221;1\/3&#8243;][vc_single_image image=&#8221;5120&#8243; img_size=&#8221;full&#8221; alignment=&#8221;center&#8221; css_animation=&#8221;top-to-bottom&#8221;][vc_column_text]<\/p>\n<p style=\"text-align: center;\"><span style=\"color: #00adef;\"><strong>QUALIT\u00c9<\/strong><\/span><\/p>\n<p>[\/vc_column_text][vc_column_text css=&#8221;.vc_custom_1723624238202{padding-right: 20px !important;}&#8221;]<\/p>\n<p style=\"text-align: center;\">Nous vous proposons du mat\u00e9riel r\u00e9cent et fiable. Tous les skis et snowboards sont entretenus avec soin apr\u00e8s chaque location, tout comme les chaussures. Nous vous conseillons sur le meilleur \u00e9quipement pour votre niveau et vos envies.<\/p>\n<p>[\/vc_column_text][\/vc_column_inner][\/vc_row_inner][vc_empty_space height=&#8221;50px&#8221;][\/vc_column][\/vc_row][vc_row css=&#8221;.vc_custom_1723198373777{margin-right: 5% !important;margin-left: 5% !important;}&#8221;][vc_column width=&#8221;1\/2&#8243; css=&#8221;.vc_custom_1755598203323{padding-top: 50px !important;}&#8221;][vc_column_text]<\/p>\n<h2 style=\"text-align: left;\"><span style=\"color: #00adef;\">NOUS VOUS \u00c9QUIPONS DE LA T\u00caTE AUX PIEDS !<\/span><\/h2>\n<p>[\/vc_column_text][vc_column_text css=&#8221;.vc_custom_1755606732706{margin-right: 5% !important;}&#8221;]<strong>Rien \u00e0 g\u00e9rer, nous nous occupons de tout !<\/strong><\/p>\n<p>Fatigu\u00e9s du long voyage pour arriver jusqu\u2019\u00e0 votre logement en station ?<br \/>\nPas de panique. Vous n\u2019aurez pas \u00e0 courir au magasin, faire la queue, attendre des heures, r\u00e9cup\u00e9rer votre mat\u00e9riel et le porter jusqu\u2019\u00e0 chez vous.<\/p>\n<p>Faites confiance \u00e0 Oxyg\u00e8ne pour des vacances tout confort en toute simplicit\u00e9.[\/vc_column_text][\/vc_column][vc_column width=&#8221;1\/2&#8243; el_class=&#8221;image-column-remove-padding image-headband&#8221;][vc_single_image image=&#8221;581206&#8243; img_size=&#8221;full&#8221; el_class=&#8221;image-headband-frontpage&#8221;][\/vc_column][\/vc_row][vc_row][vc_column][vc_empty_space height=&#8221;75px&#8221;][\/vc_column][\/vc_row][vc_row content_placement=&#8221;middle&#8221;][vc_column css=&#8221;.vc_custom_1728896947292{padding-top: 140px !important;padding-bottom: 140px !important;background-image: url(https:\/\/oxygene.ski\/wp-content\/uploads\/2024\/08\/ox-website-equipment-ski-hire-location.jpg?id=576361) !important;background-position: center !important;background-repeat: no-repeat !important;background-size: cover !important;}&#8221;][vc_column_text css=&#8221;.vc_custom_1738925637245{margin-right: 10% !important;margin-left: 10% !important;}&#8221;]<\/p>\n<h3 style=\"color: white; text-align: center;\"><span style=\"color: #ffffff;\">LOCATION DE MAT\u00c9RIEL EN MAGASIN<\/span><\/h3>\n<p style=\"text-align: center;\"><span style=\"color: #ffffff;\">Laissez-nous vous \u00e9quiper de la t\u00eate aux pieds. Chaussures, skis, snowboards, skis hors-piste, skis de fond, splitboard et plus encore.<\/span><br \/>\n<span style=\"color: #ffffff;\">Nous vous proposons de la location de mat\u00e9riel de glisse pour tous les go\u00fbts et toute la famille.<\/span><\/p>\n<p style=\"text-align: center; color: white;\">\n<p>[\/vc_column_text][vc_btn title=&#8221;Plus d&#8217;information&#8221; align=&#8221;center&#8221; link=&#8221;url:https%3A%2F%2Foxygene.ski%2Ffr%2Flocation-materiel-ski-en-magasin%2F|target:_blank|&#8221;][\/vc_column][\/vc_row][vc_row][vc_column][vc_empty_space height=&#8221;30px&#8221;][\/vc_column][\/vc_row]<\/p>\n","protected":false},"excerpt":{"rendered":"<p>[vc_row content_placement=&#8221;middle&#8221; css=&#8221;.vc_custom_1757177306422{background-position: center !important;background-repeat: no-repeat !important;background-size: cover !important;}&#8221;][vc_column el_class=&#8221;image-column-remove-padding image-headband&#8221;][vc_single_image image=&#8221;581174&#8243; img_size=&#8221;full&#8221; el_class=&#8221;image-headband-frontpage-main&#8221;][\/vc_column][\/vc_row][vc_row][vc_column][vc_empty_space height=&#8221;50px&#8221;][\/vc_column][\/vc_row][vc_row css=&#8221;.vc_custom_1723198373777{margin-right: 5% !important;margin-left: 5% !important;}&#8221;][vc_column width=&#8221;1\/2&#8243;][vc_empty_space height=&#8221;20px&#8221;][vc_column_text] VOTRE SKI SHOP \u00c0 DOMICILE [\/vc_column_text][vc_column_text css=&#8221;.vc_custom_1763133037478{margin-right: 10% !important;}&#8221;]Restez bien au chaud, nous nous occupons de tout ! R\u00e9servez simplement votre mat\u00e9riel en ligne, et nous vous livrerons le tout directement dans votre [&hellip;]<\/p>\n","protected":false},"author":7448,"featured_media":0,"parent":0,"menu_order":9,"comment_status":"closed","ping_status":"closed","template":"page-full-width.php","meta":{"footnotes":""},"yoast_head":"<!-- This site is optimized with the Yoast SEO plugin v22.2 - https:\/\/yoast.com\/wordpress\/plugins\/seo\/ -->\n<title>Chalet fitting | Oxyg\u00e8ne \u00c9cole de Ski &amp; Snowboard<\/title>\n<meta name=\"description\" content=\"Avec le service chalet fitting d&#039;Oxyg\u00e8ne, votre mat\u00e9riel de ski et le technicien viennent \u00e0 vous : que demander de plus ?\" \/>\n<meta name=\"robots\" content=\"index, follow, max-snippet:-1, max-image-preview:large, max-video-preview:-1\" \/>\n<link rel=\"canonical\" href=\"https:\/\/oxygene.ski\/fr\/chalet-fitting\/\" \/>\n<meta property=\"og:locale\" content=\"fr_FR\" \/>\n<meta property=\"og:type\" content=\"article\" \/>\n<meta property=\"og:title\" content=\"Chalet fitting | Oxyg\u00e8ne \u00c9cole de Ski &amp; Snowboard\" \/>\n<meta property=\"og:description\" content=\"Avec le service chalet fitting d&#039;Oxyg\u00e8ne, votre mat\u00e9riel de ski et le technicien viennent \u00e0 vous : que demander de plus ?\" \/>\n<meta property=\"og:url\" content=\"https:\/\/oxygene.ski\/fr\/chalet-fitting\/\" \/>\n<meta property=\"og:site_name\" content=\"Oxyg\u00e8ne Ski &amp; Snowboard School\" \/>\n<meta property=\"article:publisher\" content=\"https:\/\/www.facebook.com\/OxygeneSki\" \/>\n<meta property=\"article:modified_time\" content=\"2025-11-25T10:05:21+00:00\" \/>\n<meta name=\"twitter:card\" content=\"summary_large_image\" \/>\n<meta name=\"twitter:site\" content=\"@Oxygene_Ski\" \/>\n<meta name=\"twitter:label1\" content=\"Est. reading time\" \/>\n\t<meta name=\"twitter:data1\" content=\"4 minutes\" \/>\n<script type=\"application\/ld+json\" class=\"yoast-schema-graph\">{\"@context\":\"https:\/\/schema.org\",\"@graph\":[{\"@type\":\"WebPage\",\"@id\":\"https:\/\/oxygene.ski\/fr\/chalet-fitting\/\",\"url\":\"https:\/\/oxygene.ski\/fr\/chalet-fitting\/\",\"name\":\"Chalet fitting | Oxyg\u00e8ne \u00c9cole de Ski & Snowboard\",\"isPartOf\":{\"@id\":\"https:\/\/oxygene.ski\/#website\"},\"datePublished\":\"2025-03-19T10:37:55+00:00\",\"dateModified\":\"2025-11-25T10:05:21+00:00\",\"description\":\"Avec le service chalet fitting d'Oxyg\u00e8ne, votre mat\u00e9riel de ski et le technicien viennent \u00e0 vous : que demander de plus ?\",\"breadcrumb\":{\"@id\":\"https:\/\/oxygene.ski\/fr\/chalet-fitting\/#breadcrumb\"},\"inLanguage\":\"fr\",\"potentialAction\":[{\"@type\":\"ReadAction\",\"target\":[\"https:\/\/oxygene.ski\/fr\/chalet-fitting\/\"]}]},{\"@type\":\"BreadcrumbList\",\"@id\":\"https:\/\/oxygene.ski\/fr\/chalet-fitting\/#breadcrumb\",\"itemListElement\":[{\"@type\":\"ListItem\",\"position\":1,\"name\":\"Home\",\"item\":\"https:\/\/oxygene.ski\/fr\/accueil\/\"},{\"@type\":\"ListItem\",\"position\":2,\"name\":\"Chalet fitting\"}]},{\"@type\":\"WebSite\",\"@id\":\"https:\/\/oxygene.ski\/#website\",\"url\":\"https:\/\/oxygene.ski\/\",\"name\":\"Oxyg\u00e8ne Ski &amp; Snowboard School\",\"description\":\"\",\"potentialAction\":[{\"@type\":\"SearchAction\",\"target\":{\"@type\":\"EntryPoint\",\"urlTemplate\":\"https:\/\/oxygene.ski\/?s={search_term_string}\"},\"query-input\":\"required name=search_term_string\"}],\"inLanguage\":\"fr\"}]}<\/script>\n<!-- \/ Yoast SEO plugin. -->","yoast_head_json":{"title":"Chalet fitting | Oxyg\u00e8ne \u00c9cole de Ski & Snowboard","description":"Avec le service chalet fitting d'Oxyg\u00e8ne, votre mat\u00e9riel de ski et le technicien viennent \u00e0 vous : que demander de plus ?","robots":{"index":"index","follow":"follow","max-snippet":"max-snippet:-1","max-image-preview":"max-image-preview:large","max-video-preview":"max-video-preview:-1"},"canonical":"https:\/\/oxygene.ski\/fr\/chalet-fitting\/","og_locale":"fr_FR","og_type":"article","og_title":"Chalet fitting | Oxyg\u00e8ne \u00c9cole de Ski & Snowboard","og_description":"Avec le service chalet fitting d'Oxyg\u00e8ne, votre mat\u00e9riel de ski et le technicien viennent \u00e0 vous : que demander de plus ?","og_url":"https:\/\/oxygene.ski\/fr\/chalet-fitting\/","og_site_name":"Oxyg\u00e8ne Ski &amp; Snowboard School","article_publisher":"https:\/\/www.facebook.com\/OxygeneSki","article_modified_time":"2025-11-25T10:05:21+00:00","twitter_card":"summary_large_image","twitter_site":"@Oxygene_Ski","twitter_misc":{"Est. reading time":"4 minutes"},"schema":{"@context":"https:\/\/schema.org","@graph":[{"@type":"WebPage","@id":"https:\/\/oxygene.ski\/fr\/chalet-fitting\/","url":"https:\/\/oxygene.ski\/fr\/chalet-fitting\/","name":"Chalet fitting | Oxyg\u00e8ne \u00c9cole de Ski & Snowboard","isPartOf":{"@id":"https:\/\/oxygene.ski\/#website"},"datePublished":"2025-03-19T10:37:55+00:00","dateModified":"2025-11-25T10:05:21+00:00","description":"Avec le service chalet fitting d'Oxyg\u00e8ne, votre mat\u00e9riel de ski et le technicien viennent \u00e0 vous : que demander de plus ?","breadcrumb":{"@id":"https:\/\/oxygene.ski\/fr\/chalet-fitting\/#breadcrumb"},"inLanguage":"fr","potentialAction":[{"@type":"ReadAction","target":["https:\/\/oxygene.ski\/fr\/chalet-fitting\/"]}]},{"@type":"BreadcrumbList","@id":"https:\/\/oxygene.ski\/fr\/chalet-fitting\/#breadcrumb","itemListElement":[{"@type":"ListItem","position":1,"name":"Home","item":"https:\/\/oxygene.ski\/fr\/accueil\/"},{"@type":"ListItem","position":2,"name":"Chalet fitting"}]},{"@type":"WebSite","@id":"https:\/\/oxygene.ski\/#website","url":"https:\/\/oxygene.ski\/","name":"Oxyg\u00e8ne Ski &amp; Snowboard School","description":"","potentialAction":[{"@type":"SearchAction","target":{"@type":"EntryPoint","urlTemplate":"https:\/\/oxygene.ski\/?s={search_term_string}"},"query-input":"required name=search_term_string"}],"inLanguage":"fr"}]}},"_links":{"self":[{"href":"https:\/\/oxygene.ski\/fr\/wp-json\/wp\/v2\/pages\/578780"}],"collection":[{"href":"https:\/\/oxygene.ski\/fr\/wp-json\/wp\/v2\/pages"}],"about":[{"href":"https:\/\/oxygene.ski\/fr\/wp-json\/wp\/v2\/types\/page"}],"author":[{"embeddable":true,"href":"https:\/\/oxygene.ski\/fr\/wp-json\/wp\/v2\/users\/7448"}],"replies":[{"embeddable":true,"href":"https:\/\/oxygene.ski\/fr\/wp-json\/wp\/v2\/comments?post=578780"}],"version-history":[{"count":24,"href":"https:\/\/oxygene.ski\/fr\/wp-json\/wp\/v2\/pages\/578780\/revisions"}],"predecessor-version":[{"id":582395,"href":"https:\/\/oxygene.ski\/fr\/wp-json\/wp\/v2\/pages\/578780\/revisions\/582395"}],"wp:attachment":[{"href":"https:\/\/oxygene.ski\/fr\/wp-json\/wp\/v2\/media?parent=578780"}],"curies":[{"name":"wp","href":"https:\/\/api.w.org\/{rel}","templated":true}]}}