{"id":578776,"date":"2025-03-19T11:16:53","date_gmt":"2025-03-19T10:16:53","guid":{"rendered":"https:\/\/oxygene.ski\/devenir-moniteur-de-ski-2\/"},"modified":"2025-11-28T12:08:20","modified_gmt":"2025-11-28T11:08:20","slug":"devenir-moniteur-de-ski","status":"publish","type":"page","link":"https:\/\/oxygene.ski\/fr\/devenir-moniteur-de-ski\/","title":{"rendered":"Devenir moniteur.trice de ski"},"content":{"rendered":"<p>[vc_row content_placement=&#8221;middle&#8221; css=&#8221;.vc_custom_1738932624296{padding-right: 10% !important;background-image: url(https:\/\/oxygene.ski\/wp-content\/uploads\/2024\/10\/oxygene-ski-academy.jpg?id=577375) !important;background-position: center !important;background-repeat: no-repeat !important;background-size: cover !important;}&#8221;][vc_column][vc_empty_space height=&#8221;300px&#8221;][\/vc_column][\/vc_row][vc_row][vc_column][vc_empty_space height=&#8221;50px&#8221;][\/vc_column][\/vc_row][vc_row css=&#8221;.vc_custom_1723198373777{margin-right: 5% !important;margin-left: 5% !important;}&#8221;][vc_column width=&#8221;1\/2&#8243;][vc_column_text]<\/p>\n<h1 style=\"text-align: left;\"><strong><span style=\"color: #00adef;\">COMMENCER VOTRE FORMATION DE MONITEUR DE SKI\u00a0<\/span><\/strong><\/h1>\n<div id=\"gtx-trans\" style=\"position: absolute; left: -22px; top: -4.09375px;\">\n<div class=\"gtx-trans-icon\"><\/div>\n<\/div>\n<p>[\/vc_column_text][vc_column_text css=&#8221;.vc_custom_1752149433855{padding-top: 0px !important;padding-bottom: 0px !important;}&#8221;]Si le ski est votre passion et que vous souhaitez vous former pour pr\u00e9parer vos tests pour\u00a0pr\u00e9parer les tests d\u2019entr\u00e9e au monitorat, Oxyg\u00e8ne \u00e9cole de ski &amp; snowboard est faite pour vous.<\/p>\n<p>Entra\u00eenez-vous au sein d\u2019une \u00e9cole qui partage votre passion. Avec plus de 30 ans d\u2019existence, nous comptons 16 \u00e9coles de ski situ\u00e9es dans les plus belles stations des Alpes, avec des \u00e9quipes exp\u00e9riment\u00e9es et passionn\u00e9es.<\/p>\n<p>Gr\u00e2ce \u00e0 notre\u00a0<b>Ski Academy<\/b>, nous vous offrons toutes les conditions pour vous entra\u00eener et vous former pour vous permettre d\u2019entamer votre parcours vers le m\u00e9tier de moniteur de ski.[\/vc_column_text][vc_column_text css=&#8221;.vc_custom_1755602968578{padding-top: 0px !important;padding-bottom: 0px !important;}&#8221;]<\/p>\n<div class=\"wpb_text_column wpb_content_element \">\n<h2 class=\"wpb_wrapper\"><span style=\"color: #00adef;\"><strong><span style=\"font-size: 20px;\">Pour rejoindre la Ski Academy, vous devez :<\/span><\/strong><\/span><\/h2>\n<\/div>\n<div class=\"wpb_text_column wpb_content_element vc_custom_1625057705612\">\n<div class=\"wpb_wrapper\">\n<ul>\n<li>\u00catre \u00e2g\u00e9 de 17 ans ou +<\/li>\n<li>Avoir un bon niveau de ski (une exp\u00e9rience en comp\u00e9tition est un plus pour la formation moniteur)<\/li>\n<li>Une bonne condition physique<\/li>\n<li>Un niveau d\u2019anglais scolaire<\/li>\n<li>Une r\u00e9elle motivation !<\/li>\n<\/ul>\n<\/div>\n<\/div>\n<p>[\/vc_column_text][vc_row_inner][vc_column_inner width=&#8221;1\/2&#8243;][vc_btn title=&#8221;\u00c9crivez-nous !&#8221; style=&#8221;outline&#8221; color=&#8221;sky&#8221; link=&#8221;url:mailto%3A%20moniteurs%40oxygene.ski|target:_blank|&#8221;][\/vc_column_inner][vc_column_inner width=&#8221;1\/2&#8243;][vc_btn title=&#8221;+33 (0)6 11 44 32 42&#8243; style=&#8221;outline&#8221; color=&#8221;sky&#8221; link=&#8221;url:http%3A%2F%2F%2B33611443242|target:_blank|&#8221;][\/vc_column_inner][\/vc_row_inner][\/vc_column][vc_column width=&#8221;1\/2&#8243;][vc_row_inner][vc_column_inner css=&#8221;.vc_custom_1728913241550{background-image: url(https:\/\/oxygene.ski\/wp-content\/uploads\/2024\/10\/oxygene-ski-academy-instructor.jpg?id=577377) !important;background-position: center !important;background-repeat: no-repeat !important;background-size: cover !important;}&#8221;][vc_empty_space height=&#8221;500px&#8221; css=&#8221;.vc_custom_1723199214543{background-position: center !important;background-repeat: no-repeat !important;background-size: contain !important;}&#8221;][\/vc_column_inner][\/vc_row_inner][\/vc_column][\/vc_row][vc_row][vc_column][vc_empty_space height=&#8221;100px&#8221;][\/vc_column][\/vc_row][vc_row gap=&#8221;15&#8243; css=&#8221;.vc_custom_1723210670242{margin-right: 5% !important;margin-left: 5% !important;}&#8221;][vc_column width=&#8221;1\/3&#8243;][vc_single_image image=&#8221;577380&#8243; img_size=&#8221;400&#215;250&#8243; alignment=&#8221;center&#8221; style=&#8221;vc_box_rounded&#8221; css=&#8221;.vc_custom_1728913548004{background-position: center !important;background-repeat: no-repeat !important;background-size: cover !important;}&#8221;][vc_column_text css=&#8221;.vc_custom_1755602979609{margin-right: 20px !important;margin-left: 20px !important;}&#8221;]<\/p>\n<h3 style=\"text-align: center;\"><span style=\"color: #00adef;\">EXPERTS EN ENSEIGNEMENT<\/span><\/h3>\n<p style=\"text-align: center;\">Fort de plus de plusieurs ann\u00e9es d\u2019exp\u00e9rience sur les pistes, nous avons perfectionn\u00e9 l\u2019art de l\u2019enseignement. Nous savons ce qu\u2019il faut pour r\u00e9ussir votre test technique et mettons \u00e0 votre disposition des coachs et moniteurs dipl\u00f4m\u00e9s, qui partageront avec vous leurs pr\u00e9cieux conseils.<\/p>\n<p>[\/vc_column_text][\/vc_column][vc_column width=&#8221;1\/3&#8243;][vc_single_image image=&#8221;577382&#8243; img_size=&#8221;400&#215;250&#8243; alignment=&#8221;center&#8221; style=&#8221;vc_box_rounded&#8221; css=&#8221;.vc_custom_1728913763597{background-position: center !important;background-repeat: no-repeat !important;background-size: cover !important;}&#8221;][vc_column_text css=&#8221;.vc_custom_1755602991807{margin-right: 20px !important;margin-left: 20px !important;}&#8221;]<\/p>\n<h3 style=\"text-align: center;\"><span style=\"color: #00adef;\">POURQUOI LA SKI ACADEMY ,<\/span><\/h3>\n<p style=\"text-align: center;\">Une formation sur-mesure, des infrastructures de qualit\u00e9s et des solutions de financement adapt\u00e9s \u00e0 vos besoins = mettez toutes les chances de votre c\u00f4t\u00e9 afin de r\u00e9ussir votre test technique.<\/p>\n<p>[\/vc_column_text][\/vc_column][vc_column width=&#8221;1\/3&#8243;][vc_single_image image=&#8221;165229&#8243; img_size=&#8221;400&#215;250&#8243; alignment=&#8221;center&#8221; style=&#8221;vc_box_rounded&#8221; css=&#8221;.vc_custom_1740565973352{background-position: center !important;background-repeat: no-repeat !important;background-size: cover !important;}&#8221;][vc_column_text css=&#8221;.vc_custom_1755603003950{margin-right: 20px !important;margin-left: 20px !important;}&#8221;]<\/p>\n<h3 style=\"text-align: center;\"><span style=\"color: #00adef;\">PLUS QU&#8217;UNE FORMATION<\/span><\/h3>\n<p style=\"text-align: center;\">La Ski Academy by Oxyg\u00e8ne est le tremplin qui transformera votre passion en m\u00e9tier. Et nous vous garantissons un emploi d\u00e8s que vous r\u00e9ussissez votre Test Technique et\u00a0votre UF 1. C\u2019est la porte d\u2019entr\u00e9e d\u2019une belle carri\u00e8re de moniteur de ski, alors ne r\u00eavez plus, passez \u00e0 l\u2019action !<\/p>\n<p>[\/vc_column_text][\/vc_column][\/vc_row][vc_row][vc_column][vc_empty_space height=&#8221;100px&#8221;][\/vc_column][\/vc_row][vc_row css=&#8221;.vc_custom_1723108765228{margin-right: 5% !important;margin-left: 5% !important;}&#8221;][vc_column][vc_column_text]<\/p>\n<h4 style=\"text-align: left;\"><span style=\"color: #00adef;\">DES QUESTIONS ? CONTACTEZ-NOUS<\/span><\/h4>\n<p>[\/vc_column_text][vc_empty_space height=&#8221;30px&#8221;][vc_single_image image=&#8221;572831&#8243; alignment=&#8221;center&#8221;][vc_column_text]<\/p>\n<h5 style=\"text-align: center;\"><span style=\"color: #00adef;\">\u00c9CRIVEZ-NOUS !<\/span><\/h5>\n<p>[\/vc_column_text][\/vc_column][\/vc_row][vc_row equal_height=&#8221;yes&#8221; content_placement=&#8221;middle&#8221; type=&#8221;boxed&#8221; css=&#8221;.vc_custom_1723108771681{margin-right: 5% !important;margin-left: 5% !important;}&#8221;][vc_column css=&#8221;.vc_custom_1720616624115{padding-top: 30px !important;padding-right: 20px !important;padding-left: 20px !important;background-color: #ffffff !important;}&#8221;]<div class=\"wpforms-container wpforms-container-full\" id=\"wpforms-579955\"><form id=\"wpforms-form-579955\" class=\"wpforms-validate wpforms-form\" data-formid=\"579955\" method=\"post\" enctype=\"multipart\/form-data\" action=\"\/fr\/wp-json\/wp\/v2\/pages\/578776\" data-token=\"7c2f7afd577537fd5106782e016ccb8d\" data-token-time=\"1778605959\"><noscript class=\"wpforms-error-noscript\">Please enable JavaScript in your browser to complete this form.<\/noscript><div class=\"wpforms-field-container\"><div id=\"wpforms-579955-field_6-container\" class=\"wpforms-field wpforms-field-name\" data-field-id=\"6\"><label class=\"wpforms-field-label\">Nom  <span class=\"wpforms-required-label\">*<\/span><\/label><div class=\"wpforms-field-row wpforms-field-large\"><div class=\"wpforms-field-row-block wpforms-first wpforms-one-half\"><input type=\"text\" id=\"wpforms-579955-field_6\" class=\"wpforms-field-name-first wpforms-field-required\" name=\"wpforms[fields][6][first]\" required><label for=\"wpforms-579955-field_6\" class=\"wpforms-field-sublabel after\">First<\/label><\/div><div class=\"wpforms-field-row-block wpforms-one-half\"><input type=\"text\" id=\"wpforms-579955-field_6-last\" class=\"wpforms-field-name-last wpforms-field-required\" name=\"wpforms[fields][6][last]\" required><label for=\"wpforms-579955-field_6-last\" class=\"wpforms-field-sublabel after\">Last<\/label><\/div><\/div><\/div><div id=\"wpforms-579955-field_3-container\" class=\"wpforms-field wpforms-field-email\" data-field-id=\"3\"><label class=\"wpforms-field-label\" for=\"wpforms-579955-field_3\">Adresse e-mail <span class=\"wpforms-required-label\">*<\/span><\/label><div class=\"wpforms-field-row wpforms-field-large\"><div class=\"wpforms-field-row-block wpforms-one-half wpforms-first\"><input type=\"email\" id=\"wpforms-579955-field_3\" class=\"wpforms-field-required wpforms-field-email-primary\" name=\"wpforms[fields][3][primary]\" spellcheck=\"false\" required><label for=\"wpforms-579955-field_3\" class=\"wpforms-field-sublabel after wpforms-sublabel-hide\">E-mail&nbsp;<\/label><\/div><div class=\"wpforms-field-row-block wpforms-one-half\"><input type=\"email\" id=\"wpforms-579955-field_3-secondary\" class=\"wpforms-field-email-secondary wpforms-field-required\" data-rule-confirm=\"#wpforms-579955-field_3\" name=\"wpforms[fields][3][secondary]\" placeholder=\"V\u00e9rification de votre email\" spellcheck=\"false\" required><label for=\"wpforms-579955-field_3-secondary\" class=\"wpforms-field-sublabel after wpforms-sublabel-hide\">Confirm Email<\/label><\/div><\/div><\/div><div id=\"wpforms-579955-field_7-container\" class=\"wpforms-field wpforms-field-phone\" data-field-id=\"7\"><label class=\"wpforms-field-label\" for=\"wpforms-579955-field_7\">T\u00e9l\u00e9phone <span class=\"wpforms-required-label\">*<\/span><\/label><input type=\"tel\" id=\"wpforms-579955-field_7\" class=\"wpforms-field-large wpforms-field-required wpforms-smart-phone-field\" data-rule-smart-phone-field=\"true\" name=\"wpforms[fields][7]\" aria-label=\"T\u00e9l\u00e9phone\" required><\/div><div id=\"wpforms-579955-field_19-container\" class=\"wpforms-field wpforms-field-radio\" data-field-id=\"19\"><label class=\"wpforms-field-label\">Tes disponibilit\u00e9s : <span class=\"wpforms-required-label\">*<\/span><\/label><ul id=\"wpforms-579955-field_19\" class=\"wpforms-field-required\"><li class=\"choice-1 depth-1\"><input type=\"radio\" id=\"wpforms-579955-field_19_1\" name=\"wpforms[fields][19]\" value=\"Toute la saison\" required ><label class=\"wpforms-field-label-inline\" for=\"wpforms-579955-field_19_1\">Toute la saison<\/label><\/li><li class=\"choice-2 depth-1\"><input type=\"radio\" id=\"wpforms-579955-field_19_2\" name=\"wpforms[fields][19]\" value=\"En renfort\" required ><label class=\"wpforms-field-label-inline\" for=\"wpforms-579955-field_19_2\">En renfort<\/label><\/li><li class=\"choice-3 depth-1\"><input type=\"radio\" id=\"wpforms-579955-field_19_3\" name=\"wpforms[fields][19]\" value=\"\u00c0 d\u00e9finir\" required ><label class=\"wpforms-field-label-inline\" for=\"wpforms-579955-field_19_3\">\u00c0 d\u00e9finir<\/label><\/li><\/ul><\/div><div id=\"wpforms-579955-field_20-container\" class=\"wpforms-field wpforms-field-radio\" data-field-id=\"20\"><label class=\"wpforms-field-label\">Comment souhaitez-vous \u00eatre recontact\u00e9 ? <span class=\"wpforms-required-label\">*<\/span><\/label><ul id=\"wpforms-579955-field_20\" class=\"wpforms-field-required\"><li class=\"choice-1 depth-1\"><input type=\"radio\" id=\"wpforms-579955-field_20_1\" name=\"wpforms[fields][20]\" value=\"Mail\" required ><label class=\"wpforms-field-label-inline\" for=\"wpforms-579955-field_20_1\">Mail<\/label><\/li><li class=\"choice-2 depth-1\"><input type=\"radio\" id=\"wpforms-579955-field_20_2\" name=\"wpforms[fields][20]\" value=\"T\u00e9l\u00e9phone\" required ><label class=\"wpforms-field-label-inline\" for=\"wpforms-579955-field_20_2\">T\u00e9l\u00e9phone<\/label><\/li><li class=\"choice-3 depth-1\"><input type=\"radio\" id=\"wpforms-579955-field_20_3\" name=\"wpforms[fields][20]\" value=\"Message\" required ><label class=\"wpforms-field-label-inline\" for=\"wpforms-579955-field_20_3\">Message<\/label><\/li><\/ul><\/div><div id=\"wpforms-579955-field_5-container\" class=\"wpforms-field wpforms-field-textarea\" data-field-id=\"5\"><label class=\"wpforms-field-label\" for=\"wpforms-579955-field_5\">Message<\/label><textarea id=\"wpforms-579955-field_5\" class=\"wpforms-field-medium\" name=\"wpforms[fields][5]\" placeholder=\" Avez-vous quelque chose \u00e0 nous dire ? \" ><\/textarea><\/div><\/div><!-- .wpforms-field-container -->\r\n\t\t\t<script>\r\n\t\t\tif ( typeof huOptions !== 'undefined' ) {\r\n\t\t\t\tvar huFormData = {\"source\":\"wpforms\",\"id\":579955,\"title\":\"Formulaire - recrutement Ski Academy FR\",\"fields\":{\"subject\":{\"first_name\":\"\",\"last_name\":\"\"}}};\r\n\t\t\t\tvar huFormNode = document.querySelector( '[id=\"wpforms-579955\"] form' );\r\n\r\n\t\t\t\tvar firstName = huFormNode.querySelector( 'input.wpforms-field-name-first' );\r\n\t\t\t\tvar lastName = huFormNode.querySelector( 'input.wpforms-field-name-last' );\r\n\r\n\t\t\t\tif ( firstName )\r\n\t\t\t\t\thuFormData['fields']['subject']['first_name'] = firstName.getAttribute( 'name' );\r\n\r\n\t\t\t\tif ( lastName )\r\n\t\t\t\t\thuFormData['fields']['subject']['last_name'] = lastName.getAttribute( 'name' );\r\n\r\n\t\t\t\thuFormData['node'] = huFormNode;\r\n\t\t\t\thuOptions['forms'].push( huFormData );\r\n\t\t\t}\r\n\t\t\t<\/script><div class=\"wpforms-recaptcha-container wpforms-is-recaptcha wpforms-is-recaptcha-type-v3\" ><input type=\"hidden\" name=\"wpforms[recaptcha]\" value=\"\"><\/div><div class=\"wpforms-submit-container\" ><input type=\"hidden\" name=\"wpforms[id]\" value=\"579955\"><input type=\"hidden\" name=\"page_title\" value=\"\"><input type=\"hidden\" name=\"page_url\" value=\"https:\/\/oxygene.ski\/fr\/wp-json\/wp\/v2\/pages\/578776\"><input type=\"hidden\" name=\"url_referer\" value=\"\"><button type=\"submit\" name=\"wpforms[submit]\" id=\"wpforms-submit-579955\" class=\"wpforms-submit\" data-alt-text=\"Envoi en cours...\" data-submit-text=\"Envoyer\" aria-live=\"assertive\" value=\"wpforms-submit\">Envoyer<\/button><\/div><\/form><\/div>  <!-- .wpforms-container -->[\/vc_column][\/vc_row]<\/p>\n","protected":false},"excerpt":{"rendered":"<p>[vc_row content_placement=&#8221;middle&#8221; css=&#8221;.vc_custom_1738932624296{padding-right: 10% !important;background-image: url(https:\/\/oxygene.ski\/wp-content\/uploads\/2024\/10\/oxygene-ski-academy.jpg?id=577375) !important;background-position: center !important;background-repeat: no-repeat !important;background-size: cover !important;}&#8221;][vc_column][vc_empty_space height=&#8221;300px&#8221;][\/vc_column][\/vc_row][vc_row][vc_column][vc_empty_space height=&#8221;50px&#8221;][\/vc_column][\/vc_row][vc_row css=&#8221;.vc_custom_1723198373777{margin-right: 5% !important;margin-left: 5% !important;}&#8221;][vc_column width=&#8221;1\/2&#8243;][vc_column_text] COMMENCER VOTRE FORMATION DE MONITEUR DE SKI\u00a0 [\/vc_column_text][vc_column_text css=&#8221;.vc_custom_1752149433855{padding-top: 0px !important;padding-bottom: 0px !important;}&#8221;]Si le ski est votre passion et que vous souhaitez vous former pour pr\u00e9parer vos tests pour\u00a0pr\u00e9parer les tests d\u2019entr\u00e9e au monitorat, [&hellip;]<\/p>\n","protected":false},"author":7448,"featured_media":0,"parent":0,"menu_order":9,"comment_status":"closed","ping_status":"closed","template":"page-full-width.php","meta":{"footnotes":""},"yoast_head":"<!-- This site is optimized with the Yoast SEO plugin v22.2 - https:\/\/yoast.com\/wordpress\/plugins\/seo\/ -->\n<title>Devenir moniteur de ski | Oxyg\u00e8ne \u00c9cole de Ski &amp; Snowboard<\/title>\n<meta name=\"description\" content=\"Rejoins-nous ! On t\u2019accompagnera pour t\u2019aider \u00e0 construire ton projet et \u00e0 faire carri\u00e8re chez Oxyg\u00e8ne en tant que moniteur.\" \/>\n<meta name=\"robots\" content=\"index, follow, max-snippet:-1, max-image-preview:large, max-video-preview:-1\" \/>\n<link rel=\"canonical\" href=\"https:\/\/oxygene.ski\/fr\/devenir-moniteur-de-ski\/\" \/>\n<meta property=\"og:locale\" content=\"fr_FR\" \/>\n<meta property=\"og:type\" content=\"article\" \/>\n<meta property=\"og:title\" content=\"Devenir moniteur de ski | Oxyg\u00e8ne \u00c9cole de Ski &amp; Snowboard\" \/>\n<meta property=\"og:description\" content=\"Rejoins-nous ! On t\u2019accompagnera pour t\u2019aider \u00e0 construire ton projet et \u00e0 faire carri\u00e8re chez Oxyg\u00e8ne en tant que moniteur.\" \/>\n<meta property=\"og:url\" content=\"https:\/\/oxygene.ski\/fr\/devenir-moniteur-de-ski\/\" \/>\n<meta property=\"og:site_name\" content=\"Oxyg\u00e8ne Ski &amp; Snowboard School\" \/>\n<meta property=\"article:publisher\" content=\"https:\/\/www.facebook.com\/OxygeneSki\" \/>\n<meta property=\"article:modified_time\" content=\"2025-11-28T11:08:20+00:00\" \/>\n<meta name=\"twitter:card\" content=\"summary_large_image\" \/>\n<meta name=\"twitter:site\" content=\"@Oxygene_Ski\" \/>\n<meta name=\"twitter:label1\" content=\"Est. reading time\" \/>\n\t<meta name=\"twitter:data1\" content=\"2 minutes\" \/>\n<script type=\"application\/ld+json\" class=\"yoast-schema-graph\">{\"@context\":\"https:\/\/schema.org\",\"@graph\":[{\"@type\":\"WebPage\",\"@id\":\"https:\/\/oxygene.ski\/fr\/devenir-moniteur-de-ski\/\",\"url\":\"https:\/\/oxygene.ski\/fr\/devenir-moniteur-de-ski\/\",\"name\":\"Devenir moniteur de ski | Oxyg\u00e8ne \u00c9cole de Ski & Snowboard\",\"isPartOf\":{\"@id\":\"https:\/\/oxygene.ski\/#website\"},\"datePublished\":\"2025-03-19T10:16:53+00:00\",\"dateModified\":\"2025-11-28T11:08:20+00:00\",\"description\":\"Rejoins-nous ! On t\u2019accompagnera pour t\u2019aider \u00e0 construire ton projet et \u00e0 faire carri\u00e8re chez Oxyg\u00e8ne en tant que moniteur.\",\"breadcrumb\":{\"@id\":\"https:\/\/oxygene.ski\/fr\/devenir-moniteur-de-ski\/#breadcrumb\"},\"inLanguage\":\"fr\",\"potentialAction\":[{\"@type\":\"ReadAction\",\"target\":[\"https:\/\/oxygene.ski\/fr\/devenir-moniteur-de-ski\/\"]}]},{\"@type\":\"BreadcrumbList\",\"@id\":\"https:\/\/oxygene.ski\/fr\/devenir-moniteur-de-ski\/#breadcrumb\",\"itemListElement\":[{\"@type\":\"ListItem\",\"position\":1,\"name\":\"Home\",\"item\":\"https:\/\/oxygene.ski\/fr\/accueil\/\"},{\"@type\":\"ListItem\",\"position\":2,\"name\":\"Devenir moniteur.trice de ski\"}]},{\"@type\":\"WebSite\",\"@id\":\"https:\/\/oxygene.ski\/#website\",\"url\":\"https:\/\/oxygene.ski\/\",\"name\":\"Oxyg\u00e8ne Ski &amp; Snowboard School\",\"description\":\"\",\"potentialAction\":[{\"@type\":\"SearchAction\",\"target\":{\"@type\":\"EntryPoint\",\"urlTemplate\":\"https:\/\/oxygene.ski\/?s={search_term_string}\"},\"query-input\":\"required name=search_term_string\"}],\"inLanguage\":\"fr\"}]}<\/script>\n<!-- \/ Yoast SEO plugin. -->","yoast_head_json":{"title":"Devenir moniteur de ski | Oxyg\u00e8ne \u00c9cole de Ski & Snowboard","description":"Rejoins-nous ! On t\u2019accompagnera pour t\u2019aider \u00e0 construire ton projet et \u00e0 faire carri\u00e8re chez Oxyg\u00e8ne en tant que moniteur.","robots":{"index":"index","follow":"follow","max-snippet":"max-snippet:-1","max-image-preview":"max-image-preview:large","max-video-preview":"max-video-preview:-1"},"canonical":"https:\/\/oxygene.ski\/fr\/devenir-moniteur-de-ski\/","og_locale":"fr_FR","og_type":"article","og_title":"Devenir moniteur de ski | Oxyg\u00e8ne \u00c9cole de Ski & Snowboard","og_description":"Rejoins-nous ! On t\u2019accompagnera pour t\u2019aider \u00e0 construire ton projet et \u00e0 faire carri\u00e8re chez Oxyg\u00e8ne en tant que moniteur.","og_url":"https:\/\/oxygene.ski\/fr\/devenir-moniteur-de-ski\/","og_site_name":"Oxyg\u00e8ne Ski &amp; Snowboard School","article_publisher":"https:\/\/www.facebook.com\/OxygeneSki","article_modified_time":"2025-11-28T11:08:20+00:00","twitter_card":"summary_large_image","twitter_site":"@Oxygene_Ski","twitter_misc":{"Est. reading time":"2 minutes"},"schema":{"@context":"https:\/\/schema.org","@graph":[{"@type":"WebPage","@id":"https:\/\/oxygene.ski\/fr\/devenir-moniteur-de-ski\/","url":"https:\/\/oxygene.ski\/fr\/devenir-moniteur-de-ski\/","name":"Devenir moniteur de ski | Oxyg\u00e8ne \u00c9cole de Ski & Snowboard","isPartOf":{"@id":"https:\/\/oxygene.ski\/#website"},"datePublished":"2025-03-19T10:16:53+00:00","dateModified":"2025-11-28T11:08:20+00:00","description":"Rejoins-nous ! On t\u2019accompagnera pour t\u2019aider \u00e0 construire ton projet et \u00e0 faire carri\u00e8re chez Oxyg\u00e8ne en tant que moniteur.","breadcrumb":{"@id":"https:\/\/oxygene.ski\/fr\/devenir-moniteur-de-ski\/#breadcrumb"},"inLanguage":"fr","potentialAction":[{"@type":"ReadAction","target":["https:\/\/oxygene.ski\/fr\/devenir-moniteur-de-ski\/"]}]},{"@type":"BreadcrumbList","@id":"https:\/\/oxygene.ski\/fr\/devenir-moniteur-de-ski\/#breadcrumb","itemListElement":[{"@type":"ListItem","position":1,"name":"Home","item":"https:\/\/oxygene.ski\/fr\/accueil\/"},{"@type":"ListItem","position":2,"name":"Devenir moniteur.trice de ski"}]},{"@type":"WebSite","@id":"https:\/\/oxygene.ski\/#website","url":"https:\/\/oxygene.ski\/","name":"Oxyg\u00e8ne Ski &amp; Snowboard School","description":"","potentialAction":[{"@type":"SearchAction","target":{"@type":"EntryPoint","urlTemplate":"https:\/\/oxygene.ski\/?s={search_term_string}"},"query-input":"required name=search_term_string"}],"inLanguage":"fr"}]}},"_links":{"self":[{"href":"https:\/\/oxygene.ski\/fr\/wp-json\/wp\/v2\/pages\/578776"}],"collection":[{"href":"https:\/\/oxygene.ski\/fr\/wp-json\/wp\/v2\/pages"}],"about":[{"href":"https:\/\/oxygene.ski\/fr\/wp-json\/wp\/v2\/types\/page"}],"author":[{"embeddable":true,"href":"https:\/\/oxygene.ski\/fr\/wp-json\/wp\/v2\/users\/7448"}],"replies":[{"embeddable":true,"href":"https:\/\/oxygene.ski\/fr\/wp-json\/wp\/v2\/comments?post=578776"}],"version-history":[{"count":21,"href":"https:\/\/oxygene.ski\/fr\/wp-json\/wp\/v2\/pages\/578776\/revisions"}],"predecessor-version":[{"id":582484,"href":"https:\/\/oxygene.ski\/fr\/wp-json\/wp\/v2\/pages\/578776\/revisions\/582484"}],"wp:attachment":[{"href":"https:\/\/oxygene.ski\/fr\/wp-json\/wp\/v2\/media?parent=578776"}],"curies":[{"name":"wp","href":"https:\/\/api.w.org\/{rel}","templated":true}]}}