{"id":572699,"date":"2024-04-29T12:01:44","date_gmt":"2024-04-29T10:01:44","guid":{"rendered":"https:\/\/oxygene.ski\/contact\/"},"modified":"2026-04-07T16:25:10","modified_gmt":"2026-04-07T14:25:10","slug":"contactez-nous","status":"publish","type":"page","link":"https:\/\/oxygene.ski\/fr\/contactez-nous\/","title":{"rendered":"Contact"},"content":{"rendered":"<p>[vc_row content_placement=&#8221;middle&#8221; css=&#8221;.vc_custom_1757186896497{background-position: center !important;background-repeat: no-repeat !important;background-size: cover !important;}&#8221;][vc_column el_class=&#8221;image-column-remove-padding image-headband&#8221;][vc_single_image image=&#8221;581230&#8243; img_size=&#8221;full&#8221; el_class=&#8221;image-headband-frontpage-main&#8221;][\/vc_column][\/vc_row][vc_row css=&#8221;.vc_custom_1755009191756{margin-right: 5% !important;margin-left: 5% !important;}&#8221;][vc_column][vc_empty_space height=&#8221;30px&#8221;][vc_column_text]<\/p>\n<h1 style=\"text-align: center;\"><span style=\"color: #00adef;\">CONTACTEZ-NOUS<\/span><\/h1>\n<div id=\"gtx-trans\" style=\"position: absolute; left: 104px; top: -3.82812px;\">\n<div class=\"gtx-trans-icon\"><\/div>\n<\/div>\n<p>[\/vc_column_text][\/vc_column][\/vc_row][vc_row css=&#8221;.vc_custom_1723139322779{margin-left: 5% !important;padding-top: 50px !important;padding-bottom: 50px !important;}&#8221;][vc_column][vc_row_inner type=&#8221;boxed&#8221;][vc_column_inner width=&#8221;1\/2&#8243;][vc_single_image image=&#8221;572826&#8243; img_size=&#8221;medium&#8221; alignment=&#8221;center&#8221; onclick=&#8221;custom_link&#8221; img_link_target=&#8221;_blank&#8221; css_animation=&#8221;top-to-bottom&#8221;][vc_column_text css=&#8221;.vc_custom_1714383537672{padding-top: 0px !important;padding-bottom: 0px !important;}&#8221;]<\/p>\n<p style=\"text-align: center;\">Vous souhaitez plus d\u2019informations ?<br data-start=\"36\" data-end=\"39\" \/>N\u2019h\u00e9sitez pas \u00e0 nous appeler.<br \/>\nNous sommes disponibles toute l\u2019ann\u00e9e et serons ravis de mettre notre expertise \u00e0 votre service.<\/p>\n<p>[\/vc_column_text][vc_btn title=&#8221;Pour nous appeler&#8221; align=&#8221;center&#8221; link=&#8221;url:https%3A%2F%2Foxygene.ski%2Ffr%2Fnumeros-de-telephone-des-stations%2F|target:_blank|&#8221;][\/vc_column_inner][vc_column_inner width=&#8221;1\/2&#8243;][vc_single_image image=&#8221;572829&#8243; img_size=&#8221;medium&#8221; alignment=&#8221;center&#8221; css_animation=&#8221;top-to-bottom&#8221;][vc_column_text css=&#8221;.vc_custom_1729084876162{padding-top: 0px !important;padding-bottom: 0px !important;}&#8221;]<\/p>\n<div class=\"wpb_text_column wpb_content_element vc_custom_1743081456742\">\n<div class=\"wpb_wrapper\">\n<p style=\"text-align: center;\">Nous sommes ouverts tous les jours en hiver.<br data-start=\"44\" data-end=\"47\" \/>Il est facile de nous trouver \u00e0 chaque station.<\/p>\n<\/div>\n<\/div>\n<p>[\/vc_column_text][vc_empty_space height=&#8221;20px&#8221;][vc_btn title=&#8221;Pour nous trouver&#8221; align=&#8221;center&#8221; link=&#8221;url:https%3A%2F%2Foxygene.ski%2Ffr%2Fadresses-des-stations%2F|target:_blank|&#8221;][\/vc_column_inner][\/vc_row_inner][vc_empty_space][vc_single_image image=&#8221;572831&#8243; img_size=&#8221;medium&#8221; alignment=&#8221;center&#8221; css_animation=&#8221;top-to-bottom&#8221;][vc_column_text]<\/p>\n<h2 style=\"text-align: center;\"><span style=\"color: #00adef;\">\u00c9CRIVEZ-NOUS !<\/span><\/h2>\n<p>[\/vc_column_text][vc_column_text css=&#8221;.vc_custom_1755009290519{padding-top: 0px !important;padding-bottom: 0px !important;}&#8221;]<\/p>\n<p style=\"text-align: center;\">N\u2019h\u00e9sitez pas \u00e0 nous contacter aussi via le formulaire ci-dessous.<br data-start=\"60\" data-end=\"63\" \/>Notre \u00e9quipe vous r\u00e9pondra dans les plus brefs d\u00e9lais.<\/p>\n<p>[\/vc_column_text][\/vc_column][\/vc_row][vc_row css=&#8221;.vc_custom_1755603307848{margin-right: 20% !important;margin-left: 20% !important;}&#8221;][vc_column]<div class=\"wpforms-container wpforms-container-full\" id=\"wpforms-273787\"><form id=\"wpforms-form-273787\" class=\"wpforms-validate wpforms-form wpforms-ajax-form\" data-formid=\"273787\" method=\"post\" enctype=\"multipart\/form-data\" action=\"\/fr\/wp-json\/wp\/v2\/pages\/572699\" data-token=\"1649c9d750773e82cebb93c64215d909\" data-token-time=\"1777346756\"><noscript class=\"wpforms-error-noscript\">Please enable JavaScript in your browser to complete this form.<\/noscript><div class=\"wpforms-field-container\"><div id=\"wpforms-273787-field_6-container\" class=\"wpforms-field wpforms-field-name\" data-field-id=\"6\"><label class=\"wpforms-field-label\">Nom  <span class=\"wpforms-required-label\">*<\/span><\/label><div class=\"wpforms-field-row wpforms-field-large\"><div class=\"wpforms-field-row-block wpforms-first wpforms-one-half\"><input type=\"text\" id=\"wpforms-273787-field_6\" class=\"wpforms-field-name-first wpforms-field-required\" name=\"wpforms[fields][6][first]\" required><label for=\"wpforms-273787-field_6\" class=\"wpforms-field-sublabel after\">First<\/label><\/div><div class=\"wpforms-field-row-block wpforms-one-half\"><input type=\"text\" id=\"wpforms-273787-field_6-last\" class=\"wpforms-field-name-last wpforms-field-required\" name=\"wpforms[fields][6][last]\" required><label for=\"wpforms-273787-field_6-last\" class=\"wpforms-field-sublabel after\">Last<\/label><\/div><\/div><\/div><div id=\"wpforms-273787-field_7-container\" class=\"wpforms-field wpforms-field-phone\" data-field-id=\"7\"><label class=\"wpforms-field-label\" for=\"wpforms-273787-field_7\">T\u00e9l\u00e9phone <span class=\"wpforms-required-label\">*<\/span><\/label><input type=\"tel\" id=\"wpforms-273787-field_7\" class=\"wpforms-field-large wpforms-field-required wpforms-smart-phone-field\" data-rule-smart-phone-field=\"true\" name=\"wpforms[fields][7]\" aria-label=\"T\u00e9l\u00e9phone\" required><\/div><div id=\"wpforms-273787-field_3-container\" class=\"wpforms-field wpforms-field-email\" data-field-id=\"3\"><label class=\"wpforms-field-label\" for=\"wpforms-273787-field_3\">Adresse e-mail <span class=\"wpforms-required-label\">*<\/span><\/label><div class=\"wpforms-field-row wpforms-field-large\"><div class=\"wpforms-field-row-block wpforms-one-half wpforms-first\"><input type=\"email\" id=\"wpforms-273787-field_3\" class=\"wpforms-field-required wpforms-field-email-primary\" name=\"wpforms[fields][3][primary]\" spellcheck=\"false\" required><label for=\"wpforms-273787-field_3\" class=\"wpforms-field-sublabel after wpforms-sublabel-hide\">E-mail&nbsp;<\/label><\/div><div class=\"wpforms-field-row-block wpforms-one-half\"><input type=\"email\" id=\"wpforms-273787-field_3-secondary\" class=\"wpforms-field-email-secondary wpforms-field-required\" data-rule-confirm=\"#wpforms-273787-field_3\" name=\"wpforms[fields][3][secondary]\" placeholder=\"V\u00e9rification de votre email\" spellcheck=\"false\" required><label for=\"wpforms-273787-field_3-secondary\" class=\"wpforms-field-sublabel after wpforms-sublabel-hide\">Confirm Email<\/label><\/div><\/div><\/div><div id=\"wpforms-273787-field_8-container\" class=\"wpforms-field wpforms-field-select wpforms-conditional-trigger wpforms-field-select-style-modern\" data-field-id=\"8\"><label class=\"wpforms-field-label\" for=\"wpforms-273787-field_8\">Stations <span class=\"wpforms-required-label\">*<\/span><\/label><select id=\"wpforms-273787-field_8\" class=\"wpforms-field-large wpforms-field-required choicesjs-select\" data-size-class=\"wpforms-field-row wpforms-field-large\" data-search-enabled=\"1\" name=\"wpforms[fields][8]\" required=\"required\"><option value=\"\" class=\"placeholder\" disabled  selected='selected'><\/option><option value=\"Belle Plagne\"  class=\"choice-1 depth-1\"  >Belle Plagne<\/option><option value=\"Courchevel\"  class=\"choice-2 depth-1\"  >Courchevel<\/option><option value=\"La Plagne\"  class=\"choice-13 depth-1\"  >La Plagne<\/option><option value=\"La Rosi\u00e8re\"  class=\"choice-12 depth-1\"  >La Rosi\u00e8re<\/option><option value=\"La Tania\"  class=\"choice-11 depth-1\"  >La Tania<\/option><option value=\"Les Menuires\"  class=\"choice-10 depth-1\"  >Les Menuires<\/option><option value=\"M\u00e9ribel\"  class=\"choice-8 depth-1\"  >M\u00e9ribel<\/option><option value=\"Saint Martin de Belleville\"  class=\"choice-7 depth-1\"  >Saint Martin de Belleville<\/option><option value=\"Serre Chevalier\"  class=\"choice-6 depth-1\"  >Serre Chevalier<\/option><option value=\"Tignes\"  class=\"choice-5 depth-1\"  >Tignes<\/option><option value=\"Val D&#039;Is\u00e8re\"  class=\"choice-4 depth-1\"  >Val D'Is\u00e8re<\/option><option value=\"Vall\u00e9e D&#039;Ubaye\"  class=\"choice-16 depth-1\"  >Vall\u00e9e D'Ubaye<\/option><option value=\"Val Thorens\"  class=\"choice-15 depth-1\"  >Val Thorens<\/option><\/select><div class=\"wpforms-field-description\">Choisissez la station que vous souhaitez contacter <\/div><\/div><div id=\"wpforms-273787-field_11-container\" class=\"wpforms-field wpforms-field-date-time\" data-field-id=\"11\"><label class=\"wpforms-field-label\" for=\"wpforms-273787-field_11\">Date d\u00e9but du cours : <span class=\"wpforms-required-label\">*<\/span><\/label><div class=\"wpforms-datepicker-wrap\"><input type=\"text\" id=\"wpforms-273787-field_11\" class=\"wpforms-field-date-time-date wpforms-datepicker wpforms-field-required wpforms-field-medium\" data-date-format=\"d\/m\/Y\" data-disable-past-dates=\"0\" data-input=\"true\" name=\"wpforms[fields][11][date]\" required><a title=\"Clear Date\" data-clear role=\"button\" tabindex=\"0\" class=\"wpforms-datepicker-clear\" aria-label=\"Clear Date\" style=\"display:none;\"><\/a><\/div><\/div><div id=\"wpforms-273787-field_14-container\" class=\"wpforms-field wpforms-field-date-time\" data-field-id=\"14\"><label class=\"wpforms-field-label\" for=\"wpforms-273787-field_14\">Date de fin de cours : <span class=\"wpforms-required-label\">*<\/span><\/label><div class=\"wpforms-datepicker-wrap\"><input type=\"text\" id=\"wpforms-273787-field_14\" class=\"wpforms-field-date-time-date wpforms-datepicker wpforms-field-required wpforms-field-medium\" data-date-format=\"d\/m\/Y\" data-disable-past-dates=\"0\" data-input=\"true\" name=\"wpforms[fields][14][date]\" required><a title=\"Clear Date\" data-clear role=\"button\" tabindex=\"0\" class=\"wpforms-datepicker-clear\" aria-label=\"Clear Date\" style=\"display:none;\"><\/a><\/div><\/div><div id=\"wpforms-273787-field_13-container\" class=\"wpforms-field wpforms-field-checkbox wpforms-conditional-trigger\" data-field-id=\"13\"><label class=\"wpforms-field-label\">Type de cours : <span class=\"wpforms-required-label\">*<\/span><\/label><ul id=\"wpforms-273787-field_13\" class=\"wpforms-field-required\" data-choice-limit=\"1\"><li class=\"choice-1 depth-1\"><input type=\"checkbox\" id=\"wpforms-273787-field_13_1\" data-rule-check-limit=\"true\" name=\"wpforms[fields][13][]\" value=\"collectifs\" required ><label class=\"wpforms-field-label-inline\" for=\"wpforms-273787-field_13_1\">collectifs<\/label><\/li><li class=\"choice-2 depth-1\"><input type=\"checkbox\" id=\"wpforms-273787-field_13_2\" data-rule-check-limit=\"true\" name=\"wpforms[fields][13][]\" value=\"priv\u00e9s\" required ><label class=\"wpforms-field-label-inline\" for=\"wpforms-273787-field_13_2\">priv\u00e9s<\/label><\/li><\/ul><\/div><div id=\"wpforms-273787-field_16-container\" class=\"wpforms-field wpforms-field-text wpforms-conditional-field wpforms-conditional-show\" data-field-id=\"16\" style=\"display:none;\"><label class=\"wpforms-field-label\" for=\"wpforms-273787-field_16\">\u00c2ge des participants : <\/label><input type=\"text\" id=\"wpforms-273787-field_16\" class=\"wpforms-field-large\" name=\"wpforms[fields][16]\" placeholder=\" Veuillez entrer votre sujet\" ><\/div><div id=\"wpforms-273787-field_18-container\" class=\"wpforms-field wpforms-field-select wpforms-conditional-field wpforms-conditional-show wpforms-field-select-style-classic\" data-field-id=\"18\" style=\"display:none;\"><label class=\"wpforms-field-label\" for=\"wpforms-273787-field_18\">Niveau : <\/label><select id=\"wpforms-273787-field_18\" class=\"wpforms-field-medium\" name=\"wpforms[fields][18]\"><option value=\"D\u00e9butant\"  class=\"choice-1 depth-1\"  >D\u00e9butant<\/option><option value=\"Interm\u00e9diaire\"  class=\"choice-2 depth-1\"  >Interm\u00e9diaire<\/option><option value=\"Confirm\u00e9\"  class=\"choice-3 depth-1\"  >Confirm\u00e9<\/option><\/select><\/div><div id=\"wpforms-273787-field_9-container\" class=\"wpforms-field wpforms-field-text wpforms-conditional-field wpforms-conditional-show\" data-field-id=\"9\" style=\"display:none;\"><label class=\"wpforms-field-label\" for=\"wpforms-273787-field_9\">Nombre de participants :<\/label><input type=\"text\" id=\"wpforms-273787-field_9\" class=\"wpforms-field-large\" name=\"wpforms[fields][9]\" placeholder=\" Veuillez entrer votre sujet\" ><\/div><div id=\"wpforms-273787-field_19-container\" class=\"wpforms-field wpforms-field-text wpforms-conditional-field wpforms-conditional-show\" data-field-id=\"19\" style=\"display:none;\"><label class=\"wpforms-field-label\" for=\"wpforms-273787-field_19\">\u00c2ge des participants :<\/label><input type=\"text\" id=\"wpforms-273787-field_19\" class=\"wpforms-field-large\" name=\"wpforms[fields][19]\" placeholder=\" Veuillez entrer votre sujet\" ><\/div><div id=\"wpforms-273787-field_21-container\" class=\"wpforms-field wpforms-field-select wpforms-conditional-field wpforms-conditional-show wpforms-field-select-style-classic\" data-field-id=\"21\" style=\"display:none;\"><label class=\"wpforms-field-label\" for=\"wpforms-273787-field_21\">Niveau : <\/label><select id=\"wpforms-273787-field_21\" class=\"wpforms-field-medium\" name=\"wpforms[fields][21]\"><option value=\"D\u00e9butant\"  class=\"choice-1 depth-1\"  >D\u00e9butant<\/option><option value=\"Interm\u00e9diaire\"  class=\"choice-2 depth-1\"  >Interm\u00e9diaire<\/option><option value=\"Confirm\u00e9\"  class=\"choice-3 depth-1\"  >Confirm\u00e9<\/option><\/select><\/div><div id=\"wpforms-273787-field_15-container\" class=\"wpforms-field wpforms-field-checkbox\" data-field-id=\"15\"><label class=\"wpforms-field-label\">Discipline :<\/label><ul id=\"wpforms-273787-field_15\"><li class=\"choice-1 depth-1\"><input type=\"checkbox\" id=\"wpforms-273787-field_15_1\" name=\"wpforms[fields][15][]\" value=\"Ski\"  ><label class=\"wpforms-field-label-inline\" for=\"wpforms-273787-field_15_1\">Ski<\/label><\/li><li class=\"choice-2 depth-1\"><input type=\"checkbox\" id=\"wpforms-273787-field_15_2\" name=\"wpforms[fields][15][]\" value=\"Snowboard\"  ><label class=\"wpforms-field-label-inline\" for=\"wpforms-273787-field_15_2\">Snowboard<\/label><\/li><\/ul><\/div><div id=\"wpforms-273787-field_20-container\" class=\"wpforms-field wpforms-field-checkbox wpforms-conditional-field wpforms-conditional-show\" data-field-id=\"20\" style=\"display:none;\"><label class=\"wpforms-field-label\">Location mat\u00e9riel :<\/label><ul id=\"wpforms-273787-field_20\"><li class=\"choice-1 depth-1\"><input type=\"checkbox\" id=\"wpforms-273787-field_20_1\" name=\"wpforms[fields][20][]\" value=\"Oui\"  ><label class=\"wpforms-field-label-inline\" for=\"wpforms-273787-field_20_1\">Oui<\/label><\/li><li class=\"choice-2 depth-1\"><input type=\"checkbox\" id=\"wpforms-273787-field_20_2\" name=\"wpforms[fields][20][]\" value=\"Non\"  ><label class=\"wpforms-field-label-inline\" for=\"wpforms-273787-field_20_2\">Non<\/label><\/li><\/ul><\/div><div id=\"wpforms-273787-field_5-container\" class=\"wpforms-field wpforms-field-textarea\" data-field-id=\"5\"><label class=\"wpforms-field-label\" for=\"wpforms-273787-field_5\">Message<\/label><textarea id=\"wpforms-273787-field_5\" class=\"wpforms-field-medium\" name=\"wpforms[fields][5]\" placeholder=\"Comment pouvons-nous vous aider ? \" ><\/textarea><\/div><\/div><!-- .wpforms-field-container -->\r\n\t\t\t<script>\r\n\t\t\tif ( typeof huOptions !== 'undefined' ) {\r\n\t\t\t\tvar huFormData = {\"source\":\"wpforms\",\"id\":273787,\"title\":\"Formulaire de contact\",\"fields\":{\"subject\":{\"first_name\":\"\",\"last_name\":\"\"}}};\r\n\t\t\t\tvar huFormNode = document.querySelector( '[id=\"wpforms-273787\"] form' );\r\n\r\n\t\t\t\tvar firstName = huFormNode.querySelector( 'input.wpforms-field-name-first' );\r\n\t\t\t\tvar lastName = huFormNode.querySelector( 'input.wpforms-field-name-last' );\r\n\r\n\t\t\t\tif ( firstName )\r\n\t\t\t\t\thuFormData['fields']['subject']['first_name'] = firstName.getAttribute( 'name' );\r\n\r\n\t\t\t\tif ( lastName )\r\n\t\t\t\t\thuFormData['fields']['subject']['last_name'] = lastName.getAttribute( 'name' );\r\n\r\n\t\t\t\thuFormData['node'] = huFormNode;\r\n\t\t\t\thuOptions['forms'].push( huFormData );\r\n\t\t\t}\r\n\t\t\t<\/script><div class=\"wpforms-recaptcha-container wpforms-is-recaptcha wpforms-is-recaptcha-type-v3\" ><input type=\"hidden\" name=\"wpforms[recaptcha]\" value=\"\"><\/div><div class=\"wpforms-submit-container\" ><input type=\"hidden\" name=\"wpforms[id]\" value=\"273787\"><input type=\"hidden\" name=\"page_title\" value=\"\"><input type=\"hidden\" name=\"page_url\" value=\"https:\/\/oxygene.ski\/fr\/wp-json\/wp\/v2\/pages\/572699\"><input type=\"hidden\" name=\"url_referer\" value=\"\"><button type=\"submit\" name=\"wpforms[submit]\" id=\"wpforms-submit-273787\" class=\"wpforms-submit\" data-alt-text=\"Envoi en cours...\" data-submit-text=\"Envoyer\" aria-live=\"assertive\" value=\"wpforms-submit\">Envoyer<\/button><img loading=\"lazy\" decoding=\"async\" src=\"https:\/\/oxygene.ski\/wp-content\/plugins\/wpforms\/assets\/images\/submit-spin.svg\" class=\"wpforms-submit-spinner\" style=\"display: none;\" width=\"26\" height=\"26\" alt=\"Loading\"><\/div><\/form><\/div>  <!-- .wpforms-container -->[\/vc_column][\/vc_row]<\/p>\n","protected":false},"excerpt":{"rendered":"<p>[vc_row content_placement=&#8221;middle&#8221; css=&#8221;.vc_custom_1757186896497{background-position: center !important;background-repeat: no-repeat !important;background-size: cover !important;}&#8221;][vc_column el_class=&#8221;image-column-remove-padding image-headband&#8221;][vc_single_image image=&#8221;581230&#8243; img_size=&#8221;full&#8221; el_class=&#8221;image-headband-frontpage-main&#8221;][\/vc_column][\/vc_row][vc_row css=&#8221;.vc_custom_1755009191756{margin-right: 5% !important;margin-left: 5% !important;}&#8221;][vc_column][vc_empty_space height=&#8221;30px&#8221;][vc_column_text] CONTACTEZ-NOUS [\/vc_column_text][\/vc_column][\/vc_row][vc_row css=&#8221;.vc_custom_1723139322779{margin-left: 5% !important;padding-top: 50px !important;padding-bottom: 50px !important;}&#8221;][vc_column][vc_row_inner type=&#8221;boxed&#8221;][vc_column_inner width=&#8221;1\/2&#8243;][vc_single_image image=&#8221;572826&#8243; img_size=&#8221;medium&#8221; alignment=&#8221;center&#8221; onclick=&#8221;custom_link&#8221; img_link_target=&#8221;_blank&#8221; css_animation=&#8221;top-to-bottom&#8221;][vc_column_text css=&#8221;.vc_custom_1714383537672{padding-top: 0px !important;padding-bottom: 0px !important;}&#8221;] Vous souhaitez plus d\u2019informations ?N\u2019h\u00e9sitez pas \u00e0 nous appeler. Nous sommes disponibles toute [&hellip;]<\/p>\n","protected":false},"author":7448,"featured_media":0,"parent":0,"menu_order":19,"comment_status":"closed","ping_status":"closed","template":"page-full-width.php","meta":{"footnotes":""},"yoast_head":"<!-- This site is optimized with the Yoast SEO plugin v22.2 - https:\/\/yoast.com\/wordpress\/plugins\/seo\/ -->\n<title>Contactez-nous | Oxyg\u00e8ne \u00c9cole de Ski &amp; Snowboard<\/title>\n<meta name=\"description\" content=\"Appelez-nous ! L&#039;\u00e9quipe d&#039;Oxyg\u00e8ne est disponible toute l\u2019ann\u00e9e et nous serons ravis de mettre notre expertise \u00e0 votre disposition !\" \/>\n<meta name=\"robots\" content=\"index, follow, max-snippet:-1, max-image-preview:large, max-video-preview:-1\" \/>\n<link rel=\"canonical\" href=\"https:\/\/oxygene.ski\/fr\/contactez-nous\/\" \/>\n<meta property=\"og:locale\" content=\"fr_FR\" \/>\n<meta property=\"og:type\" content=\"article\" \/>\n<meta property=\"og:title\" content=\"Contactez-nous | Oxyg\u00e8ne \u00c9cole de Ski &amp; Snowboard\" \/>\n<meta property=\"og:description\" content=\"Appelez-nous ! L&#039;\u00e9quipe d&#039;Oxyg\u00e8ne est disponible toute l\u2019ann\u00e9e et nous serons ravis de mettre notre expertise \u00e0 votre disposition !\" \/>\n<meta property=\"og:url\" content=\"https:\/\/oxygene.ski\/fr\/contactez-nous\/\" \/>\n<meta property=\"og:site_name\" content=\"Oxyg\u00e8ne Ski &amp; Snowboard School\" \/>\n<meta property=\"article:publisher\" content=\"https:\/\/www.facebook.com\/OxygeneSki\" \/>\n<meta property=\"article:modified_time\" content=\"2026-04-07T14:25:10+00:00\" \/>\n<meta name=\"twitter:card\" content=\"summary_large_image\" \/>\n<meta name=\"twitter:site\" content=\"@Oxygene_Ski\" \/>\n<meta name=\"twitter:label1\" content=\"Est. reading time\" \/>\n\t<meta name=\"twitter:data1\" content=\"1 minute\" \/>\n<script type=\"application\/ld+json\" class=\"yoast-schema-graph\">{\"@context\":\"https:\/\/schema.org\",\"@graph\":[{\"@type\":\"WebPage\",\"@id\":\"https:\/\/oxygene.ski\/fr\/contactez-nous\/\",\"url\":\"https:\/\/oxygene.ski\/fr\/contactez-nous\/\",\"name\":\"Contactez-nous | Oxyg\u00e8ne \u00c9cole de Ski & Snowboard\",\"isPartOf\":{\"@id\":\"https:\/\/oxygene.ski\/#website\"},\"datePublished\":\"2024-04-29T10:01:44+00:00\",\"dateModified\":\"2026-04-07T14:25:10+00:00\",\"description\":\"Appelez-nous ! L'\u00e9quipe d'Oxyg\u00e8ne est disponible toute l\u2019ann\u00e9e et nous serons ravis de mettre notre expertise \u00e0 votre disposition !\",\"breadcrumb\":{\"@id\":\"https:\/\/oxygene.ski\/fr\/contactez-nous\/#breadcrumb\"},\"inLanguage\":\"fr\",\"potentialAction\":[{\"@type\":\"ReadAction\",\"target\":[\"https:\/\/oxygene.ski\/fr\/contactez-nous\/\"]}]},{\"@type\":\"BreadcrumbList\",\"@id\":\"https:\/\/oxygene.ski\/fr\/contactez-nous\/#breadcrumb\",\"itemListElement\":[{\"@type\":\"ListItem\",\"position\":1,\"name\":\"Home\",\"item\":\"https:\/\/oxygene.ski\/fr\/accueil\/\"},{\"@type\":\"ListItem\",\"position\":2,\"name\":\"Contact\"}]},{\"@type\":\"WebSite\",\"@id\":\"https:\/\/oxygene.ski\/#website\",\"url\":\"https:\/\/oxygene.ski\/\",\"name\":\"Oxyg\u00e8ne Ski &amp; Snowboard School\",\"description\":\"\",\"potentialAction\":[{\"@type\":\"SearchAction\",\"target\":{\"@type\":\"EntryPoint\",\"urlTemplate\":\"https:\/\/oxygene.ski\/?s={search_term_string}\"},\"query-input\":\"required name=search_term_string\"}],\"inLanguage\":\"fr\"}]}<\/script>\n<!-- \/ Yoast SEO plugin. -->","yoast_head_json":{"title":"Contactez-nous | Oxyg\u00e8ne \u00c9cole de Ski & Snowboard","description":"Appelez-nous ! L'\u00e9quipe d'Oxyg\u00e8ne est disponible toute l\u2019ann\u00e9e et nous serons ravis de mettre notre expertise \u00e0 votre disposition !","robots":{"index":"index","follow":"follow","max-snippet":"max-snippet:-1","max-image-preview":"max-image-preview:large","max-video-preview":"max-video-preview:-1"},"canonical":"https:\/\/oxygene.ski\/fr\/contactez-nous\/","og_locale":"fr_FR","og_type":"article","og_title":"Contactez-nous | Oxyg\u00e8ne \u00c9cole de Ski & Snowboard","og_description":"Appelez-nous ! L'\u00e9quipe d'Oxyg\u00e8ne est disponible toute l\u2019ann\u00e9e et nous serons ravis de mettre notre expertise \u00e0 votre disposition !","og_url":"https:\/\/oxygene.ski\/fr\/contactez-nous\/","og_site_name":"Oxyg\u00e8ne Ski &amp; Snowboard School","article_publisher":"https:\/\/www.facebook.com\/OxygeneSki","article_modified_time":"2026-04-07T14:25:10+00:00","twitter_card":"summary_large_image","twitter_site":"@Oxygene_Ski","twitter_misc":{"Est. reading time":"1 minute"},"schema":{"@context":"https:\/\/schema.org","@graph":[{"@type":"WebPage","@id":"https:\/\/oxygene.ski\/fr\/contactez-nous\/","url":"https:\/\/oxygene.ski\/fr\/contactez-nous\/","name":"Contactez-nous | Oxyg\u00e8ne \u00c9cole de Ski & Snowboard","isPartOf":{"@id":"https:\/\/oxygene.ski\/#website"},"datePublished":"2024-04-29T10:01:44+00:00","dateModified":"2026-04-07T14:25:10+00:00","description":"Appelez-nous ! L'\u00e9quipe d'Oxyg\u00e8ne est disponible toute l\u2019ann\u00e9e et nous serons ravis de mettre notre expertise \u00e0 votre disposition !","breadcrumb":{"@id":"https:\/\/oxygene.ski\/fr\/contactez-nous\/#breadcrumb"},"inLanguage":"fr","potentialAction":[{"@type":"ReadAction","target":["https:\/\/oxygene.ski\/fr\/contactez-nous\/"]}]},{"@type":"BreadcrumbList","@id":"https:\/\/oxygene.ski\/fr\/contactez-nous\/#breadcrumb","itemListElement":[{"@type":"ListItem","position":1,"name":"Home","item":"https:\/\/oxygene.ski\/fr\/accueil\/"},{"@type":"ListItem","position":2,"name":"Contact"}]},{"@type":"WebSite","@id":"https:\/\/oxygene.ski\/#website","url":"https:\/\/oxygene.ski\/","name":"Oxyg\u00e8ne Ski &amp; Snowboard School","description":"","potentialAction":[{"@type":"SearchAction","target":{"@type":"EntryPoint","urlTemplate":"https:\/\/oxygene.ski\/?s={search_term_string}"},"query-input":"required name=search_term_string"}],"inLanguage":"fr"}]}},"_links":{"self":[{"href":"https:\/\/oxygene.ski\/fr\/wp-json\/wp\/v2\/pages\/572699"}],"collection":[{"href":"https:\/\/oxygene.ski\/fr\/wp-json\/wp\/v2\/pages"}],"about":[{"href":"https:\/\/oxygene.ski\/fr\/wp-json\/wp\/v2\/types\/page"}],"author":[{"embeddable":true,"href":"https:\/\/oxygene.ski\/fr\/wp-json\/wp\/v2\/users\/7448"}],"replies":[{"embeddable":true,"href":"https:\/\/oxygene.ski\/fr\/wp-json\/wp\/v2\/comments?post=572699"}],"version-history":[{"count":11,"href":"https:\/\/oxygene.ski\/fr\/wp-json\/wp\/v2\/pages\/572699\/revisions"}],"predecessor-version":[{"id":582029,"href":"https:\/\/oxygene.ski\/fr\/wp-json\/wp\/v2\/pages\/572699\/revisions\/582029"}],"wp:attachment":[{"href":"https:\/\/oxygene.ski\/fr\/wp-json\/wp\/v2\/media?parent=572699"}],"curies":[{"name":"wp","href":"https:\/\/api.w.org\/{rel}","templated":true}]}}