{"id":4107,"date":"2024-03-21T12:49:30","date_gmt":"2024-03-21T11:49:30","guid":{"rendered":"https:\/\/oxygene.ski\/f-oxygene-page-daccueil\/"},"modified":"2026-02-10T09:28:08","modified_gmt":"2026-02-10T08:28:08","slug":"accueil","status":"publish","type":"page","link":"https:\/\/oxygene.ski\/fr\/","title":{"rendered":"Accueil"},"content":{"rendered":"<p>[vc_row css=&#8221;.vc_custom_1757089890353{background-position: center !important;background-repeat: no-repeat !important;background-size: cover !important;}&#8221;][vc_column el_class=&#8221;image-column-remove-padding image-headband&#8221;][vc_single_image image=&#8221;581172&#8243; img_size=&#8221;full&#8221; alignment=&#8221;center&#8221; el_class=&#8221;image-headband-frontpage-main&#8221;][\/vc_column][\/vc_row][vc_row css=&#8221;.vc_custom_1757089910295{margin-top: 32px !important;margin-right: 5% !important;margin-left: 5% !important;}&#8221;][vc_column width=&#8221;1\/2&#8243; css=&#8221;.vc_custom_1757090052099{margin-top: 40px !important;}&#8221;][vc_column_text]<\/p>\n<h1><span style=\"color: #00adef;\">OXYG\u00c8NE \u00c9COLE DE SKI &amp; SNOWBOARD : EXPERTS EN SPORTS D\u2019HIVER !<\/span><\/h1>\n<div id=\"gtx-trans\" style=\"position: absolute; left: -56px; top: 113.875px;\">\n<div class=\"gtx-trans-icon\"><\/div>\n<\/div>\n<p>[\/vc_column_text][vc_column_text css=&#8221;.vc_custom_1765443477284{margin-right: 10% !important;}&#8221;]Oxyg\u00e8ne est une \u00e9cole de ski et de snowboard ind\u00e9pendante, implant\u00e9e dans 16 stations des Alpes fran\u00e7aises, parmi les plus prestigieuses. Cr\u00e9\u00e9e il y a plus de 30 ans en Savoie par trois fr\u00e8res, Oxyg\u00e8ne est toujours rest\u00e9e fid\u00e8le \u00e0 son esprit originel : une approche ludique dans l\u2019enseignement, rendant le ski et le snowboard accessible \u00e0 tous et \u00e0 tout \u00e2ge. En pla\u00e7ant l\u2019\u00e9l\u00e8ve au c\u0153ur de ses pr\u00e9occupations, Oxyg\u00e8ne valorise l\u2019individu, son apprentissage et le plaisir de la glisse.<\/p>\n<p>Attentive \u00e0 fournir un accompagnement de qualit\u00e9, Oxyg\u00e8ne s\u2019est tr\u00e8s t\u00f4t structur\u00e9 pour proposer \u00e0 ses clients l\u2019acc\u00e8s \u00e0 diff\u00e9rents services in\u00e9dits et innovants. Ainsi, pour faciliter l\u2019acc\u00e8s \u00e0 la pratique et \u00e0 l\u2019enseignement, Oxyg\u00e8ne propose des magasins de location dans plusieurs stations. R\u00e9server ses cours de ski et son mat\u00e9riel au m\u00eame endroit : des vacances sereines assur\u00e9es.<br \/>\n[\/vc_column_text][vc_column_text]<\/p>\n<h3><span style=\"color: #00adef;\"><strong>LE SKI, C&#8217;EST NOTRE M\u00c9TIER.<\/strong><\/span><\/h3>\n<p>[\/vc_column_text][\/vc_column][vc_column width=&#8221;1\/2&#8243; css=&#8221;.vc_custom_1757170620297{background-position: center !important;background-repeat: no-repeat !important;background-size: cover !important;}&#8221; el_class=&#8221;image-column-remove-padding image-headband&#8221;][vc_single_image image=&#8221;581970&#8243; img_size=&#8221;full&#8221; el_class=&#8221;image-headband-frontpage-main&#8221;][\/vc_column][\/vc_row][vc_row css=&#8221;.vc_custom_1757090067608{margin-top: 50px !important;margin-bottom: 50px !important;padding-top: 2% !important;padding-bottom: 2% !important;background-color: #00adef !important;}&#8221;][vc_column][vc_column_text]<\/p>\n<h2 style=\"text-align: center;\"><span style=\"color: #ffffff;\">UNE NOUVELLE AVENTURE VOUS ATTEND !<\/span><\/h2>\n<p>[\/vc_column_text][\/vc_column][\/vc_row][vc_row css=&#8221;.vc_custom_1723109783951{margin-right: 4% !important;margin-left: 4% !important;}&#8221;][vc_column][vc_row_inner][vc_column_inner width=&#8221;1\/4&#8243;][vc_single_image image=&#8221;576916&#8243; img_size=&#8221;700&#215;400&#8243; css=&#8221;.vc_custom_1725354940146{background-position: center !important;background-repeat: no-repeat !important;background-size: cover !important;}&#8221;][vc_column_text]<\/p>\n<h4><span style=\"color: #00adef;\">Un service sur mesure<\/span><\/h4>\n<p>Un service personnalis\u00e9, adapt\u00e9 \u00e0 vos envies. Nous vous accompagnons efficacement du premier contact jusqu\u2019\u00e0 la fin de votre s\u00e9jour.[\/vc_column_text][\/vc_column_inner][vc_column_inner width=&#8221;1\/4&#8243;][vc_single_image image=&#8221;576909&#8243; img_size=&#8221;700&#215;400&#8243; css=&#8221;.vc_custom_1725354425046{background-position: center !important;background-repeat: no-repeat !important;background-size: cover !important;}&#8221;][vc_column_text]<\/p>\n<h4><span style=\"color: #00adef;\">\u00c0 votre \u00e9coute toute l\u2019ann\u00e9e<\/span><\/h4>\n<p>Notre \u00e9quipe est disponible \u00e0 tout moment pour vous conseiller dans l\u2019organisation de votre s\u00e9jour.[\/vc_column_text][\/vc_column_inner][vc_column_inner width=&#8221;1\/4&#8243;][vc_single_image image=&#8221;576911&#8243; img_size=&#8221;700&#215;400&#8243; css=&#8221;.vc_custom_1725354472741{background-position: center !important;background-repeat: no-repeat !important;background-size: cover !important;}&#8221;][vc_column_text]<\/p>\n<h4><span style=\"color: #00adef;\">Des moniteurs passionn\u00e9s<\/span><\/h4>\n<p>P\u00e9dagogues et attentionn\u00e9s, nos moniteurs sont recrut\u00e9s selon les crit\u00e8res les plus \u00e9lev\u00e9s afin de vous assurer un suivi adapt\u00e9 \u00e0 votre niveau.[\/vc_column_text][\/vc_column_inner][vc_column_inner width=&#8221;1\/4&#8243;][vc_single_image image=&#8221;580266&#8243; img_size=&#8221;700&#215;400&#8243; css=&#8221;.vc_custom_1755084045964{background-position: center !important;background-repeat: no-repeat !important;background-size: cover !important;}&#8221;][vc_column_text]<\/p>\n<h4><span style=\"color: #00adef;\">Un enseignement de qualit\u00e9<\/span><\/h4>\n<p>Depuis toujours, nous d\u00e9veloppons une expertise et un savoir-faire in\u00e9gal\u00e9s dans l\u2019enseignement des sports de glisse. Rejoignez-nous et prenez du plaisir \u00e0 apprendre \u00e0 skier.[\/vc_column_text][\/vc_column_inner][\/vc_row_inner][\/vc_column][\/vc_row][vc_row css=&#8221;.vc_custom_1757090081725{margin-top: 100px !important;margin-right: 5% !important;margin-left: 5% !important;}&#8221;][vc_column][vc_column_text]<\/p>\n<h3><span style=\"color: #00adef;\">CHOISISSEZ VOTRE STATION ET R\u00c9SERVEZ EN LIGNE<\/span><\/h3>\n<p>[\/vc_column_text][\/vc_column][\/vc_row][vc_row css=&#8221;.vc_custom_1757090090599{margin-top: 20px !important;margin-right: 5% !important;margin-left: 5% !important;}&#8221;][vc_column width=&#8221;1\/2&#8243;][vc_row_inner][vc_column_inner el_class=&#8221;border-radius: 30px;&#8221; width=&#8221;1\/4&#8243;][vc_single_image image=&#8221;574182&#8243; img_size=&#8221;100&#215;100&#8243; alignment=&#8221;center&#8221;][vc_btn title=&#8221;Belle Plagne&#8221; style=&#8221;outline&#8221; color=&#8221;sky&#8221; size=&#8221;sm&#8221; align=&#8221;center&#8221; link=&#8221;url:https%3A%2F%2Foxygene.ski%2Ffr%2Fecole-ski-belle-plagne%2F|target:_blank|&#8221;][\/vc_column_inner][vc_column_inner width=&#8221;1\/4&#8243;][vc_single_image image=&#8221;574184&#8243; img_size=&#8221;100&#215;100&#8243; alignment=&#8221;center&#8221;][vc_btn title=&#8221;Courchevel&#8221; style=&#8221;outline&#8221; color=&#8221;sky&#8221; size=&#8221;sm&#8221; align=&#8221;center&#8221; link=&#8221;url:https%3A%2F%2Foxygene.ski%2Ffr%2Fecole-ski-courchevel%2F|target:_blank|&#8221;][\/vc_column_inner][vc_column_inner width=&#8221;1\/4&#8243;][vc_single_image image=&#8221;574188&#8243; img_size=&#8221;100&#215;100&#8243; alignment=&#8221;center&#8221;][vc_btn title=&#8221;La Plagne&#8221; style=&#8221;outline&#8221; color=&#8221;sky&#8221; size=&#8221;sm&#8221; align=&#8221;center&#8221; link=&#8221;url:https%3A%2F%2Foxygene.ski%2Ffr%2Fecole-ski-la-plagne%2F|target:_blank|&#8221;][\/vc_column_inner][vc_column_inner width=&#8221;1\/4&#8243;][vc_single_image image=&#8221;574190&#8243; img_size=&#8221;100&#215;100&#8243; alignment=&#8221;center&#8221;][vc_btn title=&#8221;La Rosi\u00e8re&#8221; style=&#8221;outline&#8221; color=&#8221;sky&#8221; size=&#8221;sm&#8221; align=&#8221;center&#8221; link=&#8221;url:https%3A%2F%2Foxygene.ski%2Ffr%2Fecole-ski-la-rosiere%2F|target:_blank|&#8221;][\/vc_column_inner][\/vc_row_inner][\/vc_column][vc_column width=&#8221;1\/2&#8243;][vc_row_inner][vc_column_inner width=&#8221;1\/4&#8243;][vc_single_image image=&#8221;574192&#8243; img_size=&#8221;100&#215;100&#8243; alignment=&#8221;center&#8221;][vc_btn title=&#8221;La Tania&#8221; style=&#8221;outline&#8221; color=&#8221;sky&#8221; size=&#8221;sm&#8221; align=&#8221;center&#8221; link=&#8221;url:https%3A%2F%2Foxygene.ski%2Ffr%2Fecole-ski-la-tania%2F|target:_blank|&#8221;][\/vc_column_inner][vc_column_inner width=&#8221;1\/4&#8243;][vc_single_image image=&#8221;574194&#8243; img_size=&#8221;100&#215;100&#8243; alignment=&#8221;center&#8221;][vc_btn title=&#8221;Les Menuires&#8221; style=&#8221;outline&#8221; color=&#8221;sky&#8221; size=&#8221;sm&#8221; align=&#8221;center&#8221; link=&#8221;url:https%3A%2F%2Foxygene.ski%2Ffr%2Fecole-de-ski-les-menuires%2F|target:_blank|&#8221;][\/vc_column_inner][vc_column_inner width=&#8221;1\/4&#8243;][vc_single_image image=&#8221;574198&#8243; img_size=&#8221;100&#215;100&#8243; alignment=&#8221;center&#8221;][vc_btn title=&#8221;M\u00e9ribel&#8221; style=&#8221;outline&#8221; color=&#8221;sky&#8221; size=&#8221;sm&#8221; align=&#8221;center&#8221; link=&#8221;url:https%3A%2F%2Foxygene.ski%2Ffr%2Fecole-ski-meribel%2F|target:_blank|&#8221;][\/vc_column_inner][vc_column_inner width=&#8221;1\/4&#8243;][vc_single_image image=&#8221;574200&#8243; img_size=&#8221;100&#215;100&#8243; alignment=&#8221;center&#8221;][vc_btn title=&#8221;Saint Martin&#8221; style=&#8221;outline&#8221; color=&#8221;sky&#8221; size=&#8221;sm&#8221; align=&#8221;center&#8221; link=&#8221;url:https%3A%2F%2Foxygene.ski%2Ffr%2Fecole-ski-saint-martin-de-belleville%2F|target:_blank|&#8221;][\/vc_column_inner][\/vc_row_inner][\/vc_column][\/vc_row][vc_row css=&#8221;.vc_custom_1757090090599{margin-top: 20px !important;margin-right: 5% !important;margin-left: 5% !important;}&#8221;][vc_column width=&#8221;1\/5&#8243;][vc_single_image image=&#8221;574210&#8243; img_size=&#8221;100&#215;100&#8243; alignment=&#8221;center&#8221;][vc_btn title=&#8221;Serre Chevalier&#8221; style=&#8221;outline&#8221; color=&#8221;sky&#8221; size=&#8221;sm&#8221; align=&#8221;center&#8221; link=&#8221;url:https%3A%2F%2Foxygene.ski%2Ffr%2Fecole-ski-serre-chevalier%2F|target:_blank|&#8221;][\/vc_column][vc_column width=&#8221;1\/5&#8243;][vc_single_image image=&#8221;574202&#8243; img_size=&#8221;100&#215;100&#8243; alignment=&#8221;center&#8221;][vc_btn title=&#8221;Tignes&#8221; style=&#8221;outline&#8221; color=&#8221;sky&#8221; size=&#8221;sm&#8221; align=&#8221;center&#8221; link=&#8221;url:https%3A%2F%2Foxygene.ski%2Ffr%2Fecole-ski-tignes%2F|target:_blank|&#8221;][\/vc_column][vc_column width=&#8221;1\/5&#8243;][vc_single_image image=&#8221;574206&#8243; img_size=&#8221;100&#215;100&#8243; alignment=&#8221;center&#8221;][vc_btn title=&#8221;Vall\u00e9e d&#8217;Ubaye&#8221; style=&#8221;outline&#8221; color=&#8221;sky&#8221; size=&#8221;sm&#8221; align=&#8221;center&#8221; link=&#8221;url:https%3A%2F%2Foxygene.ski%2Ffr%2Fecole-ski-vallee-dubaye%2F|target:_blank|&#8221;][\/vc_column][vc_column width=&#8221;1\/5&#8243;][vc_single_image image=&#8221;574204&#8243; img_size=&#8221;100&#215;100&#8243; alignment=&#8221;center&#8221;][vc_btn title=&#8221;Val d&#8217;Is\u00e8re&#8221; style=&#8221;outline&#8221; color=&#8221;sky&#8221; size=&#8221;sm&#8221; align=&#8221;center&#8221; link=&#8221;url:https%3A%2F%2Foxygene.ski%2Ffr%2Fecole-de-ski-val-d-isere%2F|target:_blank|&#8221;][\/vc_column][vc_column width=&#8221;1\/5&#8243;][vc_single_image image=&#8221;574208&#8243; img_size=&#8221;100&#215;100&#8243; alignment=&#8221;center&#8221;][vc_btn title=&#8221;Val Thorens&#8221; style=&#8221;outline&#8221; color=&#8221;sky&#8221; size=&#8221;sm&#8221; align=&#8221;center&#8221; link=&#8221;url:https%3A%2F%2Foxygene.ski%2Ffr%2Fecole-ski-val-thorens%2F|target:_blank|&#8221;][\/vc_column][\/vc_row][vc_row css=&#8221;.vc_custom_1757090090599{margin-top: 20px !important;margin-right: 5% !important;margin-left: 5% !important;}&#8221;][vc_column][vc_empty_space height=&#8221;25px&#8221;][\/vc_column][\/vc_row][vc_row full_width=&#8221;stretch_row_content&#8221; css=&#8221;.vc_custom_1504801911540{margin-bottom: 100px !important;}&#8221;][vc_column css=&#8221;.vc_custom_1477064948982{padding-right: 5% !important;padding-left: 5% !important;background-color: #00adef !important;}&#8221;][vc_empty_space height=&#8221;25px&#8221;][vc_custom_heading text=&#8221;OXYG\u00c8NE EST FIER DE S&#8217;ASSOCIER \u00c0 OXYSKI, \u00c9COLES DE SKI ET DE SNOWBOARD EN HAUTE-SAVOIE.&#8221; font_container=&#8221;tag:h2|text_align:center|color:%23ffffff&#8221; use_theme_fonts=&#8221;yes&#8221; css_animation=&#8221;none&#8221; css=&#8221;.vc_custom_1770710730167{padding-right: 4% !important;padding-left: 4% !important;}&#8221; link=&#8221;url:https%3A%2F%2Foxyski.com%2Ffr%2F|target:_blank|&#8221;][vc_empty_space height=&#8221;25px&#8221;][\/vc_column][\/vc_row]<\/p>\n","protected":false},"excerpt":{"rendered":"<p>[vc_row css=&#8221;.vc_custom_1757089890353{background-position: center !important;background-repeat: no-repeat !important;background-size: cover !important;}&#8221;][vc_column el_class=&#8221;image-column-remove-padding image-headband&#8221;][vc_single_image image=&#8221;581172&#8243; img_size=&#8221;full&#8221; alignment=&#8221;center&#8221; el_class=&#8221;image-headband-frontpage-main&#8221;][\/vc_column][\/vc_row][vc_row css=&#8221;.vc_custom_1757089910295{margin-top: 32px !important;margin-right: 5% !important;margin-left: 5% !important;}&#8221;][vc_column width=&#8221;1\/2&#8243; css=&#8221;.vc_custom_1757090052099{margin-top: 40px !important;}&#8221;][vc_column_text] OXYG\u00c8NE \u00c9COLE DE SKI &amp; SNOWBOARD : EXPERTS EN SPORTS D\u2019HIVER ! [\/vc_column_text][vc_column_text css=&#8221;.vc_custom_1765443477284{margin-right: 10% !important;}&#8221;]Oxyg\u00e8ne est une \u00e9cole de ski et de snowboard ind\u00e9pendante, implant\u00e9e dans 16 stations des [&hellip;]<\/p>\n","protected":false},"author":1,"featured_media":0,"parent":0,"menu_order":73,"comment_status":"closed","ping_status":"closed","template":"page-full-width.php","meta":{"footnotes":""},"yoast_head":"<!-- This site is optimized with the Yoast SEO plugin v22.2 - https:\/\/yoast.com\/wordpress\/plugins\/seo\/ -->\n<title>Bienvenue \u00e0 l&#039;\u00e9cole de Ski &amp; Snowboard Oxyg\u00e8ne<\/title>\n<meta name=\"description\" content=\"Bienvenue \u00e0 l&#039;\u00e9cole de ski et snowboard Oxyg\u00e8ne ! Nous sommes pr\u00e9sents dans 16 stations des Alpes fran\u00e7aises.\" \/>\n<meta name=\"robots\" content=\"index, follow, max-snippet:-1, max-image-preview:large, max-video-preview:-1\" \/>\n<link rel=\"canonical\" href=\"https:\/\/oxygene.ski\/fr\/accueil\/\" \/>\n<meta property=\"og:locale\" content=\"fr_FR\" \/>\n<meta property=\"og:type\" content=\"article\" \/>\n<meta property=\"og:title\" content=\"Bienvenue \u00e0 l&#039;\u00e9cole de Ski &amp; Snowboard Oxyg\u00e8ne\" \/>\n<meta property=\"og:description\" content=\"Bienvenue \u00e0 l&#039;\u00e9cole de ski et snowboard Oxyg\u00e8ne ! Nous sommes pr\u00e9sents dans 16 stations des Alpes fran\u00e7aises.\" \/>\n<meta property=\"og:url\" content=\"https:\/\/oxygene.ski\/fr\/accueil\/\" \/>\n<meta property=\"og:site_name\" content=\"Oxyg\u00e8ne Ski &amp; Snowboard School\" \/>\n<meta property=\"article:publisher\" content=\"https:\/\/www.facebook.com\/OxygeneSki\" \/>\n<meta property=\"article:modified_time\" content=\"2026-02-10T08:28:08+00:00\" \/>\n<meta name=\"twitter:card\" content=\"summary_large_image\" \/>\n<meta name=\"twitter:site\" content=\"@Oxygene_Ski\" \/>\n<meta name=\"twitter:label1\" content=\"Est. reading time\" \/>\n\t<meta name=\"twitter:data1\" content=\"7 minutes\" \/>\n<script type=\"application\/ld+json\" class=\"yoast-schema-graph\">{\"@context\":\"https:\/\/schema.org\",\"@graph\":[{\"@type\":\"WebPage\",\"@id\":\"https:\/\/oxygene.ski\/fr\/accueil\/\",\"url\":\"https:\/\/oxygene.ski\/fr\/accueil\/\",\"name\":\"Bienvenue \u00e0 l'\u00e9cole de Ski & Snowboard Oxyg\u00e8ne\",\"isPartOf\":{\"@id\":\"https:\/\/oxygene.ski\/#website\"},\"datePublished\":\"2024-03-21T11:49:30+00:00\",\"dateModified\":\"2026-02-10T08:28:08+00:00\",\"description\":\"Bienvenue \u00e0 l'\u00e9cole de ski et snowboard Oxyg\u00e8ne ! Nous sommes pr\u00e9sents dans 16 stations des Alpes fran\u00e7aises.\",\"breadcrumb\":{\"@id\":\"https:\/\/oxygene.ski\/fr\/accueil\/#breadcrumb\"},\"inLanguage\":\"fr\",\"potentialAction\":[{\"@type\":\"ReadAction\",\"target\":[\"https:\/\/oxygene.ski\/fr\/accueil\/\"]}]},{\"@type\":\"BreadcrumbList\",\"@id\":\"https:\/\/oxygene.ski\/fr\/accueil\/#breadcrumb\",\"itemListElement\":[{\"@type\":\"ListItem\",\"position\":1,\"name\":\"Home\",\"item\":\"https:\/\/oxygene.ski\/fr\/accueil\/\"},{\"@type\":\"ListItem\",\"position\":2,\"name\":\"Accueil\"}]},{\"@type\":\"WebSite\",\"@id\":\"https:\/\/oxygene.ski\/#website\",\"url\":\"https:\/\/oxygene.ski\/\",\"name\":\"Oxyg\u00e8ne Ski &amp; Snowboard School\",\"description\":\"\",\"potentialAction\":[{\"@type\":\"SearchAction\",\"target\":{\"@type\":\"EntryPoint\",\"urlTemplate\":\"https:\/\/oxygene.ski\/?s={search_term_string}\"},\"query-input\":\"required name=search_term_string\"}],\"inLanguage\":\"fr\"}]}<\/script>\n<!-- \/ Yoast SEO plugin. -->","yoast_head_json":{"title":"Bienvenue \u00e0 l'\u00e9cole de Ski & Snowboard Oxyg\u00e8ne","description":"Bienvenue \u00e0 l'\u00e9cole de ski et snowboard Oxyg\u00e8ne ! Nous sommes pr\u00e9sents dans 16 stations des Alpes fran\u00e7aises.","robots":{"index":"index","follow":"follow","max-snippet":"max-snippet:-1","max-image-preview":"max-image-preview:large","max-video-preview":"max-video-preview:-1"},"canonical":"https:\/\/oxygene.ski\/fr\/accueil\/","og_locale":"fr_FR","og_type":"article","og_title":"Bienvenue \u00e0 l'\u00e9cole de Ski & Snowboard Oxyg\u00e8ne","og_description":"Bienvenue \u00e0 l'\u00e9cole de ski et snowboard Oxyg\u00e8ne ! Nous sommes pr\u00e9sents dans 16 stations des Alpes fran\u00e7aises.","og_url":"https:\/\/oxygene.ski\/fr\/accueil\/","og_site_name":"Oxyg\u00e8ne Ski &amp; Snowboard School","article_publisher":"https:\/\/www.facebook.com\/OxygeneSki","article_modified_time":"2026-02-10T08:28:08+00:00","twitter_card":"summary_large_image","twitter_site":"@Oxygene_Ski","twitter_misc":{"Est. reading time":"7 minutes"},"schema":{"@context":"https:\/\/schema.org","@graph":[{"@type":"WebPage","@id":"https:\/\/oxygene.ski\/fr\/accueil\/","url":"https:\/\/oxygene.ski\/fr\/accueil\/","name":"Bienvenue \u00e0 l'\u00e9cole de Ski & Snowboard Oxyg\u00e8ne","isPartOf":{"@id":"https:\/\/oxygene.ski\/#website"},"datePublished":"2024-03-21T11:49:30+00:00","dateModified":"2026-02-10T08:28:08+00:00","description":"Bienvenue \u00e0 l'\u00e9cole de ski et snowboard Oxyg\u00e8ne ! Nous sommes pr\u00e9sents dans 16 stations des Alpes fran\u00e7aises.","breadcrumb":{"@id":"https:\/\/oxygene.ski\/fr\/accueil\/#breadcrumb"},"inLanguage":"fr","potentialAction":[{"@type":"ReadAction","target":["https:\/\/oxygene.ski\/fr\/accueil\/"]}]},{"@type":"BreadcrumbList","@id":"https:\/\/oxygene.ski\/fr\/accueil\/#breadcrumb","itemListElement":[{"@type":"ListItem","position":1,"name":"Home","item":"https:\/\/oxygene.ski\/fr\/accueil\/"},{"@type":"ListItem","position":2,"name":"Accueil"}]},{"@type":"WebSite","@id":"https:\/\/oxygene.ski\/#website","url":"https:\/\/oxygene.ski\/","name":"Oxyg\u00e8ne Ski &amp; Snowboard School","description":"","potentialAction":[{"@type":"SearchAction","target":{"@type":"EntryPoint","urlTemplate":"https:\/\/oxygene.ski\/?s={search_term_string}"},"query-input":"required name=search_term_string"}],"inLanguage":"fr"}]}},"_links":{"self":[{"href":"https:\/\/oxygene.ski\/fr\/wp-json\/wp\/v2\/pages\/4107"}],"collection":[{"href":"https:\/\/oxygene.ski\/fr\/wp-json\/wp\/v2\/pages"}],"about":[{"href":"https:\/\/oxygene.ski\/fr\/wp-json\/wp\/v2\/types\/page"}],"author":[{"embeddable":true,"href":"https:\/\/oxygene.ski\/fr\/wp-json\/wp\/v2\/users\/1"}],"replies":[{"embeddable":true,"href":"https:\/\/oxygene.ski\/fr\/wp-json\/wp\/v2\/comments?post=4107"}],"version-history":[{"count":68,"href":"https:\/\/oxygene.ski\/fr\/wp-json\/wp\/v2\/pages\/4107\/revisions"}],"predecessor-version":[{"id":582962,"href":"https:\/\/oxygene.ski\/fr\/wp-json\/wp\/v2\/pages\/4107\/revisions\/582962"}],"wp:attachment":[{"href":"https:\/\/oxygene.ski\/fr\/wp-json\/wp\/v2\/media?parent=4107"}],"curies":[{"name":"wp","href":"https:\/\/api.w.org\/{rel}","templated":true}]}}